{"id":5634,"date":"2022-09-13T17:01:25","date_gmt":"2022-09-13T17:01:25","guid":{"rendered":"http:\/\/forbabyboss.com\/?post_type=product&#038;p=5634"},"modified":"2026-02-18T20:12:37","modified_gmt":"2026-02-18T20:12:37","slug":"carrinho-de-bebe-retro-classico-conjunto-3-em-1-sistema-de-viagem-em-couro-ecologico-estrutura-preta-e-prateada","status":"publish","type":"product","link":"https:\/\/forbabyboss.com\/pt\/product\/baby-pram-retro-classic-buggy-set-3in1travel-system-eco-leather-black-silver-frame\/","title":{"rendered":"Carrinho de Beb\u00ea Cl\u00e1ssico Retr\u00f4 3 em 1 com Sistema de Viagem em Couro Ecol\u00f3gico \u2013 Preto (estrutura prateada)"},"content":{"rendered":"<div style=\"width: 1020px;\" class=\"wp-video\"><video class=\"wp-video-shortcode\" id=\"video-5634-1\" width=\"1020\" height=\"574\" preload=\"metadata\" controls=\"controls\"><source type=\"video\/mp4\" src=\"http:\/\/forbabyboss.com\/wp-content\/uploads\/2022\/09\/romantic-vid.mp4?_=1\" \/><a href=\"http:\/\/forbabyboss.com\/wp-content\/uploads\/2022\/09\/romantic-vid.mp4\">http:\/\/forbabyboss.com\/wp-content\/uploads\/2022\/09\/romantic-vid.mp4<\/a><\/video><\/div>\n<h1><span style=\"font-size: 200%; color: #808080;\">Exclusivo Rom\u00e2ntico<\/span><\/h1>\n<p style=\"text-align: justify;\"><span style=\"color: #808080;\">Os carrinhos de beb\u00ea da nossa empresa s\u00e3o fabricados com materiais e tecidos da mais alta qualidade, possuindo as aprova\u00e7\u00f5es e certificados necess\u00e1rios que garantem a conformidade com as normas europeias de sa\u00fade e seguran\u00e7a.<\/span><br \/>\n<span style=\"color: #808080;\">O carrinho ROMANTIC une conforto e modernidade na perfei\u00e7\u00e3o. Desde o primeiro momento de vida da crian\u00e7a, at\u00e9 que ela comece a sentar-se sozinha, utiliza-se o confort\u00e1vel e leve mois\u00e9s com cobertura para as pernas. O carrinho de passeio serve mais tarde, quando a crian\u00e7a j\u00e1 consegue sentar-se sozinha. O apoio para os p\u00e9s ajust\u00e1vel \u00e9 muito \u00fatil, permitindo adaptar a posi\u00e7\u00e3o \u00e0 idade e \u00e0s necessidades da crian\u00e7a. A grade de seguran\u00e7a, os cintos de seguran\u00e7a de cinco pontos e o protetor entre as pernas tamb\u00e9m contribuem para o conforto e a seguran\u00e7a.<\/span><\/p>\n<p style=\"text-align: justify;\"><span style=\"color: #808080;\">Os carrinhos de beb\u00ea que oferecemos s\u00e3o fabricados em conformidade com as normas europeias PN-EN 1888:2018 e possuem certificados de institui\u00e7\u00f5es renomadas que garantem a mais alta qualidade e seguran\u00e7a do produto.<\/span><\/p>\n<p style=\"text-align: justify;\"><span style=\"color: #808080;\">Carrinhos de beb\u00ea rom\u00e2nticos v\u00eam com certificados de seguran\u00e7a e qualidade.<\/span><\/p>\n<h4 style=\"text-align: justify;\"><span style=\"color: #808080;\"><strong>Estrutura do carrinho de beb\u00ea:<\/strong><\/span><\/h4>\n<p><span style=\"color: #808080;\">\u2022 Acabamento em couro ecol\u00f3gico de alta qualidade \u2022 Posicionamento do mois\u00e9s, carrinho de beb\u00ea e cadeirinha de carro virados para a frente e para tr\u00e1s<\/span><\/p>\n<p><span style=\"color: #808080;\">\u2022 Cada roda possui um rolamento, o que melhora o conforto.<\/span><\/p>\n<p><span style=\"color: #808080;\">\u2022 Cesto grande pendurado embaixo do carrinho de beb\u00ea<\/span><\/p>\n<p><span style=\"color: #808080;\">\u2022 altura do cabo ajust\u00e1vel<\/span><\/p>\n<p><span style=\"color: #808080;\">\u2022 Estrutura dobr\u00e1vel f\u00e1cil e tamanho compacto quando dobrada<\/span><\/p>\n<p><span style=\"color: #808080;\">\u2022 Dimens\u00f5es da estrutura dobrada com rodas:<\/span><\/p>\n<p><span style=\"color: #808080;\">\u2022 comprimento 85 cm<\/span><\/p>\n<p><span style=\"color: #808080;\">\u2022 largura 60 cm<\/span><\/p>\n<p><span style=\"color: #808080;\">\u2022 Altura 41 cm<\/span><\/p>\n<p><span style=\"color: #808080;\">\u2022 Peso da estrutura: 11 kg<\/span><\/p>\n<p><span style=\"color: #808080;\">\u2022 Peso do carrinho de beb\u00ea com mois\u00e9s ou carrinho de passeio: 15 kg<\/span><\/p>\n<p><span style=\"color: #808080;\">\u2022 Carrinho de beb\u00ea com mois\u00e9s:<\/span><\/p>\n<p><span style=\"color: #808080;\">\u2022 Largura 60 cm<\/span><\/p>\n<p><span style=\"color: #808080;\">\u2022 Altura at\u00e9 o cap\u00f4: 128 cm<\/span><\/p>\n<p><span style=\"color: #808080;\">\u2022 Altura da al\u00e7a: 103 cm<\/span><\/p>\n<h4><span style=\"color: #808080;\"><strong>Carrinho de beb\u00ea:<\/strong><\/span><\/h4>\n<p><span style=\"color: #808080;\">\u2022 Alcofa com fun\u00e7\u00e3o de ber\u00e7o e trava de seguran\u00e7a<\/span><\/p>\n<p><span style=\"color: #808080;\">\u2022 Altura do encosto do ber\u00e7o ajust\u00e1vel<\/span><\/p>\n<p><span style=\"color: #808080;\">\u2022 Cobertura ajustada para prote\u00e7\u00e3o contra condi\u00e7\u00f5es clim\u00e1ticas adversas<\/span><\/p>\n<p><span style=\"color: #808080;\">\u2022 A al\u00e7a no capuz permite transportar o ber\u00e7o junto com o beb\u00ea.<\/span><\/p>\n<p><span style=\"color: #808080;\">\u2022 capa de chuva<\/span><\/p>\n<p><span style=\"color: #808080;\">\u2022 colch\u00e3o e forro delicado do ber\u00e7o<\/span><\/p>\n<p><span style=\"color: #808080;\">\u2022 Dimens\u00f5es internas: 86 cm (comprimento) x 44 cm (largura) x 21 cm (altura)<\/span><\/p>\n<p><span style=\"color: #808080;\">\u2022 Peso: 4 kg<\/span><\/p>\n<h4><span style=\"color: #808080;\"><strong>Banco esportivo:<\/strong><\/span><\/h4>\n<p><span style=\"color: #808080;\">\u2022 cobertura para as pernas<\/span><\/p>\n<p><span style=\"color: #808080;\">\u2022 Capuz ajust\u00e1vel e remov\u00edvel<\/span><\/p>\n<p><span style=\"color: #808080;\">\u2022 barra de seguran\u00e7a remov\u00edvel<\/span><\/p>\n<p><span style=\"color: #808080;\">\u2022 Ajuste do encosto em 4 posi\u00e7\u00f5es<\/span><\/p>\n<p><span style=\"color: #808080;\">\u2022 apoio para os p\u00e9s ajust\u00e1vel<\/span><\/p>\n<p><span style=\"color: #808080;\">\u2022 posi\u00e7\u00e3o deitada de costas para a crian\u00e7a<\/span><\/p>\n<p><span style=\"color: #808080;\">\u2022 arn\u00eas ajust\u00e1vel de cinco pontos<\/span><\/p>\n<p><span style=\"color: #808080;\">\u2022 bolso na parte de tr\u00e1s do capuz<\/span><\/p>\n<p><span style=\"color: #808080;\">\u2022 dimens\u00f5es internas:<\/span><\/p>\n<p><span style=\"color: #808080;\">\u2022 comprimento 90 cm (encosto 47, assento 23, apoio para os p\u00e9s 21)<\/span><\/p>\n<p><span style=\"color: #808080;\">\u2022 largura 42 cm<\/span><\/p>\n<p><span style=\"color: #808080;\">\u2022 Peso 3,7 kg kg<\/span><\/p>\n<p><span style=\"color: #808080;\"><strong>Cadeirinha de carro com adaptador:<\/strong><\/span><\/p>\n<p><span style=\"color: #808080;\">\u2022 Cinto de seguran\u00e7a ajust\u00e1vel de tr\u00eas pontos com protetores<\/span><\/p>\n<p><span style=\"color: #808080;\">\u2022 Capuz e cobertura remov\u00edveis<\/span><\/p>\n<p><span style=\"color: #808080;\">\u2022 Inserir para beb\u00eas<\/span><\/p>\n<p><span style=\"color: #808080;\">\u2022 al\u00e7a ajust\u00e1vel<\/span><\/p>\n<p><span style=\"color: #808080;\">\u2022 Fun\u00e7\u00e3o de ber\u00e7o com trava<\/span><\/p>\n<p><span style=\"color: #808080;\">\u2022 A cadeirinha \u00e9 adequada para transportar crian\u00e7as de carro.<\/span><\/p>\n<p><span style=\"color: #808080;\">\u2022 homologa\u00e7\u00e3o ECE R44\/04<\/span><\/p>\n<p><span style=\"color: #808080;\"><strong>O CONJUNTO INCLUI:<\/strong><\/span><\/p>\n<p><span style=\"color: #808080;\">1. ESTRUTURA COM RODAS INFL\u00c1VEIS<\/span><\/p>\n<p><span style=\"color: #808080;\">2. CARRINHO DE BEB\u00ca (COM CAPOTA E TAMPA)<\/span><\/p>\n<p><span style=\"color: #808080;\">3. CARRINHO DE BEB\u00ca (COM CAPOTA E COBERTURA), CARRINHO DE BEB\u00ca COM CAPOTA E COBERTURA, POSSUI ENCOSTO E APOIO PARA OS P\u00c9S AJUST\u00c1VEIS<\/span><\/p>\n<p><span style=\"color: #808080;\">4. CADEIRA DE CARRO (OPCIONAL) COM CAPOTA E CAPA<\/span><\/p>\n<p><span style=\"color: #808080;\">5. CINTOS DE SEGURAN\u00c7A DE CINCO PONTOS.<\/span><\/p>\n<p><span style=\"color: #808080;\">5. BOLSA GRANDE<\/span><\/p>\n<p><span style=\"color: #808080;\">6. CESTA DE COMPRAS<\/span><\/p>\n<p><span style=\"color: #808080;\">7. CAPA DE CHUVA<\/span><\/p>\n<p><span style=\"color: #808080;\">8. PEL\u00cdCULA IMPERME\u00c1VEL<\/span><\/p>\n<p><span style=\"color: #808080;\">9. MOSQUITEIRO<\/span><\/p>\n<p><span style=\"color: #808080;\">10. Cadeirinha de beb\u00ea para carro com capota e protetor de pernas.<\/span><\/p>\n<p><span style=\"color: #808080;\">A cadeira \u00e9 adequada para crian\u00e7as de at\u00e9 13 kg e possui<\/span><\/p>\n<p><span style=\"color: #808080;\">AL\u00c7A AJUST\u00c1VEL, INSER\u00c7\u00c3O PARA BEB\u00ca E FUN\u00c7\u00c3O DE BER\u00c7O<\/span><\/p>\n<p><a href=\"http:\/\/forbabyboss.com\/wp-content\/uploads\/2022\/09\/checkout.png\"><img loading=\"lazy\" decoding=\"async\" class=\"alignnone size-full wp-image-5965\" src=\"http:\/\/forbabyboss.com\/wp-content\/uploads\/2022\/09\/checkout.png\" alt=\"\" width=\"750\" height=\"276\" srcset=\"https:\/\/forbabyboss.com\/wp-content\/uploads\/2022\/09\/checkout.png 750w, https:\/\/forbabyboss.com\/wp-content\/uploads\/2022\/09\/checkout-600x221.png 600w\" sizes=\"auto, (max-width: 750px) 100vw, 750px\" \/><\/a><\/p>","protected":false},"excerpt":{"rendered":"<p><a href=\"http:\/\/forbabyboss.com\/wp-content\/uploads\/2022\/09\/Star-Rating-5.png\"><img loading=\"lazy\" decoding=\"async\" class=\"alignnone size-full wp-image-5973 aligncenter\" src=\"http:\/\/forbabyboss.com\/wp-content\/uploads\/2022\/09\/Star-Rating-5.png\" alt=\"\" width=\"275\" height=\"45\" \/><\/a><\/p>\n<p style=\"text-align: center;\"><span style=\"color: #ed1c24; font-size: 120%;\"><b>GARANTIA DE MELHORA DE PRE\u00c7O<\/b><\/span><\/p>\n<p style=\"text-align: center;\"><span style=\"font-size: 115%;\"><span style=\"font-weight: 400; color: #4f4fa7;\">Entrega gr\u00e1tis<\/span><span style=\"font-weight: 400;\"> \u2013 2 a 7 dias<\/span><\/span><\/p>\n<p style=\"text-align: center;\"><strong><span style=\"color: #29606b;\">Brinde gr\u00e1tis em compras acima de \u00a3100<\/span><\/strong><\/p>","protected":false},"featured_media":5635,"template":"","meta":[],"product_brand":[577],"product_cat":[338,339,156,207,305,130,209,221,211],"product_tag":[],"class_list":{"0":"post-5634","1":"product","2":"type-product","3":"status-publish","4":"has-post-thumbnail","6":"product_brand-kunert","7":"product_cat-600-to-700","8":"product_cat-700-to-800","9":"product_cat-3-in-1","10":"product_cat-black","11":"product_cat-colour","12":"product_cat-prams","13":"product_cat-push-chairs","14":"product_cat-silver-colour","15":"product_cat-stroller","17":"first","18":"instock","19":"sale","20":"shipping-taxable","21":"purchasable","22":"product-type-simple"},"yoast_head":"<!-- This site is optimized with the Yoast SEO plugin v27.5 - https:\/\/yoast.com\/product\/yoast-seo-wordpress\/ -->\n<title>Baby Pram Retro Classic Buggy Set 3in1Travel System Eco Leather - Black ( silver frame) - For Baby Boss<\/title>\n<meta name=\"description\" content=\"Baby Pram Retro Classic Buggy Set 3in1Travel System Eco Leather NEW 2022 - Black ( silver frame)\" \/>\n<meta name=\"robots\" content=\"index, follow, max-snippet:-1, max-image-preview:large, max-video-preview:-1\" \/>\n<link rel=\"canonical\" href=\"https:\/\/forbabyboss.com\/pt\/produto\/carrinho-de-bebe-retro-classico-conjunto-3-em-1-sistema-de-viagem-em-couro-ecologico-estrutura-preta-e-prateada\/\" \/>\n<meta property=\"og:locale\" content=\"pt_PT\" \/>\n<meta property=\"og:type\" content=\"article\" \/>\n<meta property=\"og:title\" content=\"Baby Pram Retro Classic Buggy Set 3in1Travel System Eco Leather - Black ( silver frame) - For Baby Boss\" \/>\n<meta property=\"og:description\" content=\"Baby Pram Retro Classic Buggy Set 3in1Travel System Eco Leather NEW 2022 - Black ( silver frame)\" \/>\n<meta property=\"og:url\" content=\"https:\/\/forbabyboss.com\/pt\/produto\/carrinho-de-bebe-retro-classico-conjunto-3-em-1-sistema-de-viagem-em-couro-ecologico-estrutura-preta-e-prateada\/\" \/>\n<meta property=\"og:site_name\" content=\"For Baby Boss\" \/>\n<meta property=\"article:modified_time\" content=\"2026-02-18T20:12:37+00:00\" \/>\n<meta property=\"og:image\" content=\"https:\/\/forbabyboss.com\/wp-content\/uploads\/2022\/09\/Baby-Pram-Retro-Classic-Buggy-Set-3in1Travel-System-Eco-Leather-NEW-2022-Black-silver-frame-main.png\" \/>\n\t<meta property=\"og:image:width\" content=\"1600\" \/>\n\t<meta property=\"og:image:height\" content=\"1600\" \/>\n\t<meta property=\"og:image:type\" content=\"image\/png\" \/>\n<meta name=\"twitter:card\" content=\"summary_large_image\" \/>\n<meta name=\"twitter:label1\" content=\"Tempo estimado de leitura\" \/>\n\t<meta name=\"twitter:data1\" content=\"3 minutos\" \/>\n<script type=\"application\/ld+json\" class=\"yoast-schema-graph\">{\"@context\":\"https:\\\/\\\/schema.org\",\"@graph\":[{\"@type\":\"WebPage\",\"@id\":\"https:\\\/\\\/forbabyboss.com\\\/product\\\/baby-pram-retro-classic-buggy-set-3in1travel-system-eco-leather-black-silver-frame\\\/\",\"url\":\"https:\\\/\\\/forbabyboss.com\\\/product\\\/baby-pram-retro-classic-buggy-set-3in1travel-system-eco-leather-black-silver-frame\\\/\",\"name\":\"Baby Pram Retro Classic Buggy Set 3in1Travel System Eco Leather - Black ( silver frame) - For Baby Boss\",\"isPartOf\":{\"@id\":\"https:\\\/\\\/powderblue-seahorse-496884.hostingersite.com\\\/#website\"},\"primaryImageOfPage\":{\"@id\":\"https:\\\/\\\/forbabyboss.com\\\/product\\\/baby-pram-retro-classic-buggy-set-3in1travel-system-eco-leather-black-silver-frame\\\/#primaryimage\"},\"image\":{\"@id\":\"https:\\\/\\\/forbabyboss.com\\\/product\\\/baby-pram-retro-classic-buggy-set-3in1travel-system-eco-leather-black-silver-frame\\\/#primaryimage\"},\"thumbnailUrl\":\"https:\\\/\\\/forbabyboss.com\\\/wp-content\\\/uploads\\\/2022\\\/09\\\/Baby-Pram-Retro-Classic-Buggy-Set-3in1Travel-System-Eco-Leather-NEW-2022-Black-silver-frame-main.png\",\"datePublished\":\"2022-09-13T17:01:25+00:00\",\"dateModified\":\"2026-02-18T20:12:37+00:00\",\"description\":\"Baby Pram Retro Classic Buggy Set 3in1Travel System Eco Leather NEW 2022 - Black ( silver frame)\",\"breadcrumb\":{\"@id\":\"https:\\\/\\\/forbabyboss.com\\\/product\\\/baby-pram-retro-classic-buggy-set-3in1travel-system-eco-leather-black-silver-frame\\\/#breadcrumb\"},\"inLanguage\":\"pt-PT\",\"potentialAction\":[{\"@type\":\"ReadAction\",\"target\":[\"https:\\\/\\\/forbabyboss.com\\\/product\\\/baby-pram-retro-classic-buggy-set-3in1travel-system-eco-leather-black-silver-frame\\\/\"]}]},{\"@type\":\"ImageObject\",\"inLanguage\":\"pt-PT\",\"@id\":\"https:\\\/\\\/forbabyboss.com\\\/product\\\/baby-pram-retro-classic-buggy-set-3in1travel-system-eco-leather-black-silver-frame\\\/#primaryimage\",\"url\":\"https:\\\/\\\/forbabyboss.com\\\/wp-content\\\/uploads\\\/2022\\\/09\\\/Baby-Pram-Retro-Classic-Buggy-Set-3in1Travel-System-Eco-Leather-NEW-2022-Black-silver-frame-main.png\",\"contentUrl\":\"https:\\\/\\\/forbabyboss.com\\\/wp-content\\\/uploads\\\/2022\\\/09\\\/Baby-Pram-Retro-Classic-Buggy-Set-3in1Travel-System-Eco-Leather-NEW-2022-Black-silver-frame-main.png\",\"width\":1600,\"height\":1600},{\"@type\":\"BreadcrumbList\",\"@id\":\"https:\\\/\\\/forbabyboss.com\\\/product\\\/baby-pram-retro-classic-buggy-set-3in1travel-system-eco-leather-black-silver-frame\\\/#breadcrumb\",\"itemListElement\":[{\"@type\":\"ListItem\",\"position\":1,\"name\":\"Home\",\"item\":\"https:\\\/\\\/forbabyboss.com\\\/\"},{\"@type\":\"ListItem\",\"position\":2,\"name\":\"Shop\",\"item\":\"https:\\\/\\\/forbabyboss.com\\\/shop\\\/\"},{\"@type\":\"ListItem\",\"position\":3,\"name\":\"Baby Pram Retro Classic Buggy Set 3in1Travel System Eco Leather &#8211; Black ( silver frame)\"}]},{\"@type\":\"WebSite\",\"@id\":\"https:\\\/\\\/powderblue-seahorse-496884.hostingersite.com\\\/#website\",\"url\":\"https:\\\/\\\/powderblue-seahorse-496884.hostingersite.com\\\/\",\"name\":\"For Baby Boss\",\"description\":\"Beautiful gifts and accessories for your baby boss\",\"potentialAction\":[{\"@type\":\"SearchAction\",\"target\":{\"@type\":\"EntryPoint\",\"urlTemplate\":\"https:\\\/\\\/powderblue-seahorse-496884.hostingersite.com\\\/?s={search_term_string}\"},\"query-input\":{\"@type\":\"PropertyValueSpecification\",\"valueRequired\":true,\"valueName\":\"search_term_string\"}}],\"inLanguage\":\"pt-PT\"}]}<\/script>\n<!-- \/ Yoast SEO plugin. -->","yoast_head_json":{"title":"Carrinho de Beb\u00ea Cl\u00e1ssico Retr\u00f4 3 em 1 com Sistema de Viagem em Couro Ecol\u00f3gico - Preto (estrutura prateada) - Para Beb\u00ea Boss","description":"Carrinho de Beb\u00ea Cl\u00e1ssico Retr\u00f4 3 em 1, Sistema de Viagem, Couro Ecol\u00f3gico, NOVO 2022 - Preto (estrutura prateada)","robots":{"index":"index","follow":"follow","max-snippet":"max-snippet:-1","max-image-preview":"max-image-preview:large","max-video-preview":"max-video-preview:-1"},"canonical":"https:\/\/forbabyboss.com\/pt\/produto\/carrinho-de-bebe-retro-classico-conjunto-3-em-1-sistema-de-viagem-em-couro-ecologico-estrutura-preta-e-prateada\/","og_locale":"pt_PT","og_type":"article","og_title":"Baby Pram Retro Classic Buggy Set 3in1Travel System Eco Leather - Black ( silver frame) - For Baby Boss","og_description":"Baby Pram Retro Classic Buggy Set 3in1Travel System Eco Leather NEW 2022 - Black ( silver frame)","og_url":"https:\/\/forbabyboss.com\/pt\/produto\/carrinho-de-bebe-retro-classico-conjunto-3-em-1-sistema-de-viagem-em-couro-ecologico-estrutura-preta-e-prateada\/","og_site_name":"For Baby Boss","article_modified_time":"2026-02-18T20:12:37+00:00","og_image":[{"width":1600,"height":1600,"url":"https:\/\/forbabyboss.com\/wp-content\/uploads\/2022\/09\/Baby-Pram-Retro-Classic-Buggy-Set-3in1Travel-System-Eco-Leather-NEW-2022-Black-silver-frame-main.png","type":"image\/png"}],"twitter_card":"summary_large_image","twitter_misc":{"Tempo estimado de leitura":"3 minutos"},"schema":{"@context":"https:\/\/schema.org","@graph":[{"@type":"WebPage","@id":"https:\/\/forbabyboss.com\/product\/baby-pram-retro-classic-buggy-set-3in1travel-system-eco-leather-black-silver-frame\/","url":"https:\/\/forbabyboss.com\/product\/baby-pram-retro-classic-buggy-set-3in1travel-system-eco-leather-black-silver-frame\/","name":"Carrinho de Beb\u00ea Cl\u00e1ssico Retr\u00f4 3 em 1 com Sistema de Viagem em Couro Ecol\u00f3gico - Preto (estrutura prateada) - Para Beb\u00ea Boss","isPartOf":{"@id":"https:\/\/powderblue-seahorse-496884.hostingersite.com\/#website"},"primaryImageOfPage":{"@id":"https:\/\/forbabyboss.com\/product\/baby-pram-retro-classic-buggy-set-3in1travel-system-eco-leather-black-silver-frame\/#primaryimage"},"image":{"@id":"https:\/\/forbabyboss.com\/product\/baby-pram-retro-classic-buggy-set-3in1travel-system-eco-leather-black-silver-frame\/#primaryimage"},"thumbnailUrl":"https:\/\/forbabyboss.com\/wp-content\/uploads\/2022\/09\/Baby-Pram-Retro-Classic-Buggy-Set-3in1Travel-System-Eco-Leather-NEW-2022-Black-silver-frame-main.png","datePublished":"2022-09-13T17:01:25+00:00","dateModified":"2026-02-18T20:12:37+00:00","description":"Carrinho de Beb\u00ea Cl\u00e1ssico Retr\u00f4 3 em 1, Sistema de Viagem, Couro Ecol\u00f3gico, NOVO 2022 - Preto (estrutura prateada)","breadcrumb":{"@id":"https:\/\/forbabyboss.com\/product\/baby-pram-retro-classic-buggy-set-3in1travel-system-eco-leather-black-silver-frame\/#breadcrumb"},"inLanguage":"pt-PT","potentialAction":[{"@type":"ReadAction","target":["https:\/\/forbabyboss.com\/product\/baby-pram-retro-classic-buggy-set-3in1travel-system-eco-leather-black-silver-frame\/"]}]},{"@type":"ImageObject","inLanguage":"pt-PT","@id":"https:\/\/forbabyboss.com\/product\/baby-pram-retro-classic-buggy-set-3in1travel-system-eco-leather-black-silver-frame\/#primaryimage","url":"https:\/\/forbabyboss.com\/wp-content\/uploads\/2022\/09\/Baby-Pram-Retro-Classic-Buggy-Set-3in1Travel-System-Eco-Leather-NEW-2022-Black-silver-frame-main.png","contentUrl":"https:\/\/forbabyboss.com\/wp-content\/uploads\/2022\/09\/Baby-Pram-Retro-Classic-Buggy-Set-3in1Travel-System-Eco-Leather-NEW-2022-Black-silver-frame-main.png","width":1600,"height":1600},{"@type":"BreadcrumbList","@id":"https:\/\/forbabyboss.com\/product\/baby-pram-retro-classic-buggy-set-3in1travel-system-eco-leather-black-silver-frame\/#breadcrumb","itemListElement":[{"@type":"ListItem","position":1,"name":"Home","item":"https:\/\/forbabyboss.com\/"},{"@type":"ListItem","position":2,"name":"Shop","item":"https:\/\/forbabyboss.com\/shop\/"},{"@type":"ListItem","position":3,"name":"Baby Pram Retro Classic Buggy Set 3in1Travel System Eco Leather &#8211; Black ( silver frame)"}]},{"@type":"WebSite","@id":"https:\/\/powderblue-seahorse-496884.hostingersite.com\/#website","url":"https:\/\/powderblue-seahorse-496884.hostingersite.com\/","name":"Para o Baby Boss","description":"Bonitos presentes e acess\u00f3rios para o seu chefe beb\u00e9","potentialAction":[{"@type":"SearchAction","target":{"@type":"EntryPoint","urlTemplate":"https:\/\/powderblue-seahorse-496884.hostingersite.com\/?s={search_term_string}"},"query-input":{"@type":"PropertyValueSpecification","valueRequired":true,"valueName":"search_term_string"}}],"inLanguage":"pt-PT"}]}},"_links":{"self":[{"href":"https:\/\/forbabyboss.com\/pt\/wp-json\/wp\/v2\/product\/5634","targetHints":{"allow":["GET"]}}],"collection":[{"href":"https:\/\/forbabyboss.com\/pt\/wp-json\/wp\/v2\/product"}],"about":[{"href":"https:\/\/forbabyboss.com\/pt\/wp-json\/wp\/v2\/types\/product"}],"wp:featuredmedia":[{"embeddable":true,"href":"https:\/\/forbabyboss.com\/pt\/wp-json\/wp\/v2\/media\/5635"}],"wp:attachment":[{"href":"https:\/\/forbabyboss.com\/pt\/wp-json\/wp\/v2\/media?parent=5634"}],"wp:term":[{"taxonomy":"product_brand","embeddable":true,"href":"https:\/\/forbabyboss.com\/pt\/wp-json\/wp\/v2\/product_brand?post=5634"},{"taxonomy":"product_cat","embeddable":true,"href":"https:\/\/forbabyboss.com\/pt\/wp-json\/wp\/v2\/product_cat?post=5634"},{"taxonomy":"product_tag","embeddable":true,"href":"https:\/\/forbabyboss.com\/pt\/wp-json\/wp\/v2\/product_tag?post=5634"}],"curies":[{"name":"wp","href":"https:\/\/api.w.org\/{rel}","templated":true}]}}