{"id":5716,"date":"2022-09-15T07:58:51","date_gmt":"2022-09-15T07:58:51","guid":{"rendered":"http:\/\/forbabyboss.com\/?post_type=product&#038;p=5716"},"modified":"2026-02-21T11:09:37","modified_gmt":"2026-02-21T11:09:37","slug":"carrinho-de-bebe-de-luxo-3-em-1-com-cadeirinha-para-recem-nascido-verde","status":"publish","type":"product","link":"https:\/\/forbabyboss.com\/pt\/product\/3in1-luxury-baby-pram-newborn-car-seat-green\/","title":{"rendered":"Carrinho de Beb\u00ea 3 em 1 de Luxo com Assento Auto para Rec\u00e9m-Nascido \u2013 Verde"},"content":{"rendered":"<h2 style=\"text-align: justify;\"><span style=\"color: #e14d43;\"><strong>Carrinho de beb\u00ea profundo<\/strong><\/span><\/h2>\n<p style=\"text-align: justify;\"><span style=\"color: #282828;\"><strong>Trata-se de uma estrutura leve de alum\u00ednio com uma g\u00f4ndola, destinada principalmente ao transporte seguro de rec\u00e9m-nascidos e beb\u00eas com peso de at\u00e9 9 kg.<\/strong><\/span><br \/>\n<span style=\"color: #282828;\"><strong>A g\u00f4ndola Axel possui um toldo dobr\u00e1vel e um forro macio de algod\u00e3o que pode ser facilmente removido para lavagem.<\/strong><\/span><br \/>\n<span style=\"color: #282828;\"><strong>A cabine est\u00e1 equipada com uma janela de ventila\u00e7\u00e3o que pode ser aberta.<\/strong><\/span><br \/>\n<span style=\"color: #282828;\"><strong>Al\u00e9m disso, a cobertura da g\u00f4ndola funciona como um captador de vento.<\/strong><\/span><br \/>\n<span style=\"color: #282828;\"><strong>A g\u00f4ndola tamb\u00e9m possui um encosto com ajuste de altura suave.<\/strong><\/span><\/p>\n<h2 style=\"text-align: justify;\"><span style=\"color: #e14d43;\"><strong>Caracter\u00edsticas do ber\u00e7o:<\/strong><\/span><\/h2>\n<p style=\"text-align: justify;\"><span style=\"color: #282828;\"><strong>\u2713 Capota dobr\u00e1vel \u2013 protege a crian\u00e7a do sol e da chuva<\/strong><\/span><br \/>\n<span style=\"color: #282828;\"><strong>\u2713 Forro de algod\u00e3o \u2013 proporciona o m\u00e1ximo conforto durante a viagem (pode ser facilmente removido para lavagem)<\/strong><\/span><br \/>\n<span style=\"color: #282828;\"><strong>\u2713 Janela de ventila\u00e7\u00e3o \u2013 fornece ar fresco dentro do carrinho<\/strong><\/span><br \/>\n<span style=\"color: #282828;\"><strong>\u2713 Capa \u2013 protege a crian\u00e7a do vento e do frio<\/strong><\/span><br \/>\n<span style=\"color: #282828;\"><strong>\u2713 Alcofa com fun\u00e7\u00e3o de balan\u00e7o \u2013 permite balan\u00e7ar a crian\u00e7a (pode ser travada desdobrando as pernas laterais)<\/strong><\/span><br \/>\n<span style=\"color: #282828;\"><strong>\u2713 Alcofa com pega revestida em pele ecol\u00f3gica \u2013 para um transporte pr\u00e1tico.<\/strong><\/span><\/p>\n<h2 style=\"text-align: justify;\"><span style=\"color: #e14d43;\"><strong>Assento de autom\u00f3vel<\/strong><\/span><\/h2>\n<p style=\"text-align: justify;\"><span style=\"color: #282828;\"><strong>\u00c9 projetado para crian\u00e7as com peso de at\u00e9 10 kg. Possui a aprova\u00e7\u00e3o ECE R44\/04, que confirma que o produto atende a rigorosos padr\u00f5es de seguran\u00e7a e pode ser usado para o transporte seguro de uma crian\u00e7a em um carro. Al\u00e9m disso, a cadeirinha pode ser montada na estrutura do carrinho de beb\u00ea voltada para a frente ou para tr\u00e1s, utilizando os adaptadores inclu\u00eddos no conjunto.<\/strong><\/span><\/p>\n<p style=\"text-align: justify;\"><span style=\"color: #282828;\"><strong>\u2713Inserto adicional para beb\u00eas \u2013 permite o transporte seguro de rec\u00e9m-nascidos<\/strong><\/span><br \/>\n<span style=\"color: #282828;\"><strong>\u2713Cabo ajust\u00e1vel \u2013 caracterizado pela m\u00e1xima ergonomia (pode ser posicionado de acordo com a necessidade de apoio)<\/strong><\/span><br \/>\n<span style=\"color: #282828;\"><strong>\u2713Fun\u00e7\u00e3o de ber\u00e7o \u2013 gra\u00e7as a uma base com perfil especial.<\/strong><\/span><br \/>\n<span style=\"color: #282828;\"><strong>\u2713Cobertura para as pernas com elementos refletores \u2013 protege contra o frio (pode ser desmontada)<\/strong><\/span><br \/>\n<span style=\"color: #282828;\"><strong>\u2713 Viseira remov\u00edvel para chuva e sol \u2013 protege a crian\u00e7a contra condi\u00e7\u00f5es clim\u00e1ticas desfavor\u00e1veis.<\/strong><\/span><br \/>\n<span style=\"color: #282828;\"><strong>\u2713 Cintos de seguran\u00e7a de tr\u00eas pontos com ajuste central de comprimento \u2013 garantem a seguran\u00e7a durante a viagem<\/strong><\/span><br \/>\n<span style=\"color: #282828;\"><strong>\u2713 Capas adicionais para as al\u00e7as de ombro \u2013 para maior conforto durante viagens<\/strong><\/span><br \/>\n<span style=\"color: #282828;\"><strong>\u2713 Adaptadores \u2013 que permitem montar a cadeirinha na estrutura do carrinho de beb\u00ea.<\/strong><\/span><\/p>\n<h2 style=\"text-align: justify;\"><span style=\"color: #e14d43;\"><strong>Carrinho de beb\u00e9<\/strong><\/span><\/h2>\n<p style=\"text-align: justify;\"><span style=\"color: #282828;\"><strong>O carrinho \u00e9 perfeito para crian\u00e7as um pouco maiores, com peso de at\u00e9 15 kg. O Axel oferece duas op\u00e7\u00f5es de instala\u00e7\u00e3o: virado para a frente ou para tr\u00e1s, de acordo com a sua prefer\u00eancia.<\/strong><\/span><br \/>\n<span style=\"color: #282828;\"><strong>Um toldo dobr\u00e1vel e uma cobertura com fun\u00e7\u00e3o de prote\u00e7\u00e3o contra o vento proteger\u00e3o seu filho das condi\u00e7\u00f5es clim\u00e1ticas desfavor\u00e1veis.<\/strong><\/span><\/p>\n<p style=\"text-align: justify;\"><span style=\"color: #282828;\"><strong>\u2713 Cintos de seguran\u00e7a de cinco pontos com almofadas macias \u2013 protegem e garantem conforto durante a viagem<\/strong><\/span><br \/>\n<span style=\"color: #282828;\"><strong>\u2713 Barreira e apoio para os p\u00e9s em couro ecol\u00f3gico \u2013 resistentes a danos e f\u00e1ceis de limpar<\/strong><\/span><br \/>\n<span style=\"color: #282828;\"><strong>\u2713Apoio para os p\u00e9s ajust\u00e1vel \u2013 para um posicionamento ideal<\/strong><\/span><br \/>\n<span style=\"color: #282828;\"><strong>\u2713 Encosto ajust\u00e1vel em quatro posi\u00e7\u00f5es \u2013 proporciona uma posi\u00e7\u00e3o ideal e aumenta o conforto da crian\u00e7a<\/strong><\/span><br \/>\n<span style=\"color: #282828;\"><strong>\u2713 Estrutura com suspens\u00e3o macia \u2013 protege a crian\u00e7a contra impactos desagrad\u00e1veis ao dirigir em superf\u00edcies irregulares.<\/strong><\/span><\/p>\n<h2 style=\"text-align: justify;\"><span style=\"color: #e14d43;\"><strong>Estrutura do carrinho de beb\u00ea<\/strong><\/span><\/h2>\n<p style=\"text-align: justify;\"><span style=\"color: #282828;\"><strong>A estrutura do carrinho \u00e9 feita de alum\u00ednio leve, enquanto as inovadoras rodas girat\u00f3rias com rolamentos de esferas e pneus de poliuretano garantem o movimento suave do carrinho. Rodas desse tipo possuem todas as propriedades das rodas convencionais e, al\u00e9m disso, n\u00e3o furam. Como resultado, s\u00e3o pr\u00e1ticas, n\u00e3o exigem manuten\u00e7\u00e3o e s\u00e3o muito dur\u00e1veis. Adicionalmente, possuem um sistema de bloqueio para facilitar o deslocamento em linha reta.<\/strong><\/span><\/p>\n<h2 style=\"text-align: justify;\"><span style=\"color: #e14d43;\"><strong>Caracter\u00edsticas da moldura:<\/strong><\/span><\/h2>\n<p style=\"text-align: justify;\"><span style=\"color: #282828;\"><strong>\u2713Estrutura de alum\u00ednio s\u00f3lida e leve<\/strong><\/span><br \/>\n<span style=\"color: #282828;\"><strong>\u2713Al\u00e7a ajust\u00e1vel revestida em couro ecol\u00f3gico \u2013 permite ajustar facilmente o carrinho \u00e0 sua altura.<\/strong><\/span><br \/>\n<span style=\"color: #282828;\"><strong>\u2713Suspens\u00e3o macia \u2013 um sistema inovador de absor\u00e7\u00e3o de impactos garante o m\u00e1ximo conforto durante a viagem.<\/strong><\/span><br \/>\n<span style=\"color: #282828;\"><strong>\u2713Freio central (Easy Stop) \u2013 permite bloquear rapidamente as rodas do carrinho.<\/strong><\/span><br \/>\n<span style=\"color: #282828;\"><strong>\u2713 Possibilidade de instalar o Buggy Board \u2013 esta fun\u00e7\u00e3o ser\u00e1 \u00fatil quando a crian\u00e7a tiver um irm\u00e3o ou irm\u00e3 mais velho(a). \u2713 Estrutura dobr\u00e1vel \u2013 quando dobrado, ocupa pouco espa\u00e7o e cabe no porta-malas do carro.<\/strong><\/span><\/p>\n<p>&nbsp;<\/p>\n<p><a href=\"http:\/\/forbabyboss.com\/wp-content\/uploads\/2022\/09\/checkout.png\"><img loading=\"lazy\" decoding=\"async\" class=\"alignnone wp-image-5965\" src=\"http:\/\/forbabyboss.com\/wp-content\/uploads\/2022\/09\/checkout.png\" alt=\"\" width=\"1005\" height=\"370\" srcset=\"https:\/\/forbabyboss.com\/wp-content\/uploads\/2022\/09\/checkout.png 750w, https:\/\/forbabyboss.com\/wp-content\/uploads\/2022\/09\/checkout-600x221.png 600w\" sizes=\"auto, (max-width: 1005px) 100vw, 1005px\" \/><\/a><\/p>\n<p style=\"text-align: justify;\">","protected":false},"excerpt":{"rendered":"<p><a href=\"http:\/\/forbabyboss.com\/wp-content\/uploads\/2022\/09\/Star-Rating-5.png\"><img loading=\"lazy\" decoding=\"async\" class=\"alignnone size-full wp-image-5973 aligncenter\" src=\"http:\/\/forbabyboss.com\/wp-content\/uploads\/2022\/09\/Star-Rating-5.png\" alt=\"\" width=\"275\" height=\"45\" \/><\/a><\/p>\n<p style=\"text-align: center;\"><span style=\"color: #ed1c24; font-size: 120%;\"><b>GARANTIA DE MELHORA DE PRE\u00c7O<\/b><\/span><\/p>\n<p style=\"text-align: center;\"><span style=\"font-size: 115%;\"><span style=\"font-weight: 400; color: #4f4fa7;\">Entrega gr\u00e1tis<\/span><span style=\"font-weight: 400;\"> \u2013 2 a 7 dias<\/span><\/span><\/p>\n<p style=\"text-align: center;\"><strong><span style=\"color: #29606b;\">Brinde gr\u00e1tis em compras acima de \u00a3100<\/span><\/strong><\/p>","protected":false},"featured_media":5717,"template":"","meta":[],"product_brand":[370],"product_cat":[337,339,156,305,244,130,209,211],"product_tag":[202,199],"class_list":{"0":"post-5716","1":"product","2":"type-product","3":"status-publish","4":"has-post-thumbnail","6":"product_brand-babylux","7":"product_cat-500-to-600","8":"product_cat-700-to-800","9":"product_cat-3-in-1","10":"product_cat-colour","11":"product_cat-green","12":"product_cat-prams","13":"product_cat-push-chairs","14":"product_cat-stroller","15":"product_tag-3-in-1-pram","16":"product_tag-prams","18":"first","19":"instock","20":"sale","21":"shipping-taxable","22":"purchasable","23":"product-type-simple"},"yoast_head":"<!-- This site is optimized with the Yoast SEO plugin v27.5 - https:\/\/yoast.com\/product\/yoast-seo-wordpress\/ -->\n<title>3in1 Luxury Baby Pram Newborn Car Seat - Green - For Baby Boss<\/title>\n<meta name=\"robots\" content=\"index, follow, max-snippet:-1, max-image-preview:large, max-video-preview:-1\" \/>\n<link rel=\"canonical\" href=\"https:\/\/forbabyboss.com\/pt\/produto\/carrinho-de-bebe-de-luxo-3-em-1-com-cadeirinha-para-recem-nascido-verde\/\" \/>\n<meta property=\"og:locale\" content=\"pt_PT\" \/>\n<meta property=\"og:type\" content=\"article\" \/>\n<meta property=\"og:title\" content=\"3in1 Luxury Baby Pram Newborn Car Seat - Green - For Baby Boss\" \/>\n<meta property=\"og:description\" content=\"PRICE MATCH GUARANTEE Free Delivery \u2013 2 \u2013 7 days Free gift with purchases over \u00a3100\" \/>\n<meta property=\"og:url\" content=\"https:\/\/forbabyboss.com\/pt\/produto\/carrinho-de-bebe-de-luxo-3-em-1-com-cadeirinha-para-recem-nascido-verde\/\" \/>\n<meta property=\"og:site_name\" content=\"For Baby Boss\" \/>\n<meta property=\"article:modified_time\" content=\"2026-02-21T11:09:37+00:00\" \/>\n<meta property=\"og:image\" content=\"https:\/\/forbabyboss.com\/wp-content\/uploads\/2022\/09\/Luxury-Baby-Pram-Newborn-Buggy-3-in1-Car-Seat-Pushchair-3-in-1-Travel-System-Green-main.png\" \/>\n\t<meta property=\"og:image:width\" content=\"1600\" \/>\n\t<meta property=\"og:image:height\" content=\"1600\" \/>\n\t<meta property=\"og:image:type\" content=\"image\/png\" \/>\n<meta name=\"twitter:card\" content=\"summary_large_image\" \/>\n<meta name=\"twitter:label1\" content=\"Tempo estimado de leitura\" \/>\n\t<meta name=\"twitter:data1\" content=\"3 minutos\" \/>\n<script type=\"application\/ld+json\" class=\"yoast-schema-graph\">{\"@context\":\"https:\\\/\\\/schema.org\",\"@graph\":[{\"@type\":\"WebPage\",\"@id\":\"https:\\\/\\\/forbabyboss.com\\\/product\\\/3in1-luxury-baby-pram-newborn-car-seat-green\\\/\",\"url\":\"https:\\\/\\\/forbabyboss.com\\\/product\\\/3in1-luxury-baby-pram-newborn-car-seat-green\\\/\",\"name\":\"3in1 Luxury Baby Pram Newborn Car Seat - Green - For Baby Boss\",\"isPartOf\":{\"@id\":\"https:\\\/\\\/powderblue-seahorse-496884.hostingersite.com\\\/#website\"},\"primaryImageOfPage\":{\"@id\":\"https:\\\/\\\/forbabyboss.com\\\/product\\\/3in1-luxury-baby-pram-newborn-car-seat-green\\\/#primaryimage\"},\"image\":{\"@id\":\"https:\\\/\\\/forbabyboss.com\\\/product\\\/3in1-luxury-baby-pram-newborn-car-seat-green\\\/#primaryimage\"},\"thumbnailUrl\":\"https:\\\/\\\/forbabyboss.com\\\/wp-content\\\/uploads\\\/2022\\\/09\\\/Luxury-Baby-Pram-Newborn-Buggy-3-in1-Car-Seat-Pushchair-3-in-1-Travel-System-Green-main.png\",\"datePublished\":\"2022-09-15T07:58:51+00:00\",\"dateModified\":\"2026-02-21T11:09:37+00:00\",\"breadcrumb\":{\"@id\":\"https:\\\/\\\/forbabyboss.com\\\/product\\\/3in1-luxury-baby-pram-newborn-car-seat-green\\\/#breadcrumb\"},\"inLanguage\":\"pt-PT\",\"potentialAction\":[{\"@type\":\"ReadAction\",\"target\":[\"https:\\\/\\\/forbabyboss.com\\\/product\\\/3in1-luxury-baby-pram-newborn-car-seat-green\\\/\"]}]},{\"@type\":\"ImageObject\",\"inLanguage\":\"pt-PT\",\"@id\":\"https:\\\/\\\/forbabyboss.com\\\/product\\\/3in1-luxury-baby-pram-newborn-car-seat-green\\\/#primaryimage\",\"url\":\"https:\\\/\\\/forbabyboss.com\\\/wp-content\\\/uploads\\\/2022\\\/09\\\/Luxury-Baby-Pram-Newborn-Buggy-3-in1-Car-Seat-Pushchair-3-in-1-Travel-System-Green-main.png\",\"contentUrl\":\"https:\\\/\\\/forbabyboss.com\\\/wp-content\\\/uploads\\\/2022\\\/09\\\/Luxury-Baby-Pram-Newborn-Buggy-3-in1-Car-Seat-Pushchair-3-in-1-Travel-System-Green-main.png\",\"width\":1600,\"height\":1600},{\"@type\":\"BreadcrumbList\",\"@id\":\"https:\\\/\\\/forbabyboss.com\\\/product\\\/3in1-luxury-baby-pram-newborn-car-seat-green\\\/#breadcrumb\",\"itemListElement\":[{\"@type\":\"ListItem\",\"position\":1,\"name\":\"Home\",\"item\":\"https:\\\/\\\/forbabyboss.com\\\/\"},{\"@type\":\"ListItem\",\"position\":2,\"name\":\"Shop\",\"item\":\"https:\\\/\\\/forbabyboss.com\\\/shop\\\/\"},{\"@type\":\"ListItem\",\"position\":3,\"name\":\"3in1 Luxury Baby Pram Newborn Car Seat &#8211; Green\"}]},{\"@type\":\"WebSite\",\"@id\":\"https:\\\/\\\/powderblue-seahorse-496884.hostingersite.com\\\/#website\",\"url\":\"https:\\\/\\\/powderblue-seahorse-496884.hostingersite.com\\\/\",\"name\":\"For Baby Boss\",\"description\":\"Beautiful gifts and accessories for your baby boss\",\"potentialAction\":[{\"@type\":\"SearchAction\",\"target\":{\"@type\":\"EntryPoint\",\"urlTemplate\":\"https:\\\/\\\/powderblue-seahorse-496884.hostingersite.com\\\/?s={search_term_string}\"},\"query-input\":{\"@type\":\"PropertyValueSpecification\",\"valueRequired\":true,\"valueName\":\"search_term_string\"}}],\"inLanguage\":\"pt-PT\"}]}<\/script>\n<!-- \/ Yoast SEO plugin. -->","yoast_head_json":{"title":"Carrinho de Beb\u00ea 3 em 1 de Luxo com Assento Auto para Rec\u00e9m-Nascido - Verde - Para Baby Boss","robots":{"index":"index","follow":"follow","max-snippet":"max-snippet:-1","max-image-preview":"max-image-preview:large","max-video-preview":"max-video-preview:-1"},"canonical":"https:\/\/forbabyboss.com\/pt\/produto\/carrinho-de-bebe-de-luxo-3-em-1-com-cadeirinha-para-recem-nascido-verde\/","og_locale":"pt_PT","og_type":"article","og_title":"3in1 Luxury Baby Pram Newborn Car Seat - Green - For Baby Boss","og_description":"PRICE MATCH GUARANTEE Free Delivery \u2013 2 \u2013 7 days Free gift with purchases over \u00a3100","og_url":"https:\/\/forbabyboss.com\/pt\/produto\/carrinho-de-bebe-de-luxo-3-em-1-com-cadeirinha-para-recem-nascido-verde\/","og_site_name":"For Baby Boss","article_modified_time":"2026-02-21T11:09:37+00:00","og_image":[{"width":1600,"height":1600,"url":"https:\/\/forbabyboss.com\/wp-content\/uploads\/2022\/09\/Luxury-Baby-Pram-Newborn-Buggy-3-in1-Car-Seat-Pushchair-3-in-1-Travel-System-Green-main.png","type":"image\/png"}],"twitter_card":"summary_large_image","twitter_misc":{"Tempo estimado de leitura":"3 minutos"},"schema":{"@context":"https:\/\/schema.org","@graph":[{"@type":"WebPage","@id":"https:\/\/forbabyboss.com\/product\/3in1-luxury-baby-pram-newborn-car-seat-green\/","url":"https:\/\/forbabyboss.com\/product\/3in1-luxury-baby-pram-newborn-car-seat-green\/","name":"Carrinho de Beb\u00ea 3 em 1 de Luxo com Assento Auto para Rec\u00e9m-Nascido - Verde - Para Baby Boss","isPartOf":{"@id":"https:\/\/powderblue-seahorse-496884.hostingersite.com\/#website"},"primaryImageOfPage":{"@id":"https:\/\/forbabyboss.com\/product\/3in1-luxury-baby-pram-newborn-car-seat-green\/#primaryimage"},"image":{"@id":"https:\/\/forbabyboss.com\/product\/3in1-luxury-baby-pram-newborn-car-seat-green\/#primaryimage"},"thumbnailUrl":"https:\/\/forbabyboss.com\/wp-content\/uploads\/2022\/09\/Luxury-Baby-Pram-Newborn-Buggy-3-in1-Car-Seat-Pushchair-3-in-1-Travel-System-Green-main.png","datePublished":"2022-09-15T07:58:51+00:00","dateModified":"2026-02-21T11:09:37+00:00","breadcrumb":{"@id":"https:\/\/forbabyboss.com\/product\/3in1-luxury-baby-pram-newborn-car-seat-green\/#breadcrumb"},"inLanguage":"pt-PT","potentialAction":[{"@type":"ReadAction","target":["https:\/\/forbabyboss.com\/product\/3in1-luxury-baby-pram-newborn-car-seat-green\/"]}]},{"@type":"ImageObject","inLanguage":"pt-PT","@id":"https:\/\/forbabyboss.com\/product\/3in1-luxury-baby-pram-newborn-car-seat-green\/#primaryimage","url":"https:\/\/forbabyboss.com\/wp-content\/uploads\/2022\/09\/Luxury-Baby-Pram-Newborn-Buggy-3-in1-Car-Seat-Pushchair-3-in-1-Travel-System-Green-main.png","contentUrl":"https:\/\/forbabyboss.com\/wp-content\/uploads\/2022\/09\/Luxury-Baby-Pram-Newborn-Buggy-3-in1-Car-Seat-Pushchair-3-in-1-Travel-System-Green-main.png","width":1600,"height":1600},{"@type":"BreadcrumbList","@id":"https:\/\/forbabyboss.com\/product\/3in1-luxury-baby-pram-newborn-car-seat-green\/#breadcrumb","itemListElement":[{"@type":"ListItem","position":1,"name":"Home","item":"https:\/\/forbabyboss.com\/"},{"@type":"ListItem","position":2,"name":"Shop","item":"https:\/\/forbabyboss.com\/shop\/"},{"@type":"ListItem","position":3,"name":"3in1 Luxury Baby Pram Newborn Car Seat &#8211; Green"}]},{"@type":"WebSite","@id":"https:\/\/powderblue-seahorse-496884.hostingersite.com\/#website","url":"https:\/\/powderblue-seahorse-496884.hostingersite.com\/","name":"Para o Baby Boss","description":"Bonitos presentes e acess\u00f3rios para o seu chefe beb\u00e9","potentialAction":[{"@type":"SearchAction","target":{"@type":"EntryPoint","urlTemplate":"https:\/\/powderblue-seahorse-496884.hostingersite.com\/?s={search_term_string}"},"query-input":{"@type":"PropertyValueSpecification","valueRequired":true,"valueName":"search_term_string"}}],"inLanguage":"pt-PT"}]}},"_links":{"self":[{"href":"https:\/\/forbabyboss.com\/pt\/wp-json\/wp\/v2\/product\/5716","targetHints":{"allow":["GET"]}}],"collection":[{"href":"https:\/\/forbabyboss.com\/pt\/wp-json\/wp\/v2\/product"}],"about":[{"href":"https:\/\/forbabyboss.com\/pt\/wp-json\/wp\/v2\/types\/product"}],"wp:featuredmedia":[{"embeddable":true,"href":"https:\/\/forbabyboss.com\/pt\/wp-json\/wp\/v2\/media\/5717"}],"wp:attachment":[{"href":"https:\/\/forbabyboss.com\/pt\/wp-json\/wp\/v2\/media?parent=5716"}],"wp:term":[{"taxonomy":"product_brand","embeddable":true,"href":"https:\/\/forbabyboss.com\/pt\/wp-json\/wp\/v2\/product_brand?post=5716"},{"taxonomy":"product_cat","embeddable":true,"href":"https:\/\/forbabyboss.com\/pt\/wp-json\/wp\/v2\/product_cat?post=5716"},{"taxonomy":"product_tag","embeddable":true,"href":"https:\/\/forbabyboss.com\/pt\/wp-json\/wp\/v2\/product_tag?post=5716"}],"curies":[{"name":"wp","href":"https:\/\/api.w.org\/{rel}","templated":true}]}}