{"id":5745,"date":"2022-09-15T08:26:32","date_gmt":"2022-09-15T08:26:32","guid":{"rendered":"http:\/\/forbabyboss.com\/?post_type=product&#038;p=5745"},"modified":"2026-02-21T11:06:37","modified_gmt":"2026-02-21T11:06:37","slug":"carrinho-de-bebe-dobravel-3-em-1-para-recem-nascidos-edicao-dourada-e-verde","status":"publish","type":"product","link":"https:\/\/forbabyboss.com\/pt\/product\/foldable-3in1-newborn-baby-pushchair-stroller-gold-edition-green\/","title":{"rendered":"Carrinho de Beb\u00ea Dobr\u00e1vel 3 em 1 para Rec\u00e9m-Nascido - Edi\u00e7\u00e3o Dourada - Verde"},"content":{"rendered":"<div style=\"width: 1020px;\" class=\"wp-video\"><video class=\"wp-video-shortcode\" id=\"video-5745-1\" width=\"1020\" height=\"574\" preload=\"metadata\" controls=\"controls\"><source type=\"video\/mp4\" src=\"http:\/\/forbabyboss.com\/wp-content\/uploads\/2022\/09\/Lazzio.mp4?_=1\" \/><a href=\"http:\/\/forbabyboss.com\/wp-content\/uploads\/2022\/09\/Lazzio.mp4\">http:\/\/forbabyboss.com\/wp-content\/uploads\/2022\/09\/Lazzio.mp4<\/a><\/video><\/div>\n<h1 style=\"text-align: justify;\"><\/h1>\n<p style=\"text-align: justify;\"><strong><span style=\"color: #282828;\">MATA \u2013 um carrinho de beb\u00ea moderno e funcional, que proporciona mais prazer durante os passeios, e cujo design inovador confere um toque de exclusividade.<\/span><\/strong><br \/>\n<strong><span style=\"color: #282828;\">O carrinho de beb\u00ea \u00e9 adequado para crian\u00e7as de 6 a 36 meses. A estrutura leve e o design pr\u00e1tico tornam o uso do carrinho ainda mais confort\u00e1vel.<\/span><\/strong><\/p>\n<p style=\"text-align: justify;\"><strong><span style=\"color: #282828;\">\u2022 Carrinho de beb\u00ea individual para crian\u00e7as com peso entre 1 e 15 kg<\/span><\/strong><br \/>\n<strong><span style=\"color: #282828;\">\u2022 Possui certifica\u00e7\u00e3o TUV NORD, que garante a mais alta qualidade e seguran\u00e7a para o seu filho.<\/span><\/strong><br \/>\n<strong><span style=\"color: #282828;\">\u2022 O carrinho de beb\u00ea est\u00e1 em conformidade com a mais recente e rigorosa norma de seguran\u00e7a EN 1888-1:2019.<\/span><\/strong><\/p>\n<h2 style=\"text-align: justify;\"><span style=\"color: #e14d43;\"><strong>O conjunto inclui:<\/strong><\/span><\/h2>\n<p style=\"text-align: justify;\"><strong><span style=\"color: #282828;\">\u2022estrutura de carrinho de beb\u00ea<\/span><\/strong><br \/>\n<strong><span style=\"color: #282828;\">\u2022carrinho de beb\u00ea<\/span><\/strong><br \/>\n<strong><span style=\"color: #282828;\">\u2022Assento esportivo<\/span><\/strong><br \/>\n<strong><span style=\"color: #282828;\">\u2022bolsa de ombro<\/span><\/strong><br \/>\n<strong><span style=\"color: #282828;\">\u2022Cadeirinha de carro (apenas no conjunto 3 em 1)<\/span><\/strong><br \/>\n<strong><span style=\"color: #282828;\">\u2022 Al\u00e9m disso: capa de chuva, mosquiteiro, cesta de compras<\/span><\/strong><\/p>\n<h2 style=\"text-align: justify;\"><span style=\"color: #e14d43;\"><strong>Estrutura do carrinho de beb\u00ea:<\/strong><\/span><\/h2>\n<p style=\"text-align: justify;\"><strong><span style=\"color: #282828;\">\u2022 Estrutura de alum\u00ednio \u2013 leve e dur\u00e1vel<\/span><\/strong><br \/>\n<strong><span style=\"color: #282828;\">\u2022 Rodas de gel girat\u00f3rias e sem problemas \u2013 \u00e0 prova de furos<\/span><\/strong><br \/>\n<strong><span style=\"color: #282828;\">\u2022Os rolamentos nas rodas facilitam o empurrar do carrinho de beb\u00ea.<\/span><\/strong><br \/>\n<strong><span style=\"color: #282828;\">\u2022 Altura da al\u00e7a ajust\u00e1vel<\/span><\/strong><br \/>\n<strong><span style=\"color: #282828;\">\u2022 Suspens\u00e3o traseira com amortecimento \u2013 proporciona conforto em todas as caminhadas<\/span><\/strong><br \/>\n<strong><span style=\"color: #282828;\">\u2022 Tamanho compacto quando dobrado<\/span><\/strong><br \/>\n<strong><span style=\"color: #282828;\">\u2022 Sistema simples para encaixar e desencaixar o mois\u00e9s, a cadeirinha esportiva e a cadeirinha de carro<\/span><\/strong><br \/>\n<strong><span style=\"color: #282828;\">\u2022 Equipado com freio central para maior estabilidade \u2022 A suspens\u00e3o lateral adicional da estrutura do carrinho permite o travamento, proporcionando ainda melhor absor\u00e7\u00e3o dos impactos durante o passeio, al\u00e9m de um balan\u00e7o agrad\u00e1vel para o seu filho<\/span><\/strong><\/p>\n<h2 style=\"text-align: justify;\"><span style=\"color: #e14d43;\"><strong>Carrinho de beb\u00ea:<\/strong><\/span><\/h2>\n<p style=\"text-align: justify;\"><strong><span style=\"color: #282828;\">\u2022 Carrinho de beb\u00ea grande que pode ser usado como ber\u00e7o<\/span><\/strong><br \/>\n<strong><span style=\"color: #282828;\">\u2022 Equipado com uma prote\u00e7\u00e3o para os p\u00e9s remov\u00edvel e sob medida \u2013 protege seu filho do mau tempo.<\/span><\/strong><br \/>\n<strong><span style=\"color: #282828;\">\u2022 Al\u00e7a ergon\u00f4mica \u2013 facilita o transporte do carrinho<\/span><\/strong><br \/>\n<strong><span style=\"color: #282828;\">\u2022 Colch\u00e3o el\u00e1stico e acolchoamento macio do ber\u00e7o<\/span><\/strong><br \/>\n<strong><span style=\"color: #282828;\">\u2022 Encosto de cabe\u00e7a ajust\u00e1vel<\/span><\/strong><br \/>\n<strong><span style=\"color: #282828;\">\u2022 A ventila\u00e7\u00e3o no compartimento do ber\u00e7o fornece ar fresco para evitar que o beb\u00ea superaque\u00e7a.<\/span><\/strong><\/p>\n<h2 style=\"text-align: justify;\"><span style=\"color: #e14d43;\"><strong>Banco esportivo:<\/strong><\/span><\/h2>\n<p style=\"text-align: justify;\"><strong><span style=\"color: #282828;\">\u2022 \u00c9 poss\u00edvel instalar com a frente voltada para a frente ou para tr\u00e1s.<\/span><\/strong><br \/>\n<strong><span style=\"color: #282828;\">\u2022 Cintos de seguran\u00e7a ajust\u00e1veis em cinco pontos<\/span><\/strong><br \/>\n<strong><span style=\"color: #282828;\">\u2022 Barreira remov\u00edvel revestida com couro ecol\u00f3gico<\/span><\/strong><br \/>\n<strong><span style=\"color: #282828;\">\u2022 Apoio para os p\u00e9s ajust\u00e1vel e pr\u00e1tico<\/span><\/strong><br \/>\n<strong><span style=\"color: #282828;\">\u2022 Janela de ventila\u00e7\u00e3o na parte traseira da cobertura<\/span><\/strong><br \/>\n<strong><span style=\"color: #282828;\">\u2022 Tamanho compacto quando dobrado<\/span><\/strong><br \/>\n<strong><span style=\"color: #282828;\">\u2022 Ajuste do encosto \u2013 at\u00e9 uma posi\u00e7\u00e3o totalmente plana, a posi\u00e7\u00e3o mais saud\u00e1vel para o seu beb\u00ea enquanto dorme.<\/span><\/strong><br \/>\n<strong><span style=\"color: #282828;\">\u2022 Capota ajust\u00e1vel e remov\u00edvel<\/span><\/strong><br \/>\n<strong><span style=\"color: #282828;\">\u2022 Cobertura para os p\u00e9s ajust\u00e1vel e remov\u00edvel \u2013 protege seu filho das intemp\u00e9ries.<\/span><\/strong><\/p>\n<p>&nbsp;<\/p>\n<p><a href=\"http:\/\/forbabyboss.com\/wp-content\/uploads\/2022\/09\/checkout.png\"><img loading=\"lazy\" decoding=\"async\" class=\"alignnone wp-image-5965\" src=\"http:\/\/forbabyboss.com\/wp-content\/uploads\/2022\/09\/checkout.png\" alt=\"\" width=\"967\" height=\"356\" srcset=\"https:\/\/forbabyboss.com\/wp-content\/uploads\/2022\/09\/checkout.png 750w, https:\/\/forbabyboss.com\/wp-content\/uploads\/2022\/09\/checkout-600x221.png 600w\" sizes=\"auto, (max-width: 967px) 100vw, 967px\" \/><\/a><\/p>\n<p style=\"text-align: justify;\">","protected":false},"excerpt":{"rendered":"<p><a href=\"http:\/\/forbabyboss.com\/wp-content\/uploads\/2022\/09\/Star-Rating-5.png\"><img loading=\"lazy\" decoding=\"async\" class=\"alignnone size-full wp-image-5973 aligncenter\" src=\"http:\/\/forbabyboss.com\/wp-content\/uploads\/2022\/09\/Star-Rating-5.png\" alt=\"\" width=\"275\" height=\"45\" \/><\/a><\/p>\n<p style=\"text-align: center;\"><span style=\"color: #ed1c24; font-size: 120%;\"><b>GARANTIA DE MELHORA DE PRE\u00c7O<\/b><\/span><\/p>\n<p style=\"text-align: center;\"><span style=\"font-size: 115%;\"><span style=\"font-weight: 400; color: #4f4fa7;\">Entrega gr\u00e1tis<\/span><span style=\"font-weight: 400;\"> \u2013 2 a 7 dias<\/span><\/span><\/p>\n<p style=\"text-align: center;\"><strong><span style=\"color: #29606b;\">Brinde gr\u00e1tis em compras acima de \u00a3100<\/span><\/strong><\/p>","protected":false},"featured_media":5746,"template":"","meta":[],"product_brand":[577],"product_cat":[337,339,156,305,208,195,244,303,130,209,211],"product_tag":[202,199],"class_list":{"0":"post-5745","1":"product","2":"type-product","3":"status-publish","4":"has-post-thumbnail","6":"product_brand-kunert","7":"product_cat-500-to-600","8":"product_cat-700-to-800","9":"product_cat-3-in-1","10":"product_cat-colour","11":"product_cat-gold","12":"product_cat-gold-collection","13":"product_cat-green","14":"product_cat-pattern","15":"product_cat-prams","16":"product_cat-push-chairs","17":"product_cat-stroller","18":"product_tag-3-in-1-pram","19":"product_tag-prams","21":"first","22":"instock","23":"sale","24":"shipping-taxable","25":"purchasable","26":"product-type-simple"},"yoast_head":"<!-- This site is optimized with the Yoast SEO plugin v27.6 - https:\/\/yoast.com\/product\/yoast-seo-wordpress\/ -->\n<title>Foldable 3in1 Newborn Baby Pushchair Stroller Gold Edition - Green - For Baby Boss<\/title>\n<meta name=\"description\" content=\"Foldable 3in1 Newborn Baby Pushchair Stroller Gold Edition - Green\" \/>\n<meta name=\"robots\" content=\"index, follow, max-snippet:-1, max-image-preview:large, max-video-preview:-1\" \/>\n<link rel=\"canonical\" href=\"https:\/\/forbabyboss.com\/pt\/produto\/carrinho-de-bebe-dobravel-3-em-1-para-recem-nascidos-edicao-dourada-e-verde\/\" \/>\n<meta property=\"og:locale\" content=\"pt_PT\" \/>\n<meta property=\"og:type\" content=\"article\" \/>\n<meta property=\"og:title\" content=\"Foldable 3in1 Newborn Baby Pushchair Stroller Gold Edition - Green - For Baby Boss\" \/>\n<meta property=\"og:description\" content=\"Foldable 3in1 Newborn Baby Pushchair Stroller Gold Edition - Green\" \/>\n<meta property=\"og:url\" content=\"https:\/\/forbabyboss.com\/pt\/produto\/carrinho-de-bebe-dobravel-3-em-1-para-recem-nascidos-edicao-dourada-e-verde\/\" \/>\n<meta property=\"og:site_name\" content=\"For Baby Boss\" \/>\n<meta property=\"article:modified_time\" content=\"2026-02-21T11:06:37+00:00\" \/>\n<meta property=\"og:image\" content=\"https:\/\/forbabyboss.com\/wp-content\/uploads\/2022\/09\/Newborn-Baby-Buggy-Pram-Foldable-3in1-Travel-System-Car-Seat-Pushchair-Stroller-Green-main.jpg\" \/>\n\t<meta property=\"og:image:width\" content=\"1600\" \/>\n\t<meta property=\"og:image:height\" content=\"1600\" \/>\n\t<meta property=\"og:image:type\" content=\"image\/jpeg\" \/>\n<meta name=\"twitter:card\" content=\"summary_large_image\" \/>\n<meta name=\"twitter:label1\" content=\"Tempo estimado de leitura\" \/>\n\t<meta name=\"twitter:data1\" content=\"2 minutos\" \/>\n<script type=\"application\/ld+json\" class=\"yoast-schema-graph\">{\"@context\":\"https:\\\/\\\/schema.org\",\"@graph\":[{\"@type\":\"WebPage\",\"@id\":\"https:\\\/\\\/forbabyboss.com\\\/product\\\/foldable-3in1-newborn-baby-pushchair-stroller-gold-edition-green\\\/\",\"url\":\"https:\\\/\\\/forbabyboss.com\\\/product\\\/foldable-3in1-newborn-baby-pushchair-stroller-gold-edition-green\\\/\",\"name\":\"Foldable 3in1 Newborn Baby Pushchair Stroller Gold Edition - Green - For Baby Boss\",\"isPartOf\":{\"@id\":\"https:\\\/\\\/powderblue-seahorse-496884.hostingersite.com\\\/#website\"},\"primaryImageOfPage\":{\"@id\":\"https:\\\/\\\/forbabyboss.com\\\/product\\\/foldable-3in1-newborn-baby-pushchair-stroller-gold-edition-green\\\/#primaryimage\"},\"image\":{\"@id\":\"https:\\\/\\\/forbabyboss.com\\\/product\\\/foldable-3in1-newborn-baby-pushchair-stroller-gold-edition-green\\\/#primaryimage\"},\"thumbnailUrl\":\"https:\\\/\\\/forbabyboss.com\\\/wp-content\\\/uploads\\\/2022\\\/09\\\/Newborn-Baby-Buggy-Pram-Foldable-3in1-Travel-System-Car-Seat-Pushchair-Stroller-Green-main.jpg\",\"datePublished\":\"2022-09-15T08:26:32+00:00\",\"dateModified\":\"2026-02-21T11:06:37+00:00\",\"description\":\"Foldable 3in1 Newborn Baby Pushchair Stroller Gold Edition - Green\",\"breadcrumb\":{\"@id\":\"https:\\\/\\\/forbabyboss.com\\\/product\\\/foldable-3in1-newborn-baby-pushchair-stroller-gold-edition-green\\\/#breadcrumb\"},\"inLanguage\":\"pt-PT\",\"potentialAction\":[{\"@type\":\"ReadAction\",\"target\":[\"https:\\\/\\\/forbabyboss.com\\\/product\\\/foldable-3in1-newborn-baby-pushchair-stroller-gold-edition-green\\\/\"]}]},{\"@type\":\"ImageObject\",\"inLanguage\":\"pt-PT\",\"@id\":\"https:\\\/\\\/forbabyboss.com\\\/product\\\/foldable-3in1-newborn-baby-pushchair-stroller-gold-edition-green\\\/#primaryimage\",\"url\":\"https:\\\/\\\/forbabyboss.com\\\/wp-content\\\/uploads\\\/2022\\\/09\\\/Newborn-Baby-Buggy-Pram-Foldable-3in1-Travel-System-Car-Seat-Pushchair-Stroller-Green-main.jpg\",\"contentUrl\":\"https:\\\/\\\/forbabyboss.com\\\/wp-content\\\/uploads\\\/2022\\\/09\\\/Newborn-Baby-Buggy-Pram-Foldable-3in1-Travel-System-Car-Seat-Pushchair-Stroller-Green-main.jpg\",\"width\":1600,\"height\":1600},{\"@type\":\"BreadcrumbList\",\"@id\":\"https:\\\/\\\/forbabyboss.com\\\/product\\\/foldable-3in1-newborn-baby-pushchair-stroller-gold-edition-green\\\/#breadcrumb\",\"itemListElement\":[{\"@type\":\"ListItem\",\"position\":1,\"name\":\"Home\",\"item\":\"https:\\\/\\\/forbabyboss.com\\\/\"},{\"@type\":\"ListItem\",\"position\":2,\"name\":\"Shop\",\"item\":\"https:\\\/\\\/forbabyboss.com\\\/shop\\\/\"},{\"@type\":\"ListItem\",\"position\":3,\"name\":\"Foldable 3in1 Newborn Baby Pushchair Stroller Gold Edition &#8211; Green\"}]},{\"@type\":\"WebSite\",\"@id\":\"https:\\\/\\\/powderblue-seahorse-496884.hostingersite.com\\\/#website\",\"url\":\"https:\\\/\\\/powderblue-seahorse-496884.hostingersite.com\\\/\",\"name\":\"For Baby Boss\",\"description\":\"Beautiful gifts and accessories for your baby boss\",\"potentialAction\":[{\"@type\":\"SearchAction\",\"target\":{\"@type\":\"EntryPoint\",\"urlTemplate\":\"https:\\\/\\\/powderblue-seahorse-496884.hostingersite.com\\\/?s={search_term_string}\"},\"query-input\":{\"@type\":\"PropertyValueSpecification\",\"valueRequired\":true,\"valueName\":\"search_term_string\"}}],\"inLanguage\":\"pt-PT\"}]}<\/script>\n<!-- \/ Yoast SEO plugin. -->","yoast_head_json":{"title":"Carrinho de Beb\u00ea Dobr\u00e1vel 3 em 1 para Rec\u00e9m-Nascido - Edi\u00e7\u00e3o Dourada - Verde - Para Baby Boss","description":"Carrinho de Beb\u00ea Dobr\u00e1vel 3 em 1 para Rec\u00e9m-Nascido - Edi\u00e7\u00e3o Dourada - Verde","robots":{"index":"index","follow":"follow","max-snippet":"max-snippet:-1","max-image-preview":"max-image-preview:large","max-video-preview":"max-video-preview:-1"},"canonical":"https:\/\/forbabyboss.com\/pt\/produto\/carrinho-de-bebe-dobravel-3-em-1-para-recem-nascidos-edicao-dourada-e-verde\/","og_locale":"pt_PT","og_type":"article","og_title":"Foldable 3in1 Newborn Baby Pushchair Stroller Gold Edition - Green - For Baby Boss","og_description":"Foldable 3in1 Newborn Baby Pushchair Stroller Gold Edition - Green","og_url":"https:\/\/forbabyboss.com\/pt\/produto\/carrinho-de-bebe-dobravel-3-em-1-para-recem-nascidos-edicao-dourada-e-verde\/","og_site_name":"For Baby Boss","article_modified_time":"2026-02-21T11:06:37+00:00","og_image":[{"width":1600,"height":1600,"url":"https:\/\/forbabyboss.com\/wp-content\/uploads\/2022\/09\/Newborn-Baby-Buggy-Pram-Foldable-3in1-Travel-System-Car-Seat-Pushchair-Stroller-Green-main.jpg","type":"image\/jpeg"}],"twitter_card":"summary_large_image","twitter_misc":{"Tempo estimado de leitura":"2 minutos"},"schema":{"@context":"https:\/\/schema.org","@graph":[{"@type":"WebPage","@id":"https:\/\/forbabyboss.com\/product\/foldable-3in1-newborn-baby-pushchair-stroller-gold-edition-green\/","url":"https:\/\/forbabyboss.com\/product\/foldable-3in1-newborn-baby-pushchair-stroller-gold-edition-green\/","name":"Carrinho de Beb\u00ea Dobr\u00e1vel 3 em 1 para Rec\u00e9m-Nascido - Edi\u00e7\u00e3o Dourada - Verde - Para Baby Boss","isPartOf":{"@id":"https:\/\/powderblue-seahorse-496884.hostingersite.com\/#website"},"primaryImageOfPage":{"@id":"https:\/\/forbabyboss.com\/product\/foldable-3in1-newborn-baby-pushchair-stroller-gold-edition-green\/#primaryimage"},"image":{"@id":"https:\/\/forbabyboss.com\/product\/foldable-3in1-newborn-baby-pushchair-stroller-gold-edition-green\/#primaryimage"},"thumbnailUrl":"https:\/\/forbabyboss.com\/wp-content\/uploads\/2022\/09\/Newborn-Baby-Buggy-Pram-Foldable-3in1-Travel-System-Car-Seat-Pushchair-Stroller-Green-main.jpg","datePublished":"2022-09-15T08:26:32+00:00","dateModified":"2026-02-21T11:06:37+00:00","description":"Carrinho de Beb\u00ea Dobr\u00e1vel 3 em 1 para Rec\u00e9m-Nascido - Edi\u00e7\u00e3o Dourada - Verde","breadcrumb":{"@id":"https:\/\/forbabyboss.com\/product\/foldable-3in1-newborn-baby-pushchair-stroller-gold-edition-green\/#breadcrumb"},"inLanguage":"pt-PT","potentialAction":[{"@type":"ReadAction","target":["https:\/\/forbabyboss.com\/product\/foldable-3in1-newborn-baby-pushchair-stroller-gold-edition-green\/"]}]},{"@type":"ImageObject","inLanguage":"pt-PT","@id":"https:\/\/forbabyboss.com\/product\/foldable-3in1-newborn-baby-pushchair-stroller-gold-edition-green\/#primaryimage","url":"https:\/\/forbabyboss.com\/wp-content\/uploads\/2022\/09\/Newborn-Baby-Buggy-Pram-Foldable-3in1-Travel-System-Car-Seat-Pushchair-Stroller-Green-main.jpg","contentUrl":"https:\/\/forbabyboss.com\/wp-content\/uploads\/2022\/09\/Newborn-Baby-Buggy-Pram-Foldable-3in1-Travel-System-Car-Seat-Pushchair-Stroller-Green-main.jpg","width":1600,"height":1600},{"@type":"BreadcrumbList","@id":"https:\/\/forbabyboss.com\/product\/foldable-3in1-newborn-baby-pushchair-stroller-gold-edition-green\/#breadcrumb","itemListElement":[{"@type":"ListItem","position":1,"name":"Home","item":"https:\/\/forbabyboss.com\/"},{"@type":"ListItem","position":2,"name":"Shop","item":"https:\/\/forbabyboss.com\/shop\/"},{"@type":"ListItem","position":3,"name":"Foldable 3in1 Newborn Baby Pushchair Stroller Gold Edition &#8211; Green"}]},{"@type":"WebSite","@id":"https:\/\/powderblue-seahorse-496884.hostingersite.com\/#website","url":"https:\/\/powderblue-seahorse-496884.hostingersite.com\/","name":"Para o Baby Boss","description":"Bonitos presentes e acess\u00f3rios para o seu chefe beb\u00e9","potentialAction":[{"@type":"SearchAction","target":{"@type":"EntryPoint","urlTemplate":"https:\/\/powderblue-seahorse-496884.hostingersite.com\/?s={search_term_string}"},"query-input":{"@type":"PropertyValueSpecification","valueRequired":true,"valueName":"search_term_string"}}],"inLanguage":"pt-PT"}]}},"_links":{"self":[{"href":"https:\/\/forbabyboss.com\/pt\/wp-json\/wp\/v2\/product\/5745","targetHints":{"allow":["GET"]}}],"collection":[{"href":"https:\/\/forbabyboss.com\/pt\/wp-json\/wp\/v2\/product"}],"about":[{"href":"https:\/\/forbabyboss.com\/pt\/wp-json\/wp\/v2\/types\/product"}],"wp:featuredmedia":[{"embeddable":true,"href":"https:\/\/forbabyboss.com\/pt\/wp-json\/wp\/v2\/media\/5746"}],"wp:attachment":[{"href":"https:\/\/forbabyboss.com\/pt\/wp-json\/wp\/v2\/media?parent=5745"}],"wp:term":[{"taxonomy":"product_brand","embeddable":true,"href":"https:\/\/forbabyboss.com\/pt\/wp-json\/wp\/v2\/product_brand?post=5745"},{"taxonomy":"product_cat","embeddable":true,"href":"https:\/\/forbabyboss.com\/pt\/wp-json\/wp\/v2\/product_cat?post=5745"},{"taxonomy":"product_tag","embeddable":true,"href":"https:\/\/forbabyboss.com\/pt\/wp-json\/wp\/v2\/product_tag?post=5745"}],"curies":[{"name":"wp","href":"https:\/\/api.w.org\/{rel}","templated":true}]}}