{"id":5807,"date":"2022-09-15T09:44:05","date_gmt":"2022-09-15T09:44:05","guid":{"rendered":"http:\/\/forbabyboss.com\/?post_type=product&#038;p=5807"},"modified":"2026-02-18T19:33:04","modified_gmt":"2026-02-18T19:33:04","slug":"carrinho-de-bebe-novo-estilo-retro-conjunto-classico-3-em-1-sistema-de-viagem-multicolorido-com-estrutura-preta","status":"publish","type":"product","link":"https:\/\/forbabyboss.com\/pt\/product\/new-baby-pram-retro-set-classic-pushchair-3in1-travel-system-multicoloured-black-frame\/","title":{"rendered":"Carrinho de Beb\u00ea Retr\u00f4 Cl\u00e1ssico 3 em 1 com Sistema de Viagem e Estrutura Preta Multicolorida"},"content":{"rendered":"<h1><\/h1>\n<div style=\"width: 1020px;\" class=\"wp-video\"><video class=\"wp-video-shortcode\" id=\"video-5807-1\" width=\"1020\" height=\"574\" preload=\"metadata\" controls=\"controls\"><source type=\"video\/mp4\" src=\"http:\/\/forbabyboss.com\/wp-content\/uploads\/2022\/09\/romantic-vid-1.mp4?_=1\" \/><a href=\"http:\/\/forbabyboss.com\/wp-content\/uploads\/2022\/09\/romantic-vid-1.mp4\">http:\/\/forbabyboss.com\/wp-content\/uploads\/2022\/09\/romantic-vid-1.mp4<\/a><\/video><\/div>\n<p style=\"text-align: justify;\"><strong><span style=\"color: #808080;\">Os carrinhos de beb\u00ea da nossa empresa s\u00e3o fabricados com materiais e tecidos da mais alta qualidade, possuindo as aprova\u00e7\u00f5es e certifica\u00e7\u00f5es necess\u00e1rias que garantem a conformidade com as normas europeias de sa\u00fade e seguran\u00e7a. O carrinho ROMANTIC une conforto e modernidade na perfei\u00e7\u00e3o. Desde o primeiro momento de vida da crian\u00e7a, at\u00e9 que ela comece a sentar-se sozinha, utiliza-se o mois\u00e9s confort\u00e1vel e leve com cobertura para as pernas. O carrinho de passeio serve mais tarde, quando a crian\u00e7a j\u00e1 consegue sentar-se sozinha. O apoio para os p\u00e9s ajust\u00e1vel \u00e9 muito \u00fatil, permitindo adaptar a posi\u00e7\u00e3o de acordo com a idade e as necessidades da crian\u00e7a. A grade de seguran\u00e7a, os cintos de seguran\u00e7a de cinco pontos e o protetor entrepernas tamb\u00e9m contribuem para o conforto e a seguran\u00e7a.<\/span><\/strong><\/p>\n<h4 style=\"text-align: justify;\"><span style=\"color: #e14d43;\"><strong>O CONJUNTO INCLUI:<\/strong><\/span><\/h4>\n<p style=\"text-align: justify;\"><strong><span style=\"color: #808080;\">1. ESTRUTURA COM RODAS INFL\u00c1VEIS<\/span><\/strong><br \/>\n<strong><span style=\"color: #808080;\">2. CARRINHO DE BEB\u00ca (COM CAPOTA E TAMPA)<\/span><\/strong><br \/>\n<strong><span style=\"color: #808080;\">3. CARRINHO DE BEB\u00ca (COM CAPOTA E COBERTURA), CARRINHO DE BEB\u00ca COM CAPOTA E COBERTURA, POSSUI ENCOSTO E APOIO PARA OS P\u00c9S AJUST\u00c1VEIS\u00a0<\/span><\/strong><br \/>\n<strong><span style=\"color: #808080;\">4. CADEIRA DE CARRO (CAPOTA E CAPA)<\/span><\/strong><br \/>\n<strong><span style=\"color: #808080;\">5. CINTOS DE SEGURAN\u00c7A DE CINCO PONTOS.<\/span><\/strong><br \/>\n<strong><span style=\"color: #808080;\">5. BOLSA GRANDE<\/span><\/strong><br \/>\n<strong><span style=\"color: #808080;\">6. CESTA DE COMPRAS<\/span><\/strong><br \/>\n<strong><span style=\"color: #808080;\">7. CAPA DE CHUVA<\/span><\/strong><br \/>\n<strong><span style=\"color: #808080;\">8. PEL\u00cdCULA IMPERME\u00c1VEL<\/span><\/strong><br \/>\n<strong><span style=\"color: #808080;\">9. MOSQUITEIRO<\/span><\/strong><br \/>\n<strong><span style=\"color: #808080;\">10. Cadeirinha de beb\u00ea para carro com capota e protetor de pernas. A cadeirinha \u00e9 adequada para crian\u00e7as de at\u00e9 13 kg, possui al\u00e7a ajust\u00e1vel, redutor para o beb\u00ea e fun\u00e7\u00e3o de ber\u00e7o.<\/span><\/strong><\/p>\n<p style=\"text-align: justify;\"><strong><span style=\"color: #808080;\">Os carrinhos de beb\u00ea que oferecemos s\u00e3o fabricados em conformidade com as normas europeias PN-EN 1888:2018 e possuem certificados de institui\u00e7\u00f5es renomadas que garantem a mais alta qualidade e seguran\u00e7a do produto.<\/span><\/strong><\/p>\n<p style=\"text-align: justify;\"><strong><span style=\"color: #808080;\">Carrinhos de beb\u00ea rom\u00e2nticos v\u00eam com certificados de seguran\u00e7a e qualidade.<\/span><\/strong><\/p>\n<p style=\"text-align: justify;\"><span style=\"color: #e14d43;\"><strong>Estrutura do carrinho de beb\u00ea:<\/strong><\/span><\/p>\n<p style=\"text-align: justify;\"><strong><span style=\"color: #808080;\">\u2022 Posicionar o mois\u00e9s, o carrinho de beb\u00ea e a cadeirinha do carro virados para a frente e para tr\u00e1s.<\/span><\/strong><br \/>\n<strong><span style=\"color: #808080;\">\u2022 Cada roda possui um rolamento, o que melhora o conforto.<\/span><\/strong><br \/>\n<strong><span style=\"color: #808080;\">\u2022 Cesto grande pendurado embaixo do carrinho de beb\u00ea<\/span><\/strong><br \/>\n<strong><span style=\"color: #808080;\">\u2022 altura do cabo ajust\u00e1vel<\/span><\/strong><br \/>\n<strong><span style=\"color: #808080;\">\u2022 Estrutura dobr\u00e1vel f\u00e1cil e tamanho compacto quando dobrada<\/span><\/strong><br \/>\n<strong><span style=\"color: #808080;\">\u2022 Dimens\u00f5es da estrutura dobrada com rodas:<\/span><\/strong><br \/>\n<strong><span style=\"color: #808080;\">\u2022 comprimento 85 cm<\/span><\/strong><br \/>\n<strong><span style=\"color: #808080;\">\u2022 largura 60 cm<\/span><\/strong><br \/>\n<strong><span style=\"color: #808080;\">\u2022 Altura 41 cm<\/span><\/strong><br \/>\n<strong><span style=\"color: #808080;\">\u2022 Peso da estrutura: 11 kg<\/span><\/strong><br \/>\n<strong><span style=\"color: #808080;\">\u2022 Peso do carrinho de beb\u00ea com mois\u00e9s ou carrinho de passeio: 15 kg\u00a0<\/span><\/strong><\/p>\n<p style=\"text-align: justify;\"><span style=\"color: #e14d43;\"><strong>Carrinho de beb\u00ea Dimension com mois\u00e9s:<\/strong><\/span><\/p>\n<p style=\"text-align: justify;\"><strong><span style=\"color: #808080;\">\u2022 Largura 60 cm<\/span><\/strong><br \/>\n<strong><span style=\"color: #808080;\">\u2022 Altura at\u00e9 o cap\u00f4: 128 cm<\/span><\/strong><br \/>\n<strong><span style=\"color: #808080;\">\u2022 Altura da al\u00e7a: 103 cm<\/span><\/strong><\/p>\n<p style=\"text-align: justify;\"><span style=\"color: #e14d43;\"><strong>Carrinho de beb\u00ea:<\/strong><\/span><\/p>\n<p style=\"text-align: justify;\"><strong><span style=\"color: #808080;\">\u2022 Alcofa com fun\u00e7\u00e3o de ber\u00e7o e trava de seguran\u00e7a<\/span><\/strong><br \/>\n<strong><span style=\"color: #808080;\">\u2022 Altura do encosto do ber\u00e7o ajust\u00e1vel<\/span><\/strong><br \/>\n<strong><span style=\"color: #808080;\">\u2022 Cobertura ajustada para prote\u00e7\u00e3o contra condi\u00e7\u00f5es clim\u00e1ticas adversas<\/span><\/strong><br \/>\n<strong><span style=\"color: #808080;\">\u2022 A al\u00e7a no capuz permite transportar o ber\u00e7o junto com o beb\u00ea.<\/span><\/strong><br \/>\n<strong><span style=\"color: #808080;\">\u2022 capa de chuva<\/span><\/strong><br \/>\n<strong><span style=\"color: #808080;\">\u2022 colch\u00e3o e forro delicado do ber\u00e7o<\/span><\/strong><br \/>\n<strong><span style=\"color: #808080;\">\u2022 Dimens\u00f5es internas: 86 cm (comprimento) x 44 cm (largura) x 21 cm (altura)<\/span><\/strong><br \/>\n<strong><span style=\"color: #808080;\">\u2022 Peso: 4 kg<\/span><\/strong><\/p>\n<p style=\"text-align: justify;\"><span style=\"color: #e14d43;\"><strong>Banco esportivo:<\/strong><\/span><\/p>\n<p style=\"text-align: justify;\"><strong><span style=\"color: #808080;\">\u2022 cobertura para as pernas<\/span><\/strong><br \/>\n<strong><span style=\"color: #808080;\">\u2022 Capuz ajust\u00e1vel e remov\u00edvel<\/span><\/strong><br \/>\n<strong><span style=\"color: #808080;\">\u2022 barra de seguran\u00e7a remov\u00edvel<\/span><\/strong><br \/>\n<strong><span style=\"color: #808080;\">\u2022 Ajuste do encosto em 4 posi\u00e7\u00f5es<\/span><\/strong><br \/>\n<strong><span style=\"color: #808080;\">\u2022 apoio para os p\u00e9s ajust\u00e1vel<\/span><\/strong><br \/>\n<strong><span style=\"color: #808080;\">\u2022 posi\u00e7\u00e3o deitada de costas para a crian\u00e7a<\/span><\/strong><br \/>\n<strong><span style=\"color: #808080;\">\u2022 arn\u00eas ajust\u00e1vel de cinco pontos<\/span><\/strong><br \/>\n<strong><span style=\"color: #808080;\">\u2022 bolso na parte de tr\u00e1s do capuz<\/span><\/strong><br \/>\n<strong><span style=\"color: #808080;\">\u2022 dimens\u00f5es internas:<\/span><\/strong><br \/>\n<strong><span style=\"color: #808080;\">\u2022 comprimento 90 cm (encosto 47, assento 23, apoio para os p\u00e9s 21)<\/span><\/strong><br \/>\n<strong><span style=\"color: #808080;\">\u2022 largura 42 cm<\/span><\/strong><br \/>\n<strong><span style=\"color: #808080;\">\u2022 Peso 3,7 kg kg<\/span><\/strong><\/p>\n<p style=\"text-align: justify;\"><span style=\"color: #e14d43;\"><strong>Cadeirinha de carro com adaptador:<\/strong><\/span><\/p>\n<p style=\"text-align: justify;\"><strong><span style=\"color: #808080;\">\u2022 Cinto de seguran\u00e7a ajust\u00e1vel de tr\u00eas pontos com protetores<\/span><\/strong><br \/>\n<strong><span style=\"color: #808080;\">\u2022 Capuz e cobertura remov\u00edveis<\/span><\/strong><br \/>\n<strong><span style=\"color: #808080;\">\u2022 Inserir para beb\u00eas<\/span><\/strong><br \/>\n<strong><span style=\"color: #808080;\">\u2022 al\u00e7a ajust\u00e1vel<\/span><\/strong><br \/>\n<strong><span style=\"color: #808080;\">\u2022 Fun\u00e7\u00e3o de ber\u00e7o com trava<\/span><\/strong><br \/>\n<strong><span style=\"color: #808080;\">\u2022 A cadeirinha \u00e9 adequada para transportar crian\u00e7as de carro.<\/span><\/strong><br \/>\n<strong><span style=\"color: #808080;\">\u2022 homologa\u00e7\u00e3o ECE R44\/04<\/span><\/strong><\/p>\n<p>&nbsp;<\/p>\n<p><a href=\"http:\/\/forbabyboss.com\/wp-content\/uploads\/2022\/09\/checkout.png\"><img loading=\"lazy\" decoding=\"async\" class=\"alignnone wp-image-5965\" src=\"http:\/\/forbabyboss.com\/wp-content\/uploads\/2022\/09\/checkout.png\" alt=\"\" width=\"992\" height=\"365\" srcset=\"https:\/\/forbabyboss.com\/wp-content\/uploads\/2022\/09\/checkout.png 750w, https:\/\/forbabyboss.com\/wp-content\/uploads\/2022\/09\/checkout-600x221.png 600w\" sizes=\"auto, (max-width: 992px) 100vw, 992px\" \/><\/a><\/p>","protected":false},"excerpt":{"rendered":"<p><a href=\"http:\/\/forbabyboss.com\/wp-content\/uploads\/2022\/09\/Star-Rating-5.png\"><img loading=\"lazy\" decoding=\"async\" class=\"alignnone size-full wp-image-5973 aligncenter\" src=\"http:\/\/forbabyboss.com\/wp-content\/uploads\/2022\/09\/Star-Rating-5.png\" alt=\"\" width=\"275\" height=\"45\" \/><\/a><\/p>\n<p style=\"text-align: center;\"><span style=\"color: #ed1c24; font-size: 120%;\"><b>GARANTIA DE MELHORA DE PRE\u00c7O<\/b><\/span><\/p>\n<p style=\"text-align: center;\"><span style=\"font-size: 115%;\"><span style=\"font-weight: 400; color: #4f4fa7;\">Entrega gr\u00e1tis<\/span><span style=\"font-weight: 400;\"> \u2013 2 a 7 dias<\/span><\/span><\/p>\n<p style=\"text-align: center;\"><strong><span style=\"color: #29606b;\">Brinde gr\u00e1tis em compras acima de \u00a3100<\/span><\/strong><\/p>","protected":false},"featured_media":5808,"template":"","meta":[],"product_brand":[577],"product_cat":[338,339,156,305,270,303,130,209,211],"product_tag":[163,199],"class_list":{"0":"post-5807","1":"product","2":"type-product","3":"status-publish","4":"has-post-thumbnail","6":"product_brand-kunert","7":"product_cat-600-to-700","8":"product_cat-700-to-800","9":"product_cat-3-in-1","10":"product_cat-colour","11":"product_cat-multicolor","12":"product_cat-pattern","13":"product_cat-prams","14":"product_cat-push-chairs","15":"product_cat-stroller","16":"product_tag-3-in-1-prams","17":"product_tag-prams","19":"first","20":"instock","21":"sale","22":"shipping-taxable","23":"purchasable","24":"product-type-simple"},"yoast_head":"<!-- This site is optimized with the Yoast SEO plugin v27.6 - https:\/\/yoast.com\/product\/yoast-seo-wordpress\/ -->\n<title>New Baby Pram Retro Set Classic Pushchair 3in1 Travel System Multicoloured Black Frame - For Baby Boss<\/title>\n<meta name=\"description\" content=\"New Baby Pram Retro Set Classic Pushchair 3in1 Travel System Multicoloured Black Frame\" \/>\n<meta name=\"robots\" content=\"index, follow, max-snippet:-1, max-image-preview:large, max-video-preview:-1\" \/>\n<link rel=\"canonical\" href=\"https:\/\/forbabyboss.com\/pt\/produto\/carrinho-de-bebe-novo-estilo-retro-conjunto-classico-3-em-1-sistema-de-viagem-multicolorido-com-estrutura-preta\/\" \/>\n<meta property=\"og:locale\" content=\"pt_PT\" \/>\n<meta property=\"og:type\" content=\"article\" \/>\n<meta property=\"og:title\" content=\"New Baby Pram Retro Set Classic Pushchair 3in1 Travel System Multicoloured Black Frame - For Baby Boss\" \/>\n<meta property=\"og:description\" content=\"New Baby Pram Retro Set Classic Pushchair 3in1 Travel System Multicoloured Black Frame\" \/>\n<meta property=\"og:url\" content=\"https:\/\/forbabyboss.com\/pt\/produto\/carrinho-de-bebe-novo-estilo-retro-conjunto-classico-3-em-1-sistema-de-viagem-multicolorido-com-estrutura-preta\/\" \/>\n<meta property=\"og:site_name\" content=\"For Baby Boss\" \/>\n<meta property=\"article:modified_time\" content=\"2026-02-18T19:33:04+00:00\" \/>\n<meta property=\"og:image\" content=\"https:\/\/forbabyboss.com\/wp-content\/uploads\/2022\/09\/Baby-Pram-Retro-Buggy-Set-Classic-Pushchair-3in1Travel-System-NEW-2022-FREEBIES-Multicoloured-black-frame-main.png\" \/>\n\t<meta property=\"og:image:width\" content=\"1600\" \/>\n\t<meta property=\"og:image:height\" content=\"1600\" \/>\n\t<meta property=\"og:image:type\" content=\"image\/png\" \/>\n<meta name=\"twitter:card\" content=\"summary_large_image\" \/>\n<meta name=\"twitter:label1\" content=\"Tempo estimado de leitura\" \/>\n\t<meta name=\"twitter:data1\" content=\"3 minutos\" \/>\n<script type=\"application\/ld+json\" class=\"yoast-schema-graph\">{\"@context\":\"https:\\\/\\\/schema.org\",\"@graph\":[{\"@type\":\"WebPage\",\"@id\":\"https:\\\/\\\/forbabyboss.com\\\/product\\\/new-baby-pram-retro-set-classic-pushchair-3in1-travel-system-multicoloured-black-frame\\\/\",\"url\":\"https:\\\/\\\/forbabyboss.com\\\/product\\\/new-baby-pram-retro-set-classic-pushchair-3in1-travel-system-multicoloured-black-frame\\\/\",\"name\":\"New Baby Pram Retro Set Classic Pushchair 3in1 Travel System Multicoloured Black Frame - For Baby Boss\",\"isPartOf\":{\"@id\":\"https:\\\/\\\/powderblue-seahorse-496884.hostingersite.com\\\/#website\"},\"primaryImageOfPage\":{\"@id\":\"https:\\\/\\\/forbabyboss.com\\\/product\\\/new-baby-pram-retro-set-classic-pushchair-3in1-travel-system-multicoloured-black-frame\\\/#primaryimage\"},\"image\":{\"@id\":\"https:\\\/\\\/forbabyboss.com\\\/product\\\/new-baby-pram-retro-set-classic-pushchair-3in1-travel-system-multicoloured-black-frame\\\/#primaryimage\"},\"thumbnailUrl\":\"https:\\\/\\\/forbabyboss.com\\\/wp-content\\\/uploads\\\/2022\\\/09\\\/Baby-Pram-Retro-Buggy-Set-Classic-Pushchair-3in1Travel-System-NEW-2022-FREEBIES-Multicoloured-black-frame-main.png\",\"datePublished\":\"2022-09-15T09:44:05+00:00\",\"dateModified\":\"2026-02-18T19:33:04+00:00\",\"description\":\"New Baby Pram Retro Set Classic Pushchair 3in1 Travel System Multicoloured Black Frame\",\"breadcrumb\":{\"@id\":\"https:\\\/\\\/forbabyboss.com\\\/product\\\/new-baby-pram-retro-set-classic-pushchair-3in1-travel-system-multicoloured-black-frame\\\/#breadcrumb\"},\"inLanguage\":\"pt-PT\",\"potentialAction\":[{\"@type\":\"ReadAction\",\"target\":[\"https:\\\/\\\/forbabyboss.com\\\/product\\\/new-baby-pram-retro-set-classic-pushchair-3in1-travel-system-multicoloured-black-frame\\\/\"]}]},{\"@type\":\"ImageObject\",\"inLanguage\":\"pt-PT\",\"@id\":\"https:\\\/\\\/forbabyboss.com\\\/product\\\/new-baby-pram-retro-set-classic-pushchair-3in1-travel-system-multicoloured-black-frame\\\/#primaryimage\",\"url\":\"https:\\\/\\\/forbabyboss.com\\\/wp-content\\\/uploads\\\/2022\\\/09\\\/Baby-Pram-Retro-Buggy-Set-Classic-Pushchair-3in1Travel-System-NEW-2022-FREEBIES-Multicoloured-black-frame-main.png\",\"contentUrl\":\"https:\\\/\\\/forbabyboss.com\\\/wp-content\\\/uploads\\\/2022\\\/09\\\/Baby-Pram-Retro-Buggy-Set-Classic-Pushchair-3in1Travel-System-NEW-2022-FREEBIES-Multicoloured-black-frame-main.png\",\"width\":1600,\"height\":1600},{\"@type\":\"BreadcrumbList\",\"@id\":\"https:\\\/\\\/forbabyboss.com\\\/product\\\/new-baby-pram-retro-set-classic-pushchair-3in1-travel-system-multicoloured-black-frame\\\/#breadcrumb\",\"itemListElement\":[{\"@type\":\"ListItem\",\"position\":1,\"name\":\"Home\",\"item\":\"https:\\\/\\\/forbabyboss.com\\\/\"},{\"@type\":\"ListItem\",\"position\":2,\"name\":\"Shop\",\"item\":\"https:\\\/\\\/forbabyboss.com\\\/shop\\\/\"},{\"@type\":\"ListItem\",\"position\":3,\"name\":\"New Baby Pram Retro Set Classic Pushchair 3in1 Travel System Multicoloured Black Frame\"}]},{\"@type\":\"WebSite\",\"@id\":\"https:\\\/\\\/powderblue-seahorse-496884.hostingersite.com\\\/#website\",\"url\":\"https:\\\/\\\/powderblue-seahorse-496884.hostingersite.com\\\/\",\"name\":\"For Baby Boss\",\"description\":\"Beautiful gifts and accessories for your baby boss\",\"potentialAction\":[{\"@type\":\"SearchAction\",\"target\":{\"@type\":\"EntryPoint\",\"urlTemplate\":\"https:\\\/\\\/powderblue-seahorse-496884.hostingersite.com\\\/?s={search_term_string}\"},\"query-input\":{\"@type\":\"PropertyValueSpecification\",\"valueRequired\":true,\"valueName\":\"search_term_string\"}}],\"inLanguage\":\"pt-PT\"}]}<\/script>\n<!-- \/ Yoast SEO plugin. -->","yoast_head_json":{"title":"Carrinho de Beb\u00ea Retr\u00f4 Cl\u00e1ssico 3 em 1 com Estrutura Preta Multicolorida - Para Baby Boss","description":"Carrinho de Beb\u00ea Retr\u00f4 Cl\u00e1ssico 3 em 1 com Sistema de Viagem e Estrutura Preta Multicolorida","robots":{"index":"index","follow":"follow","max-snippet":"max-snippet:-1","max-image-preview":"max-image-preview:large","max-video-preview":"max-video-preview:-1"},"canonical":"https:\/\/forbabyboss.com\/pt\/produto\/carrinho-de-bebe-novo-estilo-retro-conjunto-classico-3-em-1-sistema-de-viagem-multicolorido-com-estrutura-preta\/","og_locale":"pt_PT","og_type":"article","og_title":"New Baby Pram Retro Set Classic Pushchair 3in1 Travel System Multicoloured Black Frame - For Baby Boss","og_description":"New Baby Pram Retro Set Classic Pushchair 3in1 Travel System Multicoloured Black Frame","og_url":"https:\/\/forbabyboss.com\/pt\/produto\/carrinho-de-bebe-novo-estilo-retro-conjunto-classico-3-em-1-sistema-de-viagem-multicolorido-com-estrutura-preta\/","og_site_name":"For Baby Boss","article_modified_time":"2026-02-18T19:33:04+00:00","og_image":[{"width":1600,"height":1600,"url":"https:\/\/forbabyboss.com\/wp-content\/uploads\/2022\/09\/Baby-Pram-Retro-Buggy-Set-Classic-Pushchair-3in1Travel-System-NEW-2022-FREEBIES-Multicoloured-black-frame-main.png","type":"image\/png"}],"twitter_card":"summary_large_image","twitter_misc":{"Tempo estimado de leitura":"3 minutos"},"schema":{"@context":"https:\/\/schema.org","@graph":[{"@type":"WebPage","@id":"https:\/\/forbabyboss.com\/product\/new-baby-pram-retro-set-classic-pushchair-3in1-travel-system-multicoloured-black-frame\/","url":"https:\/\/forbabyboss.com\/product\/new-baby-pram-retro-set-classic-pushchair-3in1-travel-system-multicoloured-black-frame\/","name":"Carrinho de Beb\u00ea Retr\u00f4 Cl\u00e1ssico 3 em 1 com Estrutura Preta Multicolorida - Para Baby Boss","isPartOf":{"@id":"https:\/\/powderblue-seahorse-496884.hostingersite.com\/#website"},"primaryImageOfPage":{"@id":"https:\/\/forbabyboss.com\/product\/new-baby-pram-retro-set-classic-pushchair-3in1-travel-system-multicoloured-black-frame\/#primaryimage"},"image":{"@id":"https:\/\/forbabyboss.com\/product\/new-baby-pram-retro-set-classic-pushchair-3in1-travel-system-multicoloured-black-frame\/#primaryimage"},"thumbnailUrl":"https:\/\/forbabyboss.com\/wp-content\/uploads\/2022\/09\/Baby-Pram-Retro-Buggy-Set-Classic-Pushchair-3in1Travel-System-NEW-2022-FREEBIES-Multicoloured-black-frame-main.png","datePublished":"2022-09-15T09:44:05+00:00","dateModified":"2026-02-18T19:33:04+00:00","description":"Carrinho de Beb\u00ea Retr\u00f4 Cl\u00e1ssico 3 em 1 com Sistema de Viagem e Estrutura Preta Multicolorida","breadcrumb":{"@id":"https:\/\/forbabyboss.com\/product\/new-baby-pram-retro-set-classic-pushchair-3in1-travel-system-multicoloured-black-frame\/#breadcrumb"},"inLanguage":"pt-PT","potentialAction":[{"@type":"ReadAction","target":["https:\/\/forbabyboss.com\/product\/new-baby-pram-retro-set-classic-pushchair-3in1-travel-system-multicoloured-black-frame\/"]}]},{"@type":"ImageObject","inLanguage":"pt-PT","@id":"https:\/\/forbabyboss.com\/product\/new-baby-pram-retro-set-classic-pushchair-3in1-travel-system-multicoloured-black-frame\/#primaryimage","url":"https:\/\/forbabyboss.com\/wp-content\/uploads\/2022\/09\/Baby-Pram-Retro-Buggy-Set-Classic-Pushchair-3in1Travel-System-NEW-2022-FREEBIES-Multicoloured-black-frame-main.png","contentUrl":"https:\/\/forbabyboss.com\/wp-content\/uploads\/2022\/09\/Baby-Pram-Retro-Buggy-Set-Classic-Pushchair-3in1Travel-System-NEW-2022-FREEBIES-Multicoloured-black-frame-main.png","width":1600,"height":1600},{"@type":"BreadcrumbList","@id":"https:\/\/forbabyboss.com\/product\/new-baby-pram-retro-set-classic-pushchair-3in1-travel-system-multicoloured-black-frame\/#breadcrumb","itemListElement":[{"@type":"ListItem","position":1,"name":"Home","item":"https:\/\/forbabyboss.com\/"},{"@type":"ListItem","position":2,"name":"Shop","item":"https:\/\/forbabyboss.com\/shop\/"},{"@type":"ListItem","position":3,"name":"New Baby Pram Retro Set Classic Pushchair 3in1 Travel System Multicoloured Black Frame"}]},{"@type":"WebSite","@id":"https:\/\/powderblue-seahorse-496884.hostingersite.com\/#website","url":"https:\/\/powderblue-seahorse-496884.hostingersite.com\/","name":"Para o Baby Boss","description":"Bonitos presentes e acess\u00f3rios para o seu chefe beb\u00e9","potentialAction":[{"@type":"SearchAction","target":{"@type":"EntryPoint","urlTemplate":"https:\/\/powderblue-seahorse-496884.hostingersite.com\/?s={search_term_string}"},"query-input":{"@type":"PropertyValueSpecification","valueRequired":true,"valueName":"search_term_string"}}],"inLanguage":"pt-PT"}]}},"_links":{"self":[{"href":"https:\/\/forbabyboss.com\/pt\/wp-json\/wp\/v2\/product\/5807","targetHints":{"allow":["GET"]}}],"collection":[{"href":"https:\/\/forbabyboss.com\/pt\/wp-json\/wp\/v2\/product"}],"about":[{"href":"https:\/\/forbabyboss.com\/pt\/wp-json\/wp\/v2\/types\/product"}],"wp:featuredmedia":[{"embeddable":true,"href":"https:\/\/forbabyboss.com\/pt\/wp-json\/wp\/v2\/media\/5808"}],"wp:attachment":[{"href":"https:\/\/forbabyboss.com\/pt\/wp-json\/wp\/v2\/media?parent=5807"}],"wp:term":[{"taxonomy":"product_brand","embeddable":true,"href":"https:\/\/forbabyboss.com\/pt\/wp-json\/wp\/v2\/product_brand?post=5807"},{"taxonomy":"product_cat","embeddable":true,"href":"https:\/\/forbabyboss.com\/pt\/wp-json\/wp\/v2\/product_cat?post=5807"},{"taxonomy":"product_tag","embeddable":true,"href":"https:\/\/forbabyboss.com\/pt\/wp-json\/wp\/v2\/product_tag?post=5807"}],"curies":[{"name":"wp","href":"https:\/\/api.w.org\/{rel}","templated":true}]}}