{"id":5867,"date":"2022-09-15T10:43:51","date_gmt":"2022-09-15T10:43:51","guid":{"rendered":"http:\/\/forbabyboss.com\/?post_type=product&#038;p=5867"},"modified":"2026-02-21T10:56:25","modified_gmt":"2026-02-21T10:56:25","slug":"carrinho-de-bebe-classico-dobravel-3-em-1-para-viagem-na-cor-cinza","status":"publish","type":"product","link":"https:\/\/forbabyboss.com\/pt\/product\/3-in1-travel-set-folding-classic-baby-pram-in-grey\/","title":{"rendered":"Carrinho de Beb\u00ea Cl\u00e1ssico Dobr\u00e1vel 3 em 1 para Viagem na cor Cinza"},"content":{"rendered":"<h2 style=\"text-align: justify;\"><span style=\"color: #e14d43;\"><strong>Carrinho de beb\u00ea profundo<\/strong><\/span><\/h2>\n<p style=\"text-align: justify;\"><strong><span style=\"color: #000000;\">Trata-se de uma estrutura leve de alum\u00ednio com uma g\u00f4ndola, destinada principalmente ao transporte seguro de rec\u00e9m-nascidos e beb\u00eas com peso de at\u00e9 9 kg.<\/span><\/strong><br \/>\n<strong><span style=\"color: #000000;\">A g\u00f4ndola Axel possui um toldo dobr\u00e1vel e um forro macio de algod\u00e3o que pode ser facilmente removido para lavagem.<\/span><\/strong><br \/>\n<strong><span style=\"color: #000000;\">A cabine est\u00e1 equipada com uma janela de ventila\u00e7\u00e3o que pode ser aberta.<\/span><\/strong><br \/>\n<strong><span style=\"color: #000000;\">Al\u00e9m disso, a cobertura da g\u00f4ndola funciona como um captador de vento.<\/span><\/strong><br \/>\n<strong><span style=\"color: #000000;\">A g\u00f4ndola tamb\u00e9m possui um encosto com ajuste de altura suave.<\/span><\/strong><\/p>\n<h2 style=\"text-align: justify;\"><span style=\"color: #e14d43;\"><strong>Caracter\u00edsticas do ber\u00e7o:<\/strong><\/span><\/h2>\n<p style=\"text-align: justify;\"><strong><span style=\"color: #000000;\">\u2713 Capota dobr\u00e1vel \u2013 protege a crian\u00e7a do sol e da chuva<\/span><\/strong><br \/>\n<strong><span style=\"color: #000000;\">\u2713 Forro de algod\u00e3o \u2013 proporciona o m\u00e1ximo conforto durante a viagem (pode ser facilmente removido para lavagem)<\/span><\/strong><br \/>\n<strong><span style=\"color: #000000;\">\u2713 Janela de ventila\u00e7\u00e3o \u2013 fornece ar fresco dentro do carrinho<\/span><\/strong><br \/>\n<strong><span style=\"color: #000000;\">\u2713 Capa \u2013 protege a crian\u00e7a do vento e do frio<\/span><\/strong><br \/>\n<strong><span style=\"color: #000000;\">\u2713 Alcofa com fun\u00e7\u00e3o de ber\u00e7o \u2013 permite balan\u00e7ar a crian\u00e7a (pode ser travada desdobrando as pernas laterais)<\/span><\/strong><br \/>\n<strong><span style=\"color: #000000;\">\u2713 Alcofa com pega revestida em pele ecol\u00f3gica \u2013 permitindo um transporte pr\u00e1tico.<\/span><\/strong><\/p>\n<h2 style=\"text-align: justify;\"><span style=\"color: #e14d43;\"><strong>Assento de autom\u00f3vel<\/strong><\/span><\/h2>\n<p style=\"text-align: justify;\"><strong><span style=\"color: #000000;\">\u00c9 projetado para crian\u00e7as com peso de at\u00e9 10 kg. Possui a aprova\u00e7\u00e3o ECE R44\/04, que confirma que o produto atende a rigorosos padr\u00f5es de seguran\u00e7a e pode ser usado para o transporte seguro de uma crian\u00e7a em um carro. Al\u00e9m disso, a cadeirinha pode ser montada na estrutura do carrinho de beb\u00ea voltada para a frente ou para tr\u00e1s, utilizando os adaptadores inclu\u00eddos no conjunto.<\/span><\/strong><\/p>\n<p><strong><span style=\"color: #000000;\">\u2713 Inserto adicional para beb\u00eas \u2013 permite o transporte seguro de rec\u00e9m-nascidos<\/span><\/strong><br \/>\n<strong><span style=\"color: #000000;\">\u2713 Cabo ajust\u00e1vel \u2013 caracterizado pela m\u00e1xima ergonomia (pode ser posicionado de acordo com a necessidade de apoio)<\/span><\/strong><br \/>\n<strong><span style=\"color: #000000;\">\u2713 Fun\u00e7\u00e3o ber\u00e7o \u2013 gra\u00e7as a uma base com perfil especial.<\/span><\/strong><br \/>\n<strong><span style=\"color: #000000;\">\u2713 Cobertura para as pernas com elementos refletores \u2013 protege contra o frio (pode ser desmontada)<\/span><\/strong><br \/>\n<strong><span style=\"color: #000000;\">\u2713 Viseira remov\u00edvel para chuva e sol \u2013 protege a crian\u00e7a contra condi\u00e7\u00f5es clim\u00e1ticas desfavor\u00e1veis.<\/span><\/strong><br \/>\n<strong><span style=\"color: #000000;\">\u2713 Cintos de seguran\u00e7a de tr\u00eas pontos com ajuste central de comprimento \u2013 garantem a seguran\u00e7a durante a viagem<\/span><\/strong><br \/>\n<strong><span style=\"color: #000000;\">\u2713 Capas adicionais para as al\u00e7as de ombro \u2013 para maior conforto durante viagens<\/span><\/strong><br \/>\n<strong><span style=\"color: #000000;\">\u2713 Adaptadores \u2013 que permitem montar a cadeirinha na estrutura do carrinho de beb\u00ea.<\/span><\/strong><\/p>\n<h2 style=\"text-align: justify;\"><span style=\"color: #e14d43;\"><strong>Carrinho de beb\u00e9<\/strong><\/span><\/h2>\n<p style=\"text-align: justify;\"><strong><span style=\"color: #000000;\">O carrinho \u00e9 perfeito para crian\u00e7as um pouco maiores, com peso de at\u00e9 15 kg. O Axel oferece duas op\u00e7\u00f5es de instala\u00e7\u00e3o: virado para a frente ou para tr\u00e1s, de acordo com a sua prefer\u00eancia.<\/span><\/strong><br \/>\n<strong><span style=\"color: #000000;\">Um toldo dobr\u00e1vel e uma cobertura com fun\u00e7\u00e3o de prote\u00e7\u00e3o contra o vento proteger\u00e3o seu filho das condi\u00e7\u00f5es clim\u00e1ticas desfavor\u00e1veis.<\/span><\/strong><\/p>\n<p><strong><span style=\"color: #000000;\">\u2713 Cintos de seguran\u00e7a de cinco pontos com almofadas macias \u2013 protegem e garantem conforto durante a viagem<\/span><\/strong><br \/>\n<strong><span style=\"color: #000000;\">\u2713 Barreira e apoio para os p\u00e9s em couro ecol\u00f3gico \u2013 resistentes a danos e f\u00e1ceis de limpar<\/span><\/strong><br \/>\n<strong><span style=\"color: #000000;\">\u2713 Apoio para os p\u00e9s ajust\u00e1vel \u2013 para um posicionamento ideal<\/span><\/strong><br \/>\n<strong><span style=\"color: #000000;\">\u2713 Encosto ajust\u00e1vel em quatro posi\u00e7\u00f5es \u2013 proporciona uma posi\u00e7\u00e3o ideal e aumenta o conforto da crian\u00e7a<\/span><\/strong><br \/>\n<strong><span style=\"color: #000000;\">\u2713 Estrutura com suspens\u00e3o macia \u2013 protege a crian\u00e7a contra impactos desagrad\u00e1veis ao dirigir em superf\u00edcies irregulares.<\/span><\/strong><\/p>\n<h2 style=\"text-align: justify;\"><span style=\"color: #e14d43;\"><strong>Estrutura do carrinho de beb\u00ea<\/strong><\/span><\/h2>\n<p style=\"text-align: justify;\"><strong><span style=\"color: #000000;\">A estrutura do carrinho \u00e9 feita de alum\u00ednio leve, enquanto o inovador sistema girat\u00f3rio,<\/span><\/strong><br \/>\n<strong><span style=\"color: #000000;\">As rodas com rolamentos de esferas e pneus de poliuretano s\u00e3o respons\u00e1veis pelo movimento suave do carrinho. Rodas desse tipo possuem todas as propriedades das rodas com c\u00e2mara de ar e, al\u00e9m disso, ,<\/span><\/strong><br \/>\n<strong><span style=\"color: #000000;\">N\u00e3o s\u00e3o perfurados. Consequentemente, s\u00e3o isentos de problemas, n\u00e3o exigem manuten\u00e7\u00e3o e s\u00e3o muito dur\u00e1veis. Al\u00e9m disso, possuem um bloqueio que permite dirigir em linha reta.<\/span><\/strong><\/p>\n<p><span style=\"color: #e14d43;\"><strong>Caracter\u00edsticas da moldura:<\/strong><\/span><\/p>\n<p><strong><span style=\"color: #000000;\">\u2713Estrutura de alum\u00ednio s\u00f3lida e leve<\/span><\/strong><br \/>\n<strong><span style=\"color: #000000;\">\u2713Al\u00e7a ajust\u00e1vel revestida em couro ecol\u00f3gico \u2013 permite ajustar facilmente o carrinho \u00e0 sua altura.<\/span><\/strong><br \/>\n<strong><span style=\"color: #000000;\">\u2713Suspens\u00e3o macia \u2013 um sistema inovador de absor\u00e7\u00e3o de impactos garante o m\u00e1ximo conforto durante a viagem.<\/span><\/strong><br \/>\n<strong><span style=\"color: #000000;\">\u2713Freio central (Easy Stop) \u2013 permite bloquear rapidamente as rodas do carrinho.<\/span><\/strong><br \/>\n<strong><span style=\"color: #000000;\">\u2713 Possibilidade de instalar o Buggy Board \u2013 esta fun\u00e7\u00e3o ser\u00e1 \u00fatil quando a crian\u00e7a tiver um irm\u00e3o ou irm\u00e3 mais velho(a).<\/span><\/strong><br \/>\n<strong><span style=\"color: #000000;\">\u2713 Estrutura dobr\u00e1vel \u2013 quando dobrada, ocupa pouco espa\u00e7o e cabe no porta-malas do carro.<\/span><\/strong><\/p>\n<p>&nbsp;<\/p>\n<p><a href=\"http:\/\/forbabyboss.com\/wp-content\/uploads\/2022\/09\/checkout.png\"><img loading=\"lazy\" decoding=\"async\" class=\"alignnone wp-image-5965\" src=\"http:\/\/forbabyboss.com\/wp-content\/uploads\/2022\/09\/checkout.png\" alt=\"\" width=\"970\" height=\"357\" srcset=\"https:\/\/forbabyboss.com\/wp-content\/uploads\/2022\/09\/checkout.png 750w, https:\/\/forbabyboss.com\/wp-content\/uploads\/2022\/09\/checkout-600x221.png 600w\" sizes=\"auto, (max-width: 970px) 100vw, 970px\" \/><\/a><\/p>\n<p style=\"text-align: justify;\">","protected":false},"excerpt":{"rendered":"<p><a href=\"http:\/\/forbabyboss.com\/wp-content\/uploads\/2022\/09\/Star-Rating-5.png\"><img loading=\"lazy\" decoding=\"async\" class=\"alignnone size-full wp-image-5973 aligncenter\" src=\"http:\/\/forbabyboss.com\/wp-content\/uploads\/2022\/09\/Star-Rating-5.png\" alt=\"\" width=\"275\" height=\"45\" \/><\/a><\/p>\n<p style=\"text-align: center;\"><span style=\"color: #ed1c24; font-size: 120%;\"><b>GARANTIA DE MELHORA DE PRE\u00c7O<\/b><\/span><\/p>\n<p style=\"text-align: center;\"><span style=\"font-size: 115%;\"><span style=\"font-weight: 400; color: #4f4fa7;\">Entrega gr\u00e1tis<\/span><span style=\"font-weight: 400;\"> \u2013 2 a 7 dias<\/span><\/span><\/p>\n<p style=\"text-align: center;\"><strong><span style=\"color: #29606b;\">Brinde gr\u00e1tis em compras acima de \u00a3100<\/span><\/strong><\/p>","protected":false},"featured_media":5869,"template":"","meta":[],"product_brand":[370],"product_cat":[337,339,156,305,210,303,130,209,211],"product_tag":[],"class_list":{"0":"post-5867","1":"product","2":"type-product","3":"status-publish","4":"has-post-thumbnail","6":"product_brand-babylux","7":"product_cat-500-to-600","8":"product_cat-700-to-800","9":"product_cat-3-in-1","10":"product_cat-colour","11":"product_cat-grey","12":"product_cat-pattern","13":"product_cat-prams","14":"product_cat-push-chairs","15":"product_cat-stroller","17":"first","18":"instock","19":"sale","20":"shipping-taxable","21":"purchasable","22":"product-type-simple"},"yoast_head":"<!-- This site is optimized with the Yoast SEO plugin v27.5 - https:\/\/yoast.com\/product\/yoast-seo-wordpress\/ -->\n<title>3 in1 Travel Set Folding Classic Baby Pram in Grey - For Baby Boss<\/title>\n<meta name=\"description\" content=\"3 in1 Travel Set Folding Classic Baby Pram in Grey\" \/>\n<meta name=\"robots\" content=\"index, follow, max-snippet:-1, max-image-preview:large, max-video-preview:-1\" \/>\n<link rel=\"canonical\" href=\"https:\/\/forbabyboss.com\/pt\/produto\/carrinho-de-bebe-classico-dobravel-3-em-1-para-viagem-na-cor-cinza\/\" \/>\n<meta property=\"og:locale\" content=\"pt_PT\" \/>\n<meta property=\"og:type\" content=\"article\" \/>\n<meta property=\"og:title\" content=\"3 in1 Travel Set Folding Classic Baby Pram in Grey - For Baby Boss\" \/>\n<meta property=\"og:description\" content=\"3 in1 Travel Set Folding Classic Baby Pram in Grey\" \/>\n<meta property=\"og:url\" content=\"https:\/\/forbabyboss.com\/pt\/produto\/carrinho-de-bebe-classico-dobravel-3-em-1-para-viagem-na-cor-cinza\/\" \/>\n<meta property=\"og:site_name\" content=\"For Baby Boss\" \/>\n<meta property=\"article:modified_time\" content=\"2026-02-21T10:56:25+00:00\" \/>\n<meta property=\"og:image\" content=\"https:\/\/forbabyboss.com\/wp-content\/uploads\/2022\/09\/Baby-Pram-Classic-Buggy-Retro-Pushchair-3-in1-Travel-Set-Folding-Newborns-Grey-800x800.png\" \/>\n\t<meta property=\"og:image:width\" content=\"800\" \/>\n\t<meta property=\"og:image:height\" content=\"800\" \/>\n\t<meta property=\"og:image:type\" content=\"image\/png\" \/>\n<meta name=\"twitter:card\" content=\"summary_large_image\" \/>\n<meta name=\"twitter:label1\" content=\"Tempo estimado de leitura\" \/>\n\t<meta name=\"twitter:data1\" content=\"3 minutos\" \/>\n<script type=\"application\/ld+json\" class=\"yoast-schema-graph\">{\"@context\":\"https:\\\/\\\/schema.org\",\"@graph\":[{\"@type\":\"WebPage\",\"@id\":\"https:\\\/\\\/forbabyboss.com\\\/product\\\/3-in1-travel-set-folding-classic-baby-pram-in-grey\\\/\",\"url\":\"https:\\\/\\\/forbabyboss.com\\\/product\\\/3-in1-travel-set-folding-classic-baby-pram-in-grey\\\/\",\"name\":\"3 in1 Travel Set Folding Classic Baby Pram in Grey - For Baby Boss\",\"isPartOf\":{\"@id\":\"https:\\\/\\\/powderblue-seahorse-496884.hostingersite.com\\\/#website\"},\"primaryImageOfPage\":{\"@id\":\"https:\\\/\\\/forbabyboss.com\\\/product\\\/3-in1-travel-set-folding-classic-baby-pram-in-grey\\\/#primaryimage\"},\"image\":{\"@id\":\"https:\\\/\\\/forbabyboss.com\\\/product\\\/3-in1-travel-set-folding-classic-baby-pram-in-grey\\\/#primaryimage\"},\"thumbnailUrl\":\"https:\\\/\\\/forbabyboss.com\\\/wp-content\\\/uploads\\\/2022\\\/09\\\/Baby-Pram-Classic-Buggy-Retro-Pushchair-3-in1-Travel-Set-Folding-Newborns-Grey.png\",\"datePublished\":\"2022-09-15T10:43:51+00:00\",\"dateModified\":\"2026-02-21T10:56:25+00:00\",\"description\":\"3 in1 Travel Set Folding Classic Baby Pram in Grey\",\"breadcrumb\":{\"@id\":\"https:\\\/\\\/forbabyboss.com\\\/product\\\/3-in1-travel-set-folding-classic-baby-pram-in-grey\\\/#breadcrumb\"},\"inLanguage\":\"pt-PT\",\"potentialAction\":[{\"@type\":\"ReadAction\",\"target\":[\"https:\\\/\\\/forbabyboss.com\\\/product\\\/3-in1-travel-set-folding-classic-baby-pram-in-grey\\\/\"]}]},{\"@type\":\"ImageObject\",\"inLanguage\":\"pt-PT\",\"@id\":\"https:\\\/\\\/forbabyboss.com\\\/product\\\/3-in1-travel-set-folding-classic-baby-pram-in-grey\\\/#primaryimage\",\"url\":\"https:\\\/\\\/forbabyboss.com\\\/wp-content\\\/uploads\\\/2022\\\/09\\\/Baby-Pram-Classic-Buggy-Retro-Pushchair-3-in1-Travel-Set-Folding-Newborns-Grey.png\",\"contentUrl\":\"https:\\\/\\\/forbabyboss.com\\\/wp-content\\\/uploads\\\/2022\\\/09\\\/Baby-Pram-Classic-Buggy-Retro-Pushchair-3-in1-Travel-Set-Folding-Newborns-Grey.png\",\"width\":1600,\"height\":1600},{\"@type\":\"BreadcrumbList\",\"@id\":\"https:\\\/\\\/forbabyboss.com\\\/product\\\/3-in1-travel-set-folding-classic-baby-pram-in-grey\\\/#breadcrumb\",\"itemListElement\":[{\"@type\":\"ListItem\",\"position\":1,\"name\":\"Home\",\"item\":\"https:\\\/\\\/forbabyboss.com\\\/\"},{\"@type\":\"ListItem\",\"position\":2,\"name\":\"Shop\",\"item\":\"https:\\\/\\\/forbabyboss.com\\\/shop\\\/\"},{\"@type\":\"ListItem\",\"position\":3,\"name\":\"3 in1 Travel Set Folding Classic Baby Pram in Grey\"}]},{\"@type\":\"WebSite\",\"@id\":\"https:\\\/\\\/powderblue-seahorse-496884.hostingersite.com\\\/#website\",\"url\":\"https:\\\/\\\/powderblue-seahorse-496884.hostingersite.com\\\/\",\"name\":\"For Baby Boss\",\"description\":\"Beautiful gifts and accessories for your baby boss\",\"potentialAction\":[{\"@type\":\"SearchAction\",\"target\":{\"@type\":\"EntryPoint\",\"urlTemplate\":\"https:\\\/\\\/powderblue-seahorse-496884.hostingersite.com\\\/?s={search_term_string}\"},\"query-input\":{\"@type\":\"PropertyValueSpecification\",\"valueRequired\":true,\"valueName\":\"search_term_string\"}}],\"inLanguage\":\"pt-PT\"}]}<\/script>\n<!-- \/ Yoast SEO plugin. -->","yoast_head_json":{"title":"Carrinho de Beb\u00ea Cl\u00e1ssico Dobr\u00e1vel 3 em 1 para Viagem - Para Baby Boss","description":"Carrinho de Beb\u00ea Cl\u00e1ssico Dobr\u00e1vel 3 em 1 para Viagem na cor Cinza","robots":{"index":"index","follow":"follow","max-snippet":"max-snippet:-1","max-image-preview":"max-image-preview:large","max-video-preview":"max-video-preview:-1"},"canonical":"https:\/\/forbabyboss.com\/pt\/produto\/carrinho-de-bebe-classico-dobravel-3-em-1-para-viagem-na-cor-cinza\/","og_locale":"pt_PT","og_type":"article","og_title":"3 in1 Travel Set Folding Classic Baby Pram in Grey - For Baby Boss","og_description":"3 in1 Travel Set Folding Classic Baby Pram in Grey","og_url":"https:\/\/forbabyboss.com\/pt\/produto\/carrinho-de-bebe-classico-dobravel-3-em-1-para-viagem-na-cor-cinza\/","og_site_name":"For Baby Boss","article_modified_time":"2026-02-21T10:56:25+00:00","og_image":[{"width":800,"height":800,"url":"https:\/\/forbabyboss.com\/wp-content\/uploads\/2022\/09\/Baby-Pram-Classic-Buggy-Retro-Pushchair-3-in1-Travel-Set-Folding-Newborns-Grey-800x800.png","type":"image\/png"}],"twitter_card":"summary_large_image","twitter_misc":{"Tempo estimado de leitura":"3 minutos"},"schema":{"@context":"https:\/\/schema.org","@graph":[{"@type":"WebPage","@id":"https:\/\/forbabyboss.com\/product\/3-in1-travel-set-folding-classic-baby-pram-in-grey\/","url":"https:\/\/forbabyboss.com\/product\/3-in1-travel-set-folding-classic-baby-pram-in-grey\/","name":"Carrinho de Beb\u00ea Cl\u00e1ssico Dobr\u00e1vel 3 em 1 para Viagem - Para Baby Boss","isPartOf":{"@id":"https:\/\/powderblue-seahorse-496884.hostingersite.com\/#website"},"primaryImageOfPage":{"@id":"https:\/\/forbabyboss.com\/product\/3-in1-travel-set-folding-classic-baby-pram-in-grey\/#primaryimage"},"image":{"@id":"https:\/\/forbabyboss.com\/product\/3-in1-travel-set-folding-classic-baby-pram-in-grey\/#primaryimage"},"thumbnailUrl":"https:\/\/forbabyboss.com\/wp-content\/uploads\/2022\/09\/Baby-Pram-Classic-Buggy-Retro-Pushchair-3-in1-Travel-Set-Folding-Newborns-Grey.png","datePublished":"2022-09-15T10:43:51+00:00","dateModified":"2026-02-21T10:56:25+00:00","description":"Carrinho de Beb\u00ea Cl\u00e1ssico Dobr\u00e1vel 3 em 1 para Viagem na cor Cinza","breadcrumb":{"@id":"https:\/\/forbabyboss.com\/product\/3-in1-travel-set-folding-classic-baby-pram-in-grey\/#breadcrumb"},"inLanguage":"pt-PT","potentialAction":[{"@type":"ReadAction","target":["https:\/\/forbabyboss.com\/product\/3-in1-travel-set-folding-classic-baby-pram-in-grey\/"]}]},{"@type":"ImageObject","inLanguage":"pt-PT","@id":"https:\/\/forbabyboss.com\/product\/3-in1-travel-set-folding-classic-baby-pram-in-grey\/#primaryimage","url":"https:\/\/forbabyboss.com\/wp-content\/uploads\/2022\/09\/Baby-Pram-Classic-Buggy-Retro-Pushchair-3-in1-Travel-Set-Folding-Newborns-Grey.png","contentUrl":"https:\/\/forbabyboss.com\/wp-content\/uploads\/2022\/09\/Baby-Pram-Classic-Buggy-Retro-Pushchair-3-in1-Travel-Set-Folding-Newborns-Grey.png","width":1600,"height":1600},{"@type":"BreadcrumbList","@id":"https:\/\/forbabyboss.com\/product\/3-in1-travel-set-folding-classic-baby-pram-in-grey\/#breadcrumb","itemListElement":[{"@type":"ListItem","position":1,"name":"Home","item":"https:\/\/forbabyboss.com\/"},{"@type":"ListItem","position":2,"name":"Shop","item":"https:\/\/forbabyboss.com\/shop\/"},{"@type":"ListItem","position":3,"name":"3 in1 Travel Set Folding Classic Baby Pram in Grey"}]},{"@type":"WebSite","@id":"https:\/\/powderblue-seahorse-496884.hostingersite.com\/#website","url":"https:\/\/powderblue-seahorse-496884.hostingersite.com\/","name":"Para o Baby Boss","description":"Bonitos presentes e acess\u00f3rios para o seu chefe beb\u00e9","potentialAction":[{"@type":"SearchAction","target":{"@type":"EntryPoint","urlTemplate":"https:\/\/powderblue-seahorse-496884.hostingersite.com\/?s={search_term_string}"},"query-input":{"@type":"PropertyValueSpecification","valueRequired":true,"valueName":"search_term_string"}}],"inLanguage":"pt-PT"}]}},"_links":{"self":[{"href":"https:\/\/forbabyboss.com\/pt\/wp-json\/wp\/v2\/product\/5867","targetHints":{"allow":["GET"]}}],"collection":[{"href":"https:\/\/forbabyboss.com\/pt\/wp-json\/wp\/v2\/product"}],"about":[{"href":"https:\/\/forbabyboss.com\/pt\/wp-json\/wp\/v2\/types\/product"}],"wp:featuredmedia":[{"embeddable":true,"href":"https:\/\/forbabyboss.com\/pt\/wp-json\/wp\/v2\/media\/5869"}],"wp:attachment":[{"href":"https:\/\/forbabyboss.com\/pt\/wp-json\/wp\/v2\/media?parent=5867"}],"wp:term":[{"taxonomy":"product_brand","embeddable":true,"href":"https:\/\/forbabyboss.com\/pt\/wp-json\/wp\/v2\/product_brand?post=5867"},{"taxonomy":"product_cat","embeddable":true,"href":"https:\/\/forbabyboss.com\/pt\/wp-json\/wp\/v2\/product_cat?post=5867"},{"taxonomy":"product_tag","embeddable":true,"href":"https:\/\/forbabyboss.com\/pt\/wp-json\/wp\/v2\/product_tag?post=5867"}],"curies":[{"name":"wp","href":"https:\/\/api.w.org\/{rel}","templated":true}]}}