{"id":291,"date":"2020-09-08T11:26:44","date_gmt":"2020-09-08T11:26:44","guid":{"rendered":"http:\/\/forbabyboss.com\/?page_id=291"},"modified":"2020-09-08T11:26:46","modified_gmt":"2020-09-08T11:26:46","slug":"politica-de-transport-maritim","status":"publish","type":"page","link":"https:\/\/forbabyboss.com\/ro\/shipping-policy\/","title":{"rendered":"Politica de expediere"},"content":{"rendered":"<p>V\u0103 rug\u0103m s\u0103 acorda\u021bi p\u00e2n\u0103 la 15 zile pentru ca comanda dvs. s\u0103 ajung\u0103. Dac\u0103 au trecut mai mult de 45 de zile, v\u0103 rug\u0103m s\u0103 ne trimite\u021bi un e-mail la adresa support@forbabyboss.com pentru a verifica starea comenzii dvs. Ramburs\u0103rile vor fi gestionate prin e-mail, dac\u0103 este necesar.<\/p>\n\n\n\n<p>Return\u0103ri<\/p>\n\n\n\n<p>Politica noastr\u0103 este valabil\u0103 30 de zile de la primirea comenzii. Dac\u0103 au trecut 30 de zile de la primirea comenzii, din p\u0103cate nu v\u0103 putem oferi o rambursare sau un schimb.<\/p>\n\n\n\n<p>Pentru a fi eligibil pentru un retur, articolul trebuie s\u0103 fie neutilizat \u0219i \u00een aceea\u0219i stare \u00een care l-a\u021bi primit. De asemenea, trebuie s\u0103 fie \u00een ambalajul original.<\/p>\n\n\n\n<p>Articole suplimentare nereturnabile:<\/p>\n\n\n\n<p>Carduri cadou<\/p>\n\n\n\n<p>Produse software desc\u0103rcabile<\/p>\n\n\n\n<p>Pentru a finaliza returul, avem nevoie de o chitan\u021b\u0103 sau o dovad\u0103 a achizi\u021biei.<\/p>\n\n\n\n<p>V\u0103 rug\u0103m s\u0103 nu trimite\u021bi achizi\u021bia \u00eenapoi produc\u0103torului.<\/p>\n\n\n\n<p>Exist\u0103 anumite situa\u021bii \u00een care se acord\u0103 doar ramburs\u0103ri par\u021biale (dac\u0103 este cazul)<\/p>\n\n\n\n<p>Orice articol care nu se afl\u0103 \u00een starea sa original\u0103, este deteriorat sau lipsesc piese din motive care nu se datoreaz\u0103 erorii noastre<\/p>\n\n\n\n<p>Orice articol returnat la mai mult de 30 de zile de la livrare \u0219i care prezint\u0103 semne evidente de utilizare.&nbsp;<\/p>\n\n\n\n<p>Ramburs\u0103ri (dac\u0103 este cazul)<\/p>\n\n\n\n<p>Dup\u0103 ce returul dumneavoastr\u0103 este primit \u0219i inspectat, v\u0103 vom trimite un e-mail pentru a v\u0103 anun\u021ba c\u0103 am primit articolul returnat. De asemenea, v\u0103 vom anun\u021ba cu privire la aprobarea sau respingerea ramburs\u0103rii.<\/p>\n\n\n\n<p>Dac\u0103 e\u0219ti aprobat, rambursarea ta va fi procesat\u0103, iar un credit va fi aplicat automat pe cardul t\u0103u de credit sau pe metoda de plat\u0103 original\u0103, \u00een termen de un anumit num\u0103r de zile.<\/p>\n\n\n\n<p>Ramburs\u0103ri \u00eent\u00e2rziate sau lips\u0103 (dac\u0103 este cazul)<\/p>\n\n\n\n<p>Dac\u0103 nu a\u021bi primit \u00eenc\u0103 o rambursare, verifica\u021bi mai \u00eent\u00e2i din nou contul bancar.<\/p>\n\n\n\n<p>Apoi contacta\u021bi compania emitent\u0103 a cardului dvs. de credit, poate dura ceva timp p\u00e2n\u0103 c\u00e2nd rambursarea dvs. va fi \u00eenregistrat\u0103 oficial.<\/p>\n\n\n\n<p>Apoi contacta\u021bi banca dumneavoastr\u0103. De obicei, exist\u0103 un timp de procesare \u00eenainte de a fi \u00eenregistrat\u0103 o rambursare.<\/p>\n\n\n\n<p>Dac\u0103 a\u021bi f\u0103cut toate acestea \u0219i \u00eenc\u0103 nu a\u021bi primit rambursarea, v\u0103 rug\u0103m s\u0103 ne contacta\u021bi la support@forbabyboss.com.<\/p>\n\n\n\n<p>Articole la reducere (dac\u0103 este cazul)<\/p>\n\n\n\n<p>Doar articolele la pre\u021b obi\u0219nuit pot fi rambursate, din p\u0103cate articolele la pre\u021b redus nu pot fi rambursate.<\/p>\n\n\n\n<p>Schimburi (dac\u0103 este cazul)<\/p>\n\n\n\n<p>\u00cenlocuim articolele doar dac\u0103 sunt defecte sau deteriorate. Dac\u0103 trebuie s\u0103 le schimba\u021bi cu acela\u0219i articol, trimite\u021bi-ne un e-mail la adresa support@forbabyboss.com.<em>&nbsp;<\/em><\/p>\n\n\n\n<p>Cadouri<\/p>\n\n\n\n<p>Dac\u0103 articolul a fost marcat drept cadou la achizi\u021bionare \u0219i a fost expediat direct c\u0103tre dvs., ve\u021bi primi un credit cadou \u00een valoare de returnare. Dup\u0103 ce primi\u021bi articolul returnat, v\u0103 va fi trimis prin po\u0219t\u0103 un certificat cadou.<\/p>\n\n\n\n<p>Dac\u0103 articolul nu a fost marcat drept cadou la achizi\u021bionare sau dac\u0103 persoana care a d\u0103ruit produsul \u0219i-a expediat comanda pentru a vi-o oferi ulterior, vom trimite o rambursare persoanei care a d\u0103ruit produsul, iar aceasta va afla despre returnarea dumneavoastr\u0103.<\/p>\n\n\n\n<p>Transport<\/p>\n\n\n\n<p>Vei fi responsabil pentru plata propriilor costuri de transport pentru returnarea articolului. Costurile de transport nu sunt rambursabile. Dac\u0103 prime\u0219ti o rambursare, costul transportului pentru returnare va fi dedus din rambursarea ta.<\/p>\n\n\n\n<p>\u00cen func\u021bie de locul \u00een care locui\u021bi, timpul necesar pentru ca produsul schimbat s\u0103 ajung\u0103 la dumneavoastr\u0103 poate varia.<\/p>\n\n\n\n<p>Dac\u0103 expedia\u021bi articole \u00een valoare de peste $75, ar trebui s\u0103 lua\u021bi \u00een considerare utilizarea unui serviciu de livrare cu urm\u0103rire sau achizi\u021bionarea unei asigur\u0103ri de transport. Nu garant\u0103m c\u0103 vom primi articolul returnat.<\/p>","protected":false},"excerpt":{"rendered":"<p>Please allow up to 15 days for your order to arrive. If more than 45 days have passed please email us at support@forbabyboss.com to review the status of your order. Refunds will be handled through email if necessary. Returns Our policy lasts 30 days after you receive your order. If 30 days have gone by [&#8230;]\n","protected":false},"author":1,"featured_media":0,"parent":0,"menu_order":0,"comment_status":"closed","ping_status":"closed","template":"","meta":{"footnotes":""},"class_list":["post-291","page","type-page","status-publish","hentry"],"yoast_head":"<!-- This site is optimized with the Yoast SEO plugin v27.6 - https:\/\/yoast.com\/product\/yoast-seo-wordpress\/ -->\n<title>Shipping policy - For Baby Boss<\/title>\n<meta name=\"robots\" content=\"index, follow, max-snippet:-1, max-image-preview:large, max-video-preview:-1\" \/>\n<link rel=\"canonical\" href=\"https:\/\/forbabyboss.com\/ro\/politica-de-transport-maritim\/\" \/>\n<meta property=\"og:locale\" content=\"ro_RO\" \/>\n<meta property=\"og:type\" content=\"article\" \/>\n<meta property=\"og:title\" content=\"Shipping policy - For Baby Boss\" \/>\n<meta property=\"og:description\" content=\"Please allow up to 15 days for your order to arrive. If more than 45 days have passed please email us at support@forbabyboss.com to review the status of your order. Refunds will be handled through email if necessary. Returns Our policy lasts 30 days after you receive your order. If 30 days have gone by [...]\" \/>\n<meta property=\"og:url\" content=\"https:\/\/forbabyboss.com\/ro\/politica-de-transport-maritim\/\" \/>\n<meta property=\"og:site_name\" content=\"For Baby Boss\" \/>\n<meta property=\"article:modified_time\" content=\"2020-09-08T11:26:46+00:00\" \/>\n<meta name=\"twitter:card\" content=\"summary_large_image\" \/>\n<meta name=\"twitter:label1\" content=\"Timp estimat pentru citire\" \/>\n\t<meta name=\"twitter:data1\" content=\"3 minute\" \/>\n<script type=\"application\/ld+json\" class=\"yoast-schema-graph\">{\"@context\":\"https:\\\/\\\/schema.org\",\"@graph\":[{\"@type\":\"WebPage\",\"@id\":\"https:\\\/\\\/forbabyboss.com\\\/shipping-policy\\\/\",\"url\":\"https:\\\/\\\/forbabyboss.com\\\/shipping-policy\\\/\",\"name\":\"Shipping policy - For Baby Boss\",\"isPartOf\":{\"@id\":\"https:\\\/\\\/powderblue-seahorse-496884.hostingersite.com\\\/#website\"},\"datePublished\":\"2020-09-08T11:26:44+00:00\",\"dateModified\":\"2020-09-08T11:26:46+00:00\",\"breadcrumb\":{\"@id\":\"https:\\\/\\\/forbabyboss.com\\\/shipping-policy\\\/#breadcrumb\"},\"inLanguage\":\"ro-RO\",\"potentialAction\":[{\"@type\":\"ReadAction\",\"target\":[\"https:\\\/\\\/forbabyboss.com\\\/shipping-policy\\\/\"]}]},{\"@type\":\"BreadcrumbList\",\"@id\":\"https:\\\/\\\/forbabyboss.com\\\/shipping-policy\\\/#breadcrumb\",\"itemListElement\":[{\"@type\":\"ListItem\",\"position\":1,\"name\":\"Home\",\"item\":\"https:\\\/\\\/forbabyboss.com\\\/\"},{\"@type\":\"ListItem\",\"position\":2,\"name\":\"Shipping policy\"}]},{\"@type\":\"WebSite\",\"@id\":\"https:\\\/\\\/powderblue-seahorse-496884.hostingersite.com\\\/#website\",\"url\":\"https:\\\/\\\/powderblue-seahorse-496884.hostingersite.com\\\/\",\"name\":\"For Baby Boss\",\"description\":\"Beautiful gifts and accessories for your baby boss\",\"potentialAction\":[{\"@type\":\"SearchAction\",\"target\":{\"@type\":\"EntryPoint\",\"urlTemplate\":\"https:\\\/\\\/powderblue-seahorse-496884.hostingersite.com\\\/?s={search_term_string}\"},\"query-input\":{\"@type\":\"PropertyValueSpecification\",\"valueRequired\":true,\"valueName\":\"search_term_string\"}}],\"inLanguage\":\"ro-RO\"}]}<\/script>\n<!-- \/ Yoast SEO plugin. -->","yoast_head_json":{"title":"Politica de livrare - Pentru Baby Boss","robots":{"index":"index","follow":"follow","max-snippet":"max-snippet:-1","max-image-preview":"max-image-preview:large","max-video-preview":"max-video-preview:-1"},"canonical":"https:\/\/forbabyboss.com\/ro\/politica-de-transport-maritim\/","og_locale":"ro_RO","og_type":"article","og_title":"Shipping policy - For Baby Boss","og_description":"Please allow up to 15 days for your order to arrive. If more than 45 days have passed please email us at support@forbabyboss.com to review the status of your order. Refunds will be handled through email if necessary. Returns Our policy lasts 30 days after you receive your order. If 30 days have gone by [...]","og_url":"https:\/\/forbabyboss.com\/ro\/politica-de-transport-maritim\/","og_site_name":"For Baby Boss","article_modified_time":"2020-09-08T11:26:46+00:00","twitter_card":"summary_large_image","twitter_misc":{"Timp estimat pentru citire":"3 minute"},"schema":{"@context":"https:\/\/schema.org","@graph":[{"@type":"WebPage","@id":"https:\/\/forbabyboss.com\/shipping-policy\/","url":"https:\/\/forbabyboss.com\/shipping-policy\/","name":"Politica de livrare - Pentru Baby Boss","isPartOf":{"@id":"https:\/\/powderblue-seahorse-496884.hostingersite.com\/#website"},"datePublished":"2020-09-08T11:26:44+00:00","dateModified":"2020-09-08T11:26:46+00:00","breadcrumb":{"@id":"https:\/\/forbabyboss.com\/shipping-policy\/#breadcrumb"},"inLanguage":"ro-RO","potentialAction":[{"@type":"ReadAction","target":["https:\/\/forbabyboss.com\/shipping-policy\/"]}]},{"@type":"BreadcrumbList","@id":"https:\/\/forbabyboss.com\/shipping-policy\/#breadcrumb","itemListElement":[{"@type":"ListItem","position":1,"name":"Home","item":"https:\/\/forbabyboss.com\/"},{"@type":"ListItem","position":2,"name":"Shipping policy"}]},{"@type":"WebSite","@id":"https:\/\/powderblue-seahorse-496884.hostingersite.com\/#website","url":"https:\/\/powderblue-seahorse-496884.hostingersite.com\/","name":"Pentru Baby Boss","description":"Cadouri frumoase \u0219i accesorii pentru \u0219eful copilului dvs.","potentialAction":[{"@type":"SearchAction","target":{"@type":"EntryPoint","urlTemplate":"https:\/\/powderblue-seahorse-496884.hostingersite.com\/?s={search_term_string}"},"query-input":{"@type":"PropertyValueSpecification","valueRequired":true,"valueName":"search_term_string"}}],"inLanguage":"ro-RO"}]}},"_links":{"self":[{"href":"https:\/\/forbabyboss.com\/ro\/wp-json\/wp\/v2\/pages\/291","targetHints":{"allow":["GET"]}}],"collection":[{"href":"https:\/\/forbabyboss.com\/ro\/wp-json\/wp\/v2\/pages"}],"about":[{"href":"https:\/\/forbabyboss.com\/ro\/wp-json\/wp\/v2\/types\/page"}],"author":[{"embeddable":true,"href":"https:\/\/forbabyboss.com\/ro\/wp-json\/wp\/v2\/users\/1"}],"replies":[{"embeddable":true,"href":"https:\/\/forbabyboss.com\/ro\/wp-json\/wp\/v2\/comments?post=291"}],"version-history":[{"count":0,"href":"https:\/\/forbabyboss.com\/ro\/wp-json\/wp\/v2\/pages\/291\/revisions"}],"wp:attachment":[{"href":"https:\/\/forbabyboss.com\/ro\/wp-json\/wp\/v2\/media?parent=291"}],"curies":[{"name":"wp","href":"https:\/\/api.w.org\/{rel}","templated":true}]}}