{"id":4065,"date":"2022-09-07T10:09:43","date_gmt":"2022-09-07T10:09:43","guid":{"rendered":"http:\/\/forbabyboss.com\/?post_type=product&#038;p=4065"},"modified":"2026-02-21T15:00:58","modified_gmt":"2026-02-21T15:00:58","slug":"carucior-pentru-bebelusi-2021-4-in-1-bej","status":"publish","type":"product","link":"https:\/\/forbabyboss.com\/ro\/product\/baby-pram-2021-pushchair-4in1-in-beige\/","title":{"rendered":"C\u0103rucior pentru bebelu\u0219i 2021 4 \u00een 1, bej"},"content":{"rendered":"<p style=\"text-align: justify;\"><strong><span style=\"color: #282828; font-size: 100%;\">Bexa Air a fost conceput special pentru p\u0103rin\u021bii care caut\u0103 un produs ce va fi utilizat pentru o perioad\u0103 lung\u0103 de timp. \u00cen func\u021bie de nevoile \u0219i v\u00e2rsta copilului, Bexa Air poate func\u021biona ca \u0219i c\u0103rucior sau c\u0103rucior pentru copii. Cadrul u\u0219or \u0219i din aluminiu \u00eel face foarte u\u0219or de condus. Este conceput pentru a transporta bebelu\u0219ul sau copilul mic \u00een condi\u021bii de confort sporit. Tapi\u021beria c\u0103ruciorului este fabricat\u0103 din materiale impregnate de cea mai \u00eenalt\u0103 calitate, prietenoase cu copiii.<\/span><\/strong><\/p>\n<p style=\"text-align: justify;\"><strong><span style=\"color: #282828; font-size: 100%;\">C\u0103rucioarele Bexa Air sunt proiectate \u0219i fabricate \u00een \u00eentregime \u00een Europa \u0219i sunt fabricate doar din materiale de \u00eenalt\u0103 calitate.<span style=\"font-family: 'Josefin Sans', Tahoma, sans-serif, Arial;\">Bexa Air a fost conceput special pentru p\u0103rin\u021bii care caut\u0103 un produs ce va fi utilizat pentru o perioad\u0103 lung\u0103 de timp. \u00cen func\u021bie de nevoile \u0219i v\u00e2rsta copilului, Bexa Air poate func\u021biona ca \u0219i c\u0103rucior sau c\u0103rucior pentru copii. Cadrul u\u0219or \u0219i din aluminiu \u00eel face foarte u\u0219or de condus. Este conceput pentru a transporta bebelu\u0219ul sau copilul mic \u00een condi\u021bii de confort sporit. Tapi\u021beria c\u0103ruciorului este fabricat\u0103 din materiale impregnate de cea mai \u00eenalt\u0103 calitate, prietenoase cu copiii.<\/span><\/span><\/strong><\/p>\n<p style=\"text-align: justify;\"><strong><span style=\"color: #282828; font-family: 'Josefin Sans', Tahoma, sans-serif, Arial; font-size: 100%;\">C\u0103rucioarele Bexa Air sunt proiectate \u0219i fabricate \u00een \u00eentregime \u00een Europa \u0219i sunt fabricate doar din materiale de \u00eenalt\u0103 calitate.<\/span><\/strong><\/p>\n<p style=\"text-align: justify;\"><strong><span style=\"font-size: 100%; color: #282828;\">Conceput pentru a transporta confortabil bebelu\u0219ul sau copilul mic de la na\u0219tere p\u00e2n\u0103 la 3 ani sau 0-15 kg.<\/span><\/strong><\/p>\n<p style=\"text-align: justify;\"><strong><span style=\"color: #282828; font-size: 100%;\">Fabricat \u00een Europa din materiale de \u00eenalt\u0103 calitate, cadru u\u0219or din aluminiu, proiectat cu stil modern.<br \/>\n<\/span><\/strong><\/p>\n<p style=\"text-align: justify;\" align=\"center\"><strong><span style=\"font-size: 100%; color: #282828;\">Certificare european\u0103 EN 1888:2012 Cadru u\u0219or din aluminiu, cu amortizor reglabil, faciliteaz\u0103 condusul. Tapi\u021beria c\u0103ruciorului este fabricat\u0103 din materiale impregnate de cea mai \u00eenalt\u0103 calitate, prietenoase cu copiii. Materialele nu se decoloreaz\u0103, sunt impermeabile \u0219i ofer\u0103 o temperatur\u0103 ideal\u0103 a aerului \u00een func\u021bie de condi\u021biile meteorologice. Interiorul \u0219i husa deta\u0219abile sunt umplute cu bumbac hipoalergenic.<\/span><\/strong><\/p>\n<p style=\"text-align: justify;\" align=\"center\"><strong><span style=\"color: #282828;\"><span style=\"font-size: medium;\"><span style=\"color: #e14d43;\">Specifica\u021bii ale produsului<\/span>:<\/span><span style=\"font-size: medium;\">\u00a0<\/span><\/span><\/strong><\/p>\n<p style=\"text-align: justify;\"><strong><span style=\"color: #282828;\">\u2013 posibilitatea de a transporta gondola de m\u00e2ner \u00een cabin\u0103;<\/span><\/strong><\/p>\n<p style=\"text-align: justify;\"><strong><span style=\"color: #282828;\">\u2013 partea de jos a gondolei este fabricat\u0103 din plastic;<\/span><\/strong><\/p>\n<p style=\"text-align: justify;\"><strong><span style=\"color: #282828;\">-gondol\u0103 tapi\u021bat\u0103 cu piele ecologic\u0103;<\/span><\/strong><\/p>\n<p style=\"text-align: justify;\"><strong><span style=\"color: #282828;\">\u2013 rucsac pentru mama;<\/span><\/strong><\/p>\n<p style=\"text-align: justify;\"><strong><span style=\"color: #282828;\">-o gondol\u0103 spa\u021bioas\u0103 cu ventila\u021bie;<\/span><\/strong><\/p>\n<p style=\"text-align: justify;\"><strong><span style=\"color: #282828;\">\u2013 cadru desf\u0103cut 78x58x99-115 cm;<\/span><\/strong><\/p>\n<p style=\"text-align: justify;\"><strong><span style=\"color: #282828;\">\u2013 reglare extern\u0103 a sp\u0103tarului \u00een gondol\u0103 \u0219i c\u0103rucior;<\/span><\/strong><\/p>\n<p style=\"text-align: justify;\"><strong><span style=\"color: #282828;\">\u2013 cadru pliat 78x58x30 cm; f\u0103r\u0103 ro\u021bi 72x50x30 cm;<\/span><\/strong><\/p>\n<p style=\"text-align: justify;\"><strong><span style=\"color: #282828;\">\u2013 c\u0103ptu\u0219eal\u0103 deta\u0219abil\u0103 a interiorului gondolei;<\/span><\/strong><\/p>\n<p style=\"text-align: justify;\"><strong><span style=\"color: #282828;\">-interior gondol\u0103 76x35x22 cm;<\/span><\/strong><\/p>\n<p style=\"text-align: justify;\"><strong><span style=\"color: #282828;\">\u2013 saltea cu nuc\u0103 de cocos 75 cm x 35 cm;<\/span><\/strong><\/p>\n<p style=\"text-align: justify;\"><strong><span style=\"color: #282828;\">-greutatea cadrului cu ro\u021bi aproximativ 9 kg;<\/span><\/strong><\/p>\n<p style=\"text-align: justify;\"><strong><span style=\"color: #282828;\">\u2013 reglarea cabinei \u00een mai multe etape;<\/span><\/strong><\/p>\n<p style=\"text-align: justify;\"><strong><span style=\"color: #282828;\">\u2013 jante din gel de 12\u201c spate, 10\u201d fa\u021b\u0103;<\/span><\/strong><\/p>\n<p style=\"text-align: justify;\"><strong><span style=\"color: #282828;\">\u2013 \u00een\u0103l\u021bimea bazei gondolei de la sol 61 cm;<\/span><\/strong><\/p>\n<p style=\"text-align: justify;\"><strong><span style=\"color: #282828;\">-greutatea gondolei este de aproximativ 5 kg;<\/span><\/strong><\/p>\n<p style=\"text-align: justify;\"><strong><span style=\"color: #282828;\">-\u0219ezut c\u0103rucior 34\u00d726 cm, suport pentru picioare 17 cm, sp\u0103tar 47 cm;<\/span><\/strong><\/p>\n<p style=\"text-align: justify;\"><strong><span style=\"color: #282828;\">\u2013 greutate c\u0103rucior aproximativ 4 kg;<\/span><\/strong><\/p>\n<p><strong><span style=\"color: #282828;\"><span style=\"color: #e14d43;\">Scaun auto confortabil<\/span>:<\/span><\/strong><\/p>\n<p><strong><span style=\"font-size: medium; color: #282828;\">Grupa 0-13 kg:<\/span><\/strong><\/p>\n<p><strong><span style=\"font-size: medium; color: #282828;\">Aprobare european\u0103 ECE R44 \/ 04<\/span><\/strong><\/p>\n<p><strong><span style=\"font-size: medium; color: #282828;\">Montat pe baza cadrului cu adaptoare<\/span><\/strong><\/p>\n<p><strong><span style=\"font-size: medium; color: #282828;\">Ham cu 3 puncte<\/span><\/strong><\/p>\n<p><strong><span style=\"font-size: medium; color: #282828;\">Amors\u0103 suplimentar\u0103 pentru nou-n\u0103scut<\/span><\/strong><\/p>\n<p><strong><span style=\"font-size: medium; color: #282828;\">hus\u0103 pentru scaun auto<\/span><\/strong><\/p>\n<p><strong><span style=\"font-size: medium; color: #282828;\">M\u00e2ner reglabil pentru transport<\/span><\/strong><\/p>\n<p><strong><span style=\"font-size: medium; color: #282828;\">Capot\u0103 deta\u0219abil\u0103<\/span><\/strong><\/p>\n<p><strong><span style=\"font-size: medium; color: #282828;\">Centuri de siguran\u021b\u0103 reglabile pe \u00een\u0103l\u021bime<\/span><\/strong><\/p>\n<p><strong><span style=\"font-size: medium; color: #282828;\">Mod orientat spre fa\u021b\u0103 sau spre spate<\/span><\/strong><\/p>\n<p><strong><span style=\"font-size: medium; color: #282828;\">Echipat cu ISOFIX*<\/span><\/strong><\/p>\n<p><strong><span style=\"color: #282828;\"><span style=\"font-size: medium;\"><span style=\"color: #e14d43;\">BAZ\u0102 SOFIX<\/span>*<\/span><\/span><\/strong><\/p>\n<p><strong><span style=\"font-size: medium; color: #282828;\">Culoare: Negru\/Gri<\/span><\/strong><\/p>\n<p><strong><span style=\"font-size: medium; color: #282828;\">Potrivit de la na\u0219tere<\/span><\/strong><\/p>\n<p><strong><span style=\"font-size: medium; color: #282828;\">Se fixeaz\u0103 direct pe \u0219asiul ma\u0219inii folosind punctele de fixare ISOFIX ale vehiculului<\/span><\/strong><\/p>\n<p><strong><span style=\"font-size: medium; color: #282828;\">Poate fi fixat \u0219i cu centura de siguran\u021b\u0103 a vehiculului<\/span><\/strong><\/p>\n<p><strong><span style=\"font-size: medium; color: #282828;\">Compatibil cu scaunele auto<\/span><\/strong><\/p>\n<p><strong><span style=\"font-size: medium; color: #282828;\">U\u0219or de instalat<\/span><\/strong><\/p>\n<p><strong><span style=\"font-size: medium; color: #282828;\">Sigur \u0219i protejat<\/span><\/strong><\/p>\n<p><strong><span style=\"font-size: medium; color: #282828;\">Minimizeaz\u0103 agita\u021bia<\/span><\/strong><\/p>\n<p><strong><span style=\"font-size: medium; color: #282828;\">Reduce probabilitatea de a trezi bebelu\u0219ul la transferul din ma\u0219in\u0103 acas\u0103<\/span><\/strong><\/p>\n<p><strong><span style=\"font-size: medium; color: #282828;\">Piciorul de sus\u021binere ofer\u0103 stabilitate \u0219i siguran\u021b\u0103 maxime \u0219i se ajusteaz\u0103 u\u0219or pentru o potrivire optim\u0103<\/span><\/strong><\/p>\n<p><strong><span style=\"font-size: medium; color: #282828;\">Indicatorii de culoare confirm\u0103 instalarea corect\u0103 a bazei pe vehicul<\/span><\/strong><\/p>\n<p style=\"text-align: left;\" align=\"center\"><strong><span style=\"font-size: medium; color: #282828;\"><span style=\"color: #e14d43;\">Pre\u021bul este inclus<\/span>:<br \/>\n<\/span><\/strong><\/p>\n<p><strong><span style=\"color: #282828;\">Setul 2 \u00een 1 include: cadru din aluminiu negru cu absorb\u021bie dubl\u0103 a \u0219ocurilor,\u00a0<\/span><\/strong><\/p>\n<p><strong><span style=\"color: #282828;\">ro\u021bi cu gel,<\/span><\/strong><\/p>\n<p><strong><span style=\"color: #282828;\">co\u0219 de cump\u0103r\u0103turi \u00eenchis cu fermoar;\u00a0<\/span><\/strong><\/p>\n<p><strong><span style=\"color: #282828;\">o gondol\u0103 cu copertin\u0103,\u00a0<\/span><\/strong><\/p>\n<p><strong><span style=\"color: #282828;\">un c\u0103rucior cu hus\u0103 pentru picioare;<\/span><\/strong><\/p>\n<p><strong><span style=\"color: #282828;\">rucsac practic pentru accesorii;\u00a0<\/span><\/strong><\/p>\n<p><strong><span style=\"color: #282828;\">hus\u0103 de ploaie; plas\u0103 de \u021b\u00e2n\u021bari;<\/span><\/strong><\/p>\n<p style=\"text-align: left;\" align=\"center\"><strong><span style=\"font-size: medium; color: #282828;\">Baz\u0103 Isofix (op\u021bional\u0103)<\/span><\/strong><\/p>\n<p><strong><span style=\"font-size: medium; color: #282828;\">Garan\u021bie de 24 de luni<\/span><\/strong><\/p>\n<p><a href=\"http:\/\/forbabyboss.com\/wp-content\/uploads\/2022\/09\/checkout.png\"><img loading=\"lazy\" decoding=\"async\" class=\"alignnone size-full wp-image-5965\" src=\"http:\/\/forbabyboss.com\/wp-content\/uploads\/2022\/09\/checkout.png\" alt=\"\" width=\"750\" height=\"276\" srcset=\"https:\/\/forbabyboss.com\/wp-content\/uploads\/2022\/09\/checkout.png 750w, https:\/\/forbabyboss.com\/wp-content\/uploads\/2022\/09\/checkout-600x221.png 600w\" sizes=\"auto, (max-width: 750px) 100vw, 750px\" \/><\/a><\/p>","protected":false},"excerpt":{"rendered":"<p>&nbsp;<\/p>\n<p><a href=\"http:\/\/forbabyboss.com\/wp-content\/uploads\/2022\/09\/Star-Rating-5.png\"><img loading=\"lazy\" decoding=\"async\" class=\"alignnone wp-image-5973 aligncenter\" src=\"http:\/\/forbabyboss.com\/wp-content\/uploads\/2022\/09\/Star-Rating-5.png\" alt=\"\" width=\"299\" height=\"49\" \/><\/a><\/p>\n<p style=\"text-align: center;\"><span style=\"color: #e14d43; font-size: 115%;\"><strong>GARAN\u021aIE DE POTRIVIRE A PRE\u021aULUI<\/strong><\/span><\/p>\n<p style=\"text-align: center;\"><span style=\"font-size: 115%;\"><span style=\"color: #003366;\">Livrare gratuit\u0103\u00a0<\/span>\u2013 2 \u2013 7 zile<\/span><\/p>\n<p style=\"text-align: center;\"><span style=\"color: #008000; font-size: 115%;\"><strong>Cadou gratuit la achizi\u021bii de peste 100 de lire sterline<\/strong><\/span><\/p>","protected":false},"featured_media":4066,"template":"","meta":[],"product_brand":[587],"product_cat":[340,157,156,197,305,158,130,209,211],"product_tag":[200,199],"class_list":{"0":"post-4065","1":"product","2":"type-product","3":"status-publish","4":"has-post-thumbnail","6":"product_brand-bexa","7":"product_cat-800-to-900","8":"product_cat-2-in-1","9":"product_cat-3-in-1","10":"product_cat-4-in-1-pram","11":"product_cat-colour","12":"product_cat-new-collection","13":"product_cat-prams","14":"product_cat-push-chairs","15":"product_cat-stroller","16":"product_tag-4-in-1-pram","17":"product_tag-prams","19":"first","20":"instock","21":"sale","22":"shipping-taxable","23":"purchasable","24":"product-type-simple"},"yoast_head":"<!-- This site is optimized with the Yoast SEO plugin v27.5 - https:\/\/yoast.com\/product\/yoast-seo-wordpress\/ -->\n<title>Baby Pram 2021 Pushchair 4in1 in Beige - For Baby Boss<\/title>\n<meta name=\"description\" content=\"Baby Pram 2021 Pushchair 4in1 in Beige\" \/>\n<meta name=\"robots\" content=\"index, follow, max-snippet:-1, max-image-preview:large, max-video-preview:-1\" \/>\n<link rel=\"canonical\" href=\"https:\/\/forbabyboss.com\/ro\/product\/carucior-pentru-bebelusi-2021-4-in-1-bej\/\" \/>\n<meta property=\"og:locale\" content=\"ro_RO\" \/>\n<meta property=\"og:type\" content=\"article\" \/>\n<meta property=\"og:title\" content=\"Baby Pram 2021 Pushchair 4in1 in Beige - For Baby Boss\" \/>\n<meta property=\"og:description\" content=\"Baby Pram 2021 Pushchair 4in1 in Beige\" \/>\n<meta property=\"og:url\" content=\"https:\/\/forbabyboss.com\/ro\/product\/carucior-pentru-bebelusi-2021-4-in-1-bej\/\" \/>\n<meta property=\"og:site_name\" content=\"For Baby Boss\" \/>\n<meta property=\"article:modified_time\" content=\"2026-02-21T15:00:58+00:00\" \/>\n<meta property=\"og:image\" content=\"https:\/\/forbabyboss.com\/wp-content\/uploads\/2022\/09\/Baby-Pram-Bexa-AIR-2021-Pushchair-Buggy-Stroller-Car-Seat-Travel-System-4in1-Yellow-1.jpg\" \/>\n\t<meta property=\"og:image:width\" content=\"1020\" \/>\n\t<meta property=\"og:image:height\" content=\"1020\" \/>\n\t<meta property=\"og:image:type\" content=\"image\/jpeg\" \/>\n<meta name=\"twitter:card\" content=\"summary_large_image\" \/>\n<meta name=\"twitter:label1\" content=\"Timp estimat pentru citire\" \/>\n\t<meta name=\"twitter:data1\" content=\"3 minute\" \/>\n<script type=\"application\/ld+json\" class=\"yoast-schema-graph\">{\"@context\":\"https:\\\/\\\/schema.org\",\"@graph\":[{\"@type\":\"WebPage\",\"@id\":\"https:\\\/\\\/forbabyboss.com\\\/product\\\/baby-pram-2021-pushchair-4in1-in-beige\\\/\",\"url\":\"https:\\\/\\\/forbabyboss.com\\\/product\\\/baby-pram-2021-pushchair-4in1-in-beige\\\/\",\"name\":\"Baby Pram 2021 Pushchair 4in1 in Beige - For Baby Boss\",\"isPartOf\":{\"@id\":\"https:\\\/\\\/powderblue-seahorse-496884.hostingersite.com\\\/#website\"},\"primaryImageOfPage\":{\"@id\":\"https:\\\/\\\/forbabyboss.com\\\/product\\\/baby-pram-2021-pushchair-4in1-in-beige\\\/#primaryimage\"},\"image\":{\"@id\":\"https:\\\/\\\/forbabyboss.com\\\/product\\\/baby-pram-2021-pushchair-4in1-in-beige\\\/#primaryimage\"},\"thumbnailUrl\":\"https:\\\/\\\/forbabyboss.com\\\/wp-content\\\/uploads\\\/2022\\\/09\\\/Baby-Pram-Bexa-AIR-2021-Pushchair-Buggy-Stroller-Car-Seat-Travel-System-4in1-Yellow-1.jpg\",\"datePublished\":\"2022-09-07T10:09:43+00:00\",\"dateModified\":\"2026-02-21T15:00:58+00:00\",\"description\":\"Baby Pram 2021 Pushchair 4in1 in Beige\",\"breadcrumb\":{\"@id\":\"https:\\\/\\\/forbabyboss.com\\\/product\\\/baby-pram-2021-pushchair-4in1-in-beige\\\/#breadcrumb\"},\"inLanguage\":\"ro-RO\",\"potentialAction\":[{\"@type\":\"ReadAction\",\"target\":[\"https:\\\/\\\/forbabyboss.com\\\/product\\\/baby-pram-2021-pushchair-4in1-in-beige\\\/\"]}]},{\"@type\":\"ImageObject\",\"inLanguage\":\"ro-RO\",\"@id\":\"https:\\\/\\\/forbabyboss.com\\\/product\\\/baby-pram-2021-pushchair-4in1-in-beige\\\/#primaryimage\",\"url\":\"https:\\\/\\\/forbabyboss.com\\\/wp-content\\\/uploads\\\/2022\\\/09\\\/Baby-Pram-Bexa-AIR-2021-Pushchair-Buggy-Stroller-Car-Seat-Travel-System-4in1-Yellow-1.jpg\",\"contentUrl\":\"https:\\\/\\\/forbabyboss.com\\\/wp-content\\\/uploads\\\/2022\\\/09\\\/Baby-Pram-Bexa-AIR-2021-Pushchair-Buggy-Stroller-Car-Seat-Travel-System-4in1-Yellow-1.jpg\",\"width\":1020,\"height\":1020},{\"@type\":\"BreadcrumbList\",\"@id\":\"https:\\\/\\\/forbabyboss.com\\\/product\\\/baby-pram-2021-pushchair-4in1-in-beige\\\/#breadcrumb\",\"itemListElement\":[{\"@type\":\"ListItem\",\"position\":1,\"name\":\"Home\",\"item\":\"https:\\\/\\\/forbabyboss.com\\\/\"},{\"@type\":\"ListItem\",\"position\":2,\"name\":\"Shop\",\"item\":\"https:\\\/\\\/forbabyboss.com\\\/shop\\\/\"},{\"@type\":\"ListItem\",\"position\":3,\"name\":\"Baby Pram 2021 Pushchair 4in1 in Beige\"}]},{\"@type\":\"WebSite\",\"@id\":\"https:\\\/\\\/powderblue-seahorse-496884.hostingersite.com\\\/#website\",\"url\":\"https:\\\/\\\/powderblue-seahorse-496884.hostingersite.com\\\/\",\"name\":\"For Baby Boss\",\"description\":\"Beautiful gifts and accessories for your baby boss\",\"potentialAction\":[{\"@type\":\"SearchAction\",\"target\":{\"@type\":\"EntryPoint\",\"urlTemplate\":\"https:\\\/\\\/powderblue-seahorse-496884.hostingersite.com\\\/?s={search_term_string}\"},\"query-input\":{\"@type\":\"PropertyValueSpecification\",\"valueRequired\":true,\"valueName\":\"search_term_string\"}}],\"inLanguage\":\"ro-RO\"}]}<\/script>\n<!-- \/ Yoast SEO plugin. -->","yoast_head_json":{"title":"C\u0103rucior pentru bebelu\u0219i 2021 4 \u00een 1 bej - Pentru Baby Boss","description":"C\u0103rucior pentru bebelu\u0219i 2021 4 \u00een 1, bej","robots":{"index":"index","follow":"follow","max-snippet":"max-snippet:-1","max-image-preview":"max-image-preview:large","max-video-preview":"max-video-preview:-1"},"canonical":"https:\/\/forbabyboss.com\/ro\/product\/carucior-pentru-bebelusi-2021-4-in-1-bej\/","og_locale":"ro_RO","og_type":"article","og_title":"Baby Pram 2021 Pushchair 4in1 in Beige - For Baby Boss","og_description":"Baby Pram 2021 Pushchair 4in1 in Beige","og_url":"https:\/\/forbabyboss.com\/ro\/product\/carucior-pentru-bebelusi-2021-4-in-1-bej\/","og_site_name":"For Baby Boss","article_modified_time":"2026-02-21T15:00:58+00:00","og_image":[{"width":1020,"height":1020,"url":"https:\/\/forbabyboss.com\/wp-content\/uploads\/2022\/09\/Baby-Pram-Bexa-AIR-2021-Pushchair-Buggy-Stroller-Car-Seat-Travel-System-4in1-Yellow-1.jpg","type":"image\/jpeg"}],"twitter_card":"summary_large_image","twitter_misc":{"Timp estimat pentru citire":"3 minute"},"schema":{"@context":"https:\/\/schema.org","@graph":[{"@type":"WebPage","@id":"https:\/\/forbabyboss.com\/product\/baby-pram-2021-pushchair-4in1-in-beige\/","url":"https:\/\/forbabyboss.com\/product\/baby-pram-2021-pushchair-4in1-in-beige\/","name":"C\u0103rucior pentru bebelu\u0219i 2021 4 \u00een 1 bej - Pentru Baby Boss","isPartOf":{"@id":"https:\/\/powderblue-seahorse-496884.hostingersite.com\/#website"},"primaryImageOfPage":{"@id":"https:\/\/forbabyboss.com\/product\/baby-pram-2021-pushchair-4in1-in-beige\/#primaryimage"},"image":{"@id":"https:\/\/forbabyboss.com\/product\/baby-pram-2021-pushchair-4in1-in-beige\/#primaryimage"},"thumbnailUrl":"https:\/\/forbabyboss.com\/wp-content\/uploads\/2022\/09\/Baby-Pram-Bexa-AIR-2021-Pushchair-Buggy-Stroller-Car-Seat-Travel-System-4in1-Yellow-1.jpg","datePublished":"2022-09-07T10:09:43+00:00","dateModified":"2026-02-21T15:00:58+00:00","description":"C\u0103rucior pentru bebelu\u0219i 2021 4 \u00een 1, bej","breadcrumb":{"@id":"https:\/\/forbabyboss.com\/product\/baby-pram-2021-pushchair-4in1-in-beige\/#breadcrumb"},"inLanguage":"ro-RO","potentialAction":[{"@type":"ReadAction","target":["https:\/\/forbabyboss.com\/product\/baby-pram-2021-pushchair-4in1-in-beige\/"]}]},{"@type":"ImageObject","inLanguage":"ro-RO","@id":"https:\/\/forbabyboss.com\/product\/baby-pram-2021-pushchair-4in1-in-beige\/#primaryimage","url":"https:\/\/forbabyboss.com\/wp-content\/uploads\/2022\/09\/Baby-Pram-Bexa-AIR-2021-Pushchair-Buggy-Stroller-Car-Seat-Travel-System-4in1-Yellow-1.jpg","contentUrl":"https:\/\/forbabyboss.com\/wp-content\/uploads\/2022\/09\/Baby-Pram-Bexa-AIR-2021-Pushchair-Buggy-Stroller-Car-Seat-Travel-System-4in1-Yellow-1.jpg","width":1020,"height":1020},{"@type":"BreadcrumbList","@id":"https:\/\/forbabyboss.com\/product\/baby-pram-2021-pushchair-4in1-in-beige\/#breadcrumb","itemListElement":[{"@type":"ListItem","position":1,"name":"Home","item":"https:\/\/forbabyboss.com\/"},{"@type":"ListItem","position":2,"name":"Shop","item":"https:\/\/forbabyboss.com\/shop\/"},{"@type":"ListItem","position":3,"name":"Baby Pram 2021 Pushchair 4in1 in Beige"}]},{"@type":"WebSite","@id":"https:\/\/powderblue-seahorse-496884.hostingersite.com\/#website","url":"https:\/\/powderblue-seahorse-496884.hostingersite.com\/","name":"Pentru Baby Boss","description":"Cadouri frumoase \u0219i accesorii pentru \u0219eful copilului dvs.","potentialAction":[{"@type":"SearchAction","target":{"@type":"EntryPoint","urlTemplate":"https:\/\/powderblue-seahorse-496884.hostingersite.com\/?s={search_term_string}"},"query-input":{"@type":"PropertyValueSpecification","valueRequired":true,"valueName":"search_term_string"}}],"inLanguage":"ro-RO"}]}},"_links":{"self":[{"href":"https:\/\/forbabyboss.com\/ro\/wp-json\/wp\/v2\/product\/4065","targetHints":{"allow":["GET"]}}],"collection":[{"href":"https:\/\/forbabyboss.com\/ro\/wp-json\/wp\/v2\/product"}],"about":[{"href":"https:\/\/forbabyboss.com\/ro\/wp-json\/wp\/v2\/types\/product"}],"wp:featuredmedia":[{"embeddable":true,"href":"https:\/\/forbabyboss.com\/ro\/wp-json\/wp\/v2\/media\/4066"}],"wp:attachment":[{"href":"https:\/\/forbabyboss.com\/ro\/wp-json\/wp\/v2\/media?parent=4065"}],"wp:term":[{"taxonomy":"product_brand","embeddable":true,"href":"https:\/\/forbabyboss.com\/ro\/wp-json\/wp\/v2\/product_brand?post=4065"},{"taxonomy":"product_cat","embeddable":true,"href":"https:\/\/forbabyboss.com\/ro\/wp-json\/wp\/v2\/product_cat?post=4065"},{"taxonomy":"product_tag","embeddable":true,"href":"https:\/\/forbabyboss.com\/ro\/wp-json\/wp\/v2\/product_tag?post=4065"}],"curies":[{"name":"wp","href":"https:\/\/api.w.org\/{rel}","templated":true}]}}