{"id":4117,"date":"2022-09-07T13:16:55","date_gmt":"2022-09-07T13:16:55","guid":{"rendered":"http:\/\/forbabyboss.com\/?post_type=product&#038;p=4117"},"modified":"2026-02-21T15:09:38","modified_gmt":"2026-02-21T15:09:38","slug":"carucior-pentru-bebelusi-cu-sistem-de-calatorie-3-in-1-cadru-grafit-bleumarin","status":"publish","type":"product","link":"https:\/\/forbabyboss.com\/ro\/product\/pushchair-baby-pram-travel-system-3in1-graphite-frame-in-navy\/","title":{"rendered":"C\u0103rucior pentru bebelu\u0219i, sistem de c\u0103l\u0103torie 3 \u00een 1, cadru grafit, bleumarin"},"content":{"rendered":"<h1 style=\"text-align: justify;\" align=\"center\"><strong><span style=\"color: #e14d43;\"><span style=\"font-family: Arial;\">HOLLAND \u2013 C\u0102RU\u021aI\u021aUL PE CARE \u00ceL C\u0102UTA\u021aI<\/span><\/span><\/strong><\/h1>\n<p style=\"text-align: justify;\" align=\"center\"><strong><span style=\"font-family: Arial;\">Cau\u021bi un c\u0103rucior care s\u0103 fie r\u0103spunsul nevoilor tale \u0219i ale copilului t\u0103u? Vrei ca c\u0103ruciorul t\u0103u s\u0103 fie u\u0219or \u0219i practic \u2013 \u0219i s\u0103 arate grozav \u00een acela\u0219i timp? Cea mai recent\u0103 versiune a c\u0103ruciorului Holland este o propunere perfect\u0103 pentru tine! Cadrul este \u0219i mai u\u0219or. Au fost create noi func\u021bionalit\u0103\u021bi pentru o utilizare c\u00e2t mai convenabil\u0103. Geanta modern\u0103 \u0219i spa\u021bioas\u0103 \u2013 precum \u0219i numeroasele detalii atractive \u2013 adaug\u0103 savoare designului c\u0103ruciorului Holland.<\/span><\/strong><\/p>\n<p style=\"text-align: justify;\" align=\"center\"><strong><span style=\"font-size: medium;\">Fabricat \u00een Europa din materiale de \u00eenalt\u0103 calitate, cadru u\u0219or din aluminiu, proiectat cu stil modern.<\/span><span style=\"font-size: medium;\"><br \/>\n<\/span><\/strong><\/p>\n<div style=\"text-align: justify;\" align=\"center\"><strong>Aprobare european\u0103 EN 1888:2012<\/strong><\/div>\n<p style=\"text-align: justify;\"><strong>UN LA\u021aO\u0218 MODERN \u2013 UTILIZARE CONFORTABIL\u0102<\/strong><\/p>\n<p style=\"text-align: justify;\"><strong>C\u0103ruciorul universal Holland face fiecare plimbare confortabil\u0103 \u2013 \u00eenc\u0103 din primele zile de via\u021b\u0103 ale unui copil. Landoul spa\u021bios v\u0103 permite s\u0103 plasa\u021bi cu u\u0219urin\u021b\u0103 un pasager mic \u00een interior, asigur\u00e2nd \u00een acela\u0219i timp condi\u021bii confortabile \u2013 at\u00e2t \u00een dup\u0103-amiezile calde de var\u0103, c\u00e2t \u0219i \u00een zilele reci de iarn\u0103. Capotina landoului este reglabil\u0103 datorit\u0103 butoanelor interne convenabile. O pute\u021bi extinde sau plia \u00een func\u021bie de condi\u021biile meteorologice. Parasolarul pliabil ofer\u0103 copilului dumneavoastr\u0103 umbr\u0103 de lumina soarelui. C\u0102RUCIOR \u2013 CHIAR \u0218I PENTRU COPII MAI MARI C\u0103ruciorul 2 \u00een 1 Holland de la Bebetto este, de asemenea, un c\u0103rucior confortabil, care poate fi folosit din primele zile p\u00e2n\u0103 c\u00e2nd copilul \u00eempline\u0219te \u00een jur de 3 ani. Unitatea de scaun a fost profilat\u0103 pentru a v\u0103 asigura c\u0103 pasagerul mic poate adopta \u00eentotdeauna cea mai confortabil\u0103 \u0219i sigur\u0103 pozi\u021bie. Este moale \u0219i confortabil, f\u0103r\u0103 a fi nevoie s\u0103 ad\u0103uga\u021bi o saltea suplimentar\u0103. Sp\u0103tarul \u0219i suportul pentru picioare sunt reglabile, astfel \u00eenc\u00e2t pute\u021bi a\u0219eza un copil \u00een mai multe pozi\u021bii \u2013 de la \u0219ezut la culcat. Capotina c\u0103ruciorului Holland poate fi, de asemenea, extins\u0103 sau pliat\u0103 pe scar\u0103 larg\u0103, iar parasolarul pliabil v\u0103 permite s\u0103 proteja\u021bi rapid copilul de lumina soarelui. Bariera este un suport confortabil pentru m\u00e2inile copilului \u2013 \u0219i datorit\u0103 butonului convenabil este extrem de u\u0219or de deta\u0219at.<\/strong><\/p>\n<p style=\"text-align: justify;\" align=\"center\"><strong><span style=\"font-size: medium;\"><span style=\"color: #e14d43;\">Caracteristici ale produsului<\/span>:<br \/>\n<\/span><\/strong><\/p>\n<ul>\n<li style=\"text-align: justify;\"><strong><span style=\"font-size: medium;\">Sistem de c\u0103l\u0103torie 2 \u00een 1 sau 3 \u00een 1<br \/>\n<\/span><\/strong><\/li>\n<li style=\"text-align: justify;\"><strong><span style=\"font-size: medium;\">Cadru solid \u0219i u\u0219or din aluminiu<\/span><\/strong><\/li>\n<li style=\"text-align: justify;\"><strong><span style=\"font-size: medium;\">U\u0219or de pliat, mic c\u00e2nd este pliat<\/span><\/strong><\/li>\n<\/ul>\n<p><strong><span style=\"font-family: Arial;\">\u2013 Cadru din aluminiu<\/span><\/strong><\/p>\n<p><strong><span style=\"font-family: Arial;\">\u2013 4 ro\u021bi<\/span><\/strong><\/p>\n<p><strong><span style=\"font-family: Arial;\">\u2013 Lad\u0103 portabil\u0103<\/span><\/strong><\/p>\n<p><strong><span style=\"font-family: Arial;\">\u2013 Hus\u0103 \u0219i saltea pentru c\u0103rucior<\/span><\/strong><\/p>\n<p><strong><span style=\"font-family: Arial;\">\u2013 Hus\u0103 de ploaie<\/span><\/strong><\/p>\n<p><strong><span style=\"font-family: Arial;\">\u2013 Plas\u0103 de \u021b\u00e2n\u021bari<\/span><\/strong><\/p>\n<p><strong><span style=\"font-family: Arial;\">\u2013 Geant\u0103 modern\u0103<\/span><\/strong><\/p>\n<p><strong><span style=\"font-family: Arial;\">\u2013 Co\u0219 de cump\u0103r\u0103turi<\/span><\/strong><\/p>\n<p><strong><span style=\"font-family: Arial;\">\u2013 Suport pentru pahare<\/span><\/strong><\/p>\n<p><strong><span style=\"font-family: Arial;\">\u2013 garan\u021bie de 24 de luni<\/span><\/strong><\/p>\n<p><strong><span style=\"font-family: Arial;\">\u2013 C\u0103rucior<\/span><\/strong><\/p>\n<p><strong><span style=\"font-family: Arial;\">\u2013 *Scaun auto (op\u021bional)<\/span><\/strong><\/p>\n<p><a href=\"http:\/\/forbabyboss.com\/wp-content\/uploads\/2022\/09\/checkout.png\"><img loading=\"lazy\" decoding=\"async\" class=\"alignnone size-full wp-image-5965\" src=\"http:\/\/forbabyboss.com\/wp-content\/uploads\/2022\/09\/checkout.png\" alt=\"\" width=\"750\" height=\"276\" srcset=\"https:\/\/forbabyboss.com\/wp-content\/uploads\/2022\/09\/checkout.png 750w, https:\/\/forbabyboss.com\/wp-content\/uploads\/2022\/09\/checkout-600x221.png 600w\" sizes=\"auto, (max-width: 750px) 100vw, 750px\" \/><\/a><\/p>","protected":false},"excerpt":{"rendered":"<p><a href=\"http:\/\/forbabyboss.com\/wp-content\/uploads\/2022\/09\/Star-Rating-5.png\"><img loading=\"lazy\" decoding=\"async\" class=\"alignnone wp-image-5973 aligncenter\" src=\"http:\/\/forbabyboss.com\/wp-content\/uploads\/2022\/09\/Star-Rating-5.png\" alt=\"\" width=\"299\" height=\"49\" \/><\/a><\/p>\n<p style=\"text-align: center;\"><span style=\"color: #e14d43; font-size: 115%;\"><strong>GARAN\u021aIE DE POTRIVIRE A PRE\u021aULUI<\/strong><\/span><\/p>\n<p style=\"text-align: center;\"><span style=\"font-size: 115%;\"><span style=\"color: #003366;\">Livrare gratuit\u0103\u00a0<\/span>\u2013 2 \u2013 7 zile<\/span><\/p>\n<p style=\"text-align: center;\"><span style=\"color: #008000; font-size: 115%;\"><strong>Cadou gratuit la achizi\u021bii de peste 100 de lire sterline<\/strong><\/span><\/p>","protected":false},"featured_media":4118,"template":"","meta":[],"product_brand":[583],"product_cat":[338,156,213,305,130,209,211],"product_tag":[163,199],"class_list":{"0":"post-4117","1":"product","2":"type-product","3":"status-publish","4":"has-post-thumbnail","6":"product_brand-bebetto","7":"product_cat-600-to-700","8":"product_cat-3-in-1","9":"product_cat-blue","10":"product_cat-colour","11":"product_cat-prams","12":"product_cat-push-chairs","13":"product_cat-stroller","14":"product_tag-3-in-1-prams","15":"product_tag-prams","17":"first","18":"instock","19":"sale","20":"shipping-taxable","21":"purchasable","22":"product-type-simple"},"yoast_head":"<!-- This site is optimized with the Yoast SEO plugin v27.5 - https:\/\/yoast.com\/product\/yoast-seo-wordpress\/ -->\n<title>Pushchair Baby Pram Travel System 3in1 Graphite Frame in Navy - For Baby Boss<\/title>\n<meta name=\"description\" content=\"Pushchair Baby Pram Travel System 3in1 Graphite Frame in Navy\" \/>\n<meta name=\"robots\" content=\"index, follow, max-snippet:-1, max-image-preview:large, max-video-preview:-1\" \/>\n<link rel=\"canonical\" href=\"https:\/\/forbabyboss.com\/ro\/product\/carucior-pentru-bebelusi-cu-sistem-de-calatorie-3-in-1-cadru-grafit-bleumarin\/\" \/>\n<meta property=\"og:locale\" content=\"ro_RO\" \/>\n<meta property=\"og:type\" content=\"article\" \/>\n<meta property=\"og:title\" content=\"Pushchair Baby Pram Travel System 3in1 Graphite Frame in Navy - For Baby Boss\" \/>\n<meta property=\"og:description\" content=\"Pushchair Baby Pram Travel System 3in1 Graphite Frame in Navy\" \/>\n<meta property=\"og:url\" content=\"https:\/\/forbabyboss.com\/ro\/product\/carucior-pentru-bebelusi-cu-sistem-de-calatorie-3-in-1-cadru-grafit-bleumarin\/\" \/>\n<meta property=\"og:site_name\" content=\"For Baby Boss\" \/>\n<meta property=\"article:modified_time\" content=\"2026-02-21T15:09:38+00:00\" \/>\n<meta property=\"og:image\" content=\"https:\/\/forbabyboss.com\/wp-content\/uploads\/2022\/09\/Bebetto-New-Holland-Pushchair-Buggy-Stroller-Car-Seat-Travel-System-3in1-Graphite-Frame-02.jpg\" \/>\n\t<meta property=\"og:image:width\" content=\"1000\" \/>\n\t<meta property=\"og:image:height\" content=\"1000\" \/>\n\t<meta property=\"og:image:type\" content=\"image\/jpeg\" \/>\n<meta name=\"twitter:card\" content=\"summary_large_image\" \/>\n<meta name=\"twitter:label1\" content=\"Timp estimat pentru citire\" \/>\n\t<meta name=\"twitter:data1\" content=\"2 minute\" \/>\n<script type=\"application\/ld+json\" class=\"yoast-schema-graph\">{\"@context\":\"https:\\\/\\\/schema.org\",\"@graph\":[{\"@type\":\"WebPage\",\"@id\":\"https:\\\/\\\/forbabyboss.com\\\/product\\\/pushchair-baby-pram-travel-system-3in1-graphite-frame-in-navy\\\/\",\"url\":\"https:\\\/\\\/forbabyboss.com\\\/product\\\/pushchair-baby-pram-travel-system-3in1-graphite-frame-in-navy\\\/\",\"name\":\"Pushchair Baby Pram Travel System 3in1 Graphite Frame in Navy - For Baby Boss\",\"isPartOf\":{\"@id\":\"https:\\\/\\\/powderblue-seahorse-496884.hostingersite.com\\\/#website\"},\"primaryImageOfPage\":{\"@id\":\"https:\\\/\\\/forbabyboss.com\\\/product\\\/pushchair-baby-pram-travel-system-3in1-graphite-frame-in-navy\\\/#primaryimage\"},\"image\":{\"@id\":\"https:\\\/\\\/forbabyboss.com\\\/product\\\/pushchair-baby-pram-travel-system-3in1-graphite-frame-in-navy\\\/#primaryimage\"},\"thumbnailUrl\":\"https:\\\/\\\/forbabyboss.com\\\/wp-content\\\/uploads\\\/2022\\\/09\\\/Bebetto-New-Holland-Pushchair-Buggy-Stroller-Car-Seat-Travel-System-3in1-Graphite-Frame-02.jpg\",\"datePublished\":\"2022-09-07T13:16:55+00:00\",\"dateModified\":\"2026-02-21T15:09:38+00:00\",\"description\":\"Pushchair Baby Pram Travel System 3in1 Graphite Frame in Navy\",\"breadcrumb\":{\"@id\":\"https:\\\/\\\/forbabyboss.com\\\/product\\\/pushchair-baby-pram-travel-system-3in1-graphite-frame-in-navy\\\/#breadcrumb\"},\"inLanguage\":\"ro-RO\",\"potentialAction\":[{\"@type\":\"ReadAction\",\"target\":[\"https:\\\/\\\/forbabyboss.com\\\/product\\\/pushchair-baby-pram-travel-system-3in1-graphite-frame-in-navy\\\/\"]}]},{\"@type\":\"ImageObject\",\"inLanguage\":\"ro-RO\",\"@id\":\"https:\\\/\\\/forbabyboss.com\\\/product\\\/pushchair-baby-pram-travel-system-3in1-graphite-frame-in-navy\\\/#primaryimage\",\"url\":\"https:\\\/\\\/forbabyboss.com\\\/wp-content\\\/uploads\\\/2022\\\/09\\\/Bebetto-New-Holland-Pushchair-Buggy-Stroller-Car-Seat-Travel-System-3in1-Graphite-Frame-02.jpg\",\"contentUrl\":\"https:\\\/\\\/forbabyboss.com\\\/wp-content\\\/uploads\\\/2022\\\/09\\\/Bebetto-New-Holland-Pushchair-Buggy-Stroller-Car-Seat-Travel-System-3in1-Graphite-Frame-02.jpg\",\"width\":1000,\"height\":1000},{\"@type\":\"BreadcrumbList\",\"@id\":\"https:\\\/\\\/forbabyboss.com\\\/product\\\/pushchair-baby-pram-travel-system-3in1-graphite-frame-in-navy\\\/#breadcrumb\",\"itemListElement\":[{\"@type\":\"ListItem\",\"position\":1,\"name\":\"Home\",\"item\":\"https:\\\/\\\/forbabyboss.com\\\/\"},{\"@type\":\"ListItem\",\"position\":2,\"name\":\"Shop\",\"item\":\"https:\\\/\\\/forbabyboss.com\\\/shop\\\/\"},{\"@type\":\"ListItem\",\"position\":3,\"name\":\"Pushchair Baby Pram Travel System 3in1 Graphite Frame in Navy\"}]},{\"@type\":\"WebSite\",\"@id\":\"https:\\\/\\\/powderblue-seahorse-496884.hostingersite.com\\\/#website\",\"url\":\"https:\\\/\\\/powderblue-seahorse-496884.hostingersite.com\\\/\",\"name\":\"For Baby Boss\",\"description\":\"Beautiful gifts and accessories for your baby boss\",\"potentialAction\":[{\"@type\":\"SearchAction\",\"target\":{\"@type\":\"EntryPoint\",\"urlTemplate\":\"https:\\\/\\\/powderblue-seahorse-496884.hostingersite.com\\\/?s={search_term_string}\"},\"query-input\":{\"@type\":\"PropertyValueSpecification\",\"valueRequired\":true,\"valueName\":\"search_term_string\"}}],\"inLanguage\":\"ro-RO\"}]}<\/script>\n<!-- \/ Yoast SEO plugin. -->","yoast_head_json":{"title":"C\u0103rucior pentru bebelu\u0219i, sistem de c\u0103l\u0103torie 3 \u00een 1, cadru grafit, bleumarin - Pentru Baby Boss","description":"C\u0103rucior pentru bebelu\u0219i, sistem de c\u0103l\u0103torie 3 \u00een 1, cadru grafit, bleumarin","robots":{"index":"index","follow":"follow","max-snippet":"max-snippet:-1","max-image-preview":"max-image-preview:large","max-video-preview":"max-video-preview:-1"},"canonical":"https:\/\/forbabyboss.com\/ro\/product\/carucior-pentru-bebelusi-cu-sistem-de-calatorie-3-in-1-cadru-grafit-bleumarin\/","og_locale":"ro_RO","og_type":"article","og_title":"Pushchair Baby Pram Travel System 3in1 Graphite Frame in Navy - For Baby Boss","og_description":"Pushchair Baby Pram Travel System 3in1 Graphite Frame in Navy","og_url":"https:\/\/forbabyboss.com\/ro\/product\/carucior-pentru-bebelusi-cu-sistem-de-calatorie-3-in-1-cadru-grafit-bleumarin\/","og_site_name":"For Baby Boss","article_modified_time":"2026-02-21T15:09:38+00:00","og_image":[{"width":1000,"height":1000,"url":"https:\/\/forbabyboss.com\/wp-content\/uploads\/2022\/09\/Bebetto-New-Holland-Pushchair-Buggy-Stroller-Car-Seat-Travel-System-3in1-Graphite-Frame-02.jpg","type":"image\/jpeg"}],"twitter_card":"summary_large_image","twitter_misc":{"Timp estimat pentru citire":"2 minute"},"schema":{"@context":"https:\/\/schema.org","@graph":[{"@type":"WebPage","@id":"https:\/\/forbabyboss.com\/product\/pushchair-baby-pram-travel-system-3in1-graphite-frame-in-navy\/","url":"https:\/\/forbabyboss.com\/product\/pushchair-baby-pram-travel-system-3in1-graphite-frame-in-navy\/","name":"C\u0103rucior pentru bebelu\u0219i, sistem de c\u0103l\u0103torie 3 \u00een 1, cadru grafit, bleumarin - Pentru Baby Boss","isPartOf":{"@id":"https:\/\/powderblue-seahorse-496884.hostingersite.com\/#website"},"primaryImageOfPage":{"@id":"https:\/\/forbabyboss.com\/product\/pushchair-baby-pram-travel-system-3in1-graphite-frame-in-navy\/#primaryimage"},"image":{"@id":"https:\/\/forbabyboss.com\/product\/pushchair-baby-pram-travel-system-3in1-graphite-frame-in-navy\/#primaryimage"},"thumbnailUrl":"https:\/\/forbabyboss.com\/wp-content\/uploads\/2022\/09\/Bebetto-New-Holland-Pushchair-Buggy-Stroller-Car-Seat-Travel-System-3in1-Graphite-Frame-02.jpg","datePublished":"2022-09-07T13:16:55+00:00","dateModified":"2026-02-21T15:09:38+00:00","description":"C\u0103rucior pentru bebelu\u0219i, sistem de c\u0103l\u0103torie 3 \u00een 1, cadru grafit, bleumarin","breadcrumb":{"@id":"https:\/\/forbabyboss.com\/product\/pushchair-baby-pram-travel-system-3in1-graphite-frame-in-navy\/#breadcrumb"},"inLanguage":"ro-RO","potentialAction":[{"@type":"ReadAction","target":["https:\/\/forbabyboss.com\/product\/pushchair-baby-pram-travel-system-3in1-graphite-frame-in-navy\/"]}]},{"@type":"ImageObject","inLanguage":"ro-RO","@id":"https:\/\/forbabyboss.com\/product\/pushchair-baby-pram-travel-system-3in1-graphite-frame-in-navy\/#primaryimage","url":"https:\/\/forbabyboss.com\/wp-content\/uploads\/2022\/09\/Bebetto-New-Holland-Pushchair-Buggy-Stroller-Car-Seat-Travel-System-3in1-Graphite-Frame-02.jpg","contentUrl":"https:\/\/forbabyboss.com\/wp-content\/uploads\/2022\/09\/Bebetto-New-Holland-Pushchair-Buggy-Stroller-Car-Seat-Travel-System-3in1-Graphite-Frame-02.jpg","width":1000,"height":1000},{"@type":"BreadcrumbList","@id":"https:\/\/forbabyboss.com\/product\/pushchair-baby-pram-travel-system-3in1-graphite-frame-in-navy\/#breadcrumb","itemListElement":[{"@type":"ListItem","position":1,"name":"Home","item":"https:\/\/forbabyboss.com\/"},{"@type":"ListItem","position":2,"name":"Shop","item":"https:\/\/forbabyboss.com\/shop\/"},{"@type":"ListItem","position":3,"name":"Pushchair Baby Pram Travel System 3in1 Graphite Frame in Navy"}]},{"@type":"WebSite","@id":"https:\/\/powderblue-seahorse-496884.hostingersite.com\/#website","url":"https:\/\/powderblue-seahorse-496884.hostingersite.com\/","name":"Pentru Baby Boss","description":"Cadouri frumoase \u0219i accesorii pentru \u0219eful copilului dvs.","potentialAction":[{"@type":"SearchAction","target":{"@type":"EntryPoint","urlTemplate":"https:\/\/powderblue-seahorse-496884.hostingersite.com\/?s={search_term_string}"},"query-input":{"@type":"PropertyValueSpecification","valueRequired":true,"valueName":"search_term_string"}}],"inLanguage":"ro-RO"}]}},"_links":{"self":[{"href":"https:\/\/forbabyboss.com\/ro\/wp-json\/wp\/v2\/product\/4117","targetHints":{"allow":["GET"]}}],"collection":[{"href":"https:\/\/forbabyboss.com\/ro\/wp-json\/wp\/v2\/product"}],"about":[{"href":"https:\/\/forbabyboss.com\/ro\/wp-json\/wp\/v2\/types\/product"}],"wp:featuredmedia":[{"embeddable":true,"href":"https:\/\/forbabyboss.com\/ro\/wp-json\/wp\/v2\/media\/4118"}],"wp:attachment":[{"href":"https:\/\/forbabyboss.com\/ro\/wp-json\/wp\/v2\/media?parent=4117"}],"wp:term":[{"taxonomy":"product_brand","embeddable":true,"href":"https:\/\/forbabyboss.com\/ro\/wp-json\/wp\/v2\/product_brand?post=4117"},{"taxonomy":"product_cat","embeddable":true,"href":"https:\/\/forbabyboss.com\/ro\/wp-json\/wp\/v2\/product_cat?post=4117"},{"taxonomy":"product_tag","embeddable":true,"href":"https:\/\/forbabyboss.com\/ro\/wp-json\/wp\/v2\/product_tag?post=4117"}],"curies":[{"name":"wp","href":"https:\/\/api.w.org\/{rel}","templated":true}]}}