{"id":4172,"date":"2022-09-07T14:42:24","date_gmt":"2022-09-07T14:42:24","guid":{"rendered":"http:\/\/forbabyboss.com\/?post_type=product&#038;p=4172"},"modified":"2026-02-21T15:16:05","modified_gmt":"2026-02-21T15:16:05","slug":"carucior-pentru-bebelusi-bebetto-travel-system-4-in-1-02-cadru-gri","status":"publish","type":"product","link":"https:\/\/forbabyboss.com\/ro\/product\/baby-pram-pushchair-bebetto-travel-system-4in1-02-grey-frame\/","title":{"rendered":"C\u0103rucior pentru bebelu\u0219i Bebetto Travel System 4 \u00een 1-02, cadru gri"},"content":{"rendered":"<h2 style=\"text-align: justify;\" align=\"center\"><strong><span style=\"color: #e14d43;\"><span style=\"font-family: Arial;\">Luca \u2013 Elegant \u0219i Func\u021bional\u00a0<\/span><\/span><\/strong><\/h2>\n<p style=\"text-align: justify;\" align=\"center\"><strong><span style=\"font-family: Arial;\">Luca este o dovad\u0103 bun\u0103 c\u0103 este posibil s\u0103 combini multifunc\u021bionalitatea cu designul elegant. Tapi\u021beria atractiv\u0103, cu culori netede \u0219i numeroase detalii realizate din piele ecologic\u0103 maro - de aceea atrage aten\u021bia prin designul s\u0103u unic. Greutatea redus\u0103 \u0219i sistemul u\u0219or de pliat \u00eel fac o alegere bun\u0103 pentru cei care caut\u0103 cele mai func\u021bionale solu\u021bii.<\/span><\/strong><\/p>\n<p style=\"text-align: justify;\"><strong>Fabricat \u00een Europa din materiale de \u00eenalt\u0103 calitate, un c\u0103rucior u\u0219or, conceput cu un stil modern.<\/strong><\/p>\n<h4><strong><span style=\"color: #e14d43;\">PRE\u021a INCLUS<\/span> :<\/strong><\/h4>\n<p style=\"text-align: justify;\"><strong>\u2013 Cadru din aluminiu<\/strong><\/p>\n<p style=\"text-align: justify;\"><strong>\u2013 4 ro\u021bi<\/strong><\/p>\n<p style=\"text-align: justify;\"><strong>\u2013 Lad\u0103 portabil\u0103<\/strong><\/p>\n<p style=\"text-align: justify;\"><strong>\u2013 Hus\u0103 \u0219i saltea pentru c\u0103rucior<\/strong><\/p>\n<p style=\"text-align: justify;\"><strong>\u2013 Hus\u0103 de ploaie<\/strong><\/p>\n<p style=\"text-align: justify;\"><strong>\u2013 Plas\u0103 de \u021b\u00e2n\u021bari<\/strong><\/p>\n<p style=\"text-align: justify;\"><strong>\u2013 Geant\u0103 modern\u0103<\/strong><\/p>\n<p style=\"text-align: justify;\"><strong>\u2013 Co\u0219 de cump\u0103r\u0103turi<\/strong><\/p>\n<p style=\"text-align: justify;\"><strong>\u2013 Suport pentru pahare<\/strong><\/p>\n<p style=\"text-align: justify;\"><strong>\u2013 garan\u021bie de 24 de luni<\/strong><\/p>\n<p style=\"text-align: justify;\"><strong>\u2013 C\u0103rucior<\/strong><\/p>\n<p style=\"text-align: justify;\"><strong>\u2013 *Scaun auto (op\u021bional)<\/strong><\/p>\n<p style=\"text-align: justify;\"><strong>\u2013 *Baz\u0103 Isofix (op\u021bional\u0103)<\/strong><\/p>\n<div>\n<div><span style=\"color: #e14d43;\"><strong>Pliat, se \u00eencadreaz\u0103 \u00een spa\u021biul: 75x59x36cm<\/strong><\/span><\/div>\n<div><\/div>\n<div><span style=\"color: #e14d43;\"><strong>*Dimensiuni: lungime, l\u0103\u021bime, \u00een\u0103l\u021bime, greutate.<\/strong><\/span><\/div>\n<div><img decoding=\"async\" src=\"https:\/\/i.ebayimg.com\/images\/g\/Cq4AAOSw8w9imdUH\/s-l1600.png\" alt=\"Imaginea 81 - C\u0103rucior pentru bebelu\u0219i Bebetto Luca Travel System 2 \u00een 1 3 \u00een 1 4 \u00een 1 Scaun auto\" \/><\/div>\n<div><a href=\"http:\/\/forbabyboss.com\/wp-content\/uploads\/2022\/09\/checkout.png\"><img loading=\"lazy\" decoding=\"async\" class=\"alignnone size-full wp-image-5965\" src=\"http:\/\/forbabyboss.com\/wp-content\/uploads\/2022\/09\/checkout.png\" alt=\"\" width=\"750\" height=\"276\" srcset=\"https:\/\/forbabyboss.com\/wp-content\/uploads\/2022\/09\/checkout.png 750w, https:\/\/forbabyboss.com\/wp-content\/uploads\/2022\/09\/checkout-600x221.png 600w\" sizes=\"auto, (max-width: 750px) 100vw, 750px\" \/><\/a><\/div>\n<\/div>\n<div>\n<div><\/div>\n<\/div>","protected":false},"excerpt":{"rendered":"<p><a href=\"http:\/\/forbabyboss.com\/wp-content\/uploads\/2022\/09\/Star-Rating-5.png\"><img loading=\"lazy\" decoding=\"async\" class=\"alignnone wp-image-5973 aligncenter\" src=\"http:\/\/forbabyboss.com\/wp-content\/uploads\/2022\/09\/Star-Rating-5.png\" alt=\"\" width=\"299\" height=\"49\" \/><\/a><\/p>\n<p style=\"text-align: center;\"><span style=\"color: #e14d43; font-size: 115%;\"><strong>GARAN\u021aIE DE POTRIVIRE A PRE\u021aULUI<\/strong><\/span><\/p>\n<p style=\"text-align: center;\"><span style=\"font-size: 115%;\"><span style=\"color: #003366;\">Livrare gratuit\u0103\u00a0<\/span>\u2013 2 \u2013 7 zile<\/span><\/p>\n<p style=\"text-align: center;\"><span style=\"color: #008000; font-size: 115%;\"><strong>Cadou gratuit la achizi\u021bii de peste 100 de lire sterline<\/strong><\/span><\/p>","protected":false},"featured_media":4174,"template":"","meta":[],"product_brand":[583],"product_cat":[339,157,156,197,213,305,130,209,211],"product_tag":[163,200,199],"class_list":{"0":"post-4172","1":"product","2":"type-product","3":"status-publish","4":"has-post-thumbnail","6":"product_brand-bebetto","7":"product_cat-700-to-800","8":"product_cat-2-in-1","9":"product_cat-3-in-1","10":"product_cat-4-in-1-pram","11":"product_cat-blue","12":"product_cat-colour","13":"product_cat-prams","14":"product_cat-push-chairs","15":"product_cat-stroller","16":"product_tag-3-in-1-prams","17":"product_tag-4-in-1-pram","18":"product_tag-prams","20":"first","21":"instock","22":"sale","23":"shipping-taxable","24":"purchasable","25":"product-type-simple"},"yoast_head":"<!-- This site is optimized with the Yoast SEO plugin v27.5 - https:\/\/yoast.com\/product\/yoast-seo-wordpress\/ -->\n<title>Baby Pram Pushchair Bebetto Travel System 4in1-02 Grey Frame - For Baby Boss<\/title>\n<meta name=\"description\" content=\"Baby Pram Pushchair Bebetto Travel System 4in1-02 Grey Frame\" \/>\n<meta name=\"robots\" content=\"index, follow, max-snippet:-1, max-image-preview:large, max-video-preview:-1\" \/>\n<link rel=\"canonical\" href=\"https:\/\/forbabyboss.com\/ro\/product\/carucior-pentru-bebelusi-bebetto-travel-system-4-in-1-02-cadru-gri\/\" \/>\n<meta property=\"og:locale\" content=\"ro_RO\" \/>\n<meta property=\"og:type\" content=\"article\" \/>\n<meta property=\"og:title\" content=\"Baby Pram Pushchair Bebetto Travel System 4in1-02 Grey Frame - For Baby Boss\" \/>\n<meta property=\"og:description\" content=\"Baby Pram Pushchair Bebetto Travel System 4in1-02 Grey Frame\" \/>\n<meta property=\"og:url\" content=\"https:\/\/forbabyboss.com\/ro\/product\/carucior-pentru-bebelusi-bebetto-travel-system-4-in-1-02-cadru-gri\/\" \/>\n<meta property=\"og:site_name\" content=\"For Baby Boss\" \/>\n<meta property=\"article:modified_time\" content=\"2026-02-21T15:16:05+00:00\" \/>\n<meta property=\"og:image\" content=\"https:\/\/forbabyboss.com\/wp-content\/uploads\/2022\/09\/Baby-Pram-Pushchair-Bebetto-Luca-Travel-System-4in1-Car-Seat-02-Grey-Frame_1.png\" \/>\n\t<meta property=\"og:image:width\" content=\"800\" \/>\n\t<meta property=\"og:image:height\" content=\"800\" \/>\n\t<meta property=\"og:image:type\" content=\"image\/png\" \/>\n<meta name=\"twitter:card\" content=\"summary_large_image\" \/>\n<meta name=\"twitter:label1\" content=\"Timp estimat pentru citire\" \/>\n\t<meta name=\"twitter:data1\" content=\"1 minut\" \/>\n<script type=\"application\/ld+json\" class=\"yoast-schema-graph\">{\"@context\":\"https:\\\/\\\/schema.org\",\"@graph\":[{\"@type\":\"WebPage\",\"@id\":\"https:\\\/\\\/forbabyboss.com\\\/product\\\/baby-pram-pushchair-bebetto-travel-system-4in1-02-grey-frame\\\/\",\"url\":\"https:\\\/\\\/forbabyboss.com\\\/product\\\/baby-pram-pushchair-bebetto-travel-system-4in1-02-grey-frame\\\/\",\"name\":\"Baby Pram Pushchair Bebetto Travel System 4in1-02 Grey Frame - For Baby Boss\",\"isPartOf\":{\"@id\":\"https:\\\/\\\/powderblue-seahorse-496884.hostingersite.com\\\/#website\"},\"primaryImageOfPage\":{\"@id\":\"https:\\\/\\\/forbabyboss.com\\\/product\\\/baby-pram-pushchair-bebetto-travel-system-4in1-02-grey-frame\\\/#primaryimage\"},\"image\":{\"@id\":\"https:\\\/\\\/forbabyboss.com\\\/product\\\/baby-pram-pushchair-bebetto-travel-system-4in1-02-grey-frame\\\/#primaryimage\"},\"thumbnailUrl\":\"https:\\\/\\\/forbabyboss.com\\\/wp-content\\\/uploads\\\/2022\\\/09\\\/Baby-Pram-Pushchair-Bebetto-Luca-Travel-System-4in1-Car-Seat-02-Grey-Frame_1.png\",\"datePublished\":\"2022-09-07T14:42:24+00:00\",\"dateModified\":\"2026-02-21T15:16:05+00:00\",\"description\":\"Baby Pram Pushchair Bebetto Travel System 4in1-02 Grey Frame\",\"breadcrumb\":{\"@id\":\"https:\\\/\\\/forbabyboss.com\\\/product\\\/baby-pram-pushchair-bebetto-travel-system-4in1-02-grey-frame\\\/#breadcrumb\"},\"inLanguage\":\"ro-RO\",\"potentialAction\":[{\"@type\":\"ReadAction\",\"target\":[\"https:\\\/\\\/forbabyboss.com\\\/product\\\/baby-pram-pushchair-bebetto-travel-system-4in1-02-grey-frame\\\/\"]}]},{\"@type\":\"ImageObject\",\"inLanguage\":\"ro-RO\",\"@id\":\"https:\\\/\\\/forbabyboss.com\\\/product\\\/baby-pram-pushchair-bebetto-travel-system-4in1-02-grey-frame\\\/#primaryimage\",\"url\":\"https:\\\/\\\/forbabyboss.com\\\/wp-content\\\/uploads\\\/2022\\\/09\\\/Baby-Pram-Pushchair-Bebetto-Luca-Travel-System-4in1-Car-Seat-02-Grey-Frame_1.png\",\"contentUrl\":\"https:\\\/\\\/forbabyboss.com\\\/wp-content\\\/uploads\\\/2022\\\/09\\\/Baby-Pram-Pushchair-Bebetto-Luca-Travel-System-4in1-Car-Seat-02-Grey-Frame_1.png\",\"width\":800,\"height\":800},{\"@type\":\"BreadcrumbList\",\"@id\":\"https:\\\/\\\/forbabyboss.com\\\/product\\\/baby-pram-pushchair-bebetto-travel-system-4in1-02-grey-frame\\\/#breadcrumb\",\"itemListElement\":[{\"@type\":\"ListItem\",\"position\":1,\"name\":\"Home\",\"item\":\"https:\\\/\\\/forbabyboss.com\\\/\"},{\"@type\":\"ListItem\",\"position\":2,\"name\":\"Shop\",\"item\":\"https:\\\/\\\/forbabyboss.com\\\/shop\\\/\"},{\"@type\":\"ListItem\",\"position\":3,\"name\":\"Baby Pram Pushchair Bebetto Travel System 4in1-02 Grey Frame\"}]},{\"@type\":\"WebSite\",\"@id\":\"https:\\\/\\\/powderblue-seahorse-496884.hostingersite.com\\\/#website\",\"url\":\"https:\\\/\\\/powderblue-seahorse-496884.hostingersite.com\\\/\",\"name\":\"For Baby Boss\",\"description\":\"Beautiful gifts and accessories for your baby boss\",\"potentialAction\":[{\"@type\":\"SearchAction\",\"target\":{\"@type\":\"EntryPoint\",\"urlTemplate\":\"https:\\\/\\\/powderblue-seahorse-496884.hostingersite.com\\\/?s={search_term_string}\"},\"query-input\":{\"@type\":\"PropertyValueSpecification\",\"valueRequired\":true,\"valueName\":\"search_term_string\"}}],\"inLanguage\":\"ro-RO\"}]}<\/script>\n<!-- \/ Yoast SEO plugin. -->","yoast_head_json":{"title":"C\u0103rucior pentru bebelu\u0219i Bebetto Travel System 4 \u00een 1-02, cadru gri - Pentru Baby Boss","description":"C\u0103rucior pentru bebelu\u0219i Bebetto Travel System 4 \u00een 1-02, cadru gri","robots":{"index":"index","follow":"follow","max-snippet":"max-snippet:-1","max-image-preview":"max-image-preview:large","max-video-preview":"max-video-preview:-1"},"canonical":"https:\/\/forbabyboss.com\/ro\/product\/carucior-pentru-bebelusi-bebetto-travel-system-4-in-1-02-cadru-gri\/","og_locale":"ro_RO","og_type":"article","og_title":"Baby Pram Pushchair Bebetto Travel System 4in1-02 Grey Frame - For Baby Boss","og_description":"Baby Pram Pushchair Bebetto Travel System 4in1-02 Grey Frame","og_url":"https:\/\/forbabyboss.com\/ro\/product\/carucior-pentru-bebelusi-bebetto-travel-system-4-in-1-02-cadru-gri\/","og_site_name":"For Baby Boss","article_modified_time":"2026-02-21T15:16:05+00:00","og_image":[{"width":800,"height":800,"url":"https:\/\/forbabyboss.com\/wp-content\/uploads\/2022\/09\/Baby-Pram-Pushchair-Bebetto-Luca-Travel-System-4in1-Car-Seat-02-Grey-Frame_1.png","type":"image\/png"}],"twitter_card":"summary_large_image","twitter_misc":{"Timp estimat pentru citire":"1 minut"},"schema":{"@context":"https:\/\/schema.org","@graph":[{"@type":"WebPage","@id":"https:\/\/forbabyboss.com\/product\/baby-pram-pushchair-bebetto-travel-system-4in1-02-grey-frame\/","url":"https:\/\/forbabyboss.com\/product\/baby-pram-pushchair-bebetto-travel-system-4in1-02-grey-frame\/","name":"C\u0103rucior pentru bebelu\u0219i Bebetto Travel System 4 \u00een 1-02, cadru gri - Pentru Baby Boss","isPartOf":{"@id":"https:\/\/powderblue-seahorse-496884.hostingersite.com\/#website"},"primaryImageOfPage":{"@id":"https:\/\/forbabyboss.com\/product\/baby-pram-pushchair-bebetto-travel-system-4in1-02-grey-frame\/#primaryimage"},"image":{"@id":"https:\/\/forbabyboss.com\/product\/baby-pram-pushchair-bebetto-travel-system-4in1-02-grey-frame\/#primaryimage"},"thumbnailUrl":"https:\/\/forbabyboss.com\/wp-content\/uploads\/2022\/09\/Baby-Pram-Pushchair-Bebetto-Luca-Travel-System-4in1-Car-Seat-02-Grey-Frame_1.png","datePublished":"2022-09-07T14:42:24+00:00","dateModified":"2026-02-21T15:16:05+00:00","description":"C\u0103rucior pentru bebelu\u0219i Bebetto Travel System 4 \u00een 1-02, cadru gri","breadcrumb":{"@id":"https:\/\/forbabyboss.com\/product\/baby-pram-pushchair-bebetto-travel-system-4in1-02-grey-frame\/#breadcrumb"},"inLanguage":"ro-RO","potentialAction":[{"@type":"ReadAction","target":["https:\/\/forbabyboss.com\/product\/baby-pram-pushchair-bebetto-travel-system-4in1-02-grey-frame\/"]}]},{"@type":"ImageObject","inLanguage":"ro-RO","@id":"https:\/\/forbabyboss.com\/product\/baby-pram-pushchair-bebetto-travel-system-4in1-02-grey-frame\/#primaryimage","url":"https:\/\/forbabyboss.com\/wp-content\/uploads\/2022\/09\/Baby-Pram-Pushchair-Bebetto-Luca-Travel-System-4in1-Car-Seat-02-Grey-Frame_1.png","contentUrl":"https:\/\/forbabyboss.com\/wp-content\/uploads\/2022\/09\/Baby-Pram-Pushchair-Bebetto-Luca-Travel-System-4in1-Car-Seat-02-Grey-Frame_1.png","width":800,"height":800},{"@type":"BreadcrumbList","@id":"https:\/\/forbabyboss.com\/product\/baby-pram-pushchair-bebetto-travel-system-4in1-02-grey-frame\/#breadcrumb","itemListElement":[{"@type":"ListItem","position":1,"name":"Home","item":"https:\/\/forbabyboss.com\/"},{"@type":"ListItem","position":2,"name":"Shop","item":"https:\/\/forbabyboss.com\/shop\/"},{"@type":"ListItem","position":3,"name":"Baby Pram Pushchair Bebetto Travel System 4in1-02 Grey Frame"}]},{"@type":"WebSite","@id":"https:\/\/powderblue-seahorse-496884.hostingersite.com\/#website","url":"https:\/\/powderblue-seahorse-496884.hostingersite.com\/","name":"Pentru Baby Boss","description":"Cadouri frumoase \u0219i accesorii pentru \u0219eful copilului dvs.","potentialAction":[{"@type":"SearchAction","target":{"@type":"EntryPoint","urlTemplate":"https:\/\/powderblue-seahorse-496884.hostingersite.com\/?s={search_term_string}"},"query-input":{"@type":"PropertyValueSpecification","valueRequired":true,"valueName":"search_term_string"}}],"inLanguage":"ro-RO"}]}},"_links":{"self":[{"href":"https:\/\/forbabyboss.com\/ro\/wp-json\/wp\/v2\/product\/4172","targetHints":{"allow":["GET"]}}],"collection":[{"href":"https:\/\/forbabyboss.com\/ro\/wp-json\/wp\/v2\/product"}],"about":[{"href":"https:\/\/forbabyboss.com\/ro\/wp-json\/wp\/v2\/types\/product"}],"wp:featuredmedia":[{"embeddable":true,"href":"https:\/\/forbabyboss.com\/ro\/wp-json\/wp\/v2\/media\/4174"}],"wp:attachment":[{"href":"https:\/\/forbabyboss.com\/ro\/wp-json\/wp\/v2\/media?parent=4172"}],"wp:term":[{"taxonomy":"product_brand","embeddable":true,"href":"https:\/\/forbabyboss.com\/ro\/wp-json\/wp\/v2\/product_brand?post=4172"},{"taxonomy":"product_cat","embeddable":true,"href":"https:\/\/forbabyboss.com\/ro\/wp-json\/wp\/v2\/product_cat?post=4172"},{"taxonomy":"product_tag","embeddable":true,"href":"https:\/\/forbabyboss.com\/ro\/wp-json\/wp\/v2\/product_tag?post=4172"}],"curies":[{"name":"wp","href":"https:\/\/api.w.org\/{rel}","templated":true}]}}