{"id":4267,"date":"2022-09-08T09:37:09","date_gmt":"2022-09-08T09:37:09","guid":{"rendered":"http:\/\/forbabyboss.com\/?post_type=product&#038;p=4267"},"modified":"2026-02-21T15:36:00","modified_gmt":"2026-02-21T15:36:00","slug":"carucior-pentru-bebelusi-sistem-de-calatorie-premium-scaun-auto-4-in-1-08","status":"publish","type":"product","link":"https:\/\/forbabyboss.com\/ro\/product\/pushchair-baby-pram-premium-travel-system-4in1-car-seat-08\/","title":{"rendered":"C\u0103rucior pentru bebelu\u0219i, sistem de c\u0103l\u0103torie premium, scaun auto 4 \u00een 1 \u2013 08"},"content":{"rendered":"<p style=\"text-align: justify;\"><strong><span style=\"color: #282828;\">O gondol\u0103 cu o structur\u0103 modern\u0103, disponibil\u0103 \u00een 3 variante de culoare: auriu, argintiu \u0219i negru. Este u\u0219oar\u0103 \u0219i u\u0219or de utilizat. Designul este durabil \u0219i are ro\u021bi deta\u0219abile, astfel \u00eenc\u00e2t pute\u021bi demonta complet c\u0103ruciorul pentru dimensiuni mici. Cadru cu t\u0103ietoare laterale, disponibil \u00een 2 culori - argintiu-negru \u0219i auriu-negru. Un sistem u\u0219or \u0219i practic de pliere a cadrului la dimensiunea mic\u0103 - \u00een pozi\u021bia \u201c0\u201d. 3 perechi de amortizoare cu duritate a suspensiei reglabil\u0103, ceea ce cre\u0219te confortul c\u0103l\u0103toriei copilului dumneavoastr\u0103. Tapi\u021beria cabinei gondolei \u0219i a scaunului de mers au ventila\u021bie ampl\u0103, practic\u0103 \u0219i o copertin\u0103 parasolar rabatabil\u0103. Gondol\u0103 extrem de spa\u021bioas\u0103 \u0219i confortabil\u0103 (lungime 85 cm) cu un sistem intuitiv \u0219i confortabil de ridicare a tetierei \u0219i un sistem de ventila\u021bie \u00een partea de jos.<\/span><\/strong><\/p>\n<p style=\"text-align: justify;\"><strong><span style=\"color: #282828;\"><span style=\"color: #e14d43;\">Exist\u0103 patru op\u021biuni, din care pute\u021bi alege<\/span>:\u00a0<\/span><\/strong><\/p>\n<p style=\"text-align: justify;\" align=\"center\"><strong><span style=\"font-family: Arial; color: #282828;\">\u2013 un cadru elegant cu landou (vezi alte licita\u021bii)<\/span><\/strong><\/p>\n<p style=\"text-align: justify;\" align=\"center\"><strong><span style=\"font-family: Arial; color: #282828;\">\u2013 op\u021biune 2 \u00een 1 care include cadru, landou \u0219i c\u0103rucior<\/span><\/strong><\/p>\n<p style=\"text-align: justify;\" align=\"center\"><strong><span style=\"font-family: Arial; color: #282828;\">\u2013 op\u021biune 3 \u00een 1 care include un cadru, un landou, un c\u0103rucior \u0219i un scaun auto<\/span><\/strong><\/p>\n<p style=\"text-align: justify;\" align=\"center\"><strong><span style=\"color: #282828;\"><span style=\"font-family: Arial;\">\u2013\u00a0\u00a0<\/span><span style=\"font-family: Arial;\">Op\u021biunea 4 \u00een 1 care include toate cele de mai sus, cu o baz\u0103 ISOFIX care ofer\u0103 stabilitate \u0219i siguran\u021b\u0103 bebelu\u0219ului \u00een timpul c\u0103l\u0103toriei cu ma\u0219ina<\/span><\/span><\/strong><\/p>\n<h3 style=\"text-align: justify;\" align=\"center\"><strong><span style=\"font-family: Arial; color: #282828;\"><span style=\"color: #e14d43;\">Caracteristici ale produsului<\/span>:<\/span><\/strong><\/h3>\n<p style=\"text-align: justify;\" align=\"center\"><strong><span style=\"font-family: Arial; color: #282828;\">\u2013 Construc\u021bie elegant\u0103, u\u0219oar\u0103 \u0219i durabil\u0103 din aluminiu cu \u201caxe\u201d retractabile, astfel \u00eenc\u00e2t s\u0103 pute\u021bi demonta complet toate ro\u021bile<\/span><\/strong><\/p>\n<p style=\"text-align: justify;\" align=\"center\"><strong><span style=\"font-family: Arial; color: #282828;\">\u2013 Ram\u0103 neagr\u0103 elegant\u0103<\/span><\/strong><\/p>\n<p style=\"text-align: justify;\" align=\"center\"><strong><span style=\"font-family: Arial; color: #282828;\">\u2013 Sistem de pliere u\u0219or \u0219i practic pentru dimensiuni mici \u2013 p\u00e2n\u0103 la pozi\u021bia \u201c0\u201d<\/span><\/strong><\/p>\n<p style=\"text-align: justify;\" align=\"center\"><strong><span style=\"font-family: Arial; color: #282828;\">\u2013 Ro\u021bi din spum\u0103 (gel) la fel de moi ca cele pompate (nu se pot perfora), oferind un confort foarte ridicat la mers pentru copilul dumneavoastr\u0103<\/span><\/strong><\/p>\n<p style=\"text-align: justify;\" align=\"center\"><strong><span style=\"font-family: Arial; color: #282828;\">\u2013 Ro\u021bi cu sistem de rota\u021bie la 360 de grade<\/span><\/strong><\/p>\n<p style=\"text-align: justify;\" align=\"center\"><strong><span style=\"font-family: Arial; color: #282828;\">\u2013 Sistem anti-\u0219oc<\/span><\/strong><\/p>\n<p style=\"text-align: justify;\" align=\"center\"><strong><span style=\"font-family: Arial; color: #282828;\">\u2013 M\u00e2ner reglabil care permite ajustarea nivelului la \u00een\u0103l\u021bimea p\u0103rintelui<\/span><\/strong><\/p>\n<p style=\"text-align: justify;\" align=\"center\"><strong><span style=\"font-family: Arial; color: #282828;\">\u2013 garan\u021bie de 24 de luni<\/span><\/strong><\/p>\n<p style=\"text-align: justify;\" align=\"center\"><strong><span style=\"font-family: Arial; color: #282828;\">\u2013 Geam spate pentru ventila\u021bie<\/span><\/strong><\/p>\n<p style=\"text-align: justify;\" align=\"center\"><strong><span style=\"font-family: Arial; color: #282828;\">\u2013 Landou extrem de spa\u021bios \u0219i confortabil (lungime 85 cm) cu un sistem intuitiv \u0219i confortabil de ridicare a tetierei, cu func\u021bie de ventila\u021bie \u00een partea de jos<\/span><\/strong><\/p>\n<p style=\"text-align: justify;\" align=\"center\"><strong><span style=\"font-family: Arial; color: #282828;\">\u2013 Cauciuc suplimentar pe partea inferioar\u0103 a landoului, care previne alunecarea \u0219i protejeaz\u0103 \u00eempotriva zg\u00e2rieturilor<\/span><\/strong><\/p>\n<p style=\"text-align: justify;\" align=\"center\"><strong><span style=\"font-family: Arial; color: #282828;\">\u2013 Ham cu 5 puncte<\/span><\/strong><\/p>\n<p style=\"text-align: justify;\" align=\"center\"><strong><span style=\"font-family: Arial; color: #282828;\">\u2013 Sistem orientat spre fa\u021b\u0103 \u0219i spre spate<\/span><\/strong><\/p>\n<h3 style=\"text-align: left;\" align=\"center\"><span style=\"color: #e14d43;\"><b>Pre\u021bul include:<\/b><\/span><\/h3>\n<p style=\"text-align: justify;\" align=\"center\"><strong><span style=\"font-family: Arial; color: #282828;\">\u2013 Hus\u0103 de ploaie<\/span><\/strong><\/p>\n<p style=\"text-align: justify;\" align=\"center\"><strong><span style=\"font-family: Arial; color: #282828;\">\u2013 Plas\u0103 de \u021b\u00e2n\u021bari<\/span><\/strong><\/p>\n<p style=\"text-align: justify;\" align=\"center\"><strong><span style=\"font-family: Arial; color: #282828;\">\u2013 can\u0103<\/span><\/strong><\/p>\n<p style=\"text-align: justify;\" align=\"center\"><strong><span style=\"font-family: Arial; color: #282828;\">\u2013 Co\u0219 de cump\u0103r\u0103turi<\/span><\/strong><\/p>\n<p style=\"text-align: justify;\" align=\"center\"><strong><span style=\"font-family: Arial; color: #282828;\">\u2013 Geant\u0103<\/span><\/strong><\/p>\n<p style=\"text-align: justify;\" align=\"center\"><strong><span style=\"font-family: Arial; color: #282828;\">\u2013 Hus\u0103 pentru picioare<\/span><\/strong><\/p>\n<p style=\"text-align: justify;\" align=\"center\"><strong><span style=\"font-family: Arial; color: #282828;\">\u2013 Hus\u0103 de picioare<\/span><\/strong><\/p>\n<p style=\"text-align: justify;\" align=\"center\"><strong><span style=\"font-family: Arial; color: #282828;\">\u2013 Man\u0219on pentru m\u00e2ini<\/span><\/strong><\/p>\n<p style=\"text-align: justify;\" align=\"center\"><strong><span style=\"font-family: Arial; color: #282828;\">\u2013 Interior deta\u0219abil<\/span><\/strong><\/p>\n<p style=\"text-align: justify;\" align=\"center\"><strong><span style=\"font-family: Arial; color: #282828;\">\u2013 Sp\u0103tar reglabil<\/span><\/strong><\/p>\n<p style=\"text-align: justify;\" align=\"center\"><strong><span style=\"font-family: Arial; color: #282828;\">\u2013 4 ro\u021bi cu gel<\/span><\/strong><\/p>\n<p style=\"text-align: justify;\" align=\"center\"><strong><span style=\"color: #282828;\"><span style=\"font-family: Arial;\">\u2013 Scaun auto 0-13 kg (op\u021bional)<\/span>\u00a0<\/span><\/strong><\/p>\n<h3 style=\"text-align: justify;\" align=\"center\"><span style=\"color: #e14d43;\"><strong>BAZ\u0102 ISOFIX:<\/strong><\/span><\/h3>\n<p style=\"text-align: justify;\" align=\"center\"><strong><span style=\"font-family: Arial; color: #282828;\">\u2022 Culoare: Negru<\/span><\/strong><\/p>\n<p style=\"text-align: justify;\" align=\"center\"><strong><span style=\"font-family: Arial; color: #282828;\">\u2022 Potrivit de la na\u0219tere<\/span><\/strong><\/p>\n<p style=\"text-align: justify;\" align=\"center\"><strong><span style=\"font-family: Arial; color: #282828;\">\u2022 Se fixeaz\u0103 direct pe \u0219asiul ma\u0219inii folosind punctele de fixare ISOFIX ale vehiculului<\/span><\/strong><\/p>\n<p style=\"text-align: justify;\" align=\"center\"><strong><span style=\"font-family: Arial; color: #282828;\">\u2022 Poate fi fixat \u0219i cu centura de siguran\u021b\u0103 a vehiculului<\/span><\/strong><\/p>\n<p style=\"text-align: justify;\" align=\"center\"><strong><span style=\"font-family: Arial; color: #282828;\">\u2022 U\u0219or de instalat<\/span><\/strong><\/p>\n<p style=\"text-align: justify;\" align=\"center\"><strong><span style=\"font-family: Arial; color: #282828;\">\u2022 Sigur \u0219i protejat<\/span><\/strong><\/p>\n<p style=\"text-align: justify;\" align=\"center\"><strong><span style=\"font-family: Arial; color: #282828;\">\u2022 Minimizeaz\u0103 zbuciumul<\/span><\/strong><\/p>\n<p style=\"text-align: justify;\" align=\"center\"><strong><span style=\"font-family: Arial; color: #282828;\">\u2022 Reduce probabilitatea trezirii bebelu\u0219ului la transferul din ma\u0219in\u0103 acas\u0103<\/span><\/strong><\/p>\n<p style=\"text-align: justify;\" align=\"center\"><strong><span style=\"font-family: Arial; color: #282828;\">\u2022 Piciorul de sus\u021binere ofer\u0103 stabilitate \u0219i siguran\u021b\u0103 maxime \u0219i se ajusteaz\u0103 u\u0219or pentru o potrivire optim\u0103<\/span><\/strong><\/p>\n<p style=\"text-align: justify;\" align=\"center\"><strong><span style=\"font-family: Arial; color: #282828;\">\u2022 Indicatorii de culoare confirm\u0103 instalarea corect\u0103 a bazei pe vehicul<\/span><\/strong><\/p>\n<h3 style=\"text-align: justify;\" align=\"center\"><span style=\"color: #e14d43;\"><strong><span style=\"font-size: 120%;\"><span style=\"font-family: Arial;\">DIMENSIUNI<span style=\"color: #000000;\">:<\/span><\/span><\/span><\/strong><\/span><\/h3>\n<h4 style=\"text-align: justify;\" align=\"center\"><strong><span style=\"font-family: Arial; color: #282828;\"><span style=\"color: #e14d43;\">Landou<span style=\"color: #000000;\">:<\/span><\/span><br \/>\n\u2022 greutate \u2013 3,5 kg<br \/>\n\u2022 greutatea total\u0103 a c\u0103ruciorului \u2013 15 kg<br \/>\n\u2022 cadru cu landou: \u00ce. 125,5 cm x l. 60 cm x L. 98 cm<\/span><\/strong><\/h4>\n<p><strong><span style=\"color: #282828;\"><span style=\"color: #e14d43;\">C\u0103rucior<\/span>:<\/span><\/strong><br \/>\n<strong><span style=\"color: #282828;\">\u2022 greutate \u2013 5,5 kg<\/span><\/strong><br \/>\n<strong><span style=\"color: #282828;\">\u2022 Unitate \u0219ezut: l\u0103\u021bime 36 cm x lungime 84 cm<\/span><\/strong><\/p>\n<p><span style=\"color: #e14d43;\"><strong>Scaun auto<span style=\"color: #000000;\">:<\/span><\/strong><\/span><br \/>\n<strong><span style=\"color: #282828;\">\u2022 Greutate: 3,3 kg<\/span><\/strong><br \/>\n<strong><span style=\"color: #282828;\">\u2022 pentru copii cu greutatea \u00eentre 0 \u0219i 13 kg<\/span><\/strong><\/p>\n<p><span style=\"color: #e14d43;\"><strong>Cadru<span style=\"color: #000000;\">:<\/span><\/strong><\/span><br \/>\n<strong><span style=\"color: #282828;\">\u2022 greutate \u2013 6 kg<\/span><\/strong><br \/>\n<strong><span style=\"color: #282828;\">\u2022 deschis 98 x 60 x 125,5 cm<\/span><\/strong><br \/>\n<strong><span style=\"color: #282828;\">\u2022 \u00eenchis 82,5 x 40,5 cm<\/span><\/strong><\/p>\n<p><a href=\"http:\/\/forbabyboss.com\/wp-content\/uploads\/2022\/09\/checkout.png\"><img loading=\"lazy\" decoding=\"async\" class=\"alignnone size-full wp-image-5965\" src=\"http:\/\/forbabyboss.com\/wp-content\/uploads\/2022\/09\/checkout.png\" alt=\"\" width=\"750\" height=\"276\" srcset=\"https:\/\/forbabyboss.com\/wp-content\/uploads\/2022\/09\/checkout.png 750w, https:\/\/forbabyboss.com\/wp-content\/uploads\/2022\/09\/checkout-600x221.png 600w\" sizes=\"auto, (max-width: 750px) 100vw, 750px\" \/><\/a><\/p>","protected":false},"excerpt":{"rendered":"<p><a href=\"http:\/\/forbabyboss.com\/wp-content\/uploads\/2022\/09\/Star-Rating-5.png\"><img loading=\"lazy\" decoding=\"async\" class=\"alignnone wp-image-5973 aligncenter\" src=\"http:\/\/forbabyboss.com\/wp-content\/uploads\/2022\/09\/Star-Rating-5.png\" alt=\"\" width=\"299\" height=\"49\" \/><\/a><\/p>\n<p style=\"text-align: center;\"><span style=\"color: #e14d43; font-size: 115%;\"><strong>GARAN\u021aIE DE POTRIVIRE A PRE\u021aULUI<\/strong><\/span><\/p>\n<p style=\"text-align: center;\"><span style=\"font-size: 115%;\"><span style=\"color: #003366;\">Livrare gratuit\u0103\u00a0<\/span>\u2013 2 \u2013 7 zile<\/span><\/p>\n<p style=\"text-align: center;\"><span style=\"color: #008000; font-size: 115%;\"><strong>Cadou gratuit la achizi\u021bii de peste 100 de lire sterline<\/strong><\/span><\/p>","protected":false},"featured_media":4270,"template":"","meta":[],"product_brand":[577],"product_cat":[340,156,197,305,130,209,221,211],"product_tag":[163,200,199],"class_list":{"0":"post-4267","1":"product","2":"type-product","3":"status-publish","4":"has-post-thumbnail","6":"product_brand-kunert","7":"product_cat-800-to-900","8":"product_cat-3-in-1","9":"product_cat-4-in-1-pram","10":"product_cat-colour","11":"product_cat-prams","12":"product_cat-push-chairs","13":"product_cat-silver-colour","14":"product_cat-stroller","15":"product_tag-3-in-1-prams","16":"product_tag-4-in-1-pram","17":"product_tag-prams","19":"first","20":"instock","21":"sale","22":"shipping-taxable","23":"purchasable","24":"product-type-simple"},"yoast_head":"<!-- This site is optimized with the Yoast SEO plugin v27.5 - https:\/\/yoast.com\/product\/yoast-seo-wordpress\/ -->\n<title>Pushchair Baby Pram Premium Travel System 4in1 Car Seat - 08 - For Baby Boss<\/title>\n<meta name=\"description\" content=\"Pushchair Baby Pram Premium Travel System 4in1 Car Seat - 08\" \/>\n<meta name=\"robots\" content=\"index, follow, max-snippet:-1, max-image-preview:large, max-video-preview:-1\" \/>\n<link rel=\"canonical\" href=\"https:\/\/forbabyboss.com\/ro\/product\/carucior-pentru-bebelusi-sistem-de-calatorie-premium-scaun-auto-4-in-1-08\/\" \/>\n<meta property=\"og:locale\" content=\"ro_RO\" \/>\n<meta property=\"og:type\" content=\"article\" \/>\n<meta property=\"og:title\" content=\"Pushchair Baby Pram Premium Travel System 4in1 Car Seat - 08 - For Baby Boss\" \/>\n<meta property=\"og:description\" content=\"Pushchair Baby Pram Premium Travel System 4in1 Car Seat - 08\" \/>\n<meta property=\"og:url\" content=\"https:\/\/forbabyboss.com\/ro\/product\/carucior-pentru-bebelusi-sistem-de-calatorie-premium-scaun-auto-4-in-1-08\/\" \/>\n<meta property=\"og:site_name\" content=\"For Baby Boss\" \/>\n<meta property=\"article:modified_time\" content=\"2026-02-21T15:36:00+00:00\" \/>\n<meta property=\"og:image\" content=\"https:\/\/forbabyboss.com\/wp-content\/uploads\/2022\/09\/Baby-Pram-Pushchair-Paradise-Euforia-Premium-Travel-System-4in1-Car-Seat-08_MAIN.jpg\" \/>\n\t<meta property=\"og:image:width\" content=\"1020\" \/>\n\t<meta property=\"og:image:height\" content=\"1125\" \/>\n\t<meta property=\"og:image:type\" content=\"image\/jpeg\" \/>\n<meta name=\"twitter:card\" content=\"summary_large_image\" \/>\n<meta name=\"twitter:label1\" content=\"Timp estimat pentru citire\" \/>\n\t<meta name=\"twitter:data1\" content=\"3 minute\" \/>\n<script type=\"application\/ld+json\" class=\"yoast-schema-graph\">{\"@context\":\"https:\\\/\\\/schema.org\",\"@graph\":[{\"@type\":\"WebPage\",\"@id\":\"https:\\\/\\\/forbabyboss.com\\\/product\\\/pushchair-baby-pram-premium-travel-system-4in1-car-seat-08\\\/\",\"url\":\"https:\\\/\\\/forbabyboss.com\\\/product\\\/pushchair-baby-pram-premium-travel-system-4in1-car-seat-08\\\/\",\"name\":\"Pushchair Baby Pram Premium Travel System 4in1 Car Seat - 08 - For Baby Boss\",\"isPartOf\":{\"@id\":\"https:\\\/\\\/powderblue-seahorse-496884.hostingersite.com\\\/#website\"},\"primaryImageOfPage\":{\"@id\":\"https:\\\/\\\/forbabyboss.com\\\/product\\\/pushchair-baby-pram-premium-travel-system-4in1-car-seat-08\\\/#primaryimage\"},\"image\":{\"@id\":\"https:\\\/\\\/forbabyboss.com\\\/product\\\/pushchair-baby-pram-premium-travel-system-4in1-car-seat-08\\\/#primaryimage\"},\"thumbnailUrl\":\"https:\\\/\\\/forbabyboss.com\\\/wp-content\\\/uploads\\\/2022\\\/09\\\/Baby-Pram-Pushchair-Paradise-Euforia-Premium-Travel-System-4in1-Car-Seat-08_MAIN.jpg\",\"datePublished\":\"2022-09-08T09:37:09+00:00\",\"dateModified\":\"2026-02-21T15:36:00+00:00\",\"description\":\"Pushchair Baby Pram Premium Travel System 4in1 Car Seat - 08\",\"breadcrumb\":{\"@id\":\"https:\\\/\\\/forbabyboss.com\\\/product\\\/pushchair-baby-pram-premium-travel-system-4in1-car-seat-08\\\/#breadcrumb\"},\"inLanguage\":\"ro-RO\",\"potentialAction\":[{\"@type\":\"ReadAction\",\"target\":[\"https:\\\/\\\/forbabyboss.com\\\/product\\\/pushchair-baby-pram-premium-travel-system-4in1-car-seat-08\\\/\"]}]},{\"@type\":\"ImageObject\",\"inLanguage\":\"ro-RO\",\"@id\":\"https:\\\/\\\/forbabyboss.com\\\/product\\\/pushchair-baby-pram-premium-travel-system-4in1-car-seat-08\\\/#primaryimage\",\"url\":\"https:\\\/\\\/forbabyboss.com\\\/wp-content\\\/uploads\\\/2022\\\/09\\\/Baby-Pram-Pushchair-Paradise-Euforia-Premium-Travel-System-4in1-Car-Seat-08_MAIN.jpg\",\"contentUrl\":\"https:\\\/\\\/forbabyboss.com\\\/wp-content\\\/uploads\\\/2022\\\/09\\\/Baby-Pram-Pushchair-Paradise-Euforia-Premium-Travel-System-4in1-Car-Seat-08_MAIN.jpg\",\"width\":1020,\"height\":1125},{\"@type\":\"BreadcrumbList\",\"@id\":\"https:\\\/\\\/forbabyboss.com\\\/product\\\/pushchair-baby-pram-premium-travel-system-4in1-car-seat-08\\\/#breadcrumb\",\"itemListElement\":[{\"@type\":\"ListItem\",\"position\":1,\"name\":\"Home\",\"item\":\"https:\\\/\\\/forbabyboss.com\\\/\"},{\"@type\":\"ListItem\",\"position\":2,\"name\":\"Shop\",\"item\":\"https:\\\/\\\/forbabyboss.com\\\/shop\\\/\"},{\"@type\":\"ListItem\",\"position\":3,\"name\":\"Pushchair Baby Pram Premium Travel System 4in1 Car Seat &#8211; 08\"}]},{\"@type\":\"WebSite\",\"@id\":\"https:\\\/\\\/powderblue-seahorse-496884.hostingersite.com\\\/#website\",\"url\":\"https:\\\/\\\/powderblue-seahorse-496884.hostingersite.com\\\/\",\"name\":\"For Baby Boss\",\"description\":\"Beautiful gifts and accessories for your baby boss\",\"potentialAction\":[{\"@type\":\"SearchAction\",\"target\":{\"@type\":\"EntryPoint\",\"urlTemplate\":\"https:\\\/\\\/powderblue-seahorse-496884.hostingersite.com\\\/?s={search_term_string}\"},\"query-input\":{\"@type\":\"PropertyValueSpecification\",\"valueRequired\":true,\"valueName\":\"search_term_string\"}}],\"inLanguage\":\"ro-RO\"}]}<\/script>\n<!-- \/ Yoast SEO plugin. -->","yoast_head_json":{"title":"C\u0103rucior pentru bebelu\u0219i, sistem de c\u0103l\u0103torie premium 4 \u00een 1, scaun auto - 08 - Pentru Baby Boss","description":"C\u0103rucior pentru bebelu\u0219i, sistem de c\u0103l\u0103torie premium, scaun auto 4 \u00een 1 - 08","robots":{"index":"index","follow":"follow","max-snippet":"max-snippet:-1","max-image-preview":"max-image-preview:large","max-video-preview":"max-video-preview:-1"},"canonical":"https:\/\/forbabyboss.com\/ro\/product\/carucior-pentru-bebelusi-sistem-de-calatorie-premium-scaun-auto-4-in-1-08\/","og_locale":"ro_RO","og_type":"article","og_title":"Pushchair Baby Pram Premium Travel System 4in1 Car Seat - 08 - For Baby Boss","og_description":"Pushchair Baby Pram Premium Travel System 4in1 Car Seat - 08","og_url":"https:\/\/forbabyboss.com\/ro\/product\/carucior-pentru-bebelusi-sistem-de-calatorie-premium-scaun-auto-4-in-1-08\/","og_site_name":"For Baby Boss","article_modified_time":"2026-02-21T15:36:00+00:00","og_image":[{"width":1020,"height":1125,"url":"https:\/\/forbabyboss.com\/wp-content\/uploads\/2022\/09\/Baby-Pram-Pushchair-Paradise-Euforia-Premium-Travel-System-4in1-Car-Seat-08_MAIN.jpg","type":"image\/jpeg"}],"twitter_card":"summary_large_image","twitter_misc":{"Timp estimat pentru citire":"3 minute"},"schema":{"@context":"https:\/\/schema.org","@graph":[{"@type":"WebPage","@id":"https:\/\/forbabyboss.com\/product\/pushchair-baby-pram-premium-travel-system-4in1-car-seat-08\/","url":"https:\/\/forbabyboss.com\/product\/pushchair-baby-pram-premium-travel-system-4in1-car-seat-08\/","name":"C\u0103rucior pentru bebelu\u0219i, sistem de c\u0103l\u0103torie premium 4 \u00een 1, scaun auto - 08 - Pentru Baby Boss","isPartOf":{"@id":"https:\/\/powderblue-seahorse-496884.hostingersite.com\/#website"},"primaryImageOfPage":{"@id":"https:\/\/forbabyboss.com\/product\/pushchair-baby-pram-premium-travel-system-4in1-car-seat-08\/#primaryimage"},"image":{"@id":"https:\/\/forbabyboss.com\/product\/pushchair-baby-pram-premium-travel-system-4in1-car-seat-08\/#primaryimage"},"thumbnailUrl":"https:\/\/forbabyboss.com\/wp-content\/uploads\/2022\/09\/Baby-Pram-Pushchair-Paradise-Euforia-Premium-Travel-System-4in1-Car-Seat-08_MAIN.jpg","datePublished":"2022-09-08T09:37:09+00:00","dateModified":"2026-02-21T15:36:00+00:00","description":"C\u0103rucior pentru bebelu\u0219i, sistem de c\u0103l\u0103torie premium, scaun auto 4 \u00een 1 - 08","breadcrumb":{"@id":"https:\/\/forbabyboss.com\/product\/pushchair-baby-pram-premium-travel-system-4in1-car-seat-08\/#breadcrumb"},"inLanguage":"ro-RO","potentialAction":[{"@type":"ReadAction","target":["https:\/\/forbabyboss.com\/product\/pushchair-baby-pram-premium-travel-system-4in1-car-seat-08\/"]}]},{"@type":"ImageObject","inLanguage":"ro-RO","@id":"https:\/\/forbabyboss.com\/product\/pushchair-baby-pram-premium-travel-system-4in1-car-seat-08\/#primaryimage","url":"https:\/\/forbabyboss.com\/wp-content\/uploads\/2022\/09\/Baby-Pram-Pushchair-Paradise-Euforia-Premium-Travel-System-4in1-Car-Seat-08_MAIN.jpg","contentUrl":"https:\/\/forbabyboss.com\/wp-content\/uploads\/2022\/09\/Baby-Pram-Pushchair-Paradise-Euforia-Premium-Travel-System-4in1-Car-Seat-08_MAIN.jpg","width":1020,"height":1125},{"@type":"BreadcrumbList","@id":"https:\/\/forbabyboss.com\/product\/pushchair-baby-pram-premium-travel-system-4in1-car-seat-08\/#breadcrumb","itemListElement":[{"@type":"ListItem","position":1,"name":"Home","item":"https:\/\/forbabyboss.com\/"},{"@type":"ListItem","position":2,"name":"Shop","item":"https:\/\/forbabyboss.com\/shop\/"},{"@type":"ListItem","position":3,"name":"Pushchair Baby Pram Premium Travel System 4in1 Car Seat &#8211; 08"}]},{"@type":"WebSite","@id":"https:\/\/powderblue-seahorse-496884.hostingersite.com\/#website","url":"https:\/\/powderblue-seahorse-496884.hostingersite.com\/","name":"Pentru Baby Boss","description":"Cadouri frumoase \u0219i accesorii pentru \u0219eful copilului dvs.","potentialAction":[{"@type":"SearchAction","target":{"@type":"EntryPoint","urlTemplate":"https:\/\/powderblue-seahorse-496884.hostingersite.com\/?s={search_term_string}"},"query-input":{"@type":"PropertyValueSpecification","valueRequired":true,"valueName":"search_term_string"}}],"inLanguage":"ro-RO"}]}},"_links":{"self":[{"href":"https:\/\/forbabyboss.com\/ro\/wp-json\/wp\/v2\/product\/4267","targetHints":{"allow":["GET"]}}],"collection":[{"href":"https:\/\/forbabyboss.com\/ro\/wp-json\/wp\/v2\/product"}],"about":[{"href":"https:\/\/forbabyboss.com\/ro\/wp-json\/wp\/v2\/types\/product"}],"wp:featuredmedia":[{"embeddable":true,"href":"https:\/\/forbabyboss.com\/ro\/wp-json\/wp\/v2\/media\/4270"}],"wp:attachment":[{"href":"https:\/\/forbabyboss.com\/ro\/wp-json\/wp\/v2\/media?parent=4267"}],"wp:term":[{"taxonomy":"product_brand","embeddable":true,"href":"https:\/\/forbabyboss.com\/ro\/wp-json\/wp\/v2\/product_brand?post=4267"},{"taxonomy":"product_cat","embeddable":true,"href":"https:\/\/forbabyboss.com\/ro\/wp-json\/wp\/v2\/product_cat?post=4267"},{"taxonomy":"product_tag","embeddable":true,"href":"https:\/\/forbabyboss.com\/ro\/wp-json\/wp\/v2\/product_tag?post=4267"}],"curies":[{"name":"wp","href":"https:\/\/api.w.org\/{rel}","templated":true}]}}