{"id":4381,"date":"2022-09-08T12:23:19","date_gmt":"2022-09-08T12:23:19","guid":{"rendered":"http:\/\/forbabyboss.com\/?post_type=product&#038;p=4381"},"modified":"2026-02-21T15:46:21","modified_gmt":"2026-02-21T15:46:21","slug":"scaun-auto-flavio-baby-parm-pro-eco-travel-system-4-in-1-model-04","status":"publish","type":"product","link":"https:\/\/forbabyboss.com\/ro\/product\/flavio-baby-parm-pro-eco-travel-system-4in1-car-seat-04\/","title":{"rendered":"Scaun auto Flavio Baby Parm PRO Eco Travel System 4 \u00een 1 \u2013 04"},"content":{"rendered":"<h3><strong><span style=\"color: #e14d43;\">\u00censo\u021bitor exclusiv pentru o experien\u021b\u0103 confortabil\u0103<\/span><\/strong><\/h3>\n<p style=\"text-align: justify;\" align=\"center\"><strong><span style=\"color: #e14d43;\"><span style=\"font-family: Arial;\">Unul dintre cele mai u\u0219oare landouri pliabile\u00a0<\/span><\/span><\/strong><\/p>\n<p style=\"text-align: justify;\" align=\"center\"><strong><span style=\"font-family: Arial; color: #808080;\">Landoul pliabil pentru c\u0103rucior Flavio c\u00e2nt\u0103re\u0219te doar 2,9 kg, fiind unul dintre cele mai u\u0219oare din categoria sa. Materialul EPP utilizat \u00een acest model nu este doar u\u0219or, rezistent, impermeabil \u0219i reciclabil 100% - acest material izoleaz\u0103 perfect \u0219i c\u0103ldura. Datorit\u0103 landoului pliabil, transportul nu este niciodat\u0103 o problem\u0103.<\/span><\/strong><\/p>\n<p style=\"text-align: justify;\" align=\"center\"><strong><span style=\"color: #e14d43;\"><span style=\"font-family: Arial;\">Dar asta nu e tot!<\/span><\/span><\/strong><\/p>\n<p style=\"text-align: justify;\" align=\"center\"><strong><span style=\"font-family: Arial; color: #808080;\">Posibilitatea de a monta landoul Flavio pe dou\u0103 niveluri \u00eenseamn\u0103 c\u0103 po\u021bi adapta c\u0103ruciorul la \u00een\u0103l\u021bimea ta, av\u00e2nd \u00eentotdeauna acces rapid \u0219i convenabil la copilul t\u0103u. Deta\u0219area landoului este extrem de u\u0219oar\u0103 - o po\u021bi face \u00een dou\u0103 moduri: fie prin eliberarea \u00eencuietorilor din cadru, fie prin ap\u0103sarea butoanelor de eliberare din landou. \u00cen plus, po\u021bi regla capota \u00een dou\u0103 moduri: prin ap\u0103sarea m\u00e2nerului de transport al landoului sau prin men\u021binerea a dou\u0103 butoane din interior. Alege care \u021bi se potrive\u0219te cel mai bine!<\/span><\/strong><\/p>\n<p style=\"text-align: justify;\" align=\"center\"><strong><span style=\"font-family: Arial; color: #808080;\">Tapi\u021beria standard nu este suficient\u0103 pentru tine? Alege Flavio Pro \u2013 \u00een care landoul \u0219i scaunul sunt complet acoperite cu piele ecologic\u0103.<\/span><\/strong><\/p>\n<p style=\"text-align: justify;\" align=\"center\"><strong><span style=\"color: #808080; font-size: 105%;\"><span style=\"font-family: Arial; color: #e14d43;\">PRE\u021a INCLUS<\/span><span style=\"font-family: Arial;\">:<\/span><\/span><\/strong><\/p>\n<p style=\"text-align: justify;\" align=\"center\"><strong><span style=\"font-family: Arial; color: #808080;\">\u2013 Cadru din aluminiu<\/span><\/strong><\/p>\n<p style=\"text-align: justify;\" align=\"center\"><strong><span style=\"font-family: Arial; color: #808080;\">\u2013 4 ro\u021bi<\/span><\/strong><\/p>\n<p style=\"text-align: justify;\" align=\"center\"><strong><span style=\"font-family: Arial; color: #808080;\">\u2013 Lad\u0103 portabil\u0103<\/span><\/strong><\/p>\n<p style=\"text-align: justify;\" align=\"center\"><strong><span style=\"font-family: Arial; color: #808080;\">\u2013 Hus\u0103 \u0219i saltea pentru c\u0103rucior<\/span><\/strong><\/p>\n<p style=\"text-align: justify;\" align=\"center\"><strong><span style=\"font-family: Arial; color: #808080;\">\u2013 Hus\u0103 de ploaie<\/span><\/strong><\/p>\n<p style=\"text-align: justify;\" align=\"center\"><strong><span style=\"font-family: Arial; color: #808080;\">\u2013 Plas\u0103 de \u021b\u00e2n\u021bari<\/span><\/strong><\/p>\n<p style=\"text-align: justify;\" align=\"center\"><strong><span style=\"font-family: Arial; color: #808080;\">\u2013 Geant\u0103 modern\u0103<\/span><\/strong><\/p>\n<p style=\"text-align: justify;\" align=\"center\"><strong><span style=\"font-family: Arial; color: #808080;\">\u2013 Co\u0219 de cump\u0103r\u0103turi<\/span><\/strong><\/p>\n<p style=\"text-align: justify;\" align=\"center\"><strong><span style=\"font-family: Arial; color: #808080;\">\u2013 Suport pentru pahare<\/span><\/strong><\/p>\n<p style=\"text-align: justify;\" align=\"center\"><strong><span style=\"font-family: Arial; color: #808080;\">\u2013 garan\u021bie de 24 de luni<\/span><\/strong><\/p>\n<p style=\"text-align: justify;\" align=\"center\"><strong><span style=\"font-family: Arial; color: #808080;\">\u2013 C\u0103rucior<\/span><\/strong><\/p>\n<p style=\"text-align: justify;\" align=\"center\"><strong><span style=\"font-family: Arial; color: #808080;\">\u2013 *Scaun auto (op\u021bional)<\/span><\/strong><\/p>\n<p style=\"text-align: justify;\" align=\"center\"><strong><span style=\"font-family: Arial; color: #808080;\">\u2013 *Baz\u0103 Isofix (op\u021bional\u0103)<\/span><\/strong><\/p>\n<div><strong><span style=\"color: #808080;\">Pliat, se \u00eencadreaz\u0103 \u00een spa\u021biul: 75x59x36cm<\/span><\/strong><\/div>\n<div><\/div>\n<div><strong><span style=\"color: #808080;\">*Dimensiuni: lungime, l\u0103\u021bime, \u00een\u0103l\u021bime, greutate.<\/span><\/strong><\/div>\n<div><\/div>\n<div><strong><a href=\"http:\/\/forbabyboss.com\/wp-content\/uploads\/2022\/09\/checkout.png\"><img loading=\"lazy\" decoding=\"async\" class=\"alignnone size-full wp-image-5965\" src=\"http:\/\/forbabyboss.com\/wp-content\/uploads\/2022\/09\/checkout.png\" alt=\"\" width=\"750\" height=\"276\" srcset=\"https:\/\/forbabyboss.com\/wp-content\/uploads\/2022\/09\/checkout.png 750w, https:\/\/forbabyboss.com\/wp-content\/uploads\/2022\/09\/checkout-600x221.png 600w\" sizes=\"auto, (max-width: 750px) 100vw, 750px\" \/><\/a><\/strong><\/div>\n<div align=\"center\"><strong><span style=\"color: #808080;\">\u00a0<\/span><\/strong><\/div>\n<div align=\"center\"><\/div>","protected":false},"excerpt":{"rendered":"<p><a href=\"http:\/\/forbabyboss.com\/wp-content\/uploads\/2022\/09\/Star-Rating-5.png\"><img loading=\"lazy\" decoding=\"async\" class=\"alignnone size-full wp-image-5973 aligncenter\" src=\"http:\/\/forbabyboss.com\/wp-content\/uploads\/2022\/09\/Star-Rating-5.png\" alt=\"\" width=\"275\" height=\"45\" \/><\/a><\/p>\n<p style=\"text-align: center;\"><span style=\"color: #ed1c24; font-size: 120%;\"><b>GARAN\u021aIE DE POTRIVIRE A PRE\u021aULUI<\/b><\/span><\/p>\n<p style=\"text-align: center;\"><span style=\"font-size: 115%;\"><span style=\"font-weight: 400; color: #4f4fa7;\">Livrare gratuit\u0103<\/span><span style=\"font-weight: 400;\"> \u2013 2 \u2013 7 zile<\/span><\/span><\/p>\n<p style=\"text-align: center;\"><strong><span style=\"color: #29606b;\">Cadou gratuit la achizi\u021bii de peste 100 de lire sterline<\/span><\/strong><\/p>","protected":false},"featured_media":4385,"template":"","meta":[],"product_brand":[583],"product_cat":[339,157,156,197,305,130,209,221,211],"product_tag":[163,200,171],"class_list":{"0":"post-4381","1":"product","2":"type-product","3":"status-publish","4":"has-post-thumbnail","6":"product_brand-bebetto","7":"product_cat-700-to-800","8":"product_cat-2-in-1","9":"product_cat-3-in-1","10":"product_cat-4-in-1-pram","11":"product_cat-colour","12":"product_cat-prams","13":"product_cat-push-chairs","14":"product_cat-silver-colour","15":"product_cat-stroller","16":"product_tag-3-in-1-prams","17":"product_tag-4-in-1-pram","18":"product_tag-pram","20":"first","21":"instock","22":"sale","23":"shipping-taxable","24":"purchasable","25":"product-type-simple"},"yoast_head":"<!-- This site is optimized with the Yoast SEO plugin v27.5 - https:\/\/yoast.com\/product\/yoast-seo-wordpress\/ -->\n<title>Flavio Baby Parm PRO Eco Travel System 4in1 Car Seat - 04 - For Baby Boss<\/title>\n<meta name=\"description\" content=\"Flavio Baby Parm PRO Eco Travel System 4in1 Car Seat - 04\" \/>\n<meta name=\"robots\" content=\"index, follow, max-snippet:-1, max-image-preview:large, max-video-preview:-1\" \/>\n<link rel=\"canonical\" href=\"https:\/\/forbabyboss.com\/ro\/product\/scaun-auto-flavio-baby-parm-pro-eco-travel-system-4-in-1-model-04\/\" \/>\n<meta property=\"og:locale\" content=\"ro_RO\" \/>\n<meta property=\"og:type\" content=\"article\" \/>\n<meta property=\"og:title\" content=\"Flavio Baby Parm PRO Eco Travel System 4in1 Car Seat - 04 - For Baby Boss\" \/>\n<meta property=\"og:description\" content=\"Flavio Baby Parm PRO Eco Travel System 4in1 Car Seat - 04\" \/>\n<meta property=\"og:url\" content=\"https:\/\/forbabyboss.com\/ro\/product\/scaun-auto-flavio-baby-parm-pro-eco-travel-system-4-in-1-model-04\/\" \/>\n<meta property=\"og:site_name\" content=\"For Baby Boss\" \/>\n<meta property=\"article:modified_time\" content=\"2026-02-21T15:46:21+00:00\" \/>\n<meta property=\"og:image\" content=\"https:\/\/forbabyboss.com\/wp-content\/uploads\/2022\/09\/Baby-Pram-Pushchair-Bebetto-Flavio-PRO-eco-Travel-System-2in1-3in1-4in1-Car-Seat-04_MAIN.png\" \/>\n\t<meta property=\"og:image:width\" content=\"1000\" \/>\n\t<meta property=\"og:image:height\" content=\"1000\" \/>\n\t<meta property=\"og:image:type\" content=\"image\/png\" \/>\n<meta name=\"twitter:card\" content=\"summary_large_image\" \/>\n<meta name=\"twitter:label1\" content=\"Timp estimat pentru citire\" \/>\n\t<meta name=\"twitter:data1\" content=\"2 minute\" \/>\n<script type=\"application\/ld+json\" class=\"yoast-schema-graph\">{\"@context\":\"https:\\\/\\\/schema.org\",\"@graph\":[{\"@type\":\"WebPage\",\"@id\":\"https:\\\/\\\/forbabyboss.com\\\/product\\\/flavio-baby-parm-pro-eco-travel-system-4in1-car-seat-04\\\/\",\"url\":\"https:\\\/\\\/forbabyboss.com\\\/product\\\/flavio-baby-parm-pro-eco-travel-system-4in1-car-seat-04\\\/\",\"name\":\"Flavio Baby Parm PRO Eco Travel System 4in1 Car Seat - 04 - For Baby Boss\",\"isPartOf\":{\"@id\":\"https:\\\/\\\/powderblue-seahorse-496884.hostingersite.com\\\/#website\"},\"primaryImageOfPage\":{\"@id\":\"https:\\\/\\\/forbabyboss.com\\\/product\\\/flavio-baby-parm-pro-eco-travel-system-4in1-car-seat-04\\\/#primaryimage\"},\"image\":{\"@id\":\"https:\\\/\\\/forbabyboss.com\\\/product\\\/flavio-baby-parm-pro-eco-travel-system-4in1-car-seat-04\\\/#primaryimage\"},\"thumbnailUrl\":\"https:\\\/\\\/forbabyboss.com\\\/wp-content\\\/uploads\\\/2022\\\/09\\\/Baby-Pram-Pushchair-Bebetto-Flavio-PRO-eco-Travel-System-2in1-3in1-4in1-Car-Seat-04_MAIN.png\",\"datePublished\":\"2022-09-08T12:23:19+00:00\",\"dateModified\":\"2026-02-21T15:46:21+00:00\",\"description\":\"Flavio Baby Parm PRO Eco Travel System 4in1 Car Seat - 04\",\"breadcrumb\":{\"@id\":\"https:\\\/\\\/forbabyboss.com\\\/product\\\/flavio-baby-parm-pro-eco-travel-system-4in1-car-seat-04\\\/#breadcrumb\"},\"inLanguage\":\"ro-RO\",\"potentialAction\":[{\"@type\":\"ReadAction\",\"target\":[\"https:\\\/\\\/forbabyboss.com\\\/product\\\/flavio-baby-parm-pro-eco-travel-system-4in1-car-seat-04\\\/\"]}]},{\"@type\":\"ImageObject\",\"inLanguage\":\"ro-RO\",\"@id\":\"https:\\\/\\\/forbabyboss.com\\\/product\\\/flavio-baby-parm-pro-eco-travel-system-4in1-car-seat-04\\\/#primaryimage\",\"url\":\"https:\\\/\\\/forbabyboss.com\\\/wp-content\\\/uploads\\\/2022\\\/09\\\/Baby-Pram-Pushchair-Bebetto-Flavio-PRO-eco-Travel-System-2in1-3in1-4in1-Car-Seat-04_MAIN.png\",\"contentUrl\":\"https:\\\/\\\/forbabyboss.com\\\/wp-content\\\/uploads\\\/2022\\\/09\\\/Baby-Pram-Pushchair-Bebetto-Flavio-PRO-eco-Travel-System-2in1-3in1-4in1-Car-Seat-04_MAIN.png\",\"width\":1000,\"height\":1000},{\"@type\":\"BreadcrumbList\",\"@id\":\"https:\\\/\\\/forbabyboss.com\\\/product\\\/flavio-baby-parm-pro-eco-travel-system-4in1-car-seat-04\\\/#breadcrumb\",\"itemListElement\":[{\"@type\":\"ListItem\",\"position\":1,\"name\":\"Home\",\"item\":\"https:\\\/\\\/forbabyboss.com\\\/\"},{\"@type\":\"ListItem\",\"position\":2,\"name\":\"Shop\",\"item\":\"https:\\\/\\\/forbabyboss.com\\\/shop\\\/\"},{\"@type\":\"ListItem\",\"position\":3,\"name\":\"Flavio Baby Parm PRO Eco Travel System 4in1 Car Seat &#8211; 04\"}]},{\"@type\":\"WebSite\",\"@id\":\"https:\\\/\\\/powderblue-seahorse-496884.hostingersite.com\\\/#website\",\"url\":\"https:\\\/\\\/powderblue-seahorse-496884.hostingersite.com\\\/\",\"name\":\"For Baby Boss\",\"description\":\"Beautiful gifts and accessories for your baby boss\",\"potentialAction\":[{\"@type\":\"SearchAction\",\"target\":{\"@type\":\"EntryPoint\",\"urlTemplate\":\"https:\\\/\\\/powderblue-seahorse-496884.hostingersite.com\\\/?s={search_term_string}\"},\"query-input\":{\"@type\":\"PropertyValueSpecification\",\"valueRequired\":true,\"valueName\":\"search_term_string\"}}],\"inLanguage\":\"ro-RO\"}]}<\/script>\n<!-- \/ Yoast SEO plugin. -->","yoast_head_json":{"title":"Scaun auto Flavio Baby Parm PRO Eco Travel System 4 \u00een 1 - 04 - Pentru Baby Boss","description":"Scaun auto Flavio Baby Parm PRO Eco Travel System 4 \u00een 1 - 04","robots":{"index":"index","follow":"follow","max-snippet":"max-snippet:-1","max-image-preview":"max-image-preview:large","max-video-preview":"max-video-preview:-1"},"canonical":"https:\/\/forbabyboss.com\/ro\/product\/scaun-auto-flavio-baby-parm-pro-eco-travel-system-4-in-1-model-04\/","og_locale":"ro_RO","og_type":"article","og_title":"Flavio Baby Parm PRO Eco Travel System 4in1 Car Seat - 04 - For Baby Boss","og_description":"Flavio Baby Parm PRO Eco Travel System 4in1 Car Seat - 04","og_url":"https:\/\/forbabyboss.com\/ro\/product\/scaun-auto-flavio-baby-parm-pro-eco-travel-system-4-in-1-model-04\/","og_site_name":"For Baby Boss","article_modified_time":"2026-02-21T15:46:21+00:00","og_image":[{"width":1000,"height":1000,"url":"https:\/\/forbabyboss.com\/wp-content\/uploads\/2022\/09\/Baby-Pram-Pushchair-Bebetto-Flavio-PRO-eco-Travel-System-2in1-3in1-4in1-Car-Seat-04_MAIN.png","type":"image\/png"}],"twitter_card":"summary_large_image","twitter_misc":{"Timp estimat pentru citire":"2 minute"},"schema":{"@context":"https:\/\/schema.org","@graph":[{"@type":"WebPage","@id":"https:\/\/forbabyboss.com\/product\/flavio-baby-parm-pro-eco-travel-system-4in1-car-seat-04\/","url":"https:\/\/forbabyboss.com\/product\/flavio-baby-parm-pro-eco-travel-system-4in1-car-seat-04\/","name":"Scaun auto Flavio Baby Parm PRO Eco Travel System 4 \u00een 1 - 04 - Pentru Baby Boss","isPartOf":{"@id":"https:\/\/powderblue-seahorse-496884.hostingersite.com\/#website"},"primaryImageOfPage":{"@id":"https:\/\/forbabyboss.com\/product\/flavio-baby-parm-pro-eco-travel-system-4in1-car-seat-04\/#primaryimage"},"image":{"@id":"https:\/\/forbabyboss.com\/product\/flavio-baby-parm-pro-eco-travel-system-4in1-car-seat-04\/#primaryimage"},"thumbnailUrl":"https:\/\/forbabyboss.com\/wp-content\/uploads\/2022\/09\/Baby-Pram-Pushchair-Bebetto-Flavio-PRO-eco-Travel-System-2in1-3in1-4in1-Car-Seat-04_MAIN.png","datePublished":"2022-09-08T12:23:19+00:00","dateModified":"2026-02-21T15:46:21+00:00","description":"Scaun auto Flavio Baby Parm PRO Eco Travel System 4 \u00een 1 - 04","breadcrumb":{"@id":"https:\/\/forbabyboss.com\/product\/flavio-baby-parm-pro-eco-travel-system-4in1-car-seat-04\/#breadcrumb"},"inLanguage":"ro-RO","potentialAction":[{"@type":"ReadAction","target":["https:\/\/forbabyboss.com\/product\/flavio-baby-parm-pro-eco-travel-system-4in1-car-seat-04\/"]}]},{"@type":"ImageObject","inLanguage":"ro-RO","@id":"https:\/\/forbabyboss.com\/product\/flavio-baby-parm-pro-eco-travel-system-4in1-car-seat-04\/#primaryimage","url":"https:\/\/forbabyboss.com\/wp-content\/uploads\/2022\/09\/Baby-Pram-Pushchair-Bebetto-Flavio-PRO-eco-Travel-System-2in1-3in1-4in1-Car-Seat-04_MAIN.png","contentUrl":"https:\/\/forbabyboss.com\/wp-content\/uploads\/2022\/09\/Baby-Pram-Pushchair-Bebetto-Flavio-PRO-eco-Travel-System-2in1-3in1-4in1-Car-Seat-04_MAIN.png","width":1000,"height":1000},{"@type":"BreadcrumbList","@id":"https:\/\/forbabyboss.com\/product\/flavio-baby-parm-pro-eco-travel-system-4in1-car-seat-04\/#breadcrumb","itemListElement":[{"@type":"ListItem","position":1,"name":"Home","item":"https:\/\/forbabyboss.com\/"},{"@type":"ListItem","position":2,"name":"Shop","item":"https:\/\/forbabyboss.com\/shop\/"},{"@type":"ListItem","position":3,"name":"Flavio Baby Parm PRO Eco Travel System 4in1 Car Seat &#8211; 04"}]},{"@type":"WebSite","@id":"https:\/\/powderblue-seahorse-496884.hostingersite.com\/#website","url":"https:\/\/powderblue-seahorse-496884.hostingersite.com\/","name":"Pentru Baby Boss","description":"Cadouri frumoase \u0219i accesorii pentru \u0219eful copilului dvs.","potentialAction":[{"@type":"SearchAction","target":{"@type":"EntryPoint","urlTemplate":"https:\/\/powderblue-seahorse-496884.hostingersite.com\/?s={search_term_string}"},"query-input":{"@type":"PropertyValueSpecification","valueRequired":true,"valueName":"search_term_string"}}],"inLanguage":"ro-RO"}]}},"_links":{"self":[{"href":"https:\/\/forbabyboss.com\/ro\/wp-json\/wp\/v2\/product\/4381","targetHints":{"allow":["GET"]}}],"collection":[{"href":"https:\/\/forbabyboss.com\/ro\/wp-json\/wp\/v2\/product"}],"about":[{"href":"https:\/\/forbabyboss.com\/ro\/wp-json\/wp\/v2\/types\/product"}],"wp:featuredmedia":[{"embeddable":true,"href":"https:\/\/forbabyboss.com\/ro\/wp-json\/wp\/v2\/media\/4385"}],"wp:attachment":[{"href":"https:\/\/forbabyboss.com\/ro\/wp-json\/wp\/v2\/media?parent=4381"}],"wp:term":[{"taxonomy":"product_brand","embeddable":true,"href":"https:\/\/forbabyboss.com\/ro\/wp-json\/wp\/v2\/product_brand?post=4381"},{"taxonomy":"product_cat","embeddable":true,"href":"https:\/\/forbabyboss.com\/ro\/wp-json\/wp\/v2\/product_cat?post=4381"},{"taxonomy":"product_tag","embeddable":true,"href":"https:\/\/forbabyboss.com\/ro\/wp-json\/wp\/v2\/product_tag?post=4381"}],"curies":[{"name":"wp","href":"https:\/\/api.w.org\/{rel}","templated":true}]}}