{"id":4611,"date":"2022-09-09T12:30:14","date_gmt":"2022-09-09T12:30:14","guid":{"rendered":"http:\/\/forbabyboss.com\/?post_type=product&#038;p=4611"},"modified":"2026-02-21T16:19:34","modified_gmt":"2026-02-21T16:19:34","slug":"carucior-pentru-bebelusi-cu-sistem-individual-de-calatorie-4-in-1-cadru-alb-si-negru","status":"publish","type":"product","link":"https:\/\/forbabyboss.com\/ro\/product\/baby-pram-individual-travel-system-stroller-4in1-in-white-and-black-frame\/","title":{"rendered":"C\u0103rucior pentru bebelu\u0219i, sistem individual de c\u0103l\u0103torie 4 \u00een 1, cadru alb \u0219i negru"},"content":{"rendered":"<p><strong><span style=\"color: #e14d43;\"><span style=\"font-family: Arial;\">COMPANION EXCLUSIV PENTRU\u00a0<\/span>EXPERIEN\u021a\u0102 CONFORTABIL\u0102\u00a0<\/span><\/strong><\/p>\n<p style=\"text-align: left;\" align=\"center\"><strong><span style=\"font-family: Arial;\">PRESTIGIU, CONFORT, UTILITATE \u2013 DAC\u0102 NE-A\u021aI \u00ceNTREBA CE CUVINTE DESCRIU CEL MAI BINE JUNAMA DIAMOND \u2013 ACESTA AR FI R\u0102SPUNSUL NOSTRU.<\/span><\/strong><\/p>\n<p style=\"text-align: justify;\" align=\"center\"><strong><span style=\"font-family: Arial;\">Aceast\u0103 pies\u0103 a fost conceput\u0103 cu aten\u021bie de cei mai buni designeri ai no\u0219tri pricepu\u021bi \u2013 rezultatul lor a fost remarcabil, iar acum este momentul s\u0103 o ar\u0103t\u0103m \u00een sf\u00e2r\u0219it lumii. Este r\u0103spunsul nostru la solicitarea dumneavoastr\u0103 de a avea un c\u0103rucior extraordinar, dar minimalist. Combin\u0103 simplitatea \u0219i func\u021bionalitatea, men\u021bin\u00e2nd \u00een acela\u0219i timp un design unic. Ast\u0103zi v\u0103 prezent\u0103m:<\/span><\/strong><\/p>\n<p style=\"text-align: left;\" align=\"center\"><strong><span style=\"font-family: Arial;\">JUNAMA DIAMOND Individual V2<\/span><\/strong><\/p>\n<p style=\"text-align: justify;\" align=\"center\"><strong><span style=\"font-family: Arial;\">Noul standard al c\u0103rucioarelor JUNAMA \u00een versiunea V2<\/span><\/strong><\/p>\n<p style=\"text-align: justify;\" align=\"center\"><strong><span style=\"font-family: Arial;\">Urm\u00e2nd tendin\u021bele \u0219i nevoile p\u0103rin\u021bilor, marca JUNAMA a introdus c\u00e2teva modific\u0103ri, cre\u00e2nd astfel c\u0103rucioarele \u00een noua versiune V2. Iat\u0103 cele mai importante dot\u0103ri:<\/span><\/strong><\/p>\n<p style=\"text-align: justify;\" align=\"center\"><strong><span style=\"font-family: Arial;\">Reducerea greut\u0103\u021bii \u2013 \u00eembun\u0103t\u0103\u021birea structurii de conducere \u2013 posibilitatea de a plia structura cu scaunul<\/span><\/strong><\/p>\n<p style=\"text-align: justify;\" align=\"center\"><strong><span style=\"font-family: Arial;\">utilizarea unui sistem intuitiv de deconectare a landoului \u2013 \u00eembun\u0103t\u0103\u021bire tehnologic\u0103 a ro\u021bilor pivotante<\/span><\/strong><\/p>\n<p style=\"text-align: justify;\" align=\"center\"><strong><span style=\"font-family: Arial;\">Proiectat\u0103 de cei mai buni designeri, GEANTA PENTRU MAM\u0102 cu func\u021bie de pliere, capacitate sporit\u0103 \u0219i DESIGN MODERN! \u2013<\/span><\/strong><\/p>\n<p style=\"text-align: justify;\" align=\"center\"><strong><span style=\"font-family: Arial;\">Modificare tehnologic\u0103 a husei landoului din interior, permi\u021b\u00e2nd accesul rapid la landou!<\/span><\/strong><\/p>\n<p style=\"text-align: justify;\" align=\"center\"><strong><span style=\"font-family: Arial;\">Schimbarea anvelopelor \u2013 utilizarea unui sistem de ro\u021bi perpetue f\u0103r\u0103 \u00eentre\u021binere, cu strat de POLIURETAN! NOUTATE!<\/span><\/strong><\/p>\n<h4 style=\"text-align: justify;\" align=\"center\"><strong><span style=\"font-family: Arial;\"><span style=\"color: #e14d43;\">Caracteristica produsului<\/span>:<\/span><\/strong><\/h4>\n<p style=\"text-align: justify;\" align=\"center\"><strong><span style=\"font-family: Arial;\">\u2013 Sistem de \u00eembinare MAX-CLICK<\/span><\/strong><\/p>\n<p style=\"text-align: justify;\" align=\"center\"><strong><span style=\"font-family: Arial;\">\u2013 Sistem de absorb\u021bie a \u0219ocurilor \u201canti-\u0219oc\u201d<\/span><\/strong><\/p>\n<p style=\"text-align: justify;\" align=\"center\"><strong><span style=\"font-family: Arial;\">\u2013 Fr\u00e2n\u0103 central\u0103<\/span><\/strong><\/p>\n<p style=\"text-align: justify;\" align=\"center\"><strong><span style=\"font-family: Arial;\">\u2013 Ro\u021bi cu gel<\/span><\/strong><\/p>\n<p style=\"text-align: justify;\" align=\"center\"><strong><span style=\"font-family: Arial;\">\u2013 amortizare construc\u021bie \u00een 6 puncte<\/span><\/strong><\/p>\n<p style=\"text-align: justify;\" align=\"center\"><strong><span style=\"font-family: Arial;\">\u2013 Reglarea m\u00e2nerului din piele ecologic\u0103<\/span><\/strong><\/p>\n<p style=\"text-align: justify;\" align=\"center\"><strong><span style=\"font-family: Arial;\">\u2013 Landau realizat \u00een 3D<\/span><\/strong><\/p>\n<p style=\"text-align: justify;\" align=\"center\"><strong><span style=\"font-family: Arial;\">\u2013 Reglarea landoului<\/span><\/strong><\/p>\n<p style=\"text-align: justify;\" align=\"center\"><strong><span style=\"font-family: Arial;\">\u2013 Saltea confortabil\u0103 \u0219i moale<\/span><\/strong><\/p>\n<p style=\"text-align: justify;\" align=\"center\"><strong><span style=\"font-family: Arial;\">\u2013 C\u0103ptu\u0219eal\u0103 \u0219i saltea din bumbac 100%<\/span><\/strong><\/p>\n<p style=\"text-align: justify;\" align=\"center\"><strong><span style=\"font-family: Arial;\">\u2013 Barier\u0103 deta\u0219abil\u0103 \u00een c\u0103rucior, fabricat\u0103 din piele ecologic\u0103<\/span><\/strong><\/p>\n<p style=\"text-align: justify;\" align=\"center\"><strong><span style=\"font-family: Arial;\">\u2013 Sistem inovator de ventila\u021bie \u00een c\u0103rucior \u0219i landou<\/span><\/strong><\/p>\n<p style=\"text-align: justify;\" align=\"center\"><strong><span style=\"font-family: Arial;\">\u2013 Material impermeabil \u0219i rezistent la UV<\/span><\/strong><\/p>\n<h4 style=\"text-align: justify;\" align=\"center\"><strong><span style=\"font-family: Arial;\"><span style=\"color: #e14d43;\">Pre\u021bul este inclus<\/span>:<\/span><\/strong><\/h4>\n<p style=\"text-align: justify;\" align=\"center\"><strong><span style=\"font-family: Arial;\"><span style=\"color: #e14d43;\">2 \u00een 1 con\u021bine<\/span>:<\/span><\/strong><\/p>\n<p style=\"text-align: justify;\" align=\"center\"><strong><span style=\"font-family: Arial;\">\u2013 Cadru din aluminiu plus ro\u021bi cu gel<\/span><\/strong><\/p>\n<p style=\"text-align: justify;\" align=\"center\"><strong>\u2013 Lad\u0103 portabil\u0103<\/strong><\/p>\n<p style=\"text-align: justify;\" align=\"center\"><strong><span style=\"font-family: Arial;\">\u2013 Saltea<\/span><\/strong><\/p>\n<p style=\"text-align: justify;\" align=\"center\"><strong>\u2013 Hus\u0103 pentru landou<\/strong><\/p>\n<p style=\"text-align: justify;\" align=\"center\"><strong><span style=\"font-family: Arial;\">\u2013 Unitate scaun (c\u0103rucior)<\/span><\/strong><\/p>\n<p style=\"text-align: justify;\" align=\"center\"><strong><span style=\"font-family: Arial;\">\u2013 Hus\u0103 de picioare<\/span><\/strong><\/p>\n<p style=\"text-align: justify;\" align=\"center\"><strong><span style=\"font-family: Arial;\">\u2013 Geant\u0103 cu saltea de schimbat<\/span><\/strong><\/p>\n<p style=\"text-align: justify;\" align=\"center\"><strong><span style=\"font-family: Arial;\">\u2013 Co\u0219 de cump\u0103r\u0103turi \u00eenc\u0103p\u0103tor<\/span><\/strong><\/p>\n<p style=\"text-align: justify;\" align=\"center\"><strong><span style=\"font-family: Arial;\">\u2013 Hus\u0103 de ploaie<\/span><\/strong><\/p>\n<p style=\"text-align: justify;\" align=\"center\"><strong><span style=\"font-family: Arial;\">\u2013 Plas\u0103 de \u021b\u00e2n\u021bari<\/span><\/strong><\/p>\n<p style=\"text-align: justify;\" align=\"center\"><strong><span style=\"font-family: Arial;\">\u2013 Suport pentru pahare<\/span><\/strong><\/p>\n<h4 style=\"text-align: justify;\" align=\"center\"><strong><span style=\"font-family: Arial;\"><span style=\"color: #e14d43;\">Op\u021biuni suplimentare<\/span>:<\/span><\/strong><\/h4>\n<p style=\"text-align: justify;\" align=\"center\"><strong><span style=\"font-family: Arial;\">\u2013 Adaptoare\u00a0<\/span><\/strong><\/p>\n<p style=\"text-align: justify;\" align=\"center\"><strong><span style=\"font-family: Arial;\">\u2013 Sac de dormit\u00a0<\/span><\/strong><\/p>\n<p style=\"text-align: justify;\" align=\"center\"><strong><span style=\"font-family: Arial;\">\u2013 Umbrel\u0103<\/span><\/strong><\/p>\n<p style=\"text-align: justify;\" align=\"center\"><strong><span style=\"font-family: Arial;\">\u2013 M\u0103nu\u0219i<\/span><\/strong><\/p>\n<p style=\"text-align: justify;\" align=\"center\"><strong><span style=\"font-family: Arial;\">*Scaun auto (op\u021bional)<\/span><\/strong><\/p>\n<p style=\"text-align: justify;\" align=\"center\"><strong>*Baz\u0103 ISOFIX (op\u021bional\u0103)<\/strong><\/p>\n<p><strong><span style=\"color: #e14d43;\">Dimensiuni\u00a0<\/span><\/strong><\/p>\n<p style=\"text-align: justify;\" align=\"center\"><strong><img decoding=\"async\" src=\"https:\/\/ppg4kids.com\/img\/cms\/wymiary.PNG\" \/><\/strong><\/p>\n<p style=\"text-align: left;\" align=\"center\"><a href=\"http:\/\/forbabyboss.com\/wp-content\/uploads\/2022\/09\/checkout.png\"><img loading=\"lazy\" decoding=\"async\" class=\"alignnone size-full wp-image-5965\" src=\"http:\/\/forbabyboss.com\/wp-content\/uploads\/2022\/09\/checkout.png\" alt=\"\" width=\"750\" height=\"276\" srcset=\"https:\/\/forbabyboss.com\/wp-content\/uploads\/2022\/09\/checkout.png 750w, https:\/\/forbabyboss.com\/wp-content\/uploads\/2022\/09\/checkout-600x221.png 600w\" sizes=\"auto, (max-width: 750px) 100vw, 750px\" \/><\/a><\/p>","protected":false},"excerpt":{"rendered":"<p><a href=\"http:\/\/forbabyboss.com\/wp-content\/uploads\/2022\/09\/Star-Rating-5.png\"><img loading=\"lazy\" decoding=\"async\" class=\"alignnone size-full wp-image-5973 aligncenter\" src=\"http:\/\/forbabyboss.com\/wp-content\/uploads\/2022\/09\/Star-Rating-5.png\" alt=\"\" width=\"275\" height=\"45\" \/><\/a><\/p>\n<p style=\"text-align: center;\"><span style=\"color: #ed1c24; font-size: 120%;\"><b>GARAN\u021aIE DE POTRIVIRE A PRE\u021aULUI<\/b><\/span><\/p>\n<p style=\"text-align: center;\"><span style=\"font-size: 115%;\"><span style=\"font-weight: 400; color: #4f4fa7;\">Livrare gratuit\u0103<\/span><span style=\"font-weight: 400;\"> \u2013 2 \u2013 7 zile<\/span><\/span><\/p>\n<p style=\"text-align: center;\"><strong><span style=\"color: #29606b;\">Cadou gratuit la achizi\u021bii de peste 100 de lire sterline<\/span><\/strong><\/p>","protected":false},"featured_media":4617,"template":"","meta":[],"product_brand":[584],"product_cat":[156,197,207,305,130,209,211,229],"product_tag":[163,200,171],"class_list":{"0":"post-4611","1":"product","2":"type-product","3":"status-publish","4":"has-post-thumbnail","6":"product_brand-junama","7":"product_cat-3-in-1","8":"product_cat-4-in-1-pram","9":"product_cat-black","10":"product_cat-colour","11":"product_cat-prams","12":"product_cat-push-chairs","13":"product_cat-stroller","14":"product_cat-white","15":"product_tag-3-in-1-prams","16":"product_tag-4-in-1-pram","17":"product_tag-pram","19":"first","20":"instock","21":"sale","22":"shipping-taxable","23":"purchasable","24":"product-type-simple"},"yoast_head":"<!-- This site is optimized with the Yoast SEO plugin v27.5 - https:\/\/yoast.com\/product\/yoast-seo-wordpress\/ -->\n<title>Baby Pram Individual Travel System Stroller 4in1 in White and Black Frame - For Baby Boss<\/title>\n<meta name=\"description\" content=\"Baby Pram Individual Travel System Stroller 4in1 in White and Black Frame\" \/>\n<meta name=\"robots\" content=\"index, follow, max-snippet:-1, max-image-preview:large, max-video-preview:-1\" \/>\n<link rel=\"canonical\" href=\"https:\/\/forbabyboss.com\/ro\/product\/carucior-pentru-bebelusi-cu-sistem-individual-de-calatorie-4-in-1-cadru-alb-si-negru\/\" \/>\n<meta property=\"og:locale\" content=\"ro_RO\" \/>\n<meta property=\"og:type\" content=\"article\" \/>\n<meta property=\"og:title\" content=\"Baby Pram Individual Travel System Stroller 4in1 in White and Black Frame - For Baby Boss\" \/>\n<meta property=\"og:description\" content=\"Baby Pram Individual Travel System Stroller 4in1 in White and Black Frame\" \/>\n<meta property=\"og:url\" content=\"https:\/\/forbabyboss.com\/ro\/product\/carucior-pentru-bebelusi-cu-sistem-individual-de-calatorie-4-in-1-cadru-alb-si-negru\/\" \/>\n<meta property=\"og:site_name\" content=\"For Baby Boss\" \/>\n<meta property=\"article:modified_time\" content=\"2026-02-21T16:19:34+00:00\" \/>\n<meta property=\"og:image\" content=\"https:\/\/forbabyboss.com\/wp-content\/uploads\/2022\/09\/Baby-Pram-Pushchair-Junama-Individual-Travel-System-2in1-3in1-4in1-Car-Seat-4in13in1isofix-base-05_main.jpg\" \/>\n\t<meta property=\"og:image:width\" content=\"1020\" \/>\n\t<meta property=\"og:image:height\" content=\"1020\" \/>\n\t<meta property=\"og:image:type\" content=\"image\/jpeg\" \/>\n<meta name=\"twitter:card\" content=\"summary_large_image\" \/>\n<meta name=\"twitter:label1\" content=\"Timp estimat pentru citire\" \/>\n\t<meta name=\"twitter:data1\" content=\"2 minute\" \/>\n<script type=\"application\/ld+json\" class=\"yoast-schema-graph\">{\"@context\":\"https:\\\/\\\/schema.org\",\"@graph\":[{\"@type\":\"WebPage\",\"@id\":\"https:\\\/\\\/forbabyboss.com\\\/product\\\/baby-pram-individual-travel-system-stroller-4in1-in-white-and-black-frame\\\/\",\"url\":\"https:\\\/\\\/forbabyboss.com\\\/product\\\/baby-pram-individual-travel-system-stroller-4in1-in-white-and-black-frame\\\/\",\"name\":\"Baby Pram Individual Travel System Stroller 4in1 in White and Black Frame - For Baby Boss\",\"isPartOf\":{\"@id\":\"https:\\\/\\\/powderblue-seahorse-496884.hostingersite.com\\\/#website\"},\"primaryImageOfPage\":{\"@id\":\"https:\\\/\\\/forbabyboss.com\\\/product\\\/baby-pram-individual-travel-system-stroller-4in1-in-white-and-black-frame\\\/#primaryimage\"},\"image\":{\"@id\":\"https:\\\/\\\/forbabyboss.com\\\/product\\\/baby-pram-individual-travel-system-stroller-4in1-in-white-and-black-frame\\\/#primaryimage\"},\"thumbnailUrl\":\"https:\\\/\\\/forbabyboss.com\\\/wp-content\\\/uploads\\\/2022\\\/09\\\/Baby-Pram-Pushchair-Junama-Individual-Travel-System-2in1-3in1-4in1-Car-Seat-4in13in1isofix-base-05_main.jpg\",\"datePublished\":\"2022-09-09T12:30:14+00:00\",\"dateModified\":\"2026-02-21T16:19:34+00:00\",\"description\":\"Baby Pram Individual Travel System Stroller 4in1 in White and Black Frame\",\"breadcrumb\":{\"@id\":\"https:\\\/\\\/forbabyboss.com\\\/product\\\/baby-pram-individual-travel-system-stroller-4in1-in-white-and-black-frame\\\/#breadcrumb\"},\"inLanguage\":\"ro-RO\",\"potentialAction\":[{\"@type\":\"ReadAction\",\"target\":[\"https:\\\/\\\/forbabyboss.com\\\/product\\\/baby-pram-individual-travel-system-stroller-4in1-in-white-and-black-frame\\\/\"]}]},{\"@type\":\"ImageObject\",\"inLanguage\":\"ro-RO\",\"@id\":\"https:\\\/\\\/forbabyboss.com\\\/product\\\/baby-pram-individual-travel-system-stroller-4in1-in-white-and-black-frame\\\/#primaryimage\",\"url\":\"https:\\\/\\\/forbabyboss.com\\\/wp-content\\\/uploads\\\/2022\\\/09\\\/Baby-Pram-Pushchair-Junama-Individual-Travel-System-2in1-3in1-4in1-Car-Seat-4in13in1isofix-base-05_main.jpg\",\"contentUrl\":\"https:\\\/\\\/forbabyboss.com\\\/wp-content\\\/uploads\\\/2022\\\/09\\\/Baby-Pram-Pushchair-Junama-Individual-Travel-System-2in1-3in1-4in1-Car-Seat-4in13in1isofix-base-05_main.jpg\",\"width\":1020,\"height\":1020},{\"@type\":\"BreadcrumbList\",\"@id\":\"https:\\\/\\\/forbabyboss.com\\\/product\\\/baby-pram-individual-travel-system-stroller-4in1-in-white-and-black-frame\\\/#breadcrumb\",\"itemListElement\":[{\"@type\":\"ListItem\",\"position\":1,\"name\":\"Home\",\"item\":\"https:\\\/\\\/forbabyboss.com\\\/\"},{\"@type\":\"ListItem\",\"position\":2,\"name\":\"Shop\",\"item\":\"https:\\\/\\\/forbabyboss.com\\\/shop\\\/\"},{\"@type\":\"ListItem\",\"position\":3,\"name\":\"Baby Pram Individual Travel System Stroller 4in1 in White and Black Frame\"}]},{\"@type\":\"WebSite\",\"@id\":\"https:\\\/\\\/powderblue-seahorse-496884.hostingersite.com\\\/#website\",\"url\":\"https:\\\/\\\/powderblue-seahorse-496884.hostingersite.com\\\/\",\"name\":\"For Baby Boss\",\"description\":\"Beautiful gifts and accessories for your baby boss\",\"potentialAction\":[{\"@type\":\"SearchAction\",\"target\":{\"@type\":\"EntryPoint\",\"urlTemplate\":\"https:\\\/\\\/powderblue-seahorse-496884.hostingersite.com\\\/?s={search_term_string}\"},\"query-input\":{\"@type\":\"PropertyValueSpecification\",\"valueRequired\":true,\"valueName\":\"search_term_string\"}}],\"inLanguage\":\"ro-RO\"}]}<\/script>\n<!-- \/ Yoast SEO plugin. -->","yoast_head_json":{"title":"C\u0103rucior pentru bebelu\u0219i cu sistem individual de c\u0103l\u0103torie 4 \u00een 1, cadru alb \u0219i negru - Pentru Baby Boss","description":"C\u0103rucior pentru bebelu\u0219i, sistem individual de c\u0103l\u0103torie 4 \u00een 1, cadru alb \u0219i negru","robots":{"index":"index","follow":"follow","max-snippet":"max-snippet:-1","max-image-preview":"max-image-preview:large","max-video-preview":"max-video-preview:-1"},"canonical":"https:\/\/forbabyboss.com\/ro\/product\/carucior-pentru-bebelusi-cu-sistem-individual-de-calatorie-4-in-1-cadru-alb-si-negru\/","og_locale":"ro_RO","og_type":"article","og_title":"Baby Pram Individual Travel System Stroller 4in1 in White and Black Frame - For Baby Boss","og_description":"Baby Pram Individual Travel System Stroller 4in1 in White and Black Frame","og_url":"https:\/\/forbabyboss.com\/ro\/product\/carucior-pentru-bebelusi-cu-sistem-individual-de-calatorie-4-in-1-cadru-alb-si-negru\/","og_site_name":"For Baby Boss","article_modified_time":"2026-02-21T16:19:34+00:00","og_image":[{"width":1020,"height":1020,"url":"https:\/\/forbabyboss.com\/wp-content\/uploads\/2022\/09\/Baby-Pram-Pushchair-Junama-Individual-Travel-System-2in1-3in1-4in1-Car-Seat-4in13in1isofix-base-05_main.jpg","type":"image\/jpeg"}],"twitter_card":"summary_large_image","twitter_misc":{"Timp estimat pentru citire":"2 minute"},"schema":{"@context":"https:\/\/schema.org","@graph":[{"@type":"WebPage","@id":"https:\/\/forbabyboss.com\/product\/baby-pram-individual-travel-system-stroller-4in1-in-white-and-black-frame\/","url":"https:\/\/forbabyboss.com\/product\/baby-pram-individual-travel-system-stroller-4in1-in-white-and-black-frame\/","name":"C\u0103rucior pentru bebelu\u0219i cu sistem individual de c\u0103l\u0103torie 4 \u00een 1, cadru alb \u0219i negru - Pentru Baby Boss","isPartOf":{"@id":"https:\/\/powderblue-seahorse-496884.hostingersite.com\/#website"},"primaryImageOfPage":{"@id":"https:\/\/forbabyboss.com\/product\/baby-pram-individual-travel-system-stroller-4in1-in-white-and-black-frame\/#primaryimage"},"image":{"@id":"https:\/\/forbabyboss.com\/product\/baby-pram-individual-travel-system-stroller-4in1-in-white-and-black-frame\/#primaryimage"},"thumbnailUrl":"https:\/\/forbabyboss.com\/wp-content\/uploads\/2022\/09\/Baby-Pram-Pushchair-Junama-Individual-Travel-System-2in1-3in1-4in1-Car-Seat-4in13in1isofix-base-05_main.jpg","datePublished":"2022-09-09T12:30:14+00:00","dateModified":"2026-02-21T16:19:34+00:00","description":"C\u0103rucior pentru bebelu\u0219i, sistem individual de c\u0103l\u0103torie 4 \u00een 1, cadru alb \u0219i negru","breadcrumb":{"@id":"https:\/\/forbabyboss.com\/product\/baby-pram-individual-travel-system-stroller-4in1-in-white-and-black-frame\/#breadcrumb"},"inLanguage":"ro-RO","potentialAction":[{"@type":"ReadAction","target":["https:\/\/forbabyboss.com\/product\/baby-pram-individual-travel-system-stroller-4in1-in-white-and-black-frame\/"]}]},{"@type":"ImageObject","inLanguage":"ro-RO","@id":"https:\/\/forbabyboss.com\/product\/baby-pram-individual-travel-system-stroller-4in1-in-white-and-black-frame\/#primaryimage","url":"https:\/\/forbabyboss.com\/wp-content\/uploads\/2022\/09\/Baby-Pram-Pushchair-Junama-Individual-Travel-System-2in1-3in1-4in1-Car-Seat-4in13in1isofix-base-05_main.jpg","contentUrl":"https:\/\/forbabyboss.com\/wp-content\/uploads\/2022\/09\/Baby-Pram-Pushchair-Junama-Individual-Travel-System-2in1-3in1-4in1-Car-Seat-4in13in1isofix-base-05_main.jpg","width":1020,"height":1020},{"@type":"BreadcrumbList","@id":"https:\/\/forbabyboss.com\/product\/baby-pram-individual-travel-system-stroller-4in1-in-white-and-black-frame\/#breadcrumb","itemListElement":[{"@type":"ListItem","position":1,"name":"Home","item":"https:\/\/forbabyboss.com\/"},{"@type":"ListItem","position":2,"name":"Shop","item":"https:\/\/forbabyboss.com\/shop\/"},{"@type":"ListItem","position":3,"name":"Baby Pram Individual Travel System Stroller 4in1 in White and Black Frame"}]},{"@type":"WebSite","@id":"https:\/\/powderblue-seahorse-496884.hostingersite.com\/#website","url":"https:\/\/powderblue-seahorse-496884.hostingersite.com\/","name":"Pentru Baby Boss","description":"Cadouri frumoase \u0219i accesorii pentru \u0219eful copilului dvs.","potentialAction":[{"@type":"SearchAction","target":{"@type":"EntryPoint","urlTemplate":"https:\/\/powderblue-seahorse-496884.hostingersite.com\/?s={search_term_string}"},"query-input":{"@type":"PropertyValueSpecification","valueRequired":true,"valueName":"search_term_string"}}],"inLanguage":"ro-RO"}]}},"_links":{"self":[{"href":"https:\/\/forbabyboss.com\/ro\/wp-json\/wp\/v2\/product\/4611","targetHints":{"allow":["GET"]}}],"collection":[{"href":"https:\/\/forbabyboss.com\/ro\/wp-json\/wp\/v2\/product"}],"about":[{"href":"https:\/\/forbabyboss.com\/ro\/wp-json\/wp\/v2\/types\/product"}],"wp:featuredmedia":[{"embeddable":true,"href":"https:\/\/forbabyboss.com\/ro\/wp-json\/wp\/v2\/media\/4617"}],"wp:attachment":[{"href":"https:\/\/forbabyboss.com\/ro\/wp-json\/wp\/v2\/media?parent=4611"}],"wp:term":[{"taxonomy":"product_brand","embeddable":true,"href":"https:\/\/forbabyboss.com\/ro\/wp-json\/wp\/v2\/product_brand?post=4611"},{"taxonomy":"product_cat","embeddable":true,"href":"https:\/\/forbabyboss.com\/ro\/wp-json\/wp\/v2\/product_cat?post=4611"},{"taxonomy":"product_tag","embeddable":true,"href":"https:\/\/forbabyboss.com\/ro\/wp-json\/wp\/v2\/product_tag?post=4611"}],"curies":[{"name":"wp","href":"https:\/\/api.w.org\/{rel}","templated":true}]}}