{"id":4647,"date":"2022-09-09T13:06:11","date_gmt":"2022-09-09T13:06:11","guid":{"rendered":"http:\/\/forbabyboss.com\/?post_type=product&#038;p=4647"},"modified":"2026-02-21T16:22:00","modified_gmt":"2026-02-21T16:22:00","slug":"carucior-baby-parm-mirror-satin-sistem-de-calatorie-4-in-1-alb-si-argintiu","status":"publish","type":"product","link":"https:\/\/forbabyboss.com\/ro\/product\/baby-parm-mirror-satin-stroller-4in1-travel-system-in-white-and-silver\/","title":{"rendered":"C\u0103rucior Baby Parm Mirror Satin, sistem de c\u0103l\u0103torie 4 \u00een 1, alb \u0219i argintiu"},"content":{"rendered":"<p style=\"text-align: justify;\"><strong>Satinul delicat \u0219i elegant revine \u00een gra\u021bie. Colec\u021bia Mirror Satin este o gondol\u0103 satinat\u0103 multidimensional\u0103 \u0219i uniform\u0103, u\u0219or str\u0103lucitoare, cre\u00e2nd o \u00eentreag\u0103 colec\u021bie de look-uri sofisticate.<\/strong><\/p>\n<p style=\"text-align: justify;\"><strong><span style=\"color: #ff0000;\">Caracteristica produsului:<\/span><\/strong><\/p>\n<p style=\"text-align: left;\" align=\"center\"><strong><span style=\"font-family: Arial;\">\u00a0Sistem de \u00eembinare MAX-CLICK<\/span><\/strong><\/p>\n<p style=\"text-align: left;\" align=\"center\"><strong><span style=\"font-family: Arial;\">\u2013 Sistem de absorb\u021bie a \u0219ocurilor \u201canti-\u0219oc\u201d<\/span><\/strong><\/p>\n<p style=\"text-align: left;\" align=\"center\"><strong><span style=\"font-family: Arial;\">\u2013 Fr\u00e2n\u0103 central\u0103<\/span><\/strong><\/p>\n<p style=\"text-align: left;\" align=\"center\"><strong><span style=\"font-family: Arial;\">\u2013 Ro\u021bi cu gel<\/span><\/strong><\/p>\n<p style=\"text-align: left;\" align=\"center\"><strong><span style=\"font-family: Arial;\">\u2013 amortizare construc\u021bie \u00een 6 puncte<\/span><\/strong><\/p>\n<p style=\"text-align: left;\" align=\"center\"><strong><span style=\"font-family: Arial;\">\u2013 Reglarea m\u00e2nerului din piele ecologic\u0103<\/span><\/strong><\/p>\n<p style=\"text-align: left;\" align=\"center\"><strong><span style=\"font-family: Arial;\">\u2013 Landau realizat \u00een 3D<\/span><\/strong><\/p>\n<p style=\"text-align: left;\" align=\"center\"><strong><span style=\"font-family: Arial;\">\u2013 Reglarea landoului<\/span><\/strong><\/p>\n<p style=\"text-align: left;\" align=\"center\"><strong><span style=\"font-family: Arial;\">\u2013 Saltea confortabil\u0103 \u0219i moale<\/span><\/strong><\/p>\n<p style=\"text-align: left;\" align=\"center\"><strong><span style=\"font-family: Arial;\">\u2013 C\u0103ptu\u0219eal\u0103 \u0219i saltea din bumbac 100%<\/span><\/strong><\/p>\n<p style=\"text-align: left;\" align=\"center\"><strong><span style=\"font-family: Arial;\">\u2013 Barier\u0103 deta\u0219abil\u0103 \u00een c\u0103rucior, fabricat\u0103 din piele ecologic\u0103<\/span><\/strong><\/p>\n<p style=\"text-align: left;\" align=\"center\"><strong><span style=\"font-family: Arial;\">\u2013 Sistem inovator de ventila\u021bie \u00een c\u0103rucior \u0219i landou<\/span><\/strong><\/p>\n<p style=\"text-align: left;\" align=\"center\"><strong><span style=\"font-family: Arial;\">\u2013 Material impermeabil \u0219i rezistent la UV<\/span><\/strong><\/p>\n<p style=\"text-align: left;\" align=\"center\"><strong><span style=\"color: #ff0000;\"><span style=\"font-family: Arial;\">Pre\u021bul include:<\/span><\/span><\/strong><\/p>\n<p style=\"text-align: left;\" align=\"center\"><strong><span style=\"font-family: Arial; color: #ff0000;\">2 \u00een 1 con\u021bine:<\/span><\/strong><\/p>\n<p style=\"text-align: left;\" align=\"center\"><strong><span style=\"font-family: Arial;\">\u2013 Cadru din aluminiu plus ro\u021bi cu gel<\/span><\/strong><\/p>\n<p style=\"text-align: left;\" align=\"center\"><strong>\u2013 Lad\u0103 portabil\u0103<\/strong><\/p>\n<p style=\"text-align: left;\" align=\"center\"><strong><span style=\"font-family: Arial;\">\u2013 Saltea<\/span><\/strong><\/p>\n<p style=\"text-align: left;\" align=\"center\"><strong>\u2013 Hus\u0103 pentru landou<\/strong><\/p>\n<p style=\"text-align: left;\" align=\"center\"><strong><span style=\"font-family: Arial;\">\u2013 Unitate scaun (c\u0103rucior)<\/span><\/strong><\/p>\n<p style=\"text-align: left;\" align=\"center\"><strong><span style=\"font-family: Arial;\">\u2013 Hus\u0103 de picioare<\/span><\/strong><\/p>\n<p style=\"text-align: left;\" align=\"center\"><strong><span style=\"font-family: Arial;\">\u2013 Geant\u0103 cu saltea de schimbat<\/span><\/strong><\/p>\n<p style=\"text-align: left;\" align=\"center\"><strong><span style=\"font-family: Arial;\">\u2013 Co\u0219 de cump\u0103r\u0103turi \u00eenc\u0103p\u0103tor<\/span><\/strong><\/p>\n<p style=\"text-align: left;\" align=\"center\"><strong><span style=\"font-family: Arial;\">\u2013 Hus\u0103 de ploaie<\/span><\/strong><\/p>\n<p style=\"text-align: left;\" align=\"center\"><strong><span style=\"font-family: Arial;\">\u2013 Plas\u0103 de \u021b\u00e2n\u021bari<\/span><\/strong><\/p>\n<p style=\"text-align: left;\" align=\"center\"><strong><span style=\"font-family: Arial;\">\u2013 Suport pentru pahare<\/span><\/strong><\/p>\n<p style=\"text-align: left;\" align=\"center\"><strong><span style=\"font-family: Arial;\">Op\u021biuni suplimentare:<\/span><\/strong><\/p>\n<p style=\"text-align: left;\" align=\"center\"><strong><span style=\"font-family: Arial;\">\u2013 Adaptoare\u00a0<\/span><\/strong><\/p>\n<p style=\"text-align: left;\" align=\"center\"><strong><span style=\"font-family: Arial;\">\u2013 Sac de dormit\u00a0<\/span><\/strong><\/p>\n<p style=\"text-align: left;\" align=\"center\"><strong><span style=\"font-family: Arial;\">\u2013 Umbrel\u0103<\/span><\/strong><\/p>\n<p style=\"text-align: left;\" align=\"center\"><strong><span style=\"font-family: Arial;\">\u2013 M\u0103nu\u0219i<\/span><\/strong><\/p>\n<p style=\"text-align: left;\" align=\"center\"><strong><span style=\"font-family: Arial;\">*Scaun auto (op\u021bional)<\/span><\/strong><\/p>\n<p style=\"text-align: left;\" align=\"center\"><strong>*Baz\u0103 ISOFIX (op\u021bional\u0103)<\/strong><\/p>\n<p><strong><span style=\"color: #ff0000;\">Dimensiuni\u00a0<\/span><\/strong><\/p>\n<p style=\"text-align: left;\" align=\"center\"><strong><span style=\"color: #000000;\"><span style=\"font-family: Arial;\"><img decoding=\"async\" src=\"https:\/\/ppg4kids.com\/img\/cms\/wymiary.PNG\" \/><\/span><\/span><\/strong><\/p>\n<p style=\"text-align: left;\" align=\"center\"><a href=\"http:\/\/forbabyboss.com\/wp-content\/uploads\/2022\/09\/checkout.png\"><img loading=\"lazy\" decoding=\"async\" class=\"alignnone size-full wp-image-5965\" src=\"http:\/\/forbabyboss.com\/wp-content\/uploads\/2022\/09\/checkout.png\" alt=\"\" width=\"750\" height=\"276\" srcset=\"https:\/\/forbabyboss.com\/wp-content\/uploads\/2022\/09\/checkout.png 750w, https:\/\/forbabyboss.com\/wp-content\/uploads\/2022\/09\/checkout-600x221.png 600w\" sizes=\"auto, (max-width: 750px) 100vw, 750px\" \/><\/a><\/p>","protected":false},"excerpt":{"rendered":"<p><a href=\"http:\/\/forbabyboss.com\/wp-content\/uploads\/2022\/09\/Star-Rating-5.png\"><img loading=\"lazy\" decoding=\"async\" class=\"alignnone size-full wp-image-5973 aligncenter\" src=\"http:\/\/forbabyboss.com\/wp-content\/uploads\/2022\/09\/Star-Rating-5.png\" alt=\"\" width=\"275\" height=\"45\" \/><\/a><\/p>\n<p style=\"text-align: center;\"><span style=\"color: #ed1c24; font-size: 120%;\"><b>GARAN\u021aIE DE POTRIVIRE A PRE\u021aULUI<\/b><\/span><\/p>\n<p style=\"text-align: center;\"><span style=\"font-size: 115%;\"><span style=\"font-weight: 400; color: #4f4fa7;\">Livrare gratuit\u0103<\/span><span style=\"font-weight: 400;\"> \u2013 2 \u2013 7 zile<\/span><\/span><\/p>\n<p style=\"text-align: center;\"><strong><span style=\"color: #29606b;\">Cadou gratuit la achizi\u021bii de peste 100 de lire sterline<\/span><\/strong><\/p>","protected":false},"featured_media":4653,"template":"","meta":[],"product_brand":[584],"product_cat":[156,197,305,130,209,221,211,229],"product_tag":[163,200,199],"class_list":{"0":"post-4647","1":"product","2":"type-product","3":"status-publish","4":"has-post-thumbnail","6":"product_brand-junama","7":"product_cat-3-in-1","8":"product_cat-4-in-1-pram","9":"product_cat-colour","10":"product_cat-prams","11":"product_cat-push-chairs","12":"product_cat-silver-colour","13":"product_cat-stroller","14":"product_cat-white","15":"product_tag-3-in-1-prams","16":"product_tag-4-in-1-pram","17":"product_tag-prams","19":"first","20":"instock","21":"sale","22":"shipping-taxable","23":"purchasable","24":"product-type-simple"},"yoast_head":"<!-- This site is optimized with the Yoast SEO plugin v27.6 - https:\/\/yoast.com\/product\/yoast-seo-wordpress\/ -->\n<title>Baby Parm Mirror Satin Stroller 4in1 Travel System In White and Silver - For Baby Boss<\/title>\n<meta name=\"description\" content=\"Baby Parm Mirror Satin Stroller 4in1 Travel System In White and Silver\" \/>\n<meta name=\"robots\" content=\"index, follow, max-snippet:-1, max-image-preview:large, max-video-preview:-1\" \/>\n<link rel=\"canonical\" href=\"https:\/\/forbabyboss.com\/ro\/product\/carucior-baby-parm-mirror-satin-sistem-de-calatorie-4-in-1-alb-si-argintiu\/\" \/>\n<meta property=\"og:locale\" content=\"ro_RO\" \/>\n<meta property=\"og:type\" content=\"article\" \/>\n<meta property=\"og:title\" content=\"Baby Parm Mirror Satin Stroller 4in1 Travel System In White and Silver - For Baby Boss\" \/>\n<meta property=\"og:description\" content=\"Baby Parm Mirror Satin Stroller 4in1 Travel System In White and Silver\" \/>\n<meta property=\"og:url\" content=\"https:\/\/forbabyboss.com\/ro\/product\/carucior-baby-parm-mirror-satin-sistem-de-calatorie-4-in-1-alb-si-argintiu\/\" \/>\n<meta property=\"og:site_name\" content=\"For Baby Boss\" \/>\n<meta property=\"article:modified_time\" content=\"2026-02-21T16:22:00+00:00\" \/>\n<meta property=\"og:image\" content=\"https:\/\/forbabyboss.com\/wp-content\/uploads\/2022\/09\/Baby-Pram-Pushchair-Junama-Mirror-Satin-Travel-System-2in1-3in1-4in1-Car-Seat-4in13in1isofix-base-04_MAIN.jpg\" \/>\n\t<meta property=\"og:image:width\" content=\"1020\" \/>\n\t<meta property=\"og:image:height\" content=\"1020\" \/>\n\t<meta property=\"og:image:type\" content=\"image\/jpeg\" \/>\n<meta name=\"twitter:card\" content=\"summary_large_image\" \/>\n<meta name=\"twitter:label1\" content=\"Timp estimat pentru citire\" \/>\n\t<meta name=\"twitter:data1\" content=\"1 minut\" \/>\n<script type=\"application\/ld+json\" class=\"yoast-schema-graph\">{\"@context\":\"https:\\\/\\\/schema.org\",\"@graph\":[{\"@type\":\"WebPage\",\"@id\":\"https:\\\/\\\/forbabyboss.com\\\/product\\\/baby-parm-mirror-satin-stroller-4in1-travel-system-in-white-and-silver\\\/\",\"url\":\"https:\\\/\\\/forbabyboss.com\\\/product\\\/baby-parm-mirror-satin-stroller-4in1-travel-system-in-white-and-silver\\\/\",\"name\":\"Baby Parm Mirror Satin Stroller 4in1 Travel System In White and Silver - For Baby Boss\",\"isPartOf\":{\"@id\":\"https:\\\/\\\/powderblue-seahorse-496884.hostingersite.com\\\/#website\"},\"primaryImageOfPage\":{\"@id\":\"https:\\\/\\\/forbabyboss.com\\\/product\\\/baby-parm-mirror-satin-stroller-4in1-travel-system-in-white-and-silver\\\/#primaryimage\"},\"image\":{\"@id\":\"https:\\\/\\\/forbabyboss.com\\\/product\\\/baby-parm-mirror-satin-stroller-4in1-travel-system-in-white-and-silver\\\/#primaryimage\"},\"thumbnailUrl\":\"https:\\\/\\\/forbabyboss.com\\\/wp-content\\\/uploads\\\/2022\\\/09\\\/Baby-Pram-Pushchair-Junama-Mirror-Satin-Travel-System-2in1-3in1-4in1-Car-Seat-4in13in1isofix-base-04_MAIN.jpg\",\"datePublished\":\"2022-09-09T13:06:11+00:00\",\"dateModified\":\"2026-02-21T16:22:00+00:00\",\"description\":\"Baby Parm Mirror Satin Stroller 4in1 Travel System In White and Silver\",\"breadcrumb\":{\"@id\":\"https:\\\/\\\/forbabyboss.com\\\/product\\\/baby-parm-mirror-satin-stroller-4in1-travel-system-in-white-and-silver\\\/#breadcrumb\"},\"inLanguage\":\"ro-RO\",\"potentialAction\":[{\"@type\":\"ReadAction\",\"target\":[\"https:\\\/\\\/forbabyboss.com\\\/product\\\/baby-parm-mirror-satin-stroller-4in1-travel-system-in-white-and-silver\\\/\"]}]},{\"@type\":\"ImageObject\",\"inLanguage\":\"ro-RO\",\"@id\":\"https:\\\/\\\/forbabyboss.com\\\/product\\\/baby-parm-mirror-satin-stroller-4in1-travel-system-in-white-and-silver\\\/#primaryimage\",\"url\":\"https:\\\/\\\/forbabyboss.com\\\/wp-content\\\/uploads\\\/2022\\\/09\\\/Baby-Pram-Pushchair-Junama-Mirror-Satin-Travel-System-2in1-3in1-4in1-Car-Seat-4in13in1isofix-base-04_MAIN.jpg\",\"contentUrl\":\"https:\\\/\\\/forbabyboss.com\\\/wp-content\\\/uploads\\\/2022\\\/09\\\/Baby-Pram-Pushchair-Junama-Mirror-Satin-Travel-System-2in1-3in1-4in1-Car-Seat-4in13in1isofix-base-04_MAIN.jpg\",\"width\":1020,\"height\":1020},{\"@type\":\"BreadcrumbList\",\"@id\":\"https:\\\/\\\/forbabyboss.com\\\/product\\\/baby-parm-mirror-satin-stroller-4in1-travel-system-in-white-and-silver\\\/#breadcrumb\",\"itemListElement\":[{\"@type\":\"ListItem\",\"position\":1,\"name\":\"Home\",\"item\":\"https:\\\/\\\/forbabyboss.com\\\/\"},{\"@type\":\"ListItem\",\"position\":2,\"name\":\"Shop\",\"item\":\"https:\\\/\\\/forbabyboss.com\\\/shop\\\/\"},{\"@type\":\"ListItem\",\"position\":3,\"name\":\"Baby Parm Mirror Satin Stroller 4in1 Travel System In White and Silver\"}]},{\"@type\":\"WebSite\",\"@id\":\"https:\\\/\\\/powderblue-seahorse-496884.hostingersite.com\\\/#website\",\"url\":\"https:\\\/\\\/powderblue-seahorse-496884.hostingersite.com\\\/\",\"name\":\"For Baby Boss\",\"description\":\"Beautiful gifts and accessories for your baby boss\",\"potentialAction\":[{\"@type\":\"SearchAction\",\"target\":{\"@type\":\"EntryPoint\",\"urlTemplate\":\"https:\\\/\\\/powderblue-seahorse-496884.hostingersite.com\\\/?s={search_term_string}\"},\"query-input\":{\"@type\":\"PropertyValueSpecification\",\"valueRequired\":true,\"valueName\":\"search_term_string\"}}],\"inLanguage\":\"ro-RO\"}]}<\/script>\n<!-- \/ Yoast SEO plugin. -->","yoast_head_json":{"title":"C\u0103rucior Baby Parm Mirror Satin 4 \u00een 1, sistem de c\u0103l\u0103torie, alb \u0219i argintiu - pentru Baby Boss","description":"C\u0103rucior Baby Parm Mirror Satin, sistem de c\u0103l\u0103torie 4 \u00een 1, alb \u0219i argintiu","robots":{"index":"index","follow":"follow","max-snippet":"max-snippet:-1","max-image-preview":"max-image-preview:large","max-video-preview":"max-video-preview:-1"},"canonical":"https:\/\/forbabyboss.com\/ro\/product\/carucior-baby-parm-mirror-satin-sistem-de-calatorie-4-in-1-alb-si-argintiu\/","og_locale":"ro_RO","og_type":"article","og_title":"Baby Parm Mirror Satin Stroller 4in1 Travel System In White and Silver - For Baby Boss","og_description":"Baby Parm Mirror Satin Stroller 4in1 Travel System In White and Silver","og_url":"https:\/\/forbabyboss.com\/ro\/product\/carucior-baby-parm-mirror-satin-sistem-de-calatorie-4-in-1-alb-si-argintiu\/","og_site_name":"For Baby Boss","article_modified_time":"2026-02-21T16:22:00+00:00","og_image":[{"width":1020,"height":1020,"url":"https:\/\/forbabyboss.com\/wp-content\/uploads\/2022\/09\/Baby-Pram-Pushchair-Junama-Mirror-Satin-Travel-System-2in1-3in1-4in1-Car-Seat-4in13in1isofix-base-04_MAIN.jpg","type":"image\/jpeg"}],"twitter_card":"summary_large_image","twitter_misc":{"Timp estimat pentru citire":"1 minut"},"schema":{"@context":"https:\/\/schema.org","@graph":[{"@type":"WebPage","@id":"https:\/\/forbabyboss.com\/product\/baby-parm-mirror-satin-stroller-4in1-travel-system-in-white-and-silver\/","url":"https:\/\/forbabyboss.com\/product\/baby-parm-mirror-satin-stroller-4in1-travel-system-in-white-and-silver\/","name":"C\u0103rucior Baby Parm Mirror Satin 4 \u00een 1, sistem de c\u0103l\u0103torie, alb \u0219i argintiu - pentru Baby Boss","isPartOf":{"@id":"https:\/\/powderblue-seahorse-496884.hostingersite.com\/#website"},"primaryImageOfPage":{"@id":"https:\/\/forbabyboss.com\/product\/baby-parm-mirror-satin-stroller-4in1-travel-system-in-white-and-silver\/#primaryimage"},"image":{"@id":"https:\/\/forbabyboss.com\/product\/baby-parm-mirror-satin-stroller-4in1-travel-system-in-white-and-silver\/#primaryimage"},"thumbnailUrl":"https:\/\/forbabyboss.com\/wp-content\/uploads\/2022\/09\/Baby-Pram-Pushchair-Junama-Mirror-Satin-Travel-System-2in1-3in1-4in1-Car-Seat-4in13in1isofix-base-04_MAIN.jpg","datePublished":"2022-09-09T13:06:11+00:00","dateModified":"2026-02-21T16:22:00+00:00","description":"C\u0103rucior Baby Parm Mirror Satin, sistem de c\u0103l\u0103torie 4 \u00een 1, alb \u0219i argintiu","breadcrumb":{"@id":"https:\/\/forbabyboss.com\/product\/baby-parm-mirror-satin-stroller-4in1-travel-system-in-white-and-silver\/#breadcrumb"},"inLanguage":"ro-RO","potentialAction":[{"@type":"ReadAction","target":["https:\/\/forbabyboss.com\/product\/baby-parm-mirror-satin-stroller-4in1-travel-system-in-white-and-silver\/"]}]},{"@type":"ImageObject","inLanguage":"ro-RO","@id":"https:\/\/forbabyboss.com\/product\/baby-parm-mirror-satin-stroller-4in1-travel-system-in-white-and-silver\/#primaryimage","url":"https:\/\/forbabyboss.com\/wp-content\/uploads\/2022\/09\/Baby-Pram-Pushchair-Junama-Mirror-Satin-Travel-System-2in1-3in1-4in1-Car-Seat-4in13in1isofix-base-04_MAIN.jpg","contentUrl":"https:\/\/forbabyboss.com\/wp-content\/uploads\/2022\/09\/Baby-Pram-Pushchair-Junama-Mirror-Satin-Travel-System-2in1-3in1-4in1-Car-Seat-4in13in1isofix-base-04_MAIN.jpg","width":1020,"height":1020},{"@type":"BreadcrumbList","@id":"https:\/\/forbabyboss.com\/product\/baby-parm-mirror-satin-stroller-4in1-travel-system-in-white-and-silver\/#breadcrumb","itemListElement":[{"@type":"ListItem","position":1,"name":"Home","item":"https:\/\/forbabyboss.com\/"},{"@type":"ListItem","position":2,"name":"Shop","item":"https:\/\/forbabyboss.com\/shop\/"},{"@type":"ListItem","position":3,"name":"Baby Parm Mirror Satin Stroller 4in1 Travel System In White and Silver"}]},{"@type":"WebSite","@id":"https:\/\/powderblue-seahorse-496884.hostingersite.com\/#website","url":"https:\/\/powderblue-seahorse-496884.hostingersite.com\/","name":"Pentru Baby Boss","description":"Cadouri frumoase \u0219i accesorii pentru \u0219eful copilului dvs.","potentialAction":[{"@type":"SearchAction","target":{"@type":"EntryPoint","urlTemplate":"https:\/\/powderblue-seahorse-496884.hostingersite.com\/?s={search_term_string}"},"query-input":{"@type":"PropertyValueSpecification","valueRequired":true,"valueName":"search_term_string"}}],"inLanguage":"ro-RO"}]}},"_links":{"self":[{"href":"https:\/\/forbabyboss.com\/ro\/wp-json\/wp\/v2\/product\/4647","targetHints":{"allow":["GET"]}}],"collection":[{"href":"https:\/\/forbabyboss.com\/ro\/wp-json\/wp\/v2\/product"}],"about":[{"href":"https:\/\/forbabyboss.com\/ro\/wp-json\/wp\/v2\/types\/product"}],"wp:featuredmedia":[{"embeddable":true,"href":"https:\/\/forbabyboss.com\/ro\/wp-json\/wp\/v2\/media\/4653"}],"wp:attachment":[{"href":"https:\/\/forbabyboss.com\/ro\/wp-json\/wp\/v2\/media?parent=4647"}],"wp:term":[{"taxonomy":"product_brand","embeddable":true,"href":"https:\/\/forbabyboss.com\/ro\/wp-json\/wp\/v2\/product_brand?post=4647"},{"taxonomy":"product_cat","embeddable":true,"href":"https:\/\/forbabyboss.com\/ro\/wp-json\/wp\/v2\/product_cat?post=4647"},{"taxonomy":"product_tag","embeddable":true,"href":"https:\/\/forbabyboss.com\/ro\/wp-json\/wp\/v2\/product_tag?post=4647"}],"curies":[{"name":"wp","href":"https:\/\/api.w.org\/{rel}","templated":true}]}}