{"id":4848,"date":"2022-09-10T10:11:39","date_gmt":"2022-09-10T10:11:39","guid":{"rendered":"http:\/\/forbabyboss.com\/?post_type=product&#038;p=4848"},"modified":"2026-02-21T16:34:45","modified_gmt":"2026-02-21T16:34:45","slug":"06-carucior-bebetto-pascal-carucior-4in1","status":"publish","type":"product","link":"https:\/\/forbabyboss.com\/ro\/product\/06-pushchair-bebetto-pascal-pram-4in1\/","title":{"rendered":"06 Carucior Bebetto Pascal Carucior 4in1"},"content":{"rendered":"<h4 style=\"text-align: justify;\" align=\"center\"><strong><span style=\"font-family: Arial; color: #e14d43;\">Pascual \u2013 Perfec\u021biunea \u00een mi\u0219care<\/span><\/strong><\/h4>\n<p style=\"text-align: justify;\" align=\"center\"><strong><span style=\"font-family: Arial; color: #808080;\">Pascal este un c\u0103rucior care poate face ca fiecare plimbare cu un copil s\u0103 fie perfect\u0103. Cadrul u\u0219or \u0219i elegant absoarbe \u0219ocurile \u0219i vibra\u021biile, oferind astfel confort copilului \u0219i v\u0103 ofer\u0103 confort \u00een timpul utiliz\u0103rii c\u0103ruciorului. O geant\u0103 de schimbat \u00eenc\u0103p\u0103toare v\u0103 permite s\u0103 ave\u021bi la \u00eendem\u00e2n\u0103 toate elementele necesare \u00een timpul plimb\u0103rilor.<\/span><\/strong><\/p>\n<p style=\"text-align: justify;\" align=\"center\"><strong><span style=\"font-family: Arial; color: #808080;\">Fabricat \u00een Europa din materiale de \u00eenalt\u0103 calitate, un c\u0103rucior u\u0219or, conceput cu un stil modern.<\/span><\/strong><\/p>\n<h4 style=\"text-align: justify;\" align=\"center\"><strong><span style=\"color: #808080;\"><span style=\"font-family: Arial;\"><span style=\"color: #e14d43;\">\u00a0Pre\u021bul este inclus<\/span>:<\/span><\/span><\/strong><\/h4>\n<p style=\"text-align: justify;\" align=\"center\"><strong><span style=\"font-family: Arial; color: #808080;\">\u2013 Cadru din aluminiu<\/span><\/strong><\/p>\n<p style=\"text-align: justify;\" align=\"center\"><strong><span style=\"font-family: Arial; color: #808080;\">\u2013 4 ro\u021bi<\/span><\/strong><\/p>\n<p style=\"text-align: justify;\" align=\"center\"><strong><span style=\"font-family: Arial; color: #808080;\">\u2013 Lad\u0103 portabil\u0103<\/span><\/strong><\/p>\n<p style=\"text-align: justify;\" align=\"center\"><strong><span style=\"font-family: Arial; color: #808080;\">\u2013 Hus\u0103 \u0219i saltea pentru c\u0103rucior<\/span><\/strong><\/p>\n<p style=\"text-align: justify;\" align=\"center\"><strong><span style=\"font-family: Arial; color: #808080;\">\u2013 Hus\u0103 de ploaie<\/span><\/strong><\/p>\n<p style=\"text-align: justify;\" align=\"center\"><strong><span style=\"font-family: Arial; color: #808080;\">\u2013 Plas\u0103 de \u021b\u00e2n\u021bari<\/span><\/strong><\/p>\n<p style=\"text-align: justify;\" align=\"center\"><strong><span style=\"font-family: Arial; color: #808080;\">\u2013 Geant\u0103 modern\u0103<\/span><\/strong><\/p>\n<p style=\"text-align: justify;\" align=\"center\"><strong><span style=\"font-family: Arial; color: #808080;\">\u2013 Co\u0219 de cump\u0103r\u0103turi<\/span><\/strong><\/p>\n<p style=\"text-align: justify;\" align=\"center\"><strong><span style=\"font-family: Arial; color: #808080;\">\u2013 Suport pentru pahare<\/span><\/strong><\/p>\n<p style=\"text-align: justify;\" align=\"center\"><strong><span style=\"font-family: Arial; color: #808080;\">\u2013 garan\u021bie de 24 de luni<\/span><\/strong><\/p>\n<p style=\"text-align: justify;\" align=\"center\"><strong><span style=\"font-family: Arial; color: #808080;\">\u2013 C\u0103rucior<\/span><\/strong><\/p>\n<p style=\"text-align: justify;\" align=\"center\"><strong><span style=\"font-family: Arial; color: #808080;\">\u2013 *Scaun auto (op\u021bional)<\/span><\/strong><\/p>\n<p style=\"text-align: justify;\" align=\"center\"><strong><span style=\"font-family: Arial; color: #808080;\">\u2013 *Baz\u0103 Isofix (op\u021bional\u0103)<\/span><\/strong><\/p>\n<div><strong><span style=\"color: #808080;\">Pliat, se \u00eencadreaz\u0103 \u00een spa\u021biul: 75x59x36cm<\/span><\/strong><\/div>\n<div><\/div>\n<div><strong><span style=\"color: #808080;\">*Dimensiuni: lungime, l\u0103\u021bime, \u00een\u0103l\u021bime, greutate.<\/span><\/strong><\/div>\n<div><strong><img decoding=\"async\" src=\"https:\/\/i.ebayimg.com\/images\/g\/wI0AAOSwsqNilyxQ\/s-l1600.png\" alt=\"Imaginea 31 - C\u0103rucior pentru bebelu\u0219i Bebetto Pascal Travel System 2 \u00een 1 3 \u00een 1 4 \u00een 1 Scaun auto\" \/><\/strong><\/div>\n<div><strong><img loading=\"lazy\" decoding=\"async\" class=\"\" src=\"https:\/\/i.ebayimg.com\/images\/g\/w6wAAOSwW1NilyxU\/s-l1600.png\" alt=\"Imaginea 51 - C\u0103rucior pentru bebelu\u0219i Bebetto Pascal Travel System 2 \u00een 1 3 \u00een 1 4 \u00een 1 Scaun auto\" width=\"1271\" height=\"114\" \/><\/strong><\/div>\n<div><\/div>\n<div><a href=\"http:\/\/forbabyboss.com\/wp-content\/uploads\/2022\/09\/checkout.png\"><img loading=\"lazy\" decoding=\"async\" class=\"alignnone size-full wp-image-5965\" src=\"http:\/\/forbabyboss.com\/wp-content\/uploads\/2022\/09\/checkout.png\" alt=\"\" width=\"750\" height=\"276\" srcset=\"https:\/\/forbabyboss.com\/wp-content\/uploads\/2022\/09\/checkout.png 750w, https:\/\/forbabyboss.com\/wp-content\/uploads\/2022\/09\/checkout-600x221.png 600w\" sizes=\"auto, (max-width: 750px) 100vw, 750px\" \/><\/a><\/div>","protected":false},"excerpt":{"rendered":"<p><a href=\"http:\/\/forbabyboss.com\/wp-content\/uploads\/2022\/09\/Star-Rating-5.png\"><img loading=\"lazy\" decoding=\"async\" class=\"alignnone size-full wp-image-5973 aligncenter\" src=\"http:\/\/forbabyboss.com\/wp-content\/uploads\/2022\/09\/Star-Rating-5.png\" alt=\"\" width=\"275\" height=\"45\" \/><\/a><\/p>\n<p style=\"text-align: center;\"><span style=\"color: #ed1c24; font-size: 120%;\"><b>GARAN\u021aIE DE POTRIVIRE A PRE\u021aULUI<\/b><\/span><\/p>\n<p style=\"text-align: center;\"><span style=\"font-size: 115%;\"><span style=\"font-weight: 400; color: #4f4fa7;\">Livrare gratuit\u0103<\/span><span style=\"font-weight: 400;\"> \u2013 2 \u2013 7 zile<\/span><\/span><\/p>\n<p style=\"text-align: center;\"><strong><span style=\"color: #29606b;\">Cadou gratuit la achizi\u021bii de peste 100 de lire sterline<\/span><\/strong><\/p>","protected":false},"featured_media":4853,"template":"","meta":[],"product_brand":[583],"product_cat":[340,157,156,197,213,305,130,211],"product_tag":[202,200,199],"class_list":{"0":"post-4848","1":"product","2":"type-product","3":"status-publish","4":"has-post-thumbnail","6":"product_brand-bebetto","7":"product_cat-800-to-900","8":"product_cat-2-in-1","9":"product_cat-3-in-1","10":"product_cat-4-in-1-pram","11":"product_cat-blue","12":"product_cat-colour","13":"product_cat-prams","14":"product_cat-stroller","15":"product_tag-3-in-1-pram","16":"product_tag-4-in-1-pram","17":"product_tag-prams","19":"first","20":"instock","21":"sale","22":"shipping-taxable","23":"purchasable","24":"product-type-simple"},"yoast_head":"<!-- This site is optimized with the Yoast SEO plugin v27.6 - https:\/\/yoast.com\/product\/yoast-seo-wordpress\/ -->\n<title>06 Pushchair Bebetto Pascal Pram 4in1 - For Baby Boss<\/title>\n<meta name=\"description\" content=\"06 Pushchair Bebetto Pascal Pram 4in1\" \/>\n<meta name=\"robots\" content=\"index, follow, max-snippet:-1, max-image-preview:large, max-video-preview:-1\" \/>\n<link rel=\"canonical\" href=\"https:\/\/forbabyboss.com\/ro\/product\/06-carucior-bebetto-pascal-carucior-4in1\/\" \/>\n<meta property=\"og:locale\" content=\"ro_RO\" \/>\n<meta property=\"og:type\" content=\"article\" \/>\n<meta property=\"og:title\" content=\"06 Pushchair Bebetto Pascal Pram 4in1 - For Baby Boss\" \/>\n<meta property=\"og:description\" content=\"06 Pushchair Bebetto Pascal Pram 4in1\" \/>\n<meta property=\"og:url\" content=\"https:\/\/forbabyboss.com\/ro\/product\/06-carucior-bebetto-pascal-carucior-4in1\/\" \/>\n<meta property=\"og:site_name\" content=\"For Baby Boss\" \/>\n<meta property=\"article:modified_time\" content=\"2026-02-21T16:34:45+00:00\" \/>\n<meta property=\"og:image\" content=\"https:\/\/forbabyboss.com\/wp-content\/uploads\/2022\/09\/Baby-Pram-Pushchair-Bebetto-Pascal-Travel-System-2in1-3in1-4in1-Car-Seat-4in13in1isofix-base-06_MAIN.png\" \/>\n\t<meta property=\"og:image:width\" content=\"1000\" \/>\n\t<meta property=\"og:image:height\" content=\"1000\" \/>\n\t<meta property=\"og:image:type\" content=\"image\/png\" \/>\n<meta name=\"twitter:card\" content=\"summary_large_image\" \/>\n<meta name=\"twitter:label1\" content=\"Timp estimat pentru citire\" \/>\n\t<meta name=\"twitter:data1\" content=\"2 minute\" \/>\n<script type=\"application\/ld+json\" class=\"yoast-schema-graph\">{\"@context\":\"https:\\\/\\\/schema.org\",\"@graph\":[{\"@type\":\"WebPage\",\"@id\":\"https:\\\/\\\/forbabyboss.com\\\/product\\\/06-pushchair-bebetto-pascal-pram-4in1\\\/\",\"url\":\"https:\\\/\\\/forbabyboss.com\\\/product\\\/06-pushchair-bebetto-pascal-pram-4in1\\\/\",\"name\":\"06 Pushchair Bebetto Pascal Pram 4in1 - For Baby Boss\",\"isPartOf\":{\"@id\":\"https:\\\/\\\/powderblue-seahorse-496884.hostingersite.com\\\/#website\"},\"primaryImageOfPage\":{\"@id\":\"https:\\\/\\\/forbabyboss.com\\\/product\\\/06-pushchair-bebetto-pascal-pram-4in1\\\/#primaryimage\"},\"image\":{\"@id\":\"https:\\\/\\\/forbabyboss.com\\\/product\\\/06-pushchair-bebetto-pascal-pram-4in1\\\/#primaryimage\"},\"thumbnailUrl\":\"https:\\\/\\\/forbabyboss.com\\\/wp-content\\\/uploads\\\/2022\\\/09\\\/Baby-Pram-Pushchair-Bebetto-Pascal-Travel-System-2in1-3in1-4in1-Car-Seat-4in13in1isofix-base-06_MAIN.png\",\"datePublished\":\"2022-09-10T10:11:39+00:00\",\"dateModified\":\"2026-02-21T16:34:45+00:00\",\"description\":\"06 Pushchair Bebetto Pascal Pram 4in1\",\"breadcrumb\":{\"@id\":\"https:\\\/\\\/forbabyboss.com\\\/product\\\/06-pushchair-bebetto-pascal-pram-4in1\\\/#breadcrumb\"},\"inLanguage\":\"ro-RO\",\"potentialAction\":[{\"@type\":\"ReadAction\",\"target\":[\"https:\\\/\\\/forbabyboss.com\\\/product\\\/06-pushchair-bebetto-pascal-pram-4in1\\\/\"]}]},{\"@type\":\"ImageObject\",\"inLanguage\":\"ro-RO\",\"@id\":\"https:\\\/\\\/forbabyboss.com\\\/product\\\/06-pushchair-bebetto-pascal-pram-4in1\\\/#primaryimage\",\"url\":\"https:\\\/\\\/forbabyboss.com\\\/wp-content\\\/uploads\\\/2022\\\/09\\\/Baby-Pram-Pushchair-Bebetto-Pascal-Travel-System-2in1-3in1-4in1-Car-Seat-4in13in1isofix-base-06_MAIN.png\",\"contentUrl\":\"https:\\\/\\\/forbabyboss.com\\\/wp-content\\\/uploads\\\/2022\\\/09\\\/Baby-Pram-Pushchair-Bebetto-Pascal-Travel-System-2in1-3in1-4in1-Car-Seat-4in13in1isofix-base-06_MAIN.png\",\"width\":1000,\"height\":1000},{\"@type\":\"BreadcrumbList\",\"@id\":\"https:\\\/\\\/forbabyboss.com\\\/product\\\/06-pushchair-bebetto-pascal-pram-4in1\\\/#breadcrumb\",\"itemListElement\":[{\"@type\":\"ListItem\",\"position\":1,\"name\":\"Home\",\"item\":\"https:\\\/\\\/forbabyboss.com\\\/\"},{\"@type\":\"ListItem\",\"position\":2,\"name\":\"Shop\",\"item\":\"https:\\\/\\\/forbabyboss.com\\\/shop\\\/\"},{\"@type\":\"ListItem\",\"position\":3,\"name\":\"06 Pushchair Bebetto Pascal Pram 4in1\"}]},{\"@type\":\"WebSite\",\"@id\":\"https:\\\/\\\/powderblue-seahorse-496884.hostingersite.com\\\/#website\",\"url\":\"https:\\\/\\\/powderblue-seahorse-496884.hostingersite.com\\\/\",\"name\":\"For Baby Boss\",\"description\":\"Beautiful gifts and accessories for your baby boss\",\"potentialAction\":[{\"@type\":\"SearchAction\",\"target\":{\"@type\":\"EntryPoint\",\"urlTemplate\":\"https:\\\/\\\/powderblue-seahorse-496884.hostingersite.com\\\/?s={search_term_string}\"},\"query-input\":{\"@type\":\"PropertyValueSpecification\",\"valueRequired\":true,\"valueName\":\"search_term_string\"}}],\"inLanguage\":\"ro-RO\"}]}<\/script>\n<!-- \/ Yoast SEO plugin. -->","yoast_head_json":{"title":"06 C\u0103rucior Bebetto Pascal 4 \u00een 1 - Pentru Baby Boss","description":"06 Carucior Bebetto Pascal Carucior 4in1","robots":{"index":"index","follow":"follow","max-snippet":"max-snippet:-1","max-image-preview":"max-image-preview:large","max-video-preview":"max-video-preview:-1"},"canonical":"https:\/\/forbabyboss.com\/ro\/product\/06-carucior-bebetto-pascal-carucior-4in1\/","og_locale":"ro_RO","og_type":"article","og_title":"06 Pushchair Bebetto Pascal Pram 4in1 - For Baby Boss","og_description":"06 Pushchair Bebetto Pascal Pram 4in1","og_url":"https:\/\/forbabyboss.com\/ro\/product\/06-carucior-bebetto-pascal-carucior-4in1\/","og_site_name":"For Baby Boss","article_modified_time":"2026-02-21T16:34:45+00:00","og_image":[{"width":1000,"height":1000,"url":"https:\/\/forbabyboss.com\/wp-content\/uploads\/2022\/09\/Baby-Pram-Pushchair-Bebetto-Pascal-Travel-System-2in1-3in1-4in1-Car-Seat-4in13in1isofix-base-06_MAIN.png","type":"image\/png"}],"twitter_card":"summary_large_image","twitter_misc":{"Timp estimat pentru citire":"2 minute"},"schema":{"@context":"https:\/\/schema.org","@graph":[{"@type":"WebPage","@id":"https:\/\/forbabyboss.com\/product\/06-pushchair-bebetto-pascal-pram-4in1\/","url":"https:\/\/forbabyboss.com\/product\/06-pushchair-bebetto-pascal-pram-4in1\/","name":"06 C\u0103rucior Bebetto Pascal 4 \u00een 1 - Pentru Baby Boss","isPartOf":{"@id":"https:\/\/powderblue-seahorse-496884.hostingersite.com\/#website"},"primaryImageOfPage":{"@id":"https:\/\/forbabyboss.com\/product\/06-pushchair-bebetto-pascal-pram-4in1\/#primaryimage"},"image":{"@id":"https:\/\/forbabyboss.com\/product\/06-pushchair-bebetto-pascal-pram-4in1\/#primaryimage"},"thumbnailUrl":"https:\/\/forbabyboss.com\/wp-content\/uploads\/2022\/09\/Baby-Pram-Pushchair-Bebetto-Pascal-Travel-System-2in1-3in1-4in1-Car-Seat-4in13in1isofix-base-06_MAIN.png","datePublished":"2022-09-10T10:11:39+00:00","dateModified":"2026-02-21T16:34:45+00:00","description":"06 Carucior Bebetto Pascal Carucior 4in1","breadcrumb":{"@id":"https:\/\/forbabyboss.com\/product\/06-pushchair-bebetto-pascal-pram-4in1\/#breadcrumb"},"inLanguage":"ro-RO","potentialAction":[{"@type":"ReadAction","target":["https:\/\/forbabyboss.com\/product\/06-pushchair-bebetto-pascal-pram-4in1\/"]}]},{"@type":"ImageObject","inLanguage":"ro-RO","@id":"https:\/\/forbabyboss.com\/product\/06-pushchair-bebetto-pascal-pram-4in1\/#primaryimage","url":"https:\/\/forbabyboss.com\/wp-content\/uploads\/2022\/09\/Baby-Pram-Pushchair-Bebetto-Pascal-Travel-System-2in1-3in1-4in1-Car-Seat-4in13in1isofix-base-06_MAIN.png","contentUrl":"https:\/\/forbabyboss.com\/wp-content\/uploads\/2022\/09\/Baby-Pram-Pushchair-Bebetto-Pascal-Travel-System-2in1-3in1-4in1-Car-Seat-4in13in1isofix-base-06_MAIN.png","width":1000,"height":1000},{"@type":"BreadcrumbList","@id":"https:\/\/forbabyboss.com\/product\/06-pushchair-bebetto-pascal-pram-4in1\/#breadcrumb","itemListElement":[{"@type":"ListItem","position":1,"name":"Home","item":"https:\/\/forbabyboss.com\/"},{"@type":"ListItem","position":2,"name":"Shop","item":"https:\/\/forbabyboss.com\/shop\/"},{"@type":"ListItem","position":3,"name":"06 Pushchair Bebetto Pascal Pram 4in1"}]},{"@type":"WebSite","@id":"https:\/\/powderblue-seahorse-496884.hostingersite.com\/#website","url":"https:\/\/powderblue-seahorse-496884.hostingersite.com\/","name":"Pentru Baby Boss","description":"Cadouri frumoase \u0219i accesorii pentru \u0219eful copilului dvs.","potentialAction":[{"@type":"SearchAction","target":{"@type":"EntryPoint","urlTemplate":"https:\/\/powderblue-seahorse-496884.hostingersite.com\/?s={search_term_string}"},"query-input":{"@type":"PropertyValueSpecification","valueRequired":true,"valueName":"search_term_string"}}],"inLanguage":"ro-RO"}]}},"_links":{"self":[{"href":"https:\/\/forbabyboss.com\/ro\/wp-json\/wp\/v2\/product\/4848","targetHints":{"allow":["GET"]}}],"collection":[{"href":"https:\/\/forbabyboss.com\/ro\/wp-json\/wp\/v2\/product"}],"about":[{"href":"https:\/\/forbabyboss.com\/ro\/wp-json\/wp\/v2\/types\/product"}],"wp:featuredmedia":[{"embeddable":true,"href":"https:\/\/forbabyboss.com\/ro\/wp-json\/wp\/v2\/media\/4853"}],"wp:attachment":[{"href":"https:\/\/forbabyboss.com\/ro\/wp-json\/wp\/v2\/media?parent=4848"}],"wp:term":[{"taxonomy":"product_brand","embeddable":true,"href":"https:\/\/forbabyboss.com\/ro\/wp-json\/wp\/v2\/product_brand?post=4848"},{"taxonomy":"product_cat","embeddable":true,"href":"https:\/\/forbabyboss.com\/ro\/wp-json\/wp\/v2\/product_cat?post=4848"},{"taxonomy":"product_tag","embeddable":true,"href":"https:\/\/forbabyboss.com\/ro\/wp-json\/wp\/v2\/product_tag?post=4848"}],"curies":[{"name":"wp","href":"https:\/\/api.w.org\/{rel}","templated":true}]}}