{"id":5077,"date":"2022-09-11T04:43:05","date_gmt":"2022-09-11T04:43:05","guid":{"rendered":"http:\/\/forbabyboss.com\/?post_type=product&#038;p=5077"},"modified":"2026-02-21T13:00:40","modified_gmt":"2026-02-21T13:00:40","slug":"carucior-pentru-bebelusi-landou-scaun-auto-sistem-de-calatorie-3-in-1-all-in-one-cu-puncte-albe","status":"publish","type":"product","link":"https:\/\/forbabyboss.com\/ro\/product\/baby-buggy-pram-car-seat-3-in-1-travel-system-pushchair-all-in-one-in-white-dots\/","title":{"rendered":"C\u0103rucior auto 3 \u00een 1, sistem de c\u0103l\u0103torie, all-in-one, cu buline albe"},"content":{"rendered":"<h1 style=\"text-align: justify;\"><span style=\"color: #e14d43;\"><strong>C\u0103ruciorul nostru 3 \u00een 1 este un sistem de c\u0103l\u0103torie bine conceput<\/strong><\/span><\/h1>\n<p style=\"text-align: justify;\"><span style=\"color: #282828;\"><strong>Am conceput c\u0103ruciorul pentru a sprijini p\u0103rin\u021bii \u0219i copiii de la na\u0219tere p\u00e2n\u0103 la 3 ani. Este bine adaptat nevoilor copilului dumneavoastr\u0103 \u00een cre\u0219tere - \u00eencepe\u021bi cu un landou cu cadrul c\u0103ruciorului. C\u00e2nd decide\u021bi c\u0103 micu\u021bul este suficient de mare \u0219i gata s\u0103 stea jos \u00een timpul plimb\u0103rilor, monta\u021bi un scaun confortabil, orientat spre spate sau spre \u00eenainte. V\u0103 pute\u021bi dori ceva mai mult?<\/strong><\/span><\/p>\n<p style=\"text-align: justify;\"><span style=\"color: #e14d43;\"><strong>Caracteristici:<\/strong><\/span><\/p>\n<p style=\"text-align: justify;\"><span style=\"color: #282828;\"><strong>-mod orientat spre \u00eenainte \u0219i spre spate<br \/>\n-scaun auto ata\u0219abil pe \u0219asiu<br \/>\n- fereastr\u0103 de ventila\u021bie \u00een spatele hotei<br \/>\n-gondola are o c\u0103ptu\u0219eal\u0103 moale care poate fi \u00eendep\u0103rtat\u0103 pentru sp\u0103lare<br \/>\n-cap\u0103tul gondolei poate fi ridicat pentru a crea un captator de v\u00e2nt<br \/>\n- glug\u0103 extins\u0103, deta\u0219abil\u0103<br \/>\n-ham de siguran\u021b\u0103 cu 5 puncte<br \/>\n-suport pentru picioare laminat<br \/>\n-m\u00e2ner reglabil pe mai multe niveluri<br \/>\n-suspensie reglabil\u0103<br \/>\n-cadru robust<br \/>\n-picioare \u0219i sp\u0103tar reglabile<br \/>\n-fr\u00e2n\u0103 central\u0103 EASY STOP<br \/>\n- co\u0219 mare de cump\u0103r\u0103turi<br \/>\nPotrivit pentru c\u0103rucior 0-3 ani<br \/>\nScaun auto p\u00e2n\u0103 la 10 kg<\/strong><\/span><\/p>\n<p style=\"text-align: justify;\"><span style=\"color: #e14d43;\"><strong>Caracteristici ale scaunului auto:<\/strong><\/span><\/p>\n<p style=\"text-align: justify;\"><span style=\"color: #282828;\"><strong>-inser\u021bie suplimentar\u0103 pentru sugari<br \/>\n-m\u00e2ner reglabil<br \/>\n- hus\u0103 pentru picioare<br \/>\n- glug\u0103 deta\u0219abil\u0103<br \/>\n-centuri de siguran\u021b\u0103 \u00een trei puncte<\/strong><\/span><\/p>\n<p style=\"text-align: justify;\"><span style=\"color: #e14d43;\"><strong>Setul con\u021bine:<\/strong><\/span><\/p>\n<p><span style=\"color: #282828;\"><strong>-cadru cu m\u00e2ner din piele ecologic\u0103<br \/>\n-gondol\u0103 cu sp\u0103tar reglabil<br \/>\n-unitate scaun<br \/>\n-dou\u0103 huse pentru picioare (pentru c\u0103rucior \u0219i gondol\u0103)<br \/>\n-scaun auto multifunc\u021bional cu adaptoare<br \/>\n- hus\u0103 de ploaie<br \/>\n-plas\u0103 de \u021b\u00e2n\u021bari<br \/>\n-geant\u0103 \u0219i saltea de schimbat<br \/>\n-ro\u021bi moi, cu gel, anti-pan\u0103 (pentru toate tipurile de teren)<br \/>\n-m\u00e2ner de sticl\u0103<br \/>\n-buzunare mari \u00een spatele gen\u021bii \u0219i dou\u0103 mici pe laterale<\/strong><\/span><\/p>\n<p style=\"text-align: justify;\"><span style=\"color: #282828;\"><strong>Cadru pliat cu ro\u021bi (lungime x l\u0103\u021bime x \u00een\u0103l\u021bime): 85x60x40cm<br \/>\nC\u0103rucior asamblat (\u00een\u0103l\u021bime x l\u0103\u021bime x lungime): 115x60x95cm<br \/>\nInterior gondol\u0103 (l\u0103\u021bime x lungime x \u00een\u0103l\u021bime): 36x80x20cm<br \/>\nInterior c\u0103rucior (l\u0103\u021bime x lungime sp\u0103tar x lungime \u0219ezut x lungime suport pentru picioare): 34x48x26x23cm<br \/>\nCadru cu ro\u021bi: 10 kg<br \/>\nC\u0103rucior: 15 kg<br \/>\nC\u0103rucior ad\u00e2nc: 16 kg<br \/>\nInterval de reglare a m\u00e2nerului: 70 cm p\u00e2n\u0103 la 115 cm<br \/>\nC\u0103rucior: EN 1888:2019 Aprobat pentru siguran\u021b\u0103<br \/>\nScaun auto aprobat conform normei de siguran\u021b\u0103 ECE 44-04<br \/>\nGaran\u021bie de 12 luni<\/strong><\/span><\/p>\n<p><span style=\"color: #282828;\"><strong><img decoding=\"async\" src=\"https:\/\/bayobay.co.uk\/ebay\/zdjecia-aukcyjne\/rafpol\/largo\/zdjecia%20podwojne\/dimensions.png\" \/><\/strong><\/span><\/p>\n<p><span style=\"color: #282828;\"><a style=\"color: #282828;\" href=\"http:\/\/forbabyboss.com\/wp-content\/uploads\/2022\/09\/checkout.png\"><img loading=\"lazy\" decoding=\"async\" class=\"alignnone wp-image-5965\" src=\"http:\/\/forbabyboss.com\/wp-content\/uploads\/2022\/09\/checkout.png\" alt=\"\" width=\"970\" height=\"357\" srcset=\"https:\/\/forbabyboss.com\/wp-content\/uploads\/2022\/09\/checkout.png 750w, https:\/\/forbabyboss.com\/wp-content\/uploads\/2022\/09\/checkout-600x221.png 600w\" sizes=\"auto, (max-width: 970px) 100vw, 970px\" \/><\/a><\/span><\/p>","protected":false},"excerpt":{"rendered":"<p><a href=\"http:\/\/forbabyboss.com\/wp-content\/uploads\/2022\/09\/Star-Rating-5.png\"><img loading=\"lazy\" decoding=\"async\" class=\"alignnone size-full wp-image-5973 aligncenter\" src=\"http:\/\/forbabyboss.com\/wp-content\/uploads\/2022\/09\/Star-Rating-5.png\" alt=\"\" width=\"275\" height=\"45\" \/><\/a><\/p>\n<p style=\"text-align: center;\"><span style=\"color: #ed1c24; font-size: 120%;\"><b>GARAN\u021aIE DE POTRIVIRE A PRE\u021aULUI<\/b><\/span><\/p>\n<p style=\"text-align: center;\"><span style=\"font-size: 115%;\"><span style=\"font-weight: 400; color: #4f4fa7;\">Livrare gratuit\u0103<\/span><span style=\"font-weight: 400;\"> \u2013 2 \u2013 7 zile<\/span><\/span><\/p>\n<p style=\"text-align: center;\"><strong><span style=\"color: #29606b;\">Cadou gratuit la achizi\u021bii de peste 100 de lire sterline<\/span><\/strong><\/p>","protected":false},"featured_media":5015,"template":"","meta":[],"product_brand":[370],"product_cat":[336,339,156,305,303,130,211,229],"product_tag":[],"class_list":{"0":"post-5077","1":"product","2":"type-product","3":"status-publish","4":"has-post-thumbnail","6":"product_brand-babylux","7":"product_cat-400-to-500","8":"product_cat-700-to-800","9":"product_cat-3-in-1","10":"product_cat-colour","11":"product_cat-pattern","12":"product_cat-prams","13":"product_cat-stroller","14":"product_cat-white","16":"first","17":"instock","18":"sale","19":"shipping-taxable","20":"purchasable","21":"product-type-simple"},"yoast_head":"<!-- This site is optimized with the Yoast SEO plugin v27.6 - https:\/\/yoast.com\/product\/yoast-seo-wordpress\/ -->\n<title>Baby Buggy Pram Car Seat 3 in 1 Travel System Pushchair All In One in White Dots - For Baby Boss<\/title>\n<meta name=\"description\" content=\"Baby Buggy Pram Car Seat 3 in 1 Travel System Pushchair All In One in White Dots\" \/>\n<meta name=\"robots\" content=\"index, follow, max-snippet:-1, max-image-preview:large, max-video-preview:-1\" \/>\n<link rel=\"canonical\" href=\"https:\/\/forbabyboss.com\/ro\/product\/carucior-pentru-bebelusi-landou-scaun-auto-sistem-de-calatorie-3-in-1-all-in-one-cu-puncte-albe\/\" \/>\n<meta property=\"og:locale\" content=\"ro_RO\" \/>\n<meta property=\"og:type\" content=\"article\" \/>\n<meta property=\"og:title\" content=\"Baby Buggy Pram Car Seat 3 in 1 Travel System Pushchair All In One in White Dots - For Baby Boss\" \/>\n<meta property=\"og:description\" content=\"Baby Buggy Pram Car Seat 3 in 1 Travel System Pushchair All In One in White Dots\" \/>\n<meta property=\"og:url\" content=\"https:\/\/forbabyboss.com\/ro\/product\/carucior-pentru-bebelusi-landou-scaun-auto-sistem-de-calatorie-3-in-1-all-in-one-cu-puncte-albe\/\" \/>\n<meta property=\"og:site_name\" content=\"For Baby Boss\" \/>\n<meta property=\"article:modified_time\" content=\"2026-02-21T13:00:40+00:00\" \/>\n<meta property=\"og:image\" content=\"https:\/\/forbabyboss.com\/wp-content\/uploads\/2022\/09\/6-1.jpg\" \/>\n\t<meta property=\"og:image:width\" content=\"933\" \/>\n\t<meta property=\"og:image:height\" content=\"700\" \/>\n\t<meta property=\"og:image:type\" content=\"image\/jpeg\" \/>\n<meta name=\"twitter:card\" content=\"summary_large_image\" \/>\n<meta name=\"twitter:label1\" content=\"Timp estimat pentru citire\" \/>\n\t<meta name=\"twitter:data1\" content=\"2 minute\" \/>\n<script type=\"application\/ld+json\" class=\"yoast-schema-graph\">{\"@context\":\"https:\\\/\\\/schema.org\",\"@graph\":[{\"@type\":\"WebPage\",\"@id\":\"https:\\\/\\\/forbabyboss.com\\\/product\\\/baby-buggy-pram-car-seat-3-in-1-travel-system-pushchair-all-in-one-in-white-dots\\\/\",\"url\":\"https:\\\/\\\/forbabyboss.com\\\/product\\\/baby-buggy-pram-car-seat-3-in-1-travel-system-pushchair-all-in-one-in-white-dots\\\/\",\"name\":\"Baby Buggy Pram Car Seat 3 in 1 Travel System Pushchair All In One in White Dots - For Baby Boss\",\"isPartOf\":{\"@id\":\"https:\\\/\\\/powderblue-seahorse-496884.hostingersite.com\\\/#website\"},\"primaryImageOfPage\":{\"@id\":\"https:\\\/\\\/forbabyboss.com\\\/product\\\/baby-buggy-pram-car-seat-3-in-1-travel-system-pushchair-all-in-one-in-white-dots\\\/#primaryimage\"},\"image\":{\"@id\":\"https:\\\/\\\/forbabyboss.com\\\/product\\\/baby-buggy-pram-car-seat-3-in-1-travel-system-pushchair-all-in-one-in-white-dots\\\/#primaryimage\"},\"thumbnailUrl\":\"https:\\\/\\\/forbabyboss.com\\\/wp-content\\\/uploads\\\/2022\\\/09\\\/6-1.jpg\",\"datePublished\":\"2022-09-11T04:43:05+00:00\",\"dateModified\":\"2026-02-21T13:00:40+00:00\",\"description\":\"Baby Buggy Pram Car Seat 3 in 1 Travel System Pushchair All In One in White Dots\",\"breadcrumb\":{\"@id\":\"https:\\\/\\\/forbabyboss.com\\\/product\\\/baby-buggy-pram-car-seat-3-in-1-travel-system-pushchair-all-in-one-in-white-dots\\\/#breadcrumb\"},\"inLanguage\":\"ro-RO\",\"potentialAction\":[{\"@type\":\"ReadAction\",\"target\":[\"https:\\\/\\\/forbabyboss.com\\\/product\\\/baby-buggy-pram-car-seat-3-in-1-travel-system-pushchair-all-in-one-in-white-dots\\\/\"]}]},{\"@type\":\"ImageObject\",\"inLanguage\":\"ro-RO\",\"@id\":\"https:\\\/\\\/forbabyboss.com\\\/product\\\/baby-buggy-pram-car-seat-3-in-1-travel-system-pushchair-all-in-one-in-white-dots\\\/#primaryimage\",\"url\":\"https:\\\/\\\/forbabyboss.com\\\/wp-content\\\/uploads\\\/2022\\\/09\\\/6-1.jpg\",\"contentUrl\":\"https:\\\/\\\/forbabyboss.com\\\/wp-content\\\/uploads\\\/2022\\\/09\\\/6-1.jpg\",\"width\":933,\"height\":700},{\"@type\":\"BreadcrumbList\",\"@id\":\"https:\\\/\\\/forbabyboss.com\\\/product\\\/baby-buggy-pram-car-seat-3-in-1-travel-system-pushchair-all-in-one-in-white-dots\\\/#breadcrumb\",\"itemListElement\":[{\"@type\":\"ListItem\",\"position\":1,\"name\":\"Home\",\"item\":\"https:\\\/\\\/forbabyboss.com\\\/\"},{\"@type\":\"ListItem\",\"position\":2,\"name\":\"Shop\",\"item\":\"https:\\\/\\\/forbabyboss.com\\\/shop\\\/\"},{\"@type\":\"ListItem\",\"position\":3,\"name\":\"Baby Buggy Pram Car Seat 3 in 1 Travel System Pushchair All In One in White Dots\"}]},{\"@type\":\"WebSite\",\"@id\":\"https:\\\/\\\/powderblue-seahorse-496884.hostingersite.com\\\/#website\",\"url\":\"https:\\\/\\\/powderblue-seahorse-496884.hostingersite.com\\\/\",\"name\":\"For Baby Boss\",\"description\":\"Beautiful gifts and accessories for your baby boss\",\"potentialAction\":[{\"@type\":\"SearchAction\",\"target\":{\"@type\":\"EntryPoint\",\"urlTemplate\":\"https:\\\/\\\/powderblue-seahorse-496884.hostingersite.com\\\/?s={search_term_string}\"},\"query-input\":{\"@type\":\"PropertyValueSpecification\",\"valueRequired\":true,\"valueName\":\"search_term_string\"}}],\"inLanguage\":\"ro-RO\"}]}<\/script>\n<!-- \/ Yoast SEO plugin. -->","yoast_head_json":{"title":"C\u0103rucior auto 3 \u00een 1, sistem de c\u0103l\u0103torie, all-in-one, cu buline albe - pentru Baby Boss","description":"C\u0103rucior auto 3 \u00een 1, sistem de c\u0103l\u0103torie, all-in-one, cu buline albe","robots":{"index":"index","follow":"follow","max-snippet":"max-snippet:-1","max-image-preview":"max-image-preview:large","max-video-preview":"max-video-preview:-1"},"canonical":"https:\/\/forbabyboss.com\/ro\/product\/carucior-pentru-bebelusi-landou-scaun-auto-sistem-de-calatorie-3-in-1-all-in-one-cu-puncte-albe\/","og_locale":"ro_RO","og_type":"article","og_title":"Baby Buggy Pram Car Seat 3 in 1 Travel System Pushchair All In One in White Dots - For Baby Boss","og_description":"Baby Buggy Pram Car Seat 3 in 1 Travel System Pushchair All In One in White Dots","og_url":"https:\/\/forbabyboss.com\/ro\/product\/carucior-pentru-bebelusi-landou-scaun-auto-sistem-de-calatorie-3-in-1-all-in-one-cu-puncte-albe\/","og_site_name":"For Baby Boss","article_modified_time":"2026-02-21T13:00:40+00:00","og_image":[{"width":933,"height":700,"url":"https:\/\/forbabyboss.com\/wp-content\/uploads\/2022\/09\/6-1.jpg","type":"image\/jpeg"}],"twitter_card":"summary_large_image","twitter_misc":{"Timp estimat pentru citire":"2 minute"},"schema":{"@context":"https:\/\/schema.org","@graph":[{"@type":"WebPage","@id":"https:\/\/forbabyboss.com\/product\/baby-buggy-pram-car-seat-3-in-1-travel-system-pushchair-all-in-one-in-white-dots\/","url":"https:\/\/forbabyboss.com\/product\/baby-buggy-pram-car-seat-3-in-1-travel-system-pushchair-all-in-one-in-white-dots\/","name":"C\u0103rucior auto 3 \u00een 1, sistem de c\u0103l\u0103torie, all-in-one, cu buline albe - pentru Baby Boss","isPartOf":{"@id":"https:\/\/powderblue-seahorse-496884.hostingersite.com\/#website"},"primaryImageOfPage":{"@id":"https:\/\/forbabyboss.com\/product\/baby-buggy-pram-car-seat-3-in-1-travel-system-pushchair-all-in-one-in-white-dots\/#primaryimage"},"image":{"@id":"https:\/\/forbabyboss.com\/product\/baby-buggy-pram-car-seat-3-in-1-travel-system-pushchair-all-in-one-in-white-dots\/#primaryimage"},"thumbnailUrl":"https:\/\/forbabyboss.com\/wp-content\/uploads\/2022\/09\/6-1.jpg","datePublished":"2022-09-11T04:43:05+00:00","dateModified":"2026-02-21T13:00:40+00:00","description":"C\u0103rucior auto 3 \u00een 1, sistem de c\u0103l\u0103torie, all-in-one, cu buline albe","breadcrumb":{"@id":"https:\/\/forbabyboss.com\/product\/baby-buggy-pram-car-seat-3-in-1-travel-system-pushchair-all-in-one-in-white-dots\/#breadcrumb"},"inLanguage":"ro-RO","potentialAction":[{"@type":"ReadAction","target":["https:\/\/forbabyboss.com\/product\/baby-buggy-pram-car-seat-3-in-1-travel-system-pushchair-all-in-one-in-white-dots\/"]}]},{"@type":"ImageObject","inLanguage":"ro-RO","@id":"https:\/\/forbabyboss.com\/product\/baby-buggy-pram-car-seat-3-in-1-travel-system-pushchair-all-in-one-in-white-dots\/#primaryimage","url":"https:\/\/forbabyboss.com\/wp-content\/uploads\/2022\/09\/6-1.jpg","contentUrl":"https:\/\/forbabyboss.com\/wp-content\/uploads\/2022\/09\/6-1.jpg","width":933,"height":700},{"@type":"BreadcrumbList","@id":"https:\/\/forbabyboss.com\/product\/baby-buggy-pram-car-seat-3-in-1-travel-system-pushchair-all-in-one-in-white-dots\/#breadcrumb","itemListElement":[{"@type":"ListItem","position":1,"name":"Home","item":"https:\/\/forbabyboss.com\/"},{"@type":"ListItem","position":2,"name":"Shop","item":"https:\/\/forbabyboss.com\/shop\/"},{"@type":"ListItem","position":3,"name":"Baby Buggy Pram Car Seat 3 in 1 Travel System Pushchair All In One in White Dots"}]},{"@type":"WebSite","@id":"https:\/\/powderblue-seahorse-496884.hostingersite.com\/#website","url":"https:\/\/powderblue-seahorse-496884.hostingersite.com\/","name":"Pentru Baby Boss","description":"Cadouri frumoase \u0219i accesorii pentru \u0219eful copilului dvs.","potentialAction":[{"@type":"SearchAction","target":{"@type":"EntryPoint","urlTemplate":"https:\/\/powderblue-seahorse-496884.hostingersite.com\/?s={search_term_string}"},"query-input":{"@type":"PropertyValueSpecification","valueRequired":true,"valueName":"search_term_string"}}],"inLanguage":"ro-RO"}]}},"_links":{"self":[{"href":"https:\/\/forbabyboss.com\/ro\/wp-json\/wp\/v2\/product\/5077","targetHints":{"allow":["GET"]}}],"collection":[{"href":"https:\/\/forbabyboss.com\/ro\/wp-json\/wp\/v2\/product"}],"about":[{"href":"https:\/\/forbabyboss.com\/ro\/wp-json\/wp\/v2\/types\/product"}],"wp:featuredmedia":[{"embeddable":true,"href":"https:\/\/forbabyboss.com\/ro\/wp-json\/wp\/v2\/media\/5015"}],"wp:attachment":[{"href":"https:\/\/forbabyboss.com\/ro\/wp-json\/wp\/v2\/media?parent=5077"}],"wp:term":[{"taxonomy":"product_brand","embeddable":true,"href":"https:\/\/forbabyboss.com\/ro\/wp-json\/wp\/v2\/product_brand?post=5077"},{"taxonomy":"product_cat","embeddable":true,"href":"https:\/\/forbabyboss.com\/ro\/wp-json\/wp\/v2\/product_cat?post=5077"},{"taxonomy":"product_tag","embeddable":true,"href":"https:\/\/forbabyboss.com\/ro\/wp-json\/wp\/v2\/product_tag?post=5077"}],"curies":[{"name":"wp","href":"https:\/\/api.w.org\/{rel}","templated":true}]}}