{"id":5121,"date":"2022-09-11T11:48:10","date_gmt":"2022-09-11T11:48:10","guid":{"rendered":"http:\/\/forbabyboss.com\/?post_type=product&#038;p=5121"},"modified":"2026-02-21T12:49:55","modified_gmt":"2026-02-21T12:49:55","slug":"black-grey-baby-pram-travel-system-3-in-1-pushchair-car-seat-toddler","status":"publish","type":"product","link":"https:\/\/forbabyboss.com\/ro\/product\/black-grey-baby-pram-travel-system-3-in-1-pushchair-car-seat-toddler\/","title":{"rendered":"Sistem de c\u0103l\u0103torie pentru c\u0103rucior pentru bebelu\u0219i, negru \u0219i gri, 3 \u00een 1, scaun auto pentru copii mici"},"content":{"rendered":"<p style=\"text-align: justify;\"><span style=\"color: #282828;\">Am conceput c\u0103ruciorul pentru a sprijini p\u0103rin\u021bii \u0219i copiii de la na\u0219tere p\u00e2n\u0103 la 3 ani. Este bine adaptat nevoilor copilului dumneavoastr\u0103 \u00een cre\u0219tere - \u00eencepe\u021bi cu un landou cu cadrul c\u0103ruciorului. C\u00e2nd decide\u021bi c\u0103 micu\u021bul este suficient de mare \u0219i gata s\u0103 stea jos \u00een timpul plimb\u0103rilor, monta\u021bi un scaun confortabil, orientat spre spate sau spre \u00eenainte. V\u0103 pute\u021bi dori ceva mai mult?<\/span><\/p>\n<p style=\"text-align: justify;\"><span style=\"color: #e14d43;\"><strong>Caracteristici:<\/strong><\/span><\/p>\n<p style=\"text-align: justify;\"><span style=\"color: #282828;\">-mod orientat spre \u00eenainte \u0219i spre spate<br \/>\n-scaun auto ata\u0219abil pe \u0219asiu<br \/>\n- fereastr\u0103 de ventila\u021bie \u00een spatele hotei<br \/>\n-gondola are o c\u0103ptu\u0219eal\u0103 moale care poate fi \u00eendep\u0103rtat\u0103 pentru sp\u0103lare<br \/>\n-cap\u0103tul gondolei poate fi ridicat pentru a crea un captator de v\u00e2nt<br \/>\n- glug\u0103 extins\u0103, deta\u0219abil\u0103<br \/>\n-ham de siguran\u021b\u0103 cu 5 puncte<br \/>\n-suport pentru picioare laminat<br \/>\n-m\u00e2ner reglabil pe mai multe niveluri<br \/>\n-suspensie reglabil\u0103<br \/>\n-cadru robust<br \/>\n-picioare \u0219i sp\u0103tar reglabile<br \/>\n-fr\u00e2n\u0103 central\u0103 EASY STOP<br \/>\n- co\u0219 mare de cump\u0103r\u0103turi<br \/>\nPotrivit pentru c\u0103rucior 0-3 ani<br \/>\nScaun auto p\u00e2n\u0103 la 10 kg<\/span><\/p>\n<p style=\"text-align: justify;\"><span style=\"color: #e14d43;\"><strong>Caracteristici ale scaunului auto:<\/strong><\/span><\/p>\n<p style=\"text-align: justify;\"><span style=\"color: #282828;\">-inser\u021bie suplimentar\u0103 pentru sugari<br \/>\n-m\u00e2ner reglabil<br \/>\n- hus\u0103 pentru picioare<br \/>\n- glug\u0103 deta\u0219abil\u0103<br \/>\n-centuri de siguran\u021b\u0103 \u00een trei puncte<\/span><\/p>\n<p style=\"text-align: justify;\"><span style=\"color: #e14d43;\"><strong>Setul con\u021bine:<\/strong><\/span><\/p>\n<p><span style=\"color: #282828;\">-cadru cu m\u00e2ner din piele ecologic\u0103<br \/>\n-gondol\u0103 cu sp\u0103tar reglabil<br \/>\n-unitate scaun<br \/>\n-dou\u0103 huse pentru picioare (pentru c\u0103rucior \u0219i gondol\u0103)<br \/>\n-scaun auto multifunc\u021bional cu adaptoare<br \/>\n- hus\u0103 de ploaie<br \/>\n-plas\u0103 de \u021b\u00e2n\u021bari<br \/>\n-geant\u0103 \u0219i saltea de schimbat<br \/>\n-ro\u021bi moi, cu gel, anti-pan\u0103 (pentru toate tipurile de teren)<br \/>\n-m\u00e2ner de sticl\u0103<br \/>\n-buzunare mari \u00een spatele gen\u021bii \u0219i dou\u0103 mici pe laterale<\/span><\/p>\n<p style=\"text-align: justify;\"><span style=\"color: #282828;\">Cadru pliat cu ro\u021bi (lungime x l\u0103\u021bime x \u00een\u0103l\u021bime): 85x60x40cm<br \/>\nC\u0103rucior asamblat (\u00een\u0103l\u021bime x l\u0103\u021bime x lungime): 115x60x95cm<br \/>\nInterior gondol\u0103 (l\u0103\u021bime x lungime x \u00een\u0103l\u021bime): 36x80x20cm<br \/>\nInterior c\u0103rucior (l\u0103\u021bime x lungime sp\u0103tar x lungime \u0219ezut x lungime suport pentru picioare): 34x48x26x23cm<br \/>\nCadru cu ro\u021bi: 10 kg<br \/>\nC\u0103rucior: 15 kg<br \/>\nC\u0103rucior ad\u00e2nc: 16 kg<br \/>\nInterval de reglare a m\u00e2nerului: 70 cm p\u00e2n\u0103 la 115 cm<br \/>\nC\u0103rucior: EN 1888:2019 Aprobat pentru siguran\u021b\u0103<br \/>\nScaun auto aprobat conform normei de siguran\u021b\u0103 ECE 44-04<br \/>\nGaran\u021bie de 12 luni<\/span><\/p>\n<p style=\"text-align: justify;\"><span style=\"color: #282828;\">C\u0103ruciorul nostru pentru bebelu\u0219i include \u0219asiu, landou, scaun sport, geant\u0103 pentru scutece, saltea de \u00eenf\u0103\u0219at, suport pentru pahare, capot\u0103, cotiere, huse pentru scaun, co\u0219 de cump\u0103r\u0103turi, suporturi pentru pahare, hus\u0103 de ploaie, plas\u0103 de \u021b\u00e2n\u021bari, bar\u0103 de siguran\u021b\u0103 \u0219i o saltea respirabil\u0103 \u0219i hipoalergenic\u0103. De la 6 luni \u00eel pute\u021bi folosi ca \u0219i c\u0103rucior. C\u0103ruciorul are un scaun reversibil care poate fi folosit \u00een ambele sensuri de deplasare. Capota extensibil\u0103 are un sistem care respinge lichidele.<\/span><br \/>\n<span style=\"color: #282828;\">Acest c\u0103rucior este perfect pentru cei care caut\u0103 frumuse\u021be \u0219i un prim c\u0103rucior excep\u021bional pentru cei mici. Largo este o colec\u021bie de c\u0103rucioare func\u021bionale, sigure \u0219i colorate.<\/span><br \/>\n<span style=\"color: #282828;\">Pentru o senza\u021bie suplimentar\u0103 de lux, m\u00e2nerul este acoperit cu piele ecologic\u0103, foarte moale la atingere. Un alt avantaj al acestui c\u0103rucior este cadrul confortabil, bine suspendat, extrem de u\u0219or de utilizat.<\/span><\/p>\n<p style=\"text-align: justify;\"><span style=\"color: #282828;\">Sistemul u\u0219or de asamblat va fi apreciat de fiecare mam\u0103 \u0219i tat\u0103. Tapi\u021beria c\u0103ruciorului este fabricat\u0103 din \u021bes\u0103turi impregnate de cea mai \u00eenalt\u0103 calitate, prietenoase cu copiii.<\/span><br \/>\n<span style=\"color: #282828;\">Interiorul gondolei este umplut cu material hipoalergenic din bumbac. Tapi\u021beria poate fi deta\u0219at\u0103 pentru sp\u0103lare. \u00cen plus, are o vizier\u0103 parasolar\u0103 cu protec\u021bie UVA 30+.<\/span><br \/>\n<span style=\"color: #282828;\">Am conceput c\u0103ruciorul pentru a sprijini p\u0103rin\u021bii \u0219i copiii de la na\u0219tere p\u00e2n\u0103 la 3 ani. Este bine adaptat nevoilor copilului dumneavoastr\u0103 \u00een cre\u0219tere - \u00eencepe\u021bi cu un landou cu cadrul c\u0103ruciorului.<\/span><br \/>\n<span style=\"color: #282828;\">C\u00e2nd decide\u021bi c\u0103 micu\u021bul este suficient de mare \u0219i gata s\u0103 stea jos \u00een timpul plimb\u0103rilor, monta\u021bi un scaun confortabil, orientat cu spatele la direc\u021bia de mers sau cu fa\u021ba la sens.<\/span><br \/>\n<span style=\"color: #282828;\">Po\u021bi s\u0103 vrei ceva mai mult?<\/span><\/p>\n<p style=\"text-align: justify;\"><span style=\"color: #282828;\"><strong><img decoding=\"async\" src=\"https:\/\/bayobay.co.uk\/ebay\/zdjecia-aukcyjne\/rafpol\/largo\/zdjecia%20podwojne\/gif1.gif\" \/><\/strong><\/span><\/p>\n<p style=\"text-align: justify;\"><span style=\"color: #282828;\"><strong><img decoding=\"async\" src=\"https:\/\/bayobay.co.uk\/\/ebay\/zdjecia-aukcyjne\/rafpol\/largo\/zdjecia%20podwojne\/gif2.gif\" \/><\/strong><\/span><\/p>\n<p style=\"text-align: justify;\"><span style=\"color: #282828;\"><strong><img decoding=\"async\" src=\"https:\/\/bayobay.co.uk\/ebay\/zdjecia-aukcyjne\/rafpol\/largo\/zdjecia%20podwojne\/1.png\" \/><\/strong><\/span><\/p>\n<p style=\"text-align: justify;\"><span style=\"color: #282828;\"><strong>C\u0103rucioarele noastre pentru bebelu\u0219i includ toate tehnologiile inovatoare.<br \/>\nLandoul, scaunul sport \u0219i scaunul auto pot fi ata\u0219ate cu fa\u021ba spre direc\u021bia de mers \u0219i spre direc\u021bia de mers. Suspensia este elementul responsabil pentru deplasarea f\u0103r\u0103 \u0219ocuri. Aceasta va oferi bebelu\u0219ului t\u0103u un somn lini\u0219tit.<br \/>\nSistemul Shock Stop utilizat \u00een c\u0103rucioarele noastre reduce vibra\u021biile nepl\u0103cute. Acesta este alc\u0103tuit din dou\u0103 elemente: suspensie la ro\u021bile din spate \u0219i suspensie lateral\u0103 suplimentar\u0103. C\u0103ruciorul este gata de utilizare practic imediat ce este despachetat (pur \u0219i simplu desface\u021bi cadrul, monta\u021bi ro\u021bile \u0219i ata\u0219a\u021bi landoul) - nu este nevoie s\u0103 \u00een\u0219uruba\u021bi niciun \u0219urub.<\/strong><\/span><\/p>\n<p style=\"text-align: justify;\"><span style=\"color: #282828;\"><strong><img decoding=\"async\" src=\"https:\/\/bayobay.co.uk\/ebay\/zdjecia-aukcyjne\/rafpol\/largo\/zdjecia%20podwojne\/2.png\" \/><\/strong><\/span><\/p>\n<p style=\"text-align: justify;\"><span style=\"color: #282828;\"><strong>C\u0103ruciorul este echipat cu un co\u0219 mare de cump\u0103r\u0103turi, m\u00e2ner reglabil din piele ecologic\u0103, parasolar.<br \/>\nFr\u00e2na central\u0103 este u\u0219or de utilizat - poate fi ac\u021bionat\u0103 sau dezactivat\u0103 cu o singur\u0103 mi\u0219care.<\/strong><\/span><\/p>\n<p style=\"text-align: justify;\"><span style=\"color: #282828;\"><strong><img decoding=\"async\" src=\"https:\/\/bayobay.co.uk\/ebay\/zdjecia-aukcyjne\/rafpol\/largo\/zdjecia%20podwojne\/3.png\" \/><\/strong><\/span><\/p>\n<p style=\"text-align: justify;\"><span style=\"color: #282828;\"><strong>Scaunul auto are o capot\u0103 \u0219i o hus\u0103 pentru picioare deta\u0219abile \u0219i poate fi folosit ca leag\u0103n.<\/strong><\/span><\/p>\n<p style=\"text-align: justify;\"><span style=\"color: #282828;\"><strong><img decoding=\"async\" src=\"https:\/\/bayobay.co.uk\/ebay\/zdjecia-aukcyjne\/rafpol\/largo\/zdjecia%20podwojne\/4.png\" \/><\/strong><\/span><\/p>\n<p style=\"text-align: justify;\"><span style=\"color: #282828;\"><strong>Copertin\u0103 pliabil\u0103 \u0219i ventilat\u0103 a landoului.<br \/>\nO geant\u0103 \u00eenc\u0103p\u0103toare, cu fermoar \u2013 o po\u021bi ata\u0219a la cadrul c\u0103ruciorului sau o po\u021bi lua cu tine.<\/strong><\/span><\/p>\n<p style=\"text-align: justify;\"><span style=\"color: #282828;\"><strong><img decoding=\"async\" src=\"https:\/\/bayobay.co.uk\/ebay\/zdjecia-aukcyjne\/rafpol\/largo\/zdjecia%20podwojne\/5.png\" \/><\/strong><\/span><\/p>\n<p style=\"text-align: justify;\"><span style=\"color: #282828;\"><strong>Suport pentru picioare durabil \u0219i u\u0219or de cur\u0103\u021bat.<br \/>\nSp\u0103tar reglabil.<br \/>\nCopertin\u0103 deta\u0219abil\u0103 a scaunului sport.<\/strong><\/span><\/p>\n<p style=\"text-align: justify;\"><span style=\"color: #282828;\"><strong><img decoding=\"async\" src=\"https:\/\/bayobay.co.uk\/ebay\/zdjecia-aukcyjne\/rafpol\/largo\/zdjecia%20podwojne\/6.png\" \/><\/strong><\/span><\/p>\n<p style=\"text-align: justify;\"><span style=\"color: #282828;\"><strong>Scaunul sport poate fi ata\u0219at cu fa\u021ba spre spate \u0219i spre \u00eenainte. Bebelu\u0219ul poate sta cu fa\u021ba spre tine (astfel \u00eenc\u00e2t s\u0103 po\u021bi vorbi cu el \u0219i s\u0103-l supraveghezi) sau poate sta cu spatele la tine \u0219i s\u0103 priveasc\u0103 \u00eemprejurimile din fa\u021b\u0103 (pe m\u0103sur\u0103 ce cre\u0219te \u0219i devine mai interesat de lumea din jurul s\u0103u).<br \/>\nCopertina are o fereastr\u0103 de ventila\u021bie.<br \/>\nPrin ventilarea corespunz\u0103toare a c\u0103ruciorului, v\u0103 proteja\u021bi copilul de supra\u00eenc\u0103lzire pe vreme cald\u0103 \u0219i asigura\u021bi o ventila\u021bie adecvat\u0103 \u0219i aer proasp\u0103t.<\/strong><\/span><\/p>\n<p style=\"text-align: justify;\"><span style=\"color: #282828;\"><strong><img decoding=\"async\" src=\"https:\/\/bayobay.co.uk\/ebay\/zdjecia-aukcyjne\/rafpol\/largo\/zdjecia%20podwojne\/7.png\" \/><\/strong><\/span><\/p>\n<p style=\"text-align: justify;\"><span style=\"color: #282828;\"><strong>Un \u0219or\u021b suplimentar \u00eei \u021bine bebelu\u0219ului de cald \u00een zilele mai reci.<br \/>\nC\u0103ruciorul are ro\u021bi din gel moale, rezistente la perforare, astfel \u00eenc\u00e2t s\u0103 \u00eel po\u021bi folosi pe orice teren.<br \/>\nRo\u021bile pivotante blocabile din fa\u021b\u0103 permit luarea foarte u\u0219oar\u0103 a curbelor.<\/strong><\/span><\/p>\n<p style=\"text-align: justify;\"><span style=\"color: #282828;\"><strong><img decoding=\"async\" src=\"https:\/\/bayobay.co.uk\/ebay\/zdjecia-aukcyjne\/rafpol\/largo\/zdjecia%20podwojne\/8.png\" \/><\/strong><\/span><\/p>\n<p style=\"text-align: justify;\"><span style=\"color: #282828;\"><strong>Hus\u0103 de ploaie \u0219i hus\u0103 \u00eempotriva insectelor.<\/strong><\/span><\/p>\n<p style=\"text-align: justify;\"><span style=\"color: #282828;\"><strong><img decoding=\"async\" src=\"https:\/\/bayobay.co.uk\/ebay\/zdjecia-aukcyjne\/rafpol\/largo\/zdjecia%20podwojne\/9.png\" \/><\/strong><\/span><\/p>\n<p style=\"text-align: justify;\"><span style=\"color: #282828;\"><strong>Landoul are o saltea lavabil\u0103 moale \u0219i confortabil\u0103 \u0219i sp\u0103tar reglabil \u00een patru trepte.<\/strong><\/span><\/p>\n<p style=\"text-align: justify;\"><span style=\"color: #282828;\"><strong><img decoding=\"async\" src=\"https:\/\/bayobay.co.uk\/ebay\/zdjecia-aukcyjne\/rafpol\/largo\/zdjecia%20podwojne\/10.png\" \/><\/strong><\/span><\/p>\n<p style=\"text-align: justify;\"><span style=\"color: #282828;\"><strong>Sac de scutece, saltea de \u00eenf\u0103\u0219at, adaptoare pentru scaun auto, suport pentru pahar, hus\u0103 de ploaie \u0219i insecte.<\/strong><\/span><\/p>\n<p style=\"text-align: justify;\"><span style=\"color: #282828;\"><strong><img decoding=\"async\" src=\"https:\/\/bayobay.co.uk\/ebay\/zdjecia-aukcyjne\/rafpol\/largo\/zdjecia%20podwojne\/11.jpg\" \/><\/strong><\/span><\/p>\n<p style=\"text-align: justify;\"><span style=\"color: #282828;\"><strong><img decoding=\"async\" src=\"https:\/\/bayobay.co.uk\/ebay\/zdjecia-aukcyjne\/rafpol\/largo\/zdjecia%20podwojne\/12.png\" \/><\/strong><\/span><\/p>\n<p style=\"text-align: justify;\"><span style=\"color: #282828;\"><strong><img decoding=\"async\" src=\"https:\/\/bayobay.co.uk\/ebay\/zdjecia-aukcyjne\/rafpol\/largo\/zdjecia%20podwojne\/dimensions.png\" \/><\/strong><\/span><\/p>\n<p><span style=\"color: #282828;\"><a style=\"color: #282828;\" href=\"http:\/\/forbabyboss.com\/wp-content\/uploads\/2022\/09\/Easy-Fold.png\"><img loading=\"lazy\" decoding=\"async\" class=\"alignnone size-full wp-image-4925\" src=\"http:\/\/forbabyboss.com\/wp-content\/uploads\/2022\/09\/Easy-Fold.png\" alt=\"\" width=\"1141\" height=\"409\" srcset=\"https:\/\/forbabyboss.com\/wp-content\/uploads\/2022\/09\/Easy-Fold.png 1141w, https:\/\/forbabyboss.com\/wp-content\/uploads\/2022\/09\/Easy-Fold-800x287.png 800w, https:\/\/forbabyboss.com\/wp-content\/uploads\/2022\/09\/Easy-Fold-768x275.png 768w, https:\/\/forbabyboss.com\/wp-content\/uploads\/2022\/09\/Easy-Fold-600x215.png 600w\" sizes=\"auto, (max-width: 1141px) 100vw, 1141px\" \/><\/a><\/span><\/p>\n<p>&nbsp;<\/p>\n<p>&nbsp;<\/p>\n<p><a href=\"http:\/\/forbabyboss.com\/wp-content\/uploads\/2022\/09\/checkout.png\"><img loading=\"lazy\" decoding=\"async\" class=\"alignnone wp-image-5965\" src=\"http:\/\/forbabyboss.com\/wp-content\/uploads\/2022\/09\/checkout.png\" alt=\"\" width=\"989\" height=\"364\" srcset=\"https:\/\/forbabyboss.com\/wp-content\/uploads\/2022\/09\/checkout.png 750w, https:\/\/forbabyboss.com\/wp-content\/uploads\/2022\/09\/checkout-600x221.png 600w\" sizes=\"auto, (max-width: 989px) 100vw, 989px\" \/><\/a><\/p>\n<p style=\"text-align: justify;\">","protected":false},"excerpt":{"rendered":"<p><a href=\"http:\/\/forbabyboss.com\/wp-content\/uploads\/2022\/09\/Star-Rating-5.png\"><img loading=\"lazy\" decoding=\"async\" class=\"alignnone size-full wp-image-5973 aligncenter\" src=\"http:\/\/forbabyboss.com\/wp-content\/uploads\/2022\/09\/Star-Rating-5.png\" alt=\"\" width=\"275\" height=\"45\" \/><\/a><\/p>\n<p style=\"text-align: center;\"><span style=\"color: #ed1c24; font-size: 120%;\"><b>GARAN\u021aIE DE POTRIVIRE A PRE\u021aULUI<\/b><\/span><\/p>\n<p style=\"text-align: center;\"><span style=\"font-size: 115%;\"><span style=\"font-weight: 400; color: #4f4fa7;\">Livrare gratuit\u0103<\/span><span style=\"font-weight: 400;\"> \u2013 2 \u2013 7 zile<\/span><\/span><\/p>\n<p style=\"text-align: center;\"><strong><span style=\"color: #29606b;\">Cadou gratuit la achizi\u021bii de peste 100 de lire sterline<\/span><\/strong><\/p>","protected":false},"featured_media":5123,"template":"","meta":[],"product_brand":[370],"product_cat":[336,339,156,305,210,130,211],"product_tag":[202,199],"class_list":{"0":"post-5121","1":"product","2":"type-product","3":"status-publish","4":"has-post-thumbnail","6":"product_brand-babylux","7":"product_cat-400-to-500","8":"product_cat-700-to-800","9":"product_cat-3-in-1","10":"product_cat-colour","11":"product_cat-grey","12":"product_cat-prams","13":"product_cat-stroller","14":"product_tag-3-in-1-pram","15":"product_tag-prams","17":"first","18":"instock","19":"sale","20":"shipping-taxable","21":"purchasable","22":"product-type-simple"},"yoast_head":"<!-- This site is optimized with the Yoast SEO plugin v27.5 - https:\/\/yoast.com\/product\/yoast-seo-wordpress\/ -->\n<title>Black Grey Baby Pram Travel System 3 in 1 Pushchair Car Seat Toddler - For Baby Boss<\/title>\n<meta name=\"description\" content=\"Black Grey Baby Pram Travel System 3 in 1 Pushchair Car Seat Toddler\" \/>\n<meta name=\"robots\" content=\"index, follow, max-snippet:-1, max-image-preview:large, max-video-preview:-1\" \/>\n<link rel=\"canonical\" href=\"https:\/\/forbabyboss.com\/ro\/product\/black-grey-baby-pram-travel-system-3-in-1-pushchair-car-seat-toddler\/\" \/>\n<meta property=\"og:locale\" content=\"ro_RO\" \/>\n<meta property=\"og:type\" content=\"article\" \/>\n<meta property=\"og:title\" content=\"Black Grey Baby Pram Travel System 3 in 1 Pushchair Car Seat Toddler - For Baby Boss\" \/>\n<meta property=\"og:description\" content=\"Black Grey Baby Pram Travel System 3 in 1 Pushchair Car Seat Toddler\" \/>\n<meta property=\"og:url\" content=\"https:\/\/forbabyboss.com\/ro\/product\/black-grey-baby-pram-travel-system-3-in-1-pushchair-car-seat-toddler\/\" \/>\n<meta property=\"og:site_name\" content=\"For Baby Boss\" \/>\n<meta property=\"article:modified_time\" content=\"2026-02-21T12:49:55+00:00\" \/>\n<meta property=\"og:image\" content=\"https:\/\/forbabyboss.com\/wp-content\/uploads\/2022\/09\/Baby-Pram-Travel-System-3-in-1-Buggy-Pushchair-Car-Seat-Toddler-Bassinet-FREEBIE-Black-Grey_main.png\" \/>\n\t<meta property=\"og:image:width\" content=\"1600\" \/>\n\t<meta property=\"og:image:height\" content=\"1600\" \/>\n\t<meta property=\"og:image:type\" content=\"image\/png\" \/>\n<meta name=\"twitter:card\" content=\"summary_large_image\" \/>\n<meta name=\"twitter:label1\" content=\"Timp estimat pentru citire\" \/>\n\t<meta name=\"twitter:data1\" content=\"8 minute\" \/>\n<script type=\"application\/ld+json\" class=\"yoast-schema-graph\">{\"@context\":\"https:\\\/\\\/schema.org\",\"@graph\":[{\"@type\":\"WebPage\",\"@id\":\"https:\\\/\\\/forbabyboss.com\\\/product\\\/black-grey-baby-pram-travel-system-3-in-1-pushchair-car-seat-toddler\\\/\",\"url\":\"https:\\\/\\\/forbabyboss.com\\\/product\\\/black-grey-baby-pram-travel-system-3-in-1-pushchair-car-seat-toddler\\\/\",\"name\":\"Black Grey Baby Pram Travel System 3 in 1 Pushchair Car Seat Toddler - For Baby Boss\",\"isPartOf\":{\"@id\":\"https:\\\/\\\/powderblue-seahorse-496884.hostingersite.com\\\/#website\"},\"primaryImageOfPage\":{\"@id\":\"https:\\\/\\\/forbabyboss.com\\\/product\\\/black-grey-baby-pram-travel-system-3-in-1-pushchair-car-seat-toddler\\\/#primaryimage\"},\"image\":{\"@id\":\"https:\\\/\\\/forbabyboss.com\\\/product\\\/black-grey-baby-pram-travel-system-3-in-1-pushchair-car-seat-toddler\\\/#primaryimage\"},\"thumbnailUrl\":\"https:\\\/\\\/forbabyboss.com\\\/wp-content\\\/uploads\\\/2022\\\/09\\\/Baby-Pram-Travel-System-3-in-1-Buggy-Pushchair-Car-Seat-Toddler-Bassinet-FREEBIE-Black-Grey_main.png\",\"datePublished\":\"2022-09-11T11:48:10+00:00\",\"dateModified\":\"2026-02-21T12:49:55+00:00\",\"description\":\"Black Grey Baby Pram Travel System 3 in 1 Pushchair Car Seat Toddler\",\"breadcrumb\":{\"@id\":\"https:\\\/\\\/forbabyboss.com\\\/product\\\/black-grey-baby-pram-travel-system-3-in-1-pushchair-car-seat-toddler\\\/#breadcrumb\"},\"inLanguage\":\"ro-RO\",\"potentialAction\":[{\"@type\":\"ReadAction\",\"target\":[\"https:\\\/\\\/forbabyboss.com\\\/product\\\/black-grey-baby-pram-travel-system-3-in-1-pushchair-car-seat-toddler\\\/\"]}]},{\"@type\":\"ImageObject\",\"inLanguage\":\"ro-RO\",\"@id\":\"https:\\\/\\\/forbabyboss.com\\\/product\\\/black-grey-baby-pram-travel-system-3-in-1-pushchair-car-seat-toddler\\\/#primaryimage\",\"url\":\"https:\\\/\\\/forbabyboss.com\\\/wp-content\\\/uploads\\\/2022\\\/09\\\/Baby-Pram-Travel-System-3-in-1-Buggy-Pushchair-Car-Seat-Toddler-Bassinet-FREEBIE-Black-Grey_main.png\",\"contentUrl\":\"https:\\\/\\\/forbabyboss.com\\\/wp-content\\\/uploads\\\/2022\\\/09\\\/Baby-Pram-Travel-System-3-in-1-Buggy-Pushchair-Car-Seat-Toddler-Bassinet-FREEBIE-Black-Grey_main.png\",\"width\":1600,\"height\":1600},{\"@type\":\"BreadcrumbList\",\"@id\":\"https:\\\/\\\/forbabyboss.com\\\/product\\\/black-grey-baby-pram-travel-system-3-in-1-pushchair-car-seat-toddler\\\/#breadcrumb\",\"itemListElement\":[{\"@type\":\"ListItem\",\"position\":1,\"name\":\"Home\",\"item\":\"https:\\\/\\\/forbabyboss.com\\\/\"},{\"@type\":\"ListItem\",\"position\":2,\"name\":\"Shop\",\"item\":\"https:\\\/\\\/forbabyboss.com\\\/shop\\\/\"},{\"@type\":\"ListItem\",\"position\":3,\"name\":\"Black Grey Baby Pram Travel System 3 in 1 Pushchair Car Seat Toddler\"}]},{\"@type\":\"WebSite\",\"@id\":\"https:\\\/\\\/powderblue-seahorse-496884.hostingersite.com\\\/#website\",\"url\":\"https:\\\/\\\/powderblue-seahorse-496884.hostingersite.com\\\/\",\"name\":\"For Baby Boss\",\"description\":\"Beautiful gifts and accessories for your baby boss\",\"potentialAction\":[{\"@type\":\"SearchAction\",\"target\":{\"@type\":\"EntryPoint\",\"urlTemplate\":\"https:\\\/\\\/powderblue-seahorse-496884.hostingersite.com\\\/?s={search_term_string}\"},\"query-input\":{\"@type\":\"PropertyValueSpecification\",\"valueRequired\":true,\"valueName\":\"search_term_string\"}}],\"inLanguage\":\"ro-RO\"}]}<\/script>\n<!-- \/ Yoast SEO plugin. -->","yoast_head_json":{"title":"Black Grey Baby Pram Travel System 3 in 1 Pushchair Car Seat Toddler - For Baby Boss","description":"Black Grey Baby Pram Travel System 3 in 1 Pushchair Car Seat Toddler","robots":{"index":"index","follow":"follow","max-snippet":"max-snippet:-1","max-image-preview":"max-image-preview:large","max-video-preview":"max-video-preview:-1"},"canonical":"https:\/\/forbabyboss.com\/ro\/product\/black-grey-baby-pram-travel-system-3-in-1-pushchair-car-seat-toddler\/","og_locale":"ro_RO","og_type":"article","og_title":"Black Grey Baby Pram Travel System 3 in 1 Pushchair Car Seat Toddler - For Baby Boss","og_description":"Black Grey Baby Pram Travel System 3 in 1 Pushchair Car Seat Toddler","og_url":"https:\/\/forbabyboss.com\/ro\/product\/black-grey-baby-pram-travel-system-3-in-1-pushchair-car-seat-toddler\/","og_site_name":"For Baby Boss","article_modified_time":"2026-02-21T12:49:55+00:00","og_image":[{"width":1600,"height":1600,"url":"https:\/\/forbabyboss.com\/wp-content\/uploads\/2022\/09\/Baby-Pram-Travel-System-3-in-1-Buggy-Pushchair-Car-Seat-Toddler-Bassinet-FREEBIE-Black-Grey_main.png","type":"image\/png"}],"twitter_card":"summary_large_image","twitter_misc":{"Timp estimat pentru citire":"8 minute"},"schema":{"@context":"https:\/\/schema.org","@graph":[{"@type":"WebPage","@id":"https:\/\/forbabyboss.com\/product\/black-grey-baby-pram-travel-system-3-in-1-pushchair-car-seat-toddler\/","url":"https:\/\/forbabyboss.com\/product\/black-grey-baby-pram-travel-system-3-in-1-pushchair-car-seat-toddler\/","name":"Black Grey Baby Pram Travel System 3 in 1 Pushchair Car Seat Toddler - For Baby Boss","isPartOf":{"@id":"https:\/\/powderblue-seahorse-496884.hostingersite.com\/#website"},"primaryImageOfPage":{"@id":"https:\/\/forbabyboss.com\/product\/black-grey-baby-pram-travel-system-3-in-1-pushchair-car-seat-toddler\/#primaryimage"},"image":{"@id":"https:\/\/forbabyboss.com\/product\/black-grey-baby-pram-travel-system-3-in-1-pushchair-car-seat-toddler\/#primaryimage"},"thumbnailUrl":"https:\/\/forbabyboss.com\/wp-content\/uploads\/2022\/09\/Baby-Pram-Travel-System-3-in-1-Buggy-Pushchair-Car-Seat-Toddler-Bassinet-FREEBIE-Black-Grey_main.png","datePublished":"2022-09-11T11:48:10+00:00","dateModified":"2026-02-21T12:49:55+00:00","description":"Black Grey Baby Pram Travel System 3 in 1 Pushchair Car Seat Toddler","breadcrumb":{"@id":"https:\/\/forbabyboss.com\/product\/black-grey-baby-pram-travel-system-3-in-1-pushchair-car-seat-toddler\/#breadcrumb"},"inLanguage":"ro-RO","potentialAction":[{"@type":"ReadAction","target":["https:\/\/forbabyboss.com\/product\/black-grey-baby-pram-travel-system-3-in-1-pushchair-car-seat-toddler\/"]}]},{"@type":"ImageObject","inLanguage":"ro-RO","@id":"https:\/\/forbabyboss.com\/product\/black-grey-baby-pram-travel-system-3-in-1-pushchair-car-seat-toddler\/#primaryimage","url":"https:\/\/forbabyboss.com\/wp-content\/uploads\/2022\/09\/Baby-Pram-Travel-System-3-in-1-Buggy-Pushchair-Car-Seat-Toddler-Bassinet-FREEBIE-Black-Grey_main.png","contentUrl":"https:\/\/forbabyboss.com\/wp-content\/uploads\/2022\/09\/Baby-Pram-Travel-System-3-in-1-Buggy-Pushchair-Car-Seat-Toddler-Bassinet-FREEBIE-Black-Grey_main.png","width":1600,"height":1600},{"@type":"BreadcrumbList","@id":"https:\/\/forbabyboss.com\/product\/black-grey-baby-pram-travel-system-3-in-1-pushchair-car-seat-toddler\/#breadcrumb","itemListElement":[{"@type":"ListItem","position":1,"name":"Home","item":"https:\/\/forbabyboss.com\/"},{"@type":"ListItem","position":2,"name":"Shop","item":"https:\/\/forbabyboss.com\/shop\/"},{"@type":"ListItem","position":3,"name":"Black Grey Baby Pram Travel System 3 in 1 Pushchair Car Seat Toddler"}]},{"@type":"WebSite","@id":"https:\/\/powderblue-seahorse-496884.hostingersite.com\/#website","url":"https:\/\/powderblue-seahorse-496884.hostingersite.com\/","name":"Pentru Baby Boss","description":"Cadouri frumoase \u0219i accesorii pentru \u0219eful copilului dvs.","potentialAction":[{"@type":"SearchAction","target":{"@type":"EntryPoint","urlTemplate":"https:\/\/powderblue-seahorse-496884.hostingersite.com\/?s={search_term_string}"},"query-input":{"@type":"PropertyValueSpecification","valueRequired":true,"valueName":"search_term_string"}}],"inLanguage":"ro-RO"}]}},"_links":{"self":[{"href":"https:\/\/forbabyboss.com\/ro\/wp-json\/wp\/v2\/product\/5121","targetHints":{"allow":["GET"]}}],"collection":[{"href":"https:\/\/forbabyboss.com\/ro\/wp-json\/wp\/v2\/product"}],"about":[{"href":"https:\/\/forbabyboss.com\/ro\/wp-json\/wp\/v2\/types\/product"}],"wp:featuredmedia":[{"embeddable":true,"href":"https:\/\/forbabyboss.com\/ro\/wp-json\/wp\/v2\/media\/5123"}],"wp:attachment":[{"href":"https:\/\/forbabyboss.com\/ro\/wp-json\/wp\/v2\/media?parent=5121"}],"wp:term":[{"taxonomy":"product_brand","embeddable":true,"href":"https:\/\/forbabyboss.com\/ro\/wp-json\/wp\/v2\/product_brand?post=5121"},{"taxonomy":"product_cat","embeddable":true,"href":"https:\/\/forbabyboss.com\/ro\/wp-json\/wp\/v2\/product_cat?post=5121"},{"taxonomy":"product_tag","embeddable":true,"href":"https:\/\/forbabyboss.com\/ro\/wp-json\/wp\/v2\/product_tag?post=5121"}],"curies":[{"name":"wp","href":"https:\/\/api.w.org\/{rel}","templated":true}]}}