{"id":5209,"date":"2022-09-11T14:08:15","date_gmt":"2022-09-11T14:08:15","guid":{"rendered":"http:\/\/forbabyboss.com\/?post_type=product&#038;p=5209"},"modified":"2026-02-21T12:43:39","modified_gmt":"2026-02-21T12:43:39","slug":"carucior-pliabil-luxos-3-in-1-pentru-nou-nascuti-si-copii-mici-albastru","status":"publish","type":"product","link":"https:\/\/forbabyboss.com\/ro\/product\/3-in-1-luxury-cosy-folding-pushchair-for-newborns-toddlers-in-blue\/","title":{"rendered":"C\u0103rucior pliabil 3 \u00een 1 de lux, confortabil, pentru nou-n\u0103scu\u021bi \u0219i copii mici, albastru"},"content":{"rendered":"<h1><strong><span style=\"font-size: 190%; color: #e14d43;\">C\u0103rucior elegant \u2013 Sistem de c\u0103l\u0103torie compatibil<\/span><\/strong><\/h1>\n<p style=\"text-align: justify;\"><span style=\"color: #282828;\"><strong>Un landou pentru bebelu\u0219i include \u0219asiu, landou, c\u0103rucior, capot\u0103, cotiere, huse de scaun, geant\u0103 \u00eenc\u0103p\u0103toare, co\u0219 de cump\u0103r\u0103turi, suporturi pentru pahare, hus\u0103 de ploaie, plas\u0103 de \u021b\u00e2n\u021bari, bar\u0103 de siguran\u021b\u0103, saltea de \u00eenf\u0103\u0219at, suport pentru pahare \u0219i o saltea respirabil\u0103 \u0219i hipoalergenic\u0103. De la 6 luni \u00eel pute\u021bi folosi ca \u0219i c\u0103rucior. C\u0103ruciorul are un scaun reversibil care poate fi folosit \u00een ambele sensuri de deplasare. Capota extensibil\u0103 are un sistem care respinge lichidele. \u00cen plus, are o parasolar cu protec\u021bie UVA 30+. Am conceput landoul pentru a sprijini p\u0103rin\u021bii \u0219i copiii de la na\u0219tere p\u00e2n\u0103 la 3 ani. Este bine adaptat nevoilor copilului dumneavoastr\u0103 \u00een cre\u0219tere - \u00eencepe\u021bi cu un landou \u00eempreun\u0103 cu cadrul c\u0103ruciorului. C\u00e2nd decide\u021bi c\u0103 copilul este suficient de mare \u0219i gata s\u0103 stea \u00een timpul plimb\u0103rilor, monta\u021bi un scaun confortabil, orientat cu spatele la direc\u021bia de mers sau cu fa\u021ba la mers. V\u0103 pute\u021bi dori ceva mai mult?<\/strong><\/span><\/p>\n<p style=\"text-align: justify;\"><span style=\"color: #282828;\"><strong>C\u0103rucioarele noastre pentru bebelu\u0219i includ toate tehnologiile inovatoare.<\/strong><\/span><br \/>\n<span style=\"color: #282828;\"><strong>Landoul, scaunul sport \u0219i scaunul auto pot fi ata\u0219ate cu fa\u021ba spre direc\u021bia de mers \u0219i spre direc\u021bia de mers. Suspensia este elementul responsabil pentru deplasarea f\u0103r\u0103 \u0219ocuri. Aceasta va oferi bebelu\u0219ului t\u0103u un somn lini\u0219tit.<\/strong><\/span><br \/>\n<span style=\"color: #282828;\"><strong>Sistemul Shock Stop utilizat \u00een c\u0103rucioarele noastre reduce vibra\u021biile nepl\u0103cute. Acesta este alc\u0103tuit din dou\u0103 elemente: suspensie la ro\u021bile din spate \u0219i suspensie lateral\u0103 suplimentar\u0103. C\u0103ruciorul este gata de utilizare practic imediat ce este despachetat (pur \u0219i simplu desface\u021bi cadrul, monta\u021bi ro\u021bile \u0219i ata\u0219a\u021bi landoul) - nu este nevoie s\u0103 \u00een\u0219uruba\u021bi niciun \u0219urub.<\/strong><\/span><\/p>\n<p style=\"text-align: justify;\"><span style=\"color: #282828;\"><strong>C\u0103ruciorul este echipat cu un co\u0219 mare de cump\u0103r\u0103turi, m\u00e2ner reglabil din piele ecologic\u0103, parasolar.<\/strong><\/span><br \/>\n<span style=\"color: #282828;\"><strong>Fr\u00e2na central\u0103 este u\u0219or de utilizat - poate fi ac\u021bionat\u0103 sau dezactivat\u0103 cu o singur\u0103 mi\u0219care.<\/strong><\/span><\/p>\n<p style=\"text-align: justify;\"><span style=\"color: #282828;\"><strong>Copertin\u0103 pliabil\u0103 \u0219i ventilat\u0103 a landoului. O geant\u0103 \u00eenc\u0103p\u0103toare cu fermoar \u2013 o pute\u021bi ata\u0219a la cadrul c\u0103ruciorului sau o pute\u021bi lua cu dumneavoastr\u0103.<\/strong><\/span><\/p>\n<p style=\"text-align: justify;\"><span style=\"color: #282828;\"><strong>Mod orientat spre \u00eenainte \u0219i spre spate.<\/strong><\/span><br \/>\n<span style=\"color: #282828;\"><strong>Suport pentru picioare durabil \u0219i u\u0219or de cur\u0103\u021bat.<\/strong><\/span><\/p>\n<p style=\"text-align: justify;\"><span style=\"color: #282828;\"><strong>Landoul este echipat cu o saltea lavabil\u0103 moale \u0219i confortabil\u0103 \u0219i cu sp\u0103tar reglabil.<\/strong><\/span><\/p>\n<p style=\"text-align: justify;\"><span style=\"color: #282828;\"><strong>Finisaj din piele ecologic\u0103 de \u00eenalt\u0103 calitate.<\/strong><\/span><\/p>\n<p style=\"text-align: justify;\"><span style=\"color: #282828;\"><strong>Suspensia ro\u021bilor din spate are o reglare a durit\u0103\u021bii \u00een trei trepte \u0219i echilibreaz\u0103 greutatea c\u0103ruciorului, astfel \u00eenc\u00e2t acesta ruleaz\u0103 lin pe drumuri denivelate.<\/strong><\/span><\/p>\n<h1><strong><span style=\"font-size: 160%; color: #e14d43;\">C\u0103ruciorul nostru 3 \u00een 1 este un sistem de c\u0103l\u0103torie bine conceput<\/span><\/strong><\/h1>\n<h3 style=\"text-align: justify;\"><strong><span style=\"color: #e14d43;\">Caracteristici:<\/span><\/strong><\/h3>\n<p style=\"text-align: justify;\"><span style=\"color: #282828;\"><strong>-mod orientat spre \u00eenainte \u0219i spre spate<\/strong><\/span><br \/>\n<span style=\"color: #282828;\"><strong>-scaun auto ata\u0219abil pe \u0219asiu<\/strong><\/span><br \/>\n<span style=\"color: #282828;\"><strong>- fereastr\u0103 de ventila\u021bie \u00een spatele hotei<\/strong><\/span><br \/>\n<span style=\"color: #282828;\"><strong>-gondola are o c\u0103ptu\u0219eal\u0103 moale care poate fi \u00eendep\u0103rtat\u0103 pentru sp\u0103lare<\/strong><\/span><br \/>\n<span style=\"color: #282828;\"><strong>-cap\u0103tul gondolei poate fi ridicat pentru a crea un captator de v\u00e2nt<\/strong><\/span><br \/>\n<span style=\"color: #282828;\"><strong>- glug\u0103 extins\u0103, deta\u0219abil\u0103<\/strong><\/span><br \/>\n<span style=\"color: #282828;\"><strong>-ham de siguran\u021b\u0103 \u00een cinci puncte<\/strong><\/span><br \/>\n<span style=\"color: #282828;\"><strong>-suport pentru picioare laminat<\/strong><\/span><br \/>\n<span style=\"color: #282828;\"><strong>-m\u00e2ner reglabil pe mai multe niveluri<\/strong><\/span><br \/>\n<span style=\"color: #282828;\"><strong>-suspensie reglabil\u0103<\/strong><\/span><br \/>\n<span style=\"color: #282828;\"><strong>-cadru robust<\/strong><\/span><br \/>\n<span style=\"color: #282828;\"><strong>-picioare \u0219i sp\u0103tar reglabile<\/strong><\/span><br \/>\n<span style=\"color: #282828;\"><strong>-fr\u00e2n\u0103 central\u0103 EASY STOP<\/strong><\/span><br \/>\n<span style=\"color: #282828;\"><strong>- co\u0219 mare de cump\u0103r\u0103turi<\/strong><\/span><br \/>\n<span style=\"color: #282828;\"><strong>Potrivit pentru c\u0103rucior 0-3 ani<\/strong><\/span><br \/>\n<span style=\"color: #282828;\"><strong>Scaun auto p\u00e2n\u0103 la 10 kg<\/strong><\/span><\/p>\n<h3 style=\"text-align: justify;\"><strong><span style=\"color: #e14d43;\">Caracteristici ale scaunului auto:<\/span><\/strong><\/h3>\n<p style=\"text-align: justify;\"><span style=\"color: #282828;\"><strong>-inser\u021bie suplimentar\u0103 pentru sugari<\/strong><\/span><br \/>\n<span style=\"color: #282828;\"><strong>-m\u00e2ner reglabil<\/strong><\/span><br \/>\n<span style=\"color: #282828;\"><strong>- hus\u0103 deta\u0219abil\u0103 pentru picioare<\/strong><\/span><br \/>\n<span style=\"color: #282828;\"><strong>- glug\u0103 deta\u0219abil\u0103<\/strong><\/span><br \/>\n<span style=\"color: #282828;\"><strong>-centuri de siguran\u021b\u0103 \u00een trei puncte<\/strong><\/span><br \/>\n<span style=\"color: #282828;\"><strong>op\u021biunea de suport<\/strong><\/span><\/p>\n<h3 style=\"text-align: justify;\"><strong><span style=\"color: #e14d43;\">Setul con\u021bine:<\/span><\/strong><\/h3>\n<p style=\"text-align: justify;\"><span style=\"color: #282828;\"><strong>-cadru cu m\u00e2ner din piele ecologic\u0103<\/strong><\/span><br \/>\n<span style=\"color: #282828;\"><strong>-gondol\u0103 cu sp\u0103tar reglabil<\/strong><\/span><br \/>\n<span style=\"color: #282828;\"><strong>-unitate scaun<\/strong><\/span><br \/>\n<span style=\"color: #282828;\"><strong>-dou\u0103 huse pentru picioare (pentru c\u0103rucior \u0219i gondol\u0103)<\/strong><\/span><br \/>\n<span style=\"color: #282828;\"><strong>-scaun auto multifunc\u021bional cu adaptoare<\/strong><\/span><br \/>\n<span style=\"color: #282828;\"><strong>- hus\u0103 de ploaie<\/strong><\/span><br \/>\n<span style=\"color: #282828;\"><strong>-plas\u0103 de \u021b\u00e2n\u021bari<\/strong><\/span><br \/>\n<span style=\"color: #282828;\"><strong>-geant\u0103 \u0219i saltea de schimbat<\/strong><\/span><br \/>\n<span style=\"color: #282828;\"><strong>-ro\u021bi moi, cu gel, rezistente la uzur\u0103 (pentru toate tipurile de teren)<\/strong><\/span><br \/>\n<span style=\"color: #282828;\"><strong>-m\u00e2ner de sticl\u0103<\/strong><\/span><br \/>\n<span style=\"color: #282828;\"><strong>-buzunare mari \u00een spatele gen\u021bii \u0219i dou\u0103 mici pe laterale<\/strong><\/span><\/p>\n<p style=\"text-align: justify;\"><span style=\"color: #282828;\"><strong>Cadru pliat cu ro\u021bi (lungime x l\u0103\u021bime x \u00een\u0103l\u021bime): 85x60x40cm<\/strong><\/span><br \/>\n<span style=\"color: #282828;\"><strong>C\u0103rucior asamblat (\u00een\u0103l\u021bime x l\u0103\u021bime x lungime): 115x60x95cm<\/strong><\/span><br \/>\n<span style=\"color: #282828;\"><strong>Interior gondol\u0103 (l\u0103\u021bime x lungime x \u00een\u0103l\u021bime): 36x80x20cm<\/strong><\/span><br \/>\n<span style=\"color: #282828;\"><strong>Interior c\u0103rucior (l\u0103\u021bime x lungime sp\u0103tar x lungime \u0219ezut x lungime suport pentru picioare): 34x48x26x23cm<\/strong><\/span><br \/>\n<span style=\"color: #282828;\"><strong>Cadru cu ro\u021bi: 10 kg<\/strong><\/span><br \/>\n<span style=\"color: #282828;\"><strong>C\u0103rucior: 15 kg<\/strong><\/span><br \/>\n<span style=\"color: #282828;\"><strong>C\u0103rucior ad\u00e2nc: 16 kg<\/strong><\/span><br \/>\n<span style=\"color: #282828;\"><strong>Interval de reglare a m\u00e2nerului: 70 cm p\u00e2n\u0103 la 115 cm<\/strong><\/span><br \/>\n<span style=\"color: #282828;\"><strong>C\u0103rucior: EN 1888:2018 Aprobat pentru siguran\u021b\u0103<\/strong><\/span><br \/>\n<span style=\"color: #282828;\"><strong>Scaun auto aprobat conform normei de siguran\u021b\u0103 ECE 44-04<\/strong><\/span><br \/>\n<span style=\"color: #282828;\"><strong>Garan\u021bie de 12 luni<\/strong><\/span><\/p>\n<p><strong><a href=\"http:\/\/forbabyboss.com\/wp-content\/uploads\/2022\/09\/checkout.png\"><img loading=\"lazy\" decoding=\"async\" class=\"alignnone wp-image-5965\" src=\"http:\/\/forbabyboss.com\/wp-content\/uploads\/2022\/09\/checkout.png\" alt=\"\" width=\"973\" height=\"358\" srcset=\"https:\/\/forbabyboss.com\/wp-content\/uploads\/2022\/09\/checkout.png 750w, https:\/\/forbabyboss.com\/wp-content\/uploads\/2022\/09\/checkout-600x221.png 600w\" sizes=\"auto, (max-width: 973px) 100vw, 973px\" \/><\/a><\/strong><\/p>","protected":false},"excerpt":{"rendered":"<p><a href=\"http:\/\/forbabyboss.com\/wp-content\/uploads\/2022\/09\/Star-Rating-5.png\"><img loading=\"lazy\" decoding=\"async\" class=\"alignnone size-full wp-image-5973 aligncenter\" src=\"http:\/\/forbabyboss.com\/wp-content\/uploads\/2022\/09\/Star-Rating-5.png\" alt=\"\" width=\"275\" height=\"45\" \/><\/a><\/p>\n<p style=\"text-align: center;\"><span style=\"color: #ed1c24; font-size: 120%;\"><b>GARAN\u021aIE DE POTRIVIRE A PRE\u021aULUI<\/b><\/span><\/p>\n<p style=\"text-align: center;\"><span style=\"font-size: 115%;\"><span style=\"font-weight: 400; color: #4f4fa7;\">Livrare gratuit\u0103<\/span><span style=\"font-weight: 400;\"> \u2013 2 \u2013 7 zile<\/span><\/span><\/p>\n<p style=\"text-align: center;\"><strong><span style=\"color: #29606b;\">Cadou gratuit la achizi\u021bii de peste 100 de lire sterline<\/span><\/strong><\/p>","protected":false},"featured_media":5211,"template":"","meta":[],"product_brand":[370],"product_cat":[337,339,156,213,305,208,130,211],"product_tag":[202,199],"class_list":{"0":"post-5209","1":"product","2":"type-product","3":"status-publish","4":"has-post-thumbnail","6":"product_brand-babylux","7":"product_cat-500-to-600","8":"product_cat-700-to-800","9":"product_cat-3-in-1","10":"product_cat-blue","11":"product_cat-colour","12":"product_cat-gold","13":"product_cat-prams","14":"product_cat-stroller","15":"product_tag-3-in-1-pram","16":"product_tag-prams","18":"first","19":"instock","20":"sale","21":"shipping-taxable","22":"purchasable","23":"product-type-simple"},"yoast_head":"<!-- This site is optimized with the Yoast SEO plugin v27.5 - https:\/\/yoast.com\/product\/yoast-seo-wordpress\/ -->\n<title>3 in 1 Luxury Cosy Folding Pushchair For Newborns &amp; Toddlers in Blue - For Baby Boss<\/title>\n<meta name=\"description\" content=\"3 in 1 Luxury Cosy Folding Pushchair For Newborns &amp; Toddlers in Blue\" \/>\n<meta name=\"robots\" content=\"index, follow, max-snippet:-1, max-image-preview:large, max-video-preview:-1\" \/>\n<link rel=\"canonical\" href=\"https:\/\/forbabyboss.com\/ro\/product\/carucior-pliabil-luxos-3-in-1-pentru-nou-nascuti-si-copii-mici-albastru\/\" \/>\n<meta property=\"og:locale\" content=\"ro_RO\" \/>\n<meta property=\"og:type\" content=\"article\" \/>\n<meta property=\"og:title\" content=\"3 in 1 Luxury Cosy Folding Pushchair For Newborns &amp; Toddlers in Blue - For Baby Boss\" \/>\n<meta property=\"og:description\" content=\"3 in 1 Luxury Cosy Folding Pushchair For Newborns &amp; Toddlers in Blue\" \/>\n<meta property=\"og:url\" content=\"https:\/\/forbabyboss.com\/ro\/product\/carucior-pliabil-luxos-3-in-1-pentru-nou-nascuti-si-copii-mici-albastru\/\" \/>\n<meta property=\"og:site_name\" content=\"For Baby Boss\" \/>\n<meta property=\"article:modified_time\" content=\"2026-02-21T12:43:39+00:00\" \/>\n<meta property=\"og:image\" content=\"https:\/\/forbabyboss.com\/wp-content\/uploads\/2022\/09\/Pram-Buggy-Luxury-Cosy-Folding-Pushchair-For-Newborns-Toddlers-Travel-Set-Blue_main.png\" \/>\n\t<meta property=\"og:image:width\" content=\"1600\" \/>\n\t<meta property=\"og:image:height\" content=\"1600\" \/>\n\t<meta property=\"og:image:type\" content=\"image\/png\" \/>\n<meta name=\"twitter:card\" content=\"summary_large_image\" \/>\n<meta name=\"twitter:label1\" content=\"Timp estimat pentru citire\" \/>\n\t<meta name=\"twitter:data1\" content=\"3 minute\" \/>\n<script type=\"application\/ld+json\" class=\"yoast-schema-graph\">{\"@context\":\"https:\\\/\\\/schema.org\",\"@graph\":[{\"@type\":\"WebPage\",\"@id\":\"https:\\\/\\\/forbabyboss.com\\\/product\\\/3-in-1-luxury-cosy-folding-pushchair-for-newborns-toddlers-in-blue\\\/\",\"url\":\"https:\\\/\\\/forbabyboss.com\\\/product\\\/3-in-1-luxury-cosy-folding-pushchair-for-newborns-toddlers-in-blue\\\/\",\"name\":\"3 in 1 Luxury Cosy Folding Pushchair For Newborns & Toddlers in Blue - For Baby Boss\",\"isPartOf\":{\"@id\":\"https:\\\/\\\/powderblue-seahorse-496884.hostingersite.com\\\/#website\"},\"primaryImageOfPage\":{\"@id\":\"https:\\\/\\\/forbabyboss.com\\\/product\\\/3-in-1-luxury-cosy-folding-pushchair-for-newborns-toddlers-in-blue\\\/#primaryimage\"},\"image\":{\"@id\":\"https:\\\/\\\/forbabyboss.com\\\/product\\\/3-in-1-luxury-cosy-folding-pushchair-for-newborns-toddlers-in-blue\\\/#primaryimage\"},\"thumbnailUrl\":\"https:\\\/\\\/forbabyboss.com\\\/wp-content\\\/uploads\\\/2022\\\/09\\\/Pram-Buggy-Luxury-Cosy-Folding-Pushchair-For-Newborns-Toddlers-Travel-Set-Blue_main.png\",\"datePublished\":\"2022-09-11T14:08:15+00:00\",\"dateModified\":\"2026-02-21T12:43:39+00:00\",\"description\":\"3 in 1 Luxury Cosy Folding Pushchair For Newborns & Toddlers in Blue\",\"breadcrumb\":{\"@id\":\"https:\\\/\\\/forbabyboss.com\\\/product\\\/3-in-1-luxury-cosy-folding-pushchair-for-newborns-toddlers-in-blue\\\/#breadcrumb\"},\"inLanguage\":\"ro-RO\",\"potentialAction\":[{\"@type\":\"ReadAction\",\"target\":[\"https:\\\/\\\/forbabyboss.com\\\/product\\\/3-in-1-luxury-cosy-folding-pushchair-for-newborns-toddlers-in-blue\\\/\"]}]},{\"@type\":\"ImageObject\",\"inLanguage\":\"ro-RO\",\"@id\":\"https:\\\/\\\/forbabyboss.com\\\/product\\\/3-in-1-luxury-cosy-folding-pushchair-for-newborns-toddlers-in-blue\\\/#primaryimage\",\"url\":\"https:\\\/\\\/forbabyboss.com\\\/wp-content\\\/uploads\\\/2022\\\/09\\\/Pram-Buggy-Luxury-Cosy-Folding-Pushchair-For-Newborns-Toddlers-Travel-Set-Blue_main.png\",\"contentUrl\":\"https:\\\/\\\/forbabyboss.com\\\/wp-content\\\/uploads\\\/2022\\\/09\\\/Pram-Buggy-Luxury-Cosy-Folding-Pushchair-For-Newborns-Toddlers-Travel-Set-Blue_main.png\",\"width\":1600,\"height\":1600},{\"@type\":\"BreadcrumbList\",\"@id\":\"https:\\\/\\\/forbabyboss.com\\\/product\\\/3-in-1-luxury-cosy-folding-pushchair-for-newborns-toddlers-in-blue\\\/#breadcrumb\",\"itemListElement\":[{\"@type\":\"ListItem\",\"position\":1,\"name\":\"Home\",\"item\":\"https:\\\/\\\/forbabyboss.com\\\/\"},{\"@type\":\"ListItem\",\"position\":2,\"name\":\"Shop\",\"item\":\"https:\\\/\\\/forbabyboss.com\\\/shop\\\/\"},{\"@type\":\"ListItem\",\"position\":3,\"name\":\"3 in 1 Luxury Cosy Folding Pushchair For Newborns &#038; Toddlers in Blue\"}]},{\"@type\":\"WebSite\",\"@id\":\"https:\\\/\\\/powderblue-seahorse-496884.hostingersite.com\\\/#website\",\"url\":\"https:\\\/\\\/powderblue-seahorse-496884.hostingersite.com\\\/\",\"name\":\"For Baby Boss\",\"description\":\"Beautiful gifts and accessories for your baby boss\",\"potentialAction\":[{\"@type\":\"SearchAction\",\"target\":{\"@type\":\"EntryPoint\",\"urlTemplate\":\"https:\\\/\\\/powderblue-seahorse-496884.hostingersite.com\\\/?s={search_term_string}\"},\"query-input\":{\"@type\":\"PropertyValueSpecification\",\"valueRequired\":true,\"valueName\":\"search_term_string\"}}],\"inLanguage\":\"ro-RO\"}]}<\/script>\n<!-- \/ Yoast SEO plugin. -->","yoast_head_json":{"title":"C\u0103rucior pliabil 3 \u00een 1 de lux, confortabil, pentru nou-n\u0103scu\u021bi \u0219i copii mici, albastru - For Baby Boss","description":"C\u0103rucior pliabil 3 \u00een 1 de lux, confortabil, pentru nou-n\u0103scu\u021bi \u0219i copii mici, albastru","robots":{"index":"index","follow":"follow","max-snippet":"max-snippet:-1","max-image-preview":"max-image-preview:large","max-video-preview":"max-video-preview:-1"},"canonical":"https:\/\/forbabyboss.com\/ro\/product\/carucior-pliabil-luxos-3-in-1-pentru-nou-nascuti-si-copii-mici-albastru\/","og_locale":"ro_RO","og_type":"article","og_title":"3 in 1 Luxury Cosy Folding Pushchair For Newborns & Toddlers in Blue - For Baby Boss","og_description":"3 in 1 Luxury Cosy Folding Pushchair For Newborns & Toddlers in Blue","og_url":"https:\/\/forbabyboss.com\/ro\/product\/carucior-pliabil-luxos-3-in-1-pentru-nou-nascuti-si-copii-mici-albastru\/","og_site_name":"For Baby Boss","article_modified_time":"2026-02-21T12:43:39+00:00","og_image":[{"width":1600,"height":1600,"url":"https:\/\/forbabyboss.com\/wp-content\/uploads\/2022\/09\/Pram-Buggy-Luxury-Cosy-Folding-Pushchair-For-Newborns-Toddlers-Travel-Set-Blue_main.png","type":"image\/png"}],"twitter_card":"summary_large_image","twitter_misc":{"Timp estimat pentru citire":"3 minute"},"schema":{"@context":"https:\/\/schema.org","@graph":[{"@type":"WebPage","@id":"https:\/\/forbabyboss.com\/product\/3-in-1-luxury-cosy-folding-pushchair-for-newborns-toddlers-in-blue\/","url":"https:\/\/forbabyboss.com\/product\/3-in-1-luxury-cosy-folding-pushchair-for-newborns-toddlers-in-blue\/","name":"C\u0103rucior pliabil 3 \u00een 1 de lux, confortabil, pentru nou-n\u0103scu\u021bi \u0219i copii mici, albastru - For Baby Boss","isPartOf":{"@id":"https:\/\/powderblue-seahorse-496884.hostingersite.com\/#website"},"primaryImageOfPage":{"@id":"https:\/\/forbabyboss.com\/product\/3-in-1-luxury-cosy-folding-pushchair-for-newborns-toddlers-in-blue\/#primaryimage"},"image":{"@id":"https:\/\/forbabyboss.com\/product\/3-in-1-luxury-cosy-folding-pushchair-for-newborns-toddlers-in-blue\/#primaryimage"},"thumbnailUrl":"https:\/\/forbabyboss.com\/wp-content\/uploads\/2022\/09\/Pram-Buggy-Luxury-Cosy-Folding-Pushchair-For-Newborns-Toddlers-Travel-Set-Blue_main.png","datePublished":"2022-09-11T14:08:15+00:00","dateModified":"2026-02-21T12:43:39+00:00","description":"C\u0103rucior pliabil 3 \u00een 1 de lux, confortabil, pentru nou-n\u0103scu\u021bi \u0219i copii mici, albastru","breadcrumb":{"@id":"https:\/\/forbabyboss.com\/product\/3-in-1-luxury-cosy-folding-pushchair-for-newborns-toddlers-in-blue\/#breadcrumb"},"inLanguage":"ro-RO","potentialAction":[{"@type":"ReadAction","target":["https:\/\/forbabyboss.com\/product\/3-in-1-luxury-cosy-folding-pushchair-for-newborns-toddlers-in-blue\/"]}]},{"@type":"ImageObject","inLanguage":"ro-RO","@id":"https:\/\/forbabyboss.com\/product\/3-in-1-luxury-cosy-folding-pushchair-for-newborns-toddlers-in-blue\/#primaryimage","url":"https:\/\/forbabyboss.com\/wp-content\/uploads\/2022\/09\/Pram-Buggy-Luxury-Cosy-Folding-Pushchair-For-Newborns-Toddlers-Travel-Set-Blue_main.png","contentUrl":"https:\/\/forbabyboss.com\/wp-content\/uploads\/2022\/09\/Pram-Buggy-Luxury-Cosy-Folding-Pushchair-For-Newborns-Toddlers-Travel-Set-Blue_main.png","width":1600,"height":1600},{"@type":"BreadcrumbList","@id":"https:\/\/forbabyboss.com\/product\/3-in-1-luxury-cosy-folding-pushchair-for-newborns-toddlers-in-blue\/#breadcrumb","itemListElement":[{"@type":"ListItem","position":1,"name":"Home","item":"https:\/\/forbabyboss.com\/"},{"@type":"ListItem","position":2,"name":"Shop","item":"https:\/\/forbabyboss.com\/shop\/"},{"@type":"ListItem","position":3,"name":"3 in 1 Luxury Cosy Folding Pushchair For Newborns &#038; Toddlers in Blue"}]},{"@type":"WebSite","@id":"https:\/\/powderblue-seahorse-496884.hostingersite.com\/#website","url":"https:\/\/powderblue-seahorse-496884.hostingersite.com\/","name":"Pentru Baby Boss","description":"Cadouri frumoase \u0219i accesorii pentru \u0219eful copilului dvs.","potentialAction":[{"@type":"SearchAction","target":{"@type":"EntryPoint","urlTemplate":"https:\/\/powderblue-seahorse-496884.hostingersite.com\/?s={search_term_string}"},"query-input":{"@type":"PropertyValueSpecification","valueRequired":true,"valueName":"search_term_string"}}],"inLanguage":"ro-RO"}]}},"_links":{"self":[{"href":"https:\/\/forbabyboss.com\/ro\/wp-json\/wp\/v2\/product\/5209","targetHints":{"allow":["GET"]}}],"collection":[{"href":"https:\/\/forbabyboss.com\/ro\/wp-json\/wp\/v2\/product"}],"about":[{"href":"https:\/\/forbabyboss.com\/ro\/wp-json\/wp\/v2\/types\/product"}],"wp:featuredmedia":[{"embeddable":true,"href":"https:\/\/forbabyboss.com\/ro\/wp-json\/wp\/v2\/media\/5211"}],"wp:attachment":[{"href":"https:\/\/forbabyboss.com\/ro\/wp-json\/wp\/v2\/media?parent=5209"}],"wp:term":[{"taxonomy":"product_brand","embeddable":true,"href":"https:\/\/forbabyboss.com\/ro\/wp-json\/wp\/v2\/product_brand?post=5209"},{"taxonomy":"product_cat","embeddable":true,"href":"https:\/\/forbabyboss.com\/ro\/wp-json\/wp\/v2\/product_cat?post=5209"},{"taxonomy":"product_tag","embeddable":true,"href":"https:\/\/forbabyboss.com\/ro\/wp-json\/wp\/v2\/product_tag?post=5209"}],"curies":[{"name":"wp","href":"https:\/\/api.w.org\/{rel}","templated":true}]}}