{"id":5255,"date":"2022-09-11T15:23:03","date_gmt":"2022-09-11T15:23:03","guid":{"rendered":"http:\/\/forbabyboss.com\/?post_type=product&#038;p=5255"},"modified":"2026-02-21T12:38:08","modified_gmt":"2026-02-21T12:38:08","slug":"carucior-pentru-bebelusi-3-in-1-cu-sistem-de-calatorie-usor-baza-isofix-cu-cadru-argintiu","status":"publish","type":"product","link":"https:\/\/forbabyboss.com\/ro\/product\/baby-pram-3in1-lightweight-travel-system-pushchair-isofix-base-in-silver-frame\/","title":{"rendered":"C\u0103rucior pentru bebelu\u0219i 3 \u00een 1 cu sistem de c\u0103l\u0103torie u\u0219or, baz\u0103 Isofix cu cadru argintiu"},"content":{"rendered":"<div style=\"width: 1020px;\" class=\"wp-video\"><video class=\"wp-video-shortcode\" id=\"video-5255-1\" width=\"1020\" height=\"574\" preload=\"metadata\" controls=\"controls\"><source type=\"video\/mp4\" src=\"http:\/\/forbabyboss.com\/wp-content\/uploads\/2022\/09\/Baby-Buggy-Pram-Lightweight-Folding-3-in-1-Travel-System-Pushchair-Isofix-Base.mp4?_=1\" \/><a href=\"http:\/\/forbabyboss.com\/wp-content\/uploads\/2022\/09\/Baby-Buggy-Pram-Lightweight-Folding-3-in-1-Travel-System-Pushchair-Isofix-Base.mp4\">http:\/\/forbabyboss.com\/wp-content\/uploads\/2022\/09\/Baby-Buggy-Pram-Lightweight-Folding-3-in-1-Travel-System-Pushchair-Isofix-Base.mp4<\/a><\/video><\/div>\n<p>&nbsp;<\/p>\n<h1><\/h1>\n<p style=\"text-align: justify;\"><strong><span style=\"color: #282828;\"><span style=\"color: #e14d43;\">Lavado Premium<\/span> \u2013 un c\u0103rucior modern \u0219i func\u021bional, care ofer\u0103 mai mult\u0103 pl\u0103cere \u00een timpul mersului, iar designul inovator \u00eei confer\u0103 un sentiment de unicitate. C\u0103ruciorul este potrivit pentru copii cu v\u00e2rste cuprinse \u00eentre 6 \u0219i 36 de luni. Cadrul u\u0219or \u0219i solu\u021bia de design convenabil\u0103 fac ca purtarea unui c\u0103rucior s\u0103 fie \u0219i mai confortabil\u0103.<\/span><\/strong><\/p>\n<p style=\"text-align: justify;\"><strong><span style=\"color: #282828;\">\u2022 C\u0103rucior individual pentru copii cu greutatea cuprins\u0103 \u00eentre 1 \u0219i 15 kg<\/span><\/strong><br \/>\n<strong><span style=\"color: #282828;\">\u2022 Are certificare TUV NORD care garanteaz\u0103 cea mai \u00eenalt\u0103 calitate \u0219i siguran\u021b\u0103 pentru copilul dumneavoastr\u0103.<\/span><\/strong><br \/>\n<strong><span style=\"color: #282828;\">\u2022 C\u0103ruciorul respect\u0103 cel mai recent standard de siguran\u021b\u0103 strict EN 1888-1:2018<\/span><\/strong><\/p>\n<h4 style=\"text-align: justify;\"><span style=\"color: #e14d43;\"><strong>Setul include:<br \/>\n<\/strong><\/span><strong><span style=\"color: #282828;\">\u2022cadru pentru c\u0103rucior<\/span><\/strong><br \/>\n<strong><span style=\"color: #282828;\">\u2022 landou<\/span><\/strong><br \/>\n<strong><span style=\"color: #282828;\">\u2022scaun sport<\/span><\/strong><br \/>\n<strong><span style=\"color: #282828;\">\u2022 geant\u0103 de um\u0103r<\/span><\/strong><br \/>\n<strong><span style=\"color: #282828;\">\u2022 umbrel\u0103<\/span><\/strong><br \/>\n<strong><span style=\"color: #282828;\">\u2022 saltea de schimbat<\/span><\/strong><br \/>\n<strong><span style=\"color: #282828;\">\u2022 suport pentru pahare<\/span><\/strong><br \/>\n<strong><span style=\"color: #282828;\">\u2022 saltea din cocos<\/span><\/strong><br \/>\n<strong><span style=\"color: #282828;\">\u2022 hus\u0103 de ploaie<\/span><\/strong><br \/>\n<strong><span style=\"color: #282828;\">\u2022 ad\u0103post pentru insecte<\/span><\/strong><br \/>\n<strong><span style=\"color: #282828;\">\u2022 co\u0219 de cump\u0103r\u0103turi<\/span><\/strong><br \/>\n<strong><span style=\"color: #282828;\">\u2022scaun auto (doar \u00een setul 3 \u00een 1)<\/span><\/strong><\/h4>\n<p style=\"text-align: justify;\"><span style=\"color: #e14d43;\"><strong>Cadru pentru c\u0103rucior:<br \/>\n<\/strong><\/span><strong><span style=\"color: #282828;\">\u2022cadru din aluminiu \u2013 u\u0219or \u0219i durabil<\/span><\/strong><br \/>\n<strong><span style=\"color: #282828;\">\u2022 ro\u021bi pivotante, f\u0103r\u0103 probleme, din gel \u2013 nu se pun \u00een pung\u0103<\/span><\/strong><br \/>\n<strong><span style=\"color: #282828;\">\u2022rulmen\u021bii din ro\u021bi faciliteaz\u0103 \u00eempingerea c\u0103ruciorului<\/span><\/strong><br \/>\n<strong><span style=\"color: #282828;\">\u2022m\u00e2ner reglabil pe \u00een\u0103l\u021bime, acoperit cu piele ecologic\u0103<\/span><\/strong><br \/>\n<strong><span style=\"color: #282828;\">\u2022 suspensie spate amortizat\u0103 \u2013 ofer\u0103 confort la fiecare plimbare<\/span><\/strong><br \/>\n<strong><span style=\"color: #282828;\">\u2022dimensiune compact\u0103 atunci c\u00e2nd este pliat\u0103<\/span><\/strong><br \/>\n<strong><span style=\"color: #282828;\">\u2022 sistem simplu de ata\u0219are \u0219i deta\u0219are a landoului, scaunului sport \u0219i scaunului auto<\/span><\/strong><br \/>\n<strong><span style=\"color: #282828;\">\u2022 echipat cu o fr\u00e2n\u0103 central\u0103 pentru stabilitate \u2022 suspensia lateral\u0103 suplimentar\u0103 a cadrului c\u0103ruciorului permite blocarea, permi\u021b\u00e2nd o absorb\u021bie \u0219i mai bun\u0103 a \u0219ocurilor ap\u0103rute \u00een timpul \u00eempingerii, precum \u0219i leag\u0103nul pl\u0103cut al copilului dumneavoastr\u0103<\/span><\/strong><\/p>\n<h3 style=\"text-align: justify;\"><span style=\"color: #e14d43;\"><strong>Landou:<br \/>\n<\/strong><\/span><strong style=\"color: #555555; font-size: 14.4px;\"><span style=\"color: #282828;\">\u2022 landou mare care poate fi folosit ca leag\u0103n<br \/>\n<\/span><\/strong><strong style=\"color: #555555; font-size: 14.4px;\"><span style=\"color: #282828;\">\u2022 echipat cu o hus\u0103 de picior deta\u0219abil\u0103 \u0219i ajustabil\u0103 \u2013 protejeaz\u0103 copilul de vremea rea<br \/>\n<\/span><\/strong><strong style=\"color: #555555; font-size: 14.4px;\"><span style=\"color: #282828;\">\u2022 m\u00e2ner ergonomic acoperit cu piele ecologic\u0103 \u2013 faciliteaz\u0103 transportul landoului<br \/>\n<\/span><\/strong><strong style=\"color: #555555; font-size: 14.4px;\"><span style=\"color: #282828;\">\u2022 saltea elastic\u0103 \u0219i c\u0103ptu\u0219eal\u0103 moale a landoului<br \/>\n<\/span><\/strong><strong style=\"color: #555555; font-size: 14.4px;\"><span style=\"color: #282828;\">\u2022tetier\u0103 reglabil\u0103<br \/>\n<\/span><\/strong><strong style=\"color: #555555; font-size: 14.4px;\"><span style=\"color: #282828;\">\u2022 Ventila\u021bia din compartimentul landoului asigur\u0103 aer proasp\u0103t pentru a preveni supra\u00eenc\u0103lzirea bebelu\u0219ului<\/span><\/strong><\/h3>\n<h3 style=\"text-align: justify;\"><span style=\"color: #e14d43;\"><strong>Scaun sport:<br \/>\n<\/strong><\/span><strong style=\"color: #555555; font-size: 14.4px;\"><span style=\"color: #282828;\">\u2022 este posibil\u0103 instalarea cu fa\u021ba spre fa\u021b\u0103 sau spre spate<br \/>\n<\/span><\/strong><strong style=\"color: #555555; font-size: 14.4px;\"><span style=\"color: #282828;\">\u2022 centuri de siguran\u021b\u0103 reglabile \u00een cinci puncte<br \/>\n<\/span><\/strong><strong style=\"color: #555555; font-size: 14.4px;\"><span style=\"color: #282828;\">\u2022 barier\u0103 deta\u0219abil\u0103 acoperit\u0103 cu piele ecologic\u0103<br \/>\n<\/span><\/strong><strong style=\"color: #555555; font-size: 14.4px;\"><span style=\"color: #282828;\">\u2022 suport pentru picioare reglabil \u0219i convenabil<br \/>\n<\/span><\/strong><strong style=\"color: #555555; font-size: 14.4px;\"><span style=\"color: #282828;\">\u2022 fereastr\u0103 de ventila\u021bie pe spatele copertinei<br \/>\n<\/span><\/strong><strong style=\"color: #555555; font-size: 14.4px;\"><span style=\"color: #282828;\">\u2022dimensiune compact\u0103 atunci c\u00e2nd este pliat\u0103<br \/>\n<\/span><\/strong><strong style=\"color: #555555; font-size: 14.4px;\"><span style=\"color: #282828;\">\u2022 reglarea sp\u0103tarului \u2013 p\u00e2n\u0103 la o pozi\u021bie orizontal\u0103, cea mai s\u0103n\u0103toas\u0103 pozi\u021bie pentru bebelu\u0219ul dumneavoastr\u0103 \u00een timpul somnului<br \/>\n<\/span><\/strong><strong style=\"color: #555555; font-size: 14.4px;\"><span style=\"color: #282828;\">\u2022 copertin\u0103 reglabil\u0103 care poate fi deta\u0219at\u0103<br \/>\n<\/span><\/strong><strong style=\"color: #555555; font-size: 14.4px;\"><span style=\"color: #282828;\">\u2022 hus\u0103 de picior deta\u0219abil\u0103 \u0219i ajustabil\u0103 \u2013 protejeaz\u0103 copilul de vremea capricioas\u0103<\/span><\/strong><\/h3>\n<h3 style=\"text-align: justify;\"><span style=\"color: #e14d43;\"><strong>Scaun auto:<\/strong><\/span><\/h3>\n<p style=\"text-align: justify;\"><strong><span style=\"color: #282828;\">\u2022 include adaptoare u\u0219or de utilizat pentru montarea \u0219i demontarea rapid\u0103 pe cadrul c\u0103ruciorului<\/span><\/strong><br \/>\n<strong><span style=\"color: #282828;\">\u2022 centuri de siguran\u021b\u0103 cu prindere \u00een trei puncte<\/span><\/strong><br \/>\n<strong><span style=\"color: #282828;\">\u2022 copertin\u0103 deta\u0219abil\u0103 cu hus\u0103 pentru picioare \u2022 inser\u021bie pentru bebelu\u0219i care v\u0103 permite s\u0103 utiliza\u021bi scaunul auto al copilului \u00eenc\u0103 din primele momente ale vie\u021bii acestuia<\/span><\/strong><br \/>\n<strong><span style=\"color: #282828;\">\u2022 func\u021bie de suport blocabil<\/span><\/strong><br \/>\n<strong><span style=\"color: #282828;\">\u2022m\u00e2nerul reglabil faciliteaz\u0103 transportul scaunului auto, care c\u00e2nt\u0103re\u0219te doar 3 kg<\/span><\/strong><br \/>\n<strong><span style=\"color: #282828;\">\u2022adaptat pentru transportul copiilor \u00een ma\u0219ini, omologare ECE R44\/04<\/span><\/strong><\/p>\n<h3 style=\"text-align: justify;\"><span style=\"color: #e14d43;\"><strong>\u00cen plus:<\/strong><\/span><\/h3>\n<p style=\"text-align: justify;\"><strong><span style=\"color: #282828;\">\u2022 geant\u0103 de um\u0103r mare cu fermoar, care poate fi ata\u0219at\u0103 la cadrul c\u0103ruciorului<\/span><\/strong><br \/>\n<strong><span style=\"color: #282828;\">\u2022 saltea antialergic\u0103 din cocos<\/span><\/strong><\/p>\n<p style=\"text-align: justify;\"><strong><span style=\"color: #282828;\">Saltea antialergic\u0103 din cocos<\/span><\/strong><br \/>\n<strong><span style=\"color: #282828;\">Salteaua este fabricat\u0103 din fibr\u0103 de cocos, care ofer\u0103 un suport stabil. R\u0103m\u00e2ne flexibil\u0103 \u0219i rezistent\u0103, datorit\u0103 unui proces special de fabrica\u021bie.<\/span><\/strong><\/p>\n<p style=\"text-align: justify;\"><span style=\"color: #e14d43;\"><strong>\u00cen plus:<\/strong><\/span><\/p>\n<p style=\"text-align: justify;\"><strong><span style=\"color: #282828;\">\u2022 Asigur\u0103 o circula\u021bie adecvat\u0103 a aerului<\/span><\/strong><br \/>\n<strong><span style=\"color: #282828;\">\u2022 Are un impact pozitiv asupra dezvolt\u0103rii unui microclimat adecvat pentru a proteja pielea bebelu\u0219ului<\/span><\/strong><br \/>\n<strong><span style=\"color: #282828;\">\u2022 Pute\u021bi scoate husa moale din bumbac \u0219i o pute\u021bi sp\u0103la la 30\u201340 de grade.<\/span><\/strong><br \/>\n<strong><span style=\"color: #282828;\">\u2022 Grosimea de aproximativ 2,5 cm va oferi copilului dumneavoastr\u0103 suport stabil \u0219i confort \u00een timpul utiliz\u0103rii pe orice teren<\/span><\/strong><br \/>\n<strong><span style=\"color: #282828;\">\u2022Dimensiuni: 73 x 35 x 2,5 cm<\/span><\/strong><\/p>\n<p style=\"text-align: justify;\"><strong><span style=\"color: #282828;\"><a style=\"color: #282828;\" href=\"http:\/\/forbabyboss.com\/wp-content\/uploads\/2022\/09\/Baby-Buggy-Pram-Lightweight-Folding-3-in-1-Travel-System-Pushchair-Isofix-Base-Black-Gold-frame_1.png\"><img loading=\"lazy\" decoding=\"async\" class=\"alignnone size-full wp-image-5240\" src=\"http:\/\/forbabyboss.com\/wp-content\/uploads\/2022\/09\/Baby-Buggy-Pram-Lightweight-Folding-3-in-1-Travel-System-Pushchair-Isofix-Base-Black-Gold-frame_1.png\" alt=\"\" width=\"1600\" height=\"1233\" srcset=\"https:\/\/forbabyboss.com\/wp-content\/uploads\/2022\/09\/Baby-Buggy-Pram-Lightweight-Folding-3-in-1-Travel-System-Pushchair-Isofix-Base-Black-Gold-frame_1.png 1600w, https:\/\/forbabyboss.com\/wp-content\/uploads\/2022\/09\/Baby-Buggy-Pram-Lightweight-Folding-3-in-1-Travel-System-Pushchair-Isofix-Base-Black-Gold-frame_1-519x400.png 519w, https:\/\/forbabyboss.com\/wp-content\/uploads\/2022\/09\/Baby-Buggy-Pram-Lightweight-Folding-3-in-1-Travel-System-Pushchair-Isofix-Base-Black-Gold-frame_1-1038x800.png 1038w, https:\/\/forbabyboss.com\/wp-content\/uploads\/2022\/09\/Baby-Buggy-Pram-Lightweight-Folding-3-in-1-Travel-System-Pushchair-Isofix-Base-Black-Gold-frame_1-768x592.png 768w, https:\/\/forbabyboss.com\/wp-content\/uploads\/2022\/09\/Baby-Buggy-Pram-Lightweight-Folding-3-in-1-Travel-System-Pushchair-Isofix-Base-Black-Gold-frame_1-1536x1184.png 1536w, https:\/\/forbabyboss.com\/wp-content\/uploads\/2022\/09\/Baby-Buggy-Pram-Lightweight-Folding-3-in-1-Travel-System-Pushchair-Isofix-Base-Black-Gold-frame_1-600x462.png 600w\" sizes=\"auto, (max-width: 1600px) 100vw, 1600px\" \/><\/a><\/span><\/strong><\/p>\n<p>&nbsp;<\/p>\n<p><strong><a href=\"http:\/\/forbabyboss.com\/wp-content\/uploads\/2022\/09\/checkout.png\"><img loading=\"lazy\" decoding=\"async\" class=\"alignnone wp-image-5965\" src=\"http:\/\/forbabyboss.com\/wp-content\/uploads\/2022\/09\/checkout.png\" alt=\"\" width=\"1038\" height=\"382\" srcset=\"https:\/\/forbabyboss.com\/wp-content\/uploads\/2022\/09\/checkout.png 750w, https:\/\/forbabyboss.com\/wp-content\/uploads\/2022\/09\/checkout-600x221.png 600w\" sizes=\"auto, (max-width: 1038px) 100vw, 1038px\" \/><\/a><\/strong><\/p>\n<p style=\"text-align: justify;\">","protected":false},"excerpt":{"rendered":"<p><a href=\"http:\/\/forbabyboss.com\/wp-content\/uploads\/2022\/09\/Star-Rating-5.png\"><img loading=\"lazy\" decoding=\"async\" class=\"alignnone size-full wp-image-5973 aligncenter\" src=\"http:\/\/forbabyboss.com\/wp-content\/uploads\/2022\/09\/Star-Rating-5.png\" alt=\"\" width=\"275\" height=\"45\" \/><\/a><\/p>\n<p style=\"text-align: center;\"><span style=\"color: #ed1c24; font-size: 120%;\"><b>GARAN\u021aIE DE POTRIVIRE A PRE\u021aULUI<\/b><\/span><\/p>\n<p style=\"text-align: center;\"><span style=\"font-size: 115%;\"><span style=\"font-weight: 400; color: #4f4fa7;\">Livrare gratuit\u0103<\/span><span style=\"font-weight: 400;\"> \u2013 2 \u2013 7 zile<\/span><\/span><\/p>\n<p style=\"text-align: center;\"><strong><span style=\"color: #29606b;\">Cadou gratuit la achizi\u021bii de peste 100 de lire sterline<\/span><\/strong><\/p>","protected":false},"featured_media":5257,"template":"","meta":[],"product_brand":[577],"product_cat":[339,156,305,303,130,221,211],"product_tag":[163,171],"class_list":{"0":"post-5255","1":"product","2":"type-product","3":"status-publish","4":"has-post-thumbnail","6":"product_brand-kunert","7":"product_cat-700-to-800","8":"product_cat-3-in-1","9":"product_cat-colour","10":"product_cat-pattern","11":"product_cat-prams","12":"product_cat-silver-colour","13":"product_cat-stroller","14":"product_tag-3-in-1-prams","15":"product_tag-pram","17":"first","18":"instock","19":"sale","20":"shipping-taxable","21":"purchasable","22":"product-type-simple"},"yoast_head":"<!-- This site is optimized with the Yoast SEO plugin v27.5 - https:\/\/yoast.com\/product\/yoast-seo-wordpress\/ -->\n<title>Baby Pram 3in1 Lightweight Travel System Pushchair Isofix base in silver frame - For Baby Boss<\/title>\n<meta name=\"description\" content=\"Baby Pram 3in1 Lightweight Travel System Pushchair Isofix base in silver frame\" \/>\n<meta name=\"robots\" content=\"index, follow, max-snippet:-1, max-image-preview:large, max-video-preview:-1\" \/>\n<link rel=\"canonical\" href=\"https:\/\/forbabyboss.com\/ro\/product\/carucior-pentru-bebelusi-3-in-1-cu-sistem-de-calatorie-usor-baza-isofix-cu-cadru-argintiu\/\" \/>\n<meta property=\"og:locale\" content=\"ro_RO\" \/>\n<meta property=\"og:type\" content=\"article\" \/>\n<meta property=\"og:title\" content=\"Baby Pram 3in1 Lightweight Travel System Pushchair Isofix base in silver frame - For Baby Boss\" \/>\n<meta property=\"og:description\" content=\"Baby Pram 3in1 Lightweight Travel System Pushchair Isofix base in silver frame\" \/>\n<meta property=\"og:url\" content=\"https:\/\/forbabyboss.com\/ro\/product\/carucior-pentru-bebelusi-3-in-1-cu-sistem-de-calatorie-usor-baza-isofix-cu-cadru-argintiu\/\" \/>\n<meta property=\"og:site_name\" content=\"For Baby Boss\" \/>\n<meta property=\"article:modified_time\" content=\"2026-02-21T12:38:08+00:00\" \/>\n<meta property=\"og:image\" content=\"https:\/\/forbabyboss.com\/wp-content\/uploads\/2022\/09\/Baby-Buggy-Pram-Lightweight-Folding-3-in-1-Travel-System-Pushchair-Isofix-Base-Silver-SilverFrame.png\" \/>\n\t<meta property=\"og:image:width\" content=\"1309\" \/>\n\t<meta property=\"og:image:height\" content=\"900\" \/>\n\t<meta property=\"og:image:type\" content=\"image\/png\" \/>\n<meta name=\"twitter:card\" content=\"summary_large_image\" \/>\n<meta name=\"twitter:label1\" content=\"Timp estimat pentru citire\" \/>\n\t<meta name=\"twitter:data1\" content=\"3 minute\" \/>\n<script type=\"application\/ld+json\" class=\"yoast-schema-graph\">{\"@context\":\"https:\\\/\\\/schema.org\",\"@graph\":[{\"@type\":\"WebPage\",\"@id\":\"https:\\\/\\\/forbabyboss.com\\\/product\\\/baby-pram-3in1-lightweight-travel-system-pushchair-isofix-base-in-silver-frame\\\/\",\"url\":\"https:\\\/\\\/forbabyboss.com\\\/product\\\/baby-pram-3in1-lightweight-travel-system-pushchair-isofix-base-in-silver-frame\\\/\",\"name\":\"Baby Pram 3in1 Lightweight Travel System Pushchair Isofix base in silver frame - For Baby Boss\",\"isPartOf\":{\"@id\":\"https:\\\/\\\/powderblue-seahorse-496884.hostingersite.com\\\/#website\"},\"primaryImageOfPage\":{\"@id\":\"https:\\\/\\\/forbabyboss.com\\\/product\\\/baby-pram-3in1-lightweight-travel-system-pushchair-isofix-base-in-silver-frame\\\/#primaryimage\"},\"image\":{\"@id\":\"https:\\\/\\\/forbabyboss.com\\\/product\\\/baby-pram-3in1-lightweight-travel-system-pushchair-isofix-base-in-silver-frame\\\/#primaryimage\"},\"thumbnailUrl\":\"https:\\\/\\\/forbabyboss.com\\\/wp-content\\\/uploads\\\/2022\\\/09\\\/Baby-Buggy-Pram-Lightweight-Folding-3-in-1-Travel-System-Pushchair-Isofix-Base-Silver-SilverFrame.png\",\"datePublished\":\"2022-09-11T15:23:03+00:00\",\"dateModified\":\"2026-02-21T12:38:08+00:00\",\"description\":\"Baby Pram 3in1 Lightweight Travel System Pushchair Isofix base in silver frame\",\"breadcrumb\":{\"@id\":\"https:\\\/\\\/forbabyboss.com\\\/product\\\/baby-pram-3in1-lightweight-travel-system-pushchair-isofix-base-in-silver-frame\\\/#breadcrumb\"},\"inLanguage\":\"ro-RO\",\"potentialAction\":[{\"@type\":\"ReadAction\",\"target\":[\"https:\\\/\\\/forbabyboss.com\\\/product\\\/baby-pram-3in1-lightweight-travel-system-pushchair-isofix-base-in-silver-frame\\\/\"]}]},{\"@type\":\"ImageObject\",\"inLanguage\":\"ro-RO\",\"@id\":\"https:\\\/\\\/forbabyboss.com\\\/product\\\/baby-pram-3in1-lightweight-travel-system-pushchair-isofix-base-in-silver-frame\\\/#primaryimage\",\"url\":\"https:\\\/\\\/forbabyboss.com\\\/wp-content\\\/uploads\\\/2022\\\/09\\\/Baby-Buggy-Pram-Lightweight-Folding-3-in-1-Travel-System-Pushchair-Isofix-Base-Silver-SilverFrame.png\",\"contentUrl\":\"https:\\\/\\\/forbabyboss.com\\\/wp-content\\\/uploads\\\/2022\\\/09\\\/Baby-Buggy-Pram-Lightweight-Folding-3-in-1-Travel-System-Pushchair-Isofix-Base-Silver-SilverFrame.png\",\"width\":1309,\"height\":900},{\"@type\":\"BreadcrumbList\",\"@id\":\"https:\\\/\\\/forbabyboss.com\\\/product\\\/baby-pram-3in1-lightweight-travel-system-pushchair-isofix-base-in-silver-frame\\\/#breadcrumb\",\"itemListElement\":[{\"@type\":\"ListItem\",\"position\":1,\"name\":\"Home\",\"item\":\"https:\\\/\\\/forbabyboss.com\\\/\"},{\"@type\":\"ListItem\",\"position\":2,\"name\":\"Shop\",\"item\":\"https:\\\/\\\/forbabyboss.com\\\/shop\\\/\"},{\"@type\":\"ListItem\",\"position\":3,\"name\":\"Baby Pram 3in1 Lightweight Travel System Pushchair Isofix base in silver frame\"}]},{\"@type\":\"WebSite\",\"@id\":\"https:\\\/\\\/powderblue-seahorse-496884.hostingersite.com\\\/#website\",\"url\":\"https:\\\/\\\/powderblue-seahorse-496884.hostingersite.com\\\/\",\"name\":\"For Baby Boss\",\"description\":\"Beautiful gifts and accessories for your baby boss\",\"potentialAction\":[{\"@type\":\"SearchAction\",\"target\":{\"@type\":\"EntryPoint\",\"urlTemplate\":\"https:\\\/\\\/powderblue-seahorse-496884.hostingersite.com\\\/?s={search_term_string}\"},\"query-input\":{\"@type\":\"PropertyValueSpecification\",\"valueRequired\":true,\"valueName\":\"search_term_string\"}}],\"inLanguage\":\"ro-RO\"}]}<\/script>\n<!-- \/ Yoast SEO plugin. -->","yoast_head_json":{"title":"C\u0103rucior pentru bebelu\u0219i 3 \u00een 1 cu sistem de c\u0103l\u0103torie u\u0219or, baz\u0103 Isofix cu cadru argintiu - Pentru Baby Boss","description":"C\u0103rucior pentru bebelu\u0219i 3 \u00een 1 cu sistem de c\u0103l\u0103torie u\u0219or, baz\u0103 Isofix cu cadru argintiu","robots":{"index":"index","follow":"follow","max-snippet":"max-snippet:-1","max-image-preview":"max-image-preview:large","max-video-preview":"max-video-preview:-1"},"canonical":"https:\/\/forbabyboss.com\/ro\/product\/carucior-pentru-bebelusi-3-in-1-cu-sistem-de-calatorie-usor-baza-isofix-cu-cadru-argintiu\/","og_locale":"ro_RO","og_type":"article","og_title":"Baby Pram 3in1 Lightweight Travel System Pushchair Isofix base in silver frame - For Baby Boss","og_description":"Baby Pram 3in1 Lightweight Travel System Pushchair Isofix base in silver frame","og_url":"https:\/\/forbabyboss.com\/ro\/product\/carucior-pentru-bebelusi-3-in-1-cu-sistem-de-calatorie-usor-baza-isofix-cu-cadru-argintiu\/","og_site_name":"For Baby Boss","article_modified_time":"2026-02-21T12:38:08+00:00","og_image":[{"width":1309,"height":900,"url":"https:\/\/forbabyboss.com\/wp-content\/uploads\/2022\/09\/Baby-Buggy-Pram-Lightweight-Folding-3-in-1-Travel-System-Pushchair-Isofix-Base-Silver-SilverFrame.png","type":"image\/png"}],"twitter_card":"summary_large_image","twitter_misc":{"Timp estimat pentru citire":"3 minute"},"schema":{"@context":"https:\/\/schema.org","@graph":[{"@type":"WebPage","@id":"https:\/\/forbabyboss.com\/product\/baby-pram-3in1-lightweight-travel-system-pushchair-isofix-base-in-silver-frame\/","url":"https:\/\/forbabyboss.com\/product\/baby-pram-3in1-lightweight-travel-system-pushchair-isofix-base-in-silver-frame\/","name":"C\u0103rucior pentru bebelu\u0219i 3 \u00een 1 cu sistem de c\u0103l\u0103torie u\u0219or, baz\u0103 Isofix cu cadru argintiu - Pentru Baby Boss","isPartOf":{"@id":"https:\/\/powderblue-seahorse-496884.hostingersite.com\/#website"},"primaryImageOfPage":{"@id":"https:\/\/forbabyboss.com\/product\/baby-pram-3in1-lightweight-travel-system-pushchair-isofix-base-in-silver-frame\/#primaryimage"},"image":{"@id":"https:\/\/forbabyboss.com\/product\/baby-pram-3in1-lightweight-travel-system-pushchair-isofix-base-in-silver-frame\/#primaryimage"},"thumbnailUrl":"https:\/\/forbabyboss.com\/wp-content\/uploads\/2022\/09\/Baby-Buggy-Pram-Lightweight-Folding-3-in-1-Travel-System-Pushchair-Isofix-Base-Silver-SilverFrame.png","datePublished":"2022-09-11T15:23:03+00:00","dateModified":"2026-02-21T12:38:08+00:00","description":"C\u0103rucior pentru bebelu\u0219i 3 \u00een 1 cu sistem de c\u0103l\u0103torie u\u0219or, baz\u0103 Isofix cu cadru argintiu","breadcrumb":{"@id":"https:\/\/forbabyboss.com\/product\/baby-pram-3in1-lightweight-travel-system-pushchair-isofix-base-in-silver-frame\/#breadcrumb"},"inLanguage":"ro-RO","potentialAction":[{"@type":"ReadAction","target":["https:\/\/forbabyboss.com\/product\/baby-pram-3in1-lightweight-travel-system-pushchair-isofix-base-in-silver-frame\/"]}]},{"@type":"ImageObject","inLanguage":"ro-RO","@id":"https:\/\/forbabyboss.com\/product\/baby-pram-3in1-lightweight-travel-system-pushchair-isofix-base-in-silver-frame\/#primaryimage","url":"https:\/\/forbabyboss.com\/wp-content\/uploads\/2022\/09\/Baby-Buggy-Pram-Lightweight-Folding-3-in-1-Travel-System-Pushchair-Isofix-Base-Silver-SilverFrame.png","contentUrl":"https:\/\/forbabyboss.com\/wp-content\/uploads\/2022\/09\/Baby-Buggy-Pram-Lightweight-Folding-3-in-1-Travel-System-Pushchair-Isofix-Base-Silver-SilverFrame.png","width":1309,"height":900},{"@type":"BreadcrumbList","@id":"https:\/\/forbabyboss.com\/product\/baby-pram-3in1-lightweight-travel-system-pushchair-isofix-base-in-silver-frame\/#breadcrumb","itemListElement":[{"@type":"ListItem","position":1,"name":"Home","item":"https:\/\/forbabyboss.com\/"},{"@type":"ListItem","position":2,"name":"Shop","item":"https:\/\/forbabyboss.com\/shop\/"},{"@type":"ListItem","position":3,"name":"Baby Pram 3in1 Lightweight Travel System Pushchair Isofix base in silver frame"}]},{"@type":"WebSite","@id":"https:\/\/powderblue-seahorse-496884.hostingersite.com\/#website","url":"https:\/\/powderblue-seahorse-496884.hostingersite.com\/","name":"Pentru Baby Boss","description":"Cadouri frumoase \u0219i accesorii pentru \u0219eful copilului dvs.","potentialAction":[{"@type":"SearchAction","target":{"@type":"EntryPoint","urlTemplate":"https:\/\/powderblue-seahorse-496884.hostingersite.com\/?s={search_term_string}"},"query-input":{"@type":"PropertyValueSpecification","valueRequired":true,"valueName":"search_term_string"}}],"inLanguage":"ro-RO"}]}},"_links":{"self":[{"href":"https:\/\/forbabyboss.com\/ro\/wp-json\/wp\/v2\/product\/5255","targetHints":{"allow":["GET"]}}],"collection":[{"href":"https:\/\/forbabyboss.com\/ro\/wp-json\/wp\/v2\/product"}],"about":[{"href":"https:\/\/forbabyboss.com\/ro\/wp-json\/wp\/v2\/types\/product"}],"wp:featuredmedia":[{"embeddable":true,"href":"https:\/\/forbabyboss.com\/ro\/wp-json\/wp\/v2\/media\/5257"}],"wp:attachment":[{"href":"https:\/\/forbabyboss.com\/ro\/wp-json\/wp\/v2\/media?parent=5255"}],"wp:term":[{"taxonomy":"product_brand","embeddable":true,"href":"https:\/\/forbabyboss.com\/ro\/wp-json\/wp\/v2\/product_brand?post=5255"},{"taxonomy":"product_cat","embeddable":true,"href":"https:\/\/forbabyboss.com\/ro\/wp-json\/wp\/v2\/product_cat?post=5255"},{"taxonomy":"product_tag","embeddable":true,"href":"https:\/\/forbabyboss.com\/ro\/wp-json\/wp\/v2\/product_tag?post=5255"}],"curies":[{"name":"wp","href":"https:\/\/api.w.org\/{rel}","templated":true}]}}