{"id":5304,"date":"2022-09-11T16:40:50","date_gmt":"2022-09-11T16:40:50","guid":{"rendered":"http:\/\/forbabyboss.com\/?post_type=product&#038;p=5304"},"modified":"2026-02-21T12:32:01","modified_gmt":"2026-02-21T12:32:01","slug":"carucior-pentru-bebelusi-pliabil-3-in-1-sistem-de-calatorie-reversibil-gri-si-negru","status":"publish","type":"product","link":"https:\/\/forbabyboss.com\/ro\/product\/baby-pram-folding-3in1-reversible-travel-system-pushchair-in-grey-and-black\/","title":{"rendered":"C\u0103rucior pentru bebelu\u0219i, pliabil, 3 \u00een 1, cu sistem de c\u0103l\u0103torie reversibil, gri \u0219i negru"},"content":{"rendered":"<h1 style=\"text-align: justify;\"><strong><span style=\"color: #e14d43;\">C\u0103rucior ad\u00e2nc<\/span><\/strong><\/h1>\n<p style=\"text-align: justify;\"><strong><span style=\"color: #282828;\">Este un cadru u\u0219or, din aluminiu, cu gondol\u0103, destinat \u00een principal transportului \u00een siguran\u021b\u0103 al nou-n\u0103scu\u021bilor \u0219i sugarilor cu greutatea de p\u00e2n\u0103 la 9 kg.<\/span><\/strong><br \/>\n<strong><span style=\"color: #282828;\">Gondola Axel are un copertin rabatabil \u0219i o c\u0103ptu\u0219eal\u0103 moale din bumbac, care poate fi u\u0219or \u00eendep\u0103rtat\u0103 pentru sp\u0103lare.<\/span><\/strong><br \/>\n<strong><span style=\"color: #282828;\">Cabina este echipat\u0103 cu o fereastr\u0103 de ventila\u021bie care se deschide.<\/span><\/strong><br \/>\n<strong><span style=\"color: #282828;\">\u00cen plus, prelatul gondolei ac\u021bioneaz\u0103 ca un paravan de v\u00e2nt.<\/span><\/strong><br \/>\n<strong><span style=\"color: #282828;\">Gondola are \u0219i un sp\u0103tar cu reglare lin\u0103 a \u00een\u0103l\u021bimii.<\/span><\/strong><\/p>\n<h2 style=\"text-align: justify;\"><strong><span style=\"color: #e14d43;\">Caracteristici landou:<\/span><\/strong><\/h2>\n<p style=\"text-align: justify;\"><strong><span style=\"color: #282828;\">\u2705 copertin\u0103 pliabil\u0103 \u2013 protejeaz\u0103 copilul de soare \u0219i ploaie<\/span><\/strong><br \/>\n<strong><span style=\"color: #282828;\">\u2705 c\u0103ptu\u0219eal\u0103 din bumbac \u2013 ofer\u0103 confort maxim \u00een timpul c\u0103l\u0103toriilor (poate fi u\u0219or deta\u0219at\u0103 pentru sp\u0103lare)<\/span><\/strong><br \/>\n<strong><span style=\"color: #282828;\">\u2705 fereastr\u0103 de ventila\u021bie \u2013 asigur\u0103 aer proasp\u0103t \u00een interiorul c\u0103ruciorului<\/span><\/strong><br \/>\n<strong><span style=\"color: #282828;\">\u2705 hus\u0103 \u2013 protejeaz\u0103 copilul de v\u00e2nt \u0219i frig<\/span><\/strong><br \/>\n<strong><span style=\"color: #282828;\">\u2705 landou cu func\u021bie de leag\u0103n \u2013 permite leag\u0103narea copilului (poate fi blocat prin deplierea picioarelor laterale)<\/span><\/strong><br \/>\n<strong><span style=\"color: #282828;\">\u2705 landou cu m\u00e2ner \u00eembr\u0103cat \u00een piele ecologic\u0103 \u2013 pentru o transportare convenabil\u0103.<\/span><\/strong><\/p>\n<h2 style=\"text-align: justify;\"><strong><span style=\"color: #e14d43;\">Scaun auto<\/span><\/strong><\/h2>\n<p style=\"text-align: justify;\"><strong><span style=\"color: #282828;\">Este conceput pentru copii cu greutatea de p\u00e2n\u0103 la 10 kg. Are omologarea ECE R44\/04, care confirm\u0103 c\u0103 produsul \u00eendepline\u0219te standarde stricte de siguran\u021b\u0103 \u0219i poate fi utilizat pentru transportul \u00een siguran\u021b\u0103 al unui copil \u00een ma\u0219in\u0103. \u00cen plus, scaunul auto poate fi montat pe cadrul c\u0103ruciorului, orientat cu fa\u021ba spre \u00eenainte sau spre spate, folosind adaptoarele incluse \u00een set.<\/span><\/strong><\/p>\n<p style=\"text-align: justify;\"><strong><span style=\"color: #282828;\">\u2705 inser\u021bie suplimentar\u0103 pentru bebelu\u0219i \u2013 permite transportul \u00een siguran\u021b\u0103 al nou-n\u0103scu\u021bilor<\/span><\/strong><br \/>\n<strong><span style=\"color: #282828;\">\u2705 m\u00e2ner reglabil \u2013 caracterizat prin cea mai \u00eenalt\u0103 ergonomie (poate fi setat \u00een pozi\u021bia de sprijin)<\/span><\/strong><br \/>\n<strong><span style=\"color: #282828;\">\u2705 func\u021bie de suport \u2013 datorit\u0103 fundului special profilat<\/span><\/strong><br \/>\n<strong><span style=\"color: #282828;\">\u2705 hus\u0103 pentru picioare cu elemente reflectorizante \u2013 protejeaz\u0103 \u00eempotriva frigului (poate fi demontat\u0103)<\/span><\/strong><br \/>\n<strong><span style=\"color: #282828;\">\u2705 vizier\u0103 deta\u0219abil\u0103 pentru ploaie \u0219i soare \u2013 protejeaz\u0103 copilul \u00eempotriva condi\u021biilor meteorologice nefavorabile<\/span><\/strong><br \/>\n<strong><span style=\"color: #282828;\">\u2705 centuri de siguran\u021b\u0103 \u00een trei puncte cu reglare central\u0103 a lungimii \u2013 asigur\u0103 siguran\u021ba \u00een timpul c\u0103l\u0103toriei<\/span><\/strong><br \/>\n<strong><span style=\"color: #282828;\">\u2705 huse suplimentare pentru curelele de um\u0103r \u2013 pentru confort sporit \u00een timpul c\u0103l\u0103toriei<\/span><\/strong><br \/>\n<strong><span style=\"color: #282828;\">\u2705 adaptoare \u2013 care permit montarea scaunului pe cadrul c\u0103ruciorului<\/span><\/strong><\/p>\n<h2 style=\"text-align: justify;\"><strong><span style=\"color: #e14d43;\">C\u0103rucior<\/span><\/strong><\/h2>\n<p style=\"text-align: justify;\"><strong><span style=\"color: #282828;\">C\u0103ruciorul este perfect pentru un copil pu\u021bin mai mare, cu o greutate de p\u00e2n\u0103 la 15 kg. Axel permite dou\u0103 op\u021biuni de montare: cu fa\u021ba spre \u00eenainte sau spre spate - \u00een func\u021bie de preferin\u021be.<\/span><\/strong><br \/>\n<strong><span style=\"color: #282828;\">Un parasolar pliabil \u0219i o hus\u0103 cu func\u021bie de captare a v\u00e2ntului v\u0103 vor proteja copilul de condi\u021biile meteorologice nefavorabile.<\/span><\/strong><\/p>\n<p style=\"text-align: justify;\"><strong><span style=\"color: #282828;\">\u2705 centuri de siguran\u021b\u0103 \u00een cinci puncte cu pernu\u021be moi \u2013 protejeaz\u0103 \u0219i asigur\u0103 confort \u00een timpul c\u0103l\u0103toriei<\/span><\/strong><br \/>\n<strong><span style=\"color: #282828;\">\u2705 barier\u0103 \u0219i suport pentru picioare din piele ecologic\u0103 \u2013 rezistente la deterior\u0103ri \u0219i u\u0219or de cur\u0103\u021bat<\/span><\/strong><br \/>\n<strong><span style=\"color: #282828;\">\u2705 suport pentru picioare reglabil \u2013 pentru o pozi\u021bionare optim\u0103<\/span><\/strong><br \/>\n<strong><span style=\"color: #282828;\">\u2705 sp\u0103tar reglabil \u00een patru pozi\u021bii \u2013 ofer\u0103 o pozi\u021bie optim\u0103 \u0219i cre\u0219te confortul copilului<\/span><\/strong><br \/>\n<strong><span style=\"color: #282828;\">\u2705 cadru cu suspensie moale \u2013 protejeaz\u0103 copilul \u00eempotriva \u0219ocurilor nepl\u0103cute \u00een timpul deplas\u0103rii pe suprafe\u021be denivelate<\/span><\/strong><\/p>\n<h2 style=\"text-align: justify;\"><strong><span style=\"color: #e14d43;\">Cadru<\/span><\/strong><\/h2>\n<p style=\"text-align: justify;\"><strong><span style=\"color: #282828;\">\u2705 structur\u0103 solid\u0103 \u0219i u\u0219oar\u0103 din aluminiu<\/span><\/strong><br \/>\n<strong><span style=\"color: #282828;\">\u2705 ghidaj reglabil acoperit cu piele ecologic\u0103 \u2013 permite ajustarea u\u0219oar\u0103 a c\u0103ruciorului la \u00een\u0103l\u021bimea dumneavoastr\u0103<\/span><\/strong><br \/>\n<strong><span style=\"color: #282828;\">\u2705 suspensie moale \u2013 un sistem inovator de absorb\u021bie a \u0219ocurilor care asigur\u0103 un confort maxim \u00een timpul c\u0103l\u0103toriei<\/span><\/strong><br \/>\n<strong><span style=\"color: #282828;\">\u2705 fr\u00e2n\u0103 central\u0103 (Easy Stop) \u2013 v\u0103 permite s\u0103 bloca\u021bi rapid ro\u021bile c\u0103ruciorului<\/span><\/strong><br \/>\n<strong><span style=\"color: #282828;\">\u2705 posibilitatea instal\u0103rii Buggy Board \u2013 aceast\u0103 func\u021bie se va dovedi util\u0103 atunci c\u00e2nd copilul are un frate sau o sor\u0103 mai mare<\/span><\/strong><br \/>\n<strong><span style=\"color: #282828;\">\u2705 cadru pliabil \u2013 atunci c\u00e2nd este pliat, ocup\u0103 pu\u021bin spa\u021biu \u0219i \u00eencape \u00een portbagajul ma\u0219inii<\/span><\/strong><\/p>\n<p><strong><span style=\"color: #282828;\"><a style=\"color: #282828;\" href=\"http:\/\/forbabyboss.com\/wp-content\/uploads\/2022\/09\/1-6.png\"><img loading=\"lazy\" decoding=\"async\" class=\"alignnone size-full wp-image-5282\" src=\"http:\/\/forbabyboss.com\/wp-content\/uploads\/2022\/09\/1-6.png\" alt=\"\" width=\"1337\" height=\"431\" srcset=\"https:\/\/forbabyboss.com\/wp-content\/uploads\/2022\/09\/1-6.png 1337w, https:\/\/forbabyboss.com\/wp-content\/uploads\/2022\/09\/1-6-800x258.png 800w, https:\/\/forbabyboss.com\/wp-content\/uploads\/2022\/09\/1-6-768x248.png 768w, https:\/\/forbabyboss.com\/wp-content\/uploads\/2022\/09\/1-6-600x193.png 600w\" sizes=\"auto, (max-width: 1337px) 100vw, 1337px\" \/><\/a><\/span><\/strong><\/p>\n<p><strong><span style=\"color: #282828;\"><a style=\"color: #282828;\" href=\"http:\/\/forbabyboss.com\/wp-content\/uploads\/2022\/09\/2-4.png\"><img loading=\"lazy\" decoding=\"async\" class=\"alignnone size-full wp-image-5283\" src=\"http:\/\/forbabyboss.com\/wp-content\/uploads\/2022\/09\/2-4.png\" alt=\"\" width=\"1309\" height=\"504\" srcset=\"https:\/\/forbabyboss.com\/wp-content\/uploads\/2022\/09\/2-4.png 1309w, https:\/\/forbabyboss.com\/wp-content\/uploads\/2022\/09\/2-4-800x308.png 800w, https:\/\/forbabyboss.com\/wp-content\/uploads\/2022\/09\/2-4-768x296.png 768w, https:\/\/forbabyboss.com\/wp-content\/uploads\/2022\/09\/2-4-600x231.png 600w\" sizes=\"auto, (max-width: 1309px) 100vw, 1309px\" \/><\/a><\/span><\/strong><\/p>\n<p><strong><span style=\"color: #282828;\"><a style=\"color: #282828;\" href=\"http:\/\/forbabyboss.com\/wp-content\/uploads\/2022\/09\/3-2.png\"><img loading=\"lazy\" decoding=\"async\" class=\"alignnone size-full wp-image-5284\" src=\"http:\/\/forbabyboss.com\/wp-content\/uploads\/2022\/09\/3-2.png\" alt=\"\" width=\"1291\" height=\"418\" srcset=\"https:\/\/forbabyboss.com\/wp-content\/uploads\/2022\/09\/3-2.png 1291w, https:\/\/forbabyboss.com\/wp-content\/uploads\/2022\/09\/3-2-800x259.png 800w, https:\/\/forbabyboss.com\/wp-content\/uploads\/2022\/09\/3-2-768x249.png 768w, https:\/\/forbabyboss.com\/wp-content\/uploads\/2022\/09\/3-2-600x194.png 600w\" sizes=\"auto, (max-width: 1291px) 100vw, 1291px\" \/><\/a><\/span><\/strong><\/p>\n<p><strong><span style=\"color: #282828;\"><a style=\"color: #282828;\" href=\"http:\/\/forbabyboss.com\/wp-content\/uploads\/2022\/09\/4-2.png\"><img loading=\"lazy\" decoding=\"async\" class=\"alignnone size-full wp-image-5285\" src=\"http:\/\/forbabyboss.com\/wp-content\/uploads\/2022\/09\/4-2.png\" alt=\"\" width=\"1309\" height=\"431\" srcset=\"https:\/\/forbabyboss.com\/wp-content\/uploads\/2022\/09\/4-2.png 1309w, https:\/\/forbabyboss.com\/wp-content\/uploads\/2022\/09\/4-2-800x263.png 800w, https:\/\/forbabyboss.com\/wp-content\/uploads\/2022\/09\/4-2-768x253.png 768w, https:\/\/forbabyboss.com\/wp-content\/uploads\/2022\/09\/4-2-600x198.png 600w\" sizes=\"auto, (max-width: 1309px) 100vw, 1309px\" \/><\/a><\/span><\/strong><\/p>\n<p><strong><span style=\"color: #282828;\"><a style=\"color: #282828;\" href=\"http:\/\/forbabyboss.com\/wp-content\/uploads\/2022\/09\/5-2.png\"><img loading=\"lazy\" decoding=\"async\" class=\"alignnone size-full wp-image-5286\" src=\"http:\/\/forbabyboss.com\/wp-content\/uploads\/2022\/09\/5-2.png\" alt=\"\" width=\"1341\" height=\"438\" srcset=\"https:\/\/forbabyboss.com\/wp-content\/uploads\/2022\/09\/5-2.png 1341w, https:\/\/forbabyboss.com\/wp-content\/uploads\/2022\/09\/5-2-800x261.png 800w, https:\/\/forbabyboss.com\/wp-content\/uploads\/2022\/09\/5-2-768x251.png 768w, https:\/\/forbabyboss.com\/wp-content\/uploads\/2022\/09\/5-2-600x196.png 600w\" sizes=\"auto, (max-width: 1341px) 100vw, 1341px\" \/><\/a><\/span><\/strong><\/p>\n<p><strong><span style=\"color: #282828;\"><a style=\"color: #282828;\" href=\"http:\/\/forbabyboss.com\/wp-content\/uploads\/2022\/09\/Easy-Fold-1.png\"><img loading=\"lazy\" decoding=\"async\" class=\"alignnone size-full wp-image-5039\" src=\"http:\/\/forbabyboss.com\/wp-content\/uploads\/2022\/09\/Easy-Fold-1.png\" alt=\"\" width=\"1141\" height=\"409\" srcset=\"https:\/\/forbabyboss.com\/wp-content\/uploads\/2022\/09\/Easy-Fold-1.png 1141w, https:\/\/forbabyboss.com\/wp-content\/uploads\/2022\/09\/Easy-Fold-1-800x287.png 800w, https:\/\/forbabyboss.com\/wp-content\/uploads\/2022\/09\/Easy-Fold-1-768x275.png 768w, https:\/\/forbabyboss.com\/wp-content\/uploads\/2022\/09\/Easy-Fold-1-600x215.png 600w\" sizes=\"auto, (max-width: 1141px) 100vw, 1141px\" \/><\/a><\/span><\/strong><\/p>\n<p>&nbsp;<\/p>\n<p>&nbsp;<\/p>\n<p><strong><a href=\"http:\/\/forbabyboss.com\/wp-content\/uploads\/2022\/09\/checkout.png\"><img loading=\"lazy\" decoding=\"async\" class=\"alignnone wp-image-5965\" src=\"http:\/\/forbabyboss.com\/wp-content\/uploads\/2022\/09\/checkout.png\" alt=\"\" width=\"1022\" height=\"376\" srcset=\"https:\/\/forbabyboss.com\/wp-content\/uploads\/2022\/09\/checkout.png 750w, https:\/\/forbabyboss.com\/wp-content\/uploads\/2022\/09\/checkout-600x221.png 600w\" sizes=\"auto, (max-width: 1022px) 100vw, 1022px\" \/><\/a><\/strong><\/p>\n<p>&nbsp;<\/p>","protected":false},"excerpt":{"rendered":"<p><a href=\"http:\/\/forbabyboss.com\/wp-content\/uploads\/2022\/09\/Star-Rating-5.png\"><img loading=\"lazy\" decoding=\"async\" class=\"alignnone size-full wp-image-5973 aligncenter\" src=\"http:\/\/forbabyboss.com\/wp-content\/uploads\/2022\/09\/Star-Rating-5.png\" alt=\"\" width=\"275\" height=\"45\" \/><\/a><\/p>\n<p style=\"text-align: center;\"><span style=\"color: #ed1c24; font-size: 120%;\"><b>GARAN\u021aIE DE POTRIVIRE A PRE\u021aULUI<\/b><\/span><\/p>\n<p style=\"text-align: center;\"><span style=\"font-size: 115%;\"><span style=\"font-weight: 400; color: #4f4fa7;\">Livrare gratuit\u0103<\/span><span style=\"font-weight: 400;\"> \u2013 2 \u2013 7 zile<\/span><\/span><\/p>\n<p style=\"text-align: center;\"><strong><span style=\"color: #29606b;\">Cadou gratuit la achizi\u021bii de peste 100 de lire sterline<\/span><\/strong><\/p>","protected":false},"featured_media":5305,"template":"","meta":[],"product_brand":[370],"product_cat":[337,339,156,207,305,210,130,211],"product_tag":[202,199],"class_list":{"0":"post-5304","1":"product","2":"type-product","3":"status-publish","4":"has-post-thumbnail","6":"product_brand-babylux","7":"product_cat-500-to-600","8":"product_cat-700-to-800","9":"product_cat-3-in-1","10":"product_cat-black","11":"product_cat-colour","12":"product_cat-grey","13":"product_cat-prams","14":"product_cat-stroller","15":"product_tag-3-in-1-pram","16":"product_tag-prams","18":"first","19":"instock","20":"sale","21":"shipping-taxable","22":"purchasable","23":"product-type-simple"},"yoast_head":"<!-- This site is optimized with the Yoast SEO plugin v27.5 - https:\/\/yoast.com\/product\/yoast-seo-wordpress\/ -->\n<title>Baby Pram Folding 3in1 Reversible Travel System Pushchair in Grey and Black - For Baby Boss<\/title>\n<meta name=\"description\" content=\"Baby Pram Folding 3in1 Reversible Travel System Pushchair in Grey and Black\" \/>\n<meta name=\"robots\" content=\"index, follow, max-snippet:-1, max-image-preview:large, max-video-preview:-1\" \/>\n<link rel=\"canonical\" href=\"https:\/\/forbabyboss.com\/ro\/product\/carucior-pentru-bebelusi-pliabil-3-in-1-sistem-de-calatorie-reversibil-gri-si-negru\/\" \/>\n<meta property=\"og:locale\" content=\"ro_RO\" \/>\n<meta property=\"og:type\" content=\"article\" \/>\n<meta property=\"og:title\" content=\"Baby Pram Folding 3in1 Reversible Travel System Pushchair in Grey and Black - For Baby Boss\" \/>\n<meta property=\"og:description\" content=\"Baby Pram Folding 3in1 Reversible Travel System Pushchair in Grey and Black\" \/>\n<meta property=\"og:url\" content=\"https:\/\/forbabyboss.com\/ro\/product\/carucior-pentru-bebelusi-pliabil-3-in-1-sistem-de-calatorie-reversibil-gri-si-negru\/\" \/>\n<meta property=\"og:site_name\" content=\"For Baby Boss\" \/>\n<meta property=\"article:modified_time\" content=\"2026-02-21T12:32:01+00:00\" \/>\n<meta property=\"og:image\" content=\"https:\/\/forbabyboss.com\/wp-content\/uploads\/2022\/09\/Pram-Buggy-Pushchair-3-in-1-Travel-System-Car-Seat-Bassinet-Folding-Reversible-Grey-Black.png\" \/>\n\t<meta property=\"og:image:width\" content=\"1395\" \/>\n\t<meta property=\"og:image:height\" content=\"900\" \/>\n\t<meta property=\"og:image:type\" content=\"image\/png\" \/>\n<meta name=\"twitter:card\" content=\"summary_large_image\" \/>\n<meta name=\"twitter:label1\" content=\"Timp estimat pentru citire\" \/>\n\t<meta name=\"twitter:data1\" content=\"4 minute\" \/>\n<script type=\"application\/ld+json\" class=\"yoast-schema-graph\">{\"@context\":\"https:\\\/\\\/schema.org\",\"@graph\":[{\"@type\":\"WebPage\",\"@id\":\"https:\\\/\\\/forbabyboss.com\\\/product\\\/baby-pram-folding-3in1-reversible-travel-system-pushchair-in-grey-and-black\\\/\",\"url\":\"https:\\\/\\\/forbabyboss.com\\\/product\\\/baby-pram-folding-3in1-reversible-travel-system-pushchair-in-grey-and-black\\\/\",\"name\":\"Baby Pram Folding 3in1 Reversible Travel System Pushchair in Grey and Black - For Baby Boss\",\"isPartOf\":{\"@id\":\"https:\\\/\\\/powderblue-seahorse-496884.hostingersite.com\\\/#website\"},\"primaryImageOfPage\":{\"@id\":\"https:\\\/\\\/forbabyboss.com\\\/product\\\/baby-pram-folding-3in1-reversible-travel-system-pushchair-in-grey-and-black\\\/#primaryimage\"},\"image\":{\"@id\":\"https:\\\/\\\/forbabyboss.com\\\/product\\\/baby-pram-folding-3in1-reversible-travel-system-pushchair-in-grey-and-black\\\/#primaryimage\"},\"thumbnailUrl\":\"https:\\\/\\\/forbabyboss.com\\\/wp-content\\\/uploads\\\/2022\\\/09\\\/Pram-Buggy-Pushchair-3-in-1-Travel-System-Car-Seat-Bassinet-Folding-Reversible-Grey-Black.png\",\"datePublished\":\"2022-09-11T16:40:50+00:00\",\"dateModified\":\"2026-02-21T12:32:01+00:00\",\"description\":\"Baby Pram Folding 3in1 Reversible Travel System Pushchair in Grey and Black\",\"breadcrumb\":{\"@id\":\"https:\\\/\\\/forbabyboss.com\\\/product\\\/baby-pram-folding-3in1-reversible-travel-system-pushchair-in-grey-and-black\\\/#breadcrumb\"},\"inLanguage\":\"ro-RO\",\"potentialAction\":[{\"@type\":\"ReadAction\",\"target\":[\"https:\\\/\\\/forbabyboss.com\\\/product\\\/baby-pram-folding-3in1-reversible-travel-system-pushchair-in-grey-and-black\\\/\"]}]},{\"@type\":\"ImageObject\",\"inLanguage\":\"ro-RO\",\"@id\":\"https:\\\/\\\/forbabyboss.com\\\/product\\\/baby-pram-folding-3in1-reversible-travel-system-pushchair-in-grey-and-black\\\/#primaryimage\",\"url\":\"https:\\\/\\\/forbabyboss.com\\\/wp-content\\\/uploads\\\/2022\\\/09\\\/Pram-Buggy-Pushchair-3-in-1-Travel-System-Car-Seat-Bassinet-Folding-Reversible-Grey-Black.png\",\"contentUrl\":\"https:\\\/\\\/forbabyboss.com\\\/wp-content\\\/uploads\\\/2022\\\/09\\\/Pram-Buggy-Pushchair-3-in-1-Travel-System-Car-Seat-Bassinet-Folding-Reversible-Grey-Black.png\",\"width\":1395,\"height\":900},{\"@type\":\"BreadcrumbList\",\"@id\":\"https:\\\/\\\/forbabyboss.com\\\/product\\\/baby-pram-folding-3in1-reversible-travel-system-pushchair-in-grey-and-black\\\/#breadcrumb\",\"itemListElement\":[{\"@type\":\"ListItem\",\"position\":1,\"name\":\"Home\",\"item\":\"https:\\\/\\\/forbabyboss.com\\\/\"},{\"@type\":\"ListItem\",\"position\":2,\"name\":\"Shop\",\"item\":\"https:\\\/\\\/forbabyboss.com\\\/shop\\\/\"},{\"@type\":\"ListItem\",\"position\":3,\"name\":\"Baby Pram Folding 3in1 Reversible Travel System Pushchair in Grey and Black\"}]},{\"@type\":\"WebSite\",\"@id\":\"https:\\\/\\\/powderblue-seahorse-496884.hostingersite.com\\\/#website\",\"url\":\"https:\\\/\\\/powderblue-seahorse-496884.hostingersite.com\\\/\",\"name\":\"For Baby Boss\",\"description\":\"Beautiful gifts and accessories for your baby boss\",\"potentialAction\":[{\"@type\":\"SearchAction\",\"target\":{\"@type\":\"EntryPoint\",\"urlTemplate\":\"https:\\\/\\\/powderblue-seahorse-496884.hostingersite.com\\\/?s={search_term_string}\"},\"query-input\":{\"@type\":\"PropertyValueSpecification\",\"valueRequired\":true,\"valueName\":\"search_term_string\"}}],\"inLanguage\":\"ro-RO\"}]}<\/script>\n<!-- \/ Yoast SEO plugin. -->","yoast_head_json":{"title":"C\u0103rucior pentru bebelu\u0219i, pliabil, 3 \u00een 1, reversibil, gri \u0219i negru - Pentru Baby Boss","description":"C\u0103rucior pentru bebelu\u0219i, pliabil, 3 \u00een 1, cu sistem de c\u0103l\u0103torie reversibil, gri \u0219i negru","robots":{"index":"index","follow":"follow","max-snippet":"max-snippet:-1","max-image-preview":"max-image-preview:large","max-video-preview":"max-video-preview:-1"},"canonical":"https:\/\/forbabyboss.com\/ro\/product\/carucior-pentru-bebelusi-pliabil-3-in-1-sistem-de-calatorie-reversibil-gri-si-negru\/","og_locale":"ro_RO","og_type":"article","og_title":"Baby Pram Folding 3in1 Reversible Travel System Pushchair in Grey and Black - For Baby Boss","og_description":"Baby Pram Folding 3in1 Reversible Travel System Pushchair in Grey and Black","og_url":"https:\/\/forbabyboss.com\/ro\/product\/carucior-pentru-bebelusi-pliabil-3-in-1-sistem-de-calatorie-reversibil-gri-si-negru\/","og_site_name":"For Baby Boss","article_modified_time":"2026-02-21T12:32:01+00:00","og_image":[{"width":1395,"height":900,"url":"https:\/\/forbabyboss.com\/wp-content\/uploads\/2022\/09\/Pram-Buggy-Pushchair-3-in-1-Travel-System-Car-Seat-Bassinet-Folding-Reversible-Grey-Black.png","type":"image\/png"}],"twitter_card":"summary_large_image","twitter_misc":{"Timp estimat pentru citire":"4 minute"},"schema":{"@context":"https:\/\/schema.org","@graph":[{"@type":"WebPage","@id":"https:\/\/forbabyboss.com\/product\/baby-pram-folding-3in1-reversible-travel-system-pushchair-in-grey-and-black\/","url":"https:\/\/forbabyboss.com\/product\/baby-pram-folding-3in1-reversible-travel-system-pushchair-in-grey-and-black\/","name":"C\u0103rucior pentru bebelu\u0219i, pliabil, 3 \u00een 1, reversibil, gri \u0219i negru - Pentru Baby Boss","isPartOf":{"@id":"https:\/\/powderblue-seahorse-496884.hostingersite.com\/#website"},"primaryImageOfPage":{"@id":"https:\/\/forbabyboss.com\/product\/baby-pram-folding-3in1-reversible-travel-system-pushchair-in-grey-and-black\/#primaryimage"},"image":{"@id":"https:\/\/forbabyboss.com\/product\/baby-pram-folding-3in1-reversible-travel-system-pushchair-in-grey-and-black\/#primaryimage"},"thumbnailUrl":"https:\/\/forbabyboss.com\/wp-content\/uploads\/2022\/09\/Pram-Buggy-Pushchair-3-in-1-Travel-System-Car-Seat-Bassinet-Folding-Reversible-Grey-Black.png","datePublished":"2022-09-11T16:40:50+00:00","dateModified":"2026-02-21T12:32:01+00:00","description":"C\u0103rucior pentru bebelu\u0219i, pliabil, 3 \u00een 1, cu sistem de c\u0103l\u0103torie reversibil, gri \u0219i negru","breadcrumb":{"@id":"https:\/\/forbabyboss.com\/product\/baby-pram-folding-3in1-reversible-travel-system-pushchair-in-grey-and-black\/#breadcrumb"},"inLanguage":"ro-RO","potentialAction":[{"@type":"ReadAction","target":["https:\/\/forbabyboss.com\/product\/baby-pram-folding-3in1-reversible-travel-system-pushchair-in-grey-and-black\/"]}]},{"@type":"ImageObject","inLanguage":"ro-RO","@id":"https:\/\/forbabyboss.com\/product\/baby-pram-folding-3in1-reversible-travel-system-pushchair-in-grey-and-black\/#primaryimage","url":"https:\/\/forbabyboss.com\/wp-content\/uploads\/2022\/09\/Pram-Buggy-Pushchair-3-in-1-Travel-System-Car-Seat-Bassinet-Folding-Reversible-Grey-Black.png","contentUrl":"https:\/\/forbabyboss.com\/wp-content\/uploads\/2022\/09\/Pram-Buggy-Pushchair-3-in-1-Travel-System-Car-Seat-Bassinet-Folding-Reversible-Grey-Black.png","width":1395,"height":900},{"@type":"BreadcrumbList","@id":"https:\/\/forbabyboss.com\/product\/baby-pram-folding-3in1-reversible-travel-system-pushchair-in-grey-and-black\/#breadcrumb","itemListElement":[{"@type":"ListItem","position":1,"name":"Home","item":"https:\/\/forbabyboss.com\/"},{"@type":"ListItem","position":2,"name":"Shop","item":"https:\/\/forbabyboss.com\/shop\/"},{"@type":"ListItem","position":3,"name":"Baby Pram Folding 3in1 Reversible Travel System Pushchair in Grey and Black"}]},{"@type":"WebSite","@id":"https:\/\/powderblue-seahorse-496884.hostingersite.com\/#website","url":"https:\/\/powderblue-seahorse-496884.hostingersite.com\/","name":"Pentru Baby Boss","description":"Cadouri frumoase \u0219i accesorii pentru \u0219eful copilului dvs.","potentialAction":[{"@type":"SearchAction","target":{"@type":"EntryPoint","urlTemplate":"https:\/\/powderblue-seahorse-496884.hostingersite.com\/?s={search_term_string}"},"query-input":{"@type":"PropertyValueSpecification","valueRequired":true,"valueName":"search_term_string"}}],"inLanguage":"ro-RO"}]}},"_links":{"self":[{"href":"https:\/\/forbabyboss.com\/ro\/wp-json\/wp\/v2\/product\/5304","targetHints":{"allow":["GET"]}}],"collection":[{"href":"https:\/\/forbabyboss.com\/ro\/wp-json\/wp\/v2\/product"}],"about":[{"href":"https:\/\/forbabyboss.com\/ro\/wp-json\/wp\/v2\/types\/product"}],"wp:featuredmedia":[{"embeddable":true,"href":"https:\/\/forbabyboss.com\/ro\/wp-json\/wp\/v2\/media\/5305"}],"wp:attachment":[{"href":"https:\/\/forbabyboss.com\/ro\/wp-json\/wp\/v2\/media?parent=5304"}],"wp:term":[{"taxonomy":"product_brand","embeddable":true,"href":"https:\/\/forbabyboss.com\/ro\/wp-json\/wp\/v2\/product_brand?post=5304"},{"taxonomy":"product_cat","embeddable":true,"href":"https:\/\/forbabyboss.com\/ro\/wp-json\/wp\/v2\/product_cat?post=5304"},{"taxonomy":"product_tag","embeddable":true,"href":"https:\/\/forbabyboss.com\/ro\/wp-json\/wp\/v2\/product_tag?post=5304"}],"curies":[{"name":"wp","href":"https:\/\/api.w.org\/{rel}","templated":true}]}}