{"id":5370,"date":"2022-09-13T09:27:08","date_gmt":"2022-09-13T09:27:08","guid":{"rendered":"http:\/\/forbabyboss.com\/?post_type=product&#038;p=5370"},"modified":"2026-02-21T12:21:17","modified_gmt":"2026-02-21T12:21:17","slug":"carucior-pentru-bebelusi-de-la-nastere-sistem-de-calatorie-3-in-1-baza-isofix-gri-flexibila-cadru-alb-negru","status":"publish","type":"product","link":"https:\/\/forbabyboss.com\/ro\/product\/baby-pram-from-birth-pushchair-buggy-3-in1-travel-system-boys-girls-isofix-base-grey-flex-black-white-frame\/","title":{"rendered":"C\u0103rucior pentru bebelu\u0219i de la na\u0219tere, sistem de c\u0103l\u0103torie 3 \u00een 1, baz\u0103 ISOFIX pentru b\u0103ie\u021bi \u0219i fete \u2013 gri flexibil, cadru negru-alb"},"content":{"rendered":"<p style=\"text-align: justify;\">Acest c\u0103rucior este perfect pentru cei care caut\u0103 frumuse\u021be \u0219i un prim c\u0103rucior excep\u021bional pentru micu\u021bii lor.<br \/>\nOptimal este o colec\u021bie de c\u0103rucioare func\u021bionale, sigure \u0219i colorate.<br \/>\nM\u00e2nerul este acoperit cu piele ecologic\u0103, foarte moale la atingere.<br \/>\nUn alt avantaj al acestui c\u0103rucior este cadrul confortabil, bine suspendat, extrem de u\u0219or de utilizat.<br \/>\nC\u0103ruciorul \u00een sine este foarte u\u0219or, se conduce frumos.<br \/>\nSistemul u\u0219or de asamblare va fi apreciat de fiecare mam\u0103 \u0219i tat\u0103.<br \/>\nC\u0103ruciorul este compact, a\u0219a c\u0103 nu ve\u021bi avea probleme s\u0103 v\u0103 deplasa\u021bi prin pasaje \u00eenguste.<br \/>\nAm dori s\u0103 remarca\u021bi posibilitatea de a regla gondola din exterior \u0219i sistemul de suspensie pe ro\u021bi.<br \/>\nTapi\u021beria c\u0103ruciorului este fabricat\u0103 din \u021bes\u0103turi impregnate de cea mai \u00eenalt\u0103 calitate, prietenoase cu copiii.<br \/>\nInteriorul gondolei este umplut cu material hipoalergenic din bumbac.<br \/>\nTapi\u021beria poate fi deta\u0219at\u0103 pentru sp\u0103lare.<\/p>\n<p style=\"text-align: justify;\">cadru cu m\u00e2ner din piele,<br \/>\ngondol\u0103 cu m\u00e2ner din piele ecologic\u0103<br \/>\nsistem de c\u0103rucior<br \/>\nadaptoare pentru scaun auto pentru montare pe cadru<br \/>\ngeant\u0103 mare<br \/>\nro\u021bi cu gel rezistente la perforare<br \/>\ncabin\u0103 \u0219i hus\u0103 izolat\u0103 pentru picioare pentru op\u021biunea de c\u0103rucior<br \/>\nCabin\u0103 \u0219i acoperire pentru gondol\u0103<br \/>\ncabin\u0103 \u0219i o hus\u0103 pentru picioarele scaunului auto<br \/>\nsaltea pentru c\u0103rucior<\/p>\n<h3><strong>C\u0103rucior:<\/strong><\/h3>\n<ul>\n<li>Glug\u0103 reglabil\u0103 \/ C\u0103ptu\u0219eal\u0103 de lux \/ M\u00e2ner de transport \/ Bar\u0103 de protec\u021bie deta\u0219abil\u0103<\/li>\n<li>Bar<\/li>\n<li>Interiorul este fabricat din bumbac hipoalergenic, respirabil, potrivit pentru copii.<\/li>\n<li>Ro\u021bi fa\u021b\u0103 umflabile, blocabile, pivotante la 360\u00b0, cu rulmen\u021bi,<br \/>\nfr\u00e2n\u0103 central\u0103 \u201cstop &amp; go\u201d;<\/li>\n<li>Capot\u0103 extensibil\u0103 pentru o protec\u021bie mai bun\u0103 a umbrei \u00een unitatea scaunului;<br \/>\nlandou echipat cu sp\u0103tar reglabil \u00een 4 puncte<br \/>\nlandou \u0219i capota scaunului ventilate;<\/li>\n<li>M\u00e2ner reglabil \u00een 4 puncte, acoperit cu piele ecologic\u0103;<br \/>\nun sistem orientat spre \u00eenainte \u0219i spre spate,<\/li>\n<\/ul>\n<h2><strong>Dimensiuni:<\/strong><\/h2>\n<ul>\n<li style=\"text-align: justify;\">Landou<\/li>\n<li style=\"text-align: justify;\">greutate \u2013 4,2 kg<\/li>\n<li style=\"text-align: justify;\">greutatea total\u0103 a c\u0103ruciorului \u2013 14 kg<\/li>\n<li style=\"text-align: justify;\">cadru cu landou: \u00ce. 126 cm x l. 59,5 cm x L. 100 cm<\/li>\n<li style=\"text-align: justify;\">Dimensiuni interne: l\u0103\u021bime 36 cm x lungime 91 cm x ad\u00e2ncime 21 cm<\/li>\n<\/ul>\n<h3 style=\"text-align: justify;\"><strong>C\u0103rucior:<\/strong><\/h3>\n<ul>\n<li style=\"text-align: justify;\">cadru cu ro\u021bi: 13,7 kg<\/li>\n<li style=\"text-align: justify;\">Dimensiunile c\u0103ruciorului: \u00ce. 114 cm x l. 59,5 cm x L. 90 cm<\/li>\n<\/ul>\n<h3 style=\"text-align: justify;\"><strong>Scaun auto:<\/strong><\/h3>\n<ul>\n<li style=\"text-align: justify;\">Greutate: 4,8 kg<\/li>\n<li style=\"text-align: justify;\">scaun auto cu cadru \u0219i ro\u021bi: 14,8 kg<\/li>\n<li style=\"text-align: justify;\">cadru cu scaun auto: \u00ce. 108 cm x l. 63 cm x L. 84 cm<\/li>\n<\/ul>\n<h4 style=\"text-align: justify;\"><strong>Cadru:<\/strong><\/h4>\n<ul>\n<li style=\"text-align: justify;\">cadru cu ro\u021bi: 9,8 kg<\/li>\n<li style=\"text-align: justify;\">Diametrul ro\u021bilor: fa\u021b\u0103 25 cm, spate 31 cm<\/li>\n<\/ul>\n<h4 style=\"text-align: justify;\"><strong>Scaun auto confortabil:<\/strong><\/h4>\n<ul>\n<li style=\"text-align: justify;\">Grupa 0-10 kg:<\/li>\n<li style=\"text-align: justify;\">Montat pe c\u0103rucior cu ajutorul adaptorului<\/li>\n<li style=\"text-align: justify;\">Ham cu 3 puncte<\/li>\n<li style=\"text-align: justify;\">M\u00e2ner reglabil pentru transport<\/li>\n<li style=\"text-align: justify;\">Hus\u0103 deta\u0219abil\u0103<\/li>\n<li style=\"text-align: justify;\">Centuri de siguran\u021b\u0103 reglabile pe \u00een\u0103l\u021bime<\/li>\n<li style=\"text-align: justify;\">Mod orientat spre fa\u021b\u0103 sau spre spate<\/li>\n<\/ul>\n<p style=\"text-align: justify;\"><a href=\"http:\/\/forbabyboss.com\/wp-content\/uploads\/2022\/09\/checkout.png\"><img loading=\"lazy\" decoding=\"async\" class=\"alignnone size-full wp-image-5965\" src=\"http:\/\/forbabyboss.com\/wp-content\/uploads\/2022\/09\/checkout.png\" alt=\"\" width=\"750\" height=\"276\" srcset=\"https:\/\/forbabyboss.com\/wp-content\/uploads\/2022\/09\/checkout.png 750w, https:\/\/forbabyboss.com\/wp-content\/uploads\/2022\/09\/checkout-600x221.png 600w\" sizes=\"auto, (max-width: 750px) 100vw, 750px\" \/><\/a><\/p>","protected":false},"excerpt":{"rendered":"<p><a href=\"http:\/\/forbabyboss.com\/wp-content\/uploads\/2022\/09\/Star-Rating-5.png\"><img loading=\"lazy\" decoding=\"async\" class=\"alignnone size-full wp-image-5973 aligncenter\" src=\"http:\/\/forbabyboss.com\/wp-content\/uploads\/2022\/09\/Star-Rating-5.png\" alt=\"\" width=\"275\" height=\"45\" \/><\/a><\/p>\n<p style=\"text-align: center;\"><span style=\"color: #ed1c24; font-size: 120%;\"><b>GARAN\u021aIE DE POTRIVIRE A PRE\u021aULUI<\/b><\/span><\/p>\n<p style=\"text-align: center;\"><span style=\"font-size: 115%;\"><span style=\"font-weight: 400; color: #4f4fa7;\">Livrare gratuit\u0103<\/span><span style=\"font-weight: 400;\"> \u2013 2 \u2013 7 zile<\/span><\/span><\/p>\n<p style=\"text-align: center;\"><strong><span style=\"color: #29606b;\">Cadou gratuit la achizi\u021bii de peste 100 de lire sterline<\/span><\/strong><\/p>","protected":false},"featured_media":5371,"template":"","meta":[],"product_brand":[370],"product_cat":[337,339,156,207,210,130,229],"product_tag":[163,199],"class_list":{"0":"post-5370","1":"product","2":"type-product","3":"status-publish","4":"has-post-thumbnail","6":"product_brand-babylux","7":"product_cat-500-to-600","8":"product_cat-700-to-800","9":"product_cat-3-in-1","10":"product_cat-black","11":"product_cat-grey","12":"product_cat-prams","13":"product_cat-white","14":"product_tag-3-in-1-prams","15":"product_tag-prams","17":"first","18":"instock","19":"sale","20":"shipping-taxable","21":"purchasable","22":"product-type-simple"},"yoast_head":"<!-- This site is optimized with the Yoast SEO plugin v27.5 - https:\/\/yoast.com\/product\/yoast-seo-wordpress\/ -->\n<title>Baby Pram From Birth Pushchair Buggy 3 in1 Travel System Boys Girls ISOFIX BASE - Grey flex Black- white frame - For Baby Boss<\/title>\n<meta name=\"description\" content=\"Baby Pram From Birth Pushchair Buggy 3 in1 Travel System Boys Girls ISOFIX BASE - Grey flex Black- white frame\" \/>\n<meta name=\"robots\" content=\"index, follow, max-snippet:-1, max-image-preview:large, max-video-preview:-1\" \/>\n<link rel=\"canonical\" href=\"https:\/\/forbabyboss.com\/ro\/product\/carucior-pentru-bebelusi-de-la-nastere-sistem-de-calatorie-3-in-1-baza-isofix-gri-flexibila-cadru-alb-negru\/\" \/>\n<meta property=\"og:locale\" content=\"ro_RO\" \/>\n<meta property=\"og:type\" content=\"article\" \/>\n<meta property=\"og:title\" content=\"Baby Pram From Birth Pushchair Buggy 3 in1 Travel System Boys Girls ISOFIX BASE - Grey flex Black- white frame - For Baby Boss\" \/>\n<meta property=\"og:description\" content=\"Baby Pram From Birth Pushchair Buggy 3 in1 Travel System Boys Girls ISOFIX BASE - Grey flex Black- white frame\" \/>\n<meta property=\"og:url\" content=\"https:\/\/forbabyboss.com\/ro\/product\/carucior-pentru-bebelusi-de-la-nastere-sistem-de-calatorie-3-in-1-baza-isofix-gri-flexibila-cadru-alb-negru\/\" \/>\n<meta property=\"og:site_name\" content=\"For Baby Boss\" \/>\n<meta property=\"article:modified_time\" content=\"2026-02-21T12:21:17+00:00\" \/>\n<meta property=\"og:image\" content=\"https:\/\/forbabyboss.com\/wp-content\/uploads\/2022\/09\/Baby-Pram-From-Birth-Pushchair-Buggy-3-in1-Travel-System-Boys-Girls-ISOFIX-BASE-Grey-flex-Black-white-frame_main.png\" \/>\n\t<meta property=\"og:image:width\" content=\"1600\" \/>\n\t<meta property=\"og:image:height\" content=\"1156\" \/>\n\t<meta property=\"og:image:type\" content=\"image\/png\" \/>\n<meta name=\"twitter:card\" content=\"summary_large_image\" \/>\n<meta name=\"twitter:label1\" content=\"Timp estimat pentru citire\" \/>\n\t<meta name=\"twitter:data1\" content=\"2 minute\" \/>\n<script type=\"application\/ld+json\" class=\"yoast-schema-graph\">{\"@context\":\"https:\\\/\\\/schema.org\",\"@graph\":[{\"@type\":\"WebPage\",\"@id\":\"https:\\\/\\\/forbabyboss.com\\\/product\\\/baby-pram-from-birth-pushchair-buggy-3-in1-travel-system-boys-girls-isofix-base-grey-flex-black-white-frame\\\/\",\"url\":\"https:\\\/\\\/forbabyboss.com\\\/product\\\/baby-pram-from-birth-pushchair-buggy-3-in1-travel-system-boys-girls-isofix-base-grey-flex-black-white-frame\\\/\",\"name\":\"Baby Pram From Birth Pushchair Buggy 3 in1 Travel System Boys Girls ISOFIX BASE - Grey flex Black- white frame - For Baby Boss\",\"isPartOf\":{\"@id\":\"https:\\\/\\\/powderblue-seahorse-496884.hostingersite.com\\\/#website\"},\"primaryImageOfPage\":{\"@id\":\"https:\\\/\\\/forbabyboss.com\\\/product\\\/baby-pram-from-birth-pushchair-buggy-3-in1-travel-system-boys-girls-isofix-base-grey-flex-black-white-frame\\\/#primaryimage\"},\"image\":{\"@id\":\"https:\\\/\\\/forbabyboss.com\\\/product\\\/baby-pram-from-birth-pushchair-buggy-3-in1-travel-system-boys-girls-isofix-base-grey-flex-black-white-frame\\\/#primaryimage\"},\"thumbnailUrl\":\"https:\\\/\\\/forbabyboss.com\\\/wp-content\\\/uploads\\\/2022\\\/09\\\/Baby-Pram-From-Birth-Pushchair-Buggy-3-in1-Travel-System-Boys-Girls-ISOFIX-BASE-Grey-flex-Black-white-frame_main.png\",\"datePublished\":\"2022-09-13T09:27:08+00:00\",\"dateModified\":\"2026-02-21T12:21:17+00:00\",\"description\":\"Baby Pram From Birth Pushchair Buggy 3 in1 Travel System Boys Girls ISOFIX BASE - Grey flex Black- white frame\",\"breadcrumb\":{\"@id\":\"https:\\\/\\\/forbabyboss.com\\\/product\\\/baby-pram-from-birth-pushchair-buggy-3-in1-travel-system-boys-girls-isofix-base-grey-flex-black-white-frame\\\/#breadcrumb\"},\"inLanguage\":\"ro-RO\",\"potentialAction\":[{\"@type\":\"ReadAction\",\"target\":[\"https:\\\/\\\/forbabyboss.com\\\/product\\\/baby-pram-from-birth-pushchair-buggy-3-in1-travel-system-boys-girls-isofix-base-grey-flex-black-white-frame\\\/\"]}]},{\"@type\":\"ImageObject\",\"inLanguage\":\"ro-RO\",\"@id\":\"https:\\\/\\\/forbabyboss.com\\\/product\\\/baby-pram-from-birth-pushchair-buggy-3-in1-travel-system-boys-girls-isofix-base-grey-flex-black-white-frame\\\/#primaryimage\",\"url\":\"https:\\\/\\\/forbabyboss.com\\\/wp-content\\\/uploads\\\/2022\\\/09\\\/Baby-Pram-From-Birth-Pushchair-Buggy-3-in1-Travel-System-Boys-Girls-ISOFIX-BASE-Grey-flex-Black-white-frame_main.png\",\"contentUrl\":\"https:\\\/\\\/forbabyboss.com\\\/wp-content\\\/uploads\\\/2022\\\/09\\\/Baby-Pram-From-Birth-Pushchair-Buggy-3-in1-Travel-System-Boys-Girls-ISOFIX-BASE-Grey-flex-Black-white-frame_main.png\",\"width\":1600,\"height\":1156},{\"@type\":\"BreadcrumbList\",\"@id\":\"https:\\\/\\\/forbabyboss.com\\\/product\\\/baby-pram-from-birth-pushchair-buggy-3-in1-travel-system-boys-girls-isofix-base-grey-flex-black-white-frame\\\/#breadcrumb\",\"itemListElement\":[{\"@type\":\"ListItem\",\"position\":1,\"name\":\"Home\",\"item\":\"https:\\\/\\\/forbabyboss.com\\\/\"},{\"@type\":\"ListItem\",\"position\":2,\"name\":\"Shop\",\"item\":\"https:\\\/\\\/forbabyboss.com\\\/shop\\\/\"},{\"@type\":\"ListItem\",\"position\":3,\"name\":\"Baby Pram From Birth Pushchair Buggy 3 in1 Travel System Boys Girls ISOFIX BASE &#8211; Grey flex Black- white frame\"}]},{\"@type\":\"WebSite\",\"@id\":\"https:\\\/\\\/powderblue-seahorse-496884.hostingersite.com\\\/#website\",\"url\":\"https:\\\/\\\/powderblue-seahorse-496884.hostingersite.com\\\/\",\"name\":\"For Baby Boss\",\"description\":\"Beautiful gifts and accessories for your baby boss\",\"potentialAction\":[{\"@type\":\"SearchAction\",\"target\":{\"@type\":\"EntryPoint\",\"urlTemplate\":\"https:\\\/\\\/powderblue-seahorse-496884.hostingersite.com\\\/?s={search_term_string}\"},\"query-input\":{\"@type\":\"PropertyValueSpecification\",\"valueRequired\":true,\"valueName\":\"search_term_string\"}}],\"inLanguage\":\"ro-RO\"}]}<\/script>\n<!-- \/ Yoast SEO plugin. -->","yoast_head_json":{"title":"C\u0103rucior pentru bebelu\u0219i de la na\u0219tere, sistem de c\u0103l\u0103torie 3 \u00een 1, baz\u0103 ISOFIX pentru b\u0103ie\u021bi \u0219i fete - gri flexibil, cadru negru-alb - pentru Baby Boss","description":"C\u0103rucior pentru bebelu\u0219i de la na\u0219tere, sistem de c\u0103l\u0103torie 3 \u00een 1, baz\u0103 ISOFIX pentru b\u0103ie\u021bi \u0219i fete - gri flexibil, cadru negru-alb","robots":{"index":"index","follow":"follow","max-snippet":"max-snippet:-1","max-image-preview":"max-image-preview:large","max-video-preview":"max-video-preview:-1"},"canonical":"https:\/\/forbabyboss.com\/ro\/product\/carucior-pentru-bebelusi-de-la-nastere-sistem-de-calatorie-3-in-1-baza-isofix-gri-flexibila-cadru-alb-negru\/","og_locale":"ro_RO","og_type":"article","og_title":"Baby Pram From Birth Pushchair Buggy 3 in1 Travel System Boys Girls ISOFIX BASE - Grey flex Black- white frame - For Baby Boss","og_description":"Baby Pram From Birth Pushchair Buggy 3 in1 Travel System Boys Girls ISOFIX BASE - Grey flex Black- white frame","og_url":"https:\/\/forbabyboss.com\/ro\/product\/carucior-pentru-bebelusi-de-la-nastere-sistem-de-calatorie-3-in-1-baza-isofix-gri-flexibila-cadru-alb-negru\/","og_site_name":"For Baby Boss","article_modified_time":"2026-02-21T12:21:17+00:00","og_image":[{"width":1600,"height":1156,"url":"https:\/\/forbabyboss.com\/wp-content\/uploads\/2022\/09\/Baby-Pram-From-Birth-Pushchair-Buggy-3-in1-Travel-System-Boys-Girls-ISOFIX-BASE-Grey-flex-Black-white-frame_main.png","type":"image\/png"}],"twitter_card":"summary_large_image","twitter_misc":{"Timp estimat pentru citire":"2 minute"},"schema":{"@context":"https:\/\/schema.org","@graph":[{"@type":"WebPage","@id":"https:\/\/forbabyboss.com\/product\/baby-pram-from-birth-pushchair-buggy-3-in1-travel-system-boys-girls-isofix-base-grey-flex-black-white-frame\/","url":"https:\/\/forbabyboss.com\/product\/baby-pram-from-birth-pushchair-buggy-3-in1-travel-system-boys-girls-isofix-base-grey-flex-black-white-frame\/","name":"C\u0103rucior pentru bebelu\u0219i de la na\u0219tere, sistem de c\u0103l\u0103torie 3 \u00een 1, baz\u0103 ISOFIX pentru b\u0103ie\u021bi \u0219i fete - gri flexibil, cadru negru-alb - pentru Baby Boss","isPartOf":{"@id":"https:\/\/powderblue-seahorse-496884.hostingersite.com\/#website"},"primaryImageOfPage":{"@id":"https:\/\/forbabyboss.com\/product\/baby-pram-from-birth-pushchair-buggy-3-in1-travel-system-boys-girls-isofix-base-grey-flex-black-white-frame\/#primaryimage"},"image":{"@id":"https:\/\/forbabyboss.com\/product\/baby-pram-from-birth-pushchair-buggy-3-in1-travel-system-boys-girls-isofix-base-grey-flex-black-white-frame\/#primaryimage"},"thumbnailUrl":"https:\/\/forbabyboss.com\/wp-content\/uploads\/2022\/09\/Baby-Pram-From-Birth-Pushchair-Buggy-3-in1-Travel-System-Boys-Girls-ISOFIX-BASE-Grey-flex-Black-white-frame_main.png","datePublished":"2022-09-13T09:27:08+00:00","dateModified":"2026-02-21T12:21:17+00:00","description":"C\u0103rucior pentru bebelu\u0219i de la na\u0219tere, sistem de c\u0103l\u0103torie 3 \u00een 1, baz\u0103 ISOFIX pentru b\u0103ie\u021bi \u0219i fete - gri flexibil, cadru negru-alb","breadcrumb":{"@id":"https:\/\/forbabyboss.com\/product\/baby-pram-from-birth-pushchair-buggy-3-in1-travel-system-boys-girls-isofix-base-grey-flex-black-white-frame\/#breadcrumb"},"inLanguage":"ro-RO","potentialAction":[{"@type":"ReadAction","target":["https:\/\/forbabyboss.com\/product\/baby-pram-from-birth-pushchair-buggy-3-in1-travel-system-boys-girls-isofix-base-grey-flex-black-white-frame\/"]}]},{"@type":"ImageObject","inLanguage":"ro-RO","@id":"https:\/\/forbabyboss.com\/product\/baby-pram-from-birth-pushchair-buggy-3-in1-travel-system-boys-girls-isofix-base-grey-flex-black-white-frame\/#primaryimage","url":"https:\/\/forbabyboss.com\/wp-content\/uploads\/2022\/09\/Baby-Pram-From-Birth-Pushchair-Buggy-3-in1-Travel-System-Boys-Girls-ISOFIX-BASE-Grey-flex-Black-white-frame_main.png","contentUrl":"https:\/\/forbabyboss.com\/wp-content\/uploads\/2022\/09\/Baby-Pram-From-Birth-Pushchair-Buggy-3-in1-Travel-System-Boys-Girls-ISOFIX-BASE-Grey-flex-Black-white-frame_main.png","width":1600,"height":1156},{"@type":"BreadcrumbList","@id":"https:\/\/forbabyboss.com\/product\/baby-pram-from-birth-pushchair-buggy-3-in1-travel-system-boys-girls-isofix-base-grey-flex-black-white-frame\/#breadcrumb","itemListElement":[{"@type":"ListItem","position":1,"name":"Home","item":"https:\/\/forbabyboss.com\/"},{"@type":"ListItem","position":2,"name":"Shop","item":"https:\/\/forbabyboss.com\/shop\/"},{"@type":"ListItem","position":3,"name":"Baby Pram From Birth Pushchair Buggy 3 in1 Travel System Boys Girls ISOFIX BASE &#8211; Grey flex Black- white frame"}]},{"@type":"WebSite","@id":"https:\/\/powderblue-seahorse-496884.hostingersite.com\/#website","url":"https:\/\/powderblue-seahorse-496884.hostingersite.com\/","name":"Pentru Baby Boss","description":"Cadouri frumoase \u0219i accesorii pentru \u0219eful copilului dvs.","potentialAction":[{"@type":"SearchAction","target":{"@type":"EntryPoint","urlTemplate":"https:\/\/powderblue-seahorse-496884.hostingersite.com\/?s={search_term_string}"},"query-input":{"@type":"PropertyValueSpecification","valueRequired":true,"valueName":"search_term_string"}}],"inLanguage":"ro-RO"}]}},"_links":{"self":[{"href":"https:\/\/forbabyboss.com\/ro\/wp-json\/wp\/v2\/product\/5370","targetHints":{"allow":["GET"]}}],"collection":[{"href":"https:\/\/forbabyboss.com\/ro\/wp-json\/wp\/v2\/product"}],"about":[{"href":"https:\/\/forbabyboss.com\/ro\/wp-json\/wp\/v2\/types\/product"}],"wp:featuredmedia":[{"embeddable":true,"href":"https:\/\/forbabyboss.com\/ro\/wp-json\/wp\/v2\/media\/5371"}],"wp:attachment":[{"href":"https:\/\/forbabyboss.com\/ro\/wp-json\/wp\/v2\/media?parent=5370"}],"wp:term":[{"taxonomy":"product_brand","embeddable":true,"href":"https:\/\/forbabyboss.com\/ro\/wp-json\/wp\/v2\/product_brand?post=5370"},{"taxonomy":"product_cat","embeddable":true,"href":"https:\/\/forbabyboss.com\/ro\/wp-json\/wp\/v2\/product_cat?post=5370"},{"taxonomy":"product_tag","embeddable":true,"href":"https:\/\/forbabyboss.com\/ro\/wp-json\/wp\/v2\/product_tag?post=5370"}],"curies":[{"name":"wp","href":"https:\/\/api.w.org\/{rel}","templated":true}]}}