{"id":5495,"date":"2022-09-13T12:32:17","date_gmt":"2022-09-13T12:32:17","guid":{"rendered":"http:\/\/forbabyboss.com\/?post_type=product&#038;p=5495"},"modified":"2026-02-21T11:50:43","modified_gmt":"2026-02-21T11:50:43","slug":"carucior-3-in-1-sistem-de-calatorie-set-scaun-auto-carucior-negru-auriu","status":"publish","type":"product","link":"https:\/\/forbabyboss.com\/ro\/product\/stroller-3in1-travel-system-set-car-seat-stroller-black-gold\/","title":{"rendered":"Set c\u0103rucior 3 \u00een 1, sistem de c\u0103l\u0103torie, scaun auto, c\u0103rucior \u2013 negru \u0219i auriu"},"content":{"rendered":"<h2><span style=\"color: #e14d43;\"><strong>Caracteristici:<\/strong><\/span><\/h2>\n<ul>\n<li style=\"font-weight: 400;\"><span style=\"color: #282828;\"><strong>Mod orientat spre \u00eenainte \u0219i spre spate<\/strong><\/span><\/li>\n<li style=\"font-weight: 400;\"><span style=\"color: #282828;\"><strong>fereastr\u0103 de plas\u0103 \u00een spatele capotei<\/strong><\/span><\/li>\n<li style=\"font-weight: 400;\"><span style=\"color: #282828;\"><strong>Gondola are o c\u0103ptu\u0219eal\u0103 moale care poate fi \u00eendep\u0103rtat\u0103 pentru sp\u0103lare<\/strong><\/span><\/li>\n<li style=\"font-weight: 400;\"><span style=\"color: #282828;\"><strong>Copertina gondolei poate fi ridicat\u0103 pentru a crea un captator de v\u00e2nt<\/strong><\/span><\/li>\n<li style=\"font-weight: 400;\"><span style=\"color: #282828;\"><strong>capot\u0103 extins\u0103<\/strong><\/span><\/li>\n<li style=\"font-weight: 400;\"><span style=\"color: #282828;\"><strong>c\u0103ruciorul este echipat cu centuri de siguran\u021b\u0103 \u00een 5 puncte<\/strong><\/span><\/li>\n<li style=\"font-weight: 400;\"><span style=\"color: #282828;\"><strong>Suport pentru picioare \u0219i bar\u0103 de siguran\u021b\u0103 acoperite cu piele ecologic\u0103<\/strong><\/span><\/li>\n<li style=\"font-weight: 400;\"><span style=\"color: #282828;\"><strong>M\u00e2ner reglabil pe mai multe niveluri<\/strong><\/span><\/li>\n<li style=\"font-weight: 400;\"><span style=\"color: #282828;\"><strong>Suspensie reglabil\u0103<\/strong><\/span><\/li>\n<li style=\"font-weight: 400;\"><span style=\"color: #282828;\"><strong>Suport pentru picioare \u0219i sp\u0103tar reglabil<\/strong><\/span><\/li>\n<li style=\"font-weight: 400;\"><span style=\"color: #282828;\"><strong>Cadru robust<\/strong><\/span><\/li>\n<li style=\"font-weight: 400;\"><span style=\"color: #282828;\"><strong>Fr\u00e2n\u0103 central\u0103 EASY STOP<\/strong><\/span><\/li>\n<li style=\"font-weight: 400;\"><span style=\"color: #282828;\"><strong>Co\u0219 mare de cump\u0103r\u0103turi<\/strong><\/span><\/li>\n<\/ul>\n<h2><span style=\"color: #e14d43;\"><strong>Caracteristici ale scaunului auto:<\/strong><\/span><\/h2>\n<ul>\n<li style=\"font-weight: 400;\"><span style=\"color: #282828;\"><strong>inser\u021bie suplimentar\u0103 pentru sugari<\/strong><\/span><\/li>\n<li style=\"font-weight: 400;\"><span style=\"color: #282828;\"><strong>m\u00e2ner reglabil<\/strong><\/span><\/li>\n<li style=\"font-weight: 400;\"><span style=\"color: #282828;\"><strong>acoperi<\/strong><\/span><\/li>\n<li style=\"font-weight: 400;\"><span style=\"color: #282828;\"><strong>glug\u0103 deta\u0219abil\u0103<\/strong><\/span><\/li>\n<li style=\"font-weight: 400;\"><span style=\"color: #282828;\"><strong>Centuri de siguran\u021b\u0103 cu 3 puncte<\/strong><\/span><\/li>\n<\/ul>\n<h2><span style=\"color: #e14d43;\"><strong>Echipament:<\/strong><\/span><\/h2>\n<ul>\n<li style=\"font-weight: 400;\"><span style=\"color: #282828;\"><strong>cadru cu m\u00e2ner din piele ecologic\u0103<\/strong><\/span><\/li>\n<li style=\"font-weight: 400;\"><span style=\"color: #282828;\"><strong>gondol\u0103 cu sp\u0103tar reglabil<\/strong><\/span><\/li>\n<li style=\"font-weight: 400;\"><span style=\"color: #282828;\"><strong>c\u0103rucior<\/strong><\/span><\/li>\n<li style=\"font-weight: 400;\"><span style=\"color: #282828;\"><strong>dou\u0103 huse (pentru c\u0103rucior \u0219i gondol\u0103)<\/strong><\/span><\/li>\n<li style=\"font-weight: 400;\"><span style=\"color: #282828;\"><strong>scaun auto multifunc\u021bional cu adaptoare<\/strong><\/span><\/li>\n<li style=\"font-weight: 400;\"><span style=\"color: #282828;\"><strong>hus\u0103 de ploaie<\/strong><\/span><\/li>\n<li style=\"font-weight: 400;\"><span style=\"color: #282828;\"><strong>plas\u0103 de \u021b\u00e2n\u021bari<\/strong><\/span><\/li>\n<li style=\"font-weight: 400;\"><span style=\"color: #282828;\"><strong>ro\u021bi pivotante umplute cu aer<\/strong><\/span><\/li>\n<li style=\"font-weight: 400;\"><span style=\"color: #282828;\"><strong>buzunar mare \u00een spatele gen\u021bii \u0219i dou\u0103 mici pe laterale<\/strong><\/span><\/li>\n<li style=\"font-weight: 400;\"><span style=\"color: #282828;\"><strong>Cadru pliat cu ro\u021bi (lungime x l\u0103\u021bime x \u00een\u0103l\u021bime): 85x60x40cm<\/strong><\/span><\/li>\n<li style=\"font-weight: 400;\"><span style=\"color: #282828;\"><strong>C\u0103rucior asamblat (\u00een\u0103l\u021bime x l\u0103\u021bime x lungime): 115x60x95cm<\/strong><\/span><\/li>\n<li style=\"font-weight: 400;\"><span style=\"color: #282828;\"><strong>Interior gondol\u0103 (l\u0103\u021bime x lungime x \u00een\u0103l\u021bime): 36x80x20cm<\/strong><\/span><\/li>\n<li style=\"font-weight: 400;\"><span style=\"color: #282828;\"><strong>Interior c\u0103rucior (l\u0103\u021bime x lungime sp\u0103tar x lungime \u0219ezut x lungime suport pentru picioare): 34x48x26x23cm<\/strong><\/span><\/li>\n<li style=\"font-weight: 400;\"><span style=\"color: #282828;\"><strong>Cadru cu ro\u021bi: 10 kg<\/strong><\/span><\/li>\n<li style=\"font-weight: 400;\"><span style=\"color: #282828;\"><strong>C\u0103rucior: 15 kg<\/strong><\/span><\/li>\n<li style=\"font-weight: 400;\"><span style=\"color: #282828;\"><strong>C\u0103rucior ad\u00e2nc: 16 kg<\/strong><\/span><\/li>\n<li style=\"font-weight: 400;\"><span style=\"color: #282828;\"><strong>Interval de reglare a m\u00e2nerului: 70 cm p\u00e2n\u0103 la 115 cm<\/strong><\/span><\/li>\n<li style=\"font-weight: 400;\"><span style=\"color: #282828;\"><strong>Garan\u021bie de 12 luni<\/strong><\/span><\/li>\n<\/ul>\n<p><span style=\"color: #282828;\"><strong><a style=\"color: #282828;\" href=\"http:\/\/forbabyboss.com\/wp-content\/uploads\/2022\/09\/checkout.png\"><img loading=\"lazy\" decoding=\"async\" class=\"alignnone wp-image-5965\" src=\"http:\/\/forbabyboss.com\/wp-content\/uploads\/2022\/09\/checkout.png\" alt=\"\" width=\"1030\" height=\"379\" srcset=\"https:\/\/forbabyboss.com\/wp-content\/uploads\/2022\/09\/checkout.png 750w, https:\/\/forbabyboss.com\/wp-content\/uploads\/2022\/09\/checkout-600x221.png 600w\" sizes=\"auto, (max-width: 1030px) 100vw, 1030px\" \/><\/a><\/strong><\/span><\/p>","protected":false},"excerpt":{"rendered":"<p><a href=\"http:\/\/forbabyboss.com\/wp-content\/uploads\/2022\/09\/Star-Rating-5.png\"><img loading=\"lazy\" decoding=\"async\" class=\"alignnone size-full wp-image-5973 aligncenter\" src=\"http:\/\/forbabyboss.com\/wp-content\/uploads\/2022\/09\/Star-Rating-5.png\" alt=\"\" width=\"275\" height=\"45\" \/><\/a><\/p>\n<p style=\"text-align: center;\"><span style=\"color: #ed1c24; font-size: 120%;\"><b>GARAN\u021aIE DE POTRIVIRE A PRE\u021aULUI<\/b><\/span><\/p>\n<p style=\"text-align: center;\"><span style=\"font-size: 115%;\"><span style=\"font-weight: 400; color: #4f4fa7;\">Livrare gratuit\u0103<\/span><span style=\"font-weight: 400;\"> \u2013 2 \u2013 7 zile<\/span><\/span><\/p>\n<p style=\"text-align: center;\"><strong><span style=\"color: #29606b;\">Cadou gratuit la achizi\u021bii de peste 100 de lire sterline<\/span><\/strong><\/p>","protected":false},"featured_media":5496,"template":"","meta":[],"product_brand":[370],"product_cat":[337,339,156,207,305,208,303,130,209,211],"product_tag":[163,199],"class_list":{"0":"post-5495","1":"product","2":"type-product","3":"status-publish","4":"has-post-thumbnail","6":"product_brand-babylux","7":"product_cat-500-to-600","8":"product_cat-700-to-800","9":"product_cat-3-in-1","10":"product_cat-black","11":"product_cat-colour","12":"product_cat-gold","13":"product_cat-pattern","14":"product_cat-prams","15":"product_cat-push-chairs","16":"product_cat-stroller","17":"product_tag-3-in-1-prams","18":"product_tag-prams","20":"first","21":"instock","22":"sale","23":"shipping-taxable","24":"purchasable","25":"product-type-simple"},"yoast_head":"<!-- This site is optimized with the Yoast SEO plugin v27.6 - https:\/\/yoast.com\/product\/yoast-seo-wordpress\/ -->\n<title>Stroller 3in1 Travel System Set Car Seat Stroller - Black &amp; Gold - For Baby Boss<\/title>\n<meta name=\"description\" content=\"Stroller 3in1 Travel System Set Car Seat Stroller - Black &amp; Gold\" \/>\n<meta name=\"robots\" content=\"index, follow, max-snippet:-1, max-image-preview:large, max-video-preview:-1\" \/>\n<link rel=\"canonical\" href=\"https:\/\/forbabyboss.com\/ro\/product\/carucior-3-in-1-sistem-de-calatorie-set-scaun-auto-carucior-negru-auriu\/\" \/>\n<meta property=\"og:locale\" content=\"ro_RO\" \/>\n<meta property=\"og:type\" content=\"article\" \/>\n<meta property=\"og:title\" content=\"Stroller 3in1 Travel System Set Car Seat Stroller - Black &amp; Gold - For Baby Boss\" \/>\n<meta property=\"og:description\" content=\"Stroller 3in1 Travel System Set Car Seat Stroller - Black &amp; Gold\" \/>\n<meta property=\"og:url\" content=\"https:\/\/forbabyboss.com\/ro\/product\/carucior-3-in-1-sistem-de-calatorie-set-scaun-auto-carucior-negru-auriu\/\" \/>\n<meta property=\"og:site_name\" content=\"For Baby Boss\" \/>\n<meta property=\"article:modified_time\" content=\"2026-02-21T11:50:43+00:00\" \/>\n<meta property=\"og:image\" content=\"https:\/\/forbabyboss.com\/wp-content\/uploads\/2022\/09\/Baby-Pushchair-Buggy-Pram-Set-3-in-1-Travel-System-Car-Seat-Stroller-From-Birth-Black-Gold-main.jpg\" \/>\n\t<meta property=\"og:image:width\" content=\"1600\" \/>\n\t<meta property=\"og:image:height\" content=\"1600\" \/>\n\t<meta property=\"og:image:type\" content=\"image\/jpeg\" \/>\n<meta name=\"twitter:card\" content=\"summary_large_image\" \/>\n<meta name=\"twitter:label1\" content=\"Timp estimat pentru citire\" \/>\n\t<meta name=\"twitter:data1\" content=\"2 minute\" \/>\n<script type=\"application\/ld+json\" class=\"yoast-schema-graph\">{\"@context\":\"https:\\\/\\\/schema.org\",\"@graph\":[{\"@type\":\"WebPage\",\"@id\":\"https:\\\/\\\/forbabyboss.com\\\/product\\\/stroller-3in1-travel-system-set-car-seat-stroller-black-gold\\\/\",\"url\":\"https:\\\/\\\/forbabyboss.com\\\/product\\\/stroller-3in1-travel-system-set-car-seat-stroller-black-gold\\\/\",\"name\":\"Stroller 3in1 Travel System Set Car Seat Stroller - Black & Gold - For Baby Boss\",\"isPartOf\":{\"@id\":\"https:\\\/\\\/powderblue-seahorse-496884.hostingersite.com\\\/#website\"},\"primaryImageOfPage\":{\"@id\":\"https:\\\/\\\/forbabyboss.com\\\/product\\\/stroller-3in1-travel-system-set-car-seat-stroller-black-gold\\\/#primaryimage\"},\"image\":{\"@id\":\"https:\\\/\\\/forbabyboss.com\\\/product\\\/stroller-3in1-travel-system-set-car-seat-stroller-black-gold\\\/#primaryimage\"},\"thumbnailUrl\":\"https:\\\/\\\/forbabyboss.com\\\/wp-content\\\/uploads\\\/2022\\\/09\\\/Baby-Pushchair-Buggy-Pram-Set-3-in-1-Travel-System-Car-Seat-Stroller-From-Birth-Black-Gold-main.jpg\",\"datePublished\":\"2022-09-13T12:32:17+00:00\",\"dateModified\":\"2026-02-21T11:50:43+00:00\",\"description\":\"Stroller 3in1 Travel System Set Car Seat Stroller - Black & Gold\",\"breadcrumb\":{\"@id\":\"https:\\\/\\\/forbabyboss.com\\\/product\\\/stroller-3in1-travel-system-set-car-seat-stroller-black-gold\\\/#breadcrumb\"},\"inLanguage\":\"ro-RO\",\"potentialAction\":[{\"@type\":\"ReadAction\",\"target\":[\"https:\\\/\\\/forbabyboss.com\\\/product\\\/stroller-3in1-travel-system-set-car-seat-stroller-black-gold\\\/\"]}]},{\"@type\":\"ImageObject\",\"inLanguage\":\"ro-RO\",\"@id\":\"https:\\\/\\\/forbabyboss.com\\\/product\\\/stroller-3in1-travel-system-set-car-seat-stroller-black-gold\\\/#primaryimage\",\"url\":\"https:\\\/\\\/forbabyboss.com\\\/wp-content\\\/uploads\\\/2022\\\/09\\\/Baby-Pushchair-Buggy-Pram-Set-3-in-1-Travel-System-Car-Seat-Stroller-From-Birth-Black-Gold-main.jpg\",\"contentUrl\":\"https:\\\/\\\/forbabyboss.com\\\/wp-content\\\/uploads\\\/2022\\\/09\\\/Baby-Pushchair-Buggy-Pram-Set-3-in-1-Travel-System-Car-Seat-Stroller-From-Birth-Black-Gold-main.jpg\",\"width\":1600,\"height\":1600},{\"@type\":\"BreadcrumbList\",\"@id\":\"https:\\\/\\\/forbabyboss.com\\\/product\\\/stroller-3in1-travel-system-set-car-seat-stroller-black-gold\\\/#breadcrumb\",\"itemListElement\":[{\"@type\":\"ListItem\",\"position\":1,\"name\":\"Home\",\"item\":\"https:\\\/\\\/forbabyboss.com\\\/\"},{\"@type\":\"ListItem\",\"position\":2,\"name\":\"Shop\",\"item\":\"https:\\\/\\\/forbabyboss.com\\\/shop\\\/\"},{\"@type\":\"ListItem\",\"position\":3,\"name\":\"Stroller 3in1 Travel System Set Car Seat Stroller &#8211; Black &#038; Gold\"}]},{\"@type\":\"WebSite\",\"@id\":\"https:\\\/\\\/powderblue-seahorse-496884.hostingersite.com\\\/#website\",\"url\":\"https:\\\/\\\/powderblue-seahorse-496884.hostingersite.com\\\/\",\"name\":\"For Baby Boss\",\"description\":\"Beautiful gifts and accessories for your baby boss\",\"potentialAction\":[{\"@type\":\"SearchAction\",\"target\":{\"@type\":\"EntryPoint\",\"urlTemplate\":\"https:\\\/\\\/powderblue-seahorse-496884.hostingersite.com\\\/?s={search_term_string}\"},\"query-input\":{\"@type\":\"PropertyValueSpecification\",\"valueRequired\":true,\"valueName\":\"search_term_string\"}}],\"inLanguage\":\"ro-RO\"}]}<\/script>\n<!-- \/ Yoast SEO plugin. -->","yoast_head_json":{"title":"Set c\u0103rucior 3 \u00een 1, sistem de c\u0103l\u0103torie, scaun auto - Negru \u0219i auriu - Pentru Baby Boss","description":"Set c\u0103rucior 3 \u00een 1 pentru scaun auto - Negru \u0219i auriu","robots":{"index":"index","follow":"follow","max-snippet":"max-snippet:-1","max-image-preview":"max-image-preview:large","max-video-preview":"max-video-preview:-1"},"canonical":"https:\/\/forbabyboss.com\/ro\/product\/carucior-3-in-1-sistem-de-calatorie-set-scaun-auto-carucior-negru-auriu\/","og_locale":"ro_RO","og_type":"article","og_title":"Stroller 3in1 Travel System Set Car Seat Stroller - Black & Gold - For Baby Boss","og_description":"Stroller 3in1 Travel System Set Car Seat Stroller - Black & Gold","og_url":"https:\/\/forbabyboss.com\/ro\/product\/carucior-3-in-1-sistem-de-calatorie-set-scaun-auto-carucior-negru-auriu\/","og_site_name":"For Baby Boss","article_modified_time":"2026-02-21T11:50:43+00:00","og_image":[{"width":1600,"height":1600,"url":"https:\/\/forbabyboss.com\/wp-content\/uploads\/2022\/09\/Baby-Pushchair-Buggy-Pram-Set-3-in-1-Travel-System-Car-Seat-Stroller-From-Birth-Black-Gold-main.jpg","type":"image\/jpeg"}],"twitter_card":"summary_large_image","twitter_misc":{"Timp estimat pentru citire":"2 minute"},"schema":{"@context":"https:\/\/schema.org","@graph":[{"@type":"WebPage","@id":"https:\/\/forbabyboss.com\/product\/stroller-3in1-travel-system-set-car-seat-stroller-black-gold\/","url":"https:\/\/forbabyboss.com\/product\/stroller-3in1-travel-system-set-car-seat-stroller-black-gold\/","name":"Set c\u0103rucior 3 \u00een 1, sistem de c\u0103l\u0103torie, scaun auto - Negru \u0219i auriu - Pentru Baby Boss","isPartOf":{"@id":"https:\/\/powderblue-seahorse-496884.hostingersite.com\/#website"},"primaryImageOfPage":{"@id":"https:\/\/forbabyboss.com\/product\/stroller-3in1-travel-system-set-car-seat-stroller-black-gold\/#primaryimage"},"image":{"@id":"https:\/\/forbabyboss.com\/product\/stroller-3in1-travel-system-set-car-seat-stroller-black-gold\/#primaryimage"},"thumbnailUrl":"https:\/\/forbabyboss.com\/wp-content\/uploads\/2022\/09\/Baby-Pushchair-Buggy-Pram-Set-3-in-1-Travel-System-Car-Seat-Stroller-From-Birth-Black-Gold-main.jpg","datePublished":"2022-09-13T12:32:17+00:00","dateModified":"2026-02-21T11:50:43+00:00","description":"Set c\u0103rucior 3 \u00een 1 pentru scaun auto - Negru \u0219i auriu","breadcrumb":{"@id":"https:\/\/forbabyboss.com\/product\/stroller-3in1-travel-system-set-car-seat-stroller-black-gold\/#breadcrumb"},"inLanguage":"ro-RO","potentialAction":[{"@type":"ReadAction","target":["https:\/\/forbabyboss.com\/product\/stroller-3in1-travel-system-set-car-seat-stroller-black-gold\/"]}]},{"@type":"ImageObject","inLanguage":"ro-RO","@id":"https:\/\/forbabyboss.com\/product\/stroller-3in1-travel-system-set-car-seat-stroller-black-gold\/#primaryimage","url":"https:\/\/forbabyboss.com\/wp-content\/uploads\/2022\/09\/Baby-Pushchair-Buggy-Pram-Set-3-in-1-Travel-System-Car-Seat-Stroller-From-Birth-Black-Gold-main.jpg","contentUrl":"https:\/\/forbabyboss.com\/wp-content\/uploads\/2022\/09\/Baby-Pushchair-Buggy-Pram-Set-3-in-1-Travel-System-Car-Seat-Stroller-From-Birth-Black-Gold-main.jpg","width":1600,"height":1600},{"@type":"BreadcrumbList","@id":"https:\/\/forbabyboss.com\/product\/stroller-3in1-travel-system-set-car-seat-stroller-black-gold\/#breadcrumb","itemListElement":[{"@type":"ListItem","position":1,"name":"Home","item":"https:\/\/forbabyboss.com\/"},{"@type":"ListItem","position":2,"name":"Shop","item":"https:\/\/forbabyboss.com\/shop\/"},{"@type":"ListItem","position":3,"name":"Stroller 3in1 Travel System Set Car Seat Stroller &#8211; Black &#038; Gold"}]},{"@type":"WebSite","@id":"https:\/\/powderblue-seahorse-496884.hostingersite.com\/#website","url":"https:\/\/powderblue-seahorse-496884.hostingersite.com\/","name":"Pentru Baby Boss","description":"Cadouri frumoase \u0219i accesorii pentru \u0219eful copilului dvs.","potentialAction":[{"@type":"SearchAction","target":{"@type":"EntryPoint","urlTemplate":"https:\/\/powderblue-seahorse-496884.hostingersite.com\/?s={search_term_string}"},"query-input":{"@type":"PropertyValueSpecification","valueRequired":true,"valueName":"search_term_string"}}],"inLanguage":"ro-RO"}]}},"_links":{"self":[{"href":"https:\/\/forbabyboss.com\/ro\/wp-json\/wp\/v2\/product\/5495","targetHints":{"allow":["GET"]}}],"collection":[{"href":"https:\/\/forbabyboss.com\/ro\/wp-json\/wp\/v2\/product"}],"about":[{"href":"https:\/\/forbabyboss.com\/ro\/wp-json\/wp\/v2\/types\/product"}],"wp:featuredmedia":[{"embeddable":true,"href":"https:\/\/forbabyboss.com\/ro\/wp-json\/wp\/v2\/media\/5496"}],"wp:attachment":[{"href":"https:\/\/forbabyboss.com\/ro\/wp-json\/wp\/v2\/media?parent=5495"}],"wp:term":[{"taxonomy":"product_brand","embeddable":true,"href":"https:\/\/forbabyboss.com\/ro\/wp-json\/wp\/v2\/product_brand?post=5495"},{"taxonomy":"product_cat","embeddable":true,"href":"https:\/\/forbabyboss.com\/ro\/wp-json\/wp\/v2\/product_cat?post=5495"},{"taxonomy":"product_tag","embeddable":true,"href":"https:\/\/forbabyboss.com\/ro\/wp-json\/wp\/v2\/product_tag?post=5495"}],"curies":[{"name":"wp","href":"https:\/\/api.w.org\/{rel}","templated":true}]}}