{"id":5759,"date":"2022-09-15T08:52:53","date_gmt":"2022-09-15T08:52:53","guid":{"rendered":"http:\/\/forbabyboss.com\/?post_type=product&#038;p=5759"},"modified":"2026-02-21T11:02:50","modified_gmt":"2026-02-21T11:02:50","slug":"carucior-pliabil-3-in-1-pentru-nou-nascuti-editie-neagra-multicolor","status":"publish","type":"product","link":"https:\/\/forbabyboss.com\/ro\/product\/foldable-3in1-newborn-baby-pushchair-stroller-black-edition-multicoloured\/","title":{"rendered":"C\u0103rucior pliabil 3 \u00een 1 pentru nou-n\u0103scu\u021bi, edi\u021bie neagr\u0103 \u2013 multicolor"},"content":{"rendered":"<div style=\"width: 1020px;\" class=\"wp-video\"><video class=\"wp-video-shortcode\" id=\"video-5759-1\" width=\"1020\" height=\"574\" preload=\"metadata\" controls=\"controls\"><source type=\"video\/mp4\" src=\"http:\/\/forbabyboss.com\/wp-content\/uploads\/2022\/09\/Lazzio.mp4?_=1\" \/><a href=\"http:\/\/forbabyboss.com\/wp-content\/uploads\/2022\/09\/Lazzio.mp4\">http:\/\/forbabyboss.com\/wp-content\/uploads\/2022\/09\/Lazzio.mp4<\/a><\/video><\/div>\n<p style=\"text-align: justify;\"><strong><span style=\"color: #282828;\">MATA \u2013 un c\u0103rucior modern \u0219i func\u021bional, care ofer\u0103 mai mult\u0103 pl\u0103cere \u00een timpul mersului, iar designul inovator \u00eei confer\u0103 un sentiment de unicitate.<\/span><\/strong><br \/>\n<strong><span style=\"color: #282828;\">C\u0103ruciorul este potrivit pentru copii cu v\u00e2rste cuprinse \u00eentre 6 \u0219i 36 de luni. Cadrul u\u0219or \u0219i solu\u021bia de design convenabil\u0103 fac ca purtarea unui c\u0103rucior s\u0103 fie \u0219i mai confortabil\u0103.<\/span><\/strong><\/p>\n<p style=\"text-align: justify;\"><strong><span style=\"color: #282828;\">\u2022 C\u0103rucior individual pentru copii cu greutatea cuprins\u0103 \u00eentre 1 \u0219i 15 kg<\/span><\/strong><br \/>\n<strong><span style=\"color: #282828;\">\u2022 Are certificare TUV NORD care garanteaz\u0103 cea mai \u00eenalt\u0103 calitate \u0219i siguran\u021b\u0103 pentru copilul dumneavoastr\u0103.<\/span><\/strong><br \/>\n<strong><span style=\"color: #282828;\">\u2022 C\u0103ruciorul respect\u0103 cel mai recent standard de siguran\u021b\u0103 strict EN 1888-1:2019<\/span><\/strong><\/p>\n<h2 style=\"text-align: justify;\"><span style=\"color: #e14d43;\"><strong>Setul include:<\/strong><\/span><\/h2>\n<p style=\"text-align: justify;\"><strong><span style=\"color: #282828;\">\u2022cadru pentru c\u0103rucior<\/span><\/strong><br \/>\n<strong><span style=\"color: #282828;\">\u2022 landou<\/span><\/strong><br \/>\n<strong><span style=\"color: #282828;\">\u2022scaun sport<\/span><\/strong><br \/>\n<strong><span style=\"color: #282828;\">\u2022 geant\u0103 de um\u0103r<\/span><\/strong><br \/>\n<strong><span style=\"color: #282828;\">\u2022scaun auto (doar \u00een setul 3 \u00een 1)<\/span><\/strong><br \/>\n<strong><span style=\"color: #282828;\">\u2022\u00een plus: hus\u0103 de ploaie, plas\u0103 de \u021b\u00e2n\u021bari, co\u0219 de cump\u0103r\u0103turi<\/span><\/strong><\/p>\n<h2 style=\"text-align: justify;\"><span style=\"color: #e14d43;\"><strong>Cadru pentru c\u0103rucior:<\/strong><\/span><\/h2>\n<p style=\"text-align: justify;\"><strong><span style=\"color: #282828;\">\u2022cadru din aluminiu \u2013 u\u0219or \u0219i durabil<\/span><\/strong><br \/>\n<strong><span style=\"color: #282828;\">\u2022 ro\u021bi pivotante, f\u0103r\u0103 probleme, din gel \u2013 nu se pun \u00een pung\u0103<\/span><\/strong><br \/>\n<strong><span style=\"color: #282828;\">\u2022rulmen\u021bii din ro\u021bi faciliteaz\u0103 \u00eempingerea c\u0103ruciorului<\/span><\/strong><br \/>\n<strong><span style=\"color: #282828;\">\u2022 \u00een\u0103l\u021bimea reglabil\u0103 a m\u00e2nerului<\/span><\/strong><br \/>\n<strong><span style=\"color: #282828;\">\u2022 suspensie spate amortizat\u0103 \u2013 ofer\u0103 confort la fiecare plimbare<\/span><\/strong><br \/>\n<strong><span style=\"color: #282828;\">\u2022dimensiune compact\u0103 atunci c\u00e2nd este pliat\u0103<\/span><\/strong><br \/>\n<strong><span style=\"color: #282828;\">\u2022 sistem simplu de ata\u0219are \u0219i deta\u0219are a landoului, scaunului sport \u0219i scaunului auto<\/span><\/strong><br \/>\n<strong><span style=\"color: #282828;\">\u2022 echipat cu o fr\u00e2n\u0103 central\u0103 pentru stabilitate \u2022 suspensia lateral\u0103 suplimentar\u0103 a cadrului c\u0103ruciorului permite blocarea, permi\u021b\u00e2nd o absorb\u021bie \u0219i mai bun\u0103 a \u0219ocurilor ap\u0103rute \u00een timpul \u00eempingerii, precum \u0219i leag\u0103nul pl\u0103cut al copilului dumneavoastr\u0103<\/span><\/strong><\/p>\n<h2 style=\"text-align: justify;\"><span style=\"color: #e14d43;\"><strong>Landou:<\/strong><\/span><\/h2>\n<p style=\"text-align: justify;\"><strong><span style=\"color: #282828;\">\u2022 landou mare care poate fi folosit ca leag\u0103n<\/span><\/strong><br \/>\n<strong><span style=\"color: #282828;\">\u2022 echipat cu o hus\u0103 de picior deta\u0219abil\u0103 \u0219i ajustabil\u0103 \u2013 protejeaz\u0103 copilul de vremea rea<\/span><\/strong><br \/>\n<strong><span style=\"color: #282828;\">\u2022m\u00e2ner ergonomic \u2013 faciliteaz\u0103 transportul landoului<\/span><\/strong><br \/>\n<strong><span style=\"color: #282828;\">\u2022 saltea elastic\u0103 \u0219i c\u0103ptu\u0219eal\u0103 moale a landoului<\/span><\/strong><br \/>\n<strong><span style=\"color: #282828;\">\u2022tetier\u0103 reglabil\u0103<\/span><\/strong><br \/>\n<strong><span style=\"color: #282828;\">\u2022 Ventila\u021bia din compartimentul landoului asigur\u0103 aer proasp\u0103t pentru a preveni supra\u00eenc\u0103lzirea bebelu\u0219ului<\/span><\/strong><\/p>\n<h2 style=\"text-align: justify;\"><span style=\"color: #e14d43;\"><strong>Scaun sport:<\/strong><\/span><\/h2>\n<p style=\"text-align: justify;\"><strong><span style=\"color: #282828;\">\u2022 este posibil\u0103 instalarea cu fa\u021ba spre fa\u021b\u0103 sau spre spate<\/span><\/strong><br \/>\n<strong><span style=\"color: #282828;\">\u2022 centuri de siguran\u021b\u0103 reglabile \u00een cinci puncte<\/span><\/strong><br \/>\n<strong><span style=\"color: #282828;\">\u2022 barier\u0103 deta\u0219abil\u0103 acoperit\u0103 cu piele ecologic\u0103<\/span><\/strong><br \/>\n<strong><span style=\"color: #282828;\">\u2022 suport pentru picioare reglabil \u0219i convenabil<\/span><\/strong><br \/>\n<strong><span style=\"color: #282828;\">\u2022 fereastr\u0103 de ventila\u021bie pe spatele copertinei<\/span><\/strong><br \/>\n<strong><span style=\"color: #282828;\">\u2022dimensiune compact\u0103 atunci c\u00e2nd este pliat\u0103<\/span><\/strong><br \/>\n<strong><span style=\"color: #282828;\">\u2022 reglarea sp\u0103tarului \u2013 p\u00e2n\u0103 la o pozi\u021bie orizontal\u0103, cea mai s\u0103n\u0103toas\u0103 pozi\u021bie pentru bebelu\u0219ul dumneavoastr\u0103 \u00een timpul somnului<\/span><\/strong><br \/>\n<strong><span style=\"color: #282828;\">\u2022 copertin\u0103 reglabil\u0103 care poate fi deta\u0219at\u0103<\/span><\/strong><br \/>\n<strong><span style=\"color: #282828;\">\u2022 hus\u0103 de picior deta\u0219abil\u0103 \u0219i ajustabil\u0103 \u2013 protejeaz\u0103 copilul de vremea capricioas\u0103<\/span><\/strong><\/p>\n<p>&nbsp;<\/p>\n<p><a href=\"http:\/\/forbabyboss.com\/wp-content\/uploads\/2022\/09\/checkout.png\"><img loading=\"lazy\" decoding=\"async\" class=\"alignnone wp-image-5965\" src=\"http:\/\/forbabyboss.com\/wp-content\/uploads\/2022\/09\/checkout.png\" alt=\"\" width=\"967\" height=\"356\" srcset=\"https:\/\/forbabyboss.com\/wp-content\/uploads\/2022\/09\/checkout.png 750w, https:\/\/forbabyboss.com\/wp-content\/uploads\/2022\/09\/checkout-600x221.png 600w\" sizes=\"auto, (max-width: 967px) 100vw, 967px\" \/><\/a><\/p>\n<p style=\"text-align: justify;\">","protected":false},"excerpt":{"rendered":"<p><a href=\"http:\/\/forbabyboss.com\/wp-content\/uploads\/2022\/09\/Star-Rating-5.png\"><img loading=\"lazy\" decoding=\"async\" class=\"alignnone size-full wp-image-5973 aligncenter\" src=\"http:\/\/forbabyboss.com\/wp-content\/uploads\/2022\/09\/Star-Rating-5.png\" alt=\"\" width=\"275\" height=\"45\" \/><\/a><\/p>\n<p style=\"text-align: center;\"><span style=\"color: #ed1c24; font-size: 120%;\"><b>GARAN\u021aIE DE POTRIVIRE A PRE\u021aULUI<\/b><\/span><\/p>\n<p style=\"text-align: center;\"><span style=\"font-size: 115%;\"><span style=\"font-weight: 400; color: #4f4fa7;\">Livrare gratuit\u0103<\/span><span style=\"font-weight: 400;\"> \u2013 2 \u2013 7 zile<\/span><\/span><\/p>\n<p style=\"text-align: center;\"><strong><span style=\"color: #29606b;\">Cadou gratuit la achizi\u021bii de peste 100 de lire sterline<\/span><\/strong><\/p>","protected":false},"featured_media":5760,"template":"","meta":[],"product_brand":[577],"product_cat":[337,339,156,305,270,303,130,209,211],"product_tag":[202,199],"class_list":{"0":"post-5759","1":"product","2":"type-product","3":"status-publish","4":"has-post-thumbnail","6":"product_brand-kunert","7":"product_cat-500-to-600","8":"product_cat-700-to-800","9":"product_cat-3-in-1","10":"product_cat-colour","11":"product_cat-multicolor","12":"product_cat-pattern","13":"product_cat-prams","14":"product_cat-push-chairs","15":"product_cat-stroller","16":"product_tag-3-in-1-pram","17":"product_tag-prams","19":"first","20":"instock","21":"sale","22":"shipping-taxable","23":"purchasable","24":"product-type-simple"},"yoast_head":"<!-- This site is optimized with the Yoast SEO plugin v27.5 - https:\/\/yoast.com\/product\/yoast-seo-wordpress\/ -->\n<title>Foldable 3in1 Newborn Baby Pushchair Stroller Black Edition - Multicoloured - For Baby Boss<\/title>\n<meta name=\"description\" content=\"Foldable 3in1 Newborn Baby Pushchair Stroller Black Edition - Multicoloured\" \/>\n<meta name=\"robots\" content=\"index, follow, max-snippet:-1, max-image-preview:large, max-video-preview:-1\" \/>\n<link rel=\"canonical\" href=\"https:\/\/forbabyboss.com\/ro\/product\/carucior-pliabil-3-in-1-pentru-nou-nascuti-editie-neagra-multicolor\/\" \/>\n<meta property=\"og:locale\" content=\"ro_RO\" \/>\n<meta property=\"og:type\" content=\"article\" \/>\n<meta property=\"og:title\" content=\"Foldable 3in1 Newborn Baby Pushchair Stroller Black Edition - Multicoloured - For Baby Boss\" \/>\n<meta property=\"og:description\" content=\"Foldable 3in1 Newborn Baby Pushchair Stroller Black Edition - Multicoloured\" \/>\n<meta property=\"og:url\" content=\"https:\/\/forbabyboss.com\/ro\/product\/carucior-pliabil-3-in-1-pentru-nou-nascuti-editie-neagra-multicolor\/\" \/>\n<meta property=\"og:site_name\" content=\"For Baby Boss\" \/>\n<meta property=\"article:modified_time\" content=\"2026-02-21T11:02:50+00:00\" \/>\n<meta property=\"og:image\" content=\"https:\/\/forbabyboss.com\/wp-content\/uploads\/2022\/09\/Baby-Buggy-Pram-Foldable-3-in-1-Travel-System-Car-Seat-Pushchair-Black-Edition-Multicoloured-main.jpg\" \/>\n\t<meta property=\"og:image:width\" content=\"1600\" \/>\n\t<meta property=\"og:image:height\" content=\"1600\" \/>\n\t<meta property=\"og:image:type\" content=\"image\/jpeg\" \/>\n<meta name=\"twitter:card\" content=\"summary_large_image\" \/>\n<meta name=\"twitter:label1\" content=\"Timp estimat pentru citire\" \/>\n\t<meta name=\"twitter:data1\" content=\"2 minute\" \/>\n<script type=\"application\/ld+json\" class=\"yoast-schema-graph\">{\"@context\":\"https:\\\/\\\/schema.org\",\"@graph\":[{\"@type\":\"WebPage\",\"@id\":\"https:\\\/\\\/forbabyboss.com\\\/product\\\/foldable-3in1-newborn-baby-pushchair-stroller-black-edition-multicoloured\\\/\",\"url\":\"https:\\\/\\\/forbabyboss.com\\\/product\\\/foldable-3in1-newborn-baby-pushchair-stroller-black-edition-multicoloured\\\/\",\"name\":\"Foldable 3in1 Newborn Baby Pushchair Stroller Black Edition - Multicoloured - For Baby Boss\",\"isPartOf\":{\"@id\":\"https:\\\/\\\/powderblue-seahorse-496884.hostingersite.com\\\/#website\"},\"primaryImageOfPage\":{\"@id\":\"https:\\\/\\\/forbabyboss.com\\\/product\\\/foldable-3in1-newborn-baby-pushchair-stroller-black-edition-multicoloured\\\/#primaryimage\"},\"image\":{\"@id\":\"https:\\\/\\\/forbabyboss.com\\\/product\\\/foldable-3in1-newborn-baby-pushchair-stroller-black-edition-multicoloured\\\/#primaryimage\"},\"thumbnailUrl\":\"https:\\\/\\\/forbabyboss.com\\\/wp-content\\\/uploads\\\/2022\\\/09\\\/Baby-Buggy-Pram-Foldable-3-in-1-Travel-System-Car-Seat-Pushchair-Black-Edition-Multicoloured-main.jpg\",\"datePublished\":\"2022-09-15T08:52:53+00:00\",\"dateModified\":\"2026-02-21T11:02:50+00:00\",\"description\":\"Foldable 3in1 Newborn Baby Pushchair Stroller Black Edition - Multicoloured\",\"breadcrumb\":{\"@id\":\"https:\\\/\\\/forbabyboss.com\\\/product\\\/foldable-3in1-newborn-baby-pushchair-stroller-black-edition-multicoloured\\\/#breadcrumb\"},\"inLanguage\":\"ro-RO\",\"potentialAction\":[{\"@type\":\"ReadAction\",\"target\":[\"https:\\\/\\\/forbabyboss.com\\\/product\\\/foldable-3in1-newborn-baby-pushchair-stroller-black-edition-multicoloured\\\/\"]}]},{\"@type\":\"ImageObject\",\"inLanguage\":\"ro-RO\",\"@id\":\"https:\\\/\\\/forbabyboss.com\\\/product\\\/foldable-3in1-newborn-baby-pushchair-stroller-black-edition-multicoloured\\\/#primaryimage\",\"url\":\"https:\\\/\\\/forbabyboss.com\\\/wp-content\\\/uploads\\\/2022\\\/09\\\/Baby-Buggy-Pram-Foldable-3-in-1-Travel-System-Car-Seat-Pushchair-Black-Edition-Multicoloured-main.jpg\",\"contentUrl\":\"https:\\\/\\\/forbabyboss.com\\\/wp-content\\\/uploads\\\/2022\\\/09\\\/Baby-Buggy-Pram-Foldable-3-in-1-Travel-System-Car-Seat-Pushchair-Black-Edition-Multicoloured-main.jpg\",\"width\":1600,\"height\":1600},{\"@type\":\"BreadcrumbList\",\"@id\":\"https:\\\/\\\/forbabyboss.com\\\/product\\\/foldable-3in1-newborn-baby-pushchair-stroller-black-edition-multicoloured\\\/#breadcrumb\",\"itemListElement\":[{\"@type\":\"ListItem\",\"position\":1,\"name\":\"Home\",\"item\":\"https:\\\/\\\/forbabyboss.com\\\/\"},{\"@type\":\"ListItem\",\"position\":2,\"name\":\"Shop\",\"item\":\"https:\\\/\\\/forbabyboss.com\\\/shop\\\/\"},{\"@type\":\"ListItem\",\"position\":3,\"name\":\"Foldable 3in1 Newborn Baby Pushchair Stroller Black Edition &#8211; Multicoloured\"}]},{\"@type\":\"WebSite\",\"@id\":\"https:\\\/\\\/powderblue-seahorse-496884.hostingersite.com\\\/#website\",\"url\":\"https:\\\/\\\/powderblue-seahorse-496884.hostingersite.com\\\/\",\"name\":\"For Baby Boss\",\"description\":\"Beautiful gifts and accessories for your baby boss\",\"potentialAction\":[{\"@type\":\"SearchAction\",\"target\":{\"@type\":\"EntryPoint\",\"urlTemplate\":\"https:\\\/\\\/powderblue-seahorse-496884.hostingersite.com\\\/?s={search_term_string}\"},\"query-input\":{\"@type\":\"PropertyValueSpecification\",\"valueRequired\":true,\"valueName\":\"search_term_string\"}}],\"inLanguage\":\"ro-RO\"}]}<\/script>\n<!-- \/ Yoast SEO plugin. -->","yoast_head_json":{"title":"C\u0103rucior pliabil 3 \u00een 1 pentru nou-n\u0103scu\u021bi, edi\u021bie neagr\u0103 - multicolor - pentru Baby Boss","description":"C\u0103rucior pliabil 3 \u00een 1 pentru nou-n\u0103scu\u021bi, edi\u021bie neagr\u0103 - multicolor","robots":{"index":"index","follow":"follow","max-snippet":"max-snippet:-1","max-image-preview":"max-image-preview:large","max-video-preview":"max-video-preview:-1"},"canonical":"https:\/\/forbabyboss.com\/ro\/product\/carucior-pliabil-3-in-1-pentru-nou-nascuti-editie-neagra-multicolor\/","og_locale":"ro_RO","og_type":"article","og_title":"Foldable 3in1 Newborn Baby Pushchair Stroller Black Edition - Multicoloured - For Baby Boss","og_description":"Foldable 3in1 Newborn Baby Pushchair Stroller Black Edition - Multicoloured","og_url":"https:\/\/forbabyboss.com\/ro\/product\/carucior-pliabil-3-in-1-pentru-nou-nascuti-editie-neagra-multicolor\/","og_site_name":"For Baby Boss","article_modified_time":"2026-02-21T11:02:50+00:00","og_image":[{"width":1600,"height":1600,"url":"https:\/\/forbabyboss.com\/wp-content\/uploads\/2022\/09\/Baby-Buggy-Pram-Foldable-3-in-1-Travel-System-Car-Seat-Pushchair-Black-Edition-Multicoloured-main.jpg","type":"image\/jpeg"}],"twitter_card":"summary_large_image","twitter_misc":{"Timp estimat pentru citire":"2 minute"},"schema":{"@context":"https:\/\/schema.org","@graph":[{"@type":"WebPage","@id":"https:\/\/forbabyboss.com\/product\/foldable-3in1-newborn-baby-pushchair-stroller-black-edition-multicoloured\/","url":"https:\/\/forbabyboss.com\/product\/foldable-3in1-newborn-baby-pushchair-stroller-black-edition-multicoloured\/","name":"C\u0103rucior pliabil 3 \u00een 1 pentru nou-n\u0103scu\u021bi, edi\u021bie neagr\u0103 - multicolor - pentru Baby Boss","isPartOf":{"@id":"https:\/\/powderblue-seahorse-496884.hostingersite.com\/#website"},"primaryImageOfPage":{"@id":"https:\/\/forbabyboss.com\/product\/foldable-3in1-newborn-baby-pushchair-stroller-black-edition-multicoloured\/#primaryimage"},"image":{"@id":"https:\/\/forbabyboss.com\/product\/foldable-3in1-newborn-baby-pushchair-stroller-black-edition-multicoloured\/#primaryimage"},"thumbnailUrl":"https:\/\/forbabyboss.com\/wp-content\/uploads\/2022\/09\/Baby-Buggy-Pram-Foldable-3-in-1-Travel-System-Car-Seat-Pushchair-Black-Edition-Multicoloured-main.jpg","datePublished":"2022-09-15T08:52:53+00:00","dateModified":"2026-02-21T11:02:50+00:00","description":"C\u0103rucior pliabil 3 \u00een 1 pentru nou-n\u0103scu\u021bi, edi\u021bie neagr\u0103 - multicolor","breadcrumb":{"@id":"https:\/\/forbabyboss.com\/product\/foldable-3in1-newborn-baby-pushchair-stroller-black-edition-multicoloured\/#breadcrumb"},"inLanguage":"ro-RO","potentialAction":[{"@type":"ReadAction","target":["https:\/\/forbabyboss.com\/product\/foldable-3in1-newborn-baby-pushchair-stroller-black-edition-multicoloured\/"]}]},{"@type":"ImageObject","inLanguage":"ro-RO","@id":"https:\/\/forbabyboss.com\/product\/foldable-3in1-newborn-baby-pushchair-stroller-black-edition-multicoloured\/#primaryimage","url":"https:\/\/forbabyboss.com\/wp-content\/uploads\/2022\/09\/Baby-Buggy-Pram-Foldable-3-in-1-Travel-System-Car-Seat-Pushchair-Black-Edition-Multicoloured-main.jpg","contentUrl":"https:\/\/forbabyboss.com\/wp-content\/uploads\/2022\/09\/Baby-Buggy-Pram-Foldable-3-in-1-Travel-System-Car-Seat-Pushchair-Black-Edition-Multicoloured-main.jpg","width":1600,"height":1600},{"@type":"BreadcrumbList","@id":"https:\/\/forbabyboss.com\/product\/foldable-3in1-newborn-baby-pushchair-stroller-black-edition-multicoloured\/#breadcrumb","itemListElement":[{"@type":"ListItem","position":1,"name":"Home","item":"https:\/\/forbabyboss.com\/"},{"@type":"ListItem","position":2,"name":"Shop","item":"https:\/\/forbabyboss.com\/shop\/"},{"@type":"ListItem","position":3,"name":"Foldable 3in1 Newborn Baby Pushchair Stroller Black Edition &#8211; Multicoloured"}]},{"@type":"WebSite","@id":"https:\/\/powderblue-seahorse-496884.hostingersite.com\/#website","url":"https:\/\/powderblue-seahorse-496884.hostingersite.com\/","name":"Pentru Baby Boss","description":"Cadouri frumoase \u0219i accesorii pentru \u0219eful copilului dvs.","potentialAction":[{"@type":"SearchAction","target":{"@type":"EntryPoint","urlTemplate":"https:\/\/powderblue-seahorse-496884.hostingersite.com\/?s={search_term_string}"},"query-input":{"@type":"PropertyValueSpecification","valueRequired":true,"valueName":"search_term_string"}}],"inLanguage":"ro-RO"}]}},"_links":{"self":[{"href":"https:\/\/forbabyboss.com\/ro\/wp-json\/wp\/v2\/product\/5759","targetHints":{"allow":["GET"]}}],"collection":[{"href":"https:\/\/forbabyboss.com\/ro\/wp-json\/wp\/v2\/product"}],"about":[{"href":"https:\/\/forbabyboss.com\/ro\/wp-json\/wp\/v2\/types\/product"}],"wp:featuredmedia":[{"embeddable":true,"href":"https:\/\/forbabyboss.com\/ro\/wp-json\/wp\/v2\/media\/5760"}],"wp:attachment":[{"href":"https:\/\/forbabyboss.com\/ro\/wp-json\/wp\/v2\/media?parent=5759"}],"wp:term":[{"taxonomy":"product_brand","embeddable":true,"href":"https:\/\/forbabyboss.com\/ro\/wp-json\/wp\/v2\/product_brand?post=5759"},{"taxonomy":"product_cat","embeddable":true,"href":"https:\/\/forbabyboss.com\/ro\/wp-json\/wp\/v2\/product_cat?post=5759"},{"taxonomy":"product_tag","embeddable":true,"href":"https:\/\/forbabyboss.com\/ro\/wp-json\/wp\/v2\/product_tag?post=5759"}],"curies":[{"name":"wp","href":"https:\/\/api.w.org\/{rel}","templated":true}]}}