{"id":5837,"date":"2022-09-15T10:11:10","date_gmt":"2022-09-15T10:11:10","guid":{"rendered":"http:\/\/forbabyboss.com\/?post_type=product&#038;p=5837"},"modified":"2026-02-18T17:53:34","modified_gmt":"2026-02-18T17:53:34","slug":"carucior-pentru-bebelusi-nou-set-retro-carucior-clasic-sistem-de-calatorie-3-in-1-gri-cadru-negru","status":"publish","type":"product","link":"https:\/\/forbabyboss.com\/ro\/product\/new-baby-pram-retro-set-classic-pushchair-3in1-travel-system-grey-black-frame\/","title":{"rendered":"C\u0103rucior pentru bebelu\u0219i New Baby Set Retro C\u0103rucior clasic 3 \u00een 1 Sistem de c\u0103l\u0103torie Gri Cadru negru"},"content":{"rendered":"<h1><\/h1>\n<div style=\"width: 1020px;\" class=\"wp-video\"><video class=\"wp-video-shortcode\" id=\"video-5837-1\" width=\"1020\" height=\"574\" preload=\"metadata\" controls=\"controls\"><source type=\"video\/mp4\" src=\"http:\/\/forbabyboss.com\/wp-content\/uploads\/2022\/09\/romantic-vid-1.mp4?_=1\" \/><a href=\"http:\/\/forbabyboss.com\/wp-content\/uploads\/2022\/09\/romantic-vid-1.mp4\">http:\/\/forbabyboss.com\/wp-content\/uploads\/2022\/09\/romantic-vid-1.mp4<\/a><\/video><\/div>\n<p style=\"text-align: justify;\"><strong><span style=\"color: #808080;\">C\u0103rucioarele companiei noastre sunt fabricate din materiale \u0219i \u021bes\u0103turi de cea mai \u00eenalt\u0103 calitate, av\u00e2nd aprob\u0103rile \u0219i certificatele necesare, care garanteaz\u0103 respectarea standardelor europene de s\u0103n\u0103tate \u0219i siguran\u021b\u0103. C\u0103ruciorul ROMANTIC \u00eembin\u0103 perfect confortul cu modernitatea. Din primul moment al vie\u021bii copilului, p\u00e2n\u0103 c\u00e2nd acesta \u00eencepe s\u0103 se a\u0219eze singur, se folose\u0219te un landou confortabil \u0219i u\u0219or, cu hus\u0103 pentru picioare. C\u0103ruciorul serve\u0219te copilului mai t\u00e2rziu, c\u00e2nd acesta poate sta singur. Util este \u0219i suportul reglabil pentru picioare, care permite schimbarea pozi\u021biilor \u00een func\u021bie de v\u00e2rsta \u0219i nevoile copilului. Bariera de siguran\u021b\u0103, centurile de siguran\u021b\u0103 \u00een cinci puncte \u0219i zona inghinal\u0103 \u00eembun\u0103t\u0103\u021besc, de asemenea, confortul \u0219i siguran\u021ba.<\/span><\/strong><\/p>\n<h4 style=\"text-align: justify;\"><span style=\"color: #e14d43;\"><strong>SETUL INCLUDE:<\/strong><\/span><\/h4>\n<p style=\"text-align: justify;\"><strong><span style=\"color: #808080;\">1. CADRU CU RO\u021aI GONFLABILE<\/span><\/strong><br \/>\n<strong><span style=\"color: #808080;\">2. LANDOU (CAPOT\u0102 \u0218I HUSA)<\/span><\/strong><br \/>\n<strong><span style=\"color: #808080;\">3. C\u0102RU\u021aOR (CAPOTIN\u0102 \u0218I HUSA), C\u0102RU\u021aOR CU CAPOTIN\u0102 \u0218I HUSA, ARE SP\u0102TAR \u0218I SUPORT PENTRU PICIOARE REGLABILE\u00a0<\/span><\/strong><br \/>\n<strong><span style=\"color: #808080;\">4. SCAUN AUTO (CAPOT\u0102 \u0218I HUSA)<\/span><\/strong><br \/>\n<strong><span style=\"color: #808080;\">5. CENTURI DE SIGURAN\u021a\u0102 CU CINCI PUNCTE DE FIXARE.<\/span><\/strong><br \/>\n<strong><span style=\"color: #808080;\">5. GEANT\u0102 MARE<\/span><\/strong><br \/>\n<strong><span style=\"color: #808080;\">6. CO\u0218 DE CUMP\u0102R\u0102TURI<\/span><\/strong><br \/>\n<strong><span style=\"color: #808080;\">7. HUSA DE PLOAIE<\/span><\/strong><br \/>\n<strong><span style=\"color: #808080;\">8. FOLIE IMPERMEABIL\u0102<\/span><\/strong><br \/>\n<strong><span style=\"color: #808080;\">9. PLAS\u0102 DE \u021a\u00c2N\u021aARI<\/span><\/strong><br \/>\n<strong><span style=\"color: #808080;\">10. SCAUN AUTO PENTRU BEBELU\u0218I CU CAPOTIN\u0102 \u0218I HUSA PENTRU PICIOARE, SCAUNUL AUTO ESTE POTRIVIT PENTRU COPII DE P\u00c2N\u0102 LA 13 KG, ARE M\u00c2NER REGLABIL, INSER\u021a PENTRU FUNC\u021aIA DE BEBELU\u0218 \u0218I LEAG\u0102N<\/span><\/strong><\/p>\n<p style=\"text-align: justify;\"><strong><span style=\"color: #808080;\">C\u0103rucioarele pe care le oferim sunt fabricate \u00een conformitate cu standardele europene PN-EN 1888:2018 \u0219i au certificate de la institu\u021bii de renume care garanteaz\u0103 cea mai \u00eenalt\u0103 calitate a produsului \u0219i siguran\u021ba.<\/span><\/strong><\/p>\n<p style=\"text-align: justify;\"><strong><span style=\"color: #808080;\">C\u0103rucioarele romantice vin cu certificate de siguran\u021b\u0103 \u0219i calitate<\/span><\/strong><\/p>\n<p style=\"text-align: justify;\"><span style=\"color: #e14d43;\"><strong>Structura c\u0103ruciorului:<\/strong><\/span><\/p>\n<p style=\"text-align: justify;\"><strong><span style=\"color: #808080;\">\u2022 plasarea landoului, c\u0103ruciorului \u0219i scaunului auto \u00een pozi\u021biile orientate cu fa\u021ba spre fa\u021b\u0103 \u0219i cu spatele spre spate<\/span><\/strong><br \/>\n<strong><span style=\"color: #808080;\">\u2022 fiecare roat\u0103 are un rulment, ceea ce \u00eembun\u0103t\u0103\u021be\u0219te confortul<\/span><\/strong><br \/>\n<strong><span style=\"color: #808080;\">\u2022 co\u0219 mare ag\u0103\u021bat sub c\u0103rucior<\/span><\/strong><br \/>\n<strong><span style=\"color: #808080;\">\u2022 \u00een\u0103l\u021bime reglabil\u0103 a m\u00e2nerului<\/span><\/strong><br \/>\n<strong><span style=\"color: #808080;\">\u2022 pliere u\u0219oar\u0103 a cadrului \u0219i dimensiuni reduse la pliere<\/span><\/strong><br \/>\n<strong><span style=\"color: #808080;\">\u2022 Dimensiuni cadre pliate cu ro\u021bi:<\/span><\/strong><br \/>\n<strong><span style=\"color: #808080;\">\u2022 lungime 85 cm<\/span><\/strong><br \/>\n<strong><span style=\"color: #808080;\">\u2022 l\u0103\u021bime 60 cm<\/span><\/strong><br \/>\n<strong><span style=\"color: #808080;\">\u2022 \u00cen\u0103l\u021bime 41 cm<\/span><\/strong><br \/>\n<strong><span style=\"color: #808080;\">\u2022 Greutatea cadrelor 11 kg<\/span><\/strong><br \/>\n<strong><span style=\"color: #808080;\">\u2022 Greutatea c\u0103ruciorului cu landou sau landou 15 kg\u00a0<\/span><\/strong><\/p>\n<p style=\"text-align: justify;\"><span style=\"color: #e14d43;\"><strong>Dimensiuni c\u0103rucior cu landou:<\/strong><\/span><\/p>\n<p style=\"text-align: justify;\"><strong><span style=\"color: #808080;\">\u2022 L\u0103\u021bime 60 cm<\/span><\/strong><br \/>\n<strong><span style=\"color: #808080;\">\u2022 \u00cen\u0103l\u021bime p\u00e2n\u0103 la capot\u0103 128 cm<\/span><\/strong><br \/>\n<strong><span style=\"color: #808080;\">\u2022 \u00cen\u0103l\u021bimea m\u00e2nerului 103 cm<\/span><\/strong><\/p>\n<p style=\"text-align: justify;\"><span style=\"color: #e14d43;\"><strong>Landou:<\/strong><\/span><\/p>\n<p style=\"text-align: justify;\"><strong><span style=\"color: #808080;\">\u2022 landou cu func\u021bie de leag\u0103n \u0219i blocare a acestuia<\/span><\/strong><br \/>\n<strong><span style=\"color: #808080;\">\u2022 \u00een\u0103l\u021bimea sp\u0103tarului landoului reglabil\u0103<\/span><\/strong><br \/>\n<strong><span style=\"color: #808080;\">\u2022 hus\u0103 ajustat\u0103 pentru a proteja \u00eempotriva condi\u021biilor meteorologice nefavorabile<\/span><\/strong><br \/>\n<strong><span style=\"color: #808080;\">\u2022 m\u00e2nerul din capot\u0103 permite transportul landoului cu bebelu\u0219ul<\/span><\/strong><br \/>\n<strong><span style=\"color: #808080;\">\u2022 hus\u0103 de ploaie<\/span><\/strong><br \/>\n<strong><span style=\"color: #808080;\">\u2022 saltea \u0219i c\u0103ptu\u0219eal\u0103 delicat\u0103 a landoului<\/span><\/strong><br \/>\n<strong><span style=\"color: #808080;\">\u2022 dimensiuni din interior: 86Lx44lx21\u00ce<\/span><\/strong><br \/>\n<strong><span style=\"color: #808080;\">\u2022 greutate 4 kg<\/span><\/strong><\/p>\n<p style=\"text-align: justify;\"><span style=\"color: #e14d43;\"><strong>Scaun sport:<\/strong><\/span><\/p>\n<p style=\"text-align: justify;\"><strong><span style=\"color: #808080;\">\u2022 hus\u0103 pentru picioare<\/span><\/strong><br \/>\n<strong><span style=\"color: #808080;\">\u2022 glug\u0103 deta\u0219abil\u0103 \u0219i reglabil\u0103<\/span><\/strong><br \/>\n<strong><span style=\"color: #808080;\">\u2022 bar\u0103 de siguran\u021b\u0103 deta\u0219abil\u0103<\/span><\/strong><br \/>\n<strong><span style=\"color: #808080;\">\u2022 Reglare sp\u0103tar \u00een 4 pozi\u021bii<\/span><\/strong><br \/>\n<strong><span style=\"color: #808080;\">\u2022 suport pentru picioare reglabil<\/span><\/strong><br \/>\n<strong><span style=\"color: #808080;\">\u2022 pozi\u021bie culcat plat pentru copil<\/span><\/strong><br \/>\n<strong><span style=\"color: #808080;\">\u2022 ham reglabil \u00een cinci puncte<\/span><\/strong><br \/>\n<strong><span style=\"color: #808080;\">\u2022 buzunar \u00een spatele glugii<\/span><\/strong><br \/>\n<strong><span style=\"color: #808080;\">\u2022 dimensiuni din interior:<\/span><\/strong><br \/>\n<strong><span style=\"color: #808080;\">\u2022 lungime 90 cm (sp\u0103tar 47, \u0219ezut 23, suport pentru picioare 21)<\/span><\/strong><br \/>\n<strong><span style=\"color: #808080;\">\u2022 l\u0103\u021bime 42 cm<\/span><\/strong><br \/>\n<strong><span style=\"color: #808080;\">\u2022 greutate 3,7 kg<\/span><\/strong><\/p>\n<p style=\"text-align: justify;\"><span style=\"color: #e14d43;\"><strong>Scaun auto cu adaptor:<\/strong><\/span><\/p>\n<p style=\"text-align: justify;\"><strong><span style=\"color: #808080;\">\u2022 ham de siguran\u021b\u0103 reglabil \u00een trei puncte cu protec\u021bii<\/span><\/strong><br \/>\n<strong><span style=\"color: #808080;\">\u2022 glug\u0103 \u0219i hus\u0103 deta\u0219abile<\/span><\/strong><br \/>\n<strong><span style=\"color: #808080;\">\u2022 inser\u021bie pentru bebelu\u0219i<\/span><\/strong><br \/>\n<strong><span style=\"color: #808080;\">\u2022 m\u00e2ner reglabil<\/span><\/strong><br \/>\n<strong><span style=\"color: #808080;\">\u2022 func\u021bie de suport cu blocare<\/span><\/strong><br \/>\n<strong><span style=\"color: #808080;\">\u2022 scaunul auto este potrivit pentru transportul copiilor cu ma\u0219ina<\/span><\/strong><br \/>\n<strong><span style=\"color: #808080;\">\u2022 omologare ECE R44\/04<\/span><\/strong><\/p>\n<p>&nbsp;<\/p>\n<p><a href=\"http:\/\/forbabyboss.com\/wp-content\/uploads\/2022\/09\/checkout.png\"><img loading=\"lazy\" decoding=\"async\" class=\"alignnone wp-image-5965\" src=\"http:\/\/forbabyboss.com\/wp-content\/uploads\/2022\/09\/checkout.png\" alt=\"\" width=\"992\" height=\"365\" srcset=\"https:\/\/forbabyboss.com\/wp-content\/uploads\/2022\/09\/checkout.png 750w, https:\/\/forbabyboss.com\/wp-content\/uploads\/2022\/09\/checkout-600x221.png 600w\" sizes=\"auto, (max-width: 992px) 100vw, 992px\" \/><\/a><\/p>","protected":false},"excerpt":{"rendered":"<p><a href=\"http:\/\/forbabyboss.com\/wp-content\/uploads\/2022\/09\/Star-Rating-5.png\"><img loading=\"lazy\" decoding=\"async\" class=\"alignnone size-full wp-image-5973 aligncenter\" src=\"http:\/\/forbabyboss.com\/wp-content\/uploads\/2022\/09\/Star-Rating-5.png\" alt=\"\" width=\"275\" height=\"45\" \/><\/a><\/p>\n<p style=\"text-align: center;\"><span style=\"color: #ed1c24; font-size: 120%;\"><b>GARAN\u021aIE DE POTRIVIRE A PRE\u021aULUI<\/b><\/span><\/p>\n<p style=\"text-align: center;\"><span style=\"font-size: 115%;\"><span style=\"font-weight: 400; color: #4f4fa7;\">Livrare gratuit\u0103<\/span><span style=\"font-weight: 400;\"> \u2013 2 \u2013 7 zile<\/span><\/span><\/p>\n<p style=\"text-align: center;\"><strong><span style=\"color: #29606b;\">Cadou gratuit la achizi\u021bii de peste 100 de lire sterline<\/span><\/strong><\/p>","protected":false},"featured_media":5838,"template":"","meta":[],"product_brand":[577],"product_cat":[338,339,156,207,305,210,130,209,211],"product_tag":[163,199],"class_list":{"0":"post-5837","1":"product","2":"type-product","3":"status-publish","4":"has-post-thumbnail","6":"product_brand-kunert","7":"product_cat-600-to-700","8":"product_cat-700-to-800","9":"product_cat-3-in-1","10":"product_cat-black","11":"product_cat-colour","12":"product_cat-grey","13":"product_cat-prams","14":"product_cat-push-chairs","15":"product_cat-stroller","16":"product_tag-3-in-1-prams","17":"product_tag-prams","19":"first","20":"instock","21":"sale","22":"shipping-taxable","23":"purchasable","24":"product-type-simple"},"yoast_head":"<!-- This site is optimized with the Yoast SEO plugin v27.5 - https:\/\/yoast.com\/product\/yoast-seo-wordpress\/ -->\n<title>New Baby Pram Retro Set Classic Pushchair 3in1 Travel System Grey Black Frame - For Baby Boss<\/title>\n<meta name=\"description\" content=\"New Baby Pram Retro Set Classic Pushchair 3in1 Travel System Grey Black Frame\" \/>\n<meta name=\"robots\" content=\"index, follow, max-snippet:-1, max-image-preview:large, max-video-preview:-1\" \/>\n<link rel=\"canonical\" href=\"https:\/\/forbabyboss.com\/ro\/product\/carucior-pentru-bebelusi-nou-set-retro-carucior-clasic-sistem-de-calatorie-3-in-1-gri-cadru-negru\/\" \/>\n<meta property=\"og:locale\" content=\"ro_RO\" \/>\n<meta property=\"og:type\" content=\"article\" \/>\n<meta property=\"og:title\" content=\"New Baby Pram Retro Set Classic Pushchair 3in1 Travel System Grey Black Frame - For Baby Boss\" \/>\n<meta property=\"og:description\" content=\"New Baby Pram Retro Set Classic Pushchair 3in1 Travel System Grey Black Frame\" \/>\n<meta property=\"og:url\" content=\"https:\/\/forbabyboss.com\/ro\/product\/carucior-pentru-bebelusi-nou-set-retro-carucior-clasic-sistem-de-calatorie-3-in-1-gri-cadru-negru\/\" \/>\n<meta property=\"og:site_name\" content=\"For Baby Boss\" \/>\n<meta property=\"article:modified_time\" content=\"2026-02-18T17:53:34+00:00\" \/>\n<meta property=\"og:image\" content=\"https:\/\/forbabyboss.com\/wp-content\/uploads\/2022\/09\/Baby-Pram-Retro-Buggy-Set-Classic-Pushchair-3in1Travel-System-NEW-2022-FREEBIES-Grey-black-frame.png\" \/>\n\t<meta property=\"og:image:width\" content=\"1600\" \/>\n\t<meta property=\"og:image:height\" content=\"1600\" \/>\n\t<meta property=\"og:image:type\" content=\"image\/png\" \/>\n<meta name=\"twitter:card\" content=\"summary_large_image\" \/>\n<meta name=\"twitter:label1\" content=\"Timp estimat pentru citire\" \/>\n\t<meta name=\"twitter:data1\" content=\"3 minute\" \/>\n<script type=\"application\/ld+json\" class=\"yoast-schema-graph\">{\"@context\":\"https:\\\/\\\/schema.org\",\"@graph\":[{\"@type\":\"WebPage\",\"@id\":\"https:\\\/\\\/forbabyboss.com\\\/product\\\/new-baby-pram-retro-set-classic-pushchair-3in1-travel-system-grey-black-frame\\\/\",\"url\":\"https:\\\/\\\/forbabyboss.com\\\/product\\\/new-baby-pram-retro-set-classic-pushchair-3in1-travel-system-grey-black-frame\\\/\",\"name\":\"New Baby Pram Retro Set Classic Pushchair 3in1 Travel System Grey Black Frame - For Baby Boss\",\"isPartOf\":{\"@id\":\"https:\\\/\\\/powderblue-seahorse-496884.hostingersite.com\\\/#website\"},\"primaryImageOfPage\":{\"@id\":\"https:\\\/\\\/forbabyboss.com\\\/product\\\/new-baby-pram-retro-set-classic-pushchair-3in1-travel-system-grey-black-frame\\\/#primaryimage\"},\"image\":{\"@id\":\"https:\\\/\\\/forbabyboss.com\\\/product\\\/new-baby-pram-retro-set-classic-pushchair-3in1-travel-system-grey-black-frame\\\/#primaryimage\"},\"thumbnailUrl\":\"https:\\\/\\\/forbabyboss.com\\\/wp-content\\\/uploads\\\/2022\\\/09\\\/Baby-Pram-Retro-Buggy-Set-Classic-Pushchair-3in1Travel-System-NEW-2022-FREEBIES-Grey-black-frame.png\",\"datePublished\":\"2022-09-15T10:11:10+00:00\",\"dateModified\":\"2026-02-18T17:53:34+00:00\",\"description\":\"New Baby Pram Retro Set Classic Pushchair 3in1 Travel System Grey Black Frame\",\"breadcrumb\":{\"@id\":\"https:\\\/\\\/forbabyboss.com\\\/product\\\/new-baby-pram-retro-set-classic-pushchair-3in1-travel-system-grey-black-frame\\\/#breadcrumb\"},\"inLanguage\":\"ro-RO\",\"potentialAction\":[{\"@type\":\"ReadAction\",\"target\":[\"https:\\\/\\\/forbabyboss.com\\\/product\\\/new-baby-pram-retro-set-classic-pushchair-3in1-travel-system-grey-black-frame\\\/\"]}]},{\"@type\":\"ImageObject\",\"inLanguage\":\"ro-RO\",\"@id\":\"https:\\\/\\\/forbabyboss.com\\\/product\\\/new-baby-pram-retro-set-classic-pushchair-3in1-travel-system-grey-black-frame\\\/#primaryimage\",\"url\":\"https:\\\/\\\/forbabyboss.com\\\/wp-content\\\/uploads\\\/2022\\\/09\\\/Baby-Pram-Retro-Buggy-Set-Classic-Pushchair-3in1Travel-System-NEW-2022-FREEBIES-Grey-black-frame.png\",\"contentUrl\":\"https:\\\/\\\/forbabyboss.com\\\/wp-content\\\/uploads\\\/2022\\\/09\\\/Baby-Pram-Retro-Buggy-Set-Classic-Pushchair-3in1Travel-System-NEW-2022-FREEBIES-Grey-black-frame.png\",\"width\":1600,\"height\":1600},{\"@type\":\"BreadcrumbList\",\"@id\":\"https:\\\/\\\/forbabyboss.com\\\/product\\\/new-baby-pram-retro-set-classic-pushchair-3in1-travel-system-grey-black-frame\\\/#breadcrumb\",\"itemListElement\":[{\"@type\":\"ListItem\",\"position\":1,\"name\":\"Home\",\"item\":\"https:\\\/\\\/forbabyboss.com\\\/\"},{\"@type\":\"ListItem\",\"position\":2,\"name\":\"Shop\",\"item\":\"https:\\\/\\\/forbabyboss.com\\\/shop\\\/\"},{\"@type\":\"ListItem\",\"position\":3,\"name\":\"New Baby Pram Retro Set Classic Pushchair 3in1 Travel System Grey Black Frame\"}]},{\"@type\":\"WebSite\",\"@id\":\"https:\\\/\\\/powderblue-seahorse-496884.hostingersite.com\\\/#website\",\"url\":\"https:\\\/\\\/powderblue-seahorse-496884.hostingersite.com\\\/\",\"name\":\"For Baby Boss\",\"description\":\"Beautiful gifts and accessories for your baby boss\",\"potentialAction\":[{\"@type\":\"SearchAction\",\"target\":{\"@type\":\"EntryPoint\",\"urlTemplate\":\"https:\\\/\\\/powderblue-seahorse-496884.hostingersite.com\\\/?s={search_term_string}\"},\"query-input\":{\"@type\":\"PropertyValueSpecification\",\"valueRequired\":true,\"valueName\":\"search_term_string\"}}],\"inLanguage\":\"ro-RO\"}]}<\/script>\n<!-- \/ Yoast SEO plugin. -->","yoast_head_json":{"title":"C\u0103rucior pentru bebelu\u0219i New Baby Pram Set Retro C\u0103rucior clasic 3 \u00een 1 Sistem de c\u0103l\u0103torie Gri Cadru negru - Pentru Baby Boss","description":"C\u0103rucior pentru bebelu\u0219i New Baby Set Retro C\u0103rucior clasic 3 \u00een 1 Sistem de c\u0103l\u0103torie Gri Cadru negru","robots":{"index":"index","follow":"follow","max-snippet":"max-snippet:-1","max-image-preview":"max-image-preview:large","max-video-preview":"max-video-preview:-1"},"canonical":"https:\/\/forbabyboss.com\/ro\/product\/carucior-pentru-bebelusi-nou-set-retro-carucior-clasic-sistem-de-calatorie-3-in-1-gri-cadru-negru\/","og_locale":"ro_RO","og_type":"article","og_title":"New Baby Pram Retro Set Classic Pushchair 3in1 Travel System Grey Black Frame - For Baby Boss","og_description":"New Baby Pram Retro Set Classic Pushchair 3in1 Travel System Grey Black Frame","og_url":"https:\/\/forbabyboss.com\/ro\/product\/carucior-pentru-bebelusi-nou-set-retro-carucior-clasic-sistem-de-calatorie-3-in-1-gri-cadru-negru\/","og_site_name":"For Baby Boss","article_modified_time":"2026-02-18T17:53:34+00:00","og_image":[{"width":1600,"height":1600,"url":"https:\/\/forbabyboss.com\/wp-content\/uploads\/2022\/09\/Baby-Pram-Retro-Buggy-Set-Classic-Pushchair-3in1Travel-System-NEW-2022-FREEBIES-Grey-black-frame.png","type":"image\/png"}],"twitter_card":"summary_large_image","twitter_misc":{"Timp estimat pentru citire":"3 minute"},"schema":{"@context":"https:\/\/schema.org","@graph":[{"@type":"WebPage","@id":"https:\/\/forbabyboss.com\/product\/new-baby-pram-retro-set-classic-pushchair-3in1-travel-system-grey-black-frame\/","url":"https:\/\/forbabyboss.com\/product\/new-baby-pram-retro-set-classic-pushchair-3in1-travel-system-grey-black-frame\/","name":"C\u0103rucior pentru bebelu\u0219i New Baby Pram Set Retro C\u0103rucior clasic 3 \u00een 1 Sistem de c\u0103l\u0103torie Gri Cadru negru - Pentru Baby Boss","isPartOf":{"@id":"https:\/\/powderblue-seahorse-496884.hostingersite.com\/#website"},"primaryImageOfPage":{"@id":"https:\/\/forbabyboss.com\/product\/new-baby-pram-retro-set-classic-pushchair-3in1-travel-system-grey-black-frame\/#primaryimage"},"image":{"@id":"https:\/\/forbabyboss.com\/product\/new-baby-pram-retro-set-classic-pushchair-3in1-travel-system-grey-black-frame\/#primaryimage"},"thumbnailUrl":"https:\/\/forbabyboss.com\/wp-content\/uploads\/2022\/09\/Baby-Pram-Retro-Buggy-Set-Classic-Pushchair-3in1Travel-System-NEW-2022-FREEBIES-Grey-black-frame.png","datePublished":"2022-09-15T10:11:10+00:00","dateModified":"2026-02-18T17:53:34+00:00","description":"C\u0103rucior pentru bebelu\u0219i New Baby Set Retro C\u0103rucior clasic 3 \u00een 1 Sistem de c\u0103l\u0103torie Gri Cadru negru","breadcrumb":{"@id":"https:\/\/forbabyboss.com\/product\/new-baby-pram-retro-set-classic-pushchair-3in1-travel-system-grey-black-frame\/#breadcrumb"},"inLanguage":"ro-RO","potentialAction":[{"@type":"ReadAction","target":["https:\/\/forbabyboss.com\/product\/new-baby-pram-retro-set-classic-pushchair-3in1-travel-system-grey-black-frame\/"]}]},{"@type":"ImageObject","inLanguage":"ro-RO","@id":"https:\/\/forbabyboss.com\/product\/new-baby-pram-retro-set-classic-pushchair-3in1-travel-system-grey-black-frame\/#primaryimage","url":"https:\/\/forbabyboss.com\/wp-content\/uploads\/2022\/09\/Baby-Pram-Retro-Buggy-Set-Classic-Pushchair-3in1Travel-System-NEW-2022-FREEBIES-Grey-black-frame.png","contentUrl":"https:\/\/forbabyboss.com\/wp-content\/uploads\/2022\/09\/Baby-Pram-Retro-Buggy-Set-Classic-Pushchair-3in1Travel-System-NEW-2022-FREEBIES-Grey-black-frame.png","width":1600,"height":1600},{"@type":"BreadcrumbList","@id":"https:\/\/forbabyboss.com\/product\/new-baby-pram-retro-set-classic-pushchair-3in1-travel-system-grey-black-frame\/#breadcrumb","itemListElement":[{"@type":"ListItem","position":1,"name":"Home","item":"https:\/\/forbabyboss.com\/"},{"@type":"ListItem","position":2,"name":"Shop","item":"https:\/\/forbabyboss.com\/shop\/"},{"@type":"ListItem","position":3,"name":"New Baby Pram Retro Set Classic Pushchair 3in1 Travel System Grey Black Frame"}]},{"@type":"WebSite","@id":"https:\/\/powderblue-seahorse-496884.hostingersite.com\/#website","url":"https:\/\/powderblue-seahorse-496884.hostingersite.com\/","name":"Pentru Baby Boss","description":"Cadouri frumoase \u0219i accesorii pentru \u0219eful copilului dvs.","potentialAction":[{"@type":"SearchAction","target":{"@type":"EntryPoint","urlTemplate":"https:\/\/powderblue-seahorse-496884.hostingersite.com\/?s={search_term_string}"},"query-input":{"@type":"PropertyValueSpecification","valueRequired":true,"valueName":"search_term_string"}}],"inLanguage":"ro-RO"}]}},"_links":{"self":[{"href":"https:\/\/forbabyboss.com\/ro\/wp-json\/wp\/v2\/product\/5837","targetHints":{"allow":["GET"]}}],"collection":[{"href":"https:\/\/forbabyboss.com\/ro\/wp-json\/wp\/v2\/product"}],"about":[{"href":"https:\/\/forbabyboss.com\/ro\/wp-json\/wp\/v2\/types\/product"}],"wp:featuredmedia":[{"embeddable":true,"href":"https:\/\/forbabyboss.com\/ro\/wp-json\/wp\/v2\/media\/5838"}],"wp:attachment":[{"href":"https:\/\/forbabyboss.com\/ro\/wp-json\/wp\/v2\/media?parent=5837"}],"wp:term":[{"taxonomy":"product_brand","embeddable":true,"href":"https:\/\/forbabyboss.com\/ro\/wp-json\/wp\/v2\/product_brand?post=5837"},{"taxonomy":"product_cat","embeddable":true,"href":"https:\/\/forbabyboss.com\/ro\/wp-json\/wp\/v2\/product_cat?post=5837"},{"taxonomy":"product_tag","embeddable":true,"href":"https:\/\/forbabyboss.com\/ro\/wp-json\/wp\/v2\/product_tag?post=5837"}],"curies":[{"name":"wp","href":"https:\/\/api.w.org\/{rel}","templated":true}]}}