{"id":5923,"date":"2022-09-24T15:41:02","date_gmt":"2022-09-24T15:41:02","guid":{"rendered":"http:\/\/forbabyboss.com\/?post_type=product&#038;p=5923"},"modified":"2026-02-21T09:07:00","modified_gmt":"2026-02-21T09:07:00","slug":"carucior-pentru-bebelusi-cu-model-picior-de-gaina-auriu-sistem-de-calatorie-3-in-1-baza-isofix-pentru-nou-nascut","status":"publish","type":"product","link":"https:\/\/forbabyboss.com\/ro\/product\/gold-houndstooth-baby-pram-3in1-travel-system-isofix-base-for-newborn\/","title":{"rendered":"C\u0103rucior pentru bebelu\u0219i cu model Houndstooth auriu, sistem de c\u0103l\u0103torie 3 \u00een 1, baz\u0103 Isofix pentru nou-n\u0103scut"},"content":{"rendered":"<h3 style=\"font-weight: 400; text-align: justify;\"><span style=\"color: #e14d43;\"><strong>Caracteristici:<\/strong><\/span><\/h3>\n<ul style=\"text-align: justify;\">\n<li style=\"font-weight: 400;\"><strong><span style=\"color: #282828;\">Mod orientat spre \u00eenainte \u0219i spre spate<\/span><\/strong><\/li>\n<li style=\"font-weight: 400;\"><strong><span style=\"color: #282828;\">fereastr\u0103 de plas\u0103 \u00een spatele capotei<\/span><\/strong><\/li>\n<li style=\"font-weight: 400;\"><strong><span style=\"color: #282828;\">Gondola are o c\u0103ptu\u0219eal\u0103 moale care poate fi \u00eendep\u0103rtat\u0103 pentru sp\u0103lare<\/span><\/strong><\/li>\n<li style=\"font-weight: 400;\"><strong><span style=\"color: #282828;\">Copertina gondolei poate fi ridicat\u0103 pentru a crea un captator de v\u00e2nt<\/span><\/strong><\/li>\n<li style=\"font-weight: 400;\"><strong><span style=\"color: #282828;\">capot\u0103 extins\u0103<\/span><\/strong><\/li>\n<li style=\"font-weight: 400;\"><strong><span style=\"color: #282828;\">c\u0103ruciorul este echipat cu centuri de siguran\u021b\u0103 \u00een 5 puncte<\/span><\/strong><\/li>\n<li style=\"font-weight: 400;\"><strong><span style=\"color: #282828;\">Suport pentru picioare \u0219i bar\u0103 de siguran\u021b\u0103 acoperite cu piele ecologic\u0103<\/span><\/strong><\/li>\n<li style=\"font-weight: 400;\"><strong><span style=\"color: #282828;\">M\u00e2ner reglabil pe mai multe niveluri<\/span><\/strong><\/li>\n<li style=\"font-weight: 400;\"><strong><span style=\"color: #282828;\">Suspensie reglabil\u0103<\/span><\/strong><\/li>\n<li style=\"font-weight: 400;\"><strong><span style=\"color: #282828;\">Suport pentru picioare \u0219i sp\u0103tar reglabil<\/span><\/strong><\/li>\n<li style=\"font-weight: 400;\"><strong><span style=\"color: #282828;\">Cadru robust<\/span><\/strong><\/li>\n<li style=\"font-weight: 400;\"><strong><span style=\"color: #282828;\">Fr\u00e2n\u0103 central\u0103 EASY STOP<\/span><\/strong><\/li>\n<li style=\"font-weight: 400;\"><strong><span style=\"color: #282828;\">Co\u0219 mare de cump\u0103r\u0103turi<\/span><\/strong><\/li>\n<\/ul>\n<h3 style=\"font-weight: 400; text-align: justify;\"><strong><span style=\"color: #e14d43;\">Caracteristici ale scaunului auto:<\/span><\/strong><\/h3>\n<ul style=\"text-align: justify;\">\n<li style=\"font-weight: 400;\"><strong><span style=\"color: #282828;\">inser\u021bie suplimentar\u0103 pentru sugari<\/span><\/strong><\/li>\n<li style=\"font-weight: 400;\"><strong><span style=\"color: #282828;\">m\u00e2ner reglabil<\/span><\/strong><\/li>\n<li style=\"font-weight: 400;\"><strong><span style=\"color: #282828;\">acoperi<\/span><\/strong><\/li>\n<li style=\"font-weight: 400;\"><strong><span style=\"color: #282828;\">glug\u0103 deta\u0219abil\u0103<\/span><\/strong><\/li>\n<li style=\"font-weight: 400;\"><strong><span style=\"color: #282828;\">Centuri de siguran\u021b\u0103 cu 3 puncte<\/span><\/strong><\/li>\n<\/ul>\n<h3 style=\"text-align: justify;\"><strong><span style=\"color: #e14d43;\">Echipament:<\/span><\/strong><\/h3>\n<ul style=\"text-align: justify;\">\n<li style=\"font-weight: 400;\"><strong><span style=\"color: #282828;\">cadru cu m\u00e2ner din piele ecologic\u0103<\/span><\/strong><\/li>\n<li style=\"font-weight: 400;\"><strong><span style=\"color: #282828;\">gondol\u0103 cu sp\u0103tar reglabil<\/span><\/strong><\/li>\n<li style=\"font-weight: 400;\"><strong><span style=\"color: #282828;\">c\u0103rucior<\/span><\/strong><\/li>\n<li style=\"font-weight: 400;\"><strong><span style=\"color: #282828;\">dou\u0103 huse (pentru c\u0103rucior \u0219i gondol\u0103)<\/span><\/strong><\/li>\n<li style=\"font-weight: 400;\"><strong><span style=\"color: #282828;\">scaun auto multifunc\u021bional cu adaptoare<\/span><\/strong><\/li>\n<li style=\"font-weight: 400;\"><strong><span style=\"color: #282828;\">hus\u0103 de ploaie<\/span><\/strong><\/li>\n<li style=\"font-weight: 400;\"><strong><span style=\"color: #282828;\">plas\u0103 de \u021b\u00e2n\u021bari<\/span><\/strong><\/li>\n<li style=\"font-weight: 400;\"><strong><span style=\"color: #282828;\">ro\u021bi pivotante umplute cu aer<\/span><\/strong><\/li>\n<li style=\"font-weight: 400;\"><strong><span style=\"color: #282828;\">buzunar mare \u00een spatele gen\u021bii \u0219i dou\u0103 mici pe laterale<\/span><\/strong><\/li>\n<\/ul>\n<p style=\"font-weight: 400; text-align: justify;\"><strong><span style=\"color: #282828;\">Cadru pliat cu ro\u021bi (lungime x l\u0103\u021bime x \u00een\u0103l\u021bime): 85x60x40cm<\/span><\/strong><\/p>\n<p style=\"font-weight: 400; text-align: justify;\"><strong><span style=\"color: #282828;\">C\u0103rucior asamblat (\u00een\u0103l\u021bime x l\u0103\u021bime x lungime): 115x60x95cm<\/span><\/strong><\/p>\n<p style=\"font-weight: 400; text-align: justify;\"><strong><span style=\"color: #282828;\">Interior gondol\u0103 (l\u0103\u021bime x lungime x \u00een\u0103l\u021bime): 36x80x20cm<\/span><\/strong><\/p>\n<p style=\"font-weight: 400; text-align: justify;\"><strong><span style=\"color: #282828;\">Interior c\u0103rucior (l\u0103\u021bime x lungime sp\u0103tar x lungime \u0219ezut x lungime suport pentru picioare): 34x48x26x23cm<\/span><\/strong><\/p>\n<p style=\"font-weight: 400; text-align: justify;\"><strong><span style=\"color: #282828;\">Cadru cu ro\u021bi: 10 kg<\/span><\/strong><\/p>\n<p style=\"font-weight: 400; text-align: justify;\"><strong><span style=\"color: #282828;\">C\u0103rucior: 15 kg<\/span><\/strong><\/p>\n<p style=\"font-weight: 400; text-align: justify;\"><strong><span style=\"color: #282828;\">C\u0103rucior ad\u00e2nc: 16 kg<\/span><\/strong><\/p>\n<p style=\"font-weight: 400; text-align: justify;\"><strong><span style=\"color: #282828;\">Interval de reglare a m\u00e2nerului: 70 cm p\u00e2n\u0103 la 115 cm<\/span><\/strong><\/p>\n<p style=\"font-weight: 400; text-align: justify;\"><strong><span style=\"color: #282828;\">Garan\u021bie de 12 luni<\/span><\/strong><\/p>\n<p>&nbsp;<\/p>\n<p><strong><a href=\"http:\/\/forbabyboss.com\/wp-content\/uploads\/2022\/09\/checkout.png\"><img loading=\"lazy\" decoding=\"async\" class=\"alignnone wp-image-5965\" src=\"http:\/\/forbabyboss.com\/wp-content\/uploads\/2022\/09\/checkout.png\" alt=\"\" width=\"1000\" height=\"368\" srcset=\"https:\/\/forbabyboss.com\/wp-content\/uploads\/2022\/09\/checkout.png 750w, https:\/\/forbabyboss.com\/wp-content\/uploads\/2022\/09\/checkout-600x221.png 600w\" sizes=\"auto, (max-width: 1000px) 100vw, 1000px\" \/><\/a><\/strong><\/p>","protected":false},"excerpt":{"rendered":"<p><a href=\"http:\/\/forbabyboss.com\/wp-content\/uploads\/2022\/09\/Star-Rating-5.png\"><img loading=\"lazy\" decoding=\"async\" class=\"alignnone size-full wp-image-5973 aligncenter\" src=\"http:\/\/forbabyboss.com\/wp-content\/uploads\/2022\/09\/Star-Rating-5.png\" alt=\"\" width=\"275\" height=\"45\" \/><\/a><\/p>\n<p style=\"text-align: center;\"><span style=\"color: #ed1c24; font-size: 120%;\"><b>GARAN\u021aIE DE POTRIVIRE A PRE\u021aULUI<\/b><\/span><\/p>\n<p style=\"text-align: center;\"><span style=\"font-size: 115%;\"><span style=\"font-weight: 400; color: #4f4fa7;\">Livrare gratuit\u0103<\/span><span style=\"font-weight: 400;\"> \u2013 2 \u2013 7 zile<\/span><\/span><\/p>\n<p style=\"text-align: center;\"><strong><span style=\"color: #29606b;\">Cadou gratuit la achizi\u021bii de peste 100 de lire sterline<\/span><\/strong><\/p>","protected":false},"featured_media":5924,"template":"","meta":[],"product_brand":[370],"product_cat":[338,339,156,305,270,303,130,209,211],"product_tag":[163,199],"class_list":{"0":"post-5923","1":"product","2":"type-product","3":"status-publish","4":"has-post-thumbnail","6":"product_brand-babylux","7":"product_cat-600-to-700","8":"product_cat-700-to-800","9":"product_cat-3-in-1","10":"product_cat-colour","11":"product_cat-multicolor","12":"product_cat-pattern","13":"product_cat-prams","14":"product_cat-push-chairs","15":"product_cat-stroller","16":"product_tag-3-in-1-prams","17":"product_tag-prams","19":"first","20":"instock","21":"sale","22":"shipping-taxable","23":"purchasable","24":"product-type-simple"},"yoast_head":"<!-- This site is optimized with the Yoast SEO plugin v27.6 - https:\/\/yoast.com\/product\/yoast-seo-wordpress\/ -->\n<title>Gold Houndstooth Baby Pram 3in1 Travel System Isofix Base for Newborn - For Baby Boss<\/title>\n<meta name=\"description\" content=\"Gold Houndstooth Baby Pram 3in1 Travel System Isofix Base for Newborn\" \/>\n<meta name=\"robots\" content=\"index, follow, max-snippet:-1, max-image-preview:large, max-video-preview:-1\" \/>\n<link rel=\"canonical\" href=\"https:\/\/forbabyboss.com\/ro\/product\/carucior-pentru-bebelusi-cu-model-picior-de-gaina-auriu-sistem-de-calatorie-3-in-1-baza-isofix-pentru-nou-nascut\/\" \/>\n<meta property=\"og:locale\" content=\"ro_RO\" \/>\n<meta property=\"og:type\" content=\"article\" \/>\n<meta property=\"og:title\" content=\"Gold Houndstooth Baby Pram 3in1 Travel System Isofix Base for Newborn - For Baby Boss\" \/>\n<meta property=\"og:description\" content=\"Gold Houndstooth Baby Pram 3in1 Travel System Isofix Base for Newborn\" \/>\n<meta property=\"og:url\" content=\"https:\/\/forbabyboss.com\/ro\/product\/carucior-pentru-bebelusi-cu-model-picior-de-gaina-auriu-sistem-de-calatorie-3-in-1-baza-isofix-pentru-nou-nascut\/\" \/>\n<meta property=\"og:site_name\" content=\"For Baby Boss\" \/>\n<meta property=\"article:modified_time\" content=\"2026-02-21T09:07:00+00:00\" \/>\n<meta property=\"og:image\" content=\"https:\/\/forbabyboss.com\/wp-content\/uploads\/2022\/09\/Luxury-Baby-Pram-Newborn-Buggy-3-in1-Car-Seat-Pushchair-3-in-1-Travel-System-Claret-Flowers-main-1.png\" \/>\n\t<meta property=\"og:image:width\" content=\"1600\" \/>\n\t<meta property=\"og:image:height\" content=\"1197\" \/>\n\t<meta property=\"og:image:type\" content=\"image\/png\" \/>\n<meta name=\"twitter:card\" content=\"summary_large_image\" \/>\n<meta name=\"twitter:label1\" content=\"Timp estimat pentru citire\" \/>\n\t<meta name=\"twitter:data1\" content=\"2 minute\" \/>\n<script type=\"application\/ld+json\" class=\"yoast-schema-graph\">{\"@context\":\"https:\\\/\\\/schema.org\",\"@graph\":[{\"@type\":\"WebPage\",\"@id\":\"https:\\\/\\\/forbabyboss.com\\\/product\\\/gold-houndstooth-baby-pram-3in1-travel-system-isofix-base-for-newborn\\\/\",\"url\":\"https:\\\/\\\/forbabyboss.com\\\/product\\\/gold-houndstooth-baby-pram-3in1-travel-system-isofix-base-for-newborn\\\/\",\"name\":\"Gold Houndstooth Baby Pram 3in1 Travel System Isofix Base for Newborn - For Baby Boss\",\"isPartOf\":{\"@id\":\"https:\\\/\\\/powderblue-seahorse-496884.hostingersite.com\\\/#website\"},\"primaryImageOfPage\":{\"@id\":\"https:\\\/\\\/forbabyboss.com\\\/product\\\/gold-houndstooth-baby-pram-3in1-travel-system-isofix-base-for-newborn\\\/#primaryimage\"},\"image\":{\"@id\":\"https:\\\/\\\/forbabyboss.com\\\/product\\\/gold-houndstooth-baby-pram-3in1-travel-system-isofix-base-for-newborn\\\/#primaryimage\"},\"thumbnailUrl\":\"https:\\\/\\\/forbabyboss.com\\\/wp-content\\\/uploads\\\/2022\\\/09\\\/Luxury-Baby-Pram-Newborn-Buggy-3-in1-Car-Seat-Pushchair-3-in-1-Travel-System-Claret-Flowers-main-1.png\",\"datePublished\":\"2022-09-24T15:41:02+00:00\",\"dateModified\":\"2026-02-21T09:07:00+00:00\",\"description\":\"Gold Houndstooth Baby Pram 3in1 Travel System Isofix Base for Newborn\",\"breadcrumb\":{\"@id\":\"https:\\\/\\\/forbabyboss.com\\\/product\\\/gold-houndstooth-baby-pram-3in1-travel-system-isofix-base-for-newborn\\\/#breadcrumb\"},\"inLanguage\":\"ro-RO\",\"potentialAction\":[{\"@type\":\"ReadAction\",\"target\":[\"https:\\\/\\\/forbabyboss.com\\\/product\\\/gold-houndstooth-baby-pram-3in1-travel-system-isofix-base-for-newborn\\\/\"]}]},{\"@type\":\"ImageObject\",\"inLanguage\":\"ro-RO\",\"@id\":\"https:\\\/\\\/forbabyboss.com\\\/product\\\/gold-houndstooth-baby-pram-3in1-travel-system-isofix-base-for-newborn\\\/#primaryimage\",\"url\":\"https:\\\/\\\/forbabyboss.com\\\/wp-content\\\/uploads\\\/2022\\\/09\\\/Luxury-Baby-Pram-Newborn-Buggy-3-in1-Car-Seat-Pushchair-3-in-1-Travel-System-Claret-Flowers-main-1.png\",\"contentUrl\":\"https:\\\/\\\/forbabyboss.com\\\/wp-content\\\/uploads\\\/2022\\\/09\\\/Luxury-Baby-Pram-Newborn-Buggy-3-in1-Car-Seat-Pushchair-3-in-1-Travel-System-Claret-Flowers-main-1.png\",\"width\":1600,\"height\":1197},{\"@type\":\"BreadcrumbList\",\"@id\":\"https:\\\/\\\/forbabyboss.com\\\/product\\\/gold-houndstooth-baby-pram-3in1-travel-system-isofix-base-for-newborn\\\/#breadcrumb\",\"itemListElement\":[{\"@type\":\"ListItem\",\"position\":1,\"name\":\"Home\",\"item\":\"https:\\\/\\\/forbabyboss.com\\\/\"},{\"@type\":\"ListItem\",\"position\":2,\"name\":\"Shop\",\"item\":\"https:\\\/\\\/forbabyboss.com\\\/shop\\\/\"},{\"@type\":\"ListItem\",\"position\":3,\"name\":\"Gold Houndstooth Baby Pram 3in1 Travel System Isofix Base for Newborn\"}]},{\"@type\":\"WebSite\",\"@id\":\"https:\\\/\\\/powderblue-seahorse-496884.hostingersite.com\\\/#website\",\"url\":\"https:\\\/\\\/powderblue-seahorse-496884.hostingersite.com\\\/\",\"name\":\"For Baby Boss\",\"description\":\"Beautiful gifts and accessories for your baby boss\",\"potentialAction\":[{\"@type\":\"SearchAction\",\"target\":{\"@type\":\"EntryPoint\",\"urlTemplate\":\"https:\\\/\\\/powderblue-seahorse-496884.hostingersite.com\\\/?s={search_term_string}\"},\"query-input\":{\"@type\":\"PropertyValueSpecification\",\"valueRequired\":true,\"valueName\":\"search_term_string\"}}],\"inLanguage\":\"ro-RO\"}]}<\/script>\n<!-- \/ Yoast SEO plugin. -->","yoast_head_json":{"title":"C\u0103rucior pentru bebelu\u0219i cu model Houndstooth auriu, sistem de c\u0103l\u0103torie 3 \u00een 1, baz\u0103 Isofix pentru nou-n\u0103scut - Pentru Baby Boss","description":"C\u0103rucior pentru bebelu\u0219i cu model Houndstooth auriu, sistem de c\u0103l\u0103torie 3 \u00een 1, baz\u0103 Isofix pentru nou-n\u0103scut","robots":{"index":"index","follow":"follow","max-snippet":"max-snippet:-1","max-image-preview":"max-image-preview:large","max-video-preview":"max-video-preview:-1"},"canonical":"https:\/\/forbabyboss.com\/ro\/product\/carucior-pentru-bebelusi-cu-model-picior-de-gaina-auriu-sistem-de-calatorie-3-in-1-baza-isofix-pentru-nou-nascut\/","og_locale":"ro_RO","og_type":"article","og_title":"Gold Houndstooth Baby Pram 3in1 Travel System Isofix Base for Newborn - For Baby Boss","og_description":"Gold Houndstooth Baby Pram 3in1 Travel System Isofix Base for Newborn","og_url":"https:\/\/forbabyboss.com\/ro\/product\/carucior-pentru-bebelusi-cu-model-picior-de-gaina-auriu-sistem-de-calatorie-3-in-1-baza-isofix-pentru-nou-nascut\/","og_site_name":"For Baby Boss","article_modified_time":"2026-02-21T09:07:00+00:00","og_image":[{"width":1600,"height":1197,"url":"https:\/\/forbabyboss.com\/wp-content\/uploads\/2022\/09\/Luxury-Baby-Pram-Newborn-Buggy-3-in1-Car-Seat-Pushchair-3-in-1-Travel-System-Claret-Flowers-main-1.png","type":"image\/png"}],"twitter_card":"summary_large_image","twitter_misc":{"Timp estimat pentru citire":"2 minute"},"schema":{"@context":"https:\/\/schema.org","@graph":[{"@type":"WebPage","@id":"https:\/\/forbabyboss.com\/product\/gold-houndstooth-baby-pram-3in1-travel-system-isofix-base-for-newborn\/","url":"https:\/\/forbabyboss.com\/product\/gold-houndstooth-baby-pram-3in1-travel-system-isofix-base-for-newborn\/","name":"C\u0103rucior pentru bebelu\u0219i cu model Houndstooth auriu, sistem de c\u0103l\u0103torie 3 \u00een 1, baz\u0103 Isofix pentru nou-n\u0103scut - Pentru Baby Boss","isPartOf":{"@id":"https:\/\/powderblue-seahorse-496884.hostingersite.com\/#website"},"primaryImageOfPage":{"@id":"https:\/\/forbabyboss.com\/product\/gold-houndstooth-baby-pram-3in1-travel-system-isofix-base-for-newborn\/#primaryimage"},"image":{"@id":"https:\/\/forbabyboss.com\/product\/gold-houndstooth-baby-pram-3in1-travel-system-isofix-base-for-newborn\/#primaryimage"},"thumbnailUrl":"https:\/\/forbabyboss.com\/wp-content\/uploads\/2022\/09\/Luxury-Baby-Pram-Newborn-Buggy-3-in1-Car-Seat-Pushchair-3-in-1-Travel-System-Claret-Flowers-main-1.png","datePublished":"2022-09-24T15:41:02+00:00","dateModified":"2026-02-21T09:07:00+00:00","description":"C\u0103rucior pentru bebelu\u0219i cu model Houndstooth auriu, sistem de c\u0103l\u0103torie 3 \u00een 1, baz\u0103 Isofix pentru nou-n\u0103scut","breadcrumb":{"@id":"https:\/\/forbabyboss.com\/product\/gold-houndstooth-baby-pram-3in1-travel-system-isofix-base-for-newborn\/#breadcrumb"},"inLanguage":"ro-RO","potentialAction":[{"@type":"ReadAction","target":["https:\/\/forbabyboss.com\/product\/gold-houndstooth-baby-pram-3in1-travel-system-isofix-base-for-newborn\/"]}]},{"@type":"ImageObject","inLanguage":"ro-RO","@id":"https:\/\/forbabyboss.com\/product\/gold-houndstooth-baby-pram-3in1-travel-system-isofix-base-for-newborn\/#primaryimage","url":"https:\/\/forbabyboss.com\/wp-content\/uploads\/2022\/09\/Luxury-Baby-Pram-Newborn-Buggy-3-in1-Car-Seat-Pushchair-3-in-1-Travel-System-Claret-Flowers-main-1.png","contentUrl":"https:\/\/forbabyboss.com\/wp-content\/uploads\/2022\/09\/Luxury-Baby-Pram-Newborn-Buggy-3-in1-Car-Seat-Pushchair-3-in-1-Travel-System-Claret-Flowers-main-1.png","width":1600,"height":1197},{"@type":"BreadcrumbList","@id":"https:\/\/forbabyboss.com\/product\/gold-houndstooth-baby-pram-3in1-travel-system-isofix-base-for-newborn\/#breadcrumb","itemListElement":[{"@type":"ListItem","position":1,"name":"Home","item":"https:\/\/forbabyboss.com\/"},{"@type":"ListItem","position":2,"name":"Shop","item":"https:\/\/forbabyboss.com\/shop\/"},{"@type":"ListItem","position":3,"name":"Gold Houndstooth Baby Pram 3in1 Travel System Isofix Base for Newborn"}]},{"@type":"WebSite","@id":"https:\/\/powderblue-seahorse-496884.hostingersite.com\/#website","url":"https:\/\/powderblue-seahorse-496884.hostingersite.com\/","name":"Pentru Baby Boss","description":"Cadouri frumoase \u0219i accesorii pentru \u0219eful copilului dvs.","potentialAction":[{"@type":"SearchAction","target":{"@type":"EntryPoint","urlTemplate":"https:\/\/powderblue-seahorse-496884.hostingersite.com\/?s={search_term_string}"},"query-input":{"@type":"PropertyValueSpecification","valueRequired":true,"valueName":"search_term_string"}}],"inLanguage":"ro-RO"}]}},"_links":{"self":[{"href":"https:\/\/forbabyboss.com\/ro\/wp-json\/wp\/v2\/product\/5923","targetHints":{"allow":["GET"]}}],"collection":[{"href":"https:\/\/forbabyboss.com\/ro\/wp-json\/wp\/v2\/product"}],"about":[{"href":"https:\/\/forbabyboss.com\/ro\/wp-json\/wp\/v2\/types\/product"}],"wp:featuredmedia":[{"embeddable":true,"href":"https:\/\/forbabyboss.com\/ro\/wp-json\/wp\/v2\/media\/5924"}],"wp:attachment":[{"href":"https:\/\/forbabyboss.com\/ro\/wp-json\/wp\/v2\/media?parent=5923"}],"wp:term":[{"taxonomy":"product_brand","embeddable":true,"href":"https:\/\/forbabyboss.com\/ro\/wp-json\/wp\/v2\/product_brand?post=5923"},{"taxonomy":"product_cat","embeddable":true,"href":"https:\/\/forbabyboss.com\/ro\/wp-json\/wp\/v2\/product_cat?post=5923"},{"taxonomy":"product_tag","embeddable":true,"href":"https:\/\/forbabyboss.com\/ro\/wp-json\/wp\/v2\/product_tag?post=5923"}],"curies":[{"name":"wp","href":"https:\/\/api.w.org\/{rel}","templated":true}]}}