{"id":763,"date":"2020-11-03T07:03:28","date_gmt":"2020-11-03T07:03:28","guid":{"rendered":"http:\/\/forbabyboss.com\/?page_id=763"},"modified":"2020-11-03T07:38:12","modified_gmt":"2020-11-03T07:38:12","slug":"om-fb","status":"publish","type":"page","link":"https:\/\/forbabyboss.com\/sv\/about-fbb\/","title":{"rendered":"Om FBB"},"content":{"rendered":"<div class=\"banner has-hover\" id=\"banner-1626188322\">\n          <div class=\"banner-inner fill\">\n        <div class=\"banner-bg fill\" >\n            <img loading=\"lazy\" decoding=\"async\" width=\"1020\" height=\"388\" src=\"https:\/\/forbabyboss.com\/wp-content\/uploads\/2020\/11\/for-baby-boss-cover-photo-1400x533.png\" class=\"bg attachment-large size-large\" alt=\"\" \/>                        <div class=\"overlay\"><\/div>            \n                    <\/div>\n\t\t\n        <div class=\"banner-layers container\">\n            <div class=\"fill banner-link\"><\/div>            \n\n   <div id=\"text-box-657006191\" class=\"text-box banner-layer x50 md-x50 lg-x50 y70 md-y70 lg-y70 res-text\">\n                                <div class=\"text-box-content text dark\">\n              \n              <div class=\"text-inner text-center\">\n                  \n\n<h3 class=\"uppercase\">om f\u00f6r baby boss<\/h3>\n<p>\u00a0<\/p>\n\n              <\/div>\n           <\/div>\n                            \n<style>\n#text-box-657006191 {\n  width: 60%;\n}\n#text-box-657006191 .text-box-content {\n  font-size: 100%;\n}\n<\/style>\n    <\/div>\n \n\n        <\/div>\n      <\/div>\n\n            \n<style>\n#banner-1626188322 {\n  padding-top: 507px;\n}\n#banner-1626188322 .overlay {\n  background-color: rgba(0, 0, 0, 0.17);\n}\n<\/style>\n  <\/div>\n\n\n<div class=\"is-divider divider clearfix\" ><\/div>\n\n<p><span style=\"font-size: 105%;\"><strong>F\u00f6r Baby Boss<\/strong> \u00e4r en webbplats som \u00e4r dedikerad till att erbjuda de b\u00e4sta produkterna f\u00f6r ditt barn till ett \u00f6verkomligt pris. V\u00e5ra produkter kommer fr\u00e5n hela v\u00e4rlden med en <strong>fokusera p\u00e5<\/strong> <span style=\"color: #e14d43;\"><strong>kvalitet<\/strong><\/span>, <strong><span style=\"color: #e14d43;\">s\u00e4kerhet<\/span><\/strong> och <span style=\"color: #e14d43;\"><strong>priss\u00e4ttning<\/strong><\/span>. Vi fokuserar p\u00e5 r\u00f6rlighet f\u00f6r sp\u00e4dbarn, <strong>B\u00e4rselar f\u00f6r barn<\/strong>, <strong>Barnvagnar<\/strong> och <strong>Barnvagnar<\/strong> liksom <strong>Babynest<\/strong>. Vi kommer att forts\u00e4tta l\u00e4gga till fler fantastiska produkter och variationer av alla v\u00e5ra produkter, s\u00e5 forts\u00e4tt g\u00e4rna bes\u00f6ka v\u00e5r butik f\u00f6r fler fantastiska babyprodukter.<\/span><\/p>\n\n  \n    <div class=\"row large-columns-3 medium-columns- small-columns-2 row-small slider row-slider slider-nav-reveal\"  data-flickity-options='{&quot;imagesLoaded&quot;: true, &quot;groupCells&quot;: &quot;100%&quot;, &quot;dragThreshold&quot; : 5, &quot;cellAlign&quot;: &quot;left&quot;,&quot;wrapAround&quot;: true,&quot;prevNextButtons&quot;: true,&quot;percentPosition&quot;: true,&quot;pageDots&quot;: false, &quot;rightToLeft&quot;: false, &quot;autoPlay&quot; : false}' >\n\n  <div class=\"product-category col\" >\n            <div class=\"col-inner\">\n              <a aria-label=\"Bes\u00f6k produktkategori 2 in 1 Prams\" href=\"https:\/\/forbabyboss.com\/sv\/product-category\/2-in-1\/\" data-no-translation-aria-label=\"\">                <div class=\"box box-category has-hover box-badge hover-dark\">\n                <div class=\"box-image\" >\n                  <div class=\"\" >\n                  <img loading=\"lazy\" decoding=\"async\" src=\"https:\/\/forbabyboss.com\/wp-content\/uploads\/2021\/01\/2-in-1-prams-300x300.png\" alt=\"2 i 1-vagnar\" width=\"300\" height=\"300\" \/>                                                      <\/div>\n                <\/div>\n                <div class=\"box-text text-center\" >\n                  <div class=\"box-text-inner\">\n                      <h5 class=\"uppercase header-title\">\n                              2 i 1-vagnar                      <\/h5>\n                                            \n                  <\/div>\n                <\/div>\n                <\/div>\n            <\/a>            <\/div>\n            <\/div><div class=\"product-category col\" >\n            <div class=\"col-inner\">\n              <a aria-label=\"Bes\u00f6k produktkategori 3 in 1 Prams\" href=\"https:\/\/forbabyboss.com\/sv\/product-category\/3-in-1\/\" data-no-translation-aria-label=\"\">                <div class=\"box box-category has-hover box-badge hover-dark\">\n                <div class=\"box-image\" >\n                  <div class=\"\" >\n                  <img loading=\"lazy\" decoding=\"async\" src=\"https:\/\/forbabyboss.com\/wp-content\/uploads\/2021\/01\/3-in-1-prams-300x300.png\" alt=\"3 i 1-vagnar\" width=\"300\" height=\"300\" \/>                                                      <\/div>\n                <\/div>\n                <div class=\"box-text text-center\" >\n                  <div class=\"box-text-inner\">\n                      <h5 class=\"uppercase header-title\">\n                              3 i 1-vagnar                      <\/h5>\n                                            \n                  <\/div>\n                <\/div>\n                <\/div>\n            <\/a>            <\/div>\n            <\/div><div class=\"product-category col\" >\n            <div class=\"col-inner\">\n              <a aria-label=\"Bes\u00f6k produktkategori 4 in 1 Pram\" href=\"https:\/\/forbabyboss.com\/sv\/product-category\/4-in-1-pram\/\" data-no-translation-aria-label=\"\">                <div class=\"box box-category has-hover box-badge hover-dark\">\n                <div class=\"box-image\" >\n                  <div class=\"\" >\n                  <img loading=\"lazy\" decoding=\"async\" src=\"https:\/\/forbabyboss.com\/wp-content\/uploads\/woocommerce-placeholder-300x300.png\" alt=\"4 i 1 barnvagn\" width=\"300\" height=\"300\" \/>                                                      <\/div>\n                <\/div>\n                <div class=\"box-text text-center\" >\n                  <div class=\"box-text-inner\">\n                      <h5 class=\"uppercase header-title\">\n                              4 i 1 barnvagn                      <\/h5>\n                                            \n                  <\/div>\n                <\/div>\n                <\/div>\n            <\/a>            <\/div>\n            <\/div><div class=\"product-category col\" >\n            <div class=\"col-inner\">\n              <a aria-label=\"Bes\u00f6k produktkategori Baby Carriers\" href=\"https:\/\/forbabyboss.com\/sv\/product-category\/baby-carriers\/\" data-no-translation-aria-label=\"\">                <div class=\"box box-category has-hover box-badge hover-dark\">\n                <div class=\"box-image\" >\n                  <div class=\"\" >\n                  <img loading=\"lazy\" decoding=\"async\" src=\"https:\/\/forbabyboss.com\/wp-content\/uploads\/2020\/10\/baby-carrier-300x300.png\" alt=\"B\u00e4rselar f\u00f6r barn\" width=\"300\" height=\"300\" \/>                                                      <\/div>\n                <\/div>\n                <div class=\"box-text text-center\" >\n                  <div class=\"box-text-inner\">\n                      <h5 class=\"uppercase header-title\">\n                              B\u00e4rselar f\u00f6r barn                      <\/h5>\n                                            \n                  <\/div>\n                <\/div>\n                <\/div>\n            <\/a>            <\/div>\n            <\/div><div class=\"product-category col\" >\n            <div class=\"col-inner\">\n              <a aria-label=\"Bes\u00f6k produktkategori Babylux\" href=\"https:\/\/forbabyboss.com\/sv\/product-category\/babylux\/\" data-no-translation-aria-label=\"\">                <div class=\"box box-category has-hover box-badge hover-dark\">\n                <div class=\"box-image\" >\n                  <div class=\"\" >\n                  <img loading=\"lazy\" decoding=\"async\" src=\"https:\/\/forbabyboss.com\/wp-content\/uploads\/woocommerce-placeholder-300x300.png\" alt=\"Babylux\" width=\"300\" height=\"300\" \/>                                                      <\/div>\n                <\/div>\n                <div class=\"box-text text-center\" >\n                  <div class=\"box-text-inner\">\n                      <h5 class=\"uppercase header-title\">\n                              Babylux                      <\/h5>\n                                            \n                  <\/div>\n                <\/div>\n                <\/div>\n            <\/a>            <\/div>\n            <\/div><div class=\"product-category col\" >\n            <div class=\"col-inner\">\n              <a aria-label=\"Bes\u00f6k produktkategori Back in Stock\" href=\"https:\/\/forbabyboss.com\/sv\/product-category\/back-in-stock\/\" data-no-translation-aria-label=\"\">                <div class=\"box box-category has-hover box-badge hover-dark\">\n                <div class=\"box-image\" >\n                  <div class=\"\" >\n                  <img loading=\"lazy\" decoding=\"async\" src=\"https:\/\/forbabyboss.com\/wp-content\/uploads\/woocommerce-placeholder-300x300.png\" alt=\"Tillbaka i lager\" width=\"300\" height=\"300\" \/>                                                      <\/div>\n                <\/div>\n                <div class=\"box-text text-center\" >\n                  <div class=\"box-text-inner\">\n                      <h5 class=\"uppercase header-title\">\n                              Tillbaka i lager                      <\/h5>\n                                            \n                  <\/div>\n                <\/div>\n                <\/div>\n            <\/a>            <\/div>\n            <\/div><div class=\"product-category col\" >\n            <div class=\"col-inner\">\n              <a aria-label=\"Bes\u00f6k produktkategori Burgundy\" href=\"https:\/\/forbabyboss.com\/sv\/product-category\/burgundy\/\" data-no-translation-aria-label=\"\">                <div class=\"box box-category has-hover box-badge hover-dark\">\n                <div class=\"box-image\" >\n                  <div class=\"\" >\n                  <img loading=\"lazy\" decoding=\"async\" src=\"https:\/\/forbabyboss.com\/wp-content\/uploads\/woocommerce-placeholder-300x300.png\" alt=\"Vinr\u00f6d\" width=\"300\" height=\"300\" \/>                                                      <\/div>\n                <\/div>\n                <div class=\"box-text text-center\" >\n                  <div class=\"box-text-inner\">\n                      <h5 class=\"uppercase header-title\">\n                              Vinr\u00f6d                      <\/h5>\n                                            \n                  <\/div>\n                <\/div>\n                <\/div>\n            <\/a>            <\/div>\n            <\/div><div class=\"product-category col\" >\n            <div class=\"col-inner\">\n              <a aria-label=\"Bes\u00f6k produktkategori Colour\" href=\"https:\/\/forbabyboss.com\/sv\/product-category\/colour\/\" data-no-translation-aria-label=\"\">                <div class=\"box box-category has-hover box-badge hover-dark\">\n                <div class=\"box-image\" >\n                  <div class=\"\" >\n                  <img loading=\"lazy\" decoding=\"async\" src=\"https:\/\/forbabyboss.com\/wp-content\/uploads\/woocommerce-placeholder-300x300.png\" alt=\"F\u00e4rg\" width=\"300\" height=\"300\" \/>                                                      <\/div>\n                <\/div>\n                <div class=\"box-text text-center\" >\n                  <div class=\"box-text-inner\">\n                      <h5 class=\"uppercase header-title\">\n                              F\u00e4rg                      <\/h5>\n                                            \n                  <\/div>\n                <\/div>\n                <\/div>\n            <\/a>            <\/div>\n            <\/div><div class=\"product-category col\" >\n            <div class=\"col-inner\">\n              <a aria-label=\"Bes\u00f6k produktkategori Gold Collection\" href=\"https:\/\/forbabyboss.com\/sv\/product-category\/gold-collection\/\" data-no-translation-aria-label=\"\">                <div class=\"box box-category has-hover box-badge hover-dark\">\n                <div class=\"box-image\" >\n                  <div class=\"\" >\n                  <img loading=\"lazy\" decoding=\"async\" src=\"https:\/\/forbabyboss.com\/wp-content\/uploads\/2021\/02\/Gold-Collection-300x300.png\" alt=\"Guldkollektion\" width=\"300\" height=\"300\" \/>                                                      <\/div>\n                <\/div>\n                <div class=\"box-text text-center\" >\n                  <div class=\"box-text-inner\">\n                      <h5 class=\"uppercase header-title\">\n                              Guldkollektion                      <\/h5>\n                                            \n                  <\/div>\n                <\/div>\n                <\/div>\n            <\/a>            <\/div>\n            <\/div><div class=\"product-category col\" >\n            <div class=\"col-inner\">\n              <a aria-label=\"Bes\u00f6k produktkategori Kunert\" href=\"https:\/\/forbabyboss.com\/sv\/product-category\/kunert\/\" data-no-translation-aria-label=\"\">                <div class=\"box box-category has-hover box-badge hover-dark\">\n                <div class=\"box-image\" >\n                  <div class=\"\" >\n                  <img loading=\"lazy\" decoding=\"async\" src=\"https:\/\/forbabyboss.com\/wp-content\/uploads\/woocommerce-placeholder-300x300.png\" alt=\"Kunert\" width=\"300\" height=\"300\" \/>                                                      <\/div>\n                <\/div>\n                <div class=\"box-text text-center\" >\n                  <div class=\"box-text-inner\">\n                      <h5 class=\"uppercase header-title\">\n                              Kunert                      <\/h5>\n                                            \n                  <\/div>\n                <\/div>\n                <\/div>\n            <\/a>            <\/div>\n            <\/div><div class=\"product-category col\" >\n            <div class=\"col-inner\">\n              <a aria-label=\"Bes\u00f6k produktkategori New Collection\" href=\"https:\/\/forbabyboss.com\/sv\/product-category\/new-collection\/\" data-no-translation-aria-label=\"\">                <div class=\"box box-category has-hover box-badge hover-dark\">\n                <div class=\"box-image\" >\n                  <div class=\"\" >\n                  <img loading=\"lazy\" decoding=\"async\" src=\"https:\/\/forbabyboss.com\/wp-content\/uploads\/2021\/01\/new-collection-300x300.png\" alt=\"Ny kollektion\" width=\"300\" height=\"300\" \/>                                                      <\/div>\n                <\/div>\n                <div class=\"box-text text-center\" >\n                  <div class=\"box-text-inner\">\n                      <h5 class=\"uppercase header-title\">\n                              Ny kollektion                      <\/h5>\n                                            \n                  <\/div>\n                <\/div>\n                <\/div>\n            <\/a>            <\/div>\n            <\/div><div class=\"product-category col\" >\n            <div class=\"col-inner\">\n              <a aria-label=\"Bes\u00f6k produktkategori Prams\" href=\"https:\/\/forbabyboss.com\/sv\/product-category\/prams\/\" data-no-translation-aria-label=\"\">                <div class=\"box box-category has-hover box-badge hover-dark\">\n                <div class=\"box-image\" >\n                  <div class=\"\" >\n                  <img loading=\"lazy\" decoding=\"async\" src=\"https:\/\/forbabyboss.com\/wp-content\/uploads\/2020\/10\/baby-pram-300x300.png\" alt=\"Pram\" width=\"300\" height=\"300\" \/>                                                      <\/div>\n                <\/div>\n                <div class=\"box-text text-center\" >\n                  <div class=\"box-text-inner\">\n                      <h5 class=\"uppercase header-title\">\n                              Pram                      <\/h5>\n                                            \n                  <\/div>\n                <\/div>\n                <\/div>\n            <\/a>            <\/div>\n            <\/div><div class=\"product-category col\" >\n            <div class=\"col-inner\">\n              <a aria-label=\"Bes\u00f6k produktkategori Price\" href=\"https:\/\/forbabyboss.com\/sv\/product-category\/price\/\" data-no-translation-aria-label=\"\">                <div class=\"box box-category has-hover box-badge hover-dark\">\n                <div class=\"box-image\" >\n                  <div class=\"\" >\n                  <img loading=\"lazy\" decoding=\"async\" src=\"https:\/\/forbabyboss.com\/wp-content\/uploads\/woocommerce-placeholder-300x300.png\" alt=\"Pris\" width=\"300\" height=\"300\" \/>                                                      <\/div>\n                <\/div>\n                <div class=\"box-text text-center\" >\n                  <div class=\"box-text-inner\">\n                      <h5 class=\"uppercase header-title\">\n                              Pris                      <\/h5>\n                                            \n                  <\/div>\n                <\/div>\n                <\/div>\n            <\/a>            <\/div>\n            <\/div><div class=\"product-category col\" >\n            <div class=\"col-inner\">\n              <a aria-label=\"Bes\u00f6k produktkategori Push Chairs\" href=\"https:\/\/forbabyboss.com\/sv\/product-category\/push-chairs\/\" data-no-translation-aria-label=\"\">                <div class=\"box box-category has-hover box-badge hover-dark\">\n                <div class=\"box-image\" >\n                  <div class=\"\" >\n                  <img loading=\"lazy\" decoding=\"async\" src=\"https:\/\/forbabyboss.com\/wp-content\/uploads\/woocommerce-placeholder-300x300.png\" alt=\"Skjutbara stolar\" width=\"300\" height=\"300\" \/>                                                      <\/div>\n                <\/div>\n                <div class=\"box-text text-center\" >\n                  <div class=\"box-text-inner\">\n                      <h5 class=\"uppercase header-title\">\n                              Skjutbara stolar                      <\/h5>\n                                            \n                  <\/div>\n                <\/div>\n                <\/div>\n            <\/a>            <\/div>\n            <\/div><div class=\"product-category col\" >\n            <div class=\"col-inner\">\n              <a aria-label=\"Bes\u00f6k produktkategori Stroller\" href=\"https:\/\/forbabyboss.com\/sv\/product-category\/stroller\/\" data-no-translation-aria-label=\"\">                <div class=\"box box-category has-hover box-badge hover-dark\">\n                <div class=\"box-image\" >\n                  <div class=\"\" >\n                  <img loading=\"lazy\" decoding=\"async\" src=\"https:\/\/forbabyboss.com\/wp-content\/uploads\/woocommerce-placeholder-300x300.png\" alt=\"Barnvagn\" width=\"300\" height=\"300\" \/>                                                      <\/div>\n                <\/div>\n                <div class=\"box-text text-center\" >\n                  <div class=\"box-text-inner\">\n                      <h5 class=\"uppercase header-title\">\n                              Barnvagn                      <\/h5>\n                                            \n                  <\/div>\n                <\/div>\n                <\/div>\n            <\/a>            <\/div>\n            <\/div><\/div>","protected":false},"excerpt":{"rendered":"<p>For Baby Boss is a site dedicated to offering the best products for your baby at an affordable rate. Our products are sourced globally with a focus on quality, safety and pricing. We focus on Baby mobility, Baby Carriers, Baby Prams and Strollers as well as Baby Nests. We will keep on adding more great [&#8230;]\n","protected":false},"author":1,"featured_media":0,"parent":0,"menu_order":0,"comment_status":"closed","ping_status":"closed","template":"","meta":{"footnotes":""},"class_list":["post-763","page","type-page","status-publish","hentry"],"yoast_head":"<!-- This site is optimized with the Yoast SEO plugin v27.5 - https:\/\/yoast.com\/product\/yoast-seo-wordpress\/ -->\n<title>About FBB - For Baby Boss<\/title>\n<meta name=\"robots\" content=\"index, follow, max-snippet:-1, max-image-preview:large, max-video-preview:-1\" \/>\n<link rel=\"canonical\" href=\"https:\/\/forbabyboss.com\/sv\/om-fb\/\" \/>\n<meta property=\"og:locale\" content=\"sv_SE\" \/>\n<meta property=\"og:type\" content=\"article\" \/>\n<meta property=\"og:title\" content=\"About FBB - For Baby Boss\" \/>\n<meta property=\"og:description\" content=\"For Baby Boss is a site dedicated to offering the best products for your baby at an affordable rate. Our products are sourced globally with a focus on quality, safety and pricing. We focus on Baby mobility, Baby Carriers, Baby Prams and Strollers as well as Baby Nests. We will keep on adding more great [...]\" \/>\n<meta property=\"og:url\" content=\"https:\/\/forbabyboss.com\/sv\/om-fb\/\" \/>\n<meta property=\"og:site_name\" content=\"For Baby Boss\" \/>\n<meta property=\"article:modified_time\" content=\"2020-11-03T07:38:12+00:00\" \/>\n<meta name=\"twitter:card\" content=\"summary_large_image\" \/>\n<meta name=\"twitter:label1\" content=\"Ber\u00e4knad l\u00e4stid\" \/>\n\t<meta name=\"twitter:data1\" content=\"1 minut\" \/>\n<script type=\"application\/ld+json\" class=\"yoast-schema-graph\">{\"@context\":\"https:\\\/\\\/schema.org\",\"@graph\":[{\"@type\":\"WebPage\",\"@id\":\"https:\\\/\\\/forbabyboss.com\\\/about-fbb\\\/\",\"url\":\"https:\\\/\\\/forbabyboss.com\\\/about-fbb\\\/\",\"name\":\"About FBB - For Baby Boss\",\"isPartOf\":{\"@id\":\"https:\\\/\\\/powderblue-seahorse-496884.hostingersite.com\\\/#website\"},\"datePublished\":\"2020-11-03T07:03:28+00:00\",\"dateModified\":\"2020-11-03T07:38:12+00:00\",\"breadcrumb\":{\"@id\":\"https:\\\/\\\/forbabyboss.com\\\/about-fbb\\\/#breadcrumb\"},\"inLanguage\":\"sv-SE\",\"potentialAction\":[{\"@type\":\"ReadAction\",\"target\":[\"https:\\\/\\\/forbabyboss.com\\\/about-fbb\\\/\"]}]},{\"@type\":\"BreadcrumbList\",\"@id\":\"https:\\\/\\\/forbabyboss.com\\\/about-fbb\\\/#breadcrumb\",\"itemListElement\":[{\"@type\":\"ListItem\",\"position\":1,\"name\":\"Home\",\"item\":\"https:\\\/\\\/forbabyboss.com\\\/\"},{\"@type\":\"ListItem\",\"position\":2,\"name\":\"About FBB\"}]},{\"@type\":\"WebSite\",\"@id\":\"https:\\\/\\\/powderblue-seahorse-496884.hostingersite.com\\\/#website\",\"url\":\"https:\\\/\\\/powderblue-seahorse-496884.hostingersite.com\\\/\",\"name\":\"For Baby Boss\",\"description\":\"Beautiful gifts and accessories for your baby boss\",\"potentialAction\":[{\"@type\":\"SearchAction\",\"target\":{\"@type\":\"EntryPoint\",\"urlTemplate\":\"https:\\\/\\\/powderblue-seahorse-496884.hostingersite.com\\\/?s={search_term_string}\"},\"query-input\":{\"@type\":\"PropertyValueSpecification\",\"valueRequired\":true,\"valueName\":\"search_term_string\"}}],\"inLanguage\":\"sv-SE\"}]}<\/script>\n<!-- \/ Yoast SEO plugin. -->","yoast_head_json":{"title":"Om FBB - F\u00f6r Baby Boss","robots":{"index":"index","follow":"follow","max-snippet":"max-snippet:-1","max-image-preview":"max-image-preview:large","max-video-preview":"max-video-preview:-1"},"canonical":"https:\/\/forbabyboss.com\/sv\/om-fb\/","og_locale":"sv_SE","og_type":"article","og_title":"About FBB - For Baby Boss","og_description":"For Baby Boss is a site dedicated to offering the best products for your baby at an affordable rate. Our products are sourced globally with a focus on quality, safety and pricing. We focus on Baby mobility, Baby Carriers, Baby Prams and Strollers as well as Baby Nests. We will keep on adding more great [...]","og_url":"https:\/\/forbabyboss.com\/sv\/om-fb\/","og_site_name":"For Baby Boss","article_modified_time":"2020-11-03T07:38:12+00:00","twitter_card":"summary_large_image","twitter_misc":{"Ber\u00e4knad l\u00e4stid":"1 minut"},"schema":{"@context":"https:\/\/schema.org","@graph":[{"@type":"WebPage","@id":"https:\/\/forbabyboss.com\/about-fbb\/","url":"https:\/\/forbabyboss.com\/about-fbb\/","name":"Om FBB - F\u00f6r Baby Boss","isPartOf":{"@id":"https:\/\/powderblue-seahorse-496884.hostingersite.com\/#website"},"datePublished":"2020-11-03T07:03:28+00:00","dateModified":"2020-11-03T07:38:12+00:00","breadcrumb":{"@id":"https:\/\/forbabyboss.com\/about-fbb\/#breadcrumb"},"inLanguage":"sv-SE","potentialAction":[{"@type":"ReadAction","target":["https:\/\/forbabyboss.com\/about-fbb\/"]}]},{"@type":"BreadcrumbList","@id":"https:\/\/forbabyboss.com\/about-fbb\/#breadcrumb","itemListElement":[{"@type":"ListItem","position":1,"name":"Home","item":"https:\/\/forbabyboss.com\/"},{"@type":"ListItem","position":2,"name":"About FBB"}]},{"@type":"WebSite","@id":"https:\/\/powderblue-seahorse-496884.hostingersite.com\/#website","url":"https:\/\/powderblue-seahorse-496884.hostingersite.com\/","name":"F\u00f6r Baby Boss","description":"Vackra presenter och tillbeh\u00f6r till din babychef","potentialAction":[{"@type":"SearchAction","target":{"@type":"EntryPoint","urlTemplate":"https:\/\/powderblue-seahorse-496884.hostingersite.com\/?s={search_term_string}"},"query-input":{"@type":"PropertyValueSpecification","valueRequired":true,"valueName":"search_term_string"}}],"inLanguage":"sv-SE"}]}},"_links":{"self":[{"href":"https:\/\/forbabyboss.com\/sv\/wp-json\/wp\/v2\/pages\/763","targetHints":{"allow":["GET"]}}],"collection":[{"href":"https:\/\/forbabyboss.com\/sv\/wp-json\/wp\/v2\/pages"}],"about":[{"href":"https:\/\/forbabyboss.com\/sv\/wp-json\/wp\/v2\/types\/page"}],"author":[{"embeddable":true,"href":"https:\/\/forbabyboss.com\/sv\/wp-json\/wp\/v2\/users\/1"}],"replies":[{"embeddable":true,"href":"https:\/\/forbabyboss.com\/sv\/wp-json\/wp\/v2\/comments?post=763"}],"version-history":[{"count":0,"href":"https:\/\/forbabyboss.com\/sv\/wp-json\/wp\/v2\/pages\/763\/revisions"}],"wp:attachment":[{"href":"https:\/\/forbabyboss.com\/sv\/wp-json\/wp\/v2\/media?parent=763"}],"curies":[{"name":"wp","href":"https:\/\/api.w.org\/{rel}","templated":true}]}}