{"id":1265,"date":"2020-12-29T10:50:24","date_gmt":"2020-12-29T10:50:24","guid":{"rendered":"http:\/\/forbabyboss.com\/?post_type=product&#038;p=1265"},"modified":"2026-02-21T13:31:29","modified_gmt":"2026-02-21T13:31:29","slug":"3-i-1-barnvagn-i-urban-stil-resebarnvagn-med-bilbarnstol-i-brunt-med-skogsmonster","status":"publish","type":"product","link":"https:\/\/forbabyboss.com\/sv\/product\/3-in-1-stroller-urban-style-pushchair-buggy-travel-baby-pram-with-car-seat-in-brown-with-forest-patterns\/","title":{"rendered":"3 i 1 Barnvagn Urban Style Barnvagn Buggy Resa Barnvagn med bilbarnstol I Brun med skogsm\u00f6nster"},"content":{"rendered":"<p><iframe loading=\"lazy\" title=\"GD Urbano Travel System Barnvagn 3 i 1 - 3 i 1 Barnvagnsset med bilbarnstol ing\u00e5r.\" width=\"1020\" height=\"574\" src=\"https:\/\/www.youtube.com\/embed\/zS5XG8yZEwg?feature=oembed&#038;enablejsapi=1&#038;origin=http:\/\/forbabyboss.com\" frameborder=\"0\" allow=\"accelerometer; autoplay; clipboard-write; encrypted-media; gyroscope; picture-in-picture; web-share\" allowfullscreen><\/iframe><\/p>\n<p style=\"text-align: center;\"><span style=\"color: #e14d43;\"><strong>LEVERERAS MED<\/strong><\/span><\/p>\n<p><a href=\"http:\/\/forbabyboss.com\/wp-content\/uploads\/2021\/01\/comes-1.jpg\"><img loading=\"lazy\" decoding=\"async\" class=\"size-full wp-image-2059 aligncenter\" src=\"http:\/\/forbabyboss.com\/wp-content\/uploads\/2021\/01\/comes-1.jpg\" alt=\"\" width=\"567\" height=\"227\" \/><\/a><a href=\"http:\/\/forbabyboss.com\/wp-content\/uploads\/2021\/01\/comes-with-2.jpg\"><img loading=\"lazy\" decoding=\"async\" class=\"size-full wp-image-2058 aligncenter\" src=\"http:\/\/forbabyboss.com\/wp-content\/uploads\/2021\/01\/comes-with-2.jpg\" alt=\"\" width=\"755\" height=\"225\" srcset=\"https:\/\/forbabyboss.com\/wp-content\/uploads\/2021\/01\/comes-with-2.jpg 755w, https:\/\/forbabyboss.com\/wp-content\/uploads\/2021\/01\/comes-with-2-600x179.jpg 600w\" sizes=\"auto, (max-width: 755px) 100vw, 755px\" \/><\/a><\/p>\n<p>&nbsp;<\/p>\n<p><span style=\"color: #e14d43;\"><strong>3-i-1-resesystem f\u00f6r barnvagn<\/strong><\/span><br \/>\n<strong>Allt du beh\u00f6ver i ett barnvagnsset. Fr\u00e5n barnvagn och babysittvagn samt bilbarnstol till shoppingkasse och lekbricka. Spara tid och pengar utan att beh\u00f6va titta p\u00e5 dussintals olika annonser. V\u00e5rt set inneh\u00e5ller allt ditt barn beh\u00f6ver f\u00f6r en s\u00e4ker och bekv\u00e4m resa. Alla extrafunktioner v\u00e4rda 40 pund GRATIS!<\/strong><\/p>\n<p><span style=\"color: #d83131;\"><strong>Fr\u00e4mre sv\u00e4nghjul \u2013 l\u00e5sbara<\/strong><\/span><br \/>\n<strong>Med sv\u00e4ngbara framhjul \u00e4r det enkelt att man\u00f6vrera barnvagnen, ta sn\u00e4va kurvor eller handla i ett k\u00f6pcentrum. Om du vill g\u00f6ra en tur till landsbygden kan du alltid l\u00e5sa framhjulen vilket g\u00f6r det enkelt att g\u00e5 i h\u00e5rd terr\u00e4ng.<\/strong><\/p>\n<p><a href=\"http:\/\/forbabyboss.com\/wp-content\/uploads\/2020\/12\/3in1-Car-seat-Pushchair-Buggy-Urbano-GaGaDumi-Travel-Baby-Pram-11.jpg\"><img loading=\"lazy\" decoding=\"async\" class=\"aligncenter size-medium wp-image-1210\" src=\"http:\/\/forbabyboss.com\/wp-content\/uploads\/2020\/12\/3in1-Car-seat-Pushchair-Buggy-Urbano-GaGaDumi-Travel-Baby-Pram-11-446x400.jpg\" alt=\"\" width=\"446\" height=\"400\" srcset=\"https:\/\/forbabyboss.com\/wp-content\/uploads\/2020\/12\/3in1-Car-seat-Pushchair-Buggy-Urbano-GaGaDumi-Travel-Baby-Pram-11-446x400.jpg 446w, https:\/\/forbabyboss.com\/wp-content\/uploads\/2020\/12\/3in1-Car-seat-Pushchair-Buggy-Urbano-GaGaDumi-Travel-Baby-Pram-11-891x800.jpg 891w, https:\/\/forbabyboss.com\/wp-content\/uploads\/2020\/12\/3in1-Car-seat-Pushchair-Buggy-Urbano-GaGaDumi-Travel-Baby-Pram-11-768x689.jpg 768w, https:\/\/forbabyboss.com\/wp-content\/uploads\/2020\/12\/3in1-Car-seat-Pushchair-Buggy-Urbano-GaGaDumi-Travel-Baby-Pram-11-600x539.jpg 600w, https:\/\/forbabyboss.com\/wp-content\/uploads\/2020\/12\/3in1-Car-seat-Pushchair-Buggy-Urbano-GaGaDumi-Travel-Baby-Pram-11.jpg 1200w\" sizes=\"auto, (max-width: 446px) 100vw, 446px\" \/><\/a><\/p>\n<p><span style=\"color: #e14d43;\"><strong>H\u00e5llbart och l\u00e4tt chassi \u2013 l\u00e4tt att f\u00e4lla ihop<\/strong><\/span><br \/>\n<strong>De finaste komponenterna och EU-ursprung g\u00f6r denna barnvagn h\u00e5llbar och s\u00e4ker, och uppfyller dina f\u00f6rv\u00e4ntningar med sin kompakta storlek och enkla ihopf\u00e4llning.<\/strong><\/p>\n<p><strong>Du kan ocks\u00e5 f\u00e4lla ihop chassit med hjulen monterade.<\/strong><\/p>\n<p><a href=\"http:\/\/forbabyboss.com\/wp-content\/uploads\/2020\/12\/3in1-Car-seat-Pushchair-Buggy-Urbano-GaGaDumi-Travel-Baby-Pram-1.jpg\"><img loading=\"lazy\" decoding=\"async\" class=\"aligncenter size-medium wp-image-1216\" src=\"http:\/\/forbabyboss.com\/wp-content\/uploads\/2020\/12\/3in1-Car-seat-Pushchair-Buggy-Urbano-GaGaDumi-Travel-Baby-Pram-1-313x400.jpg\" alt=\"\" width=\"313\" height=\"400\" srcset=\"https:\/\/forbabyboss.com\/wp-content\/uploads\/2020\/12\/3in1-Car-seat-Pushchair-Buggy-Urbano-GaGaDumi-Travel-Baby-Pram-1-313x400.jpg 313w, https:\/\/forbabyboss.com\/wp-content\/uploads\/2020\/12\/3in1-Car-seat-Pushchair-Buggy-Urbano-GaGaDumi-Travel-Baby-Pram-1-627x800.jpg 627w, https:\/\/forbabyboss.com\/wp-content\/uploads\/2020\/12\/3in1-Car-seat-Pushchair-Buggy-Urbano-GaGaDumi-Travel-Baby-Pram-1-768x980.jpg 768w, https:\/\/forbabyboss.com\/wp-content\/uploads\/2020\/12\/3in1-Car-seat-Pushchair-Buggy-Urbano-GaGaDumi-Travel-Baby-Pram-1-600x766.jpg 600w, https:\/\/forbabyboss.com\/wp-content\/uploads\/2020\/12\/3in1-Car-seat-Pushchair-Buggy-Urbano-GaGaDumi-Travel-Baby-Pram-1.jpg 1000w\" sizes=\"auto, (max-width: 313px) 100vw, 313px\" \/><\/a><\/p>\n<p><span style=\"color: #e14d43;\"><strong>V\u00e4ndbart handtag<\/strong><\/span><br \/>\n<strong>V\u00e4ndbart handtag. Denna unika l\u00f6sning g\u00f6r det bekv\u00e4mt att g\u00e5 f\u00f6r b\u00e5de dig och ditt barn. Med det v\u00e4ndbara handtaget kan du titta p\u00e5 ditt barn (ansikte mot ansikte-l\u00e4ge) eller l\u00e5ta barnet utforska sin nya v\u00e4rld (fram\u00e5tv\u00e4nt l\u00e4ge).<\/strong><\/p>\n<p>&nbsp;<\/p>\n<p><span style=\"color: #e14d43;\"><strong>S\u00e4kerhet<\/strong><\/span><br \/>\n<strong>F\u00f6r oss kommer ditt barns s\u00e4kerhet alltid f\u00f6rst. D\u00e4rf\u00f6r tillverkas v\u00e5ra barnvagnar i EU enligt de senaste standarderna och normerna.<\/strong><\/p>\n<p><strong>Bilbarnstolsstandard ECE R44\/04<\/strong><\/p>\n<p><a href=\"http:\/\/forbabyboss.com\/wp-content\/uploads\/2020\/12\/3in1-Car-seat-Pushchair-Buggy-Urbano-GaGaDumi-Travel-Baby-Pram-10.jpg\"><img loading=\"lazy\" decoding=\"async\" class=\"aligncenter size-medium wp-image-1241\" src=\"http:\/\/forbabyboss.com\/wp-content\/uploads\/2020\/12\/3in1-Car-seat-Pushchair-Buggy-Urbano-GaGaDumi-Travel-Baby-Pram-10-533x400.jpg\" alt=\"\" width=\"533\" height=\"400\" srcset=\"https:\/\/forbabyboss.com\/wp-content\/uploads\/2020\/12\/3in1-Car-seat-Pushchair-Buggy-Urbano-GaGaDumi-Travel-Baby-Pram-10-533x400.jpg 533w, https:\/\/forbabyboss.com\/wp-content\/uploads\/2020\/12\/3in1-Car-seat-Pushchair-Buggy-Urbano-GaGaDumi-Travel-Baby-Pram-10-1067x800.jpg 1067w, https:\/\/forbabyboss.com\/wp-content\/uploads\/2020\/12\/3in1-Car-seat-Pushchair-Buggy-Urbano-GaGaDumi-Travel-Baby-Pram-10-768x576.jpg 768w, https:\/\/forbabyboss.com\/wp-content\/uploads\/2020\/12\/3in1-Car-seat-Pushchair-Buggy-Urbano-GaGaDumi-Travel-Baby-Pram-10.jpg 1200w\" sizes=\"auto, (max-width: 533px) 100vw, 533px\" \/><\/a><\/p>\n<p><span style=\"color: #e14d43;\"><strong>Shopping<\/strong><\/span><\/p>\n<p><strong>Med den stora korgen under plus en extra v\u00e4ska kan du enkelt ta med din lilla f\u00f6r den f\u00f6rsta shoppingen.<\/strong><\/p>\n<p><span style=\"color: #e14d43;\"><strong>Bilbarnstol<\/strong><\/span><br \/>\n<strong>H\u00f6gsta s\u00e4kerhetsstandard ECE R44\/04 - Tillverkad i Europeiska unionen<\/strong><\/p>\n<p><strong>Upp till 10 kg<\/strong><\/p>\n<p><strong>3-punkts s\u00e4kerhetsb\u00e4lten (justerbara). Justerbart handtag. Innerb\u00e4lte, benskydd och solskydd ing\u00e5r i setet! Allt v\u00e4rt 45 pund GRATIS!<\/strong><\/p>\n<p><strong>L\u00e4mplig fr\u00e5n f\u00f6dseln upp till 11 kg<\/strong><\/p>\n<p><a href=\"http:\/\/forbabyboss.com\/wp-content\/uploads\/2020\/12\/3in1-Car-seat-Pushchair-Buggy-Urbano-GaGaDumi-Travel-Baby-Pram-8.jpg\"><img loading=\"lazy\" decoding=\"async\" class=\"aligncenter size-medium wp-image-1239\" src=\"http:\/\/forbabyboss.com\/wp-content\/uploads\/2020\/12\/3in1-Car-seat-Pushchair-Buggy-Urbano-GaGaDumi-Travel-Baby-Pram-8-533x400.jpg\" alt=\"\" width=\"533\" height=\"400\" srcset=\"https:\/\/forbabyboss.com\/wp-content\/uploads\/2020\/12\/3in1-Car-seat-Pushchair-Buggy-Urbano-GaGaDumi-Travel-Baby-Pram-8-533x400.jpg 533w, https:\/\/forbabyboss.com\/wp-content\/uploads\/2020\/12\/3in1-Car-seat-Pushchair-Buggy-Urbano-GaGaDumi-Travel-Baby-Pram-8-1067x800.jpg 1067w, https:\/\/forbabyboss.com\/wp-content\/uploads\/2020\/12\/3in1-Car-seat-Pushchair-Buggy-Urbano-GaGaDumi-Travel-Baby-Pram-8-768x576.jpg 768w, https:\/\/forbabyboss.com\/wp-content\/uploads\/2020\/12\/3in1-Car-seat-Pushchair-Buggy-Urbano-GaGaDumi-Travel-Baby-Pram-8.jpg 1200w\" sizes=\"auto, (max-width: 533px) 100vw, 533px\" \/><\/a><\/p>\n<p><span style=\"color: #e14d43;\"><strong>Suspension<\/strong><\/span><br \/>\n<strong>Med oberoende fj\u00e4drande st\u00f6td\u00e4mpare vaknar ditt barn inte ens p\u00e5 en guppig v\u00e4g.<\/strong><\/p>\n<p><a href=\"http:\/\/forbabyboss.com\/wp-content\/uploads\/2020\/12\/3in1-Car-seat-Pushchair-Buggy-Urbano-GaGaDumi-Travel-Baby-Pram-6.jpg\"><img loading=\"lazy\" decoding=\"async\" class=\"aligncenter size-medium wp-image-1237\" src=\"http:\/\/forbabyboss.com\/wp-content\/uploads\/2020\/12\/3in1-Car-seat-Pushchair-Buggy-Urbano-GaGaDumi-Travel-Baby-Pram-6-533x400.jpg\" alt=\"\" width=\"533\" height=\"400\" srcset=\"https:\/\/forbabyboss.com\/wp-content\/uploads\/2020\/12\/3in1-Car-seat-Pushchair-Buggy-Urbano-GaGaDumi-Travel-Baby-Pram-6-533x400.jpg 533w, https:\/\/forbabyboss.com\/wp-content\/uploads\/2020\/12\/3in1-Car-seat-Pushchair-Buggy-Urbano-GaGaDumi-Travel-Baby-Pram-6-1067x800.jpg 1067w, https:\/\/forbabyboss.com\/wp-content\/uploads\/2020\/12\/3in1-Car-seat-Pushchair-Buggy-Urbano-GaGaDumi-Travel-Baby-Pram-6-768x576.jpg 768w, https:\/\/forbabyboss.com\/wp-content\/uploads\/2020\/12\/3in1-Car-seat-Pushchair-Buggy-Urbano-GaGaDumi-Travel-Baby-Pram-6.jpg 1200w\" sizes=\"auto, (max-width: 533px) 100vw, 533px\" \/><\/a><\/p>\n<p><span style=\"color: #e14d43;\"><strong>Bra ventilation f\u00f6r sommaren<\/strong><\/span><\/p>\n<p><strong>Med ett stort ventilationsf\u00f6nster och ett litet h\u00f6gst upp kommer ditt barn att k\u00e4nna sig bekv\u00e4mt de flesta varma dagar. Alla ventilationsf\u00f6nster \u00e4r utrustade med myggn\u00e4t.<\/strong><\/p>\n<p><a href=\"http:\/\/forbabyboss.com\/wp-content\/uploads\/2020\/12\/3in1-Car-seat-Pushchair-Buggy-Urbano-GaGaDumi-Travel-Baby-Pram-2.jpg\"><img loading=\"lazy\" decoding=\"async\" class=\"aligncenter size-medium wp-image-1232\" src=\"http:\/\/forbabyboss.com\/wp-content\/uploads\/2020\/12\/3in1-Car-seat-Pushchair-Buggy-Urbano-GaGaDumi-Travel-Baby-Pram-2-533x400.jpg\" alt=\"\" width=\"533\" height=\"400\" srcset=\"https:\/\/forbabyboss.com\/wp-content\/uploads\/2020\/12\/3in1-Car-seat-Pushchair-Buggy-Urbano-GaGaDumi-Travel-Baby-Pram-2-533x400.jpg 533w, https:\/\/forbabyboss.com\/wp-content\/uploads\/2020\/12\/3in1-Car-seat-Pushchair-Buggy-Urbano-GaGaDumi-Travel-Baby-Pram-2-1067x800.jpg 1067w, https:\/\/forbabyboss.com\/wp-content\/uploads\/2020\/12\/3in1-Car-seat-Pushchair-Buggy-Urbano-GaGaDumi-Travel-Baby-Pram-2-768x576.jpg 768w, https:\/\/forbabyboss.com\/wp-content\/uploads\/2020\/12\/3in1-Car-seat-Pushchair-Buggy-Urbano-GaGaDumi-Travel-Baby-Pram-2.jpg 1200w\" sizes=\"auto, (max-width: 533px) 100vw, 533px\" \/><\/a><\/p>\n<p><span style=\"color: #e14d43;\"><strong>Lekbricka och s\u00e4kerhetsbarri\u00e4r<\/strong><\/span><br \/>\n<strong>Beroende p\u00e5 dina behov kan du i sportl\u00e4ge anv\u00e4nda en s\u00e4kerhetsbarri\u00e4r eller lekbricka.<\/strong><\/p>\n<p><a href=\"http:\/\/forbabyboss.com\/wp-content\/uploads\/2020\/12\/3in1-Car-seat-Pushchair-Buggy-Urbano-GaGaDumi-Travel-Baby-Pram-3.png\"><img loading=\"lazy\" decoding=\"async\" class=\"aligncenter size-medium wp-image-1255\" src=\"http:\/\/forbabyboss.com\/wp-content\/uploads\/2020\/12\/3in1-Car-seat-Pushchair-Buggy-Urbano-GaGaDumi-Travel-Baby-Pram-3-533x400.png\" alt=\"\" width=\"533\" height=\"400\" srcset=\"https:\/\/forbabyboss.com\/wp-content\/uploads\/2020\/12\/3in1-Car-seat-Pushchair-Buggy-Urbano-GaGaDumi-Travel-Baby-Pram-3-533x400.png 533w, https:\/\/forbabyboss.com\/wp-content\/uploads\/2020\/12\/3in1-Car-seat-Pushchair-Buggy-Urbano-GaGaDumi-Travel-Baby-Pram-3-1067x800.png 1067w, https:\/\/forbabyboss.com\/wp-content\/uploads\/2020\/12\/3in1-Car-seat-Pushchair-Buggy-Urbano-GaGaDumi-Travel-Baby-Pram-3-768x576.png 768w, https:\/\/forbabyboss.com\/wp-content\/uploads\/2020\/12\/3in1-Car-seat-Pushchair-Buggy-Urbano-GaGaDumi-Travel-Baby-Pram-3.png 1200w\" sizes=\"auto, (max-width: 533px) 100vw, 533px\" \/><\/a><\/p>\n<p style=\"text-align: center;\"><span style=\"color: #e14d43;\"><strong>LEVERERAS MED<\/strong><\/span><\/p>\n<p><a href=\"http:\/\/forbabyboss.com\/wp-content\/uploads\/2021\/01\/comes-1.jpg\"><img loading=\"lazy\" decoding=\"async\" class=\"size-full wp-image-2059 aligncenter\" src=\"http:\/\/forbabyboss.com\/wp-content\/uploads\/2021\/01\/comes-1.jpg\" alt=\"\" width=\"567\" height=\"227\" \/><\/a><a href=\"http:\/\/forbabyboss.com\/wp-content\/uploads\/2021\/01\/comes-with-2.jpg\"><img loading=\"lazy\" decoding=\"async\" class=\"size-full wp-image-2058 aligncenter\" src=\"http:\/\/forbabyboss.com\/wp-content\/uploads\/2021\/01\/comes-with-2.jpg\" alt=\"\" width=\"755\" height=\"225\" srcset=\"https:\/\/forbabyboss.com\/wp-content\/uploads\/2021\/01\/comes-with-2.jpg 755w, https:\/\/forbabyboss.com\/wp-content\/uploads\/2021\/01\/comes-with-2-600x179.jpg 600w\" sizes=\"auto, (max-width: 755px) 100vw, 755px\" \/><\/a><\/p>\n<p><a href=\"http:\/\/forbabyboss.com\/wp-content\/uploads\/2020\/12\/guaranteed-checkout.png\"><img loading=\"lazy\" decoding=\"async\" class=\"alignleft size-full wp-image-1885\" src=\"http:\/\/forbabyboss.com\/wp-content\/uploads\/2020\/12\/guaranteed-checkout.png\" alt=\"\" width=\"750\" height=\"276\" srcset=\"https:\/\/forbabyboss.com\/wp-content\/uploads\/2020\/12\/guaranteed-checkout.png 750w, https:\/\/forbabyboss.com\/wp-content\/uploads\/2020\/12\/guaranteed-checkout-600x221.png 600w\" sizes=\"auto, (max-width: 750px) 100vw, 750px\" \/><\/a><\/p>","protected":false},"excerpt":{"rendered":"<p><img loading=\"lazy\" decoding=\"async\" class=\"size-full wp-image-586 aligncenter\" src=\"http:\/\/forbabyboss.com\/wp-content\/uploads\/2020\/09\/Reviews-2.png\" alt=\"\" width=\"275\" height=\"45\" \/><\/p>\n<p style=\"text-align: center;\"><span style=\"font-size: 120%;\"><span style=\"font-size: 130%;\"><strong>Spara<\/strong><\/span><strong><span style=\"color: #e14d43;\"><span style=\"font-size: 130%;\"> 10%<\/span>\u00a0<\/span><\/strong>n\u00e4r du k\u00f6per\u00a0<strong>TODAY<\/strong>!<\/span><\/p>\n<p style=\"text-align: center;\"><span style=\"font-size: 120%;\"><span style=\"color: #000080;\"><strong>Leverans<\/strong><\/span> \u2013 4<strong>\u00a0dagar<\/strong><\/span><\/p>","protected":false},"featured_media":2006,"template":"","meta":[],"product_brand":[580],"product_cat":[334,156,158,130,347],"product_tag":[144,140,143,145,171,142,161,162,330],"class_list":{"0":"post-1265","1":"product","2":"type-product","3":"status-publish","4":"has-post-thumbnail","6":"product_brand-ggd","7":"product_cat-200-to-300","8":"product_cat-3-in-1","9":"product_cat-new-collection","10":"product_cat-prams","11":"product_cat-prams-under-300","12":"product_tag-baby-buggy","13":"product_tag-baby-pram","14":"product_tag-baby-stroller","15":"product_tag-buggy","16":"product_tag-pram","17":"product_tag-pushchair","18":"product_tag-stroller","19":"product_tag-travel-system","20":"product_tag-urbano","22":"first","23":"instock","24":"sale","25":"shipping-taxable","26":"purchasable","27":"product-type-simple"},"yoast_head":"<!-- This site is optimized with the Yoast SEO plugin v27.5 - https:\/\/yoast.com\/product\/yoast-seo-wordpress\/ -->\n<title>3 in 1 Stroller Urban Style Pushchair Buggy Travel Baby Pram with Car Seat In Brown with Forest Patterns - For Baby Boss<\/title>\n<meta name=\"description\" content=\"3 in 1 Urban Style Pushchair Buggy Travel Baby Pram with Car Seat In Brown with Forest Patterns\" \/>\n<meta name=\"robots\" content=\"index, follow, max-snippet:-1, max-image-preview:large, max-video-preview:-1\" \/>\n<link rel=\"canonical\" href=\"https:\/\/forbabyboss.com\/sv\/produkt\/3-i-1-barnvagn-i-urban-stil-resebarnvagn-med-bilbarnstol-i-brunt-med-skogsmonster\/\" \/>\n<meta property=\"og:locale\" content=\"sv_SE\" \/>\n<meta property=\"og:type\" content=\"article\" \/>\n<meta property=\"og:title\" content=\"3 in 1 Stroller Urban Style Pushchair Buggy Travel Baby Pram with Car Seat In Brown with Forest Patterns - For Baby Boss\" \/>\n<meta property=\"og:description\" content=\"3 in 1 Urban Style Pushchair Buggy Travel Baby Pram with Car Seat In Brown with Forest Patterns\" \/>\n<meta property=\"og:url\" content=\"https:\/\/forbabyboss.com\/sv\/produkt\/3-i-1-barnvagn-i-urban-stil-resebarnvagn-med-bilbarnstol-i-brunt-med-skogsmonster\/\" \/>\n<meta property=\"og:site_name\" content=\"For Baby Boss\" \/>\n<meta property=\"article:modified_time\" content=\"2026-02-21T13:31:29+00:00\" \/>\n<meta property=\"og:image\" content=\"https:\/\/forbabyboss.com\/wp-content\/uploads\/2020\/12\/3-in-1-Urban-Style-Pushchair-Buggy-Travel-Baby-Pram-with-Car-Seat-In-Brown-with-Forest-Patterns.jpg\" \/>\n\t<meta property=\"og:image:width\" content=\"1200\" \/>\n\t<meta property=\"og:image:height\" content=\"1077\" \/>\n\t<meta property=\"og:image:type\" content=\"image\/jpeg\" \/>\n<meta name=\"twitter:card\" content=\"summary_large_image\" \/>\n<meta name=\"twitter:label1\" content=\"Ber\u00e4knad l\u00e4stid\" \/>\n\t<meta name=\"twitter:data1\" content=\"5 minuter\" \/>\n<script type=\"application\/ld+json\" class=\"yoast-schema-graph\">{\"@context\":\"https:\\\/\\\/schema.org\",\"@graph\":[{\"@type\":\"WebPage\",\"@id\":\"https:\\\/\\\/forbabyboss.com\\\/product\\\/3-in-1-stroller-urban-style-pushchair-buggy-travel-baby-pram-with-car-seat-in-brown-with-forest-patterns\\\/\",\"url\":\"https:\\\/\\\/forbabyboss.com\\\/product\\\/3-in-1-stroller-urban-style-pushchair-buggy-travel-baby-pram-with-car-seat-in-brown-with-forest-patterns\\\/\",\"name\":\"3 in 1 Stroller Urban Style Pushchair Buggy Travel Baby Pram with Car Seat In Brown with Forest Patterns - For Baby Boss\",\"isPartOf\":{\"@id\":\"https:\\\/\\\/powderblue-seahorse-496884.hostingersite.com\\\/#website\"},\"primaryImageOfPage\":{\"@id\":\"https:\\\/\\\/forbabyboss.com\\\/product\\\/3-in-1-stroller-urban-style-pushchair-buggy-travel-baby-pram-with-car-seat-in-brown-with-forest-patterns\\\/#primaryimage\"},\"image\":{\"@id\":\"https:\\\/\\\/forbabyboss.com\\\/product\\\/3-in-1-stroller-urban-style-pushchair-buggy-travel-baby-pram-with-car-seat-in-brown-with-forest-patterns\\\/#primaryimage\"},\"thumbnailUrl\":\"https:\\\/\\\/forbabyboss.com\\\/wp-content\\\/uploads\\\/2020\\\/12\\\/3-in-1-Urban-Style-Pushchair-Buggy-Travel-Baby-Pram-with-Car-Seat-In-Brown-with-Forest-Patterns.jpg\",\"datePublished\":\"2020-12-29T10:50:24+00:00\",\"dateModified\":\"2026-02-21T13:31:29+00:00\",\"description\":\"3 in 1 Urban Style Pushchair Buggy Travel Baby Pram with Car Seat In Brown with Forest Patterns\",\"breadcrumb\":{\"@id\":\"https:\\\/\\\/forbabyboss.com\\\/product\\\/3-in-1-stroller-urban-style-pushchair-buggy-travel-baby-pram-with-car-seat-in-brown-with-forest-patterns\\\/#breadcrumb\"},\"inLanguage\":\"sv-SE\",\"potentialAction\":[{\"@type\":\"ReadAction\",\"target\":[\"https:\\\/\\\/forbabyboss.com\\\/product\\\/3-in-1-stroller-urban-style-pushchair-buggy-travel-baby-pram-with-car-seat-in-brown-with-forest-patterns\\\/\"]}]},{\"@type\":\"ImageObject\",\"inLanguage\":\"sv-SE\",\"@id\":\"https:\\\/\\\/forbabyboss.com\\\/product\\\/3-in-1-stroller-urban-style-pushchair-buggy-travel-baby-pram-with-car-seat-in-brown-with-forest-patterns\\\/#primaryimage\",\"url\":\"https:\\\/\\\/forbabyboss.com\\\/wp-content\\\/uploads\\\/2020\\\/12\\\/3-in-1-Urban-Style-Pushchair-Buggy-Travel-Baby-Pram-with-Car-Seat-In-Brown-with-Forest-Patterns.jpg\",\"contentUrl\":\"https:\\\/\\\/forbabyboss.com\\\/wp-content\\\/uploads\\\/2020\\\/12\\\/3-in-1-Urban-Style-Pushchair-Buggy-Travel-Baby-Pram-with-Car-Seat-In-Brown-with-Forest-Patterns.jpg\",\"width\":1200,\"height\":1077},{\"@type\":\"BreadcrumbList\",\"@id\":\"https:\\\/\\\/forbabyboss.com\\\/product\\\/3-in-1-stroller-urban-style-pushchair-buggy-travel-baby-pram-with-car-seat-in-brown-with-forest-patterns\\\/#breadcrumb\",\"itemListElement\":[{\"@type\":\"ListItem\",\"position\":1,\"name\":\"Home\",\"item\":\"https:\\\/\\\/forbabyboss.com\\\/\"},{\"@type\":\"ListItem\",\"position\":2,\"name\":\"Shop\",\"item\":\"https:\\\/\\\/forbabyboss.com\\\/shop\\\/\"},{\"@type\":\"ListItem\",\"position\":3,\"name\":\"3 in 1 Stroller Urban Style Pushchair Buggy Travel Baby Pram with Car Seat In Brown with Forest Patterns\"}]},{\"@type\":\"WebSite\",\"@id\":\"https:\\\/\\\/powderblue-seahorse-496884.hostingersite.com\\\/#website\",\"url\":\"https:\\\/\\\/powderblue-seahorse-496884.hostingersite.com\\\/\",\"name\":\"For Baby Boss\",\"description\":\"Beautiful gifts and accessories for your baby boss\",\"potentialAction\":[{\"@type\":\"SearchAction\",\"target\":{\"@type\":\"EntryPoint\",\"urlTemplate\":\"https:\\\/\\\/powderblue-seahorse-496884.hostingersite.com\\\/?s={search_term_string}\"},\"query-input\":{\"@type\":\"PropertyValueSpecification\",\"valueRequired\":true,\"valueName\":\"search_term_string\"}}],\"inLanguage\":\"sv-SE\"}]}<\/script>\n<!-- \/ Yoast SEO plugin. -->","yoast_head_json":{"title":"3-i-1-barnvagn i urban stil, barnvagn med bilbarnstol i brunt med skogsm\u00f6nster - F\u00f6r Baby Boss","description":"3-i-1 Urban Style Barnvagn med Bilbarnstol i Brunt med Skogsm\u00f6nster","robots":{"index":"index","follow":"follow","max-snippet":"max-snippet:-1","max-image-preview":"max-image-preview:large","max-video-preview":"max-video-preview:-1"},"canonical":"https:\/\/forbabyboss.com\/sv\/produkt\/3-i-1-barnvagn-i-urban-stil-resebarnvagn-med-bilbarnstol-i-brunt-med-skogsmonster\/","og_locale":"sv_SE","og_type":"article","og_title":"3 in 1 Stroller Urban Style Pushchair Buggy Travel Baby Pram with Car Seat In Brown with Forest Patterns - For Baby Boss","og_description":"3 in 1 Urban Style Pushchair Buggy Travel Baby Pram with Car Seat In Brown with Forest Patterns","og_url":"https:\/\/forbabyboss.com\/sv\/produkt\/3-i-1-barnvagn-i-urban-stil-resebarnvagn-med-bilbarnstol-i-brunt-med-skogsmonster\/","og_site_name":"For Baby Boss","article_modified_time":"2026-02-21T13:31:29+00:00","og_image":[{"width":1200,"height":1077,"url":"https:\/\/forbabyboss.com\/wp-content\/uploads\/2020\/12\/3-in-1-Urban-Style-Pushchair-Buggy-Travel-Baby-Pram-with-Car-Seat-In-Brown-with-Forest-Patterns.jpg","type":"image\/jpeg"}],"twitter_card":"summary_large_image","twitter_misc":{"Ber\u00e4knad l\u00e4stid":"5 minuter"},"schema":{"@context":"https:\/\/schema.org","@graph":[{"@type":"WebPage","@id":"https:\/\/forbabyboss.com\/product\/3-in-1-stroller-urban-style-pushchair-buggy-travel-baby-pram-with-car-seat-in-brown-with-forest-patterns\/","url":"https:\/\/forbabyboss.com\/product\/3-in-1-stroller-urban-style-pushchair-buggy-travel-baby-pram-with-car-seat-in-brown-with-forest-patterns\/","name":"3-i-1-barnvagn i urban stil, barnvagn med bilbarnstol i brunt med skogsm\u00f6nster - F\u00f6r Baby Boss","isPartOf":{"@id":"https:\/\/powderblue-seahorse-496884.hostingersite.com\/#website"},"primaryImageOfPage":{"@id":"https:\/\/forbabyboss.com\/product\/3-in-1-stroller-urban-style-pushchair-buggy-travel-baby-pram-with-car-seat-in-brown-with-forest-patterns\/#primaryimage"},"image":{"@id":"https:\/\/forbabyboss.com\/product\/3-in-1-stroller-urban-style-pushchair-buggy-travel-baby-pram-with-car-seat-in-brown-with-forest-patterns\/#primaryimage"},"thumbnailUrl":"https:\/\/forbabyboss.com\/wp-content\/uploads\/2020\/12\/3-in-1-Urban-Style-Pushchair-Buggy-Travel-Baby-Pram-with-Car-Seat-In-Brown-with-Forest-Patterns.jpg","datePublished":"2020-12-29T10:50:24+00:00","dateModified":"2026-02-21T13:31:29+00:00","description":"3-i-1 Urban Style Barnvagn med Bilbarnstol i Brunt med Skogsm\u00f6nster","breadcrumb":{"@id":"https:\/\/forbabyboss.com\/product\/3-in-1-stroller-urban-style-pushchair-buggy-travel-baby-pram-with-car-seat-in-brown-with-forest-patterns\/#breadcrumb"},"inLanguage":"sv-SE","potentialAction":[{"@type":"ReadAction","target":["https:\/\/forbabyboss.com\/product\/3-in-1-stroller-urban-style-pushchair-buggy-travel-baby-pram-with-car-seat-in-brown-with-forest-patterns\/"]}]},{"@type":"ImageObject","inLanguage":"sv-SE","@id":"https:\/\/forbabyboss.com\/product\/3-in-1-stroller-urban-style-pushchair-buggy-travel-baby-pram-with-car-seat-in-brown-with-forest-patterns\/#primaryimage","url":"https:\/\/forbabyboss.com\/wp-content\/uploads\/2020\/12\/3-in-1-Urban-Style-Pushchair-Buggy-Travel-Baby-Pram-with-Car-Seat-In-Brown-with-Forest-Patterns.jpg","contentUrl":"https:\/\/forbabyboss.com\/wp-content\/uploads\/2020\/12\/3-in-1-Urban-Style-Pushchair-Buggy-Travel-Baby-Pram-with-Car-Seat-In-Brown-with-Forest-Patterns.jpg","width":1200,"height":1077},{"@type":"BreadcrumbList","@id":"https:\/\/forbabyboss.com\/product\/3-in-1-stroller-urban-style-pushchair-buggy-travel-baby-pram-with-car-seat-in-brown-with-forest-patterns\/#breadcrumb","itemListElement":[{"@type":"ListItem","position":1,"name":"Home","item":"https:\/\/forbabyboss.com\/"},{"@type":"ListItem","position":2,"name":"Shop","item":"https:\/\/forbabyboss.com\/shop\/"},{"@type":"ListItem","position":3,"name":"3 in 1 Stroller Urban Style Pushchair Buggy Travel Baby Pram with Car Seat In Brown with Forest Patterns"}]},{"@type":"WebSite","@id":"https:\/\/powderblue-seahorse-496884.hostingersite.com\/#website","url":"https:\/\/powderblue-seahorse-496884.hostingersite.com\/","name":"F\u00f6r Baby Boss","description":"Vackra presenter och tillbeh\u00f6r till din babychef","potentialAction":[{"@type":"SearchAction","target":{"@type":"EntryPoint","urlTemplate":"https:\/\/powderblue-seahorse-496884.hostingersite.com\/?s={search_term_string}"},"query-input":{"@type":"PropertyValueSpecification","valueRequired":true,"valueName":"search_term_string"}}],"inLanguage":"sv-SE"}]}},"_links":{"self":[{"href":"https:\/\/forbabyboss.com\/sv\/wp-json\/wp\/v2\/product\/1265","targetHints":{"allow":["GET"]}}],"collection":[{"href":"https:\/\/forbabyboss.com\/sv\/wp-json\/wp\/v2\/product"}],"about":[{"href":"https:\/\/forbabyboss.com\/sv\/wp-json\/wp\/v2\/types\/product"}],"wp:featuredmedia":[{"embeddable":true,"href":"https:\/\/forbabyboss.com\/sv\/wp-json\/wp\/v2\/media\/2006"}],"wp:attachment":[{"href":"https:\/\/forbabyboss.com\/sv\/wp-json\/wp\/v2\/media?parent=1265"}],"wp:term":[{"taxonomy":"product_brand","embeddable":true,"href":"https:\/\/forbabyboss.com\/sv\/wp-json\/wp\/v2\/product_brand?post=1265"},{"taxonomy":"product_cat","embeddable":true,"href":"https:\/\/forbabyboss.com\/sv\/wp-json\/wp\/v2\/product_cat?post=1265"},{"taxonomy":"product_tag","embeddable":true,"href":"https:\/\/forbabyboss.com\/sv\/wp-json\/wp\/v2\/product_tag?post=1265"}],"curies":[{"name":"wp","href":"https:\/\/api.w.org\/{rel}","templated":true}]}}