{"id":2514,"date":"2021-01-19T07:41:46","date_gmt":"2021-01-19T07:41:46","guid":{"rendered":"http:\/\/forbabyboss.com\/?post_type=product&#038;p=2514"},"modified":"2026-02-18T20:20:13","modified_gmt":"2026-02-18T20:20:13","slug":"barnvagn-3-i-1-resesystem-bilbarnstol-fran-fodseln-flickor-pojkar-i-gratt-grafitgra","status":"publish","type":"product","link":"https:\/\/forbabyboss.com\/sv\/product\/baby-pram-buggy-3-in-1-travel-system-car-seat-pushchair-from-birth-girls-boys-in-grey-graphite\/","title":{"rendered":"3-i-1 barnvagn, resesystem, bilbarnstol, sittvagn fr\u00e5n f\u00f6dseln, flickor, pojkar i gr\u00e5tt och grafitgr\u00e5"},"content":{"rendered":"<div class=\"clearfix\">\n<div><a href=\"http:\/\/forbabyboss.com\/wp-content\/uploads\/2021\/01\/Baby-Pram-Buggy-3-in-1-Travel-System-Car-Seat-Pushchair-from-Birth-Girls-Boys-1.png\"><img loading=\"lazy\" decoding=\"async\" class=\"aligncenter wp-image-2510\" src=\"http:\/\/forbabyboss.com\/wp-content\/uploads\/2021\/01\/Baby-Pram-Buggy-3-in-1-Travel-System-Car-Seat-Pushchair-from-Birth-Girls-Boys-1-800x800.png\" alt=\"\" width=\"621\" height=\"621\" srcset=\"https:\/\/forbabyboss.com\/wp-content\/uploads\/2021\/01\/Baby-Pram-Buggy-3-in-1-Travel-System-Car-Seat-Pushchair-from-Birth-Girls-Boys-1-800x800.png 800w, https:\/\/forbabyboss.com\/wp-content\/uploads\/2021\/01\/Baby-Pram-Buggy-3-in-1-Travel-System-Car-Seat-Pushchair-from-Birth-Girls-Boys-1-400x400.png 400w, https:\/\/forbabyboss.com\/wp-content\/uploads\/2021\/01\/Baby-Pram-Buggy-3-in-1-Travel-System-Car-Seat-Pushchair-from-Birth-Girls-Boys-1-280x280.png 280w, https:\/\/forbabyboss.com\/wp-content\/uploads\/2021\/01\/Baby-Pram-Buggy-3-in-1-Travel-System-Car-Seat-Pushchair-from-Birth-Girls-Boys-1-768x768.png 768w, https:\/\/forbabyboss.com\/wp-content\/uploads\/2021\/01\/Baby-Pram-Buggy-3-in-1-Travel-System-Car-Seat-Pushchair-from-Birth-Girls-Boys-1-1536x1536.png 1536w, https:\/\/forbabyboss.com\/wp-content\/uploads\/2021\/01\/Baby-Pram-Buggy-3-in-1-Travel-System-Car-Seat-Pushchair-from-Birth-Girls-Boys-1-300x300.png 300w, https:\/\/forbabyboss.com\/wp-content\/uploads\/2021\/01\/Baby-Pram-Buggy-3-in-1-Travel-System-Car-Seat-Pushchair-from-Birth-Girls-Boys-1-600x600.png 600w, https:\/\/forbabyboss.com\/wp-content\/uploads\/2021\/01\/Baby-Pram-Buggy-3-in-1-Travel-System-Car-Seat-Pushchair-from-Birth-Girls-Boys-1-100x100.png 100w, https:\/\/forbabyboss.com\/wp-content\/uploads\/2021\/01\/Baby-Pram-Buggy-3-in-1-Travel-System-Car-Seat-Pushchair-from-Birth-Girls-Boys-1.png 1600w\" sizes=\"auto, (max-width: 621px) 100vw, 621px\" \/><\/a><\/div>\n<div><\/div>\n<div>\u00a0 \u00a0 \u00a0 \u00a0 \u00a0 \u00a0 \u00a0 \u00a0 \u00a0 \u00a0 \u00a0 \u00a0 \u00a0 <a href=\"http:\/\/forbabyboss.com\/wp-content\/uploads\/2021\/01\/Baby-Pram-Buggy-3-in-1-Travel-System-Car-Seat-Pushchair-from-Birth-Girls-Boys-2.jpg\"><img loading=\"lazy\" decoding=\"async\" class=\"alignnone wp-image-2511\" src=\"http:\/\/forbabyboss.com\/wp-content\/uploads\/2021\/01\/Baby-Pram-Buggy-3-in-1-Travel-System-Car-Seat-Pushchair-from-Birth-Girls-Boys-2-571x400.jpg\" alt=\"\" width=\"485\" height=\"340\" srcset=\"https:\/\/forbabyboss.com\/wp-content\/uploads\/2021\/01\/Baby-Pram-Buggy-3-in-1-Travel-System-Car-Seat-Pushchair-from-Birth-Girls-Boys-2-571x400.jpg 571w, https:\/\/forbabyboss.com\/wp-content\/uploads\/2021\/01\/Baby-Pram-Buggy-3-in-1-Travel-System-Car-Seat-Pushchair-from-Birth-Girls-Boys-2-768x538.jpg 768w, https:\/\/forbabyboss.com\/wp-content\/uploads\/2021\/01\/Baby-Pram-Buggy-3-in-1-Travel-System-Car-Seat-Pushchair-from-Birth-Girls-Boys-2-600x420.jpg 600w, https:\/\/forbabyboss.com\/wp-content\/uploads\/2021\/01\/Baby-Pram-Buggy-3-in-1-Travel-System-Car-Seat-Pushchair-from-Birth-Girls-Boys-2.jpg 1000w\" sizes=\"auto, (max-width: 485px) 100vw, 485px\" \/><\/a> <a href=\"http:\/\/forbabyboss.com\/wp-content\/uploads\/2021\/01\/Baby-Pram-Buggy-3-in-1-Travel-System-Car-Seat-Pushchair-from-Birth-Girls-Boys-3.png\"><img loading=\"lazy\" decoding=\"async\" class=\"alignnone wp-image-2512\" src=\"http:\/\/forbabyboss.com\/wp-content\/uploads\/2021\/01\/Baby-Pram-Buggy-3-in-1-Travel-System-Car-Seat-Pushchair-from-Birth-Girls-Boys-3-400x400.png\" alt=\"\" width=\"322\" height=\"322\" srcset=\"https:\/\/forbabyboss.com\/wp-content\/uploads\/2021\/01\/Baby-Pram-Buggy-3-in-1-Travel-System-Car-Seat-Pushchair-from-Birth-Girls-Boys-3-400x400.png 400w, https:\/\/forbabyboss.com\/wp-content\/uploads\/2021\/01\/Baby-Pram-Buggy-3-in-1-Travel-System-Car-Seat-Pushchair-from-Birth-Girls-Boys-3-800x800.png 800w, https:\/\/forbabyboss.com\/wp-content\/uploads\/2021\/01\/Baby-Pram-Buggy-3-in-1-Travel-System-Car-Seat-Pushchair-from-Birth-Girls-Boys-3-280x280.png 280w, https:\/\/forbabyboss.com\/wp-content\/uploads\/2021\/01\/Baby-Pram-Buggy-3-in-1-Travel-System-Car-Seat-Pushchair-from-Birth-Girls-Boys-3-768x768.png 768w, https:\/\/forbabyboss.com\/wp-content\/uploads\/2021\/01\/Baby-Pram-Buggy-3-in-1-Travel-System-Car-Seat-Pushchair-from-Birth-Girls-Boys-3-1536x1536.png 1536w, https:\/\/forbabyboss.com\/wp-content\/uploads\/2021\/01\/Baby-Pram-Buggy-3-in-1-Travel-System-Car-Seat-Pushchair-from-Birth-Girls-Boys-3-300x300.png 300w, https:\/\/forbabyboss.com\/wp-content\/uploads\/2021\/01\/Baby-Pram-Buggy-3-in-1-Travel-System-Car-Seat-Pushchair-from-Birth-Girls-Boys-3-600x600.png 600w, https:\/\/forbabyboss.com\/wp-content\/uploads\/2021\/01\/Baby-Pram-Buggy-3-in-1-Travel-System-Car-Seat-Pushchair-from-Birth-Girls-Boys-3-100x100.png 100w, https:\/\/forbabyboss.com\/wp-content\/uploads\/2021\/01\/Baby-Pram-Buggy-3-in-1-Travel-System-Car-Seat-Pushchair-from-Birth-Girls-Boys-3.png 1600w\" sizes=\"auto, (max-width: 322px) 100vw, 322px\" \/><\/a><\/div>\n<div><\/div>\n<div><\/div>\n<div class=\"clearfix\"><span style=\"color: #6e6e6e;\"><b><span style=\"color: #e14d43; font-size: 140%;\">Romantisk 3 i 1<\/span>\u00a0<\/b>Barnvagnen \u00e4r v\u00e5r klassiska modell, tillverkad som svar p\u00e5 h\u00f6ga marknadskrav.\u00a0<\/span><\/div>\n<div class=\"clearfix\"><span style=\"color: #6e6e6e;\">Ett mycket l\u00e4tt chassi med 14-tums lufthjul ger denna 3-i-1-barnvagn ett riktigt klassiskt utseende. Den levereras med en stor shoppingkorg, extra v\u00e4ska (monterad p\u00e5 chassit) och en snygg standardv\u00e4ska. Denna barnvagn \u00e4r s\u00e4ker, bekv\u00e4m och elegant. Liggdelen kan anv\u00e4ndas som vagga eftersom den \u00e4r rymlig och samtidigt v\u00e4ldigt mysig.\u00a0<\/span><\/div>\n<div class=\"clearfix\"><span style=\"color: #6e6e6e;\"><b>Romantisk 3 i 1\u00a0<\/b>Barnvagnen uppfyller alla n\u00f6dv\u00e4ndiga standarder och levereras med regnskydd och insektsn\u00e4t utan extra kostnad.<\/span><\/div>\n<div class=\"clearfix\"><span style=\"color: #6e6e6e; font-size: 95%;\">Denna barnvagn \u00e4r tillverkad av h\u00f6gkvalitativa material.<\/span><\/div>\n<div class=\"clearfix\"><span style=\"color: #6e6e6e;\">Det \u00e4r \u00f6verl\u00e4gset v\u00e4rde f\u00f6r pengarna<\/span><\/div>\n<div class=\"clearfix\"><span style=\"color: #6e6e6e;\">\u00a0<\/span><\/div>\n<div class=\"clearfix\"><span style=\"color: #6e6e6e;\">\u00a0<\/span><\/div>\n<div class=\"clearfix\">\n<div class=\"clearfix\"><span style=\"color: #e14d43; font-family: Arial;\"><b>RAM (CHASSI)<\/b><\/span><\/div>\n<div class=\"clearfix\"><span style=\"color: #6e6e6e; font-family: Arial;\">\u2013 bekv\u00e4ma och mjuka fj\u00e4dringar<\/span><\/div>\n<div class=\"clearfix\"><span style=\"color: #6e6e6e; font-family: Arial;\">\u2013 justerbar handtagsh\u00f6jd (tillverkad av eko-l\u00e4der)<\/span><\/div>\n<div class=\"clearfix\"><span style=\"color: #6e6e6e; font-family: Arial;\">\u2013 14\u201d luftfyllda d\u00e4ck<\/span><\/div>\n<div class=\"clearfix\"><span style=\"color: #6e6e6e; font-family: Arial;\">\u2013 central enfotsbroms med l\u00e5sningsm\u00f6jlighet<\/span><\/div>\n<div class=\"clearfix\"><span style=\"color: #6e6e6e; font-family: Arial;\">\u2013 stor shoppingkorg i metall och liten l\u00e4derv\u00e4ska (under liggdelen)<\/span><\/div>\n<div class=\"clearfix\"><span style=\"color: #6e6e6e; font-family: Arial;\">\u00a0<\/span><\/div>\n<div class=\"clearfix\"><span style=\"color: #e14d43; font-family: Arial;\"><b>LIGGDEL (BASSINET)<\/b><\/span><\/div>\n<div class=\"clearfix\"><span style=\"color: #6e6e6e; font-family: Arial;\">\u2013 vaggaalternativ<\/span><\/div>\n<div class=\"clearfix\">\u2013 regnskydd<\/div>\n<div class=\"clearfix\"><span style=\"color: #6e6e6e; font-family: Arial;\">\u2013 justerbart ryggst\u00f6d f\u00f6r barnvagn<\/span><\/div>\n<div class=\"clearfix\"><span style=\"color: #6e6e6e; font-family: Arial;\">\u2013 justerbart fotst\u00f6d<\/span><\/div>\n<div class=\"clearfix\"><span style=\"color: #6e6e6e; font-family: Arial;\">\u2013 5-punkts s\u00e4kerhetssele med axelskydd i barnvagnsl\u00e4ge<\/span><\/div>\n<div class=\"clearfix\"><span style=\"color: #6e6e6e; font-family: Arial;\">\u2013 s\u00e4kerhetsst\u00e5ng (barri\u00e4r) i barnvagnsl\u00e4ge<\/span><\/div>\n<div class=\"clearfix\"><span style=\"color: #6e6e6e; font-family: Arial;\">\u2013 klickar in i ramen<\/span><\/div>\n<div class=\"clearfix\"><span style=\"color: #6e6e6e; font-family: Arial;\">\u2013 s\u00e4kerhetsnorm: PN-EN 1888:2012<\/span><\/div>\n<div class=\"clearfix\"><span style=\"color: #6e6e6e; font-family: Arial;\">\u00a0<\/span><\/div>\n<div class=\"clearfix\"><span style=\"color: #e14d43; font-family: Arial;\"><b>BARNVAGNSDEL (SPORTDEL)<\/b><\/span><\/div>\n<div class=\"clearfix\"><span style=\"color: #6e6e6e; font-family: Arial;\">\u2013 fotskydd<\/span><\/div>\n<div class=\"clearfix\">\u2013 justerbart ryggst\u00f6d f\u00f6r barnvagn<\/div>\n<div class=\"clearfix\"><span style=\"color: #6e6e6e; font-family: Arial;\">\u2013 justerbart fotst\u00f6d<\/span><\/div>\n<div class=\"clearfix\"><span style=\"color: #6e6e6e; font-family: Arial;\">\u2013 5-punkts s\u00e4kerhetssele med axelskydd i barnvagnsl\u00e4ge<\/span><\/div>\n<div class=\"clearfix\"><span style=\"color: #6e6e6e; font-family: Arial;\">\u2013 s\u00e4kerhetsst\u00e5ng (barri\u00e4r) i barnvagnsl\u00e4ge<\/span><\/div>\n<div class=\"clearfix\"><span style=\"color: #6e6e6e; font-family: Arial;\">\u2013 klickar fast i ramen BILSTOL (TILLVAL)<\/span><\/div>\n<div class=\"clearfix\"><span style=\"color: #6e6e6e; font-family: Arial;\">\u2013 bilbarnstolen matchar barnvagnens f\u00e4rg<\/span><\/div>\n<div class=\"clearfix\"><span style=\"color: #6e6e6e; font-family: Arial;\">\u2013 3-punkts s\u00e4kerhetssele med axelskydd<\/span><\/div>\n<div class=\"clearfix\"><span style=\"color: #6e6e6e; font-family: Arial;\">\u2013 avtagbar huva och \u00f6verdrag<\/span><\/div>\n<div class=\"clearfix\"><span style=\"color: #6e6e6e; font-family: Arial;\">\u2013 justerbart handtag<\/span><\/div>\n<div class=\"clearfix\"><span style=\"color: #6e6e6e; font-family: Arial;\">\u2013 adaptrar som g\u00f6r det m\u00f6jligt att placera bilbarnstolen p\u00e5 barnvagnens chassi<\/span><\/div>\n<div class=\"clearfix\"><span style=\"color: #6e6e6e; font-family: Arial;\">\u2013 en bilbarnstol \u00e4r l\u00e4mplig f\u00f6r barn som v\u00e4ger 0 till 11 kg<\/span><\/div>\n<div class=\"clearfix\"><span style=\"color: #6e6e6e; font-family: Arial;\">\u2013 s\u00e4kerhetsnorm: ECE R44\/04THE\u00a0<\/span><\/div>\n<div class=\"clearfix\"><span style=\"color: #6e6e6e; font-family: Arial;\">\u00a0<\/span><\/div>\n<div class=\"clearfix\"><span style=\"color: #e14d43; font-family: Arial;\"><b>PAKETET INNEH\u00c5LLER:<\/b><\/span><\/div>\n<div class=\"clearfix\"><span style=\"color: #6e6e6e; font-family: Arial;\">-chassi (ram) + stora hjul + kundvagn<\/span><\/div>\n<div class=\"clearfix\"><span style=\"color: #6e6e6e; font-family: Arial;\">-barnvagnss\u00e4ng med sufflett, madrass och f\u00f6rkl\u00e4de<\/span><\/div>\n<div class=\"clearfix\"><span style=\"color: #6e6e6e; font-family: Arial;\">-barnvagnsdel med sufflett och f\u00f6rkl\u00e4de<\/span><\/div>\n<div class=\"clearfix\"><span style=\"color: #6e6e6e; font-family: Arial;\">-sk\u00f6tv\u00e4ska<\/span><\/div>\n<div class=\"clearfix\"><span style=\"color: #6e6e6e; font-family: Arial;\">- s\u00e4kerhetsbarri\u00e4r f\u00f6r barnvagnsl\u00e4ge<\/span><\/div>\n<div class=\"clearfix\"><span style=\"color: #6e6e6e; font-family: Arial;\">- gratis myggn\u00e4t + sk\u00f6tb\u00e4dd + flaskh\u00e5llare + regnskydd<\/span><\/div>\n<div class=\"clearfix\"><span style=\"color: #6e6e6e; font-family: Arial;\">-bilbarnstol med f\u00f6rkl\u00e4de (valfritt)<\/span><\/div>\n<div class=\"clearfix\"><span style=\"color: #6e6e6e; font-family: Arial;\">-12 m\u00e5naders garanti\u00a0<\/span><\/div>\n<\/div>\n<\/div>\n<div class=\"clearfix\"><span style=\"color: #6e6e6e;\">\u00a0<\/span><\/div>\n<div class=\"clearfix\">\n<div class=\"clearfix\"><span style=\"color: #e14d43; font-family: Arial; font-size: 115%;\"><b>M\u00e5tt:<\/b><\/span><\/div>\n<div class=\"clearfix\"><span style=\"color: #6e6e6e; font-family: Arial;\">Hopf\u00e4llt chassi (L\/B\/H): 96x62x39 cm<\/span><\/div>\n<div class=\"clearfix\"><span style=\"color: #6e6e6e; font-family: Arial;\">Barnvagnens bredd: 35 cm<\/span><\/div>\n<div class=\"clearfix\"><span style=\"color: #6e6e6e; font-family: Arial;\">Barnvagnsenhet djup: 25 cm<\/span><\/div>\n<div class=\"clearfix\"><span style=\"color: #6e6e6e; font-family: Arial;\">Ryggst\u00f6dets h\u00f6jd p\u00e5 barnvagnsenheten: 45 cm<\/span><\/div>\n<div class=\"clearfix\"><span style=\"color: #6e6e6e; font-family: Arial;\">Fotst\u00f6dets l\u00e4ngd: 20 cm<\/span><\/div>\n<div class=\"clearfix\"><span style=\"color: #6e6e6e; font-family: Arial;\">Liggdelsl\u00e4ngd (inv\u00e4ndig): 77 cm<\/span><\/div>\n<div class=\"clearfix\"><span style=\"color: #6e6e6e; font-family: Arial;\">Liggdelns bredd (inv\u00e4ndig): 35 cm<\/span><\/div>\n<div class=\"clearfix\"><span style=\"color: #6e6e6e; font-family: Arial;\">Liggdelns h\u00f6jd (inv\u00e4ndig): 20 cm<\/span><\/div>\n<div class=\"clearfix\"><span style=\"color: #6e6e6e; font-family: Arial;\">Hjulstorlek: 14 tum<\/span><\/div>\n<div class=\"clearfix\"><span style=\"color: #6e6e6e; font-family: Arial;\">\u00a0<\/span><\/div>\n<div class=\"clearfix\"><strong><span style=\"color: #e14d43; font-family: Arial;\">Vikt:<\/span><\/strong><\/div>\n<div class=\"clearfix\"><span style=\"color: #6e6e6e; font-family: Arial;\">Chassi med hjul: 10 kg<\/span><\/div>\n<div class=\"clearfix\"><span style=\"color: #6e6e6e; font-family: Arial;\">Liggdel och chassi: 15 kg<\/span><\/div>\n<div class=\"clearfix\"><span style=\"color: #6e6e6e; font-family: Arial;\">Barnvagnsenhet och chassi: 15 kg<\/span><\/div>\n<div class=\"clearfix\"><span style=\"color: #6e6e6e; font-family: Arial;\">Liggdel: 5 kg<\/span><\/div>\n<div class=\"clearfix\"><span style=\"color: #6e6e6e; font-family: Arial;\">Barnvagnsenhet: 5 kg<\/span><\/div>\n<div><a href=\"http:\/\/forbabyboss.com\/wp-content\/uploads\/2021\/01\/guaranteed-checkout.png\"><img loading=\"lazy\" decoding=\"async\" class=\"size-full wp-image-2467 aligncenter\" src=\"http:\/\/forbabyboss.com\/wp-content\/uploads\/2021\/01\/guaranteed-checkout.png\" alt=\"\" width=\"750\" height=\"276\" srcset=\"https:\/\/forbabyboss.com\/wp-content\/uploads\/2021\/01\/guaranteed-checkout.png 750w, https:\/\/forbabyboss.com\/wp-content\/uploads\/2021\/01\/guaranteed-checkout-600x221.png 600w\" sizes=\"auto, (max-width: 750px) 100vw, 750px\" \/><\/a><\/div>\n<\/div>","protected":false},"excerpt":{"rendered":"<p><img loading=\"lazy\" decoding=\"async\" class=\"size-full wp-image-586 aligncenter\" src=\"http:\/\/forbabyboss.com\/wp-content\/uploads\/2020\/09\/Reviews-2.png\" alt=\"\" width=\"275\" height=\"45\" \/><\/p>\n<p style=\"text-align: center;\"><span style=\"font-size: 120%;\"><span style=\"font-size: 130%;\"><strong>Spara<\/strong><\/span><strong><span style=\"color: #e14d43;\"><span style=\"font-size: 130%;\"> 10%<\/span>\u00a0<\/span><\/strong>n\u00e4r du k\u00f6per\u00a0<strong>TODAY<\/strong>!<\/span><\/p>\n<p style=\"text-align: center;\"><span style=\"font-size: 120%;\"><span style=\"color: #000080;\"><strong>Leverans<\/strong><\/span> \u2013 <strong>7 dagar<\/strong><\/span><\/p>","protected":false},"featured_media":2515,"template":"","meta":[],"product_brand":[577],"product_cat":[156,130],"product_tag":[],"class_list":{"0":"post-2514","1":"product","2":"type-product","3":"status-publish","4":"has-post-thumbnail","6":"product_brand-kunert","7":"product_cat-3-in-1","8":"product_cat-prams","10":"first","11":"instock","12":"shipping-taxable","13":"purchasable","14":"product-type-simple"},"yoast_head":"<!-- This site is optimized with the Yoast SEO plugin v27.5 - https:\/\/yoast.com\/product\/yoast-seo-wordpress\/ -->\n<title>3 in 1 Baby Pram Buggy Travel System Car Seat Pushchair from Birth Girls Boys in Grey &amp; Graphite - For Baby Boss<\/title>\n<meta name=\"robots\" content=\"index, follow, max-snippet:-1, max-image-preview:large, max-video-preview:-1\" \/>\n<link rel=\"canonical\" href=\"https:\/\/forbabyboss.com\/sv\/produkt\/barnvagn-3-i-1-resesystem-bilbarnstol-fran-fodseln-flickor-pojkar-i-gratt-grafitgra\/\" \/>\n<meta property=\"og:locale\" content=\"sv_SE\" \/>\n<meta property=\"og:type\" content=\"article\" \/>\n<meta property=\"og:title\" content=\"3 in 1 Baby Pram Buggy Travel System Car Seat Pushchair from Birth Girls Boys in Grey &amp; Graphite - For Baby Boss\" \/>\n<meta property=\"og:description\" content=\"Save 10%\u00a0when you buy\u00a0TODAY! Delivery \u2013 7\u00a0days\" \/>\n<meta property=\"og:url\" content=\"https:\/\/forbabyboss.com\/sv\/produkt\/barnvagn-3-i-1-resesystem-bilbarnstol-fran-fodseln-flickor-pojkar-i-gratt-grafitgra\/\" \/>\n<meta property=\"og:site_name\" content=\"For Baby Boss\" \/>\n<meta property=\"article:modified_time\" content=\"2026-02-18T20:20:13+00:00\" \/>\n<meta property=\"og:image\" content=\"https:\/\/forbabyboss.com\/wp-content\/uploads\/2021\/01\/Baby-Pram-Buggy-3-in-1-Travel-System-Car-Seat-Pushchair-from-Birth-Girls-Boys-in-Grey-Graphite-1.png\" \/>\n\t<meta property=\"og:image:width\" content=\"1600\" \/>\n\t<meta property=\"og:image:height\" content=\"1600\" \/>\n\t<meta property=\"og:image:type\" content=\"image\/png\" \/>\n<meta name=\"twitter:card\" content=\"summary_large_image\" \/>\n<meta name=\"twitter:label1\" content=\"Ber\u00e4knad l\u00e4stid\" \/>\n\t<meta name=\"twitter:data1\" content=\"3 minuter\" \/>\n<script type=\"application\/ld+json\" class=\"yoast-schema-graph\">{\"@context\":\"https:\\\/\\\/schema.org\",\"@graph\":[{\"@type\":\"WebPage\",\"@id\":\"https:\\\/\\\/forbabyboss.com\\\/product\\\/baby-pram-buggy-3-in-1-travel-system-car-seat-pushchair-from-birth-girls-boys-in-grey-graphite\\\/\",\"url\":\"https:\\\/\\\/forbabyboss.com\\\/product\\\/baby-pram-buggy-3-in-1-travel-system-car-seat-pushchair-from-birth-girls-boys-in-grey-graphite\\\/\",\"name\":\"3 in 1 Baby Pram Buggy Travel System Car Seat Pushchair from Birth Girls Boys in Grey & Graphite - For Baby Boss\",\"isPartOf\":{\"@id\":\"https:\\\/\\\/powderblue-seahorse-496884.hostingersite.com\\\/#website\"},\"primaryImageOfPage\":{\"@id\":\"https:\\\/\\\/forbabyboss.com\\\/product\\\/baby-pram-buggy-3-in-1-travel-system-car-seat-pushchair-from-birth-girls-boys-in-grey-graphite\\\/#primaryimage\"},\"image\":{\"@id\":\"https:\\\/\\\/forbabyboss.com\\\/product\\\/baby-pram-buggy-3-in-1-travel-system-car-seat-pushchair-from-birth-girls-boys-in-grey-graphite\\\/#primaryimage\"},\"thumbnailUrl\":\"https:\\\/\\\/forbabyboss.com\\\/wp-content\\\/uploads\\\/2021\\\/01\\\/Baby-Pram-Buggy-3-in-1-Travel-System-Car-Seat-Pushchair-from-Birth-Girls-Boys-in-Grey-Graphite-1.png\",\"datePublished\":\"2021-01-19T07:41:46+00:00\",\"dateModified\":\"2026-02-18T20:20:13+00:00\",\"breadcrumb\":{\"@id\":\"https:\\\/\\\/forbabyboss.com\\\/product\\\/baby-pram-buggy-3-in-1-travel-system-car-seat-pushchair-from-birth-girls-boys-in-grey-graphite\\\/#breadcrumb\"},\"inLanguage\":\"sv-SE\",\"potentialAction\":[{\"@type\":\"ReadAction\",\"target\":[\"https:\\\/\\\/forbabyboss.com\\\/product\\\/baby-pram-buggy-3-in-1-travel-system-car-seat-pushchair-from-birth-girls-boys-in-grey-graphite\\\/\"]}]},{\"@type\":\"ImageObject\",\"inLanguage\":\"sv-SE\",\"@id\":\"https:\\\/\\\/forbabyboss.com\\\/product\\\/baby-pram-buggy-3-in-1-travel-system-car-seat-pushchair-from-birth-girls-boys-in-grey-graphite\\\/#primaryimage\",\"url\":\"https:\\\/\\\/forbabyboss.com\\\/wp-content\\\/uploads\\\/2021\\\/01\\\/Baby-Pram-Buggy-3-in-1-Travel-System-Car-Seat-Pushchair-from-Birth-Girls-Boys-in-Grey-Graphite-1.png\",\"contentUrl\":\"https:\\\/\\\/forbabyboss.com\\\/wp-content\\\/uploads\\\/2021\\\/01\\\/Baby-Pram-Buggy-3-in-1-Travel-System-Car-Seat-Pushchair-from-Birth-Girls-Boys-in-Grey-Graphite-1.png\",\"width\":1600,\"height\":1600},{\"@type\":\"BreadcrumbList\",\"@id\":\"https:\\\/\\\/forbabyboss.com\\\/product\\\/baby-pram-buggy-3-in-1-travel-system-car-seat-pushchair-from-birth-girls-boys-in-grey-graphite\\\/#breadcrumb\",\"itemListElement\":[{\"@type\":\"ListItem\",\"position\":1,\"name\":\"Home\",\"item\":\"https:\\\/\\\/forbabyboss.com\\\/\"},{\"@type\":\"ListItem\",\"position\":2,\"name\":\"Shop\",\"item\":\"https:\\\/\\\/forbabyboss.com\\\/shop\\\/\"},{\"@type\":\"ListItem\",\"position\":3,\"name\":\"3 in 1 Baby Pram Buggy Travel System Car Seat Pushchair from Birth Girls Boys in Grey &#038; Graphite\"}]},{\"@type\":\"WebSite\",\"@id\":\"https:\\\/\\\/powderblue-seahorse-496884.hostingersite.com\\\/#website\",\"url\":\"https:\\\/\\\/powderblue-seahorse-496884.hostingersite.com\\\/\",\"name\":\"For Baby Boss\",\"description\":\"Beautiful gifts and accessories for your baby boss\",\"potentialAction\":[{\"@type\":\"SearchAction\",\"target\":{\"@type\":\"EntryPoint\",\"urlTemplate\":\"https:\\\/\\\/powderblue-seahorse-496884.hostingersite.com\\\/?s={search_term_string}\"},\"query-input\":{\"@type\":\"PropertyValueSpecification\",\"valueRequired\":true,\"valueName\":\"search_term_string\"}}],\"inLanguage\":\"sv-SE\"}]}<\/script>\n<!-- \/ Yoast SEO plugin. -->","yoast_head_json":{"title":"3-i-1 Babyvagn Resesystem Bilbarnstol Barnvagn fr\u00e5n f\u00f6dseln Flickor Pojkar i Gr\u00e5tt &amp; Grafit - F\u00f6r Baby Boss","robots":{"index":"index","follow":"follow","max-snippet":"max-snippet:-1","max-image-preview":"max-image-preview:large","max-video-preview":"max-video-preview:-1"},"canonical":"https:\/\/forbabyboss.com\/sv\/produkt\/barnvagn-3-i-1-resesystem-bilbarnstol-fran-fodseln-flickor-pojkar-i-gratt-grafitgra\/","og_locale":"sv_SE","og_type":"article","og_title":"3 in 1 Baby Pram Buggy Travel System Car Seat Pushchair from Birth Girls Boys in Grey & Graphite - For Baby Boss","og_description":"Save 10%\u00a0when you buy\u00a0TODAY! Delivery \u2013 7\u00a0days","og_url":"https:\/\/forbabyboss.com\/sv\/produkt\/barnvagn-3-i-1-resesystem-bilbarnstol-fran-fodseln-flickor-pojkar-i-gratt-grafitgra\/","og_site_name":"For Baby Boss","article_modified_time":"2026-02-18T20:20:13+00:00","og_image":[{"width":1600,"height":1600,"url":"https:\/\/forbabyboss.com\/wp-content\/uploads\/2021\/01\/Baby-Pram-Buggy-3-in-1-Travel-System-Car-Seat-Pushchair-from-Birth-Girls-Boys-in-Grey-Graphite-1.png","type":"image\/png"}],"twitter_card":"summary_large_image","twitter_misc":{"Ber\u00e4knad l\u00e4stid":"3 minuter"},"schema":{"@context":"https:\/\/schema.org","@graph":[{"@type":"WebPage","@id":"https:\/\/forbabyboss.com\/product\/baby-pram-buggy-3-in-1-travel-system-car-seat-pushchair-from-birth-girls-boys-in-grey-graphite\/","url":"https:\/\/forbabyboss.com\/product\/baby-pram-buggy-3-in-1-travel-system-car-seat-pushchair-from-birth-girls-boys-in-grey-graphite\/","name":"3-i-1 Babyvagn Resesystem Bilbarnstol Barnvagn fr\u00e5n f\u00f6dseln Flickor Pojkar i Gr\u00e5tt &amp; Grafit - F\u00f6r Baby Boss","isPartOf":{"@id":"https:\/\/powderblue-seahorse-496884.hostingersite.com\/#website"},"primaryImageOfPage":{"@id":"https:\/\/forbabyboss.com\/product\/baby-pram-buggy-3-in-1-travel-system-car-seat-pushchair-from-birth-girls-boys-in-grey-graphite\/#primaryimage"},"image":{"@id":"https:\/\/forbabyboss.com\/product\/baby-pram-buggy-3-in-1-travel-system-car-seat-pushchair-from-birth-girls-boys-in-grey-graphite\/#primaryimage"},"thumbnailUrl":"https:\/\/forbabyboss.com\/wp-content\/uploads\/2021\/01\/Baby-Pram-Buggy-3-in-1-Travel-System-Car-Seat-Pushchair-from-Birth-Girls-Boys-in-Grey-Graphite-1.png","datePublished":"2021-01-19T07:41:46+00:00","dateModified":"2026-02-18T20:20:13+00:00","breadcrumb":{"@id":"https:\/\/forbabyboss.com\/product\/baby-pram-buggy-3-in-1-travel-system-car-seat-pushchair-from-birth-girls-boys-in-grey-graphite\/#breadcrumb"},"inLanguage":"sv-SE","potentialAction":[{"@type":"ReadAction","target":["https:\/\/forbabyboss.com\/product\/baby-pram-buggy-3-in-1-travel-system-car-seat-pushchair-from-birth-girls-boys-in-grey-graphite\/"]}]},{"@type":"ImageObject","inLanguage":"sv-SE","@id":"https:\/\/forbabyboss.com\/product\/baby-pram-buggy-3-in-1-travel-system-car-seat-pushchair-from-birth-girls-boys-in-grey-graphite\/#primaryimage","url":"https:\/\/forbabyboss.com\/wp-content\/uploads\/2021\/01\/Baby-Pram-Buggy-3-in-1-Travel-System-Car-Seat-Pushchair-from-Birth-Girls-Boys-in-Grey-Graphite-1.png","contentUrl":"https:\/\/forbabyboss.com\/wp-content\/uploads\/2021\/01\/Baby-Pram-Buggy-3-in-1-Travel-System-Car-Seat-Pushchair-from-Birth-Girls-Boys-in-Grey-Graphite-1.png","width":1600,"height":1600},{"@type":"BreadcrumbList","@id":"https:\/\/forbabyboss.com\/product\/baby-pram-buggy-3-in-1-travel-system-car-seat-pushchair-from-birth-girls-boys-in-grey-graphite\/#breadcrumb","itemListElement":[{"@type":"ListItem","position":1,"name":"Home","item":"https:\/\/forbabyboss.com\/"},{"@type":"ListItem","position":2,"name":"Shop","item":"https:\/\/forbabyboss.com\/shop\/"},{"@type":"ListItem","position":3,"name":"3 in 1 Baby Pram Buggy Travel System Car Seat Pushchair from Birth Girls Boys in Grey &#038; Graphite"}]},{"@type":"WebSite","@id":"https:\/\/powderblue-seahorse-496884.hostingersite.com\/#website","url":"https:\/\/powderblue-seahorse-496884.hostingersite.com\/","name":"F\u00f6r Baby Boss","description":"Vackra presenter och tillbeh\u00f6r till din babychef","potentialAction":[{"@type":"SearchAction","target":{"@type":"EntryPoint","urlTemplate":"https:\/\/powderblue-seahorse-496884.hostingersite.com\/?s={search_term_string}"},"query-input":{"@type":"PropertyValueSpecification","valueRequired":true,"valueName":"search_term_string"}}],"inLanguage":"sv-SE"}]}},"_links":{"self":[{"href":"https:\/\/forbabyboss.com\/sv\/wp-json\/wp\/v2\/product\/2514","targetHints":{"allow":["GET"]}}],"collection":[{"href":"https:\/\/forbabyboss.com\/sv\/wp-json\/wp\/v2\/product"}],"about":[{"href":"https:\/\/forbabyboss.com\/sv\/wp-json\/wp\/v2\/types\/product"}],"wp:featuredmedia":[{"embeddable":true,"href":"https:\/\/forbabyboss.com\/sv\/wp-json\/wp\/v2\/media\/2515"}],"wp:attachment":[{"href":"https:\/\/forbabyboss.com\/sv\/wp-json\/wp\/v2\/media?parent=2514"}],"wp:term":[{"taxonomy":"product_brand","embeddable":true,"href":"https:\/\/forbabyboss.com\/sv\/wp-json\/wp\/v2\/product_brand?post=2514"},{"taxonomy":"product_cat","embeddable":true,"href":"https:\/\/forbabyboss.com\/sv\/wp-json\/wp\/v2\/product_cat?post=2514"},{"taxonomy":"product_tag","embeddable":true,"href":"https:\/\/forbabyboss.com\/sv\/wp-json\/wp\/v2\/product_tag?post=2514"}],"curies":[{"name":"wp","href":"https:\/\/api.w.org\/{rel}","templated":true}]}}