{"id":3996,"date":"2022-09-20T15:10:04","date_gmt":"2022-09-20T15:10:04","guid":{"rendered":"http:\/\/forbabyboss.com\/?post_type=product&#038;p=3996"},"modified":"2023-10-03T11:15:08","modified_gmt":"2023-10-03T11:15:08","slug":"barnvagn-modern-travel-system-4-i-1-12-beige-rander","status":"publish","type":"product","link":"https:\/\/forbabyboss.com\/sv\/product\/baby-pram-pushchair-modern-travel-system-4-in-1-12-beige-stripes\/","title":{"rendered":"Barnvagn Modern Travel System 4 i 1 \u2013 12 Beige \u2013 R\u00e4nder"},"content":{"rendered":"<h1 style=\"text-align: left;\"><span style=\"color: #e14d43; font-size: 110%;\"><strong>NEXXO Baby Lyxvagn Resesystem 3 i 1 + Bilbarnstol + Regnskydd<\/strong><\/span><\/h1>\n<p style=\"text-align: left;\"><span style=\"font-size: 110%;\"><strong><span style=\"color: #282828;\">NEXXO \u00e4r ett modernt multifunktionellt resesystem f\u00f6r barnvagnar, utformat f\u00f6r f\u00f6r\u00e4ldrar som s\u00f6ker en produkt som ska anv\u00e4ndas under en l\u00e4ngre tid. Beroende p\u00e5 barnets behov och \u00e5lder fungerar Nexxo som en barnvagn eller sittvagn. Utformad f\u00f6r att transportera ditt barn eller sm\u00e5barn bekv\u00e4mt fr\u00e5n f\u00f6dseln till 3 \u00e5r eller 0-15 kg.<\/span><\/strong><\/span><\/p>\n<p style=\"text-align: left;\"><span style=\"font-size: 110%;\"><strong><span style=\"color: #282828;\">Tillverkad i Europa av h\u00f6gkvalitativa material, l\u00e4tt aluminiumram, designad med modern stil.<\/span><\/strong><\/span><\/p>\n<p style=\"text-align: left;\" align=\"center\"><span style=\"font-size: 110%;\"><strong><span style=\"color: #282828;\">L\u00e4ttviktsram i aluminium med justerbar st\u00f6td\u00e4mpare g\u00f6r den mycket enkel att k\u00f6ra.<br \/>\n<\/span><\/strong><\/span><\/p>\n<p style=\"text-align: left;\" align=\"center\"><span style=\"font-size: 110%;\"><strong><span style=\"color: #282828;\">Vagnens inredning \u00e4r tillverkad av impregnerade material av h\u00f6gsta kvalitet, barnv\u00e4nlig. Materialen bleknar inte, \u00e4r vattent\u00e4ta och ger en idealisk lufttemperatur beroende p\u00e5 v\u00e4derf\u00f6rh\u00e5llanden. Avtagbara inredningar och \u00f6verdrag \u00e4r fyllda med allergiv\u00e4nlig bomull.\u00a0<\/span><\/strong><\/span><\/p>\n<p style=\"text-align: left;\" align=\"center\"><span style=\"font-size: 110%;\"><strong><span style=\"color: #282828;\"><span style=\"color: #e14d43;\">Produktegenskaper<\/span>:<\/span><\/strong><\/span><\/p>\n<ul style=\"text-align: left;\">\n<li style=\"text-align: justify;\"><span style=\"font-size: 110%;\"><strong><span style=\"color: #282828;\">4-i-1-resesystem<br \/>\n<\/span><\/strong><\/span><\/li>\n<li style=\"text-align: justify;\"><span style=\"font-size: 110%;\"><strong><span style=\"color: #282828;\">Solid l\u00e4ttviktsram i aluminium;<br \/>\n<\/span><\/strong><\/span><\/li>\n<li style=\"text-align: justify;\"><span style=\"font-size: 110%;\"><strong><span style=\"color: #282828;\">Justerbara st\u00f6td\u00e4mpare<\/span><\/strong><\/span><\/li>\n<\/ul>\n<p style=\"text-align: left;\" align=\"center\"><span style=\"font-size: 110%;\"><strong><span style=\"color: #282828;\"><span style=\"color: #e14d43;\">Pram<\/span>:<\/span><\/strong><\/span><\/p>\n<ul style=\"text-align: left;\">\n<li style=\"text-align: left;\"><span style=\"font-size: 110%;\"><strong><span style=\"color: #282828;\">Justerbar huva \/ Lyxfoder \/ B\u00e4rhandtag \/ Avtagbar st\u00f6tf\u00e5ngarb\u00e5ge<br \/>\n<\/span><\/strong><\/span><\/li>\n<li style=\"text-align: left;\"><span style=\"font-size: 110%;\"><strong><span style=\"color: #282828;\">Insidan \u00e4r tillverkad av barnv\u00e4nlig, allergiv\u00e4nlig bomull som andas<br \/>\n<\/span><\/strong><\/span><\/li>\n<li style=\"text-align: left;\"><span style=\"font-size: 110%;\"><strong><span style=\"color: #282828;\">L\u00e5sbara, sv\u00e4ngbara 360\u00b0, pumpbara framhjul med lager,<br \/>\n<\/span><\/strong><\/span><\/li>\n<li style=\"text-align: left;\"><span style=\"font-size: 110%;\"><strong><span style=\"color: #282828;\">centralbroms &quot;stopp och k\u00f6r&quot;;<br \/>\n<\/span><\/strong><\/span><\/li>\n<li style=\"text-align: left;\"><span style=\"font-size: 110%;\"><strong><span style=\"color: #282828;\">Utdragbar sufflett f\u00f6r b\u00e4ttre skuggskydd i sittdelen;<br \/>\n<\/span><\/strong><\/span><\/li>\n<li style=\"text-align: left;\"><span style=\"font-size: 110%;\"><strong><span style=\"color: #282828;\">liggdel utrustad med 4-punkts justerbart ryggst\u00f6d<br \/>\n<\/span><\/strong><\/span><\/li>\n<li style=\"text-align: left;\"><span style=\"font-size: 110%;\"><strong><span style=\"color: #282828;\">ventilerad liggdel och sitthuva;<br \/>\n<\/span><\/strong><\/span><\/li>\n<li style=\"text-align: left;\"><span style=\"font-size: 110%;\"><strong><span style=\"color: #282828;\">4-punkts justerbart handtag t\u00e4ckt med eko-l\u00e4der;<br \/>\n<\/span><\/strong><\/span><\/li>\n<li style=\"text-align: left;\"><span style=\"font-size: 110%;\"><strong><span style=\"color: #282828;\">fram\u00e5t- och bak\u00e5tv\u00e4nt system,<\/span><\/strong><\/span><\/li>\n<\/ul>\n<p style=\"text-align: left;\"><span style=\"font-size: 110%;\"><strong><span style=\"color: #282828;\"><span style=\"color: #e14d43;\">Barnvagn<\/span>:<\/span><\/strong><\/span><\/p>\n<ul style=\"text-align: left;\">\n<li style=\"text-align: left;\"><span style=\"font-size: 110%;\"><strong><span style=\"color: #282828;\">utrustad med justerbart fotst\u00f6d och ryggst\u00f6d;<br \/>\n<\/span><\/strong><\/span><\/li>\n<li style=\"text-align: left;\"><span style=\"font-size: 110%;\"><strong><span style=\"color: #282828;\">justerbar till helt liggande l\u00e4ge,<br \/>\n<\/span><\/strong><\/span><\/li>\n<li style=\"text-align: left;\"><span style=\"font-size: 110%;\"><strong><span style=\"color: #282828;\">F\u00f6r\u00e4ldrapanel runtom med myggn\u00e4t,<br \/>\n<\/span><\/strong><\/span><\/li>\n<li style=\"text-align: left;\"><span style=\"font-size: 110%;\"><strong><span style=\"color: #282828;\">Flera lutningsl\u00e4gen<br \/>\n<\/span><\/strong><\/span><\/li>\n<li style=\"text-align: left;\"><span style=\"font-size: 110%;\"><strong><span style=\"color: #282828;\">V\u00e4ndbar sittdel f\u00f6r f\u00f6r\u00e4ldravyl\u00e4ge<br \/>\n<\/span><\/strong><\/span><\/li>\n<li style=\"text-align: left;\"><span style=\"font-size: 110%;\"><strong><span style=\"color: #282828;\">Fempunktssele;<\/span><\/strong><\/span><\/li>\n<\/ul>\n<p style=\"text-align: left;\"><span style=\"font-size: 110%;\"><strong><span style=\"color: #282828;\"><span style=\"color: #e14d43;\">Bekv\u00e4m bilbarnstol<\/span> *<\/span><\/strong><\/span><\/p>\n<ul style=\"text-align: left;\">\n<li style=\"text-align: left;\"><span style=\"font-size: 110%;\"><strong><span style=\"color: #282828;\">Grupp 0-10 kg:<br \/>\n<\/span><\/strong><\/span><\/li>\n<li style=\"text-align: left;\"><span style=\"font-size: 110%;\"><strong><span style=\"color: #282828;\">Europeiskt godk\u00e4nnande ECE R44\/04<br \/>\n<\/span><\/strong><\/span><\/li>\n<li style=\"text-align: left;\"><span style=\"font-size: 110%;\"><strong><span style=\"color: #282828;\">Monteras p\u00e5 vagnen med adaptern<br \/>\n<\/span><\/strong><\/span><\/li>\n<li style=\"text-align: left;\"><span style=\"font-size: 110%;\"><strong><span style=\"color: #282828;\">3-punktssele<br \/>\n<\/span><\/strong><\/span><\/li>\n<li style=\"text-align: left;\"><span style=\"font-size: 110%;\"><strong><span style=\"color: #282828;\">Justerbart handtag f\u00f6r b\u00e4rning<br \/>\n<\/span><\/strong><\/span><\/li>\n<li style=\"text-align: left;\"><span style=\"font-size: 110%;\"><strong><span style=\"color: #282828;\">Avtagbart lock<br \/>\n<\/span><\/strong><\/span><\/li>\n<li style=\"text-align: left;\"><span style=\"font-size: 110%;\"><strong><span style=\"color: #282828;\">H\u00f6jdjusterbara s\u00e4kerhetsb\u00e4lten<br \/>\n<\/span><\/strong><\/span><\/li>\n<li style=\"text-align: left;\"><span style=\"font-size: 110%;\"><strong><span style=\"color: #282828;\">Fram\u00e5t- eller bak\u00e5tv\u00e4nt l\u00e4ge<br \/>\n<\/span><\/strong><\/span><\/li>\n<li style=\"text-align: left;\"><span style=\"font-size: 110%;\"><strong><span style=\"color: #282828;\">Utrustad med ISOFIX<\/span><\/strong><\/span><\/li>\n<\/ul>\n<p style=\"text-align: left;\" align=\"center\"><span style=\"font-size: 110%;\"><strong><span style=\"color: #282828;\"><span style=\"color: #e14d43;\">Pris ing\u00e5r<\/span>:<\/span><\/strong><\/span><\/p>\n<p style=\"text-align: left;\" align=\"center\"><span style=\"font-size: 110%;\"><strong><span style=\"color: #282828;\">Aluminiumram<br \/>\n<\/span><\/strong><\/span><\/p>\n<p style=\"text-align: left;\" align=\"center\"><span style=\"font-size: 110%;\"><strong><span style=\"color: #282828;\">Liggdel<br \/>\n<\/span><\/strong><\/span><\/p>\n<p style=\"text-align: left;\" align=\"center\"><span style=\"font-size: 110%;\"><strong><span style=\"color: #282828;\">Barnvagn<br \/>\n<\/span><\/strong><\/span><\/p>\n<p style=\"text-align: left;\" align=\"center\"><span style=\"font-size: 110%;\"><strong><span style=\"color: #282828;\">\u00d6verdrag och madrass<br \/>\n<\/span><\/strong><\/span><\/p>\n<p style=\"text-align: left;\" align=\"center\"><span style=\"font-size: 110%;\"><strong><span style=\"color: #282828;\">F\u00f6tter t\u00e4cker<br \/>\n<\/span><\/strong><\/span><\/p>\n<p style=\"text-align: left;\" align=\"center\"><span style=\"font-size: 110%;\"><strong><span style=\"color: #282828;\">Bilbarnstol *<br \/>\n<\/span><\/strong><\/span><\/p>\n<p style=\"text-align: left;\" align=\"center\"><span style=\"font-size: 110%;\"><strong><span style=\"color: #282828;\">Sufflett och \u00f6verdrag till bilbarnstolen *<br \/>\n<\/span><\/strong><\/span><\/p>\n<p style=\"text-align: left;\" align=\"center\"><span style=\"font-size: 110%;\"><strong><span style=\"color: #282828;\">Avtagbar st\u00f6tf\u00e5ngarb\u00e5ge<br \/>\n<\/span><\/strong><\/span><\/p>\n<p style=\"text-align: left;\" align=\"center\"><span style=\"font-size: 110%;\"><strong><span style=\"color: #282828;\">Regnskydd<br \/>\n<\/span><\/strong><\/span><\/p>\n<p style=\"text-align: left;\" align=\"center\"><span style=\"font-size: 110%;\"><strong><span style=\"color: #282828;\">V\u00e4ska f\u00f6r accessoarer med axelrem<br \/>\n<\/span><\/strong><\/span><\/p>\n<p style=\"text-align: left;\" align=\"center\"><span style=\"font-size: 110%;\"><strong><span style=\"color: #282828;\">Kundkorg<br \/>\n<\/span><\/strong><\/span><\/p>\n<p style=\"text-align: left;\" align=\"center\"><span style=\"font-size: 110%;\"><strong><span style=\"color: #282828;\">Isofix-bas *<\/span><\/strong><\/span><\/p>\n<p style=\"text-align: left;\" align=\"center\"><span style=\"font-size: 110%;\"><strong><span style=\"color: #282828;\">* valfritt<\/span><\/strong><\/span><\/p>\n<p style=\"text-align: left;\"><span style=\"font-size: 110%;\"><strong><span style=\"color: #282828;\">M\u00e5tt<\/span><\/strong><\/span><\/p>\n<p style=\"text-align: left;\"><span style=\"font-size: 110%;\"><strong><span style=\"color: #282828;\"><span style=\"color: #e14d43;\">Liggdel<\/span><\/span><\/strong><\/span><\/p>\n<p style=\"text-align: left;\"><span style=\"font-size: 110%;\"><strong><span style=\"color: #282828;\">\u2013 vikt \u2013 4,2 kg<br \/>\n\u2013 barnvagnens totalvikt \u2013 14 kg<br \/>\n\u2013 ram med liggdel: H.126 cm x B. 59,5 cm x L. 100 cm<br \/>\n\u2013 Innerm\u00e5tt: B. 36 cm x L. 91 cm x D. 21 cm<br \/>\n<\/span><\/strong><\/span><\/p>\n<p style=\"text-align: left;\"><span style=\"font-size: 110%;\"><strong><span style=\"color: #282828;\"><span style=\"color: #e14d43;\">Barnvagn<\/span>:<br \/>\n\u2013 ram med hjul: 13,7 kg<br \/>\n\u2013 Barnvagnens m\u00e5tt: H. 114 cm x B. 59,5 cm x L. 90 cm<br \/>\n<\/span><\/strong><\/span><\/p>\n<p style=\"text-align: left;\"><span style=\"font-size: 110%;\"><strong><span style=\"color: #282828;\"><span style=\"color: #e14d43;\">Bilbarnstol<\/span><br \/>\n\u2013 Vikt: 4,8 kg<br \/>\n\u2013 bilbarnstol med ram och hjul: 14,8 kg<br \/>\n\u2013 ram med bilbarnstol: H. 108 cm x B. 63 cm x L. 84 cm<br \/>\n<\/span><\/strong><\/span><\/p>\n<p style=\"text-align: left;\"><span style=\"font-size: 110%;\"><strong><span style=\"color: #282828;\"><span style=\"color: #e14d43;\">Ram<\/span><br \/>\n\u2013 ram med hjul: 9,8 kg<br \/>\n\u2013 Hjulens diameter: fram 25 cm, bak 31 cm<br \/>\n<\/span><\/strong><\/span><\/p>\n<p><a href=\"http:\/\/forbabyboss.com\/wp-content\/uploads\/2022\/09\/checkout.png\"><img loading=\"lazy\" decoding=\"async\" class=\"alignnone size-full wp-image-5965\" src=\"http:\/\/forbabyboss.com\/wp-content\/uploads\/2022\/09\/checkout.png\" alt=\"\" width=\"750\" height=\"276\" srcset=\"https:\/\/forbabyboss.com\/wp-content\/uploads\/2022\/09\/checkout.png 750w, https:\/\/forbabyboss.com\/wp-content\/uploads\/2022\/09\/checkout-600x221.png 600w\" sizes=\"auto, (max-width: 750px) 100vw, 750px\" \/><\/a><\/p>","protected":false},"excerpt":{"rendered":"<p><a href=\"http:\/\/forbabyboss.com\/wp-content\/uploads\/2022\/09\/Star-Rating-5.png\"><img loading=\"lazy\" decoding=\"async\" class=\"alignnone size-full wp-image-5973 aligncenter\" src=\"http:\/\/forbabyboss.com\/wp-content\/uploads\/2022\/09\/Star-Rating-5.png\" alt=\"\" width=\"275\" height=\"45\" \/><\/a><\/p>\n<p style=\"text-align: center;\"><span style=\"color: #e14d43;\"><strong>PRISGARANTI<\/strong><\/span><\/p>\n<p style=\"text-align: center;\"><span style=\"font-weight: 400; color: #003366;\">Fri leverans<\/span><span style=\"font-weight: 400;\"> \u2013 2\u20137 dagar<\/span><\/p>\n<p style=\"text-align: center;\"><span style=\"color: #008000;\"><strong>Gratis g\u00e5va vid k\u00f6p \u00f6ver 100 pund<\/strong><\/span><\/p>","protected":false},"featured_media":3997,"template":"","meta":[],"product_brand":[],"product_cat":[338,197,305,303,130,209,211],"product_tag":[200,199],"class_list":{"0":"post-3996","1":"product","2":"type-product","3":"status-publish","4":"has-post-thumbnail","6":"product_cat-600-to-700","7":"product_cat-4-in-1-pram","8":"product_cat-colour","9":"product_cat-pattern","10":"product_cat-prams","11":"product_cat-push-chairs","12":"product_cat-stroller","13":"product_tag-4-in-1-pram","14":"product_tag-prams","16":"first","17":"instock","18":"sale","19":"shipping-taxable","20":"purchasable","21":"product-type-simple"},"yoast_head":"<!-- This site is optimized with the Yoast SEO plugin v27.6 - https:\/\/yoast.com\/product\/yoast-seo-wordpress\/ -->\n<title>Baby Pram Pushchair Modern Travel System 4 in 1 - 12 Beige - Stripes - For Baby Boss<\/title>\n<meta name=\"description\" content=\"Baby Pram Pushchair Modern Travel System 4 in 1 - 12 Beige - Stripes\" \/>\n<meta name=\"robots\" content=\"index, follow, max-snippet:-1, max-image-preview:large, max-video-preview:-1\" \/>\n<link rel=\"canonical\" href=\"https:\/\/forbabyboss.com\/sv\/produkt\/barnvagn-modern-travel-system-4-i-1-12-beige-rander\/\" \/>\n<meta property=\"og:locale\" content=\"sv_SE\" \/>\n<meta property=\"og:type\" content=\"article\" \/>\n<meta property=\"og:title\" content=\"Baby Pram Pushchair Modern Travel System 4 in 1 - 12 Beige - Stripes - For Baby Boss\" \/>\n<meta property=\"og:description\" content=\"Baby Pram Pushchair Modern Travel System 4 in 1 - 12 Beige - Stripes\" \/>\n<meta property=\"og:url\" content=\"https:\/\/forbabyboss.com\/sv\/produkt\/barnvagn-modern-travel-system-4-i-1-12-beige-rander\/\" \/>\n<meta property=\"og:site_name\" content=\"For Baby Boss\" \/>\n<meta property=\"article:modified_time\" content=\"2023-10-03T11:15:08+00:00\" \/>\n<meta property=\"og:image\" content=\"https:\/\/forbabyboss.com\/wp-content\/uploads\/2022\/09\/Baby-Pram-Pushchair-Buggy-Stroller-Car-Seat-Modern-Travel-System-4-in-1-12-Beige-Stripes.jpg\" \/>\n\t<meta property=\"og:image:width\" content=\"1200\" \/>\n\t<meta property=\"og:image:height\" content=\"900\" \/>\n\t<meta property=\"og:image:type\" content=\"image\/jpeg\" \/>\n<meta name=\"twitter:card\" content=\"summary_large_image\" \/>\n<meta name=\"twitter:label1\" content=\"Ber\u00e4knad l\u00e4stid\" \/>\n\t<meta name=\"twitter:data1\" content=\"3 minuter\" \/>\n<script type=\"application\/ld+json\" class=\"yoast-schema-graph\">{\"@context\":\"https:\\\/\\\/schema.org\",\"@graph\":[{\"@type\":\"WebPage\",\"@id\":\"https:\\\/\\\/forbabyboss.com\\\/product\\\/baby-pram-pushchair-modern-travel-system-4-in-1-12-beige-stripes\\\/\",\"url\":\"https:\\\/\\\/forbabyboss.com\\\/product\\\/baby-pram-pushchair-modern-travel-system-4-in-1-12-beige-stripes\\\/\",\"name\":\"Baby Pram Pushchair Modern Travel System 4 in 1 - 12 Beige - Stripes - For Baby Boss\",\"isPartOf\":{\"@id\":\"https:\\\/\\\/powderblue-seahorse-496884.hostingersite.com\\\/#website\"},\"primaryImageOfPage\":{\"@id\":\"https:\\\/\\\/forbabyboss.com\\\/product\\\/baby-pram-pushchair-modern-travel-system-4-in-1-12-beige-stripes\\\/#primaryimage\"},\"image\":{\"@id\":\"https:\\\/\\\/forbabyboss.com\\\/product\\\/baby-pram-pushchair-modern-travel-system-4-in-1-12-beige-stripes\\\/#primaryimage\"},\"thumbnailUrl\":\"https:\\\/\\\/forbabyboss.com\\\/wp-content\\\/uploads\\\/2022\\\/09\\\/Baby-Pram-Pushchair-Buggy-Stroller-Car-Seat-Modern-Travel-System-4-in-1-12-Beige-Stripes.jpg\",\"datePublished\":\"2022-09-20T15:10:04+00:00\",\"dateModified\":\"2023-10-03T11:15:08+00:00\",\"description\":\"Baby Pram Pushchair Modern Travel System 4 in 1 - 12 Beige - Stripes\",\"breadcrumb\":{\"@id\":\"https:\\\/\\\/forbabyboss.com\\\/product\\\/baby-pram-pushchair-modern-travel-system-4-in-1-12-beige-stripes\\\/#breadcrumb\"},\"inLanguage\":\"sv-SE\",\"potentialAction\":[{\"@type\":\"ReadAction\",\"target\":[\"https:\\\/\\\/forbabyboss.com\\\/product\\\/baby-pram-pushchair-modern-travel-system-4-in-1-12-beige-stripes\\\/\"]}]},{\"@type\":\"ImageObject\",\"inLanguage\":\"sv-SE\",\"@id\":\"https:\\\/\\\/forbabyboss.com\\\/product\\\/baby-pram-pushchair-modern-travel-system-4-in-1-12-beige-stripes\\\/#primaryimage\",\"url\":\"https:\\\/\\\/forbabyboss.com\\\/wp-content\\\/uploads\\\/2022\\\/09\\\/Baby-Pram-Pushchair-Buggy-Stroller-Car-Seat-Modern-Travel-System-4-in-1-12-Beige-Stripes.jpg\",\"contentUrl\":\"https:\\\/\\\/forbabyboss.com\\\/wp-content\\\/uploads\\\/2022\\\/09\\\/Baby-Pram-Pushchair-Buggy-Stroller-Car-Seat-Modern-Travel-System-4-in-1-12-Beige-Stripes.jpg\",\"width\":1200,\"height\":900},{\"@type\":\"BreadcrumbList\",\"@id\":\"https:\\\/\\\/forbabyboss.com\\\/product\\\/baby-pram-pushchair-modern-travel-system-4-in-1-12-beige-stripes\\\/#breadcrumb\",\"itemListElement\":[{\"@type\":\"ListItem\",\"position\":1,\"name\":\"Home\",\"item\":\"https:\\\/\\\/forbabyboss.com\\\/\"},{\"@type\":\"ListItem\",\"position\":2,\"name\":\"Shop\",\"item\":\"https:\\\/\\\/forbabyboss.com\\\/shop\\\/\"},{\"@type\":\"ListItem\",\"position\":3,\"name\":\"Baby Pram Pushchair Modern Travel System 4 in 1 &#8211; 12 Beige &#8211; Stripes\"}]},{\"@type\":\"WebSite\",\"@id\":\"https:\\\/\\\/powderblue-seahorse-496884.hostingersite.com\\\/#website\",\"url\":\"https:\\\/\\\/powderblue-seahorse-496884.hostingersite.com\\\/\",\"name\":\"For Baby Boss\",\"description\":\"Beautiful gifts and accessories for your baby boss\",\"potentialAction\":[{\"@type\":\"SearchAction\",\"target\":{\"@type\":\"EntryPoint\",\"urlTemplate\":\"https:\\\/\\\/powderblue-seahorse-496884.hostingersite.com\\\/?s={search_term_string}\"},\"query-input\":{\"@type\":\"PropertyValueSpecification\",\"valueRequired\":true,\"valueName\":\"search_term_string\"}}],\"inLanguage\":\"sv-SE\"}]}<\/script>\n<!-- \/ Yoast SEO plugin. -->","yoast_head_json":{"title":"Barnvagn Modern Travel System 4 i 1 - 12 Beige - R\u00e4nder - F\u00f6r Baby Boss","description":"Barnvagn Modern Travel System 4 i 1 - 12 Beige - R\u00e4nder","robots":{"index":"index","follow":"follow","max-snippet":"max-snippet:-1","max-image-preview":"max-image-preview:large","max-video-preview":"max-video-preview:-1"},"canonical":"https:\/\/forbabyboss.com\/sv\/produkt\/barnvagn-modern-travel-system-4-i-1-12-beige-rander\/","og_locale":"sv_SE","og_type":"article","og_title":"Baby Pram Pushchair Modern Travel System 4 in 1 - 12 Beige - Stripes - For Baby Boss","og_description":"Baby Pram Pushchair Modern Travel System 4 in 1 - 12 Beige - Stripes","og_url":"https:\/\/forbabyboss.com\/sv\/produkt\/barnvagn-modern-travel-system-4-i-1-12-beige-rander\/","og_site_name":"For Baby Boss","article_modified_time":"2023-10-03T11:15:08+00:00","og_image":[{"width":1200,"height":900,"url":"https:\/\/forbabyboss.com\/wp-content\/uploads\/2022\/09\/Baby-Pram-Pushchair-Buggy-Stroller-Car-Seat-Modern-Travel-System-4-in-1-12-Beige-Stripes.jpg","type":"image\/jpeg"}],"twitter_card":"summary_large_image","twitter_misc":{"Ber\u00e4knad l\u00e4stid":"3 minuter"},"schema":{"@context":"https:\/\/schema.org","@graph":[{"@type":"WebPage","@id":"https:\/\/forbabyboss.com\/product\/baby-pram-pushchair-modern-travel-system-4-in-1-12-beige-stripes\/","url":"https:\/\/forbabyboss.com\/product\/baby-pram-pushchair-modern-travel-system-4-in-1-12-beige-stripes\/","name":"Barnvagn Modern Travel System 4 i 1 - 12 Beige - R\u00e4nder - F\u00f6r Baby Boss","isPartOf":{"@id":"https:\/\/powderblue-seahorse-496884.hostingersite.com\/#website"},"primaryImageOfPage":{"@id":"https:\/\/forbabyboss.com\/product\/baby-pram-pushchair-modern-travel-system-4-in-1-12-beige-stripes\/#primaryimage"},"image":{"@id":"https:\/\/forbabyboss.com\/product\/baby-pram-pushchair-modern-travel-system-4-in-1-12-beige-stripes\/#primaryimage"},"thumbnailUrl":"https:\/\/forbabyboss.com\/wp-content\/uploads\/2022\/09\/Baby-Pram-Pushchair-Buggy-Stroller-Car-Seat-Modern-Travel-System-4-in-1-12-Beige-Stripes.jpg","datePublished":"2022-09-20T15:10:04+00:00","dateModified":"2023-10-03T11:15:08+00:00","description":"Barnvagn Modern Travel System 4 i 1 - 12 Beige - R\u00e4nder","breadcrumb":{"@id":"https:\/\/forbabyboss.com\/product\/baby-pram-pushchair-modern-travel-system-4-in-1-12-beige-stripes\/#breadcrumb"},"inLanguage":"sv-SE","potentialAction":[{"@type":"ReadAction","target":["https:\/\/forbabyboss.com\/product\/baby-pram-pushchair-modern-travel-system-4-in-1-12-beige-stripes\/"]}]},{"@type":"ImageObject","inLanguage":"sv-SE","@id":"https:\/\/forbabyboss.com\/product\/baby-pram-pushchair-modern-travel-system-4-in-1-12-beige-stripes\/#primaryimage","url":"https:\/\/forbabyboss.com\/wp-content\/uploads\/2022\/09\/Baby-Pram-Pushchair-Buggy-Stroller-Car-Seat-Modern-Travel-System-4-in-1-12-Beige-Stripes.jpg","contentUrl":"https:\/\/forbabyboss.com\/wp-content\/uploads\/2022\/09\/Baby-Pram-Pushchair-Buggy-Stroller-Car-Seat-Modern-Travel-System-4-in-1-12-Beige-Stripes.jpg","width":1200,"height":900},{"@type":"BreadcrumbList","@id":"https:\/\/forbabyboss.com\/product\/baby-pram-pushchair-modern-travel-system-4-in-1-12-beige-stripes\/#breadcrumb","itemListElement":[{"@type":"ListItem","position":1,"name":"Home","item":"https:\/\/forbabyboss.com\/"},{"@type":"ListItem","position":2,"name":"Shop","item":"https:\/\/forbabyboss.com\/shop\/"},{"@type":"ListItem","position":3,"name":"Baby Pram Pushchair Modern Travel System 4 in 1 &#8211; 12 Beige &#8211; Stripes"}]},{"@type":"WebSite","@id":"https:\/\/powderblue-seahorse-496884.hostingersite.com\/#website","url":"https:\/\/powderblue-seahorse-496884.hostingersite.com\/","name":"F\u00f6r Baby Boss","description":"Vackra presenter och tillbeh\u00f6r till din babychef","potentialAction":[{"@type":"SearchAction","target":{"@type":"EntryPoint","urlTemplate":"https:\/\/powderblue-seahorse-496884.hostingersite.com\/?s={search_term_string}"},"query-input":{"@type":"PropertyValueSpecification","valueRequired":true,"valueName":"search_term_string"}}],"inLanguage":"sv-SE"}]}},"_links":{"self":[{"href":"https:\/\/forbabyboss.com\/sv\/wp-json\/wp\/v2\/product\/3996","targetHints":{"allow":["GET"]}}],"collection":[{"href":"https:\/\/forbabyboss.com\/sv\/wp-json\/wp\/v2\/product"}],"about":[{"href":"https:\/\/forbabyboss.com\/sv\/wp-json\/wp\/v2\/types\/product"}],"wp:featuredmedia":[{"embeddable":true,"href":"https:\/\/forbabyboss.com\/sv\/wp-json\/wp\/v2\/media\/3997"}],"wp:attachment":[{"href":"https:\/\/forbabyboss.com\/sv\/wp-json\/wp\/v2\/media?parent=3996"}],"wp:term":[{"taxonomy":"product_brand","embeddable":true,"href":"https:\/\/forbabyboss.com\/sv\/wp-json\/wp\/v2\/product_brand?post=3996"},{"taxonomy":"product_cat","embeddable":true,"href":"https:\/\/forbabyboss.com\/sv\/wp-json\/wp\/v2\/product_cat?post=3996"},{"taxonomy":"product_tag","embeddable":true,"href":"https:\/\/forbabyboss.com\/sv\/wp-json\/wp\/v2\/product_tag?post=3996"}],"curies":[{"name":"wp","href":"https:\/\/api.w.org\/{rel}","templated":true}]}}