{"id":4049,"date":"2022-09-07T09:56:03","date_gmt":"2022-09-07T09:56:03","guid":{"rendered":"http:\/\/forbabyboss.com\/?post_type=product&#038;p=4049"},"modified":"2026-02-21T15:01:59","modified_gmt":"2026-02-21T15:01:59","slug":"babyvagn-2021-4-i-1-i-rosa","status":"publish","type":"product","link":"https:\/\/forbabyboss.com\/sv\/product\/baby-pram-2021-pushchair-4in1-in-pink\/","title":{"rendered":"Barnvagn 2021 4-i-1 i rosa"},"content":{"rendered":"<p style=\"text-align: justify;\"><strong><span style=\"color: #282828; font-size: 100%;\">Bexa Air \u00e4r speciellt utformad f\u00f6r f\u00f6r\u00e4ldrar som s\u00f6ker en produkt som ska anv\u00e4ndas under l\u00e5ng tid. Beroende p\u00e5 barnets behov och \u00e5lder kan Bexa Air fungera som barnvagn eller sittvagn. Aluminiumramen med l\u00e4ttviktsfunktion g\u00f6r den mycket enkel att k\u00f6ra. Den \u00e4r utformad f\u00f6r att transportera ditt barn eller sm\u00e5barn med mycket h\u00f6g komfort. Barnvagnens inredning \u00e4r tillverkad av impregnerade material av h\u00f6gsta kvalitet och \u00e4r barnv\u00e4nlig.<\/span><\/strong><\/p>\n<p style=\"text-align: justify;\"><strong><span style=\"color: #282828; font-size: 100%;\">Bexa Air-barnvagnar \u00e4r helt designade och tillverkade i Europa och de \u00e4r tillverkade av endast h\u00f6gkvalitativa material.<span style=\"font-family: 'Josefin Sans', Tahoma, sans-serif, Arial;\">Bexa Air \u00e4r speciellt utformad f\u00f6r f\u00f6r\u00e4ldrar som s\u00f6ker en produkt som ska anv\u00e4ndas under l\u00e5ng tid. Beroende p\u00e5 barnets behov och \u00e5lder kan Bexa Air fungera som barnvagn eller sittvagn. Aluminiumramen med l\u00e4ttviktsfunktion g\u00f6r den mycket enkel att k\u00f6ra. Den \u00e4r utformad f\u00f6r att transportera ditt barn eller sm\u00e5barn med mycket h\u00f6g komfort. Barnvagnens inredning \u00e4r tillverkad av impregnerade material av h\u00f6gsta kvalitet och \u00e4r barnv\u00e4nlig.<\/span><\/span><\/strong><\/p>\n<p style=\"text-align: justify;\"><strong><span style=\"color: #282828; font-family: 'Josefin Sans', Tahoma, sans-serif, Arial; font-size: 100%;\">Bexa Air-barnvagnar \u00e4r helt designade och tillverkade i Europa och de \u00e4r tillverkade av endast h\u00f6gkvalitativa material.<\/span><\/strong><\/p>\n<p style=\"text-align: justify;\"><strong><span style=\"font-size: 100%; color: #282828;\">Utformad f\u00f6r att bekv\u00e4mt transportera ditt sp\u00e4dbarn eller sm\u00e5barn fr\u00e5n f\u00f6dseln till 3 \u00e5r eller 0-15 kg.<\/span><\/strong><\/p>\n<p style=\"text-align: justify;\"><strong><span style=\"color: #282828; font-size: 100%;\">Tillverkad i Europa av h\u00f6gkvalitativa material, l\u00e4tt aluminiumram, designad med modern stil.<br \/>\n<\/span><\/strong><\/p>\n<p style=\"text-align: justify;\" align=\"center\"><strong><span style=\"font-size: 100%; color: #282828;\">Europeiskt godk\u00e4nt enligt EN 1888:2012. Aluminiumram med l\u00e4ttviktsram och justerbar st\u00f6td\u00e4mpare g\u00f6r den mycket enkel att k\u00f6ra. Barnvagnens inredning \u00e4r tillverkad av impregnerade material av h\u00f6gsta kvalitet, barnv\u00e4nlig. Materialen bleknar inte, \u00e4r vattent\u00e4ta och ger en idealisk lufttemperatur beroende p\u00e5 v\u00e4derf\u00f6rh\u00e5llanden. Avtagbara inredningar och \u00f6verdrag \u00e4r fyllda med allergiv\u00e4nlig bomull.<\/span><\/strong><\/p>\n<p style=\"text-align: justify;\" align=\"center\"><strong><span style=\"color: #282828;\"><span style=\"font-size: medium;\"><span style=\"color: #e14d43;\">Produktspecifikation<\/span>:<\/span><span style=\"font-size: medium;\">\u00a0<\/span><\/span><\/strong><\/p>\n<p style=\"text-align: justify;\"><strong><span style=\"color: #282828;\">\u2013 m\u00f6jligheten att b\u00e4ra gondolen i handtaget i kabin;<\/span><\/strong><\/p>\n<p style=\"text-align: justify;\"><strong><span style=\"color: #282828;\">\u2013 gondolens botten \u00e4r gjord av plast;<\/span><\/strong><\/p>\n<p style=\"text-align: justify;\"><strong><span style=\"color: #282828;\">-gondol kl\u00e4dd med ekol\u00e4der;<\/span><\/strong><\/p>\n<p style=\"text-align: justify;\"><strong><span style=\"color: #282828;\">\u2013 ryggs\u00e4ck till mamma;<\/span><\/strong><\/p>\n<p style=\"text-align: justify;\"><strong><span style=\"color: #282828;\">-en rymlig gondol med ventilation;<\/span><\/strong><\/p>\n<p style=\"text-align: justify;\"><strong><span style=\"color: #282828;\">\u2013 utf\u00e4lld ram 78x58x99-115 cm;<\/span><\/strong><\/p>\n<p style=\"text-align: justify;\"><strong><span style=\"color: #282828;\">\u2013 utv\u00e4ndig ryggst\u00f6dsjustering i gondol och barnvagn;<\/span><\/strong><\/p>\n<p style=\"text-align: justify;\"><strong><span style=\"color: #282828;\">\u2013 hopf\u00e4lld ram 78x58x30 cm; utan hjul 72x50x30 cm;<\/span><\/strong><\/p>\n<p style=\"text-align: justify;\"><strong><span style=\"color: #282828;\">\u2013 avtagbar bekl\u00e4dnad i gondolens insida;<\/span><\/strong><\/p>\n<p style=\"text-align: justify;\"><strong><span style=\"color: #282828;\">-gondolens insida 76x35x22 cm;<\/span><\/strong><\/p>\n<p style=\"text-align: justify;\"><strong><span style=\"color: #282828;\">\u2013 madrass med kokos 75 cm x 35 cm;<\/span><\/strong><\/p>\n<p style=\"text-align: justify;\"><strong><span style=\"color: #282828;\">-ramens vikt med hjul cirka 9 kg;<\/span><\/strong><\/p>\n<p style=\"text-align: justify;\"><strong><span style=\"color: #282828;\">\u2013 reglering av flerstegsb\u00e5s;<\/span><\/strong><\/p>\n<p style=\"text-align: justify;\"><strong><span style=\"color: #282828;\">\u2013 12 bakhjul, 10 framhjul i gelform;<\/span><\/strong><\/p>\n<p style=\"text-align: justify;\"><strong><span style=\"color: #282828;\">\u2013 h\u00f6jden fr\u00e5n marken p\u00e5 gondolens botten 61 cm;<\/span><\/strong><\/p>\n<p style=\"text-align: justify;\"><strong><span style=\"color: #282828;\">- Gondolens vikt \u00e4r cirka 5 kg;<\/span><\/strong><\/p>\n<p style=\"text-align: justify;\"><strong><span style=\"color: #282828;\">-barnvagnssits 34\u00d726 cm, fotst\u00f6d 17 cm, ryggst\u00f6d 47 cm;<\/span><\/strong><\/p>\n<p style=\"text-align: justify;\"><strong><span style=\"color: #282828;\">\u2013 barnvagnens vikt cirka 4 kg;<\/span><\/strong><\/p>\n<p><strong><span style=\"color: #282828;\"><span style=\"color: #e14d43;\">Bekv\u00e4m bilbarnstol<\/span>:<\/span><\/strong><\/p>\n<p><strong><span style=\"font-size: medium; color: #282828;\">Grupp 0-13 kg:<\/span><\/strong><\/p>\n<p><strong><span style=\"font-size: medium; color: #282828;\">Europeiskt godk\u00e4nnande ECE R44\/04<\/span><\/strong><\/p>\n<p><strong><span style=\"font-size: medium; color: #282828;\">Monteras p\u00e5 rambasen med adaptrar<\/span><\/strong><\/p>\n<p><strong><span style=\"font-size: medium; color: #282828;\">3-punktssele<\/span><\/strong><\/p>\n<p><strong><span style=\"font-size: medium; color: #282828;\">Extra b\u00e4dd f\u00f6r nyf\u00f6dd bebis<\/span><\/strong><\/p>\n<p><strong><span style=\"font-size: medium; color: #282828;\">bils\u00e4tes\u00f6verdrag<\/span><\/strong><\/p>\n<p><strong><span style=\"font-size: medium; color: #282828;\">Justerbart handtag f\u00f6r b\u00e4rning<\/span><\/strong><\/p>\n<p><strong><span style=\"font-size: medium; color: #282828;\">Avtagbar huva<\/span><\/strong><\/p>\n<p><strong><span style=\"font-size: medium; color: #282828;\">H\u00f6jdjusterbara s\u00e4kerhetsb\u00e4lten<\/span><\/strong><\/p>\n<p><strong><span style=\"font-size: medium; color: #282828;\">Fram\u00e5t- eller bak\u00e5tv\u00e4nt l\u00e4ge<\/span><\/strong><\/p>\n<p><strong><span style=\"font-size: medium; color: #282828;\">Utrustad med ISOFIX*<\/span><\/strong><\/p>\n<p><strong><span style=\"color: #282828;\"><span style=\"font-size: medium;\"><span style=\"color: #e14d43;\">SOFIX-BASE<\/span>*<\/span><\/span><\/strong><\/p>\n<p><strong><span style=\"font-size: medium; color: #282828;\">F\u00e4rg: Svart\/Gr\u00e5<\/span><\/strong><\/p>\n<p><strong><span style=\"font-size: medium; color: #282828;\">L\u00e4mplig fr\u00e5n f\u00f6dseln<\/span><\/strong><\/p>\n<p><strong><span style=\"font-size: medium; color: #282828;\">F\u00e4sts direkt p\u00e5 bilens chassi med hj\u00e4lp av fordonets ISOFIX-f\u00e4stpunkter<\/span><\/strong><\/p>\n<p><strong><span style=\"font-size: medium; color: #282828;\">Kan \u00e4ven f\u00e4stas med bilens s\u00e4kerhetsb\u00e4lte<\/span><\/strong><\/p>\n<p><strong><span style=\"font-size: medium; color: #282828;\">Kompatibel med bilbarnstolarna<\/span><\/strong><\/p>\n<p><strong><span style=\"font-size: medium; color: #282828;\">L\u00e4tt att installera<\/span><\/strong><\/p>\n<p><strong><span style=\"font-size: medium; color: #282828;\">Tryggt och s\u00e4kert<\/span><\/strong><\/p>\n<p><strong><span style=\"font-size: medium; color: #282828;\">Minimerar kr\u00e5ngel<\/span><\/strong><\/p>\n<p><strong><span style=\"font-size: medium; color: #282828;\">Minskar risken att v\u00e4cka barnet vid f\u00f6rflyttning fr\u00e5n bil till hem<\/span><\/strong><\/p>\n<p><strong><span style=\"font-size: medium; color: #282828;\">St\u00f6dbenet ger ultimat stabilitet, s\u00e4kerhet och justeras enkelt f\u00f6r b\u00e4sta passform<\/span><\/strong><\/p>\n<p><strong><span style=\"font-size: medium; color: #282828;\">F\u00e4rgindikatorer bekr\u00e4ftar korrekt installation av basen p\u00e5 fordonet<\/span><\/strong><\/p>\n<p style=\"text-align: left;\" align=\"center\"><strong><span style=\"font-size: medium; color: #282828;\"><span style=\"color: #e14d43;\">Pris ing\u00e5r<\/span>:<br \/>\n<\/span><\/strong><\/p>\n<p><strong><span style=\"color: #282828;\">2-i-1-setet inneh\u00e5ller: svart aluminiumram med dubbel st\u00f6td\u00e4mpning,\u00a0<\/span><\/strong><\/p>\n<p><strong><span style=\"color: #282828;\">gelhjul,<\/span><\/strong><\/p>\n<p><strong><span style=\"color: #282828;\">kundkorg st\u00e4ngd med dragkedja;\u00a0<\/span><\/strong><\/p>\n<p><strong><span style=\"color: #282828;\">en gondol med tak,\u00a0<\/span><\/strong><\/p>\n<p><strong><span style=\"color: #282828;\">en barnvagn med benskydd;<\/span><\/strong><\/p>\n<p><strong><span style=\"color: #282828;\">praktisk ryggs\u00e4ck f\u00f6r tillbeh\u00f6r;\u00a0<\/span><\/strong><\/p>\n<p><strong><span style=\"color: #282828;\">regnskydd; myggn\u00e4t;<\/span><\/strong><\/p>\n<p style=\"text-align: left;\" align=\"center\"><strong><span style=\"font-size: medium; color: #282828;\">Isofix-bas (tillval)<\/span><\/strong><\/p>\n<p><strong><span style=\"font-size: medium; color: #282828;\">24 m\u00e5naders garanti<\/span><\/strong><\/p>\n<p><a href=\"http:\/\/forbabyboss.com\/wp-content\/uploads\/2022\/09\/checkout.png\"><img loading=\"lazy\" decoding=\"async\" class=\"alignnone size-full wp-image-5965\" src=\"http:\/\/forbabyboss.com\/wp-content\/uploads\/2022\/09\/checkout.png\" alt=\"\" width=\"750\" height=\"276\" srcset=\"https:\/\/forbabyboss.com\/wp-content\/uploads\/2022\/09\/checkout.png 750w, https:\/\/forbabyboss.com\/wp-content\/uploads\/2022\/09\/checkout-600x221.png 600w\" sizes=\"auto, (max-width: 750px) 100vw, 750px\" \/><\/a><\/p>","protected":false},"excerpt":{"rendered":"<p><a href=\"http:\/\/forbabyboss.com\/wp-content\/uploads\/2022\/09\/Star-Rating-5.png\"><img loading=\"lazy\" decoding=\"async\" class=\"alignnone wp-image-5973 aligncenter\" src=\"http:\/\/forbabyboss.com\/wp-content\/uploads\/2022\/09\/Star-Rating-5.png\" alt=\"\" width=\"299\" height=\"49\" \/><\/a><\/p>\n<p style=\"text-align: center;\"><span style=\"color: #e14d43; font-size: 115%;\"><strong>PRISGARANTI<\/strong><\/span><\/p>\n<p style=\"text-align: center;\"><span style=\"font-size: 115%;\"><span style=\"color: #003366;\">Fri leverans\u00a0<\/span>\u2013 2\u20137 dagar<\/span><\/p>\n<p style=\"text-align: center;\"><span style=\"color: #008000; font-size: 115%;\"><strong>Gratis g\u00e5va vid k\u00f6p \u00f6ver 100 pund<\/strong><\/span><\/p>\n<p>&nbsp;<\/p>","protected":false},"featured_media":4052,"template":"","meta":[],"product_brand":[587],"product_cat":[340,157,156,197,305,158,215,130,209,211],"product_tag":[200,199],"class_list":{"0":"post-4049","1":"product","2":"type-product","3":"status-publish","4":"has-post-thumbnail","6":"product_brand-bexa","7":"product_cat-800-to-900","8":"product_cat-2-in-1","9":"product_cat-3-in-1","10":"product_cat-4-in-1-pram","11":"product_cat-colour","12":"product_cat-new-collection","13":"product_cat-pink","14":"product_cat-prams","15":"product_cat-push-chairs","16":"product_cat-stroller","17":"product_tag-4-in-1-pram","18":"product_tag-prams","20":"first","21":"instock","22":"sale","23":"shipping-taxable","24":"purchasable","25":"product-type-simple"},"yoast_head":"<!-- This site is optimized with the Yoast SEO plugin v27.5 - https:\/\/yoast.com\/product\/yoast-seo-wordpress\/ -->\n<title>Baby Pram 2021 Pushchair 4in1 in Pink - For Baby Boss<\/title>\n<meta name=\"description\" content=\"Baby Pram 2021 Pushchair 4in1 in Pink\" \/>\n<meta name=\"robots\" content=\"index, follow, max-snippet:-1, max-image-preview:large, max-video-preview:-1\" \/>\n<link rel=\"canonical\" href=\"https:\/\/forbabyboss.com\/sv\/produkt\/babyvagn-2021-4-i-1-i-rosa\/\" \/>\n<meta property=\"og:locale\" content=\"sv_SE\" \/>\n<meta property=\"og:type\" content=\"article\" \/>\n<meta property=\"og:title\" content=\"Baby Pram 2021 Pushchair 4in1 in Pink - For Baby Boss\" \/>\n<meta property=\"og:description\" content=\"Baby Pram 2021 Pushchair 4in1 in Pink\" \/>\n<meta property=\"og:url\" content=\"https:\/\/forbabyboss.com\/sv\/produkt\/babyvagn-2021-4-i-1-i-rosa\/\" \/>\n<meta property=\"og:site_name\" content=\"For Baby Boss\" \/>\n<meta property=\"article:modified_time\" content=\"2026-02-21T15:01:59+00:00\" \/>\n<meta property=\"og:image\" content=\"https:\/\/forbabyboss.com\/wp-content\/uploads\/2022\/09\/Baby-Pram-Bexa-AIR-2021-Pushchair-Buggy-Stroller-Car-Seat-Travel-System-4in1-Pink_main.jpg\" \/>\n\t<meta property=\"og:image:width\" content=\"1020\" \/>\n\t<meta property=\"og:image:height\" content=\"1020\" \/>\n\t<meta property=\"og:image:type\" content=\"image\/jpeg\" \/>\n<meta name=\"twitter:card\" content=\"summary_large_image\" \/>\n<meta name=\"twitter:label1\" content=\"Ber\u00e4knad l\u00e4stid\" \/>\n\t<meta name=\"twitter:data1\" content=\"3 minuter\" \/>\n<script type=\"application\/ld+json\" class=\"yoast-schema-graph\">{\"@context\":\"https:\\\/\\\/schema.org\",\"@graph\":[{\"@type\":\"WebPage\",\"@id\":\"https:\\\/\\\/forbabyboss.com\\\/product\\\/baby-pram-2021-pushchair-4in1-in-pink\\\/\",\"url\":\"https:\\\/\\\/forbabyboss.com\\\/product\\\/baby-pram-2021-pushchair-4in1-in-pink\\\/\",\"name\":\"Baby Pram 2021 Pushchair 4in1 in Pink - For Baby Boss\",\"isPartOf\":{\"@id\":\"https:\\\/\\\/powderblue-seahorse-496884.hostingersite.com\\\/#website\"},\"primaryImageOfPage\":{\"@id\":\"https:\\\/\\\/forbabyboss.com\\\/product\\\/baby-pram-2021-pushchair-4in1-in-pink\\\/#primaryimage\"},\"image\":{\"@id\":\"https:\\\/\\\/forbabyboss.com\\\/product\\\/baby-pram-2021-pushchair-4in1-in-pink\\\/#primaryimage\"},\"thumbnailUrl\":\"https:\\\/\\\/forbabyboss.com\\\/wp-content\\\/uploads\\\/2022\\\/09\\\/Baby-Pram-Bexa-AIR-2021-Pushchair-Buggy-Stroller-Car-Seat-Travel-System-4in1-Pink_main.jpg\",\"datePublished\":\"2022-09-07T09:56:03+00:00\",\"dateModified\":\"2026-02-21T15:01:59+00:00\",\"description\":\"Baby Pram 2021 Pushchair 4in1 in Pink\",\"breadcrumb\":{\"@id\":\"https:\\\/\\\/forbabyboss.com\\\/product\\\/baby-pram-2021-pushchair-4in1-in-pink\\\/#breadcrumb\"},\"inLanguage\":\"sv-SE\",\"potentialAction\":[{\"@type\":\"ReadAction\",\"target\":[\"https:\\\/\\\/forbabyboss.com\\\/product\\\/baby-pram-2021-pushchair-4in1-in-pink\\\/\"]}]},{\"@type\":\"ImageObject\",\"inLanguage\":\"sv-SE\",\"@id\":\"https:\\\/\\\/forbabyboss.com\\\/product\\\/baby-pram-2021-pushchair-4in1-in-pink\\\/#primaryimage\",\"url\":\"https:\\\/\\\/forbabyboss.com\\\/wp-content\\\/uploads\\\/2022\\\/09\\\/Baby-Pram-Bexa-AIR-2021-Pushchair-Buggy-Stroller-Car-Seat-Travel-System-4in1-Pink_main.jpg\",\"contentUrl\":\"https:\\\/\\\/forbabyboss.com\\\/wp-content\\\/uploads\\\/2022\\\/09\\\/Baby-Pram-Bexa-AIR-2021-Pushchair-Buggy-Stroller-Car-Seat-Travel-System-4in1-Pink_main.jpg\",\"width\":1020,\"height\":1020},{\"@type\":\"BreadcrumbList\",\"@id\":\"https:\\\/\\\/forbabyboss.com\\\/product\\\/baby-pram-2021-pushchair-4in1-in-pink\\\/#breadcrumb\",\"itemListElement\":[{\"@type\":\"ListItem\",\"position\":1,\"name\":\"Home\",\"item\":\"https:\\\/\\\/forbabyboss.com\\\/\"},{\"@type\":\"ListItem\",\"position\":2,\"name\":\"Shop\",\"item\":\"https:\\\/\\\/forbabyboss.com\\\/shop\\\/\"},{\"@type\":\"ListItem\",\"position\":3,\"name\":\"Baby Pram 2021 Pushchair 4in1 in Pink\"}]},{\"@type\":\"WebSite\",\"@id\":\"https:\\\/\\\/powderblue-seahorse-496884.hostingersite.com\\\/#website\",\"url\":\"https:\\\/\\\/powderblue-seahorse-496884.hostingersite.com\\\/\",\"name\":\"For Baby Boss\",\"description\":\"Beautiful gifts and accessories for your baby boss\",\"potentialAction\":[{\"@type\":\"SearchAction\",\"target\":{\"@type\":\"EntryPoint\",\"urlTemplate\":\"https:\\\/\\\/powderblue-seahorse-496884.hostingersite.com\\\/?s={search_term_string}\"},\"query-input\":{\"@type\":\"PropertyValueSpecification\",\"valueRequired\":true,\"valueName\":\"search_term_string\"}}],\"inLanguage\":\"sv-SE\"}]}<\/script>\n<!-- \/ Yoast SEO plugin. -->","yoast_head_json":{"title":"Baby Pram 2021 Barnvagn 4-i-1 i Rosa - F\u00f6r Baby Boss","description":"Barnvagn 2021 4-i-1 i rosa","robots":{"index":"index","follow":"follow","max-snippet":"max-snippet:-1","max-image-preview":"max-image-preview:large","max-video-preview":"max-video-preview:-1"},"canonical":"https:\/\/forbabyboss.com\/sv\/produkt\/babyvagn-2021-4-i-1-i-rosa\/","og_locale":"sv_SE","og_type":"article","og_title":"Baby Pram 2021 Pushchair 4in1 in Pink - For Baby Boss","og_description":"Baby Pram 2021 Pushchair 4in1 in Pink","og_url":"https:\/\/forbabyboss.com\/sv\/produkt\/babyvagn-2021-4-i-1-i-rosa\/","og_site_name":"For Baby Boss","article_modified_time":"2026-02-21T15:01:59+00:00","og_image":[{"width":1020,"height":1020,"url":"https:\/\/forbabyboss.com\/wp-content\/uploads\/2022\/09\/Baby-Pram-Bexa-AIR-2021-Pushchair-Buggy-Stroller-Car-Seat-Travel-System-4in1-Pink_main.jpg","type":"image\/jpeg"}],"twitter_card":"summary_large_image","twitter_misc":{"Ber\u00e4knad l\u00e4stid":"3 minuter"},"schema":{"@context":"https:\/\/schema.org","@graph":[{"@type":"WebPage","@id":"https:\/\/forbabyboss.com\/product\/baby-pram-2021-pushchair-4in1-in-pink\/","url":"https:\/\/forbabyboss.com\/product\/baby-pram-2021-pushchair-4in1-in-pink\/","name":"Baby Pram 2021 Barnvagn 4-i-1 i Rosa - F\u00f6r Baby Boss","isPartOf":{"@id":"https:\/\/powderblue-seahorse-496884.hostingersite.com\/#website"},"primaryImageOfPage":{"@id":"https:\/\/forbabyboss.com\/product\/baby-pram-2021-pushchair-4in1-in-pink\/#primaryimage"},"image":{"@id":"https:\/\/forbabyboss.com\/product\/baby-pram-2021-pushchair-4in1-in-pink\/#primaryimage"},"thumbnailUrl":"https:\/\/forbabyboss.com\/wp-content\/uploads\/2022\/09\/Baby-Pram-Bexa-AIR-2021-Pushchair-Buggy-Stroller-Car-Seat-Travel-System-4in1-Pink_main.jpg","datePublished":"2022-09-07T09:56:03+00:00","dateModified":"2026-02-21T15:01:59+00:00","description":"Barnvagn 2021 4-i-1 i rosa","breadcrumb":{"@id":"https:\/\/forbabyboss.com\/product\/baby-pram-2021-pushchair-4in1-in-pink\/#breadcrumb"},"inLanguage":"sv-SE","potentialAction":[{"@type":"ReadAction","target":["https:\/\/forbabyboss.com\/product\/baby-pram-2021-pushchair-4in1-in-pink\/"]}]},{"@type":"ImageObject","inLanguage":"sv-SE","@id":"https:\/\/forbabyboss.com\/product\/baby-pram-2021-pushchair-4in1-in-pink\/#primaryimage","url":"https:\/\/forbabyboss.com\/wp-content\/uploads\/2022\/09\/Baby-Pram-Bexa-AIR-2021-Pushchair-Buggy-Stroller-Car-Seat-Travel-System-4in1-Pink_main.jpg","contentUrl":"https:\/\/forbabyboss.com\/wp-content\/uploads\/2022\/09\/Baby-Pram-Bexa-AIR-2021-Pushchair-Buggy-Stroller-Car-Seat-Travel-System-4in1-Pink_main.jpg","width":1020,"height":1020},{"@type":"BreadcrumbList","@id":"https:\/\/forbabyboss.com\/product\/baby-pram-2021-pushchair-4in1-in-pink\/#breadcrumb","itemListElement":[{"@type":"ListItem","position":1,"name":"Home","item":"https:\/\/forbabyboss.com\/"},{"@type":"ListItem","position":2,"name":"Shop","item":"https:\/\/forbabyboss.com\/shop\/"},{"@type":"ListItem","position":3,"name":"Baby Pram 2021 Pushchair 4in1 in Pink"}]},{"@type":"WebSite","@id":"https:\/\/powderblue-seahorse-496884.hostingersite.com\/#website","url":"https:\/\/powderblue-seahorse-496884.hostingersite.com\/","name":"F\u00f6r Baby Boss","description":"Vackra presenter och tillbeh\u00f6r till din babychef","potentialAction":[{"@type":"SearchAction","target":{"@type":"EntryPoint","urlTemplate":"https:\/\/powderblue-seahorse-496884.hostingersite.com\/?s={search_term_string}"},"query-input":{"@type":"PropertyValueSpecification","valueRequired":true,"valueName":"search_term_string"}}],"inLanguage":"sv-SE"}]}},"_links":{"self":[{"href":"https:\/\/forbabyboss.com\/sv\/wp-json\/wp\/v2\/product\/4049","targetHints":{"allow":["GET"]}}],"collection":[{"href":"https:\/\/forbabyboss.com\/sv\/wp-json\/wp\/v2\/product"}],"about":[{"href":"https:\/\/forbabyboss.com\/sv\/wp-json\/wp\/v2\/types\/product"}],"wp:featuredmedia":[{"embeddable":true,"href":"https:\/\/forbabyboss.com\/sv\/wp-json\/wp\/v2\/media\/4052"}],"wp:attachment":[{"href":"https:\/\/forbabyboss.com\/sv\/wp-json\/wp\/v2\/media?parent=4049"}],"wp:term":[{"taxonomy":"product_brand","embeddable":true,"href":"https:\/\/forbabyboss.com\/sv\/wp-json\/wp\/v2\/product_brand?post=4049"},{"taxonomy":"product_cat","embeddable":true,"href":"https:\/\/forbabyboss.com\/sv\/wp-json\/wp\/v2\/product_cat?post=4049"},{"taxonomy":"product_tag","embeddable":true,"href":"https:\/\/forbabyboss.com\/sv\/wp-json\/wp\/v2\/product_tag?post=4049"}],"curies":[{"name":"wp","href":"https:\/\/api.w.org\/{rel}","templated":true}]}}