{"id":4120,"date":"2022-09-07T13:18:40","date_gmt":"2022-09-07T13:18:40","guid":{"rendered":"http:\/\/forbabyboss.com\/?post_type=product&#038;p=4120"},"modified":"2026-02-21T15:12:34","modified_gmt":"2026-02-21T15:12:34","slug":"barnvagn-med-resesystem-3-i-1-grafitram-i-svart","status":"publish","type":"product","link":"https:\/\/forbabyboss.com\/sv\/product\/pushchair-baby-pram-travel-system-3in1-graphite-frame-in-black\/","title":{"rendered":"Barnvagn med resesystem 3-i-1 grafitram i svart"},"content":{"rendered":"<h1 style=\"text-align: justify;\" align=\"center\"><strong><span style=\"color: #e14d43;\"><span style=\"font-family: Arial;\">HOLLAND \u2013 BARNVAGNEN DU LETAR EFTER<\/span><\/span><\/strong><\/h1>\n<p style=\"text-align: justify;\" align=\"center\"><strong><span style=\"font-family: Arial;\">Letar du efter en barnvagn som uppfyller dina och ditt barns behov? Vill du att din barnvagn ska vara l\u00e4tt och praktisk \u2013 och samtidigt se bra ut? Den senaste versionen av Holland-barnvagnen \u00e4r ett perfekt alternativ f\u00f6r dig! Ramen \u00e4r \u00e4nnu l\u00e4ttare. Nya funktioner har skapats f\u00f6r den mest bekv\u00e4ma anv\u00e4ndningen. Den rymliga moderna v\u00e4skan \u2013 liksom m\u00e5nga attraktiva detaljer \u2013 ger Hollands design en touch av stil.<\/span><\/strong><\/p>\n<p style=\"text-align: justify;\" align=\"center\"><strong><span style=\"font-size: medium;\">Tillverkad i Europa av h\u00f6gkvalitativa material, l\u00e4tt aluminiumram, designad med modern stil.<\/span><span style=\"font-size: medium;\"><br \/>\n<\/span><\/strong><\/p>\n<div style=\"text-align: justify;\" align=\"center\"><strong>Europeiskt godk\u00e4nnande EN 1888:2012<\/strong><\/div>\n<p style=\"text-align: justify;\"><strong>EN MODERN BARNKOLA \u2013 BEKV\u00c4M ANV\u00c4NDNING<\/strong><\/p>\n<p style=\"text-align: justify;\"><strong>Holland universalvagn g\u00f6r varje promenad bekv\u00e4m \u2013 fr\u00e5n barnets f\u00f6rsta dagar. Den rymliga liggdelen g\u00f6r att du enkelt kan placera en ung passagerare inuti, samtidigt som det s\u00e4kerst\u00e4ller bekv\u00e4ma f\u00f6rh\u00e5llanden \u2013 b\u00e5de varma sommareftermiddagar och kalla vinterdagar. Liggdelens sufflett \u00e4r justerbar tack vare de praktiska inre knapparna. Du kan f\u00e4lla ut den eller f\u00e4lla ihop den beroende p\u00e5 v\u00e4derf\u00f6rh\u00e5llandena. Det vikbara solskyddet ger ditt barn skugga fr\u00e5n solljuset. BARNVAGN \u2013 \u00c4VEN F\u00d6R ST\u00d6RRE BARN 2-i-1 Holland fr\u00e5n Bebetto \u00e4r ocks\u00e5 en bekv\u00e4m barnvagn som kan anv\u00e4ndas fr\u00e5n de f\u00f6rsta dagarna tills barnet \u00e4r runt 3 \u00e5r gammalt. Sittdelen har profilerats f\u00f6r att s\u00e4kerst\u00e4lla att den unga passageraren alltid kan inta den mest bekv\u00e4ma och s\u00e4kra positionen. Den \u00e4r mjuk och bekv\u00e4m utan behov av att l\u00e4gga till en extra madrass. Ryggst\u00f6det och fotst\u00f6det \u00e4r justerbara, s\u00e5 att du kan placera ett barn i m\u00e5nga positioner \u2013 fr\u00e5n sittande till liggande. Holland-barnvagnens sufflett kan ocks\u00e5 f\u00e4llas ut eller f\u00e4llas ihop helt, och det vikbara solskyddet g\u00f6r att du snabbt kan skydda barnet fr\u00e5n solljuset. Barri\u00e4ren \u00e4r ett bekv\u00e4mt st\u00f6d f\u00f6r barnets h\u00e4nder \u2013 och tack vare den praktiska knappen \u00e4r den extremt enkel att lossa.<\/strong><\/p>\n<p style=\"text-align: justify;\" align=\"center\"><strong><span style=\"font-size: medium;\"><span style=\"color: #e14d43;\">Produktegenskaper<\/span>:<br \/>\n<\/span><\/strong><\/p>\n<ul>\n<li style=\"text-align: justify;\"><strong><span style=\"font-size: medium;\">2-i-1- eller 3-i-1-resesystem<br \/>\n<\/span><\/strong><\/li>\n<li style=\"text-align: justify;\"><strong><span style=\"font-size: medium;\">Solid l\u00e4ttviktsram i aluminium<\/span><\/strong><\/li>\n<li style=\"text-align: justify;\"><strong><span style=\"font-size: medium;\">L\u00e4tt att f\u00e4lla ut, liten n\u00e4r den \u00e4r hopf\u00e4lld<\/span><\/strong><\/li>\n<\/ul>\n<p><strong><span style=\"font-family: Arial;\">\u2013 Aluminiumram<\/span><\/strong><\/p>\n<p><strong><span style=\"font-family: Arial;\">\u2013 4 hjul<\/span><\/strong><\/p>\n<p><strong><span style=\"font-family: Arial;\">\u2013 Liggdel<\/span><\/strong><\/p>\n<p><strong><span style=\"font-family: Arial;\">\u2013 Barnvagnsskydd och madrass<\/span><\/strong><\/p>\n<p><strong><span style=\"font-family: Arial;\">\u2013 Regnskydd<\/span><\/strong><\/p>\n<p><strong><span style=\"font-family: Arial;\">\u2013 Myggn\u00e4t<\/span><\/strong><\/p>\n<p><strong><span style=\"font-family: Arial;\">\u2013 Modern v\u00e4ska<\/span><\/strong><\/p>\n<p><strong><span style=\"font-family: Arial;\">\u2013 Varukorg<\/span><\/strong><\/p>\n<p><strong><span style=\"font-family: Arial;\">\u2013 Muggh\u00e5llare<\/span><\/strong><\/p>\n<p><strong><span style=\"font-family: Arial;\">\u2013 24 m\u00e5naders garanti<\/span><\/strong><\/p>\n<p><strong><span style=\"font-family: Arial;\">\u2013 Barnvagn<\/span><\/strong><\/p>\n<p><strong><span style=\"font-family: Arial;\">\u2013 *Bilbarnstol (valfritt)<\/span><\/strong><\/p>\n<p><a href=\"http:\/\/forbabyboss.com\/wp-content\/uploads\/2022\/09\/checkout.png\"><img loading=\"lazy\" decoding=\"async\" class=\"alignnone size-full wp-image-5965\" src=\"http:\/\/forbabyboss.com\/wp-content\/uploads\/2022\/09\/checkout.png\" alt=\"\" width=\"750\" height=\"276\" srcset=\"https:\/\/forbabyboss.com\/wp-content\/uploads\/2022\/09\/checkout.png 750w, https:\/\/forbabyboss.com\/wp-content\/uploads\/2022\/09\/checkout-600x221.png 600w\" sizes=\"auto, (max-width: 750px) 100vw, 750px\" \/><\/a><\/p>","protected":false},"excerpt":{"rendered":"<p><a href=\"http:\/\/forbabyboss.com\/wp-content\/uploads\/2022\/09\/Star-Rating-5.png\"><img loading=\"lazy\" decoding=\"async\" class=\"alignnone wp-image-5973 aligncenter\" src=\"http:\/\/forbabyboss.com\/wp-content\/uploads\/2022\/09\/Star-Rating-5.png\" alt=\"\" width=\"299\" height=\"49\" \/><\/a><\/p>\n<p style=\"text-align: center;\"><span style=\"color: #e14d43; font-size: 115%;\"><strong>PRISGARANTI<\/strong><\/span><\/p>\n<p style=\"text-align: center;\"><span style=\"font-size: 115%;\"><span style=\"color: #003366;\">Fri leverans\u00a0<\/span>\u2013 2\u20137 dagar<\/span><\/p>\n<p style=\"text-align: center;\"><span style=\"color: #008000; font-size: 115%;\"><strong>Gratis g\u00e5va vid k\u00f6p \u00f6ver 100 pund<\/strong><\/span><\/p>","protected":false},"featured_media":4121,"template":"","meta":[],"product_brand":[583],"product_cat":[338,156,207,305,130,209,211],"product_tag":[163,199],"class_list":{"0":"post-4120","1":"product","2":"type-product","3":"status-publish","4":"has-post-thumbnail","6":"product_brand-bebetto","7":"product_cat-600-to-700","8":"product_cat-3-in-1","9":"product_cat-black","10":"product_cat-colour","11":"product_cat-prams","12":"product_cat-push-chairs","13":"product_cat-stroller","14":"product_tag-3-in-1-prams","15":"product_tag-prams","17":"first","18":"instock","19":"sale","20":"shipping-taxable","21":"purchasable","22":"product-type-simple"},"yoast_head":"<!-- This site is optimized with the Yoast SEO plugin v27.6 - https:\/\/yoast.com\/product\/yoast-seo-wordpress\/ -->\n<title>Pushchair Baby Pram Travel System 3in1 Graphite Frame in Black - For Baby Boss<\/title>\n<meta name=\"description\" content=\"Pushchair Baby Pram Travel System 3in1 Graphite Frame in Black\" \/>\n<meta name=\"robots\" content=\"index, follow, max-snippet:-1, max-image-preview:large, max-video-preview:-1\" \/>\n<link rel=\"canonical\" href=\"https:\/\/forbabyboss.com\/sv\/produkt\/barnvagn-med-resesystem-3-i-1-grafitram-i-svart\/\" \/>\n<meta property=\"og:locale\" content=\"sv_SE\" \/>\n<meta property=\"og:type\" content=\"article\" \/>\n<meta property=\"og:title\" content=\"Pushchair Baby Pram Travel System 3in1 Graphite Frame in Black - For Baby Boss\" \/>\n<meta property=\"og:description\" content=\"Pushchair Baby Pram Travel System 3in1 Graphite Frame in Black\" \/>\n<meta property=\"og:url\" content=\"https:\/\/forbabyboss.com\/sv\/produkt\/barnvagn-med-resesystem-3-i-1-grafitram-i-svart\/\" \/>\n<meta property=\"og:site_name\" content=\"For Baby Boss\" \/>\n<meta property=\"article:modified_time\" content=\"2026-02-21T15:12:34+00:00\" \/>\n<meta property=\"og:image\" content=\"https:\/\/forbabyboss.com\/wp-content\/uploads\/2022\/09\/Bebetto-New-Holland-Pushchair-Buggy-Stroller-Car-Seat-Travel-System-3in1-Graphite-Frame-03.jpg\" \/>\n\t<meta property=\"og:image:width\" content=\"1000\" \/>\n\t<meta property=\"og:image:height\" content=\"1000\" \/>\n\t<meta property=\"og:image:type\" content=\"image\/jpeg\" \/>\n<meta name=\"twitter:card\" content=\"summary_large_image\" \/>\n<meta name=\"twitter:label1\" content=\"Ber\u00e4knad l\u00e4stid\" \/>\n\t<meta name=\"twitter:data1\" content=\"2 minuter\" \/>\n<script type=\"application\/ld+json\" class=\"yoast-schema-graph\">{\"@context\":\"https:\\\/\\\/schema.org\",\"@graph\":[{\"@type\":\"WebPage\",\"@id\":\"https:\\\/\\\/forbabyboss.com\\\/product\\\/pushchair-baby-pram-travel-system-3in1-graphite-frame-in-black\\\/\",\"url\":\"https:\\\/\\\/forbabyboss.com\\\/product\\\/pushchair-baby-pram-travel-system-3in1-graphite-frame-in-black\\\/\",\"name\":\"Pushchair Baby Pram Travel System 3in1 Graphite Frame in Black - For Baby Boss\",\"isPartOf\":{\"@id\":\"https:\\\/\\\/powderblue-seahorse-496884.hostingersite.com\\\/#website\"},\"primaryImageOfPage\":{\"@id\":\"https:\\\/\\\/forbabyboss.com\\\/product\\\/pushchair-baby-pram-travel-system-3in1-graphite-frame-in-black\\\/#primaryimage\"},\"image\":{\"@id\":\"https:\\\/\\\/forbabyboss.com\\\/product\\\/pushchair-baby-pram-travel-system-3in1-graphite-frame-in-black\\\/#primaryimage\"},\"thumbnailUrl\":\"https:\\\/\\\/forbabyboss.com\\\/wp-content\\\/uploads\\\/2022\\\/09\\\/Bebetto-New-Holland-Pushchair-Buggy-Stroller-Car-Seat-Travel-System-3in1-Graphite-Frame-03.jpg\",\"datePublished\":\"2022-09-07T13:18:40+00:00\",\"dateModified\":\"2026-02-21T15:12:34+00:00\",\"description\":\"Pushchair Baby Pram Travel System 3in1 Graphite Frame in Black\",\"breadcrumb\":{\"@id\":\"https:\\\/\\\/forbabyboss.com\\\/product\\\/pushchair-baby-pram-travel-system-3in1-graphite-frame-in-black\\\/#breadcrumb\"},\"inLanguage\":\"sv-SE\",\"potentialAction\":[{\"@type\":\"ReadAction\",\"target\":[\"https:\\\/\\\/forbabyboss.com\\\/product\\\/pushchair-baby-pram-travel-system-3in1-graphite-frame-in-black\\\/\"]}]},{\"@type\":\"ImageObject\",\"inLanguage\":\"sv-SE\",\"@id\":\"https:\\\/\\\/forbabyboss.com\\\/product\\\/pushchair-baby-pram-travel-system-3in1-graphite-frame-in-black\\\/#primaryimage\",\"url\":\"https:\\\/\\\/forbabyboss.com\\\/wp-content\\\/uploads\\\/2022\\\/09\\\/Bebetto-New-Holland-Pushchair-Buggy-Stroller-Car-Seat-Travel-System-3in1-Graphite-Frame-03.jpg\",\"contentUrl\":\"https:\\\/\\\/forbabyboss.com\\\/wp-content\\\/uploads\\\/2022\\\/09\\\/Bebetto-New-Holland-Pushchair-Buggy-Stroller-Car-Seat-Travel-System-3in1-Graphite-Frame-03.jpg\",\"width\":1000,\"height\":1000},{\"@type\":\"BreadcrumbList\",\"@id\":\"https:\\\/\\\/forbabyboss.com\\\/product\\\/pushchair-baby-pram-travel-system-3in1-graphite-frame-in-black\\\/#breadcrumb\",\"itemListElement\":[{\"@type\":\"ListItem\",\"position\":1,\"name\":\"Home\",\"item\":\"https:\\\/\\\/forbabyboss.com\\\/\"},{\"@type\":\"ListItem\",\"position\":2,\"name\":\"Shop\",\"item\":\"https:\\\/\\\/forbabyboss.com\\\/shop\\\/\"},{\"@type\":\"ListItem\",\"position\":3,\"name\":\"Pushchair Baby Pram Travel System 3in1 Graphite Frame in Black\"}]},{\"@type\":\"WebSite\",\"@id\":\"https:\\\/\\\/powderblue-seahorse-496884.hostingersite.com\\\/#website\",\"url\":\"https:\\\/\\\/powderblue-seahorse-496884.hostingersite.com\\\/\",\"name\":\"For Baby Boss\",\"description\":\"Beautiful gifts and accessories for your baby boss\",\"potentialAction\":[{\"@type\":\"SearchAction\",\"target\":{\"@type\":\"EntryPoint\",\"urlTemplate\":\"https:\\\/\\\/powderblue-seahorse-496884.hostingersite.com\\\/?s={search_term_string}\"},\"query-input\":{\"@type\":\"PropertyValueSpecification\",\"valueRequired\":true,\"valueName\":\"search_term_string\"}}],\"inLanguage\":\"sv-SE\"}]}<\/script>\n<!-- \/ Yoast SEO plugin. -->","yoast_head_json":{"title":"Barnvagn Resesystem 3-i-1 Grafitram i Svart - F\u00f6r Baby Boss","description":"Barnvagn med resesystem 3-i-1 grafitram i svart","robots":{"index":"index","follow":"follow","max-snippet":"max-snippet:-1","max-image-preview":"max-image-preview:large","max-video-preview":"max-video-preview:-1"},"canonical":"https:\/\/forbabyboss.com\/sv\/produkt\/barnvagn-med-resesystem-3-i-1-grafitram-i-svart\/","og_locale":"sv_SE","og_type":"article","og_title":"Pushchair Baby Pram Travel System 3in1 Graphite Frame in Black - For Baby Boss","og_description":"Pushchair Baby Pram Travel System 3in1 Graphite Frame in Black","og_url":"https:\/\/forbabyboss.com\/sv\/produkt\/barnvagn-med-resesystem-3-i-1-grafitram-i-svart\/","og_site_name":"For Baby Boss","article_modified_time":"2026-02-21T15:12:34+00:00","og_image":[{"width":1000,"height":1000,"url":"https:\/\/forbabyboss.com\/wp-content\/uploads\/2022\/09\/Bebetto-New-Holland-Pushchair-Buggy-Stroller-Car-Seat-Travel-System-3in1-Graphite-Frame-03.jpg","type":"image\/jpeg"}],"twitter_card":"summary_large_image","twitter_misc":{"Ber\u00e4knad l\u00e4stid":"2 minuter"},"schema":{"@context":"https:\/\/schema.org","@graph":[{"@type":"WebPage","@id":"https:\/\/forbabyboss.com\/product\/pushchair-baby-pram-travel-system-3in1-graphite-frame-in-black\/","url":"https:\/\/forbabyboss.com\/product\/pushchair-baby-pram-travel-system-3in1-graphite-frame-in-black\/","name":"Barnvagn Resesystem 3-i-1 Grafitram i Svart - F\u00f6r Baby Boss","isPartOf":{"@id":"https:\/\/powderblue-seahorse-496884.hostingersite.com\/#website"},"primaryImageOfPage":{"@id":"https:\/\/forbabyboss.com\/product\/pushchair-baby-pram-travel-system-3in1-graphite-frame-in-black\/#primaryimage"},"image":{"@id":"https:\/\/forbabyboss.com\/product\/pushchair-baby-pram-travel-system-3in1-graphite-frame-in-black\/#primaryimage"},"thumbnailUrl":"https:\/\/forbabyboss.com\/wp-content\/uploads\/2022\/09\/Bebetto-New-Holland-Pushchair-Buggy-Stroller-Car-Seat-Travel-System-3in1-Graphite-Frame-03.jpg","datePublished":"2022-09-07T13:18:40+00:00","dateModified":"2026-02-21T15:12:34+00:00","description":"Barnvagn med resesystem 3-i-1 grafitram i svart","breadcrumb":{"@id":"https:\/\/forbabyboss.com\/product\/pushchair-baby-pram-travel-system-3in1-graphite-frame-in-black\/#breadcrumb"},"inLanguage":"sv-SE","potentialAction":[{"@type":"ReadAction","target":["https:\/\/forbabyboss.com\/product\/pushchair-baby-pram-travel-system-3in1-graphite-frame-in-black\/"]}]},{"@type":"ImageObject","inLanguage":"sv-SE","@id":"https:\/\/forbabyboss.com\/product\/pushchair-baby-pram-travel-system-3in1-graphite-frame-in-black\/#primaryimage","url":"https:\/\/forbabyboss.com\/wp-content\/uploads\/2022\/09\/Bebetto-New-Holland-Pushchair-Buggy-Stroller-Car-Seat-Travel-System-3in1-Graphite-Frame-03.jpg","contentUrl":"https:\/\/forbabyboss.com\/wp-content\/uploads\/2022\/09\/Bebetto-New-Holland-Pushchair-Buggy-Stroller-Car-Seat-Travel-System-3in1-Graphite-Frame-03.jpg","width":1000,"height":1000},{"@type":"BreadcrumbList","@id":"https:\/\/forbabyboss.com\/product\/pushchair-baby-pram-travel-system-3in1-graphite-frame-in-black\/#breadcrumb","itemListElement":[{"@type":"ListItem","position":1,"name":"Home","item":"https:\/\/forbabyboss.com\/"},{"@type":"ListItem","position":2,"name":"Shop","item":"https:\/\/forbabyboss.com\/shop\/"},{"@type":"ListItem","position":3,"name":"Pushchair Baby Pram Travel System 3in1 Graphite Frame in Black"}]},{"@type":"WebSite","@id":"https:\/\/powderblue-seahorse-496884.hostingersite.com\/#website","url":"https:\/\/powderblue-seahorse-496884.hostingersite.com\/","name":"F\u00f6r Baby Boss","description":"Vackra presenter och tillbeh\u00f6r till din babychef","potentialAction":[{"@type":"SearchAction","target":{"@type":"EntryPoint","urlTemplate":"https:\/\/powderblue-seahorse-496884.hostingersite.com\/?s={search_term_string}"},"query-input":{"@type":"PropertyValueSpecification","valueRequired":true,"valueName":"search_term_string"}}],"inLanguage":"sv-SE"}]}},"_links":{"self":[{"href":"https:\/\/forbabyboss.com\/sv\/wp-json\/wp\/v2\/product\/4120","targetHints":{"allow":["GET"]}}],"collection":[{"href":"https:\/\/forbabyboss.com\/sv\/wp-json\/wp\/v2\/product"}],"about":[{"href":"https:\/\/forbabyboss.com\/sv\/wp-json\/wp\/v2\/types\/product"}],"wp:featuredmedia":[{"embeddable":true,"href":"https:\/\/forbabyboss.com\/sv\/wp-json\/wp\/v2\/media\/4121"}],"wp:attachment":[{"href":"https:\/\/forbabyboss.com\/sv\/wp-json\/wp\/v2\/media?parent=4120"}],"wp:term":[{"taxonomy":"product_brand","embeddable":true,"href":"https:\/\/forbabyboss.com\/sv\/wp-json\/wp\/v2\/product_brand?post=4120"},{"taxonomy":"product_cat","embeddable":true,"href":"https:\/\/forbabyboss.com\/sv\/wp-json\/wp\/v2\/product_cat?post=4120"},{"taxonomy":"product_tag","embeddable":true,"href":"https:\/\/forbabyboss.com\/sv\/wp-json\/wp\/v2\/product_tag?post=4120"}],"curies":[{"name":"wp","href":"https:\/\/api.w.org\/{rel}","templated":true}]}}