{"id":4175,"date":"2022-09-07T14:49:00","date_gmt":"2022-09-07T14:49:00","guid":{"rendered":"http:\/\/forbabyboss.com\/?post_type=product&#038;p=4175"},"modified":"2026-02-21T15:16:19","modified_gmt":"2026-02-21T15:16:19","slug":"barnvagn-bebetto-travel-system-4in1-04-gra-ram","status":"publish","type":"product","link":"https:\/\/forbabyboss.com\/sv\/product\/baby-pram-pushchair-bebetto-travel-system-4in1-04-grey-frame\/","title":{"rendered":"Barnvagn Bebetto Travel System 4in1-04 Gr\u00e5 Ram"},"content":{"rendered":"<h2 style=\"text-align: justify;\" align=\"center\"><strong><span style=\"color: #e14d43;\"><span style=\"font-family: Arial;\">Luca \u2013 Elegant och funktionell\u00a0<\/span><\/span><\/strong><\/h2>\n<p style=\"text-align: justify;\" align=\"center\"><strong><span style=\"font-family: Arial;\">Luca \u00e4r ett bra bevis p\u00e5 att det \u00e4r m\u00f6jligt att kombinera multifunktionalitet med elegant design. Attraktiv kl\u00e4dsel med mjuka f\u00e4rger och m\u00e5nga detaljer tillverkade i brunt eko-l\u00e4der \u2013 det \u00e4r d\u00e4rf\u00f6r den drar blickarna till sig med sin unika design. L\u00e4tt vikt och l\u00e4tt vikbart system g\u00f6r den till ett bra val f\u00f6r den som s\u00f6ker de mest funktionella l\u00f6sningarna.<\/span><\/strong><\/p>\n<p style=\"text-align: justify;\"><strong>Tillverkad i Europa av h\u00f6gkvalitativa material, en l\u00e4tt barnvagn designad med modern stil.<\/strong><\/p>\n<h4><strong><span style=\"color: #e14d43;\">PRIS ING\u00c5R<\/span> :<\/strong><\/h4>\n<p style=\"text-align: justify;\"><strong>\u2013 Aluminiumram<\/strong><\/p>\n<p style=\"text-align: justify;\"><strong>\u2013 4 hjul<\/strong><\/p>\n<p style=\"text-align: justify;\"><strong>\u2013 Liggdel<\/strong><\/p>\n<p style=\"text-align: justify;\"><strong>\u2013 Barnvagnsskydd och madrass<\/strong><\/p>\n<p style=\"text-align: justify;\"><strong>\u2013 Regnskydd<\/strong><\/p>\n<p style=\"text-align: justify;\"><strong>\u2013 Myggn\u00e4t<\/strong><\/p>\n<p style=\"text-align: justify;\"><strong>\u2013 Modern v\u00e4ska<\/strong><\/p>\n<p style=\"text-align: justify;\"><strong>\u2013 Varukorg<\/strong><\/p>\n<p style=\"text-align: justify;\"><strong>\u2013 Muggh\u00e5llare<\/strong><\/p>\n<p style=\"text-align: justify;\"><strong>\u2013 24 m\u00e5naders garanti<\/strong><\/p>\n<p style=\"text-align: justify;\"><strong>\u2013 Barnvagn<\/strong><\/p>\n<p style=\"text-align: justify;\"><strong>\u2013 *Bilbarnstol (valfritt)<\/strong><\/p>\n<p style=\"text-align: justify;\"><strong>\u2013 *Isofix-bas (tillval)<\/strong><\/p>\n<div>\n<div><span style=\"color: #e14d43;\"><strong>Vikta passar in i utrymmet: 75x59x36cm<\/strong><\/span><\/div>\n<div><\/div>\n<div><span style=\"color: #e14d43;\"><strong>*M\u00e5tt: l\u00e4ngd, bredd, h\u00f6jd, vikt.<\/strong><\/span><\/div>\n<div><img decoding=\"async\" src=\"https:\/\/i.ebayimg.com\/images\/g\/Cq4AAOSw8w9imdUH\/s-l1600.png\" alt=\"Bild 81 - Barnvagn Bebetto Luca Resesystem 2i1 3i1 4i1 Bilbarnstol\" \/><\/div>\n<div><a href=\"http:\/\/forbabyboss.com\/wp-content\/uploads\/2022\/09\/checkout.png\"><img loading=\"lazy\" decoding=\"async\" class=\"alignnone size-full wp-image-5965\" src=\"http:\/\/forbabyboss.com\/wp-content\/uploads\/2022\/09\/checkout.png\" alt=\"\" width=\"750\" height=\"276\" srcset=\"https:\/\/forbabyboss.com\/wp-content\/uploads\/2022\/09\/checkout.png 750w, https:\/\/forbabyboss.com\/wp-content\/uploads\/2022\/09\/checkout-600x221.png 600w\" sizes=\"auto, (max-width: 750px) 100vw, 750px\" \/><\/a><\/div>\n<\/div>\n<div>\n<div><\/div>\n<\/div>","protected":false},"excerpt":{"rendered":"<p><a href=\"http:\/\/forbabyboss.com\/wp-content\/uploads\/2022\/09\/Star-Rating-5.png\"><img loading=\"lazy\" decoding=\"async\" class=\"alignnone wp-image-5973 aligncenter\" src=\"http:\/\/forbabyboss.com\/wp-content\/uploads\/2022\/09\/Star-Rating-5.png\" alt=\"\" width=\"299\" height=\"49\" \/><\/a><\/p>\n<p style=\"text-align: center;\"><span style=\"color: #e14d43; font-size: 115%;\"><strong>PRISGARANTI<\/strong><\/span><\/p>\n<p style=\"text-align: center;\"><span style=\"font-size: 115%;\"><span style=\"color: #003366;\">Fri leverans\u00a0<\/span>\u2013 2\u20137 dagar<\/span><\/p>\n<p style=\"text-align: center;\"><span style=\"color: #008000; font-size: 115%;\"><strong>Gratis g\u00e5va vid k\u00f6p \u00f6ver 100 pund<\/strong><\/span><\/p>","protected":false},"featured_media":4177,"template":"","meta":[],"product_brand":[583],"product_cat":[339,157,156,197,305,309,130,209,211],"product_tag":[163,200,199],"class_list":{"0":"post-4175","1":"product","2":"type-product","3":"status-publish","4":"has-post-thumbnail","6":"product_brand-bebetto","7":"product_cat-700-to-800","8":"product_cat-2-in-1","9":"product_cat-3-in-1","10":"product_cat-4-in-1-pram","11":"product_cat-colour","12":"product_cat-olive","13":"product_cat-prams","14":"product_cat-push-chairs","15":"product_cat-stroller","16":"product_tag-3-in-1-prams","17":"product_tag-4-in-1-pram","18":"product_tag-prams","20":"first","21":"instock","22":"sale","23":"shipping-taxable","24":"purchasable","25":"product-type-simple"},"yoast_head":"<!-- This site is optimized with the Yoast SEO plugin v27.6 - https:\/\/yoast.com\/product\/yoast-seo-wordpress\/ -->\n<title>Baby Pram Pushchair Bebetto Travel System 4in1-04 Grey Frame - For Baby Boss<\/title>\n<meta name=\"description\" content=\"Baby Pram Pushchair Bebetto Travel System 4in1-04 Grey Frame\" \/>\n<meta name=\"robots\" content=\"index, follow, max-snippet:-1, max-image-preview:large, max-video-preview:-1\" \/>\n<link rel=\"canonical\" href=\"https:\/\/forbabyboss.com\/sv\/produkt\/barnvagn-bebetto-travel-system-4in1-04-gra-ram\/\" \/>\n<meta property=\"og:locale\" content=\"sv_SE\" \/>\n<meta property=\"og:type\" content=\"article\" \/>\n<meta property=\"og:title\" content=\"Baby Pram Pushchair Bebetto Travel System 4in1-04 Grey Frame - For Baby Boss\" \/>\n<meta property=\"og:description\" content=\"Baby Pram Pushchair Bebetto Travel System 4in1-04 Grey Frame\" \/>\n<meta property=\"og:url\" content=\"https:\/\/forbabyboss.com\/sv\/produkt\/barnvagn-bebetto-travel-system-4in1-04-gra-ram\/\" \/>\n<meta property=\"og:site_name\" content=\"For Baby Boss\" \/>\n<meta property=\"article:modified_time\" content=\"2026-02-21T15:16:19+00:00\" \/>\n<meta property=\"og:image\" content=\"https:\/\/forbabyboss.com\/wp-content\/uploads\/2022\/09\/Baby-Pram-Pushchair-Bebetto-Luca-Travel-System-4in1-Car-Seat-04-Grey-Frame_main.png\" \/>\n\t<meta property=\"og:image:width\" content=\"800\" \/>\n\t<meta property=\"og:image:height\" content=\"800\" \/>\n\t<meta property=\"og:image:type\" content=\"image\/png\" \/>\n<meta name=\"twitter:card\" content=\"summary_large_image\" \/>\n<meta name=\"twitter:label1\" content=\"Ber\u00e4knad l\u00e4stid\" \/>\n\t<meta name=\"twitter:data1\" content=\"1 minut\" \/>\n<script type=\"application\/ld+json\" class=\"yoast-schema-graph\">{\"@context\":\"https:\\\/\\\/schema.org\",\"@graph\":[{\"@type\":\"WebPage\",\"@id\":\"https:\\\/\\\/forbabyboss.com\\\/product\\\/baby-pram-pushchair-bebetto-travel-system-4in1-04-grey-frame\\\/\",\"url\":\"https:\\\/\\\/forbabyboss.com\\\/product\\\/baby-pram-pushchair-bebetto-travel-system-4in1-04-grey-frame\\\/\",\"name\":\"Baby Pram Pushchair Bebetto Travel System 4in1-04 Grey Frame - For Baby Boss\",\"isPartOf\":{\"@id\":\"https:\\\/\\\/powderblue-seahorse-496884.hostingersite.com\\\/#website\"},\"primaryImageOfPage\":{\"@id\":\"https:\\\/\\\/forbabyboss.com\\\/product\\\/baby-pram-pushchair-bebetto-travel-system-4in1-04-grey-frame\\\/#primaryimage\"},\"image\":{\"@id\":\"https:\\\/\\\/forbabyboss.com\\\/product\\\/baby-pram-pushchair-bebetto-travel-system-4in1-04-grey-frame\\\/#primaryimage\"},\"thumbnailUrl\":\"https:\\\/\\\/forbabyboss.com\\\/wp-content\\\/uploads\\\/2022\\\/09\\\/Baby-Pram-Pushchair-Bebetto-Luca-Travel-System-4in1-Car-Seat-04-Grey-Frame_main.png\",\"datePublished\":\"2022-09-07T14:49:00+00:00\",\"dateModified\":\"2026-02-21T15:16:19+00:00\",\"description\":\"Baby Pram Pushchair Bebetto Travel System 4in1-04 Grey Frame\",\"breadcrumb\":{\"@id\":\"https:\\\/\\\/forbabyboss.com\\\/product\\\/baby-pram-pushchair-bebetto-travel-system-4in1-04-grey-frame\\\/#breadcrumb\"},\"inLanguage\":\"sv-SE\",\"potentialAction\":[{\"@type\":\"ReadAction\",\"target\":[\"https:\\\/\\\/forbabyboss.com\\\/product\\\/baby-pram-pushchair-bebetto-travel-system-4in1-04-grey-frame\\\/\"]}]},{\"@type\":\"ImageObject\",\"inLanguage\":\"sv-SE\",\"@id\":\"https:\\\/\\\/forbabyboss.com\\\/product\\\/baby-pram-pushchair-bebetto-travel-system-4in1-04-grey-frame\\\/#primaryimage\",\"url\":\"https:\\\/\\\/forbabyboss.com\\\/wp-content\\\/uploads\\\/2022\\\/09\\\/Baby-Pram-Pushchair-Bebetto-Luca-Travel-System-4in1-Car-Seat-04-Grey-Frame_main.png\",\"contentUrl\":\"https:\\\/\\\/forbabyboss.com\\\/wp-content\\\/uploads\\\/2022\\\/09\\\/Baby-Pram-Pushchair-Bebetto-Luca-Travel-System-4in1-Car-Seat-04-Grey-Frame_main.png\",\"width\":800,\"height\":800},{\"@type\":\"BreadcrumbList\",\"@id\":\"https:\\\/\\\/forbabyboss.com\\\/product\\\/baby-pram-pushchair-bebetto-travel-system-4in1-04-grey-frame\\\/#breadcrumb\",\"itemListElement\":[{\"@type\":\"ListItem\",\"position\":1,\"name\":\"Home\",\"item\":\"https:\\\/\\\/forbabyboss.com\\\/\"},{\"@type\":\"ListItem\",\"position\":2,\"name\":\"Shop\",\"item\":\"https:\\\/\\\/forbabyboss.com\\\/shop\\\/\"},{\"@type\":\"ListItem\",\"position\":3,\"name\":\"Baby Pram Pushchair Bebetto Travel System 4in1-04 Grey Frame\"}]},{\"@type\":\"WebSite\",\"@id\":\"https:\\\/\\\/powderblue-seahorse-496884.hostingersite.com\\\/#website\",\"url\":\"https:\\\/\\\/powderblue-seahorse-496884.hostingersite.com\\\/\",\"name\":\"For Baby Boss\",\"description\":\"Beautiful gifts and accessories for your baby boss\",\"potentialAction\":[{\"@type\":\"SearchAction\",\"target\":{\"@type\":\"EntryPoint\",\"urlTemplate\":\"https:\\\/\\\/powderblue-seahorse-496884.hostingersite.com\\\/?s={search_term_string}\"},\"query-input\":{\"@type\":\"PropertyValueSpecification\",\"valueRequired\":true,\"valueName\":\"search_term_string\"}}],\"inLanguage\":\"sv-SE\"}]}<\/script>\n<!-- \/ Yoast SEO plugin. -->","yoast_head_json":{"title":"Barnvagn Bebetto Travel System 4in1-04 Gr\u00e5 Ram - F\u00f6r Baby Boss","description":"Barnvagn Bebetto Travel System 4in1-04 Gr\u00e5 Ram","robots":{"index":"index","follow":"follow","max-snippet":"max-snippet:-1","max-image-preview":"max-image-preview:large","max-video-preview":"max-video-preview:-1"},"canonical":"https:\/\/forbabyboss.com\/sv\/produkt\/barnvagn-bebetto-travel-system-4in1-04-gra-ram\/","og_locale":"sv_SE","og_type":"article","og_title":"Baby Pram Pushchair Bebetto Travel System 4in1-04 Grey Frame - For Baby Boss","og_description":"Baby Pram Pushchair Bebetto Travel System 4in1-04 Grey Frame","og_url":"https:\/\/forbabyboss.com\/sv\/produkt\/barnvagn-bebetto-travel-system-4in1-04-gra-ram\/","og_site_name":"For Baby Boss","article_modified_time":"2026-02-21T15:16:19+00:00","og_image":[{"width":800,"height":800,"url":"https:\/\/forbabyboss.com\/wp-content\/uploads\/2022\/09\/Baby-Pram-Pushchair-Bebetto-Luca-Travel-System-4in1-Car-Seat-04-Grey-Frame_main.png","type":"image\/png"}],"twitter_card":"summary_large_image","twitter_misc":{"Ber\u00e4knad l\u00e4stid":"1 minut"},"schema":{"@context":"https:\/\/schema.org","@graph":[{"@type":"WebPage","@id":"https:\/\/forbabyboss.com\/product\/baby-pram-pushchair-bebetto-travel-system-4in1-04-grey-frame\/","url":"https:\/\/forbabyboss.com\/product\/baby-pram-pushchair-bebetto-travel-system-4in1-04-grey-frame\/","name":"Barnvagn Bebetto Travel System 4in1-04 Gr\u00e5 Ram - F\u00f6r Baby Boss","isPartOf":{"@id":"https:\/\/powderblue-seahorse-496884.hostingersite.com\/#website"},"primaryImageOfPage":{"@id":"https:\/\/forbabyboss.com\/product\/baby-pram-pushchair-bebetto-travel-system-4in1-04-grey-frame\/#primaryimage"},"image":{"@id":"https:\/\/forbabyboss.com\/product\/baby-pram-pushchair-bebetto-travel-system-4in1-04-grey-frame\/#primaryimage"},"thumbnailUrl":"https:\/\/forbabyboss.com\/wp-content\/uploads\/2022\/09\/Baby-Pram-Pushchair-Bebetto-Luca-Travel-System-4in1-Car-Seat-04-Grey-Frame_main.png","datePublished":"2022-09-07T14:49:00+00:00","dateModified":"2026-02-21T15:16:19+00:00","description":"Barnvagn Bebetto Travel System 4in1-04 Gr\u00e5 Ram","breadcrumb":{"@id":"https:\/\/forbabyboss.com\/product\/baby-pram-pushchair-bebetto-travel-system-4in1-04-grey-frame\/#breadcrumb"},"inLanguage":"sv-SE","potentialAction":[{"@type":"ReadAction","target":["https:\/\/forbabyboss.com\/product\/baby-pram-pushchair-bebetto-travel-system-4in1-04-grey-frame\/"]}]},{"@type":"ImageObject","inLanguage":"sv-SE","@id":"https:\/\/forbabyboss.com\/product\/baby-pram-pushchair-bebetto-travel-system-4in1-04-grey-frame\/#primaryimage","url":"https:\/\/forbabyboss.com\/wp-content\/uploads\/2022\/09\/Baby-Pram-Pushchair-Bebetto-Luca-Travel-System-4in1-Car-Seat-04-Grey-Frame_main.png","contentUrl":"https:\/\/forbabyboss.com\/wp-content\/uploads\/2022\/09\/Baby-Pram-Pushchair-Bebetto-Luca-Travel-System-4in1-Car-Seat-04-Grey-Frame_main.png","width":800,"height":800},{"@type":"BreadcrumbList","@id":"https:\/\/forbabyboss.com\/product\/baby-pram-pushchair-bebetto-travel-system-4in1-04-grey-frame\/#breadcrumb","itemListElement":[{"@type":"ListItem","position":1,"name":"Home","item":"https:\/\/forbabyboss.com\/"},{"@type":"ListItem","position":2,"name":"Shop","item":"https:\/\/forbabyboss.com\/shop\/"},{"@type":"ListItem","position":3,"name":"Baby Pram Pushchair Bebetto Travel System 4in1-04 Grey Frame"}]},{"@type":"WebSite","@id":"https:\/\/powderblue-seahorse-496884.hostingersite.com\/#website","url":"https:\/\/powderblue-seahorse-496884.hostingersite.com\/","name":"F\u00f6r Baby Boss","description":"Vackra presenter och tillbeh\u00f6r till din babychef","potentialAction":[{"@type":"SearchAction","target":{"@type":"EntryPoint","urlTemplate":"https:\/\/powderblue-seahorse-496884.hostingersite.com\/?s={search_term_string}"},"query-input":{"@type":"PropertyValueSpecification","valueRequired":true,"valueName":"search_term_string"}}],"inLanguage":"sv-SE"}]}},"_links":{"self":[{"href":"https:\/\/forbabyboss.com\/sv\/wp-json\/wp\/v2\/product\/4175","targetHints":{"allow":["GET"]}}],"collection":[{"href":"https:\/\/forbabyboss.com\/sv\/wp-json\/wp\/v2\/product"}],"about":[{"href":"https:\/\/forbabyboss.com\/sv\/wp-json\/wp\/v2\/types\/product"}],"wp:featuredmedia":[{"embeddable":true,"href":"https:\/\/forbabyboss.com\/sv\/wp-json\/wp\/v2\/media\/4177"}],"wp:attachment":[{"href":"https:\/\/forbabyboss.com\/sv\/wp-json\/wp\/v2\/media?parent=4175"}],"wp:term":[{"taxonomy":"product_brand","embeddable":true,"href":"https:\/\/forbabyboss.com\/sv\/wp-json\/wp\/v2\/product_brand?post=4175"},{"taxonomy":"product_cat","embeddable":true,"href":"https:\/\/forbabyboss.com\/sv\/wp-json\/wp\/v2\/product_cat?post=4175"},{"taxonomy":"product_tag","embeddable":true,"href":"https:\/\/forbabyboss.com\/sv\/wp-json\/wp\/v2\/product_tag?post=4175"}],"curies":[{"name":"wp","href":"https:\/\/api.w.org\/{rel}","templated":true}]}}