{"id":4250,"date":"2022-09-08T09:24:36","date_gmt":"2022-09-08T09:24:36","guid":{"rendered":"http:\/\/forbabyboss.com\/?post_type=product&#038;p=4250"},"modified":"2026-02-21T15:34:43","modified_gmt":"2026-02-21T15:34:43","slug":"barnvagn-premium-resesystem-4-i-1-bilbarnstol-04","status":"publish","type":"product","link":"https:\/\/forbabyboss.com\/sv\/product\/pushchair-baby-pram-premium-travel-system-4in1-car-seat-04\/","title":{"rendered":"Barnvagn Premium Resesystem 4-i-1 Bilbarnstol \u2013 04"},"content":{"rendered":"<p style=\"text-align: justify;\"><strong><span style=\"color: #282828;\">En gondol med en modern struktur finns i 3 f\u00e4rgvarianter: guld, silver och svart. Den \u00e4r l\u00e4tt och enkel att anv\u00e4nda. Design, h\u00e5llbar struktur tillverkad av aluminium med avtagbara hjul, s\u00e5 att du kan demontera vagnen helt f\u00f6r sm\u00e5 dimensioner. Ram med sidosk\u00e4rare, finns i 2 f\u00e4rger \u2013 silver-svart och guld-svart. Ett enkelt och praktiskt system f\u00f6r att f\u00e4lla ramen till den lilla storleken \u2013 till &quot;0&quot;-l\u00e4ge. 3 par st\u00f6td\u00e4mpare med justerbar fj\u00e4dring, vilket \u00f6kar komforten f\u00f6r ditt barns \u00e5ktur. Kl\u00e4dseln p\u00e5 gondolkabinen och g\u00e5stolen har stor, praktisk ventilation och en utf\u00e4llbar solsufflett. Extremt rymlig och bekv\u00e4m gondol (l\u00e4ngd 85 cm) med ett intuitivt och bekv\u00e4mt lyftsystem f\u00f6r nackst\u00f6d och ett ventilationssystem p\u00e5 undersidan.<\/span><\/strong><\/p>\n<p style=\"text-align: justify;\"><strong><span style=\"color: #282828;\"><span style=\"color: #e14d43;\">Det finns fyra alternativ, som du kan v\u00e4lja mellan<\/span>:\u00a0<\/span><\/strong><\/p>\n<p style=\"text-align: justify;\" align=\"center\"><strong><span style=\"font-family: Arial; color: #282828;\">\u2013 en snygg ram med liggdel (se andra auktioner)<\/span><\/strong><\/p>\n<p style=\"text-align: justify;\" align=\"center\"><strong><span style=\"font-family: Arial; color: #282828;\">\u2013 2-i-1-alternativ som inkluderar ram, liggdel och barnvagn<\/span><\/strong><\/p>\n<p style=\"text-align: justify;\" align=\"center\"><strong><span style=\"font-family: Arial; color: #282828;\">\u2013 3-i-1-alternativ som inkluderar ram, liggdel, barnvagn och bilbarnstol<\/span><\/strong><\/p>\n<p style=\"text-align: justify;\" align=\"center\"><strong><span style=\"color: #282828;\"><span style=\"font-family: Arial;\">\u2013\u00a0\u00a0<\/span><span style=\"font-family: Arial;\">4-i-1-alternativ som inkluderar allt ovanst\u00e5ende med en ISOFIX-bas som ger stabilitet och s\u00e4kerhet f\u00f6r ditt barn n\u00e4r du reser i bil<\/span><\/span><\/strong><\/p>\n<h3 style=\"text-align: justify;\" align=\"center\"><strong><span style=\"font-family: Arial; color: #282828;\"><span style=\"color: #e14d43;\">Produktegenskaper<\/span>:<\/span><\/strong><\/h3>\n<p style=\"text-align: justify;\" align=\"center\"><strong><span style=\"font-family: Arial; color: #282828;\">\u2013 Elegant, l\u00e4tt och h\u00e5llbar konstruktion av aluminium med utdragbara &quot;axlar&quot;, s\u00e5 att du kan demontera alla hjul helt<\/span><\/strong><\/p>\n<p style=\"text-align: justify;\" align=\"center\"><strong><span style=\"font-family: Arial; color: #282828;\">\u2013 Snygg svart ram<\/span><\/strong><\/p>\n<p style=\"text-align: justify;\" align=\"center\"><strong><span style=\"font-family: Arial; color: #282828;\">\u2013 Enkelt och praktiskt viksystem f\u00f6r sm\u00e5 storlekar \u2013 upp till position \u201c0\u201d<\/span><\/strong><\/p>\n<p style=\"text-align: justify;\" align=\"center\"><strong><span style=\"font-family: Arial; color: #282828;\">\u2013 Skumhjul (gelhjul) som \u00e4r lika mjuka som de pumpade (de kan inte punkteras), vilket ger mycket h\u00f6g \u00e5kkomfort f\u00f6r ditt barn<\/span><\/strong><\/p>\n<p style=\"text-align: justify;\" align=\"center\"><strong><span style=\"font-family: Arial; color: #282828;\">\u2013 360-graders roterande hjulsystem<\/span><\/strong><\/p>\n<p style=\"text-align: justify;\" align=\"center\"><strong><span style=\"font-family: Arial; color: #282828;\">\u2013 Anti-chocksystem<\/span><\/strong><\/p>\n<p style=\"text-align: justify;\" align=\"center\"><strong><span style=\"font-family: Arial; color: #282828;\">\u2013 Ett justerbart handtag som g\u00f6r det m\u00f6jligt att justera dess niv\u00e5 till f\u00f6r\u00e4lderns l\u00e4ngd<\/span><\/strong><\/p>\n<p style=\"text-align: justify;\" align=\"center\"><strong><span style=\"font-family: Arial; color: #282828;\">\u2013 24 m\u00e5naders garanti<\/span><\/strong><\/p>\n<p style=\"text-align: justify;\" align=\"center\"><strong><span style=\"font-family: Arial; color: #282828;\">\u2013 Bakre f\u00f6nster f\u00f6r ventilation<\/span><\/strong><\/p>\n<p style=\"text-align: justify;\" align=\"center\"><strong><span style=\"font-family: Arial; color: #282828;\">\u2013 Extremt rymlig och bekv\u00e4m liggdel (l\u00e4ngd 85 cm) med ett intuitivt och bekv\u00e4mt lyftsystem f\u00f6r nackst\u00f6det, med ventilationsfunktion i botten.<\/span><\/strong><\/p>\n<p style=\"text-align: justify;\" align=\"center\"><strong><span style=\"font-family: Arial; color: #282828;\">\u2013 Extra gummi p\u00e5 undersidan av liggdelen, vilket f\u00f6rhindrar halkskydd och skyddar mot repor<\/span><\/strong><\/p>\n<p style=\"text-align: justify;\" align=\"center\"><strong><span style=\"font-family: Arial; color: #282828;\">\u2013 5-punktssele<\/span><\/strong><\/p>\n<p style=\"text-align: justify;\" align=\"center\"><strong><span style=\"font-family: Arial; color: #282828;\">\u2013 Fram\u00e5t- och bak\u00e5tv\u00e4nt system<\/span><\/strong><\/p>\n<h3 style=\"text-align: left;\" align=\"center\"><span style=\"color: #e14d43;\"><b>Pris ing\u00e5r:<\/b><\/span><\/h3>\n<p style=\"text-align: justify;\" align=\"center\"><strong><span style=\"font-family: Arial; color: #282828;\">\u2013 Regnskydd<\/span><\/strong><\/p>\n<p style=\"text-align: justify;\" align=\"center\"><strong><span style=\"font-family: Arial; color: #282828;\">\u2013 Myggn\u00e4t<\/span><\/strong><\/p>\n<p style=\"text-align: justify;\" align=\"center\"><strong><span style=\"font-family: Arial; color: #282828;\">\u2013 mugg<\/span><\/strong><\/p>\n<p style=\"text-align: justify;\" align=\"center\"><strong><span style=\"font-family: Arial; color: #282828;\">\u2013 Varukorg<\/span><\/strong><\/p>\n<p style=\"text-align: justify;\" align=\"center\"><strong><span style=\"font-family: Arial; color: #282828;\">\u2013 V\u00e4ska<\/span><\/strong><\/p>\n<p style=\"text-align: justify;\" align=\"center\"><strong><span style=\"font-family: Arial; color: #282828;\">\u2013 Fotskydd<\/span><\/strong><\/p>\n<p style=\"text-align: justify;\" align=\"center\"><strong><span style=\"font-family: Arial; color: #282828;\">\u2013 \u00c5kp\u00e5se<\/span><\/strong><\/p>\n<p style=\"text-align: justify;\" align=\"center\"><strong><span style=\"font-family: Arial; color: #282828;\">\u2013 Handmuff<\/span><\/strong><\/p>\n<p style=\"text-align: justify;\" align=\"center\"><strong><span style=\"font-family: Arial; color: #282828;\">\u2013 Avtagbar inredning<\/span><\/strong><\/p>\n<p style=\"text-align: justify;\" align=\"center\"><strong><span style=\"font-family: Arial; color: #282828;\">\u2013 Justerbart ryggst\u00f6d<\/span><\/strong><\/p>\n<p style=\"text-align: justify;\" align=\"center\"><strong><span style=\"font-family: Arial; color: #282828;\">\u2013 4 gelhjul<\/span><\/strong><\/p>\n<p style=\"text-align: justify;\" align=\"center\"><strong><span style=\"color: #282828;\"><span style=\"font-family: Arial;\">\u2013 Bilbarnstol 0\u201313 kg (valfritt)<\/span>\u00a0<\/span><\/strong><\/p>\n<h3 style=\"text-align: justify;\" align=\"center\"><span style=\"color: #e14d43;\"><strong>ISOFIX-bas:<\/strong><\/span><\/h3>\n<p style=\"text-align: justify;\" align=\"center\"><strong><span style=\"font-family: Arial; color: #282828;\">\u2022 F\u00e4rg: Svart<\/span><\/strong><\/p>\n<p style=\"text-align: justify;\" align=\"center\"><strong><span style=\"font-family: Arial; color: #282828;\">\u2022 L\u00e4mplig fr\u00e5n f\u00f6dseln<\/span><\/strong><\/p>\n<p style=\"text-align: justify;\" align=\"center\"><strong><span style=\"font-family: Arial; color: #282828;\">\u2022 F\u00e4sts direkt p\u00e5 bilens chassi med hj\u00e4lp av fordonets ISOFIX-f\u00e4stpunkter<\/span><\/strong><\/p>\n<p style=\"text-align: justify;\" align=\"center\"><strong><span style=\"font-family: Arial; color: #282828;\">\u2022 Kan \u00e4ven f\u00e4stas med fordonets s\u00e4kerhetsb\u00e4lte<\/span><\/strong><\/p>\n<p style=\"text-align: justify;\" align=\"center\"><strong><span style=\"font-family: Arial; color: #282828;\">\u2022 L\u00e4tt att installera<\/span><\/strong><\/p>\n<p style=\"text-align: justify;\" align=\"center\"><strong><span style=\"font-family: Arial; color: #282828;\">\u2022 Tryggt och s\u00e4kert<\/span><\/strong><\/p>\n<p style=\"text-align: justify;\" align=\"center\"><strong><span style=\"font-family: Arial; color: #282828;\">\u2022 Minimerar kr\u00e5ngel<\/span><\/strong><\/p>\n<p style=\"text-align: justify;\" align=\"center\"><strong><span style=\"font-family: Arial; color: #282828;\">\u2022 Minskar risken att barnet v\u00e4cker vid f\u00f6rflyttning fr\u00e5n bil till hem<\/span><\/strong><\/p>\n<p style=\"text-align: justify;\" align=\"center\"><strong><span style=\"font-family: Arial; color: #282828;\">\u2022 St\u00f6dbenet ger ultimat stabilitet, s\u00e4kerhet och justeras enkelt f\u00f6r b\u00e4sta passform<\/span><\/strong><\/p>\n<p style=\"text-align: justify;\" align=\"center\"><strong><span style=\"font-family: Arial; color: #282828;\">\u2022 F\u00e4rgindikatorer bekr\u00e4ftar korrekt installation av basen p\u00e5 fordonet<\/span><\/strong><\/p>\n<h3 style=\"text-align: justify;\" align=\"center\"><span style=\"color: #e14d43;\"><strong><span style=\"font-size: 120%;\"><span style=\"font-family: Arial;\">M\u00c5TT<span style=\"color: #000000;\">:<\/span><\/span><\/span><\/strong><\/span><\/h3>\n<h4 style=\"text-align: justify;\" align=\"center\"><strong><span style=\"font-family: Arial; color: #282828;\"><span style=\"color: #e14d43;\">Liggdel<span style=\"color: #000000;\">:<\/span><\/span><br \/>\n\u2022 vikt \u2013 3,5 kg<br \/>\n\u2022 barnvagnens totalvikt \u2013 15 kg<br \/>\n\u2022 ram med liggdel: H.125,5 cm x B.60 cm x L.98 cm<\/span><\/strong><\/h4>\n<p><strong><span style=\"color: #282828;\"><span style=\"color: #e14d43;\">Barnvagn<\/span>:<\/span><\/strong><br \/>\n<strong><span style=\"color: #282828;\">\u2022 vikt \u2013 5,5 kg<\/span><\/strong><br \/>\n<strong><span style=\"color: #282828;\">\u2022 Sittdel: B. 36 cm x L. 84 cm<\/span><\/strong><\/p>\n<p><span style=\"color: #e14d43;\"><strong>Bilbarnstol<span style=\"color: #000000;\">:<\/span><\/strong><\/span><br \/>\n<strong><span style=\"color: #282828;\">\u2022 Vikt: 3,3 kg<\/span><\/strong><br \/>\n<strong><span style=\"color: #282828;\">\u2022 f\u00f6r barn som v\u00e4ger 0\u201313 kg<\/span><\/strong><\/p>\n<p><span style=\"color: #e14d43;\"><strong>Ram<span style=\"color: #000000;\">:<\/span><\/strong><\/span><br \/>\n<strong><span style=\"color: #282828;\">\u2022 vikt \u2013 6 kg<\/span><\/strong><br \/>\n<strong><span style=\"color: #282828;\">\u2022 \u00f6ppen 98 x 60 x 125,5 cm<\/span><\/strong><br \/>\n<strong><span style=\"color: #282828;\">\u2022 st\u00e4ngd 82,5 x 40,5 cm<\/span><\/strong><\/p>\n<p><a href=\"http:\/\/forbabyboss.com\/wp-content\/uploads\/2022\/09\/checkout.png\"><img loading=\"lazy\" decoding=\"async\" class=\"alignnone size-full wp-image-5965\" src=\"http:\/\/forbabyboss.com\/wp-content\/uploads\/2022\/09\/checkout.png\" alt=\"\" width=\"750\" height=\"276\" srcset=\"https:\/\/forbabyboss.com\/wp-content\/uploads\/2022\/09\/checkout.png 750w, https:\/\/forbabyboss.com\/wp-content\/uploads\/2022\/09\/checkout-600x221.png 600w\" sizes=\"auto, (max-width: 750px) 100vw, 750px\" \/><\/a><\/p>","protected":false},"excerpt":{"rendered":"<p><a href=\"http:\/\/forbabyboss.com\/wp-content\/uploads\/2022\/09\/Star-Rating-5.png\"><img loading=\"lazy\" decoding=\"async\" class=\"alignnone wp-image-5973 aligncenter\" src=\"http:\/\/forbabyboss.com\/wp-content\/uploads\/2022\/09\/Star-Rating-5.png\" alt=\"\" width=\"299\" height=\"49\" \/><\/a><\/p>\n<p style=\"text-align: center;\"><span style=\"color: #e14d43; font-size: 115%;\"><strong>PRISGARANTI<\/strong><\/span><\/p>\n<p style=\"text-align: center;\"><span style=\"font-size: 115%;\"><span style=\"color: #003366;\">Fri leverans\u00a0<\/span>\u2013 2\u20137 dagar<\/span><\/p>\n<p style=\"text-align: center;\"><span style=\"color: #008000; font-size: 115%;\"><strong>Gratis g\u00e5va vid k\u00f6p \u00f6ver 100 pund<\/strong><\/span><\/p>","protected":false},"featured_media":4284,"template":"","meta":[],"product_brand":[577],"product_cat":[340,156,197,207,305,130,209,211],"product_tag":[163,200,199],"class_list":{"0":"post-4250","1":"product","2":"type-product","3":"status-publish","4":"has-post-thumbnail","6":"product_brand-kunert","7":"product_cat-800-to-900","8":"product_cat-3-in-1","9":"product_cat-4-in-1-pram","10":"product_cat-black","11":"product_cat-colour","12":"product_cat-prams","13":"product_cat-push-chairs","14":"product_cat-stroller","15":"product_tag-3-in-1-prams","16":"product_tag-4-in-1-pram","17":"product_tag-prams","19":"first","20":"instock","21":"sale","22":"shipping-taxable","23":"purchasable","24":"product-type-simple"},"yoast_head":"<!-- This site is optimized with the Yoast SEO plugin v27.6 - https:\/\/yoast.com\/product\/yoast-seo-wordpress\/ -->\n<title>Pushchair Baby Pram Premium Travel System 4in1 Car Seat - 04 - For Baby Boss<\/title>\n<meta name=\"description\" content=\"Pushchair Baby Pram Premium Travel System 4in1 Car Seat - 04\" \/>\n<meta name=\"robots\" content=\"index, follow, max-snippet:-1, max-image-preview:large, max-video-preview:-1\" \/>\n<link rel=\"canonical\" href=\"https:\/\/forbabyboss.com\/sv\/produkt\/barnvagn-premium-resesystem-4-i-1-bilbarnstol-04\/\" \/>\n<meta property=\"og:locale\" content=\"sv_SE\" \/>\n<meta property=\"og:type\" content=\"article\" \/>\n<meta property=\"og:title\" content=\"Pushchair Baby Pram Premium Travel System 4in1 Car Seat - 04 - For Baby Boss\" \/>\n<meta property=\"og:description\" content=\"Pushchair Baby Pram Premium Travel System 4in1 Car Seat - 04\" \/>\n<meta property=\"og:url\" content=\"https:\/\/forbabyboss.com\/sv\/produkt\/barnvagn-premium-resesystem-4-i-1-bilbarnstol-04\/\" \/>\n<meta property=\"og:site_name\" content=\"For Baby Boss\" \/>\n<meta property=\"article:modified_time\" content=\"2026-02-21T15:34:43+00:00\" \/>\n<meta property=\"og:image\" content=\"https:\/\/forbabyboss.com\/wp-content\/uploads\/2022\/09\/Baby-Pram-Pushchair-Paradise-Euforia-Premium-Travel-System-4in1-Car-Seat-04.jpg\" \/>\n\t<meta property=\"og:image:width\" content=\"1020\" \/>\n\t<meta property=\"og:image:height\" content=\"1093\" \/>\n\t<meta property=\"og:image:type\" content=\"image\/jpeg\" \/>\n<meta name=\"twitter:card\" content=\"summary_large_image\" \/>\n<meta name=\"twitter:label1\" content=\"Ber\u00e4knad l\u00e4stid\" \/>\n\t<meta name=\"twitter:data1\" content=\"3 minuter\" \/>\n<script type=\"application\/ld+json\" class=\"yoast-schema-graph\">{\"@context\":\"https:\\\/\\\/schema.org\",\"@graph\":[{\"@type\":\"WebPage\",\"@id\":\"https:\\\/\\\/forbabyboss.com\\\/product\\\/pushchair-baby-pram-premium-travel-system-4in1-car-seat-04\\\/\",\"url\":\"https:\\\/\\\/forbabyboss.com\\\/product\\\/pushchair-baby-pram-premium-travel-system-4in1-car-seat-04\\\/\",\"name\":\"Pushchair Baby Pram Premium Travel System 4in1 Car Seat - 04 - For Baby Boss\",\"isPartOf\":{\"@id\":\"https:\\\/\\\/powderblue-seahorse-496884.hostingersite.com\\\/#website\"},\"primaryImageOfPage\":{\"@id\":\"https:\\\/\\\/forbabyboss.com\\\/product\\\/pushchair-baby-pram-premium-travel-system-4in1-car-seat-04\\\/#primaryimage\"},\"image\":{\"@id\":\"https:\\\/\\\/forbabyboss.com\\\/product\\\/pushchair-baby-pram-premium-travel-system-4in1-car-seat-04\\\/#primaryimage\"},\"thumbnailUrl\":\"https:\\\/\\\/forbabyboss.com\\\/wp-content\\\/uploads\\\/2022\\\/09\\\/Baby-Pram-Pushchair-Paradise-Euforia-Premium-Travel-System-4in1-Car-Seat-04.jpg\",\"datePublished\":\"2022-09-08T09:24:36+00:00\",\"dateModified\":\"2026-02-21T15:34:43+00:00\",\"description\":\"Pushchair Baby Pram Premium Travel System 4in1 Car Seat - 04\",\"breadcrumb\":{\"@id\":\"https:\\\/\\\/forbabyboss.com\\\/product\\\/pushchair-baby-pram-premium-travel-system-4in1-car-seat-04\\\/#breadcrumb\"},\"inLanguage\":\"sv-SE\",\"potentialAction\":[{\"@type\":\"ReadAction\",\"target\":[\"https:\\\/\\\/forbabyboss.com\\\/product\\\/pushchair-baby-pram-premium-travel-system-4in1-car-seat-04\\\/\"]}]},{\"@type\":\"ImageObject\",\"inLanguage\":\"sv-SE\",\"@id\":\"https:\\\/\\\/forbabyboss.com\\\/product\\\/pushchair-baby-pram-premium-travel-system-4in1-car-seat-04\\\/#primaryimage\",\"url\":\"https:\\\/\\\/forbabyboss.com\\\/wp-content\\\/uploads\\\/2022\\\/09\\\/Baby-Pram-Pushchair-Paradise-Euforia-Premium-Travel-System-4in1-Car-Seat-04.jpg\",\"contentUrl\":\"https:\\\/\\\/forbabyboss.com\\\/wp-content\\\/uploads\\\/2022\\\/09\\\/Baby-Pram-Pushchair-Paradise-Euforia-Premium-Travel-System-4in1-Car-Seat-04.jpg\",\"width\":1020,\"height\":1093},{\"@type\":\"BreadcrumbList\",\"@id\":\"https:\\\/\\\/forbabyboss.com\\\/product\\\/pushchair-baby-pram-premium-travel-system-4in1-car-seat-04\\\/#breadcrumb\",\"itemListElement\":[{\"@type\":\"ListItem\",\"position\":1,\"name\":\"Home\",\"item\":\"https:\\\/\\\/forbabyboss.com\\\/\"},{\"@type\":\"ListItem\",\"position\":2,\"name\":\"Shop\",\"item\":\"https:\\\/\\\/forbabyboss.com\\\/shop\\\/\"},{\"@type\":\"ListItem\",\"position\":3,\"name\":\"Pushchair Baby Pram Premium Travel System 4in1 Car Seat &#8211; 04\"}]},{\"@type\":\"WebSite\",\"@id\":\"https:\\\/\\\/powderblue-seahorse-496884.hostingersite.com\\\/#website\",\"url\":\"https:\\\/\\\/powderblue-seahorse-496884.hostingersite.com\\\/\",\"name\":\"For Baby Boss\",\"description\":\"Beautiful gifts and accessories for your baby boss\",\"potentialAction\":[{\"@type\":\"SearchAction\",\"target\":{\"@type\":\"EntryPoint\",\"urlTemplate\":\"https:\\\/\\\/powderblue-seahorse-496884.hostingersite.com\\\/?s={search_term_string}\"},\"query-input\":{\"@type\":\"PropertyValueSpecification\",\"valueRequired\":true,\"valueName\":\"search_term_string\"}}],\"inLanguage\":\"sv-SE\"}]}<\/script>\n<!-- \/ Yoast SEO plugin. -->","yoast_head_json":{"title":"Barnvagn Premium Resesystem 4-i-1 Bilbarnstol - 04 - F\u00f6r Baby Boss","description":"Barnvagn Premium Resesystem 4-i-1 Bilbarnstol - 04","robots":{"index":"index","follow":"follow","max-snippet":"max-snippet:-1","max-image-preview":"max-image-preview:large","max-video-preview":"max-video-preview:-1"},"canonical":"https:\/\/forbabyboss.com\/sv\/produkt\/barnvagn-premium-resesystem-4-i-1-bilbarnstol-04\/","og_locale":"sv_SE","og_type":"article","og_title":"Pushchair Baby Pram Premium Travel System 4in1 Car Seat - 04 - For Baby Boss","og_description":"Pushchair Baby Pram Premium Travel System 4in1 Car Seat - 04","og_url":"https:\/\/forbabyboss.com\/sv\/produkt\/barnvagn-premium-resesystem-4-i-1-bilbarnstol-04\/","og_site_name":"For Baby Boss","article_modified_time":"2026-02-21T15:34:43+00:00","og_image":[{"width":1020,"height":1093,"url":"https:\/\/forbabyboss.com\/wp-content\/uploads\/2022\/09\/Baby-Pram-Pushchair-Paradise-Euforia-Premium-Travel-System-4in1-Car-Seat-04.jpg","type":"image\/jpeg"}],"twitter_card":"summary_large_image","twitter_misc":{"Ber\u00e4knad l\u00e4stid":"3 minuter"},"schema":{"@context":"https:\/\/schema.org","@graph":[{"@type":"WebPage","@id":"https:\/\/forbabyboss.com\/product\/pushchair-baby-pram-premium-travel-system-4in1-car-seat-04\/","url":"https:\/\/forbabyboss.com\/product\/pushchair-baby-pram-premium-travel-system-4in1-car-seat-04\/","name":"Barnvagn Premium Resesystem 4-i-1 Bilbarnstol - 04 - F\u00f6r Baby Boss","isPartOf":{"@id":"https:\/\/powderblue-seahorse-496884.hostingersite.com\/#website"},"primaryImageOfPage":{"@id":"https:\/\/forbabyboss.com\/product\/pushchair-baby-pram-premium-travel-system-4in1-car-seat-04\/#primaryimage"},"image":{"@id":"https:\/\/forbabyboss.com\/product\/pushchair-baby-pram-premium-travel-system-4in1-car-seat-04\/#primaryimage"},"thumbnailUrl":"https:\/\/forbabyboss.com\/wp-content\/uploads\/2022\/09\/Baby-Pram-Pushchair-Paradise-Euforia-Premium-Travel-System-4in1-Car-Seat-04.jpg","datePublished":"2022-09-08T09:24:36+00:00","dateModified":"2026-02-21T15:34:43+00:00","description":"Barnvagn Premium Resesystem 4-i-1 Bilbarnstol - 04","breadcrumb":{"@id":"https:\/\/forbabyboss.com\/product\/pushchair-baby-pram-premium-travel-system-4in1-car-seat-04\/#breadcrumb"},"inLanguage":"sv-SE","potentialAction":[{"@type":"ReadAction","target":["https:\/\/forbabyboss.com\/product\/pushchair-baby-pram-premium-travel-system-4in1-car-seat-04\/"]}]},{"@type":"ImageObject","inLanguage":"sv-SE","@id":"https:\/\/forbabyboss.com\/product\/pushchair-baby-pram-premium-travel-system-4in1-car-seat-04\/#primaryimage","url":"https:\/\/forbabyboss.com\/wp-content\/uploads\/2022\/09\/Baby-Pram-Pushchair-Paradise-Euforia-Premium-Travel-System-4in1-Car-Seat-04.jpg","contentUrl":"https:\/\/forbabyboss.com\/wp-content\/uploads\/2022\/09\/Baby-Pram-Pushchair-Paradise-Euforia-Premium-Travel-System-4in1-Car-Seat-04.jpg","width":1020,"height":1093},{"@type":"BreadcrumbList","@id":"https:\/\/forbabyboss.com\/product\/pushchair-baby-pram-premium-travel-system-4in1-car-seat-04\/#breadcrumb","itemListElement":[{"@type":"ListItem","position":1,"name":"Home","item":"https:\/\/forbabyboss.com\/"},{"@type":"ListItem","position":2,"name":"Shop","item":"https:\/\/forbabyboss.com\/shop\/"},{"@type":"ListItem","position":3,"name":"Pushchair Baby Pram Premium Travel System 4in1 Car Seat &#8211; 04"}]},{"@type":"WebSite","@id":"https:\/\/powderblue-seahorse-496884.hostingersite.com\/#website","url":"https:\/\/powderblue-seahorse-496884.hostingersite.com\/","name":"F\u00f6r Baby Boss","description":"Vackra presenter och tillbeh\u00f6r till din babychef","potentialAction":[{"@type":"SearchAction","target":{"@type":"EntryPoint","urlTemplate":"https:\/\/powderblue-seahorse-496884.hostingersite.com\/?s={search_term_string}"},"query-input":{"@type":"PropertyValueSpecification","valueRequired":true,"valueName":"search_term_string"}}],"inLanguage":"sv-SE"}]}},"_links":{"self":[{"href":"https:\/\/forbabyboss.com\/sv\/wp-json\/wp\/v2\/product\/4250","targetHints":{"allow":["GET"]}}],"collection":[{"href":"https:\/\/forbabyboss.com\/sv\/wp-json\/wp\/v2\/product"}],"about":[{"href":"https:\/\/forbabyboss.com\/sv\/wp-json\/wp\/v2\/types\/product"}],"wp:featuredmedia":[{"embeddable":true,"href":"https:\/\/forbabyboss.com\/sv\/wp-json\/wp\/v2\/media\/4284"}],"wp:attachment":[{"href":"https:\/\/forbabyboss.com\/sv\/wp-json\/wp\/v2\/media?parent=4250"}],"wp:term":[{"taxonomy":"product_brand","embeddable":true,"href":"https:\/\/forbabyboss.com\/sv\/wp-json\/wp\/v2\/product_brand?post=4250"},{"taxonomy":"product_cat","embeddable":true,"href":"https:\/\/forbabyboss.com\/sv\/wp-json\/wp\/v2\/product_cat?post=4250"},{"taxonomy":"product_tag","embeddable":true,"href":"https:\/\/forbabyboss.com\/sv\/wp-json\/wp\/v2\/product_tag?post=4250"}],"curies":[{"name":"wp","href":"https:\/\/api.w.org\/{rel}","templated":true}]}}