{"id":4359,"date":"2022-09-08T12:00:36","date_gmt":"2022-09-08T12:00:36","guid":{"rendered":"http:\/\/forbabyboss.com\/?post_type=product&#038;p=4359"},"modified":"2026-02-21T15:54:01","modified_gmt":"2026-02-21T15:54:01","slug":"ideal-2020-barnvagnssystem-4-i-1-ido8","status":"publish","type":"product","link":"https:\/\/forbabyboss.com\/sv\/product\/ideal-2020-pushchair-travel-system-4in1-ido8\/","title":{"rendered":"IDEAL 2020 Barnvagnssystem 4-i-1 - IDO8"},"content":{"rendered":"<p style=\"text-align: justify;\" align=\"center\"><span style=\"color: #282828;\"><strong><span style=\"font-size: medium;\">IDEAL 2020 \u00e4r ett modernt multifunktionellt resesystem f\u00f6r barnvagnar, utformat f\u00f6r f\u00f6r\u00e4ldrar som s\u00f6ker en produkt som ska anv\u00e4ndas under en l\u00e4ngre tid. Beroende p\u00e5 barnets behov och \u00e5lder fungerar IDEAL 2020 som en barnvagn eller sittvagn. Utformad f\u00f6r att transportera ditt barn bekv\u00e4mt fr\u00e5n f\u00f6dseln till 3 \u00e5r eller 0-15 kg.<\/span><\/strong><\/span><\/p>\n<p style=\"text-align: justify;\" align=\"center\"><span style=\"color: #282828;\"><strong><span style=\"font-size: medium;\">Tillverkad i Europa av h\u00f6gkvalitativa material, l\u00e4tt aluminiumram, designad med modern stil.<\/span><span style=\"font-size: medium;\"><br \/>\n<\/span><\/strong><\/span><\/p>\n<div style=\"text-align: justify;\" align=\"center\">\n<p><span style=\"color: #282828;\"><strong><span style=\"font-size: medium;\">Europeiskt godk\u00e4nnande EN 1888:2012<\/span><\/strong><\/span><\/p>\n<p><span style=\"color: #282828;\"><strong><span style=\"font-size: medium;\">L\u00e4ttviktsram i aluminium med justerbar st\u00f6td\u00e4mpare g\u00f6r den mycket enkel att k\u00f6ra.<\/span><\/strong><\/span><\/p>\n<p><span style=\"color: #282828;\"><strong><span style=\"font-size: medium;\">Barnvagnens kl\u00e4dsel \u00e4r tillverkad av impregnerade material av h\u00f6gsta kvalitet, barnv\u00e4nlig. Materialen bleknar inte, \u00e4r vattent\u00e4ta och ger en idealisk lufttemperatur beroende p\u00e5 v\u00e4derf\u00f6rh\u00e5llanden. Avtagbara inredningar och \u00f6verdrag \u00e4r fyllda med allergiv\u00e4nlig bomull.<\/span><\/strong><\/span><\/p>\n<\/div>\n<p style=\"text-align: justify;\" align=\"center\"><span style=\"color: #282828;\"><strong><span style=\"font-size: medium;\"><span style=\"color: #e14d43;\">Produktegenskaper<\/span>:<br \/>\n<\/span><\/strong><\/span><\/p>\n<ul>\n<li style=\"text-align: justify;\"><span style=\"color: #282828;\"><strong><span style=\"font-size: medium;\">2-i-1- eller 3-i-1-resesystem<br \/>\n<\/span><\/strong><\/span><\/li>\n<li style=\"text-align: justify;\"><span style=\"color: #282828;\"><strong><span style=\"font-size: medium;\">Solid l\u00e4ttviktsram i VIT aluminium<\/span><\/strong><\/span><\/li>\n<li style=\"text-align: justify;\"><span style=\"color: #282828;\"><strong><span style=\"font-size: medium;\">L\u00e4tt att f\u00e4lla ut, liten n\u00e4r den \u00e4r hopf\u00e4lld<\/span><\/strong><\/span><\/li>\n<\/ul>\n<p style=\"text-align: justify;\" align=\"center\"><span style=\"color: #282828;\"><strong><span style=\"font-size: medium;\"><span style=\"color: #e14d43;\">Pram<\/span>:<br \/>\n<\/span><\/strong><\/span><\/p>\n<div style=\"text-align: justify;\" align=\"center\">\n<p><span style=\"color: #282828;\"><strong><span style=\"font-size: medium;\">Justerbar huva \/ Lyxigt foder i konstl\u00e4der \/ Justerbart b\u00e4rhandtag<\/span><\/strong><\/span><\/p>\n<p><span style=\"color: #282828;\"><strong><span style=\"font-size: medium;\">Insidan \u00e4r tillverkad av barnv\u00e4nlig h\u00f6gkvalitativ bomull och mocka, som andas<\/span><\/strong><\/span><\/p>\n<p><span style=\"color: #282828;\"><strong><span style=\"font-size: medium;\">L\u00e5sbara, sv\u00e4ngbara 360\u00b0, skum-\/gelhjul, framhjulen med lager,<\/span><\/strong><\/span><\/p>\n<p><span style=\"color: #282828;\"><strong><span style=\"font-size: medium;\">centralbroms &quot;stopp och k\u00f6r&quot;;<\/span><\/strong><\/span><\/p>\n<p><span style=\"color: #282828;\"><strong><span style=\"font-size: medium;\">Utdragbar sufflett f\u00f6r b\u00e4ttre skuggskydd i sittdelen;<\/span><\/strong><\/span><\/p>\n<p><span style=\"color: #282828;\"><strong><span style=\"font-size: medium;\">liggdel utrustad med 3-punkts justerbart ryggst\u00f6d<\/span><\/strong><\/span><\/p>\n<p><span style=\"color: #282828;\"><strong><span style=\"font-size: medium;\">ventilerad liggdel och sitthuva;<\/span><\/strong><\/span><\/p>\n<p><span style=\"color: #282828;\"><strong><span style=\"font-size: medium;\">3-punkts justerbart handtag t\u00e4ckt med ekol\u00e4der;<\/span><\/strong><\/span><\/p>\n<p><span style=\"color: #282828;\"><strong><span style=\"font-size: medium;\">fram\u00e5t- och bak\u00e5tv\u00e4nt system,<\/span><\/strong><\/span><\/p>\n<p><span style=\"color: #282828;\"><strong><span style=\"font-size: medium;\">F\u00f6r\u00e4ldrapanel runtom med myggn\u00e4t<\/span><\/strong><\/span><\/p>\n<\/div>\n<div style=\"text-align: justify;\" align=\"center\">\n<p><span style=\"color: #282828;\"><strong><span style=\"font-size: medium;\"><span style=\"color: #e14d43;\">Barnvagn<\/span>:<\/span><\/strong><\/span><\/p>\n<p><span style=\"color: #282828;\"><strong>Utrustad med justerbart fotst\u00f6d och ryggst\u00f6d;<\/strong><\/span><\/p>\n<p><span style=\"color: #282828;\"><strong>Justerbar till helt liggande l\u00e4ge,<\/strong><\/span><\/p>\n<p><span style=\"color: #282828;\"><strong>Flera lutningsl\u00e4gen<\/strong><\/span><\/p>\n<p><span style=\"color: #282828;\"><strong>V\u00e4ndbar sittdel f\u00f6r f\u00f6r\u00e4ldravyl\u00e4ge<\/strong><\/span><\/p>\n<p><span style=\"color: #282828;\"><strong>Fempunktssele<\/strong><\/span><\/p>\n<p><span style=\"color: #282828;\"><strong>Avtagbar st\u00f6tf\u00e5ngarb\u00e5ge<\/strong><\/span><\/p>\n<p><span style=\"color: #282828;\"><strong>\u00c5kp\u00e5se ing\u00e5r<\/strong><\/span><\/p>\n<\/div>\n<div style=\"text-align: justify;\" align=\"center\"><span style=\"color: #282828;\"><strong><span style=\"font-size: medium;\"><span style=\"color: #e14d43;\">Bekv\u00e4m bilbarnstol<\/span>:<\/span><\/strong><\/span><\/div>\n<div style=\"text-align: justify;\" align=\"center\">\n<p><span style=\"color: #282828;\"><strong><span style=\"font-size: medium;\">Grupp 0-13 kg:<\/span><\/strong><\/span><\/p>\n<p><span style=\"color: #282828;\"><strong>Europeiskt godk\u00e4nnande ECE R44\/04<\/strong><\/span><\/p>\n<p><span style=\"color: #282828;\"><strong>Monteras p\u00e5 rambasen med adaptrar<\/strong><\/span><\/p>\n<p><span style=\"color: #282828;\"><strong>3-punktssele<\/strong><\/span><\/p>\n<p><span style=\"color: #282828;\"><strong>Extra b\u00e4dd f\u00f6r nyf\u00f6dd bebis<\/strong><\/span><\/p>\n<p><span style=\"color: #282828;\"><strong>bils\u00e4tes\u00f6verdrag<\/strong><\/span><\/p>\n<p><span style=\"color: #282828;\"><strong>Justerbart handtag f\u00f6r b\u00e4rning<\/strong><\/span><\/p>\n<p><span style=\"color: #282828;\"><strong>Avtagbar huva<\/strong><\/span><\/p>\n<p><span style=\"color: #282828;\"><strong>H\u00f6jdjusterbara s\u00e4kerhetsb\u00e4lten<\/strong><\/span><\/p>\n<p><span style=\"color: #282828;\"><strong>Fram\u00e5t- eller bak\u00e5tv\u00e4nt l\u00e4ge<\/strong><\/span><\/p>\n<p><span style=\"color: #282828;\"><strong>Utrustad med ISOFIX*<\/strong><\/span><\/p>\n<p><span style=\"color: #282828;\"><strong>*ISOFIX-BAS \u2013 valfritt<\/strong><\/span><\/p>\n<p><span style=\"color: #282828;\"><strong><span style=\"color: #e14d43;\">ISOFIX-bas<\/span>*<\/strong><\/span><\/p>\n<p><span style=\"color: #282828;\"><strong>F\u00e4rg: Svart\/Gr\u00e5<\/strong><\/span><\/p>\n<p><span style=\"color: #282828;\"><strong>L\u00e4mplig fr\u00e5n f\u00f6dseln<\/strong><\/span><\/p>\n<p><span style=\"color: #282828;\"><strong>F\u00e4sts direkt p\u00e5 bilens chassi med hj\u00e4lp av fordonets ISOFIX-f\u00e4stpunkter<\/strong><\/span><\/p>\n<p><span style=\"color: #282828;\"><strong>Kan \u00e4ven f\u00e4stas med bilens s\u00e4kerhetsb\u00e4lte<\/strong><\/span><\/p>\n<p><span style=\"color: #282828;\"><strong>Kompatibel med bilbarnstolarna<\/strong><\/span><\/p>\n<p><span style=\"color: #282828;\"><strong>L\u00e4tt att installera<\/strong><\/span><\/p>\n<p><span style=\"color: #282828;\"><strong>Tryggt och s\u00e4kert<\/strong><\/span><\/p>\n<p><span style=\"color: #282828;\"><strong>Minimerar kr\u00e5ngel<\/strong><\/span><\/p>\n<p><span style=\"color: #282828;\"><strong>Minskar risken att v\u00e4cka barnet vid f\u00f6rflyttning fr\u00e5n bil till hem<\/strong><\/span><\/p>\n<p><span style=\"color: #282828;\"><strong>St\u00f6dbenet ger ultimat stabilitet, s\u00e4kerhet och justeras enkelt f\u00f6r b\u00e4sta passform<\/strong><\/span><\/p>\n<p><span style=\"color: #282828;\"><strong>F\u00e4rgindikatorer bekr\u00e4ftar korrekt installation av basen p\u00e5 fordonet<\/strong><\/span><\/p>\n<\/div>\n<div style=\"text-align: justify;\" align=\"center\">\n<p style=\"text-align: left;\" align=\"center\"><span style=\"color: #282828;\"><strong><span style=\"font-size: medium;\"><span style=\"font-size: large;\"><span style=\"color: #e14d43;\">Pris ing\u00e5r<\/span>:<\/span><br \/>\n<\/span><\/strong><\/span><\/p>\n<div style=\"text-align: left;\" align=\"center\">\n<p><span style=\"color: #282828; font-size: 100%;\"><strong>Solid ram + 4 skum-\/gelhjul (gummik\u00e4rna)<\/strong><\/span><\/p>\n<p><span style=\"color: #282828; font-size: 100%;\"><strong>Liggdel<\/strong><\/span><\/p>\n<p><span style=\"color: #282828; font-size: 100%;\"><strong>Barnvagn<\/strong><\/span><\/p>\n<p><span style=\"color: #282828; font-size: 100%;\"><strong>\u00d6verdrag och madrass<\/strong><\/span><\/p>\n<p><span style=\"color: #282828; font-size: 100%;\"><strong>Fotskydd \u2013 \u00c5kp\u00e5se<\/strong><\/span><\/p>\n<p><span style=\"color: #282828; font-size: 100%;\"><strong>Bilbarnstol (3-i-1-alternativ)<\/strong><\/span><\/p>\n<p><span style=\"color: #282828; font-size: 100%;\"><strong>\u00a0Avtagbar sufflett och \u00f6verdrag f\u00f6r bilbarnstolen (3-i-1-alternativ)<\/strong><\/span><\/p>\n<p><span style=\"color: #282828; font-size: 100%;\"><strong>Avtagbar st\u00f6tf\u00e5ngarb\u00e5ge<\/strong><\/span><\/p>\n<p><span style=\"color: #282828; font-size: 100%;\"><strong>Regnskydd<\/strong><\/span><\/p>\n<p><span style=\"color: #282828; font-size: 100%;\"><strong>Myggn\u00e4t<\/strong><\/span><\/p>\n<p><span style=\"color: #282828; font-size: 100%;\"><strong>V\u00e4ska f\u00f6r tillbeh\u00f6r med sk\u00f6tb\u00e4dd och axelrem<\/strong><\/span><\/p>\n<p><span style=\"color: #282828; font-size: 100%;\"><strong>Kundkorg<\/strong><\/span><\/p>\n<p><span style=\"color: #282828; font-size: 100%;\"><strong>Isofix-bas (tillval)<\/strong><\/span><\/p>\n<p><span style=\"color: #282828; font-size: 100%;\"><strong>24 m\u00e5naders garanti<\/strong><\/span><\/p>\n<\/div>\n<h3 style=\"text-align: left;\" align=\"center\"><span style=\"color: #e14d43;\"><strong>M\u00e5tt<\/strong><\/span><\/h3>\n<div style=\"text-align: left;\" align=\"center\">\n<p><span style=\"color: #282828;\"><strong><span style=\"font-size: medium;\"><span style=\"color: #e14d43;\">Liggdel<\/span><br \/>\n\u2013 vikt \u2013 3,5 kg<br \/>\n\u2013 barnvagnens totalvikt \u2013 12 kg<br \/>\n\u2013 rambas med liggdel: H.126 cm x B. 59,5 cm x L. 100 cm<br \/>\n\u2013 Innerm\u00e5tt: B. 35 cm x L. 85 cm x D. 24 cm<br \/>\n<\/span><\/strong><\/span><\/p>\n<p><span style=\"color: #282828;\"><strong><span style=\"font-size: medium;\"><span style=\"color: #e14d43;\">Barnvagn:<\/span><br \/>\n\u2013 ram med hjul: 13,0 kg<br \/>\n\u2013 Sk\u00e4renhet: B. 34 cm x L. 50 cm x D. 25 cm<br \/>\n<\/span><\/strong><\/span><\/p>\n<p><span style=\"color: #282828;\"><strong><span style=\"font-size: medium;\"><span style=\"color: #e14d43;\">Bilbarnstol<\/span><br \/>\nVikt: 2,5 kg<br \/>\n\u2013 bilbarnstol med ram och hjul: 11,0 kg<br \/>\n\u2013 ram med bilbarnstol: H. 108 cm x B. 63 cm x L. 84 cm<br \/>\n<\/span><\/strong><\/span><\/p>\n<p><span style=\"color: #282828;\"><strong><span style=\"font-size: medium;\"><span style=\"color: #e14d43;\">Ram<\/span><br \/>\n\u2013 ram med hjul: 8,5 kg<br \/>\n\u2013 Hjulens diameter: fram 25 cm, bak 30 cm<\/span><\/strong><\/span><\/p>\n<\/div>\n<\/div>\n<p>&nbsp;<\/p>\n<p><a href=\"http:\/\/forbabyboss.com\/wp-content\/uploads\/2022\/09\/checkout.png\"><img loading=\"lazy\" decoding=\"async\" class=\"alignnone size-full wp-image-5965\" src=\"http:\/\/forbabyboss.com\/wp-content\/uploads\/2022\/09\/checkout.png\" alt=\"\" width=\"750\" height=\"276\" srcset=\"https:\/\/forbabyboss.com\/wp-content\/uploads\/2022\/09\/checkout.png 750w, https:\/\/forbabyboss.com\/wp-content\/uploads\/2022\/09\/checkout-600x221.png 600w\" sizes=\"auto, (max-width: 750px) 100vw, 750px\" \/><\/a><\/p>","protected":false},"excerpt":{"rendered":"<p><a href=\"http:\/\/forbabyboss.com\/wp-content\/uploads\/2022\/09\/Star-Rating-5.png\"><img loading=\"lazy\" decoding=\"async\" class=\"alignnone wp-image-5973 aligncenter\" src=\"http:\/\/forbabyboss.com\/wp-content\/uploads\/2022\/09\/Star-Rating-5.png\" alt=\"\" width=\"299\" height=\"49\" \/><\/a><\/p>\n<p style=\"text-align: center;\"><span style=\"color: #e14d43; font-size: 115%;\"><strong>PRISGARANTI<\/strong><\/span><\/p>\n<p style=\"text-align: center;\"><span style=\"font-size: 115%;\"><span style=\"color: #003366;\">Fri leverans\u00a0<\/span>\u2013 2\u20137 dagar<\/span><\/p>\n<p style=\"text-align: center;\"><span style=\"color: #008000; font-size: 115%;\"><strong>Gratis g\u00e5va vid k\u00f6p \u00f6ver 100 pund<\/strong><\/span><\/p>","protected":false},"featured_media":4363,"template":"","meta":[],"product_brand":[583],"product_cat":[340,157,156,197,305,130,209,211,229],"product_tag":[200,171],"class_list":{"0":"post-4359","1":"product","2":"type-product","3":"status-publish","4":"has-post-thumbnail","6":"product_brand-bebetto","7":"product_cat-800-to-900","8":"product_cat-2-in-1","9":"product_cat-3-in-1","10":"product_cat-4-in-1-pram","11":"product_cat-colour","12":"product_cat-prams","13":"product_cat-push-chairs","14":"product_cat-stroller","15":"product_cat-white","16":"product_tag-4-in-1-pram","17":"product_tag-pram","19":"first","20":"instock","21":"sale","22":"shipping-taxable","23":"purchasable","24":"product-type-simple"},"yoast_head":"<!-- This site is optimized with the Yoast SEO plugin v27.5 - https:\/\/yoast.com\/product\/yoast-seo-wordpress\/ -->\n<title>IDEAL 2020 Pushchair Travel System 4in1- IDO8 - For Baby Boss<\/title>\n<meta name=\"description\" content=\"IDEAL 2020 Pushchair Travel System 4in1- IDO8\" \/>\n<meta name=\"robots\" content=\"index, follow, max-snippet:-1, max-image-preview:large, max-video-preview:-1\" \/>\n<link rel=\"canonical\" href=\"https:\/\/forbabyboss.com\/sv\/produkt\/ideal-2020-barnvagnssystem-4-i-1-ido8\/\" \/>\n<meta property=\"og:locale\" content=\"sv_SE\" \/>\n<meta property=\"og:type\" content=\"article\" \/>\n<meta property=\"og:title\" content=\"IDEAL 2020 Pushchair Travel System 4in1- IDO8 - For Baby Boss\" \/>\n<meta property=\"og:description\" content=\"IDEAL 2020 Pushchair Travel System 4in1- IDO8\" \/>\n<meta property=\"og:url\" content=\"https:\/\/forbabyboss.com\/sv\/produkt\/ideal-2020-barnvagnssystem-4-i-1-ido8\/\" \/>\n<meta property=\"og:site_name\" content=\"For Baby Boss\" \/>\n<meta property=\"article:modified_time\" content=\"2026-02-21T15:54:01+00:00\" \/>\n<meta property=\"og:image\" content=\"https:\/\/forbabyboss.com\/wp-content\/uploads\/2022\/09\/Baby-Pram-Bexa-IDEAL-2020-Pushchair-Buggy-Stroller-Car-Seat-Travel-System-4in1-IDO8-MAIN.jpg\" \/>\n\t<meta property=\"og:image:width\" content=\"1020\" \/>\n\t<meta property=\"og:image:height\" content=\"1020\" \/>\n\t<meta property=\"og:image:type\" content=\"image\/jpeg\" \/>\n<meta name=\"twitter:card\" content=\"summary_large_image\" \/>\n<meta name=\"twitter:label1\" content=\"Ber\u00e4knad l\u00e4stid\" \/>\n\t<meta name=\"twitter:data1\" content=\"3 minuter\" \/>\n<script type=\"application\/ld+json\" class=\"yoast-schema-graph\">{\"@context\":\"https:\\\/\\\/schema.org\",\"@graph\":[{\"@type\":\"WebPage\",\"@id\":\"https:\\\/\\\/forbabyboss.com\\\/product\\\/ideal-2020-pushchair-travel-system-4in1-ido8\\\/\",\"url\":\"https:\\\/\\\/forbabyboss.com\\\/product\\\/ideal-2020-pushchair-travel-system-4in1-ido8\\\/\",\"name\":\"IDEAL 2020 Pushchair Travel System 4in1- IDO8 - For Baby Boss\",\"isPartOf\":{\"@id\":\"https:\\\/\\\/powderblue-seahorse-496884.hostingersite.com\\\/#website\"},\"primaryImageOfPage\":{\"@id\":\"https:\\\/\\\/forbabyboss.com\\\/product\\\/ideal-2020-pushchair-travel-system-4in1-ido8\\\/#primaryimage\"},\"image\":{\"@id\":\"https:\\\/\\\/forbabyboss.com\\\/product\\\/ideal-2020-pushchair-travel-system-4in1-ido8\\\/#primaryimage\"},\"thumbnailUrl\":\"https:\\\/\\\/forbabyboss.com\\\/wp-content\\\/uploads\\\/2022\\\/09\\\/Baby-Pram-Bexa-IDEAL-2020-Pushchair-Buggy-Stroller-Car-Seat-Travel-System-4in1-IDO8-MAIN.jpg\",\"datePublished\":\"2022-09-08T12:00:36+00:00\",\"dateModified\":\"2026-02-21T15:54:01+00:00\",\"description\":\"IDEAL 2020 Pushchair Travel System 4in1- IDO8\",\"breadcrumb\":{\"@id\":\"https:\\\/\\\/forbabyboss.com\\\/product\\\/ideal-2020-pushchair-travel-system-4in1-ido8\\\/#breadcrumb\"},\"inLanguage\":\"sv-SE\",\"potentialAction\":[{\"@type\":\"ReadAction\",\"target\":[\"https:\\\/\\\/forbabyboss.com\\\/product\\\/ideal-2020-pushchair-travel-system-4in1-ido8\\\/\"]}]},{\"@type\":\"ImageObject\",\"inLanguage\":\"sv-SE\",\"@id\":\"https:\\\/\\\/forbabyboss.com\\\/product\\\/ideal-2020-pushchair-travel-system-4in1-ido8\\\/#primaryimage\",\"url\":\"https:\\\/\\\/forbabyboss.com\\\/wp-content\\\/uploads\\\/2022\\\/09\\\/Baby-Pram-Bexa-IDEAL-2020-Pushchair-Buggy-Stroller-Car-Seat-Travel-System-4in1-IDO8-MAIN.jpg\",\"contentUrl\":\"https:\\\/\\\/forbabyboss.com\\\/wp-content\\\/uploads\\\/2022\\\/09\\\/Baby-Pram-Bexa-IDEAL-2020-Pushchair-Buggy-Stroller-Car-Seat-Travel-System-4in1-IDO8-MAIN.jpg\",\"width\":1020,\"height\":1020},{\"@type\":\"BreadcrumbList\",\"@id\":\"https:\\\/\\\/forbabyboss.com\\\/product\\\/ideal-2020-pushchair-travel-system-4in1-ido8\\\/#breadcrumb\",\"itemListElement\":[{\"@type\":\"ListItem\",\"position\":1,\"name\":\"Home\",\"item\":\"https:\\\/\\\/forbabyboss.com\\\/\"},{\"@type\":\"ListItem\",\"position\":2,\"name\":\"Shop\",\"item\":\"https:\\\/\\\/forbabyboss.com\\\/shop\\\/\"},{\"@type\":\"ListItem\",\"position\":3,\"name\":\"IDEAL 2020 Pushchair Travel System 4in1- IDO8\"}]},{\"@type\":\"WebSite\",\"@id\":\"https:\\\/\\\/powderblue-seahorse-496884.hostingersite.com\\\/#website\",\"url\":\"https:\\\/\\\/powderblue-seahorse-496884.hostingersite.com\\\/\",\"name\":\"For Baby Boss\",\"description\":\"Beautiful gifts and accessories for your baby boss\",\"potentialAction\":[{\"@type\":\"SearchAction\",\"target\":{\"@type\":\"EntryPoint\",\"urlTemplate\":\"https:\\\/\\\/powderblue-seahorse-496884.hostingersite.com\\\/?s={search_term_string}\"},\"query-input\":{\"@type\":\"PropertyValueSpecification\",\"valueRequired\":true,\"valueName\":\"search_term_string\"}}],\"inLanguage\":\"sv-SE\"}]}<\/script>\n<!-- \/ Yoast SEO plugin. -->","yoast_head_json":{"title":"IDEAL 2020 Barnvagn Resesystem 4-i-1 - IDO8 - F\u00f6r Baby Boss","description":"IDEAL 2020 Barnvagnssystem 4-i-1 - IDO8","robots":{"index":"index","follow":"follow","max-snippet":"max-snippet:-1","max-image-preview":"max-image-preview:large","max-video-preview":"max-video-preview:-1"},"canonical":"https:\/\/forbabyboss.com\/sv\/produkt\/ideal-2020-barnvagnssystem-4-i-1-ido8\/","og_locale":"sv_SE","og_type":"article","og_title":"IDEAL 2020 Pushchair Travel System 4in1- IDO8 - For Baby Boss","og_description":"IDEAL 2020 Pushchair Travel System 4in1- IDO8","og_url":"https:\/\/forbabyboss.com\/sv\/produkt\/ideal-2020-barnvagnssystem-4-i-1-ido8\/","og_site_name":"For Baby Boss","article_modified_time":"2026-02-21T15:54:01+00:00","og_image":[{"width":1020,"height":1020,"url":"https:\/\/forbabyboss.com\/wp-content\/uploads\/2022\/09\/Baby-Pram-Bexa-IDEAL-2020-Pushchair-Buggy-Stroller-Car-Seat-Travel-System-4in1-IDO8-MAIN.jpg","type":"image\/jpeg"}],"twitter_card":"summary_large_image","twitter_misc":{"Ber\u00e4knad l\u00e4stid":"3 minuter"},"schema":{"@context":"https:\/\/schema.org","@graph":[{"@type":"WebPage","@id":"https:\/\/forbabyboss.com\/product\/ideal-2020-pushchair-travel-system-4in1-ido8\/","url":"https:\/\/forbabyboss.com\/product\/ideal-2020-pushchair-travel-system-4in1-ido8\/","name":"IDEAL 2020 Barnvagn Resesystem 4-i-1 - IDO8 - F\u00f6r Baby Boss","isPartOf":{"@id":"https:\/\/powderblue-seahorse-496884.hostingersite.com\/#website"},"primaryImageOfPage":{"@id":"https:\/\/forbabyboss.com\/product\/ideal-2020-pushchair-travel-system-4in1-ido8\/#primaryimage"},"image":{"@id":"https:\/\/forbabyboss.com\/product\/ideal-2020-pushchair-travel-system-4in1-ido8\/#primaryimage"},"thumbnailUrl":"https:\/\/forbabyboss.com\/wp-content\/uploads\/2022\/09\/Baby-Pram-Bexa-IDEAL-2020-Pushchair-Buggy-Stroller-Car-Seat-Travel-System-4in1-IDO8-MAIN.jpg","datePublished":"2022-09-08T12:00:36+00:00","dateModified":"2026-02-21T15:54:01+00:00","description":"IDEAL 2020 Barnvagnssystem 4-i-1 - IDO8","breadcrumb":{"@id":"https:\/\/forbabyboss.com\/product\/ideal-2020-pushchair-travel-system-4in1-ido8\/#breadcrumb"},"inLanguage":"sv-SE","potentialAction":[{"@type":"ReadAction","target":["https:\/\/forbabyboss.com\/product\/ideal-2020-pushchair-travel-system-4in1-ido8\/"]}]},{"@type":"ImageObject","inLanguage":"sv-SE","@id":"https:\/\/forbabyboss.com\/product\/ideal-2020-pushchair-travel-system-4in1-ido8\/#primaryimage","url":"https:\/\/forbabyboss.com\/wp-content\/uploads\/2022\/09\/Baby-Pram-Bexa-IDEAL-2020-Pushchair-Buggy-Stroller-Car-Seat-Travel-System-4in1-IDO8-MAIN.jpg","contentUrl":"https:\/\/forbabyboss.com\/wp-content\/uploads\/2022\/09\/Baby-Pram-Bexa-IDEAL-2020-Pushchair-Buggy-Stroller-Car-Seat-Travel-System-4in1-IDO8-MAIN.jpg","width":1020,"height":1020},{"@type":"BreadcrumbList","@id":"https:\/\/forbabyboss.com\/product\/ideal-2020-pushchair-travel-system-4in1-ido8\/#breadcrumb","itemListElement":[{"@type":"ListItem","position":1,"name":"Home","item":"https:\/\/forbabyboss.com\/"},{"@type":"ListItem","position":2,"name":"Shop","item":"https:\/\/forbabyboss.com\/shop\/"},{"@type":"ListItem","position":3,"name":"IDEAL 2020 Pushchair Travel System 4in1- IDO8"}]},{"@type":"WebSite","@id":"https:\/\/powderblue-seahorse-496884.hostingersite.com\/#website","url":"https:\/\/powderblue-seahorse-496884.hostingersite.com\/","name":"F\u00f6r Baby Boss","description":"Vackra presenter och tillbeh\u00f6r till din babychef","potentialAction":[{"@type":"SearchAction","target":{"@type":"EntryPoint","urlTemplate":"https:\/\/powderblue-seahorse-496884.hostingersite.com\/?s={search_term_string}"},"query-input":{"@type":"PropertyValueSpecification","valueRequired":true,"valueName":"search_term_string"}}],"inLanguage":"sv-SE"}]}},"_links":{"self":[{"href":"https:\/\/forbabyboss.com\/sv\/wp-json\/wp\/v2\/product\/4359","targetHints":{"allow":["GET"]}}],"collection":[{"href":"https:\/\/forbabyboss.com\/sv\/wp-json\/wp\/v2\/product"}],"about":[{"href":"https:\/\/forbabyboss.com\/sv\/wp-json\/wp\/v2\/types\/product"}],"wp:featuredmedia":[{"embeddable":true,"href":"https:\/\/forbabyboss.com\/sv\/wp-json\/wp\/v2\/media\/4363"}],"wp:attachment":[{"href":"https:\/\/forbabyboss.com\/sv\/wp-json\/wp\/v2\/media?parent=4359"}],"wp:term":[{"taxonomy":"product_brand","embeddable":true,"href":"https:\/\/forbabyboss.com\/sv\/wp-json\/wp\/v2\/product_brand?post=4359"},{"taxonomy":"product_cat","embeddable":true,"href":"https:\/\/forbabyboss.com\/sv\/wp-json\/wp\/v2\/product_cat?post=4359"},{"taxonomy":"product_tag","embeddable":true,"href":"https:\/\/forbabyboss.com\/sv\/wp-json\/wp\/v2\/product_tag?post=4359"}],"curies":[{"name":"wp","href":"https:\/\/api.w.org\/{rel}","templated":true}]}}