{"id":4371,"date":"2022-09-08T12:17:02","date_gmt":"2022-09-08T12:17:02","guid":{"rendered":"http:\/\/forbabyboss.com\/?post_type=product&#038;p=4371"},"modified":"2026-02-23T18:30:42","modified_gmt":"2026-02-23T18:30:42","slug":"flavio-baby-parm-pro-eco-travel-system-4-i-1-bilbarnstol-i-beige","status":"publish","type":"product","link":"https:\/\/forbabyboss.com\/sv\/product\/flavio-baby-parm-pro-eco-travel-system-4in1-car-seat-in-beige\/","title":{"rendered":"Flavio Baby Parm PRO Eco Travel System 4-i-1-bilbarnstol i beige"},"content":{"rendered":"<h3><strong><span style=\"color: #e14d43;\">Exklusiv f\u00f6ljeslagare f\u00f6r en bekv\u00e4m upplevelse<\/span><\/strong><\/h3>\n<p style=\"text-align: justify;\" align=\"center\"><strong><span style=\"color: #e14d43;\"><span style=\"font-family: Arial;\">En av de l\u00e4ttaste hopf\u00e4llbara liggdelarna\u00a0<\/span><\/span><\/strong><\/p>\n<p style=\"text-align: justify;\" align=\"center\"><strong><span style=\"font-family: Arial; color: #808080;\">Flavio-barnvagnsb\u00e4rselen v\u00e4ger bara 2,9 kg, vilket g\u00f6r den till en av de l\u00e4ttaste i sin kategori. EPP-materialet som anv\u00e4nds i denna modell \u00e4r inte bara l\u00e4tt, starkt, vattent\u00e4tt och 100% \u00e5tervinningsbart \u2013 materialet isolerar ocks\u00e5 v\u00e4rme perfekt. Tack vare den hopf\u00e4llbara b\u00e4rselen \u00e4r det aldrig ett problem att transportera den.<\/span><\/strong><\/p>\n<p style=\"text-align: justify;\" align=\"center\"><strong><span style=\"color: #e14d43;\"><span style=\"font-family: Arial;\">Men det \u00e4r inte allt!<\/span><\/span><\/strong><\/p>\n<p style=\"text-align: justify;\" align=\"center\"><strong><span style=\"font-family: Arial; color: #808080;\">M\u00f6jligheten att montera Flavio-b\u00e4rselen p\u00e5 tv\u00e5 niv\u00e5er inneb\u00e4r att du kan anpassa barnvagnen till din l\u00e4ngd och alltid ha snabb och bekv\u00e4m tillg\u00e5ng till ditt barn. Att ta loss b\u00e4rselen \u00e4r extremt enkelt \u2013 du kan g\u00f6ra det p\u00e5 tv\u00e5 s\u00e4tt: antingen genom att lossa l\u00e5sen i ramen eller genom att trycka p\u00e5 uppl\u00e5sningsknapparna i b\u00e4rselen. Dessutom kan du justera suffletten p\u00e5 tv\u00e5 s\u00e4tt: genom att trycka p\u00e5 b\u00e4rhandtaget p\u00e5 b\u00e4rselen eller genom att h\u00e5lla in tv\u00e5 knappar inuti. V\u00e4lj det som passar dig b\u00e4st!<\/span><\/strong><\/p>\n<p style=\"text-align: justify;\" align=\"center\"><strong><span style=\"font-family: Arial; color: #808080;\">R\u00e4cker inte standardkl\u00e4dseln f\u00f6r dig? V\u00e4lj Flavio Pro \u2013 d\u00e4r liggdelen och sittdelen \u00e4r helt\u00e4ckta med ekol\u00e4der.<\/span><\/strong><\/p>\n<p style=\"text-align: justify;\" align=\"center\"><strong><span style=\"color: #808080; font-size: 105%;\"><span style=\"font-family: Arial; color: #e14d43;\">PRIS ING\u00c5R<\/span><span style=\"font-family: Arial;\">:<\/span><\/span><\/strong><\/p>\n<p style=\"text-align: justify;\" align=\"center\"><strong><span style=\"font-family: Arial; color: #808080;\">\u2013 Aluminiumram<\/span><\/strong><\/p>\n<p style=\"text-align: justify;\" align=\"center\"><strong><span style=\"font-family: Arial; color: #808080;\">\u2013 4 hjul<\/span><\/strong><\/p>\n<p style=\"text-align: justify;\" align=\"center\"><strong><span style=\"font-family: Arial; color: #808080;\">\u2013 Liggdel<\/span><\/strong><\/p>\n<p style=\"text-align: justify;\" align=\"center\"><strong><span style=\"font-family: Arial; color: #808080;\">\u2013 Barnvagnsskydd och madrass<\/span><\/strong><\/p>\n<p style=\"text-align: justify;\" align=\"center\"><strong><span style=\"font-family: Arial; color: #808080;\">\u2013 Regnskydd<\/span><\/strong><\/p>\n<p style=\"text-align: justify;\" align=\"center\"><strong><span style=\"font-family: Arial; color: #808080;\">\u2013 Myggn\u00e4t<\/span><\/strong><\/p>\n<p style=\"text-align: justify;\" align=\"center\"><strong><span style=\"font-family: Arial; color: #808080;\">\u2013 Modern v\u00e4ska<\/span><\/strong><\/p>\n<p style=\"text-align: justify;\" align=\"center\"><strong><span style=\"font-family: Arial; color: #808080;\">\u2013 Varukorg<\/span><\/strong><\/p>\n<p style=\"text-align: justify;\" align=\"center\"><strong><span style=\"font-family: Arial; color: #808080;\">\u2013 Muggh\u00e5llare<\/span><\/strong><\/p>\n<p style=\"text-align: justify;\" align=\"center\"><strong><span style=\"font-family: Arial; color: #808080;\">\u2013 24 m\u00e5naders garanti<\/span><\/strong><\/p>\n<p style=\"text-align: justify;\" align=\"center\"><strong><span style=\"font-family: Arial; color: #808080;\">\u2013 Barnvagn<\/span><\/strong><\/p>\n<p style=\"text-align: justify;\" align=\"center\"><strong><span style=\"font-family: Arial; color: #808080;\">\u2013 *Bilbarnstol (valfritt)<\/span><\/strong><\/p>\n<p style=\"text-align: justify;\" align=\"center\"><strong><span style=\"font-family: Arial; color: #808080;\">\u2013 *Isofix-bas (tillval)<\/span><\/strong><\/p>\n<div><strong><span style=\"color: #808080;\">Vikta passar in i utrymmet: 75x59x36cm<\/span><\/strong><\/div>\n<div><\/div>\n<div><strong><span style=\"color: #808080;\">*M\u00e5tt: l\u00e4ngd, bredd, h\u00f6jd, vikt.<\/span><\/strong><\/div>\n<div><\/div>\n<div><strong><a href=\"http:\/\/forbabyboss.com\/wp-content\/uploads\/2022\/09\/checkout.png\"><img loading=\"lazy\" decoding=\"async\" class=\"alignnone size-full wp-image-5965\" src=\"http:\/\/forbabyboss.com\/wp-content\/uploads\/2022\/09\/checkout.png\" alt=\"\" width=\"750\" height=\"276\" srcset=\"https:\/\/forbabyboss.com\/wp-content\/uploads\/2022\/09\/checkout.png 750w, https:\/\/forbabyboss.com\/wp-content\/uploads\/2022\/09\/checkout-600x221.png 600w\" sizes=\"auto, (max-width: 750px) 100vw, 750px\" \/><\/a><\/strong><\/div>\n<div align=\"center\"><strong><span style=\"color: #808080;\">\u00a0<\/span><\/strong><\/div>\n<div align=\"center\"><\/div>","protected":false},"excerpt":{"rendered":"<p><a href=\"http:\/\/forbabyboss.com\/wp-content\/uploads\/2022\/09\/Star-Rating-5.png\"><img loading=\"lazy\" decoding=\"async\" class=\"alignnone size-full wp-image-5973 aligncenter\" src=\"http:\/\/forbabyboss.com\/wp-content\/uploads\/2022\/09\/Star-Rating-5.png\" alt=\"\" width=\"275\" height=\"45\" \/><\/a><\/p>\n<p style=\"text-align: center;\"><span style=\"color: #ed1c24; font-size: 120%;\"><b>PRISGARANTI<\/b><\/span><\/p>\n<p style=\"text-align: center;\"><span style=\"font-size: 115%;\"><span style=\"font-weight: 400; color: #4f4fa7;\">Fri leverans<\/span><span style=\"font-weight: 400;\"> \u2013 2\u20137 dagar<\/span><\/span><\/p>\n<p style=\"text-align: center;\"><strong><span style=\"color: #29606b;\">Gratis g\u00e5va vid k\u00f6p \u00f6ver 100 pund<\/span><\/strong><\/p>","protected":false},"featured_media":4372,"template":"","meta":[],"product_brand":[583],"product_cat":[339,157,156,197,403,305,130,209,211],"product_tag":[163,200,171],"class_list":{"0":"post-4371","1":"product","2":"type-product","3":"status-publish","4":"has-post-thumbnail","6":"product_brand-bebetto","7":"product_cat-700-to-800","8":"product_cat-2-in-1","9":"product_cat-3-in-1","10":"product_cat-4-in-1-pram","11":"product_cat-beige","12":"product_cat-colour","13":"product_cat-prams","14":"product_cat-push-chairs","15":"product_cat-stroller","16":"product_tag-3-in-1-prams","17":"product_tag-4-in-1-pram","18":"product_tag-pram","20":"first","21":"instock","22":"sale","23":"shipping-taxable","24":"purchasable","25":"product-type-simple"},"yoast_head":"<!-- This site is optimized with the Yoast SEO plugin v27.5 - https:\/\/yoast.com\/product\/yoast-seo-wordpress\/ -->\n<title>Flavio Baby Parm PRO Eco Travel System 4in1 Car Seat in Beige - For Baby Boss<\/title>\n<meta name=\"description\" content=\"Flavio Baby Parm PRO Eco Travel System 4in1 Car Seat in Beige\" \/>\n<meta name=\"robots\" content=\"index, follow, max-snippet:-1, max-image-preview:large, max-video-preview:-1\" \/>\n<link rel=\"canonical\" href=\"https:\/\/forbabyboss.com\/sv\/produkt\/flavio-baby-parm-pro-eco-travel-system-4-i-1-bilbarnstol-i-beige\/\" \/>\n<meta property=\"og:locale\" content=\"sv_SE\" \/>\n<meta property=\"og:type\" content=\"article\" \/>\n<meta property=\"og:title\" content=\"Flavio Baby Parm PRO Eco Travel System 4in1 Car Seat in Beige - For Baby Boss\" \/>\n<meta property=\"og:description\" content=\"Flavio Baby Parm PRO Eco Travel System 4in1 Car Seat in Beige\" \/>\n<meta property=\"og:url\" content=\"https:\/\/forbabyboss.com\/sv\/produkt\/flavio-baby-parm-pro-eco-travel-system-4-i-1-bilbarnstol-i-beige\/\" \/>\n<meta property=\"og:site_name\" content=\"For Baby Boss\" \/>\n<meta property=\"article:modified_time\" content=\"2026-02-23T18:30:42+00:00\" \/>\n<meta property=\"og:image\" content=\"https:\/\/forbabyboss.com\/wp-content\/uploads\/2022\/09\/Baby-Pram-Pushchair-Bebetto-Flavio-PRO-eco-Travel-System-2in1-3in1-4in1-Car-Seat-02.png\" \/>\n\t<meta property=\"og:image:width\" content=\"1000\" \/>\n\t<meta property=\"og:image:height\" content=\"1000\" \/>\n\t<meta property=\"og:image:type\" content=\"image\/png\" \/>\n<meta name=\"twitter:card\" content=\"summary_large_image\" \/>\n<meta name=\"twitter:label1\" content=\"Ber\u00e4knad l\u00e4stid\" \/>\n\t<meta name=\"twitter:data1\" content=\"2 minuter\" \/>\n<script type=\"application\/ld+json\" class=\"yoast-schema-graph\">{\"@context\":\"https:\\\/\\\/schema.org\",\"@graph\":[{\"@type\":\"WebPage\",\"@id\":\"https:\\\/\\\/forbabyboss.com\\\/product\\\/flavio-baby-parm-pro-eco-travel-system-4in1-car-seat-in-beige\\\/\",\"url\":\"https:\\\/\\\/forbabyboss.com\\\/product\\\/flavio-baby-parm-pro-eco-travel-system-4in1-car-seat-in-beige\\\/\",\"name\":\"Flavio Baby Parm PRO Eco Travel System 4in1 Car Seat in Beige - For Baby Boss\",\"isPartOf\":{\"@id\":\"https:\\\/\\\/powderblue-seahorse-496884.hostingersite.com\\\/#website\"},\"primaryImageOfPage\":{\"@id\":\"https:\\\/\\\/forbabyboss.com\\\/product\\\/flavio-baby-parm-pro-eco-travel-system-4in1-car-seat-in-beige\\\/#primaryimage\"},\"image\":{\"@id\":\"https:\\\/\\\/forbabyboss.com\\\/product\\\/flavio-baby-parm-pro-eco-travel-system-4in1-car-seat-in-beige\\\/#primaryimage\"},\"thumbnailUrl\":\"https:\\\/\\\/forbabyboss.com\\\/wp-content\\\/uploads\\\/2022\\\/09\\\/Baby-Pram-Pushchair-Bebetto-Flavio-PRO-eco-Travel-System-2in1-3in1-4in1-Car-Seat-02.png\",\"datePublished\":\"2022-09-08T12:17:02+00:00\",\"dateModified\":\"2026-02-23T18:30:42+00:00\",\"description\":\"Flavio Baby Parm PRO Eco Travel System 4in1 Car Seat in Beige\",\"breadcrumb\":{\"@id\":\"https:\\\/\\\/forbabyboss.com\\\/product\\\/flavio-baby-parm-pro-eco-travel-system-4in1-car-seat-in-beige\\\/#breadcrumb\"},\"inLanguage\":\"sv-SE\",\"potentialAction\":[{\"@type\":\"ReadAction\",\"target\":[\"https:\\\/\\\/forbabyboss.com\\\/product\\\/flavio-baby-parm-pro-eco-travel-system-4in1-car-seat-in-beige\\\/\"]}]},{\"@type\":\"ImageObject\",\"inLanguage\":\"sv-SE\",\"@id\":\"https:\\\/\\\/forbabyboss.com\\\/product\\\/flavio-baby-parm-pro-eco-travel-system-4in1-car-seat-in-beige\\\/#primaryimage\",\"url\":\"https:\\\/\\\/forbabyboss.com\\\/wp-content\\\/uploads\\\/2022\\\/09\\\/Baby-Pram-Pushchair-Bebetto-Flavio-PRO-eco-Travel-System-2in1-3in1-4in1-Car-Seat-02.png\",\"contentUrl\":\"https:\\\/\\\/forbabyboss.com\\\/wp-content\\\/uploads\\\/2022\\\/09\\\/Baby-Pram-Pushchair-Bebetto-Flavio-PRO-eco-Travel-System-2in1-3in1-4in1-Car-Seat-02.png\",\"width\":1000,\"height\":1000},{\"@type\":\"BreadcrumbList\",\"@id\":\"https:\\\/\\\/forbabyboss.com\\\/product\\\/flavio-baby-parm-pro-eco-travel-system-4in1-car-seat-in-beige\\\/#breadcrumb\",\"itemListElement\":[{\"@type\":\"ListItem\",\"position\":1,\"name\":\"Home\",\"item\":\"https:\\\/\\\/forbabyboss.com\\\/\"},{\"@type\":\"ListItem\",\"position\":2,\"name\":\"Shop\",\"item\":\"https:\\\/\\\/forbabyboss.com\\\/shop\\\/\"},{\"@type\":\"ListItem\",\"position\":3,\"name\":\"Flavio Baby Parm PRO Eco Travel System 4in1 Car Seat in Beige\"}]},{\"@type\":\"WebSite\",\"@id\":\"https:\\\/\\\/powderblue-seahorse-496884.hostingersite.com\\\/#website\",\"url\":\"https:\\\/\\\/powderblue-seahorse-496884.hostingersite.com\\\/\",\"name\":\"For Baby Boss\",\"description\":\"Beautiful gifts and accessories for your baby boss\",\"potentialAction\":[{\"@type\":\"SearchAction\",\"target\":{\"@type\":\"EntryPoint\",\"urlTemplate\":\"https:\\\/\\\/powderblue-seahorse-496884.hostingersite.com\\\/?s={search_term_string}\"},\"query-input\":{\"@type\":\"PropertyValueSpecification\",\"valueRequired\":true,\"valueName\":\"search_term_string\"}}],\"inLanguage\":\"sv-SE\"}]}<\/script>\n<!-- \/ Yoast SEO plugin. -->","yoast_head_json":{"title":"Flavio Baby Parm PRO Eco Travel System 4-i-1 bilbarnstol i beige - F\u00f6r Baby Boss","description":"Flavio Baby Parm PRO Eco Travel System 4-i-1-bilbarnstol i beige","robots":{"index":"index","follow":"follow","max-snippet":"max-snippet:-1","max-image-preview":"max-image-preview:large","max-video-preview":"max-video-preview:-1"},"canonical":"https:\/\/forbabyboss.com\/sv\/produkt\/flavio-baby-parm-pro-eco-travel-system-4-i-1-bilbarnstol-i-beige\/","og_locale":"sv_SE","og_type":"article","og_title":"Flavio Baby Parm PRO Eco Travel System 4in1 Car Seat in Beige - For Baby Boss","og_description":"Flavio Baby Parm PRO Eco Travel System 4in1 Car Seat in Beige","og_url":"https:\/\/forbabyboss.com\/sv\/produkt\/flavio-baby-parm-pro-eco-travel-system-4-i-1-bilbarnstol-i-beige\/","og_site_name":"For Baby Boss","article_modified_time":"2026-02-23T18:30:42+00:00","og_image":[{"width":1000,"height":1000,"url":"https:\/\/forbabyboss.com\/wp-content\/uploads\/2022\/09\/Baby-Pram-Pushchair-Bebetto-Flavio-PRO-eco-Travel-System-2in1-3in1-4in1-Car-Seat-02.png","type":"image\/png"}],"twitter_card":"summary_large_image","twitter_misc":{"Ber\u00e4knad l\u00e4stid":"2 minuter"},"schema":{"@context":"https:\/\/schema.org","@graph":[{"@type":"WebPage","@id":"https:\/\/forbabyboss.com\/product\/flavio-baby-parm-pro-eco-travel-system-4in1-car-seat-in-beige\/","url":"https:\/\/forbabyboss.com\/product\/flavio-baby-parm-pro-eco-travel-system-4in1-car-seat-in-beige\/","name":"Flavio Baby Parm PRO Eco Travel System 4-i-1 bilbarnstol i beige - F\u00f6r Baby Boss","isPartOf":{"@id":"https:\/\/powderblue-seahorse-496884.hostingersite.com\/#website"},"primaryImageOfPage":{"@id":"https:\/\/forbabyboss.com\/product\/flavio-baby-parm-pro-eco-travel-system-4in1-car-seat-in-beige\/#primaryimage"},"image":{"@id":"https:\/\/forbabyboss.com\/product\/flavio-baby-parm-pro-eco-travel-system-4in1-car-seat-in-beige\/#primaryimage"},"thumbnailUrl":"https:\/\/forbabyboss.com\/wp-content\/uploads\/2022\/09\/Baby-Pram-Pushchair-Bebetto-Flavio-PRO-eco-Travel-System-2in1-3in1-4in1-Car-Seat-02.png","datePublished":"2022-09-08T12:17:02+00:00","dateModified":"2026-02-23T18:30:42+00:00","description":"Flavio Baby Parm PRO Eco Travel System 4-i-1-bilbarnstol i beige","breadcrumb":{"@id":"https:\/\/forbabyboss.com\/product\/flavio-baby-parm-pro-eco-travel-system-4in1-car-seat-in-beige\/#breadcrumb"},"inLanguage":"sv-SE","potentialAction":[{"@type":"ReadAction","target":["https:\/\/forbabyboss.com\/product\/flavio-baby-parm-pro-eco-travel-system-4in1-car-seat-in-beige\/"]}]},{"@type":"ImageObject","inLanguage":"sv-SE","@id":"https:\/\/forbabyboss.com\/product\/flavio-baby-parm-pro-eco-travel-system-4in1-car-seat-in-beige\/#primaryimage","url":"https:\/\/forbabyboss.com\/wp-content\/uploads\/2022\/09\/Baby-Pram-Pushchair-Bebetto-Flavio-PRO-eco-Travel-System-2in1-3in1-4in1-Car-Seat-02.png","contentUrl":"https:\/\/forbabyboss.com\/wp-content\/uploads\/2022\/09\/Baby-Pram-Pushchair-Bebetto-Flavio-PRO-eco-Travel-System-2in1-3in1-4in1-Car-Seat-02.png","width":1000,"height":1000},{"@type":"BreadcrumbList","@id":"https:\/\/forbabyboss.com\/product\/flavio-baby-parm-pro-eco-travel-system-4in1-car-seat-in-beige\/#breadcrumb","itemListElement":[{"@type":"ListItem","position":1,"name":"Home","item":"https:\/\/forbabyboss.com\/"},{"@type":"ListItem","position":2,"name":"Shop","item":"https:\/\/forbabyboss.com\/shop\/"},{"@type":"ListItem","position":3,"name":"Flavio Baby Parm PRO Eco Travel System 4in1 Car Seat in Beige"}]},{"@type":"WebSite","@id":"https:\/\/powderblue-seahorse-496884.hostingersite.com\/#website","url":"https:\/\/powderblue-seahorse-496884.hostingersite.com\/","name":"F\u00f6r Baby Boss","description":"Vackra presenter och tillbeh\u00f6r till din babychef","potentialAction":[{"@type":"SearchAction","target":{"@type":"EntryPoint","urlTemplate":"https:\/\/powderblue-seahorse-496884.hostingersite.com\/?s={search_term_string}"},"query-input":{"@type":"PropertyValueSpecification","valueRequired":true,"valueName":"search_term_string"}}],"inLanguage":"sv-SE"}]}},"_links":{"self":[{"href":"https:\/\/forbabyboss.com\/sv\/wp-json\/wp\/v2\/product\/4371","targetHints":{"allow":["GET"]}}],"collection":[{"href":"https:\/\/forbabyboss.com\/sv\/wp-json\/wp\/v2\/product"}],"about":[{"href":"https:\/\/forbabyboss.com\/sv\/wp-json\/wp\/v2\/types\/product"}],"wp:featuredmedia":[{"embeddable":true,"href":"https:\/\/forbabyboss.com\/sv\/wp-json\/wp\/v2\/media\/4372"}],"wp:attachment":[{"href":"https:\/\/forbabyboss.com\/sv\/wp-json\/wp\/v2\/media?parent=4371"}],"wp:term":[{"taxonomy":"product_brand","embeddable":true,"href":"https:\/\/forbabyboss.com\/sv\/wp-json\/wp\/v2\/product_brand?post=4371"},{"taxonomy":"product_cat","embeddable":true,"href":"https:\/\/forbabyboss.com\/sv\/wp-json\/wp\/v2\/product_cat?post=4371"},{"taxonomy":"product_tag","embeddable":true,"href":"https:\/\/forbabyboss.com\/sv\/wp-json\/wp\/v2\/product_tag?post=4371"}],"curies":[{"name":"wp","href":"https:\/\/api.w.org\/{rel}","templated":true}]}}