{"id":4576,"date":"2022-09-09T08:21:53","date_gmt":"2022-09-09T08:21:53","guid":{"rendered":"http:\/\/forbabyboss.com\/?post_type=product&#038;p=4576"},"modified":"2026-02-24T15:02:32","modified_gmt":"2026-02-24T15:02:32","slug":"lyxig-barnvagn-fragola-pastellfargad-resesystem-4-i-1-i-ljusbeige","status":"publish","type":"product","link":"https:\/\/forbabyboss.com\/sv\/product\/luxury-baby-pram-fragola-pushchair-pastel-travel-system-4in1-in-light-beige\/","title":{"rendered":"Lyxig barnvagn Fragola sittvagn Pastell Resesystem 4-i-1 i ljusbeige"},"content":{"rendered":"<h2 style=\"text-align: justify;\" align=\"center\"><strong><span style=\"color: #e14d43;\">Baby modern barnvagnssystem 2-i-1 \/ 3-i-1 \/ 4-i-1: Bilbarnstol + ISOFIX-bas + Regnskydd<\/span><\/strong><\/h2>\n<h2 style=\"font-weight: 500; text-align: justify;\"><strong><span style=\"color: #e14d43;\"><span style=\"font-style: inherit;\">Din familjef\u00f6ljeslagare<\/span><\/span><\/strong><\/h2>\n<p style=\"font-weight: 400; text-align: justify;\"><strong>Uppskattad och \u00e4lskad av tusentals familjer \u2013 Tutis Uno presenterar andra generationens kollektion med \u00e4nnu fler funktioner! Tutis ingenj\u00f6rsteam samlade in recensioner fr\u00e5n kunder, analyserade den och uppgraderade Uno-barnvagnen. Vi presenterar Tutis Uno+ \u2013 din dr\u00f6mvagn: s\u00e4ker, h\u00e5llbar och skonsam f\u00f6r b\u00e5de f\u00f6r\u00e4ldrar och barn.<\/strong><\/p>\n<p style=\"font-weight: 400; text-align: justify;\"><strong>Det extremt man\u00f6vrerbara och kompakta Uno-chassiet \u00e4r bekv\u00e4mt och praktiskt f\u00f6r dagliga \u00e4ventyr i stad och natur. Tutis Uno+ liggdel utm\u00e4rker sig f\u00f6r sin s\u00e4kerhet och l\u00e4tthet.<\/strong><\/p>\n<h3 style=\"font-weight: 400; text-align: justify;\"><strong><span style=\"color: #e14d43;\">Ultral\u00e4tt och termisk liggdel<\/span><\/strong><\/h3>\n<p style=\"font-weight: 400; text-align: justify;\"><strong>ARCELTM \u2013 en speciell kombination av polyetenmaterial uppfanns exklusivt f\u00f6r TUTIS liggdelar f\u00f6r att s\u00e4kerst\u00e4lla exceptionell l\u00e4tthet och fasthet.<\/strong><\/p>\n<p style=\"font-weight: 400; text-align: justify;\"><strong><span style=\"font-size: 130%; color: #e14d43;\">Kompakt hopf\u00e4llbar ram<\/span><\/strong><\/p>\n<p style=\"font-weight: 400; text-align: justify;\"><strong>Tack vare sofistikerad teknik f\u00e4lls barnvagnens chassi snabbt och enkelt ihop. Den hopf\u00e4llda barnvagnen f\u00e5r enkelt plats i bagageutrymmet eller hemma.<\/strong><\/p>\n<p style=\"font-weight: 400; text-align: justify;\"><strong><span style=\"font-size: 130%; color: #e14d43;\">Rymlig sittenhet<\/span><\/strong><\/p>\n<p style=\"font-weight: 400; text-align: justify;\"><strong>Sittdelen och den p\u00e5litliga s\u00f6mnaden \u00e4r optimerade in i minsta detalj, och den ljudisolerande suffletten kan dras ner helt f\u00f6r att skapa en oas f\u00f6r extremt bekv\u00e4m resa.<\/strong><\/p>\n<h2 style=\"font-weight: 400; text-align: justify;\"><strong><span style=\"color: #e14d43;\">Pris ing\u00e5r<\/span>:<\/strong><\/h2>\n<ul>\n<li><strong>Liggdel<\/strong><\/li>\n<li><strong>Sittdel<\/strong><\/li>\n<li><strong>Sportchassi<\/strong><\/li>\n<li><strong>Regnskydd<\/strong><\/li>\n<li><strong>Mammav\u00e4ska med s\u00e4ngkl\u00e4der<\/strong><\/li>\n<li><strong>6. Muggh\u00e5llare<\/strong><\/li>\n<li><strong>Kundkorg<\/strong><\/li>\n<li><strong>\u00d6verdrag f\u00f6r liggdel<\/strong><\/li>\n<li><strong>\u00d6verdrag f\u00f6r sittdel<\/strong><\/li>\n<li><strong>Skyddshandtag f\u00f6r sittdelen<\/strong><\/li>\n<li><strong>Myggn\u00e4t<\/strong><\/li>\n<li><strong>Madrass<\/strong><\/li>\n<\/ul>\n<h2 style=\"font-weight: 400; text-align: justify;\"><strong><span style=\"color: #e14d43;\">Bekv\u00e4m bilbarnstol<\/span><\/strong><\/h2>\n<ul>\n<li style=\"font-weight: 400; text-align: justify;\"><strong>Grupp 0-13 kg:<\/strong><\/li>\n<li style=\"font-weight: 400; text-align: justify;\"><strong>Europeiskt godk\u00e4nnande ECE R44\/04<\/strong><\/li>\n<li style=\"font-weight: 400; text-align: justify;\"><strong>Monteras p\u00e5 vagnen med adaptern<\/strong><\/li>\n<li style=\"font-weight: 400; text-align: justify;\"><strong>3-punktssele<\/strong><\/li>\n<li style=\"font-weight: 400; text-align: justify;\"><strong>Extra b\u00e4dd f\u00f6r nyf\u00f6dd bebis<\/strong><\/li>\n<li style=\"font-weight: 400; text-align: justify;\"><strong>Justerbart handtag f\u00f6r b\u00e4rning<\/strong><\/li>\n<li style=\"font-weight: 400; text-align: justify;\"><strong>Avtagbar huva<\/strong><\/li>\n<li style=\"font-weight: 400; text-align: justify;\"><strong>H\u00f6jdjusterbara s\u00e4kerhetsb\u00e4lten<\/strong><\/li>\n<li style=\"font-weight: 400; text-align: justify;\"><strong>Fram\u00e5t- eller bak\u00e5tv\u00e4nt l\u00e4ge<\/strong><\/li>\n<li style=\"font-weight: 400; text-align: justify;\"><strong>Utrustad med ISOFIX-system (tillval)<\/strong><\/li>\n<\/ul>\n<h2 style=\"font-weight: 400; text-align: justify;\"><strong><span style=\"color: #e14d43;\">Isofix-bas<\/span>:<\/strong><\/h2>\n<ul style=\"text-align: justify;\">\n<li style=\"font-weight: 400;\"><strong>F\u00e4rg: Svart<\/strong><\/li>\n<li style=\"font-weight: 400;\"><strong>L\u00e4mplig fr\u00e5n f\u00f6dseln<\/strong><\/li>\n<li style=\"font-weight: 400;\"><strong>F\u00e4sts direkt p\u00e5 bilens chassi med hj\u00e4lp av fordonets ISOFIX-f\u00e4stpunkter<\/strong><\/li>\n<li style=\"font-weight: 400;\"><strong>Kan \u00e4ven f\u00e4stas med bilens s\u00e4kerhetsb\u00e4lte<\/strong><\/li>\n<li style=\"font-weight: 400;\"><strong>Kompatibel med Tutis bilbarnstolar<\/strong><\/li>\n<li style=\"font-weight: 400;\"><strong>L\u00e4tt att installera<\/strong><\/li>\n<li style=\"font-weight: 400;\"><strong>Tryggt och s\u00e4kert<\/strong><\/li>\n<li style=\"font-weight: 400;\"><strong>Minimerar kr\u00e5ngel<\/strong><\/li>\n<li style=\"font-weight: 400;\"><strong>Minskar risken att v\u00e4cka barnet vid f\u00f6rflyttning fr\u00e5n bil till hem<\/strong><\/li>\n<li style=\"font-weight: 400;\"><strong>St\u00f6dbenet ger ultimat stabilitet, s\u00e4kerhet och justeras enkelt f\u00f6r b\u00e4sta passform<\/strong><\/li>\n<li style=\"font-weight: 400;\"><strong>F\u00e4rgindikatorer bekr\u00e4ftar korrekt installation av basen p\u00e5 fordonet<\/strong><\/li>\n<\/ul>\n<h2 style=\"text-align: justify;\" align=\"center\"><strong><span style=\"font-family: Arial; color: #e14d43;\">M\u00e5tt, vikt<\/span><\/strong><\/h2>\n<ul>\n<li style=\"text-align: justify;\"><strong>Barnvagnens innerm\u00e5tt \/ vikt: 84\u00d738 cm \/ 3,75 kg<\/strong><\/li>\n<li style=\"text-align: justify;\"><strong>Sittdelens innerm\u00e5tt \/ vikt: 95\u00d738 cm \/ 4,8 kg<\/strong><\/li>\n<li style=\"text-align: justify;\"><strong>Bilbarnstolens innerm\u00e5tt \/ vikt: 71\u00d731,5 cm \/ 3,2 kg<\/strong><\/li>\n<li style=\"text-align: justify;\"><strong>Chassi + hjul: 7,8 kg<\/strong><\/li>\n<li style=\"text-align: justify;\"><strong>Vikta passar in i utrymmet: 80x61x34 cm<\/strong><\/li>\n<\/ul>\n<p><strong><a href=\"http:\/\/forbabyboss.com\/wp-content\/uploads\/2022\/09\/checkout.png\"><img loading=\"lazy\" decoding=\"async\" class=\"alignnone size-full wp-image-5965\" src=\"http:\/\/forbabyboss.com\/wp-content\/uploads\/2022\/09\/checkout.png\" alt=\"\" width=\"750\" height=\"276\" srcset=\"https:\/\/forbabyboss.com\/wp-content\/uploads\/2022\/09\/checkout.png 750w, https:\/\/forbabyboss.com\/wp-content\/uploads\/2022\/09\/checkout-600x221.png 600w\" sizes=\"auto, (max-width: 750px) 100vw, 750px\" \/><\/a><\/strong><\/p>","protected":false},"excerpt":{"rendered":"<p><a href=\"http:\/\/forbabyboss.com\/wp-content\/uploads\/2022\/09\/Star-Rating-5.png\"><img loading=\"lazy\" decoding=\"async\" class=\"alignnone size-full wp-image-5973 aligncenter\" src=\"http:\/\/forbabyboss.com\/wp-content\/uploads\/2022\/09\/Star-Rating-5.png\" alt=\"\" width=\"275\" height=\"45\" \/><\/a><\/p>\n<p style=\"text-align: center;\"><span style=\"color: #ed1c24; font-size: 120%;\"><b>PRISGARANTI<\/b><\/span><\/p>\n<p style=\"text-align: center;\"><span style=\"font-size: 115%;\"><span style=\"font-weight: 400; color: #4f4fa7;\">Fri leverans<\/span><span style=\"font-weight: 400;\"> \u2013 2\u20137 dagar<\/span><\/span><\/p>\n<p style=\"text-align: center;\"><strong><span style=\"color: #29606b;\">Gratis g\u00e5va vid k\u00f6p \u00f6ver 100 pund<\/span><\/strong><\/p>","protected":false},"featured_media":4579,"template":"","meta":[],"product_brand":[581],"product_cat":[197,403,305,130,209,211],"product_tag":[200,171],"class_list":{"0":"post-4576","1":"product","2":"type-product","3":"status-publish","4":"has-post-thumbnail","6":"product_brand-tutis","7":"product_cat-4-in-1-pram","8":"product_cat-beige","9":"product_cat-colour","10":"product_cat-prams","11":"product_cat-push-chairs","12":"product_cat-stroller","13":"product_tag-4-in-1-pram","14":"product_tag-pram","16":"first","17":"instock","18":"sale","19":"shipping-taxable","20":"purchasable","21":"product-type-simple"},"yoast_head":"<!-- This site is optimized with the Yoast SEO plugin v27.5 - https:\/\/yoast.com\/product\/yoast-seo-wordpress\/ -->\n<title>Luxury Baby Pram Fragola Pushchair Pastel Travel System 4in1 in Light Beige - For Baby Boss<\/title>\n<meta name=\"description\" content=\"Luxury Baby Pram Fragola Pushchair Pastel Travel System 4in1 in Light Beige\" \/>\n<meta name=\"robots\" content=\"index, follow, max-snippet:-1, max-image-preview:large, max-video-preview:-1\" \/>\n<link rel=\"canonical\" href=\"https:\/\/forbabyboss.com\/sv\/produkt\/lyxig-barnvagn-fragola-pastellfargad-resesystem-4-i-1-i-ljusbeige\/\" \/>\n<meta property=\"og:locale\" content=\"sv_SE\" \/>\n<meta property=\"og:type\" content=\"article\" \/>\n<meta property=\"og:title\" content=\"Luxury Baby Pram Fragola Pushchair Pastel Travel System 4in1 in Light Beige - For Baby Boss\" \/>\n<meta property=\"og:description\" content=\"Luxury Baby Pram Fragola Pushchair Pastel Travel System 4in1 in Light Beige\" \/>\n<meta property=\"og:url\" content=\"https:\/\/forbabyboss.com\/sv\/produkt\/lyxig-barnvagn-fragola-pastellfargad-resesystem-4-i-1-i-ljusbeige\/\" \/>\n<meta property=\"og:site_name\" content=\"For Baby Boss\" \/>\n<meta property=\"article:modified_time\" content=\"2026-02-24T15:02:32+00:00\" \/>\n<meta property=\"og:image\" content=\"https:\/\/forbabyboss.com\/wp-content\/uploads\/2022\/09\/Baby-Pram-Pushchair-Tutis-UNO3-Pastel-Travel-System-2in1-3in1-4in1-Car-Seat-195-Fragola-4in1-3n1isofix-base_MAIN.jpg\" \/>\n\t<meta property=\"og:image:width\" content=\"1020\" \/>\n\t<meta property=\"og:image:height\" content=\"1020\" \/>\n\t<meta property=\"og:image:type\" content=\"image\/jpeg\" \/>\n<meta name=\"twitter:card\" content=\"summary_large_image\" \/>\n<meta name=\"twitter:label1\" content=\"Ber\u00e4knad l\u00e4stid\" \/>\n\t<meta name=\"twitter:data1\" content=\"3 minuter\" \/>\n<script type=\"application\/ld+json\" class=\"yoast-schema-graph\">{\"@context\":\"https:\\\/\\\/schema.org\",\"@graph\":[{\"@type\":\"WebPage\",\"@id\":\"https:\\\/\\\/forbabyboss.com\\\/product\\\/luxury-baby-pram-fragola-pushchair-pastel-travel-system-4in1-in-light-beige\\\/\",\"url\":\"https:\\\/\\\/forbabyboss.com\\\/product\\\/luxury-baby-pram-fragola-pushchair-pastel-travel-system-4in1-in-light-beige\\\/\",\"name\":\"Luxury Baby Pram Fragola Pushchair Pastel Travel System 4in1 in Light Beige - For Baby Boss\",\"isPartOf\":{\"@id\":\"https:\\\/\\\/powderblue-seahorse-496884.hostingersite.com\\\/#website\"},\"primaryImageOfPage\":{\"@id\":\"https:\\\/\\\/forbabyboss.com\\\/product\\\/luxury-baby-pram-fragola-pushchair-pastel-travel-system-4in1-in-light-beige\\\/#primaryimage\"},\"image\":{\"@id\":\"https:\\\/\\\/forbabyboss.com\\\/product\\\/luxury-baby-pram-fragola-pushchair-pastel-travel-system-4in1-in-light-beige\\\/#primaryimage\"},\"thumbnailUrl\":\"https:\\\/\\\/forbabyboss.com\\\/wp-content\\\/uploads\\\/2022\\\/09\\\/Baby-Pram-Pushchair-Tutis-UNO3-Pastel-Travel-System-2in1-3in1-4in1-Car-Seat-195-Fragola-4in1-3n1isofix-base_MAIN.jpg\",\"datePublished\":\"2022-09-09T08:21:53+00:00\",\"dateModified\":\"2026-02-24T15:02:32+00:00\",\"description\":\"Luxury Baby Pram Fragola Pushchair Pastel Travel System 4in1 in Light Beige\",\"breadcrumb\":{\"@id\":\"https:\\\/\\\/forbabyboss.com\\\/product\\\/luxury-baby-pram-fragola-pushchair-pastel-travel-system-4in1-in-light-beige\\\/#breadcrumb\"},\"inLanguage\":\"sv-SE\",\"potentialAction\":[{\"@type\":\"ReadAction\",\"target\":[\"https:\\\/\\\/forbabyboss.com\\\/product\\\/luxury-baby-pram-fragola-pushchair-pastel-travel-system-4in1-in-light-beige\\\/\"]}]},{\"@type\":\"ImageObject\",\"inLanguage\":\"sv-SE\",\"@id\":\"https:\\\/\\\/forbabyboss.com\\\/product\\\/luxury-baby-pram-fragola-pushchair-pastel-travel-system-4in1-in-light-beige\\\/#primaryimage\",\"url\":\"https:\\\/\\\/forbabyboss.com\\\/wp-content\\\/uploads\\\/2022\\\/09\\\/Baby-Pram-Pushchair-Tutis-UNO3-Pastel-Travel-System-2in1-3in1-4in1-Car-Seat-195-Fragola-4in1-3n1isofix-base_MAIN.jpg\",\"contentUrl\":\"https:\\\/\\\/forbabyboss.com\\\/wp-content\\\/uploads\\\/2022\\\/09\\\/Baby-Pram-Pushchair-Tutis-UNO3-Pastel-Travel-System-2in1-3in1-4in1-Car-Seat-195-Fragola-4in1-3n1isofix-base_MAIN.jpg\",\"width\":1020,\"height\":1020},{\"@type\":\"BreadcrumbList\",\"@id\":\"https:\\\/\\\/forbabyboss.com\\\/product\\\/luxury-baby-pram-fragola-pushchair-pastel-travel-system-4in1-in-light-beige\\\/#breadcrumb\",\"itemListElement\":[{\"@type\":\"ListItem\",\"position\":1,\"name\":\"Home\",\"item\":\"https:\\\/\\\/forbabyboss.com\\\/\"},{\"@type\":\"ListItem\",\"position\":2,\"name\":\"Shop\",\"item\":\"https:\\\/\\\/forbabyboss.com\\\/shop\\\/\"},{\"@type\":\"ListItem\",\"position\":3,\"name\":\"Luxury Baby Pram Fragola Pushchair Pastel Travel System 4in1 in Light Beige\"}]},{\"@type\":\"WebSite\",\"@id\":\"https:\\\/\\\/powderblue-seahorse-496884.hostingersite.com\\\/#website\",\"url\":\"https:\\\/\\\/powderblue-seahorse-496884.hostingersite.com\\\/\",\"name\":\"For Baby Boss\",\"description\":\"Beautiful gifts and accessories for your baby boss\",\"potentialAction\":[{\"@type\":\"SearchAction\",\"target\":{\"@type\":\"EntryPoint\",\"urlTemplate\":\"https:\\\/\\\/powderblue-seahorse-496884.hostingersite.com\\\/?s={search_term_string}\"},\"query-input\":{\"@type\":\"PropertyValueSpecification\",\"valueRequired\":true,\"valueName\":\"search_term_string\"}}],\"inLanguage\":\"sv-SE\"}]}<\/script>\n<!-- \/ Yoast SEO plugin. -->","yoast_head_json":{"title":"Lyxig barnvagn Fragola sittvagn Pastel Travel System 4-i-1 i ljusbeige - F\u00f6r Baby Boss","description":"Lyxig barnvagn Fragola sittvagn Pastell Resesystem 4-i-1 i ljusbeige","robots":{"index":"index","follow":"follow","max-snippet":"max-snippet:-1","max-image-preview":"max-image-preview:large","max-video-preview":"max-video-preview:-1"},"canonical":"https:\/\/forbabyboss.com\/sv\/produkt\/lyxig-barnvagn-fragola-pastellfargad-resesystem-4-i-1-i-ljusbeige\/","og_locale":"sv_SE","og_type":"article","og_title":"Luxury Baby Pram Fragola Pushchair Pastel Travel System 4in1 in Light Beige - For Baby Boss","og_description":"Luxury Baby Pram Fragola Pushchair Pastel Travel System 4in1 in Light Beige","og_url":"https:\/\/forbabyboss.com\/sv\/produkt\/lyxig-barnvagn-fragola-pastellfargad-resesystem-4-i-1-i-ljusbeige\/","og_site_name":"For Baby Boss","article_modified_time":"2026-02-24T15:02:32+00:00","og_image":[{"width":1020,"height":1020,"url":"https:\/\/forbabyboss.com\/wp-content\/uploads\/2022\/09\/Baby-Pram-Pushchair-Tutis-UNO3-Pastel-Travel-System-2in1-3in1-4in1-Car-Seat-195-Fragola-4in1-3n1isofix-base_MAIN.jpg","type":"image\/jpeg"}],"twitter_card":"summary_large_image","twitter_misc":{"Ber\u00e4knad l\u00e4stid":"3 minuter"},"schema":{"@context":"https:\/\/schema.org","@graph":[{"@type":"WebPage","@id":"https:\/\/forbabyboss.com\/product\/luxury-baby-pram-fragola-pushchair-pastel-travel-system-4in1-in-light-beige\/","url":"https:\/\/forbabyboss.com\/product\/luxury-baby-pram-fragola-pushchair-pastel-travel-system-4in1-in-light-beige\/","name":"Lyxig barnvagn Fragola sittvagn Pastel Travel System 4-i-1 i ljusbeige - F\u00f6r Baby Boss","isPartOf":{"@id":"https:\/\/powderblue-seahorse-496884.hostingersite.com\/#website"},"primaryImageOfPage":{"@id":"https:\/\/forbabyboss.com\/product\/luxury-baby-pram-fragola-pushchair-pastel-travel-system-4in1-in-light-beige\/#primaryimage"},"image":{"@id":"https:\/\/forbabyboss.com\/product\/luxury-baby-pram-fragola-pushchair-pastel-travel-system-4in1-in-light-beige\/#primaryimage"},"thumbnailUrl":"https:\/\/forbabyboss.com\/wp-content\/uploads\/2022\/09\/Baby-Pram-Pushchair-Tutis-UNO3-Pastel-Travel-System-2in1-3in1-4in1-Car-Seat-195-Fragola-4in1-3n1isofix-base_MAIN.jpg","datePublished":"2022-09-09T08:21:53+00:00","dateModified":"2026-02-24T15:02:32+00:00","description":"Lyxig barnvagn Fragola sittvagn Pastell Resesystem 4-i-1 i ljusbeige","breadcrumb":{"@id":"https:\/\/forbabyboss.com\/product\/luxury-baby-pram-fragola-pushchair-pastel-travel-system-4in1-in-light-beige\/#breadcrumb"},"inLanguage":"sv-SE","potentialAction":[{"@type":"ReadAction","target":["https:\/\/forbabyboss.com\/product\/luxury-baby-pram-fragola-pushchair-pastel-travel-system-4in1-in-light-beige\/"]}]},{"@type":"ImageObject","inLanguage":"sv-SE","@id":"https:\/\/forbabyboss.com\/product\/luxury-baby-pram-fragola-pushchair-pastel-travel-system-4in1-in-light-beige\/#primaryimage","url":"https:\/\/forbabyboss.com\/wp-content\/uploads\/2022\/09\/Baby-Pram-Pushchair-Tutis-UNO3-Pastel-Travel-System-2in1-3in1-4in1-Car-Seat-195-Fragola-4in1-3n1isofix-base_MAIN.jpg","contentUrl":"https:\/\/forbabyboss.com\/wp-content\/uploads\/2022\/09\/Baby-Pram-Pushchair-Tutis-UNO3-Pastel-Travel-System-2in1-3in1-4in1-Car-Seat-195-Fragola-4in1-3n1isofix-base_MAIN.jpg","width":1020,"height":1020},{"@type":"BreadcrumbList","@id":"https:\/\/forbabyboss.com\/product\/luxury-baby-pram-fragola-pushchair-pastel-travel-system-4in1-in-light-beige\/#breadcrumb","itemListElement":[{"@type":"ListItem","position":1,"name":"Home","item":"https:\/\/forbabyboss.com\/"},{"@type":"ListItem","position":2,"name":"Shop","item":"https:\/\/forbabyboss.com\/shop\/"},{"@type":"ListItem","position":3,"name":"Luxury Baby Pram Fragola Pushchair Pastel Travel System 4in1 in Light Beige"}]},{"@type":"WebSite","@id":"https:\/\/powderblue-seahorse-496884.hostingersite.com\/#website","url":"https:\/\/powderblue-seahorse-496884.hostingersite.com\/","name":"F\u00f6r Baby Boss","description":"Vackra presenter och tillbeh\u00f6r till din babychef","potentialAction":[{"@type":"SearchAction","target":{"@type":"EntryPoint","urlTemplate":"https:\/\/powderblue-seahorse-496884.hostingersite.com\/?s={search_term_string}"},"query-input":{"@type":"PropertyValueSpecification","valueRequired":true,"valueName":"search_term_string"}}],"inLanguage":"sv-SE"}]}},"_links":{"self":[{"href":"https:\/\/forbabyboss.com\/sv\/wp-json\/wp\/v2\/product\/4576","targetHints":{"allow":["GET"]}}],"collection":[{"href":"https:\/\/forbabyboss.com\/sv\/wp-json\/wp\/v2\/product"}],"about":[{"href":"https:\/\/forbabyboss.com\/sv\/wp-json\/wp\/v2\/types\/product"}],"wp:featuredmedia":[{"embeddable":true,"href":"https:\/\/forbabyboss.com\/sv\/wp-json\/wp\/v2\/media\/4579"}],"wp:attachment":[{"href":"https:\/\/forbabyboss.com\/sv\/wp-json\/wp\/v2\/media?parent=4576"}],"wp:term":[{"taxonomy":"product_brand","embeddable":true,"href":"https:\/\/forbabyboss.com\/sv\/wp-json\/wp\/v2\/product_brand?post=4576"},{"taxonomy":"product_cat","embeddable":true,"href":"https:\/\/forbabyboss.com\/sv\/wp-json\/wp\/v2\/product_cat?post=4576"},{"taxonomy":"product_tag","embeddable":true,"href":"https:\/\/forbabyboss.com\/sv\/wp-json\/wp\/v2\/product_tag?post=4576"}],"curies":[{"name":"wp","href":"https:\/\/api.w.org\/{rel}","templated":true}]}}