{"id":4590,"date":"2022-09-09T12:09:28","date_gmt":"2022-09-09T12:09:28","guid":{"rendered":"http:\/\/forbabyboss.com\/?post_type=product&#038;p=4590"},"modified":"2026-02-21T16:18:59","modified_gmt":"2026-02-21T16:18:59","slug":"barnvagn-individuellt-resesystem-4-i-1-med-svart-och-bla-ram","status":"publish","type":"product","link":"https:\/\/forbabyboss.com\/sv\/product\/baby-pram-individual-travel-system-stroller-4in1-in-black-and-blue-frame\/","title":{"rendered":"Barnvagn Individuellt Resesystem 4-i-1 med svart och bl\u00e5 ram"},"content":{"rendered":"<p><strong><span style=\"color: #e14d43;\"><span style=\"font-family: Arial;\">EXKLUSIV F\u00d6LJESMAN F\u00d6R\u00a0<\/span>BEKV\u00c4M UPPLEVELSE\u00a0<\/span><\/strong><\/p>\n<p style=\"text-align: left;\" align=\"center\"><strong><span style=\"font-family: Arial;\">PRESTIGE, KOMFORT, ANV\u00c4NDBARA \u2013 OM DU FR\u00c5GADE OSS VILKA ORD SOM B\u00c4ST BESKRIVER JUNAMA DIAMOND \u2013 SKULLE DET VARA V\u00c5RT SVAR.<\/span><\/strong><\/p>\n<p style=\"text-align: justify;\" align=\"center\"><strong><span style=\"font-family: Arial;\">Denna m\u00f6bel designades noggrant av v\u00e5ra skickligaste designers \u2013 deras resultat blev enast\u00e5ende, och nu \u00e4r det dags att \u00e4ntligen visa den f\u00f6r v\u00e4rlden. Det \u00e4r v\u00e5rt svar p\u00e5 er beg\u00e4ran om en extraordin\u00e4r, men minimalistisk barnvagn. Den kombinerar enkelhet och funktionalitet, samtidigt som den bibeh\u00e5ller en unik design. Idag presenterar vi f\u00f6r ER:<\/span><\/strong><\/p>\n<p style=\"text-align: left;\" align=\"center\"><strong><span style=\"font-family: Arial;\">JUNAMA DIAMANT Individual V2<\/span><\/strong><\/p>\n<p style=\"text-align: justify;\" align=\"center\"><strong><span style=\"font-family: Arial;\">Ny standard f\u00f6r JUNAMAS barnvagnar i version V2<\/span><\/strong><\/p>\n<p style=\"text-align: justify;\" align=\"center\"><strong><span style=\"font-family: Arial;\">F\u00f6ljer trenderna och f\u00f6r\u00e4ldrarnas behov. Varum\u00e4rket JUNAMA har inf\u00f6rt n\u00e5gra f\u00f6r\u00e4ndringar och skapat barnvagnarna i den nya V2-versionen. H\u00e4r \u00e4r de viktigaste bekv\u00e4mligheterna:<\/span><\/strong><\/p>\n<p style=\"text-align: justify;\" align=\"center\"><strong><span style=\"font-family: Arial;\">Viktminskning \u2013 f\u00f6rb\u00e4ttring av f\u00f6rarstrukturen \u2013 m\u00f6jligheten att f\u00e4lla ihop strukturen med s\u00e4tet<\/span><\/strong><\/p>\n<p style=\"text-align: justify;\" align=\"center\"><strong><span style=\"font-family: Arial;\">anv\u00e4ndning av ett intuitivt system f\u00f6r fr\u00e5nkoppling av liggdel \u2013 teknisk f\u00f6rb\u00e4ttring av sv\u00e4nghjul<\/span><\/strong><\/p>\n<p style=\"text-align: justify;\" align=\"center\"><strong><span style=\"font-family: Arial;\">Designad av de b\u00e4sta designerna. MAMMA-V\u00c4SKA med vikfunktion, \u00f6kad kapacitet och MODERN DESIGN!<\/span><\/strong><\/p>\n<p style=\"text-align: justify;\" align=\"center\"><strong><span style=\"font-family: Arial;\">Teknisk modifiering av b\u00e4rselens \u00f6verdrag p\u00e5 insidan m\u00f6jligg\u00f6r snabb \u00e5tkomst till b\u00e4rselen!<\/span><\/strong><\/p>\n<p style=\"text-align: justify;\" align=\"center\"><strong><span style=\"font-family: Arial;\">d\u00e4ckbyte \u2013 anv\u00e4ndning av ett underh\u00e5llsfritt, permanent d\u00e4cksystem med ett polyuretanlager! NYHET!<\/span><\/strong><\/p>\n<h4 style=\"text-align: justify;\" align=\"center\"><strong><span style=\"font-family: Arial;\"><span style=\"color: #e14d43;\">Produktfunktion<\/span>:<\/span><\/strong><\/h4>\n<p style=\"text-align: justify;\" align=\"center\"><strong><span style=\"font-family: Arial;\">\u2013 MAX-CLICK pluggsystem<\/span><\/strong><\/p>\n<p style=\"text-align: justify;\" align=\"center\"><strong><span style=\"font-family: Arial;\">\u2013 \u201cAnti-shock\u201d st\u00f6td\u00e4mpningssystem<\/span><\/strong><\/p>\n<p style=\"text-align: justify;\" align=\"center\"><strong><span style=\"font-family: Arial;\">\u2013 Centralbroms<\/span><\/strong><\/p>\n<p style=\"text-align: justify;\" align=\"center\"><strong><span style=\"font-family: Arial;\">\u2013 Gelhjul<\/span><\/strong><\/p>\n<p style=\"text-align: justify;\" align=\"center\"><strong><span style=\"font-family: Arial;\">\u2013 6-punkts byggavskrivningar<\/span><\/strong><\/p>\n<p style=\"text-align: justify;\" align=\"center\"><strong><span style=\"font-family: Arial;\">\u2013 Reglering av handtag i konstl\u00e4der<\/span><\/strong><\/p>\n<p style=\"text-align: justify;\" align=\"center\"><strong><span style=\"font-family: Arial;\">\u2013 Liggdel tillverkad i 3D<\/span><\/strong><\/p>\n<p style=\"text-align: justify;\" align=\"center\"><strong><span style=\"font-family: Arial;\">\u2013 Regler f\u00f6r liggdel<\/span><\/strong><\/p>\n<p style=\"text-align: justify;\" align=\"center\"><strong><span style=\"font-family: Arial;\">\u2013 Bekv\u00e4m, mjuk madrass<\/span><\/strong><\/p>\n<p style=\"text-align: justify;\" align=\"center\"><strong><span style=\"font-family: Arial;\">\u2013 Vaddering och madrass tillverkade av 100% bomull<\/span><\/strong><\/p>\n<p style=\"text-align: justify;\" align=\"center\"><strong><span style=\"font-family: Arial;\">\u2013 Avtagbar barri\u00e4r i barnvagnen tillverkad av konstl\u00e4der<\/span><\/strong><\/p>\n<p style=\"text-align: justify;\" align=\"center\"><strong><span style=\"font-family: Arial;\">\u2013 Innovativt ventilationssystem i barnvagn och sittvagn<\/span><\/strong><\/p>\n<p style=\"text-align: justify;\" align=\"center\"><strong><span style=\"font-family: Arial;\">\u2013 Vattent\u00e4tt och UV-t\u00e4tt tyg<\/span><\/strong><\/p>\n<h4 style=\"text-align: justify;\" align=\"center\"><strong><span style=\"font-family: Arial;\"><span style=\"color: #e14d43;\">Pris ing\u00e5r<\/span>:<\/span><\/strong><\/h4>\n<p style=\"text-align: justify;\" align=\"center\"><strong><span style=\"font-family: Arial;\"><span style=\"color: #e14d43;\">2 i 1 inneh\u00e5ller<\/span>:<\/span><\/strong><\/p>\n<p style=\"text-align: justify;\" align=\"center\"><strong><span style=\"font-family: Arial;\">\u2013 Aluminiumram plus gelhjul<\/span><\/strong><\/p>\n<p style=\"text-align: justify;\" align=\"center\"><strong>\u2013 Liggdel<\/strong><\/p>\n<p style=\"text-align: justify;\" align=\"center\"><strong><span style=\"font-family: Arial;\">\u2013 Madrass<\/span><\/strong><\/p>\n<p style=\"text-align: justify;\" align=\"center\"><strong>\u2013 \u00d6verdrag f\u00f6r liggdel<\/strong><\/p>\n<p style=\"text-align: justify;\" align=\"center\"><strong><span style=\"font-family: Arial;\">\u2013 Sittdel (barnvagn)<\/span><\/strong><\/p>\n<p style=\"text-align: justify;\" align=\"center\"><strong><span style=\"font-family: Arial;\">\u2013 \u00c5kp\u00e5se<\/span><\/strong><\/p>\n<p style=\"text-align: justify;\" align=\"center\"><strong><span style=\"font-family: Arial;\">\u2013 V\u00e4ska med sk\u00f6tb\u00e4dd<\/span><\/strong><\/p>\n<p style=\"text-align: justify;\" align=\"center\"><strong><span style=\"font-family: Arial;\">\u2013 Rymlig varukorg<\/span><\/strong><\/p>\n<p style=\"text-align: justify;\" align=\"center\"><strong><span style=\"font-family: Arial;\">\u2013 Regnskydd<\/span><\/strong><\/p>\n<p style=\"text-align: justify;\" align=\"center\"><strong><span style=\"font-family: Arial;\">\u2013 Myggn\u00e4t<\/span><\/strong><\/p>\n<p style=\"text-align: justify;\" align=\"center\"><strong><span style=\"font-family: Arial;\">\u2013 Muggh\u00e5llare<\/span><\/strong><\/p>\n<h4 style=\"text-align: justify;\" align=\"center\"><strong><span style=\"font-family: Arial;\"><span style=\"color: #e14d43;\">Ytterligare alternativ<\/span>:<\/span><\/strong><\/h4>\n<p style=\"text-align: justify;\" align=\"center\"><strong><span style=\"font-family: Arial;\">\u2013 Adaptrar\u00a0<\/span><\/strong><\/p>\n<p style=\"text-align: justify;\" align=\"center\"><strong><span style=\"font-family: Arial;\">\u2013 Sovs\u00e4ck\u00a0<\/span><\/strong><\/p>\n<p style=\"text-align: justify;\" align=\"center\"><strong><span style=\"font-family: Arial;\">\u2013 Paraply<\/span><\/strong><\/p>\n<p style=\"text-align: justify;\" align=\"center\"><strong><span style=\"font-family: Arial;\">\u2013 Handskar<\/span><\/strong><\/p>\n<p style=\"text-align: justify;\" align=\"center\"><strong><span style=\"font-family: Arial;\">*Bilbarnstol (valfritt)<\/span><\/strong><\/p>\n<p style=\"text-align: justify;\" align=\"center\"><strong>*ISOFIX-bas (tillval)<\/strong><\/p>\n<p><strong><span style=\"color: #e14d43;\">M\u00e5tt\u00a0<\/span><\/strong><\/p>\n<p style=\"text-align: justify;\" align=\"center\"><strong><img decoding=\"async\" src=\"https:\/\/ppg4kids.com\/img\/cms\/wymiary.PNG\" \/><\/strong><\/p>\n<p style=\"text-align: left;\" align=\"center\"><a href=\"http:\/\/forbabyboss.com\/wp-content\/uploads\/2022\/09\/checkout.png\"><img loading=\"lazy\" decoding=\"async\" class=\"alignnone size-full wp-image-5965\" src=\"http:\/\/forbabyboss.com\/wp-content\/uploads\/2022\/09\/checkout.png\" alt=\"\" width=\"750\" height=\"276\" srcset=\"https:\/\/forbabyboss.com\/wp-content\/uploads\/2022\/09\/checkout.png 750w, https:\/\/forbabyboss.com\/wp-content\/uploads\/2022\/09\/checkout-600x221.png 600w\" sizes=\"auto, (max-width: 750px) 100vw, 750px\" \/><\/a><\/p>","protected":false},"excerpt":{"rendered":"<p><a href=\"http:\/\/forbabyboss.com\/wp-content\/uploads\/2022\/09\/Star-Rating-5.png\"><img loading=\"lazy\" decoding=\"async\" class=\"alignnone size-full wp-image-5973 aligncenter\" src=\"http:\/\/forbabyboss.com\/wp-content\/uploads\/2022\/09\/Star-Rating-5.png\" alt=\"\" width=\"275\" height=\"45\" \/><\/a><\/p>\n<p style=\"text-align: center;\"><span style=\"color: #ed1c24; font-size: 120%;\"><b>PRISGARANTI<\/b><\/span><\/p>\n<p style=\"text-align: center;\"><span style=\"font-size: 115%;\"><span style=\"font-weight: 400; color: #4f4fa7;\">Fri leverans<\/span><span style=\"font-weight: 400;\"> \u2013 2\u20137 dagar<\/span><\/span><\/p>\n<p style=\"text-align: center;\"><strong><span style=\"color: #29606b;\">Gratis g\u00e5va vid k\u00f6p \u00f6ver 100 pund<\/span><\/strong><\/p>","protected":false},"featured_media":4596,"template":"","meta":[],"product_brand":[584],"product_cat":[156,197,207,213,305,130,209,211],"product_tag":[163,200,171],"class_list":{"0":"post-4590","1":"product","2":"type-product","3":"status-publish","4":"has-post-thumbnail","6":"product_brand-junama","7":"product_cat-3-in-1","8":"product_cat-4-in-1-pram","9":"product_cat-black","10":"product_cat-blue","11":"product_cat-colour","12":"product_cat-prams","13":"product_cat-push-chairs","14":"product_cat-stroller","15":"product_tag-3-in-1-prams","16":"product_tag-4-in-1-pram","17":"product_tag-pram","19":"first","20":"instock","21":"sale","22":"shipping-taxable","23":"purchasable","24":"product-type-simple"},"yoast_head":"<!-- This site is optimized with the Yoast SEO plugin v27.5 - https:\/\/yoast.com\/product\/yoast-seo-wordpress\/ -->\n<title>Baby Pram Individual Travel System Stroller 4in1 in Black and Blue Frame - For Baby Boss<\/title>\n<meta name=\"description\" content=\"Baby Pram Individual Travel System Stroller 4in1 in Black and Blue Frame\" \/>\n<meta name=\"robots\" content=\"index, follow, max-snippet:-1, max-image-preview:large, max-video-preview:-1\" \/>\n<link rel=\"canonical\" href=\"https:\/\/forbabyboss.com\/sv\/produkt\/barnvagn-individuellt-resesystem-4-i-1-med-svart-och-bla-ram\/\" \/>\n<meta property=\"og:locale\" content=\"sv_SE\" \/>\n<meta property=\"og:type\" content=\"article\" \/>\n<meta property=\"og:title\" content=\"Baby Pram Individual Travel System Stroller 4in1 in Black and Blue Frame - For Baby Boss\" \/>\n<meta property=\"og:description\" content=\"Baby Pram Individual Travel System Stroller 4in1 in Black and Blue Frame\" \/>\n<meta property=\"og:url\" content=\"https:\/\/forbabyboss.com\/sv\/produkt\/barnvagn-individuellt-resesystem-4-i-1-med-svart-och-bla-ram\/\" \/>\n<meta property=\"og:site_name\" content=\"For Baby Boss\" \/>\n<meta property=\"article:modified_time\" content=\"2026-02-21T16:18:59+00:00\" \/>\n<meta property=\"og:image\" content=\"https:\/\/forbabyboss.com\/wp-content\/uploads\/2022\/09\/Baby-Pram-Pushchair-Junama-Individual-Travel-System-2in1-3in1-4in1-Car-Seat-4in13in1isofix-base-02_main.jpg\" \/>\n\t<meta property=\"og:image:width\" content=\"1020\" \/>\n\t<meta property=\"og:image:height\" content=\"1020\" \/>\n\t<meta property=\"og:image:type\" content=\"image\/jpeg\" \/>\n<meta name=\"twitter:card\" content=\"summary_large_image\" \/>\n<meta name=\"twitter:label1\" content=\"Ber\u00e4knad l\u00e4stid\" \/>\n\t<meta name=\"twitter:data1\" content=\"2 minuter\" \/>\n<script type=\"application\/ld+json\" class=\"yoast-schema-graph\">{\"@context\":\"https:\\\/\\\/schema.org\",\"@graph\":[{\"@type\":\"WebPage\",\"@id\":\"https:\\\/\\\/forbabyboss.com\\\/product\\\/baby-pram-individual-travel-system-stroller-4in1-in-black-and-blue-frame\\\/\",\"url\":\"https:\\\/\\\/forbabyboss.com\\\/product\\\/baby-pram-individual-travel-system-stroller-4in1-in-black-and-blue-frame\\\/\",\"name\":\"Baby Pram Individual Travel System Stroller 4in1 in Black and Blue Frame - For Baby Boss\",\"isPartOf\":{\"@id\":\"https:\\\/\\\/powderblue-seahorse-496884.hostingersite.com\\\/#website\"},\"primaryImageOfPage\":{\"@id\":\"https:\\\/\\\/forbabyboss.com\\\/product\\\/baby-pram-individual-travel-system-stroller-4in1-in-black-and-blue-frame\\\/#primaryimage\"},\"image\":{\"@id\":\"https:\\\/\\\/forbabyboss.com\\\/product\\\/baby-pram-individual-travel-system-stroller-4in1-in-black-and-blue-frame\\\/#primaryimage\"},\"thumbnailUrl\":\"https:\\\/\\\/forbabyboss.com\\\/wp-content\\\/uploads\\\/2022\\\/09\\\/Baby-Pram-Pushchair-Junama-Individual-Travel-System-2in1-3in1-4in1-Car-Seat-4in13in1isofix-base-02_main.jpg\",\"datePublished\":\"2022-09-09T12:09:28+00:00\",\"dateModified\":\"2026-02-21T16:18:59+00:00\",\"description\":\"Baby Pram Individual Travel System Stroller 4in1 in Black and Blue Frame\",\"breadcrumb\":{\"@id\":\"https:\\\/\\\/forbabyboss.com\\\/product\\\/baby-pram-individual-travel-system-stroller-4in1-in-black-and-blue-frame\\\/#breadcrumb\"},\"inLanguage\":\"sv-SE\",\"potentialAction\":[{\"@type\":\"ReadAction\",\"target\":[\"https:\\\/\\\/forbabyboss.com\\\/product\\\/baby-pram-individual-travel-system-stroller-4in1-in-black-and-blue-frame\\\/\"]}]},{\"@type\":\"ImageObject\",\"inLanguage\":\"sv-SE\",\"@id\":\"https:\\\/\\\/forbabyboss.com\\\/product\\\/baby-pram-individual-travel-system-stroller-4in1-in-black-and-blue-frame\\\/#primaryimage\",\"url\":\"https:\\\/\\\/forbabyboss.com\\\/wp-content\\\/uploads\\\/2022\\\/09\\\/Baby-Pram-Pushchair-Junama-Individual-Travel-System-2in1-3in1-4in1-Car-Seat-4in13in1isofix-base-02_main.jpg\",\"contentUrl\":\"https:\\\/\\\/forbabyboss.com\\\/wp-content\\\/uploads\\\/2022\\\/09\\\/Baby-Pram-Pushchair-Junama-Individual-Travel-System-2in1-3in1-4in1-Car-Seat-4in13in1isofix-base-02_main.jpg\",\"width\":1020,\"height\":1020},{\"@type\":\"BreadcrumbList\",\"@id\":\"https:\\\/\\\/forbabyboss.com\\\/product\\\/baby-pram-individual-travel-system-stroller-4in1-in-black-and-blue-frame\\\/#breadcrumb\",\"itemListElement\":[{\"@type\":\"ListItem\",\"position\":1,\"name\":\"Home\",\"item\":\"https:\\\/\\\/forbabyboss.com\\\/\"},{\"@type\":\"ListItem\",\"position\":2,\"name\":\"Shop\",\"item\":\"https:\\\/\\\/forbabyboss.com\\\/shop\\\/\"},{\"@type\":\"ListItem\",\"position\":3,\"name\":\"Baby Pram Individual Travel System Stroller 4in1 in Black and Blue Frame\"}]},{\"@type\":\"WebSite\",\"@id\":\"https:\\\/\\\/powderblue-seahorse-496884.hostingersite.com\\\/#website\",\"url\":\"https:\\\/\\\/powderblue-seahorse-496884.hostingersite.com\\\/\",\"name\":\"For Baby Boss\",\"description\":\"Beautiful gifts and accessories for your baby boss\",\"potentialAction\":[{\"@type\":\"SearchAction\",\"target\":{\"@type\":\"EntryPoint\",\"urlTemplate\":\"https:\\\/\\\/powderblue-seahorse-496884.hostingersite.com\\\/?s={search_term_string}\"},\"query-input\":{\"@type\":\"PropertyValueSpecification\",\"valueRequired\":true,\"valueName\":\"search_term_string\"}}],\"inLanguage\":\"sv-SE\"}]}<\/script>\n<!-- \/ Yoast SEO plugin. -->","yoast_head_json":{"title":"Baby Pram Individual Travel System Barnvagn 4-i-1 med svart och bl\u00e5 ram - F\u00f6r Baby Boss","description":"Barnvagn Individuellt Resesystem 4-i-1 med svart och bl\u00e5 ram","robots":{"index":"index","follow":"follow","max-snippet":"max-snippet:-1","max-image-preview":"max-image-preview:large","max-video-preview":"max-video-preview:-1"},"canonical":"https:\/\/forbabyboss.com\/sv\/produkt\/barnvagn-individuellt-resesystem-4-i-1-med-svart-och-bla-ram\/","og_locale":"sv_SE","og_type":"article","og_title":"Baby Pram Individual Travel System Stroller 4in1 in Black and Blue Frame - For Baby Boss","og_description":"Baby Pram Individual Travel System Stroller 4in1 in Black and Blue Frame","og_url":"https:\/\/forbabyboss.com\/sv\/produkt\/barnvagn-individuellt-resesystem-4-i-1-med-svart-och-bla-ram\/","og_site_name":"For Baby Boss","article_modified_time":"2026-02-21T16:18:59+00:00","og_image":[{"width":1020,"height":1020,"url":"https:\/\/forbabyboss.com\/wp-content\/uploads\/2022\/09\/Baby-Pram-Pushchair-Junama-Individual-Travel-System-2in1-3in1-4in1-Car-Seat-4in13in1isofix-base-02_main.jpg","type":"image\/jpeg"}],"twitter_card":"summary_large_image","twitter_misc":{"Ber\u00e4knad l\u00e4stid":"2 minuter"},"schema":{"@context":"https:\/\/schema.org","@graph":[{"@type":"WebPage","@id":"https:\/\/forbabyboss.com\/product\/baby-pram-individual-travel-system-stroller-4in1-in-black-and-blue-frame\/","url":"https:\/\/forbabyboss.com\/product\/baby-pram-individual-travel-system-stroller-4in1-in-black-and-blue-frame\/","name":"Baby Pram Individual Travel System Barnvagn 4-i-1 med svart och bl\u00e5 ram - F\u00f6r Baby Boss","isPartOf":{"@id":"https:\/\/powderblue-seahorse-496884.hostingersite.com\/#website"},"primaryImageOfPage":{"@id":"https:\/\/forbabyboss.com\/product\/baby-pram-individual-travel-system-stroller-4in1-in-black-and-blue-frame\/#primaryimage"},"image":{"@id":"https:\/\/forbabyboss.com\/product\/baby-pram-individual-travel-system-stroller-4in1-in-black-and-blue-frame\/#primaryimage"},"thumbnailUrl":"https:\/\/forbabyboss.com\/wp-content\/uploads\/2022\/09\/Baby-Pram-Pushchair-Junama-Individual-Travel-System-2in1-3in1-4in1-Car-Seat-4in13in1isofix-base-02_main.jpg","datePublished":"2022-09-09T12:09:28+00:00","dateModified":"2026-02-21T16:18:59+00:00","description":"Barnvagn Individuellt Resesystem 4-i-1 med svart och bl\u00e5 ram","breadcrumb":{"@id":"https:\/\/forbabyboss.com\/product\/baby-pram-individual-travel-system-stroller-4in1-in-black-and-blue-frame\/#breadcrumb"},"inLanguage":"sv-SE","potentialAction":[{"@type":"ReadAction","target":["https:\/\/forbabyboss.com\/product\/baby-pram-individual-travel-system-stroller-4in1-in-black-and-blue-frame\/"]}]},{"@type":"ImageObject","inLanguage":"sv-SE","@id":"https:\/\/forbabyboss.com\/product\/baby-pram-individual-travel-system-stroller-4in1-in-black-and-blue-frame\/#primaryimage","url":"https:\/\/forbabyboss.com\/wp-content\/uploads\/2022\/09\/Baby-Pram-Pushchair-Junama-Individual-Travel-System-2in1-3in1-4in1-Car-Seat-4in13in1isofix-base-02_main.jpg","contentUrl":"https:\/\/forbabyboss.com\/wp-content\/uploads\/2022\/09\/Baby-Pram-Pushchair-Junama-Individual-Travel-System-2in1-3in1-4in1-Car-Seat-4in13in1isofix-base-02_main.jpg","width":1020,"height":1020},{"@type":"BreadcrumbList","@id":"https:\/\/forbabyboss.com\/product\/baby-pram-individual-travel-system-stroller-4in1-in-black-and-blue-frame\/#breadcrumb","itemListElement":[{"@type":"ListItem","position":1,"name":"Home","item":"https:\/\/forbabyboss.com\/"},{"@type":"ListItem","position":2,"name":"Shop","item":"https:\/\/forbabyboss.com\/shop\/"},{"@type":"ListItem","position":3,"name":"Baby Pram Individual Travel System Stroller 4in1 in Black and Blue Frame"}]},{"@type":"WebSite","@id":"https:\/\/powderblue-seahorse-496884.hostingersite.com\/#website","url":"https:\/\/powderblue-seahorse-496884.hostingersite.com\/","name":"F\u00f6r Baby Boss","description":"Vackra presenter och tillbeh\u00f6r till din babychef","potentialAction":[{"@type":"SearchAction","target":{"@type":"EntryPoint","urlTemplate":"https:\/\/powderblue-seahorse-496884.hostingersite.com\/?s={search_term_string}"},"query-input":{"@type":"PropertyValueSpecification","valueRequired":true,"valueName":"search_term_string"}}],"inLanguage":"sv-SE"}]}},"_links":{"self":[{"href":"https:\/\/forbabyboss.com\/sv\/wp-json\/wp\/v2\/product\/4590","targetHints":{"allow":["GET"]}}],"collection":[{"href":"https:\/\/forbabyboss.com\/sv\/wp-json\/wp\/v2\/product"}],"about":[{"href":"https:\/\/forbabyboss.com\/sv\/wp-json\/wp\/v2\/types\/product"}],"wp:featuredmedia":[{"embeddable":true,"href":"https:\/\/forbabyboss.com\/sv\/wp-json\/wp\/v2\/media\/4596"}],"wp:attachment":[{"href":"https:\/\/forbabyboss.com\/sv\/wp-json\/wp\/v2\/media?parent=4590"}],"wp:term":[{"taxonomy":"product_brand","embeddable":true,"href":"https:\/\/forbabyboss.com\/sv\/wp-json\/wp\/v2\/product_brand?post=4590"},{"taxonomy":"product_cat","embeddable":true,"href":"https:\/\/forbabyboss.com\/sv\/wp-json\/wp\/v2\/product_cat?post=4590"},{"taxonomy":"product_tag","embeddable":true,"href":"https:\/\/forbabyboss.com\/sv\/wp-json\/wp\/v2\/product_tag?post=4590"}],"curies":[{"name":"wp","href":"https:\/\/api.w.org\/{rel}","templated":true}]}}