{"id":4730,"date":"2022-09-09T15:16:00","date_gmt":"2022-09-09T15:16:00","guid":{"rendered":"http:\/\/forbabyboss.com\/?post_type=product&#038;p=4730"},"modified":"2026-02-18T21:32:49","modified_gmt":"2026-02-18T21:32:49","slug":"fx-barnvagn-barnvagn-4-i-1-fx-11","status":"publish","type":"product","link":"https:\/\/forbabyboss.com\/sv\/product\/fx-pram-stroller-puschair-4in1-fx-11\/","title":{"rendered":"FX Barnvagn 4-i-1 FX 11"},"content":{"rendered":"<p style=\"text-align: justify;\" align=\"center\"><strong><span style=\"font-size: medium; color: #808080;\">Tillverkad i Europa av h\u00f6gkvalitativa material, l\u00e4tt aluminiumram, designad med modern stil.<br \/>\n<\/span><\/strong><\/p>\n<p style=\"text-align: justify;\" align=\"center\"><strong><span style=\"font-family: Arial; color: #808080;\">FX \u00e4r ett multifunktionellt resesystem f\u00f6r barn 2-i-1 \/ 3-i-1 \/ 4-i-1. Det \u00e4r en fantastisk kombination av minimalism och universell funktionalitet f\u00f6r 2000-talet.<\/span><\/strong><\/p>\n<p style=\"text-align: justify;\" align=\"center\"><strong><span style=\"font-family: Arial; color: #808080;\">Detta resesystem ser extremt snyggt ut, och dess sm\u00e5 men stabila hjul motsvarar helt de senaste trenderna inom europeisk design. Det har designats f\u00f6r f\u00f6r\u00e4ldrar som letar efter en produkt som kommer att anv\u00e4ndas under l\u00e5ng tid. Den l\u00e4tta aluminiumramen med justerbar st\u00f6td\u00e4mpare g\u00f6r k\u00f6rningen mycket enkel.<\/span><\/strong><\/p>\n<h4 style=\"text-align: justify;\" align=\"center\"><strong><span style=\"color: #808080;\"><span style=\"font-family: Arial;\"><span style=\"color: #e14d43;\">Seten inkluderar<\/span>:<\/span><\/span><\/strong><\/h4>\n<p><strong><span style=\"color: #808080;\"><span style=\"font-family: Arial;\"> muffar, benskydd, muggh\u00e5llare och mycket mer.<\/span><\/span><\/strong><\/p>\n<p><strong><span style=\"color: #808080;\"><span style=\"font-family: Arial;\"> Ta en titt!<\/span><\/span><\/strong><\/p>\n<p><strong><span style=\"color: #808080;\"><span style=\"font-family: Arial;\">Det finns alternativ som du kan v\u00e4lja mellan:\u00a0<\/span><\/span><\/strong><\/p>\n<p style=\"text-align: justify;\" align=\"center\"><strong><span style=\"font-family: Arial; color: #808080;\">\u2013 2-i-1-alternativ som inkluderar ram, liggdel och barnvagn (se v\u00e5ra andra annonser)<\/span><\/strong><\/p>\n<p style=\"text-align: justify;\" align=\"center\"><strong><span style=\"font-family: Arial; color: #808080;\">\u2013 3-i-1-alternativ som inkluderar ram, liggdel, barnvagn och bilbarnstol (se v\u00e5ra andra annonser)<\/span><\/strong><\/p>\n<p style=\"text-align: justify;\" align=\"center\"><strong><span style=\"color: #808080;\"><span style=\"font-family: Arial;\">\u2013\u00a0 \u00a0<\/span><span style=\"font-family: Arial;\">4-i-1-alternativ som inkluderar allt ovanst\u00e5ende med en ISOFIX-bas som ger stabilitet och s\u00e4kerhet f\u00f6r ditt barn n\u00e4r du reser i bil<\/span><\/span><\/strong><\/p>\n<h4 style=\"text-align: justify;\" align=\"center\"><strong><span style=\"font-family: Arial; color: #808080;\"><span style=\"color: #e14d43;\">Produktegenskaper<\/span>:<\/span><\/strong><\/h4>\n<p style=\"text-align: justify;\" align=\"center\"><strong><span style=\"font-family: Arial; color: #808080;\">\u2013 Elegant, l\u00e4tt och h\u00e5llbar konstruktion av aluminium<\/span><\/strong><\/p>\n<p style=\"text-align: justify;\" align=\"center\"><strong><span style=\"font-family: Arial; color: #808080;\">\u2013 Snygg ram<\/span><\/strong><\/p>\n<p style=\"text-align: justify;\" align=\"center\"><strong><span style=\"font-family: Arial; color: #808080;\">\u2013 Enkelt och praktiskt f\u00e4llsystem \u2013 upp till position \u201c0\u201d<\/span><\/strong><\/p>\n<p style=\"text-align: justify;\" align=\"center\"><strong><span style=\"font-family: Arial; color: #808080;\">\u2013 Justerbart ryggst\u00f6d<\/span><\/strong><\/p>\n<p style=\"text-align: justify;\" align=\"center\"><strong><span style=\"font-family: Arial; color: #808080;\">\u2013 Skumhjul (gelhjul) som \u00e4r lika mjuka som de luftfyllda (men de kan inte punkteras), vilket ger mycket h\u00f6g \u00e5kkomfort f\u00f6r ditt barn.<\/span><\/strong><\/p>\n<p style=\"text-align: justify;\" align=\"center\"><strong><span style=\"font-family: Arial; color: #808080;\">\u2013 360-graders roterande hjulsystem<\/span><\/strong><\/p>\n<p style=\"text-align: justify;\" align=\"center\"><strong><span style=\"font-family: Arial; color: #808080;\">\u2013 Anti-chocksystem<\/span><\/strong><\/p>\n<p style=\"text-align: justify;\" align=\"center\"><strong><span style=\"font-family: Arial; color: #808080;\">\u2013 Justerbart handtag som g\u00f6r att du kan justera dess niv\u00e5 till f\u00f6r\u00e4ldrarnas h\u00f6jd<\/span><\/strong><\/p>\n<p><strong><span style=\"color: #808080;\"><span style=\"font-size: large;\"><span style=\"color: #e14d43;\">Pris ing\u00e5r<\/span>:<\/span><\/span><\/strong><\/p>\n<p style=\"text-align: justify;\" align=\"center\"><strong><span style=\"font-family: Arial; color: #808080;\">- Ram i aluminium<\/span><\/strong><\/p>\n<p style=\"text-align: justify;\" align=\"center\"><strong><span style=\"font-family: Arial; color: #808080;\">\u2013 4 skum-\/gelhjul<\/span><\/strong><\/p>\n<p style=\"text-align: justify;\" align=\"center\"><strong><span style=\"font-family: Arial; color: #808080;\">\u2013 Liggdel<\/span><\/strong><\/p>\n<p style=\"text-align: justify;\" align=\"center\"><strong><span style=\"font-family: Arial; color: #808080;\">\u2013 Barnvagn<\/span><\/strong><\/p>\n<p style=\"text-align: justify;\" align=\"center\"><strong><span style=\"font-family: Arial; color: #808080;\">\u2013 Regnskydd<\/span><\/strong><\/p>\n<p style=\"text-align: justify;\" align=\"center\"><strong><span style=\"font-family: Arial; color: #808080;\">\u2013 Myggn\u00e4t<\/span><\/strong><\/p>\n<p style=\"text-align: justify;\" align=\"center\"><strong><span style=\"font-family: Arial; color: #808080;\">\u2013 V\u00e4ska<\/span><\/strong><\/p>\n<p style=\"text-align: justify;\" align=\"center\"><strong><span style=\"font-family: Arial; color: #808080;\">\u2013 Varukorg<\/span><\/strong><\/p>\n<p style=\"text-align: justify;\" align=\"center\"><strong><span style=\"font-family: Arial; color: #808080;\">\u2013 \u00c5kp\u00e5se<\/span><\/strong><\/p>\n<p style=\"text-align: justify;\" align=\"center\"><strong><span style=\"font-family: Arial; color: #808080;\">\u2013 Handmuff<\/span><\/strong><\/p>\n<p style=\"text-align: justify;\" align=\"center\"><strong><span style=\"font-family: Arial; color: #808080;\">\u2013 Mugg<\/span><\/strong><\/p>\n<p style=\"text-align: justify;\" align=\"center\"><strong><span style=\"color: #808080;\"><span style=\"font-family: Arial;\">\u2013 24 m\u00e5naders garanti<\/span><\/span><\/strong><\/p>\n<p style=\"text-align: justify;\" align=\"center\"><strong><span style=\"color: #808080;\"><span style=\"font-family: Arial;\">\u2013 *Bilbarnstol KITE (valfritt)<\/span><\/span><\/strong><\/p>\n<p style=\"text-align: justify;\" align=\"center\"><strong><span style=\"color: #808080;\"><span style=\"font-family: Arial;\">\u2013 *ISOFIX-bas (tillval)<\/span><\/span><\/strong><\/p>\n<h4 style=\"text-align: justify;\" align=\"center\"><strong><span style=\"font-family: Arial; font-size: large; color: #808080;\"><span style=\"color: #e14d43;\">Bilbarnstol KITE<\/span>*<\/span><\/strong><\/h4>\n<p style=\"text-align: justify;\" align=\"center\"><strong><span style=\"font-family: Arial; color: #808080;\">Grupp 0-13 kg<\/span><\/strong><\/p>\n<p style=\"text-align: justify;\" align=\"center\"><strong><span style=\"font-family: Arial; color: #808080;\">Europeiskt godk\u00e4nnande ECE R44\/04<\/span><\/strong><\/p>\n<p style=\"text-align: justify;\" align=\"center\"><strong><span style=\"font-family: Arial; color: #808080;\">Monteras p\u00e5 barnvagnens ram med adaptrar<\/span><\/strong><\/p>\n<p style=\"text-align: justify;\" align=\"center\"><strong><span style=\"font-family: Arial; color: #808080;\">3-punktssele<\/span><\/strong><\/p>\n<p style=\"text-align: justify;\" align=\"center\"><strong><span style=\"font-family: Arial; color: #808080;\">Extra b\u00e4dd f\u00f6r nyf\u00f6dd bebis<\/span><\/strong><\/p>\n<p style=\"text-align: justify;\" align=\"center\"><strong><span style=\"font-family: Arial; color: #808080;\">Fotskydd<\/span><\/strong><\/p>\n<p style=\"text-align: justify;\" align=\"center\"><strong><span style=\"font-family: Arial; color: #808080;\">Justerbart handtag f\u00f6r b\u00e4rning<\/span><\/strong><\/p>\n<p style=\"text-align: justify;\" align=\"center\"><strong><span style=\"font-family: Arial; color: #808080;\">Avtagbar huva<\/span><\/strong><\/p>\n<p style=\"text-align: justify;\" align=\"center\"><strong><span style=\"font-family: Arial; color: #808080;\">H\u00f6jdjusterbara s\u00e4kerhetsb\u00e4lten<\/span><\/strong><\/p>\n<p style=\"text-align: justify;\" align=\"center\"><strong><span style=\"font-family: Arial; color: #808080;\">Fram\u00e5t- eller bak\u00e5tv\u00e4nt l\u00e4ge<\/span><\/strong><\/p>\n<p style=\"font-weight: 400;\"><strong><span style=\"color: #e14d43;\">M\u00c5TT<\/span><\/strong><\/p>\n<p style=\"font-weight: 400;\"><strong><span style=\"color: #e14d43;\">Liggdel<\/span><\/strong><\/p>\n<p style=\"font-weight: 400;\"><strong>l\u00e4ngd 84 cm<\/strong><\/p>\n<p style=\"font-weight: 400;\"><strong>h\u00f6jd 58 cm<\/strong><\/p>\n<p style=\"font-weight: 400;\"><strong>bredd 36 cm<\/strong><\/p>\n<p style=\"font-weight: 400;\"><strong><span style=\"color: #e14d43;\">Bilbarnstol<\/span><\/strong><\/p>\n<ul>\n<li style=\"font-weight: 400;\"><strong>Vikt: 3,3 kg<\/strong><\/li>\n<li style=\"font-weight: 400;\"><strong>f\u00f6r barn som v\u00e4ger 0-13 kg<\/strong><\/li>\n<\/ul>\n<p style=\"font-weight: 400;\"><strong><span style=\"color: #e14d43;\">Ram<\/span><\/strong><\/p>\n<ul>\n<li style=\"font-weight: 400;\"><strong>vikt \u2013 6 kg<\/strong><\/li>\n<li style=\"font-weight: 400;\"><strong>\u00f6ppen 98 x 60 x 125,5 cm<\/strong><\/li>\n<li style=\"font-weight: 400;\"><strong>st\u00e4ngd 82,5 x 40,5 cm<\/strong><\/li>\n<\/ul>\n<p style=\"text-align: left;\" align=\"center\"><a href=\"http:\/\/forbabyboss.com\/wp-content\/uploads\/2022\/09\/checkout.png\"><img loading=\"lazy\" decoding=\"async\" class=\"alignnone size-full wp-image-5965\" src=\"http:\/\/forbabyboss.com\/wp-content\/uploads\/2022\/09\/checkout.png\" alt=\"\" width=\"750\" height=\"276\" srcset=\"https:\/\/forbabyboss.com\/wp-content\/uploads\/2022\/09\/checkout.png 750w, https:\/\/forbabyboss.com\/wp-content\/uploads\/2022\/09\/checkout-600x221.png 600w\" sizes=\"auto, (max-width: 750px) 100vw, 750px\" \/><\/a><\/p>","protected":false},"excerpt":{"rendered":"<p><a href=\"http:\/\/forbabyboss.com\/wp-content\/uploads\/2022\/09\/Star-Rating-5.png\"><img loading=\"lazy\" decoding=\"async\" class=\"alignnone size-full wp-image-5973 aligncenter\" src=\"http:\/\/forbabyboss.com\/wp-content\/uploads\/2022\/09\/Star-Rating-5.png\" alt=\"\" width=\"275\" height=\"45\" \/><\/a><\/p>\n<p style=\"text-align: center;\"><span style=\"color: #ed1c24; font-size: 120%;\"><b>PRISGARANTI<\/b><\/span><\/p>\n<p style=\"text-align: center;\"><span style=\"font-size: 115%;\"><span style=\"font-weight: 400; color: #4f4fa7;\">Fri leverans<\/span><span style=\"font-weight: 400;\"> \u2013 2\u20137 dagar<\/span><\/span><\/p>\n<p style=\"text-align: center;\"><strong><span style=\"color: #29606b;\">Gratis g\u00e5va vid k\u00f6p \u00f6ver 100 pund<\/span><\/strong><\/p>","protected":false},"featured_media":4734,"template":"","meta":[],"product_brand":[582],"product_cat":[340,157,156,197,305,307,130,211],"product_tag":[202,199],"class_list":{"0":"post-4730","1":"product","2":"type-product","3":"status-publish","4":"has-post-thumbnail","6":"product_brand-paradise-b","7":"product_cat-800-to-900","8":"product_cat-2-in-1","9":"product_cat-3-in-1","10":"product_cat-4-in-1-pram","11":"product_cat-colour","12":"product_cat-light-blue","13":"product_cat-prams","14":"product_cat-stroller","15":"product_tag-3-in-1-pram","16":"product_tag-prams","18":"first","19":"instock","20":"sale","21":"shipping-taxable","22":"purchasable","23":"product-type-simple"},"yoast_head":"<!-- This site is optimized with the Yoast SEO plugin v27.5 - https:\/\/yoast.com\/product\/yoast-seo-wordpress\/ -->\n<title>FX Pram Stroller Puschair 4in1 FX 11 - For Baby Boss<\/title>\n<meta name=\"description\" content=\"FX Pram Stroller Puschair 4in1 FX 11\" \/>\n<meta name=\"robots\" content=\"index, follow, max-snippet:-1, max-image-preview:large, max-video-preview:-1\" \/>\n<link rel=\"canonical\" href=\"https:\/\/forbabyboss.com\/sv\/produkt\/fx-barnvagn-barnvagn-4-i-1-fx-11\/\" \/>\n<meta property=\"og:locale\" content=\"sv_SE\" \/>\n<meta property=\"og:type\" content=\"article\" \/>\n<meta property=\"og:title\" content=\"FX Pram Stroller Puschair 4in1 FX 11 - For Baby Boss\" \/>\n<meta property=\"og:description\" content=\"FX Pram Stroller Puschair 4in1 FX 11\" \/>\n<meta property=\"og:url\" content=\"https:\/\/forbabyboss.com\/sv\/produkt\/fx-barnvagn-barnvagn-4-i-1-fx-11\/\" \/>\n<meta property=\"og:site_name\" content=\"For Baby Boss\" \/>\n<meta property=\"article:modified_time\" content=\"2026-02-18T21:32:49+00:00\" \/>\n<meta property=\"og:image\" content=\"https:\/\/forbabyboss.com\/wp-content\/uploads\/2022\/09\/Paradise-Baby-FX-Pram-Stroller-Puschair-Travel-system-2in1-3in1-Car-Seat-ISOFIX-FX-11-3in12in1-and-carseat_main.jpg\" \/>\n\t<meta property=\"og:image:width\" content=\"1200\" \/>\n\t<meta property=\"og:image:height\" content=\"1372\" \/>\n\t<meta property=\"og:image:type\" content=\"image\/jpeg\" \/>\n<meta name=\"twitter:card\" content=\"summary_large_image\" \/>\n<meta name=\"twitter:label1\" content=\"Ber\u00e4knad l\u00e4stid\" \/>\n\t<meta name=\"twitter:data1\" content=\"2 minuter\" \/>\n<script type=\"application\/ld+json\" class=\"yoast-schema-graph\">{\"@context\":\"https:\\\/\\\/schema.org\",\"@graph\":[{\"@type\":\"WebPage\",\"@id\":\"https:\\\/\\\/forbabyboss.com\\\/product\\\/fx-pram-stroller-puschair-4in1-fx-11\\\/\",\"url\":\"https:\\\/\\\/forbabyboss.com\\\/product\\\/fx-pram-stroller-puschair-4in1-fx-11\\\/\",\"name\":\"FX Pram Stroller Puschair 4in1 FX 11 - For Baby Boss\",\"isPartOf\":{\"@id\":\"https:\\\/\\\/powderblue-seahorse-496884.hostingersite.com\\\/#website\"},\"primaryImageOfPage\":{\"@id\":\"https:\\\/\\\/forbabyboss.com\\\/product\\\/fx-pram-stroller-puschair-4in1-fx-11\\\/#primaryimage\"},\"image\":{\"@id\":\"https:\\\/\\\/forbabyboss.com\\\/product\\\/fx-pram-stroller-puschair-4in1-fx-11\\\/#primaryimage\"},\"thumbnailUrl\":\"https:\\\/\\\/forbabyboss.com\\\/wp-content\\\/uploads\\\/2022\\\/09\\\/Paradise-Baby-FX-Pram-Stroller-Puschair-Travel-system-2in1-3in1-Car-Seat-ISOFIX-FX-11-3in12in1-and-carseat_main.jpg\",\"datePublished\":\"2022-09-09T15:16:00+00:00\",\"dateModified\":\"2026-02-18T21:32:49+00:00\",\"description\":\"FX Pram Stroller Puschair 4in1 FX 11\",\"breadcrumb\":{\"@id\":\"https:\\\/\\\/forbabyboss.com\\\/product\\\/fx-pram-stroller-puschair-4in1-fx-11\\\/#breadcrumb\"},\"inLanguage\":\"sv-SE\",\"potentialAction\":[{\"@type\":\"ReadAction\",\"target\":[\"https:\\\/\\\/forbabyboss.com\\\/product\\\/fx-pram-stroller-puschair-4in1-fx-11\\\/\"]}]},{\"@type\":\"ImageObject\",\"inLanguage\":\"sv-SE\",\"@id\":\"https:\\\/\\\/forbabyboss.com\\\/product\\\/fx-pram-stroller-puschair-4in1-fx-11\\\/#primaryimage\",\"url\":\"https:\\\/\\\/forbabyboss.com\\\/wp-content\\\/uploads\\\/2022\\\/09\\\/Paradise-Baby-FX-Pram-Stroller-Puschair-Travel-system-2in1-3in1-Car-Seat-ISOFIX-FX-11-3in12in1-and-carseat_main.jpg\",\"contentUrl\":\"https:\\\/\\\/forbabyboss.com\\\/wp-content\\\/uploads\\\/2022\\\/09\\\/Paradise-Baby-FX-Pram-Stroller-Puschair-Travel-system-2in1-3in1-Car-Seat-ISOFIX-FX-11-3in12in1-and-carseat_main.jpg\",\"width\":1200,\"height\":1372},{\"@type\":\"BreadcrumbList\",\"@id\":\"https:\\\/\\\/forbabyboss.com\\\/product\\\/fx-pram-stroller-puschair-4in1-fx-11\\\/#breadcrumb\",\"itemListElement\":[{\"@type\":\"ListItem\",\"position\":1,\"name\":\"Home\",\"item\":\"https:\\\/\\\/forbabyboss.com\\\/\"},{\"@type\":\"ListItem\",\"position\":2,\"name\":\"Shop\",\"item\":\"https:\\\/\\\/forbabyboss.com\\\/shop\\\/\"},{\"@type\":\"ListItem\",\"position\":3,\"name\":\"FX Pram Stroller Puschair 4in1 FX 11\"}]},{\"@type\":\"WebSite\",\"@id\":\"https:\\\/\\\/powderblue-seahorse-496884.hostingersite.com\\\/#website\",\"url\":\"https:\\\/\\\/powderblue-seahorse-496884.hostingersite.com\\\/\",\"name\":\"For Baby Boss\",\"description\":\"Beautiful gifts and accessories for your baby boss\",\"potentialAction\":[{\"@type\":\"SearchAction\",\"target\":{\"@type\":\"EntryPoint\",\"urlTemplate\":\"https:\\\/\\\/powderblue-seahorse-496884.hostingersite.com\\\/?s={search_term_string}\"},\"query-input\":{\"@type\":\"PropertyValueSpecification\",\"valueRequired\":true,\"valueName\":\"search_term_string\"}}],\"inLanguage\":\"sv-SE\"}]}<\/script>\n<!-- \/ Yoast SEO plugin. -->","yoast_head_json":{"title":"FX Barnvagn 4-i-1 FX 11 - F\u00f6r Baby Boss","description":"FX Barnvagn 4-i-1 FX 11","robots":{"index":"index","follow":"follow","max-snippet":"max-snippet:-1","max-image-preview":"max-image-preview:large","max-video-preview":"max-video-preview:-1"},"canonical":"https:\/\/forbabyboss.com\/sv\/produkt\/fx-barnvagn-barnvagn-4-i-1-fx-11\/","og_locale":"sv_SE","og_type":"article","og_title":"FX Pram Stroller Puschair 4in1 FX 11 - For Baby Boss","og_description":"FX Pram Stroller Puschair 4in1 FX 11","og_url":"https:\/\/forbabyboss.com\/sv\/produkt\/fx-barnvagn-barnvagn-4-i-1-fx-11\/","og_site_name":"For Baby Boss","article_modified_time":"2026-02-18T21:32:49+00:00","og_image":[{"width":1200,"height":1372,"url":"https:\/\/forbabyboss.com\/wp-content\/uploads\/2022\/09\/Paradise-Baby-FX-Pram-Stroller-Puschair-Travel-system-2in1-3in1-Car-Seat-ISOFIX-FX-11-3in12in1-and-carseat_main.jpg","type":"image\/jpeg"}],"twitter_card":"summary_large_image","twitter_misc":{"Ber\u00e4knad l\u00e4stid":"2 minuter"},"schema":{"@context":"https:\/\/schema.org","@graph":[{"@type":"WebPage","@id":"https:\/\/forbabyboss.com\/product\/fx-pram-stroller-puschair-4in1-fx-11\/","url":"https:\/\/forbabyboss.com\/product\/fx-pram-stroller-puschair-4in1-fx-11\/","name":"FX Barnvagn 4-i-1 FX 11 - F\u00f6r Baby Boss","isPartOf":{"@id":"https:\/\/powderblue-seahorse-496884.hostingersite.com\/#website"},"primaryImageOfPage":{"@id":"https:\/\/forbabyboss.com\/product\/fx-pram-stroller-puschair-4in1-fx-11\/#primaryimage"},"image":{"@id":"https:\/\/forbabyboss.com\/product\/fx-pram-stroller-puschair-4in1-fx-11\/#primaryimage"},"thumbnailUrl":"https:\/\/forbabyboss.com\/wp-content\/uploads\/2022\/09\/Paradise-Baby-FX-Pram-Stroller-Puschair-Travel-system-2in1-3in1-Car-Seat-ISOFIX-FX-11-3in12in1-and-carseat_main.jpg","datePublished":"2022-09-09T15:16:00+00:00","dateModified":"2026-02-18T21:32:49+00:00","description":"FX Barnvagn 4-i-1 FX 11","breadcrumb":{"@id":"https:\/\/forbabyboss.com\/product\/fx-pram-stroller-puschair-4in1-fx-11\/#breadcrumb"},"inLanguage":"sv-SE","potentialAction":[{"@type":"ReadAction","target":["https:\/\/forbabyboss.com\/product\/fx-pram-stroller-puschair-4in1-fx-11\/"]}]},{"@type":"ImageObject","inLanguage":"sv-SE","@id":"https:\/\/forbabyboss.com\/product\/fx-pram-stroller-puschair-4in1-fx-11\/#primaryimage","url":"https:\/\/forbabyboss.com\/wp-content\/uploads\/2022\/09\/Paradise-Baby-FX-Pram-Stroller-Puschair-Travel-system-2in1-3in1-Car-Seat-ISOFIX-FX-11-3in12in1-and-carseat_main.jpg","contentUrl":"https:\/\/forbabyboss.com\/wp-content\/uploads\/2022\/09\/Paradise-Baby-FX-Pram-Stroller-Puschair-Travel-system-2in1-3in1-Car-Seat-ISOFIX-FX-11-3in12in1-and-carseat_main.jpg","width":1200,"height":1372},{"@type":"BreadcrumbList","@id":"https:\/\/forbabyboss.com\/product\/fx-pram-stroller-puschair-4in1-fx-11\/#breadcrumb","itemListElement":[{"@type":"ListItem","position":1,"name":"Home","item":"https:\/\/forbabyboss.com\/"},{"@type":"ListItem","position":2,"name":"Shop","item":"https:\/\/forbabyboss.com\/shop\/"},{"@type":"ListItem","position":3,"name":"FX Pram Stroller Puschair 4in1 FX 11"}]},{"@type":"WebSite","@id":"https:\/\/powderblue-seahorse-496884.hostingersite.com\/#website","url":"https:\/\/powderblue-seahorse-496884.hostingersite.com\/","name":"F\u00f6r Baby Boss","description":"Vackra presenter och tillbeh\u00f6r till din babychef","potentialAction":[{"@type":"SearchAction","target":{"@type":"EntryPoint","urlTemplate":"https:\/\/powderblue-seahorse-496884.hostingersite.com\/?s={search_term_string}"},"query-input":{"@type":"PropertyValueSpecification","valueRequired":true,"valueName":"search_term_string"}}],"inLanguage":"sv-SE"}]}},"_links":{"self":[{"href":"https:\/\/forbabyboss.com\/sv\/wp-json\/wp\/v2\/product\/4730","targetHints":{"allow":["GET"]}}],"collection":[{"href":"https:\/\/forbabyboss.com\/sv\/wp-json\/wp\/v2\/product"}],"about":[{"href":"https:\/\/forbabyboss.com\/sv\/wp-json\/wp\/v2\/types\/product"}],"wp:featuredmedia":[{"embeddable":true,"href":"https:\/\/forbabyboss.com\/sv\/wp-json\/wp\/v2\/media\/4734"}],"wp:attachment":[{"href":"https:\/\/forbabyboss.com\/sv\/wp-json\/wp\/v2\/media?parent=4730"}],"wp:term":[{"taxonomy":"product_brand","embeddable":true,"href":"https:\/\/forbabyboss.com\/sv\/wp-json\/wp\/v2\/product_brand?post=4730"},{"taxonomy":"product_cat","embeddable":true,"href":"https:\/\/forbabyboss.com\/sv\/wp-json\/wp\/v2\/product_cat?post=4730"},{"taxonomy":"product_tag","embeddable":true,"href":"https:\/\/forbabyboss.com\/sv\/wp-json\/wp\/v2\/product_tag?post=4730"}],"curies":[{"name":"wp","href":"https:\/\/api.w.org\/{rel}","templated":true}]}}