{"id":4795,"date":"2022-09-10T09:28:09","date_gmt":"2022-09-10T09:28:09","guid":{"rendered":"http:\/\/forbabyboss.com\/?post_type=product&#038;p=4795"},"modified":"2026-02-21T16:28:51","modified_gmt":"2026-02-21T16:28:51","slug":"barnvagn-bebetto-nitello-system-4-i-1-09","status":"publish","type":"product","link":"https:\/\/forbabyboss.com\/sv\/product\/baby-pushchair-bebetto-nitello-system-4in1-09\/","title":{"rendered":"Barnvagn Bebetto Nitello System 4in1 \u2013 09"},"content":{"rendered":"<h4 style=\"text-align: justify;\" align=\"center\"><strong><span style=\"font-family: Arial; color: #e14d43;\">VARF\u00d6R NITELLO?<\/span><\/strong><\/h4>\n<p style=\"text-align: justify;\" align=\"center\"><strong><span style=\"font-family: Arial; color: #808080;\">Liggdelen \u00e4r en standardversion som utm\u00e4rker sig med attraktiva m\u00f6nster p\u00e5 suffletten \u2013 som harmoniserar perfekt med de gr\u00e5 eller svarta tygerna p\u00e5 liggdelens botten. Liggdelens sufflett kan \u00f6ppnas helt \u2013 f\u00f6r att skydda ditt barn fr\u00e5n sol, regn eller vind. Ett justerbart ryggst\u00f6d g\u00f6r att du kan \u00e4ndra ditt barns position. Madrassen har en vattenavvisande insats. \u00d6verdraget har en dragkedja som g\u00f6r det enkelt att h\u00e5lla det rent.<\/span><\/strong><\/p>\n<p style=\"text-align: justify;\" align=\"center\"><strong><span style=\"font-family: Arial; color: #808080;\">Tillverkad i Europa av h\u00f6gkvalitativa material, en l\u00e4tt barnvagn designad med modern stil.<\/span><\/strong><\/p>\n<h4 style=\"text-align: justify;\" align=\"center\"><strong><span style=\"font-family: Arial; color: #808080;\"><span style=\"color: #e14d43;\">PRIS ING\u00c5R<\/span> :<\/span><\/strong><\/h4>\n<p style=\"text-align: justify;\" align=\"center\"><strong><span style=\"font-family: Arial; color: #808080;\">\u2013 Aluminiumram<\/span><\/strong><\/p>\n<p style=\"text-align: justify;\" align=\"center\"><strong><span style=\"font-family: Arial; color: #808080;\">\u2013 4 hjul<\/span><\/strong><\/p>\n<p style=\"text-align: justify;\" align=\"center\"><strong><span style=\"font-family: Arial; color: #808080;\">\u2013 Liggdel<\/span><\/strong><\/p>\n<p style=\"text-align: justify;\" align=\"center\"><strong><span style=\"font-family: Arial; color: #808080;\">\u2013 Barnvagnsskydd och madrass<\/span><\/strong><\/p>\n<p style=\"text-align: justify;\" align=\"center\"><strong><span style=\"font-family: Arial; color: #808080;\">\u2013 Regnskydd<\/span><\/strong><\/p>\n<p style=\"text-align: justify;\" align=\"center\"><strong><span style=\"font-family: Arial; color: #808080;\">\u2013 Myggn\u00e4t<\/span><\/strong><\/p>\n<p style=\"text-align: justify;\" align=\"center\"><strong><span style=\"font-family: Arial; color: #808080;\">\u2013 Modern v\u00e4ska<\/span><\/strong><\/p>\n<p style=\"text-align: justify;\" align=\"center\"><strong><span style=\"font-family: Arial; color: #808080;\">\u2013 Varukorg<\/span><\/strong><\/p>\n<p style=\"text-align: justify;\" align=\"center\"><strong><span style=\"font-family: Arial; color: #808080;\">\u2013 Muggh\u00e5llare<\/span><\/strong><\/p>\n<p style=\"text-align: justify;\" align=\"center\"><strong><span style=\"font-family: Arial; color: #808080;\">\u2013 24 m\u00e5naders garanti<\/span><\/strong><\/p>\n<p style=\"text-align: justify;\" align=\"center\"><strong><span style=\"font-family: Arial; color: #808080;\">\u2013 Barnvagn<\/span><\/strong><\/p>\n<p style=\"text-align: justify;\" align=\"center\"><strong><span style=\"font-family: Arial; color: #808080;\">\u2013 *Bilbarnstol (valfritt)<\/span><\/strong><\/p>\n<p style=\"text-align: justify;\" align=\"center\"><strong><span style=\"font-family: Arial; color: #808080;\">\u2013 *Isofix-bas (tillval)<\/span><\/strong><\/p>\n<div><strong><span style=\"color: #808080;\">Vikta passar in i utrymmet: 75x59x36cm<\/span><\/strong><\/div>\n<div><\/div>\n<div><strong><span style=\"color: #808080;\">*M\u00e5tt: l\u00e4ngd, bredd, h\u00f6jd, vikt.<\/span><\/strong><\/div>\n<div><\/div>\n<div><strong><img decoding=\"async\" src=\"https:\/\/i.ebayimg.com\/images\/g\/JE0AAOSwXUpilzy9\/s-l1600.png\" alt=\"Bild 7 - Barnvagn Bebetto Nitello Resesystem 2i1 3i1 4i1 Bilbarnstol\" \/><\/strong><\/div>\n<div><\/div>\n<div><strong><img decoding=\"async\" src=\"https:\/\/i.ebayimg.com\/images\/g\/IO0AAOSwSo9ilzy-\/s-l1600.png\" alt=\"Bild 8 - Barnvagn Bebetto Nitello Resesystem 2i1 3i1 4i1 Bilbarnstol\" \/><\/strong><\/div>\n<div><\/div>\n<div><\/div>\n<div style=\"text-align: left;\"><a href=\"http:\/\/forbabyboss.com\/wp-content\/uploads\/2022\/09\/checkout.png\"><img loading=\"lazy\" decoding=\"async\" class=\"size-full wp-image-5965 alignleft\" src=\"http:\/\/forbabyboss.com\/wp-content\/uploads\/2022\/09\/checkout.png\" alt=\"\" width=\"750\" height=\"276\" srcset=\"https:\/\/forbabyboss.com\/wp-content\/uploads\/2022\/09\/checkout.png 750w, https:\/\/forbabyboss.com\/wp-content\/uploads\/2022\/09\/checkout-600x221.png 600w\" sizes=\"auto, (max-width: 750px) 100vw, 750px\" \/><\/a><\/div>","protected":false},"excerpt":{"rendered":"<p><a href=\"http:\/\/forbabyboss.com\/wp-content\/uploads\/2022\/09\/Star-Rating-5.png\"><img loading=\"lazy\" decoding=\"async\" class=\"alignnone size-full wp-image-5973 aligncenter\" src=\"http:\/\/forbabyboss.com\/wp-content\/uploads\/2022\/09\/Star-Rating-5.png\" alt=\"\" width=\"275\" height=\"45\" \/><\/a><\/p>\n<p style=\"text-align: center;\"><span style=\"color: #ed1c24; font-size: 120%;\"><b>PRISGARANTI<\/b><\/span><\/p>\n<p style=\"text-align: center;\"><span style=\"font-size: 115%;\"><span style=\"font-weight: 400; color: #4f4fa7;\">Fri leverans<\/span><span style=\"font-weight: 400;\"> \u2013 2\u20137 dagar<\/span><\/span><\/p>\n<p style=\"text-align: center;\"><strong><span style=\"color: #29606b;\">Gratis g\u00e5va vid k\u00f6p \u00f6ver 100 pund<\/span><\/strong><\/p>","protected":false},"featured_media":4797,"template":"","meta":[],"product_brand":[583],"product_cat":[339,157,156,197,207,305,303,130,211],"product_tag":[163,200,199],"class_list":{"0":"post-4795","1":"product","2":"type-product","3":"status-publish","4":"has-post-thumbnail","6":"product_brand-bebetto","7":"product_cat-700-to-800","8":"product_cat-2-in-1","9":"product_cat-3-in-1","10":"product_cat-4-in-1-pram","11":"product_cat-black","12":"product_cat-colour","13":"product_cat-pattern","14":"product_cat-prams","15":"product_cat-stroller","16":"product_tag-3-in-1-prams","17":"product_tag-4-in-1-pram","18":"product_tag-prams","20":"first","21":"instock","22":"sale","23":"shipping-taxable","24":"purchasable","25":"product-type-simple"},"yoast_head":"<!-- This site is optimized with the Yoast SEO plugin v27.5 - https:\/\/yoast.com\/product\/yoast-seo-wordpress\/ -->\n<title>Baby Pushchair Bebetto Nitello System 4in1 - 09 - For Baby Boss<\/title>\n<meta name=\"description\" content=\"Baby Pushchair Bebetto Nitello System 4in1 - 09\" \/>\n<meta name=\"robots\" content=\"index, follow, max-snippet:-1, max-image-preview:large, max-video-preview:-1\" \/>\n<link rel=\"canonical\" href=\"https:\/\/forbabyboss.com\/sv\/produkt\/barnvagn-bebetto-nitello-system-4-i-1-09\/\" \/>\n<meta property=\"og:locale\" content=\"sv_SE\" \/>\n<meta property=\"og:type\" content=\"article\" \/>\n<meta property=\"og:title\" content=\"Baby Pushchair Bebetto Nitello System 4in1 - 09 - For Baby Boss\" \/>\n<meta property=\"og:description\" content=\"Baby Pushchair Bebetto Nitello System 4in1 - 09\" \/>\n<meta property=\"og:url\" content=\"https:\/\/forbabyboss.com\/sv\/produkt\/barnvagn-bebetto-nitello-system-4-i-1-09\/\" \/>\n<meta property=\"og:site_name\" content=\"For Baby Boss\" \/>\n<meta property=\"article:modified_time\" content=\"2026-02-21T16:28:51+00:00\" \/>\n<meta property=\"og:image\" content=\"https:\/\/forbabyboss.com\/wp-content\/uploads\/2022\/09\/Baby-Pram-Pushchair-Bebetto-Nitello-Travel-System-2in1-3in1-4in1-Car-Seat-4in13in1isofix-base-09_main.png\" \/>\n\t<meta property=\"og:image:width\" content=\"1000\" \/>\n\t<meta property=\"og:image:height\" content=\"1000\" \/>\n\t<meta property=\"og:image:type\" content=\"image\/png\" \/>\n<meta name=\"twitter:card\" content=\"summary_large_image\" \/>\n<meta name=\"twitter:label1\" content=\"Ber\u00e4knad l\u00e4stid\" \/>\n\t<meta name=\"twitter:data1\" content=\"2 minuter\" \/>\n<script type=\"application\/ld+json\" class=\"yoast-schema-graph\">{\"@context\":\"https:\\\/\\\/schema.org\",\"@graph\":[{\"@type\":\"WebPage\",\"@id\":\"https:\\\/\\\/forbabyboss.com\\\/product\\\/baby-pushchair-bebetto-nitello-system-4in1-09\\\/\",\"url\":\"https:\\\/\\\/forbabyboss.com\\\/product\\\/baby-pushchair-bebetto-nitello-system-4in1-09\\\/\",\"name\":\"Baby Pushchair Bebetto Nitello System 4in1 - 09 - For Baby Boss\",\"isPartOf\":{\"@id\":\"https:\\\/\\\/powderblue-seahorse-496884.hostingersite.com\\\/#website\"},\"primaryImageOfPage\":{\"@id\":\"https:\\\/\\\/forbabyboss.com\\\/product\\\/baby-pushchair-bebetto-nitello-system-4in1-09\\\/#primaryimage\"},\"image\":{\"@id\":\"https:\\\/\\\/forbabyboss.com\\\/product\\\/baby-pushchair-bebetto-nitello-system-4in1-09\\\/#primaryimage\"},\"thumbnailUrl\":\"https:\\\/\\\/forbabyboss.com\\\/wp-content\\\/uploads\\\/2022\\\/09\\\/Baby-Pram-Pushchair-Bebetto-Nitello-Travel-System-2in1-3in1-4in1-Car-Seat-4in13in1isofix-base-09_main.png\",\"datePublished\":\"2022-09-10T09:28:09+00:00\",\"dateModified\":\"2026-02-21T16:28:51+00:00\",\"description\":\"Baby Pushchair Bebetto Nitello System 4in1 - 09\",\"breadcrumb\":{\"@id\":\"https:\\\/\\\/forbabyboss.com\\\/product\\\/baby-pushchair-bebetto-nitello-system-4in1-09\\\/#breadcrumb\"},\"inLanguage\":\"sv-SE\",\"potentialAction\":[{\"@type\":\"ReadAction\",\"target\":[\"https:\\\/\\\/forbabyboss.com\\\/product\\\/baby-pushchair-bebetto-nitello-system-4in1-09\\\/\"]}]},{\"@type\":\"ImageObject\",\"inLanguage\":\"sv-SE\",\"@id\":\"https:\\\/\\\/forbabyboss.com\\\/product\\\/baby-pushchair-bebetto-nitello-system-4in1-09\\\/#primaryimage\",\"url\":\"https:\\\/\\\/forbabyboss.com\\\/wp-content\\\/uploads\\\/2022\\\/09\\\/Baby-Pram-Pushchair-Bebetto-Nitello-Travel-System-2in1-3in1-4in1-Car-Seat-4in13in1isofix-base-09_main.png\",\"contentUrl\":\"https:\\\/\\\/forbabyboss.com\\\/wp-content\\\/uploads\\\/2022\\\/09\\\/Baby-Pram-Pushchair-Bebetto-Nitello-Travel-System-2in1-3in1-4in1-Car-Seat-4in13in1isofix-base-09_main.png\",\"width\":1000,\"height\":1000},{\"@type\":\"BreadcrumbList\",\"@id\":\"https:\\\/\\\/forbabyboss.com\\\/product\\\/baby-pushchair-bebetto-nitello-system-4in1-09\\\/#breadcrumb\",\"itemListElement\":[{\"@type\":\"ListItem\",\"position\":1,\"name\":\"Home\",\"item\":\"https:\\\/\\\/forbabyboss.com\\\/\"},{\"@type\":\"ListItem\",\"position\":2,\"name\":\"Shop\",\"item\":\"https:\\\/\\\/forbabyboss.com\\\/shop\\\/\"},{\"@type\":\"ListItem\",\"position\":3,\"name\":\"Baby Pushchair Bebetto Nitello System 4in1 &#8211; 09\"}]},{\"@type\":\"WebSite\",\"@id\":\"https:\\\/\\\/powderblue-seahorse-496884.hostingersite.com\\\/#website\",\"url\":\"https:\\\/\\\/powderblue-seahorse-496884.hostingersite.com\\\/\",\"name\":\"For Baby Boss\",\"description\":\"Beautiful gifts and accessories for your baby boss\",\"potentialAction\":[{\"@type\":\"SearchAction\",\"target\":{\"@type\":\"EntryPoint\",\"urlTemplate\":\"https:\\\/\\\/powderblue-seahorse-496884.hostingersite.com\\\/?s={search_term_string}\"},\"query-input\":{\"@type\":\"PropertyValueSpecification\",\"valueRequired\":true,\"valueName\":\"search_term_string\"}}],\"inLanguage\":\"sv-SE\"}]}<\/script>\n<!-- \/ Yoast SEO plugin. -->","yoast_head_json":{"title":"Barnvagn Bebetto Nitello System 4in1 - 09 - F\u00f6r Baby Boss","description":"Barnvagn Bebetto Nitello System 4in1 - 09","robots":{"index":"index","follow":"follow","max-snippet":"max-snippet:-1","max-image-preview":"max-image-preview:large","max-video-preview":"max-video-preview:-1"},"canonical":"https:\/\/forbabyboss.com\/sv\/produkt\/barnvagn-bebetto-nitello-system-4-i-1-09\/","og_locale":"sv_SE","og_type":"article","og_title":"Baby Pushchair Bebetto Nitello System 4in1 - 09 - For Baby Boss","og_description":"Baby Pushchair Bebetto Nitello System 4in1 - 09","og_url":"https:\/\/forbabyboss.com\/sv\/produkt\/barnvagn-bebetto-nitello-system-4-i-1-09\/","og_site_name":"For Baby Boss","article_modified_time":"2026-02-21T16:28:51+00:00","og_image":[{"width":1000,"height":1000,"url":"https:\/\/forbabyboss.com\/wp-content\/uploads\/2022\/09\/Baby-Pram-Pushchair-Bebetto-Nitello-Travel-System-2in1-3in1-4in1-Car-Seat-4in13in1isofix-base-09_main.png","type":"image\/png"}],"twitter_card":"summary_large_image","twitter_misc":{"Ber\u00e4knad l\u00e4stid":"2 minuter"},"schema":{"@context":"https:\/\/schema.org","@graph":[{"@type":"WebPage","@id":"https:\/\/forbabyboss.com\/product\/baby-pushchair-bebetto-nitello-system-4in1-09\/","url":"https:\/\/forbabyboss.com\/product\/baby-pushchair-bebetto-nitello-system-4in1-09\/","name":"Barnvagn Bebetto Nitello System 4in1 - 09 - F\u00f6r Baby Boss","isPartOf":{"@id":"https:\/\/powderblue-seahorse-496884.hostingersite.com\/#website"},"primaryImageOfPage":{"@id":"https:\/\/forbabyboss.com\/product\/baby-pushchair-bebetto-nitello-system-4in1-09\/#primaryimage"},"image":{"@id":"https:\/\/forbabyboss.com\/product\/baby-pushchair-bebetto-nitello-system-4in1-09\/#primaryimage"},"thumbnailUrl":"https:\/\/forbabyboss.com\/wp-content\/uploads\/2022\/09\/Baby-Pram-Pushchair-Bebetto-Nitello-Travel-System-2in1-3in1-4in1-Car-Seat-4in13in1isofix-base-09_main.png","datePublished":"2022-09-10T09:28:09+00:00","dateModified":"2026-02-21T16:28:51+00:00","description":"Barnvagn Bebetto Nitello System 4in1 - 09","breadcrumb":{"@id":"https:\/\/forbabyboss.com\/product\/baby-pushchair-bebetto-nitello-system-4in1-09\/#breadcrumb"},"inLanguage":"sv-SE","potentialAction":[{"@type":"ReadAction","target":["https:\/\/forbabyboss.com\/product\/baby-pushchair-bebetto-nitello-system-4in1-09\/"]}]},{"@type":"ImageObject","inLanguage":"sv-SE","@id":"https:\/\/forbabyboss.com\/product\/baby-pushchair-bebetto-nitello-system-4in1-09\/#primaryimage","url":"https:\/\/forbabyboss.com\/wp-content\/uploads\/2022\/09\/Baby-Pram-Pushchair-Bebetto-Nitello-Travel-System-2in1-3in1-4in1-Car-Seat-4in13in1isofix-base-09_main.png","contentUrl":"https:\/\/forbabyboss.com\/wp-content\/uploads\/2022\/09\/Baby-Pram-Pushchair-Bebetto-Nitello-Travel-System-2in1-3in1-4in1-Car-Seat-4in13in1isofix-base-09_main.png","width":1000,"height":1000},{"@type":"BreadcrumbList","@id":"https:\/\/forbabyboss.com\/product\/baby-pushchair-bebetto-nitello-system-4in1-09\/#breadcrumb","itemListElement":[{"@type":"ListItem","position":1,"name":"Home","item":"https:\/\/forbabyboss.com\/"},{"@type":"ListItem","position":2,"name":"Shop","item":"https:\/\/forbabyboss.com\/shop\/"},{"@type":"ListItem","position":3,"name":"Baby Pushchair Bebetto Nitello System 4in1 &#8211; 09"}]},{"@type":"WebSite","@id":"https:\/\/powderblue-seahorse-496884.hostingersite.com\/#website","url":"https:\/\/powderblue-seahorse-496884.hostingersite.com\/","name":"F\u00f6r Baby Boss","description":"Vackra presenter och tillbeh\u00f6r till din babychef","potentialAction":[{"@type":"SearchAction","target":{"@type":"EntryPoint","urlTemplate":"https:\/\/powderblue-seahorse-496884.hostingersite.com\/?s={search_term_string}"},"query-input":{"@type":"PropertyValueSpecification","valueRequired":true,"valueName":"search_term_string"}}],"inLanguage":"sv-SE"}]}},"_links":{"self":[{"href":"https:\/\/forbabyboss.com\/sv\/wp-json\/wp\/v2\/product\/4795","targetHints":{"allow":["GET"]}}],"collection":[{"href":"https:\/\/forbabyboss.com\/sv\/wp-json\/wp\/v2\/product"}],"about":[{"href":"https:\/\/forbabyboss.com\/sv\/wp-json\/wp\/v2\/types\/product"}],"wp:featuredmedia":[{"embeddable":true,"href":"https:\/\/forbabyboss.com\/sv\/wp-json\/wp\/v2\/media\/4797"}],"wp:attachment":[{"href":"https:\/\/forbabyboss.com\/sv\/wp-json\/wp\/v2\/media?parent=4795"}],"wp:term":[{"taxonomy":"product_brand","embeddable":true,"href":"https:\/\/forbabyboss.com\/sv\/wp-json\/wp\/v2\/product_brand?post=4795"},{"taxonomy":"product_cat","embeddable":true,"href":"https:\/\/forbabyboss.com\/sv\/wp-json\/wp\/v2\/product_cat?post=4795"},{"taxonomy":"product_tag","embeddable":true,"href":"https:\/\/forbabyboss.com\/sv\/wp-json\/wp\/v2\/product_tag?post=4795"}],"curies":[{"name":"wp","href":"https:\/\/api.w.org\/{rel}","templated":true}]}}