{"id":4980,"date":"2022-09-10T16:02:39","date_gmt":"2022-09-10T16:02:39","guid":{"rendered":"http:\/\/forbabyboss.com\/?post_type=product&#038;p=4980"},"modified":"2026-02-21T13:12:57","modified_gmt":"2026-02-21T13:12:57","slug":"babysittvagn-barnvagn-bilbarnstol-3-i-1-resesystem-allt-i-ett-i-gratt-flex","status":"publish","type":"product","link":"https:\/\/forbabyboss.com\/sv\/product\/baby-buggy-pram-car-seat-3-in-1-travel-system-pushchair-all-in-one-in-grey-flex\/","title":{"rendered":"Baby Buggy Barnvagnsbarnstol 3-i-1 Resesystem Barnvagn Allt-i-ett i Gr\u00e5 Flex"},"content":{"rendered":"<h1 style=\"text-align: justify;\"><span style=\"color: #e14d43;\"><strong>V\u00e5r 3-i-1-vagn \u00e4r ett v\u00e4ldesignat resesystem<\/strong><\/span><\/h1>\n<p style=\"text-align: justify;\"><span style=\"color: #282828;\"><strong>Vi designade barnvagnen f\u00f6r att st\u00f6dja f\u00f6r\u00e4ldrar och barn fr\u00e5n f\u00f6dseln till 3 \u00e5r. Den \u00e4r v\u00e4l anpassad till ditt v\u00e4xande barns behov \u2013 du b\u00f6rjar med en liggdel med barnvagnsramen. N\u00e4r du best\u00e4mmer dig f\u00f6r att barnet \u00e4r tillr\u00e4ckligt stort och redo att sitta under promenader, monterar du en bekv\u00e4m sits bak\u00e5t- eller fram\u00e5tv\u00e4nd. Kan du \u00f6nska dig n\u00e5got mer?<\/strong><\/span><\/p>\n<p style=\"text-align: justify;\"><span style=\"color: #e14d43;\"><strong>Drag:<\/strong><\/span><\/p>\n<p style=\"text-align: justify;\"><span style=\"color: #282828;\"><strong>- fram\u00e5tv\u00e4nt och bak\u00e5tv\u00e4nt l\u00e4ge<br \/>\n-bils\u00e4te som kan f\u00e4stas p\u00e5 chassit<br \/>\n-ventilationsf\u00f6nster p\u00e5 baksidan av huven<br \/>\n-gondolen har ett mjukt foder som kan tas bort f\u00f6r tv\u00e4tt<br \/>\n- Gondol\u00f6verdraget kan lyftas upp f\u00f6r att skapa en vindf\u00e5ngare<br \/>\n-f\u00f6rl\u00e4ngd, avtagbar huva<br \/>\n-5-punkts s\u00e4kerhetssele<br \/>\n-laminerat fotst\u00f6d<br \/>\n- justerbart handtag i flera niv\u00e5er<br \/>\n-justerbar fj\u00e4dring<br \/>\n- robust ram<br \/>\n-justerbart benst\u00f6d och ryggst\u00f6d<br \/>\n-centralbroms EASY STOP<br \/>\n-stor shoppingkorg<br \/>\nL\u00e4mplig f\u00f6r barnvagnar 0-3 \u00e5r<br \/>\nBilbarnstol upp till 10 kg<\/strong><\/span><\/p>\n<p style=\"text-align: justify;\"><span style=\"color: #e14d43;\"><strong>Bilbarnstolens funktioner:<\/strong><\/span><\/p>\n<p style=\"text-align: justify;\"><span style=\"color: #282828;\"><strong>- extra insats f\u00f6r sp\u00e4dbarn<br \/>\n-justerbart handtag<br \/>\n- fotskydd<br \/>\n-avtagbar huva<br \/>\n- trepunkts s\u00e4kerhetsb\u00e4lten<\/strong><\/span><\/p>\n<p style=\"text-align: justify;\"><span style=\"color: #e14d43;\"><strong>Setet inneh\u00e5ller:<\/strong><\/span><\/p>\n<p><span style=\"color: #282828;\"><strong>-ram med handtag i ekol\u00e4der<br \/>\n-gondol med justerbart ryggst\u00f6d<br \/>\n-s\u00e4tesenhet<br \/>\n-tv\u00e5 fotskydd (f\u00f6r barnvagn och gondol)<br \/>\n-multifunktionell bilbarnstol med adaptrar<br \/>\n-regnskydd<br \/>\n-myggn\u00e4t<br \/>\n-v\u00e4ska och sk\u00f6tb\u00e4dd<br \/>\n-mjuka, punkteringss\u00e4kra gelhjul (all terr\u00e4ng)<br \/>\n-flaskhandtag<br \/>\n-stor ficka p\u00e5 baksidan av v\u00e4skan och tv\u00e5 sm\u00e5 p\u00e5 sidorna<\/strong><\/span><\/p>\n<p style=\"text-align: justify;\"><span style=\"color: #282828;\"><strong>Hopf\u00e4lld ram med hjul (l\u00e4ngd x bredd x h\u00f6jd): 85x60x40cm<br \/>\nMonterad barnvagn (h\u00f6jd x bredd x l\u00e4ngd): 115x60x95cm<br \/>\nGondol inuti (bredd x l\u00e4ngd x h\u00f6jd): 36x80x20cm<br \/>\nBarnvagnens insida (bredd x ryggst\u00f6dets l\u00e4ngd x sitsl\u00e4ngd x fotst\u00f6dets l\u00e4ngd): 34x48x26x23 cm<br \/>\nRam med hjul: 10 kg<br \/>\nBarnvagn: 15 kg<br \/>\nDjup barnvagn: 16 kg<br \/>\nR\u00e4ckvidd f\u00f6r reglerat handtag: 70 cm till 115 cm<br \/>\nBarnvagn: EN 1888:2019 S\u00e4kerhetsgodk\u00e4nd<br \/>\nBilbarnstol ECE 44-04 S\u00e4kerhetsgodk\u00e4nd<br \/>\n12 m\u00e5naders garanti<\/strong><\/span><\/p>\n<p>&nbsp;<\/p>\n<p style=\"text-align: justify;\"><span style=\"color: #282828;\"><a style=\"color: #282828;\" href=\"http:\/\/forbabyboss.com\/wp-content\/uploads\/2022\/09\/checkout.png\"><img loading=\"lazy\" decoding=\"async\" class=\"alignnone wp-image-5965\" src=\"http:\/\/forbabyboss.com\/wp-content\/uploads\/2022\/09\/checkout.png\" alt=\"\" width=\"970\" height=\"357\" srcset=\"https:\/\/forbabyboss.com\/wp-content\/uploads\/2022\/09\/checkout.png 750w, https:\/\/forbabyboss.com\/wp-content\/uploads\/2022\/09\/checkout-600x221.png 600w\" sizes=\"auto, (max-width: 970px) 100vw, 970px\" \/><\/a><\/span><\/p>","protected":false},"excerpt":{"rendered":"<p><a href=\"http:\/\/forbabyboss.com\/wp-content\/uploads\/2022\/09\/Star-Rating-5.png\"><img loading=\"lazy\" decoding=\"async\" class=\"alignnone size-full wp-image-5973 aligncenter\" src=\"http:\/\/forbabyboss.com\/wp-content\/uploads\/2022\/09\/Star-Rating-5.png\" alt=\"\" width=\"275\" height=\"45\" \/><\/a><\/p>\n<p style=\"text-align: center;\"><span style=\"color: #ed1c24; font-size: 120%;\"><b>PRISGARANTI<\/b><\/span><\/p>\n<p style=\"text-align: center;\"><span style=\"font-size: 115%;\"><span style=\"font-weight: 400; color: #4f4fa7;\">Fri leverans<\/span><span style=\"font-weight: 400;\"> \u2013 2\u20137 dagar<\/span><\/span><\/p>\n<p style=\"text-align: center;\"><strong><span style=\"color: #29606b;\">Gratis g\u00e5va vid k\u00f6p \u00f6ver 100 pund<\/span><\/strong><\/p>","protected":false},"featured_media":4981,"template":"","meta":[],"product_brand":[370],"product_cat":[336,339,156,305,210,130,211],"product_tag":[],"class_list":{"0":"post-4980","1":"product","2":"type-product","3":"status-publish","4":"has-post-thumbnail","6":"product_brand-babylux","7":"product_cat-400-to-500","8":"product_cat-700-to-800","9":"product_cat-3-in-1","10":"product_cat-colour","11":"product_cat-grey","12":"product_cat-prams","13":"product_cat-stroller","15":"first","16":"instock","17":"sale","18":"shipping-taxable","19":"purchasable","20":"product-type-simple"},"yoast_head":"<!-- This site is optimized with the Yoast SEO plugin v27.6 - https:\/\/yoast.com\/product\/yoast-seo-wordpress\/ -->\n<title>Baby Buggy Pram Car Seat 3 in 1 Travel System Pushchair All In One in Grey Flex - For Baby Boss<\/title>\n<meta name=\"description\" content=\"Baby Buggy Pram Car Seat 3 in 1 Travel System Pushchair All In One in Grey Flex\" \/>\n<meta name=\"robots\" content=\"index, follow, max-snippet:-1, max-image-preview:large, max-video-preview:-1\" \/>\n<link rel=\"canonical\" href=\"https:\/\/forbabyboss.com\/sv\/produkt\/babysittvagn-barnvagn-bilbarnstol-3-i-1-resesystem-allt-i-ett-i-gratt-flex\/\" \/>\n<meta property=\"og:locale\" content=\"sv_SE\" \/>\n<meta property=\"og:type\" content=\"article\" \/>\n<meta property=\"og:title\" content=\"Baby Buggy Pram Car Seat 3 in 1 Travel System Pushchair All In One in Grey Flex - For Baby Boss\" \/>\n<meta property=\"og:description\" content=\"Baby Buggy Pram Car Seat 3 in 1 Travel System Pushchair All In One in Grey Flex\" \/>\n<meta property=\"og:url\" content=\"https:\/\/forbabyboss.com\/sv\/produkt\/babysittvagn-barnvagn-bilbarnstol-3-i-1-resesystem-allt-i-ett-i-gratt-flex\/\" \/>\n<meta property=\"og:site_name\" content=\"For Baby Boss\" \/>\n<meta property=\"article:modified_time\" content=\"2026-02-21T13:12:57+00:00\" \/>\n<meta property=\"og:image\" content=\"https:\/\/forbabyboss.com\/wp-content\/uploads\/2022\/09\/4-1.jpg\" \/>\n\t<meta property=\"og:image:width\" content=\"933\" \/>\n\t<meta property=\"og:image:height\" content=\"700\" \/>\n\t<meta property=\"og:image:type\" content=\"image\/jpeg\" \/>\n<meta name=\"twitter:card\" content=\"summary_large_image\" \/>\n<meta name=\"twitter:label1\" content=\"Ber\u00e4knad l\u00e4stid\" \/>\n\t<meta name=\"twitter:data1\" content=\"2 minuter\" \/>\n<script type=\"application\/ld+json\" class=\"yoast-schema-graph\">{\"@context\":\"https:\\\/\\\/schema.org\",\"@graph\":[{\"@type\":\"WebPage\",\"@id\":\"https:\\\/\\\/forbabyboss.com\\\/product\\\/baby-buggy-pram-car-seat-3-in-1-travel-system-pushchair-all-in-one-in-grey-flex\\\/\",\"url\":\"https:\\\/\\\/forbabyboss.com\\\/product\\\/baby-buggy-pram-car-seat-3-in-1-travel-system-pushchair-all-in-one-in-grey-flex\\\/\",\"name\":\"Baby Buggy Pram Car Seat 3 in 1 Travel System Pushchair All In One in Grey Flex - For Baby Boss\",\"isPartOf\":{\"@id\":\"https:\\\/\\\/powderblue-seahorse-496884.hostingersite.com\\\/#website\"},\"primaryImageOfPage\":{\"@id\":\"https:\\\/\\\/forbabyboss.com\\\/product\\\/baby-buggy-pram-car-seat-3-in-1-travel-system-pushchair-all-in-one-in-grey-flex\\\/#primaryimage\"},\"image\":{\"@id\":\"https:\\\/\\\/forbabyboss.com\\\/product\\\/baby-buggy-pram-car-seat-3-in-1-travel-system-pushchair-all-in-one-in-grey-flex\\\/#primaryimage\"},\"thumbnailUrl\":\"https:\\\/\\\/forbabyboss.com\\\/wp-content\\\/uploads\\\/2022\\\/09\\\/4-1.jpg\",\"datePublished\":\"2022-09-10T16:02:39+00:00\",\"dateModified\":\"2026-02-21T13:12:57+00:00\",\"description\":\"Baby Buggy Pram Car Seat 3 in 1 Travel System Pushchair All In One in Grey Flex\",\"breadcrumb\":{\"@id\":\"https:\\\/\\\/forbabyboss.com\\\/product\\\/baby-buggy-pram-car-seat-3-in-1-travel-system-pushchair-all-in-one-in-grey-flex\\\/#breadcrumb\"},\"inLanguage\":\"sv-SE\",\"potentialAction\":[{\"@type\":\"ReadAction\",\"target\":[\"https:\\\/\\\/forbabyboss.com\\\/product\\\/baby-buggy-pram-car-seat-3-in-1-travel-system-pushchair-all-in-one-in-grey-flex\\\/\"]}]},{\"@type\":\"ImageObject\",\"inLanguage\":\"sv-SE\",\"@id\":\"https:\\\/\\\/forbabyboss.com\\\/product\\\/baby-buggy-pram-car-seat-3-in-1-travel-system-pushchair-all-in-one-in-grey-flex\\\/#primaryimage\",\"url\":\"https:\\\/\\\/forbabyboss.com\\\/wp-content\\\/uploads\\\/2022\\\/09\\\/4-1.jpg\",\"contentUrl\":\"https:\\\/\\\/forbabyboss.com\\\/wp-content\\\/uploads\\\/2022\\\/09\\\/4-1.jpg\",\"width\":933,\"height\":700},{\"@type\":\"BreadcrumbList\",\"@id\":\"https:\\\/\\\/forbabyboss.com\\\/product\\\/baby-buggy-pram-car-seat-3-in-1-travel-system-pushchair-all-in-one-in-grey-flex\\\/#breadcrumb\",\"itemListElement\":[{\"@type\":\"ListItem\",\"position\":1,\"name\":\"Home\",\"item\":\"https:\\\/\\\/forbabyboss.com\\\/\"},{\"@type\":\"ListItem\",\"position\":2,\"name\":\"Shop\",\"item\":\"https:\\\/\\\/forbabyboss.com\\\/shop\\\/\"},{\"@type\":\"ListItem\",\"position\":3,\"name\":\"Baby Buggy Pram Car Seat 3 in 1 Travel System Pushchair All In One in Grey Flex\"}]},{\"@type\":\"WebSite\",\"@id\":\"https:\\\/\\\/powderblue-seahorse-496884.hostingersite.com\\\/#website\",\"url\":\"https:\\\/\\\/powderblue-seahorse-496884.hostingersite.com\\\/\",\"name\":\"For Baby Boss\",\"description\":\"Beautiful gifts and accessories for your baby boss\",\"potentialAction\":[{\"@type\":\"SearchAction\",\"target\":{\"@type\":\"EntryPoint\",\"urlTemplate\":\"https:\\\/\\\/powderblue-seahorse-496884.hostingersite.com\\\/?s={search_term_string}\"},\"query-input\":{\"@type\":\"PropertyValueSpecification\",\"valueRequired\":true,\"valueName\":\"search_term_string\"}}],\"inLanguage\":\"sv-SE\"}]}<\/script>\n<!-- \/ Yoast SEO plugin. -->","yoast_head_json":{"title":"Baby Buggy Barnvagnsbarnstol 3 i 1 Resesystem Barnvagn Allt i ett i Gr\u00e5 Flex - F\u00f6r Baby Boss","description":"Baby Buggy Barnvagnsbarnstol 3-i-1 Resesystem Barnvagn Allt-i-ett i Gr\u00e5 Flex","robots":{"index":"index","follow":"follow","max-snippet":"max-snippet:-1","max-image-preview":"max-image-preview:large","max-video-preview":"max-video-preview:-1"},"canonical":"https:\/\/forbabyboss.com\/sv\/produkt\/babysittvagn-barnvagn-bilbarnstol-3-i-1-resesystem-allt-i-ett-i-gratt-flex\/","og_locale":"sv_SE","og_type":"article","og_title":"Baby Buggy Pram Car Seat 3 in 1 Travel System Pushchair All In One in Grey Flex - For Baby Boss","og_description":"Baby Buggy Pram Car Seat 3 in 1 Travel System Pushchair All In One in Grey Flex","og_url":"https:\/\/forbabyboss.com\/sv\/produkt\/babysittvagn-barnvagn-bilbarnstol-3-i-1-resesystem-allt-i-ett-i-gratt-flex\/","og_site_name":"For Baby Boss","article_modified_time":"2026-02-21T13:12:57+00:00","og_image":[{"width":933,"height":700,"url":"https:\/\/forbabyboss.com\/wp-content\/uploads\/2022\/09\/4-1.jpg","type":"image\/jpeg"}],"twitter_card":"summary_large_image","twitter_misc":{"Ber\u00e4knad l\u00e4stid":"2 minuter"},"schema":{"@context":"https:\/\/schema.org","@graph":[{"@type":"WebPage","@id":"https:\/\/forbabyboss.com\/product\/baby-buggy-pram-car-seat-3-in-1-travel-system-pushchair-all-in-one-in-grey-flex\/","url":"https:\/\/forbabyboss.com\/product\/baby-buggy-pram-car-seat-3-in-1-travel-system-pushchair-all-in-one-in-grey-flex\/","name":"Baby Buggy Barnvagnsbarnstol 3 i 1 Resesystem Barnvagn Allt i ett i Gr\u00e5 Flex - F\u00f6r Baby Boss","isPartOf":{"@id":"https:\/\/powderblue-seahorse-496884.hostingersite.com\/#website"},"primaryImageOfPage":{"@id":"https:\/\/forbabyboss.com\/product\/baby-buggy-pram-car-seat-3-in-1-travel-system-pushchair-all-in-one-in-grey-flex\/#primaryimage"},"image":{"@id":"https:\/\/forbabyboss.com\/product\/baby-buggy-pram-car-seat-3-in-1-travel-system-pushchair-all-in-one-in-grey-flex\/#primaryimage"},"thumbnailUrl":"https:\/\/forbabyboss.com\/wp-content\/uploads\/2022\/09\/4-1.jpg","datePublished":"2022-09-10T16:02:39+00:00","dateModified":"2026-02-21T13:12:57+00:00","description":"Baby Buggy Barnvagnsbarnstol 3-i-1 Resesystem Barnvagn Allt-i-ett i Gr\u00e5 Flex","breadcrumb":{"@id":"https:\/\/forbabyboss.com\/product\/baby-buggy-pram-car-seat-3-in-1-travel-system-pushchair-all-in-one-in-grey-flex\/#breadcrumb"},"inLanguage":"sv-SE","potentialAction":[{"@type":"ReadAction","target":["https:\/\/forbabyboss.com\/product\/baby-buggy-pram-car-seat-3-in-1-travel-system-pushchair-all-in-one-in-grey-flex\/"]}]},{"@type":"ImageObject","inLanguage":"sv-SE","@id":"https:\/\/forbabyboss.com\/product\/baby-buggy-pram-car-seat-3-in-1-travel-system-pushchair-all-in-one-in-grey-flex\/#primaryimage","url":"https:\/\/forbabyboss.com\/wp-content\/uploads\/2022\/09\/4-1.jpg","contentUrl":"https:\/\/forbabyboss.com\/wp-content\/uploads\/2022\/09\/4-1.jpg","width":933,"height":700},{"@type":"BreadcrumbList","@id":"https:\/\/forbabyboss.com\/product\/baby-buggy-pram-car-seat-3-in-1-travel-system-pushchair-all-in-one-in-grey-flex\/#breadcrumb","itemListElement":[{"@type":"ListItem","position":1,"name":"Home","item":"https:\/\/forbabyboss.com\/"},{"@type":"ListItem","position":2,"name":"Shop","item":"https:\/\/forbabyboss.com\/shop\/"},{"@type":"ListItem","position":3,"name":"Baby Buggy Pram Car Seat 3 in 1 Travel System Pushchair All In One in Grey Flex"}]},{"@type":"WebSite","@id":"https:\/\/powderblue-seahorse-496884.hostingersite.com\/#website","url":"https:\/\/powderblue-seahorse-496884.hostingersite.com\/","name":"F\u00f6r Baby Boss","description":"Vackra presenter och tillbeh\u00f6r till din babychef","potentialAction":[{"@type":"SearchAction","target":{"@type":"EntryPoint","urlTemplate":"https:\/\/powderblue-seahorse-496884.hostingersite.com\/?s={search_term_string}"},"query-input":{"@type":"PropertyValueSpecification","valueRequired":true,"valueName":"search_term_string"}}],"inLanguage":"sv-SE"}]}},"_links":{"self":[{"href":"https:\/\/forbabyboss.com\/sv\/wp-json\/wp\/v2\/product\/4980","targetHints":{"allow":["GET"]}}],"collection":[{"href":"https:\/\/forbabyboss.com\/sv\/wp-json\/wp\/v2\/product"}],"about":[{"href":"https:\/\/forbabyboss.com\/sv\/wp-json\/wp\/v2\/types\/product"}],"wp:featuredmedia":[{"embeddable":true,"href":"https:\/\/forbabyboss.com\/sv\/wp-json\/wp\/v2\/media\/4981"}],"wp:attachment":[{"href":"https:\/\/forbabyboss.com\/sv\/wp-json\/wp\/v2\/media?parent=4980"}],"wp:term":[{"taxonomy":"product_brand","embeddable":true,"href":"https:\/\/forbabyboss.com\/sv\/wp-json\/wp\/v2\/product_brand?post=4980"},{"taxonomy":"product_cat","embeddable":true,"href":"https:\/\/forbabyboss.com\/sv\/wp-json\/wp\/v2\/product_cat?post=4980"},{"taxonomy":"product_tag","embeddable":true,"href":"https:\/\/forbabyboss.com\/sv\/wp-json\/wp\/v2\/product_tag?post=4980"}],"curies":[{"name":"wp","href":"https:\/\/api.w.org\/{rel}","templated":true}]}}