{"id":5121,"date":"2022-09-11T11:48:10","date_gmt":"2022-09-11T11:48:10","guid":{"rendered":"http:\/\/forbabyboss.com\/?post_type=product&#038;p=5121"},"modified":"2026-02-21T12:49:55","modified_gmt":"2026-02-21T12:49:55","slug":"black-grey-baby-pram-travel-system-3-in-1-pushchair-car-seat-toddler","status":"publish","type":"product","link":"https:\/\/forbabyboss.com\/sv\/product\/black-grey-baby-pram-travel-system-3-in-1-pushchair-car-seat-toddler\/","title":{"rendered":"Svartgr\u00e5 barnvagn Resesystem 3 i 1 barnvagn bilbarnstol sm\u00e5barn"},"content":{"rendered":"<p style=\"text-align: justify;\"><span style=\"color: #282828;\">Vi designade barnvagnen f\u00f6r att st\u00f6dja f\u00f6r\u00e4ldrar och barn fr\u00e5n f\u00f6dseln till 3 \u00e5r. Den \u00e4r v\u00e4l anpassad till ditt v\u00e4xande barns behov \u2013 du b\u00f6rjar med en liggdel med barnvagnsramen. N\u00e4r du best\u00e4mmer dig f\u00f6r att barnet \u00e4r tillr\u00e4ckligt stort och redo att sitta under promenader, monterar du en bekv\u00e4m sits bak\u00e5t- eller fram\u00e5tv\u00e4nd. Kan du \u00f6nska dig n\u00e5got mer?<\/span><\/p>\n<p style=\"text-align: justify;\"><span style=\"color: #e14d43;\"><strong>Drag:<\/strong><\/span><\/p>\n<p style=\"text-align: justify;\"><span style=\"color: #282828;\">- fram\u00e5tv\u00e4nt och bak\u00e5tv\u00e4nt l\u00e4ge<br \/>\n-bils\u00e4te som kan f\u00e4stas p\u00e5 chassit<br \/>\n-ventilationsf\u00f6nster p\u00e5 baksidan av huven<br \/>\n-gondolen har ett mjukt foder som kan tas bort f\u00f6r tv\u00e4tt<br \/>\n- Gondol\u00f6verdraget kan lyftas upp f\u00f6r att skapa en vindf\u00e5ngare<br \/>\n-f\u00f6rl\u00e4ngd, avtagbar huva<br \/>\n-5-punkts s\u00e4kerhetssele<br \/>\n-laminerat fotst\u00f6d<br \/>\n- justerbart handtag i flera niv\u00e5er<br \/>\n-justerbar fj\u00e4dring<br \/>\n- robust ram<br \/>\n-justerbart benst\u00f6d och ryggst\u00f6d<br \/>\n-centralbroms EASY STOP<br \/>\n-stor shoppingkorg<br \/>\nL\u00e4mplig f\u00f6r barnvagnar 0-3 \u00e5r<br \/>\nBilbarnstol upp till 10 kg<\/span><\/p>\n<p style=\"text-align: justify;\"><span style=\"color: #e14d43;\"><strong>Bilbarnstolens funktioner:<\/strong><\/span><\/p>\n<p style=\"text-align: justify;\"><span style=\"color: #282828;\">- extra insats f\u00f6r sp\u00e4dbarn<br \/>\n-justerbart handtag<br \/>\n- fotskydd<br \/>\n-avtagbar huva<br \/>\n- trepunkts s\u00e4kerhetsb\u00e4lten<\/span><\/p>\n<p style=\"text-align: justify;\"><span style=\"color: #e14d43;\"><strong>Setet inneh\u00e5ller:<\/strong><\/span><\/p>\n<p><span style=\"color: #282828;\">-ram med handtag i ekol\u00e4der<br \/>\n-gondol med justerbart ryggst\u00f6d<br \/>\n-s\u00e4tesenhet<br \/>\n-tv\u00e5 fotskydd (f\u00f6r barnvagn och gondol)<br \/>\n-multifunktionell bilbarnstol med adaptrar<br \/>\n-regnskydd<br \/>\n-myggn\u00e4t<br \/>\n-v\u00e4ska och sk\u00f6tb\u00e4dd<br \/>\n-mjuka, punkteringss\u00e4kra gelhjul (all terr\u00e4ng)<br \/>\n-flaskhandtag<br \/>\n-stor ficka p\u00e5 baksidan av v\u00e4skan och tv\u00e5 sm\u00e5 p\u00e5 sidorna<\/span><\/p>\n<p style=\"text-align: justify;\"><span style=\"color: #282828;\">Hopf\u00e4lld ram med hjul (l\u00e4ngd x bredd x h\u00f6jd): 85x60x40cm<br \/>\nMonterad barnvagn (h\u00f6jd x bredd x l\u00e4ngd): 115x60x95cm<br \/>\nGondol inuti (bredd x l\u00e4ngd x h\u00f6jd): 36x80x20cm<br \/>\nBarnvagnens insida (bredd x ryggst\u00f6dets l\u00e4ngd x sitsl\u00e4ngd x fotst\u00f6dets l\u00e4ngd): 34x48x26x23 cm<br \/>\nRam med hjul: 10 kg<br \/>\nBarnvagn: 15 kg<br \/>\nDjup barnvagn: 16 kg<br \/>\nR\u00e4ckvidd f\u00f6r reglerat handtag: 70 cm till 115 cm<br \/>\nBarnvagn: EN 1888:2019 S\u00e4kerhetsgodk\u00e4nd<br \/>\nBilbarnstol ECE 44-04 S\u00e4kerhetsgodk\u00e4nd<br \/>\n12 m\u00e5naders garanti<\/span><\/p>\n<p style=\"text-align: justify;\"><span style=\"color: #282828;\">V\u00e5r barnvagn inkluderar chassi, liggdel, sportsits, sk\u00f6tv\u00e4ska, sk\u00f6tb\u00e4dd, muggh\u00e5llare, sufflett, armst\u00f6d, sittskydd, kundkorg, underl\u00e4gg, regnskydd, myggn\u00e4t, s\u00e4kerhetsbygel och en andningsbar och allergiv\u00e4nlig madrass. Fr\u00e5n 6 m\u00e5nader kan du anv\u00e4nda den som barnvagn. Barnvagnen har en v\u00e4ndbar sits som kan anv\u00e4ndas i b\u00e5da f\u00e4rds\u00e4tten. Den utdragbara suffletten har ett system som st\u00f6ter bort v\u00e4tskor.<\/span><br \/>\n<span style=\"color: #282828;\">Denna barnvagn \u00e4r perfekt f\u00f6r de som s\u00f6ker sk\u00f6nhet och en exceptionell f\u00f6rsta vagn f\u00f6r sina sm\u00e5. Largo \u00e4r en kollektion av funktionella, s\u00e4kra och f\u00e4rgglada barnvagnar.<\/span><br \/>\n<span style=\"color: #282828;\">F\u00f6r en extra lyxig k\u00e4nsla \u00e4r handtaget kl\u00e4tt i eko-l\u00e4der som \u00e4r mycket mjukt att ta p\u00e5. En annan f\u00f6rdel med denna barnvagn \u00e4r dess bekv\u00e4ma, v\u00e4lfj\u00e4drade ram, som \u00e4r extremt enkel att anv\u00e4nda.<\/span><\/p>\n<p style=\"text-align: justify;\"><span style=\"color: #282828;\">Det enkla monteringssystemet kommer att uppskattas av alla mammor och pappor. Barnvagnens kl\u00e4dsel \u00e4r tillverkad av impregnerade tyger av h\u00f6gsta kvalitet som \u00e4r barnv\u00e4nliga.<\/span><br \/>\n<span style=\"color: #282828;\">Gondolens insida \u00e4r fylld med allergiv\u00e4nligt bomullstyg. Kl\u00e4dseln kan tas bort f\u00f6r tv\u00e4tt. Dessutom har den ett solskydd med UVA 30+-skydd.<\/span><br \/>\n<span style=\"color: #282828;\">Vi designade vagnen f\u00f6r att st\u00f6dja f\u00f6r\u00e4ldrar och barn fr\u00e5n f\u00f6dseln till 3 \u00e5r. Den \u00e4r v\u00e4l anpassad till ditt v\u00e4xande barns behov \u2013 du b\u00f6rjar med en liggdel med barnvagnsramen.<\/span><br \/>\n<span style=\"color: #282828;\">N\u00e4r du best\u00e4mt att barnet \u00e4r tillr\u00e4ckligt stort och redo att sitta under promenader, monterar du en bekv\u00e4m sits bak\u00e5t- eller fram\u00e5tv\u00e4nd.<\/span><br \/>\n<span style=\"color: #282828;\">Kan man \u00f6nska sig n\u00e5got mer?<\/span><\/p>\n<p style=\"text-align: justify;\"><span style=\"color: #282828;\"><strong><img decoding=\"async\" src=\"https:\/\/bayobay.co.uk\/ebay\/zdjecia-aukcyjne\/rafpol\/largo\/zdjecia%20podwojne\/gif1.gif\" \/><\/strong><\/span><\/p>\n<p style=\"text-align: justify;\"><span style=\"color: #282828;\"><strong><img decoding=\"async\" src=\"https:\/\/bayobay.co.uk\/\/ebay\/zdjecia-aukcyjne\/rafpol\/largo\/zdjecia%20podwojne\/gif2.gif\" \/><\/strong><\/span><\/p>\n<p style=\"text-align: justify;\"><span style=\"color: #282828;\"><strong><img decoding=\"async\" src=\"https:\/\/bayobay.co.uk\/ebay\/zdjecia-aukcyjne\/rafpol\/largo\/zdjecia%20podwojne\/1.png\" \/><\/strong><\/span><\/p>\n<p style=\"text-align: justify;\"><span style=\"color: #282828;\"><strong>V\u00e5ra barnvagnar inneh\u00e5ller all innovativ teknik.<br \/>\nLiggdel, sportstol och bilbarnstol kan f\u00e4stas bak\u00e5t- och fram\u00e5tv\u00e4nda. Fj\u00e4dringen \u00e4r det element som ansvarar f\u00f6r den st\u00f6tfria resan. Den kommer att ge ditt barn lugn s\u00f6mn.<br \/>\nShock Stop-systemet som anv\u00e4nds i v\u00e5ra barnvagnar minskar obehagliga vibrationer. Det best\u00e5r av tv\u00e5 delar: bakhjulsfj\u00e4dring och extra sidofj\u00e4dring. Vagnen \u00e4r redo att anv\u00e4ndas praktiskt taget s\u00e5 snart den packas upp (f\u00e4ll bara ut ramen, montera hjulen och f\u00e4st liggdelen) \u2013 du beh\u00f6ver inte skruva \u00e5t en enda skruv.<\/strong><\/span><\/p>\n<p style=\"text-align: justify;\"><span style=\"color: #282828;\"><strong><img decoding=\"async\" src=\"https:\/\/bayobay.co.uk\/ebay\/zdjecia-aukcyjne\/rafpol\/largo\/zdjecia%20podwojne\/2.png\" \/><\/strong><\/span><\/p>\n<p style=\"text-align: justify;\"><span style=\"color: #282828;\"><strong>Vagnen \u00e4r utrustad med en stor shoppingkorg, justerbart handtag i ekol\u00e4der och solskydd.<br \/>\nCentralbromsen \u00e4r enkel att anv\u00e4nda \u2013 den kan aktiveras eller kopplas ur med bara ett grepp.<\/strong><\/span><\/p>\n<p style=\"text-align: justify;\"><span style=\"color: #282828;\"><strong><img decoding=\"async\" src=\"https:\/\/bayobay.co.uk\/ebay\/zdjecia-aukcyjne\/rafpol\/largo\/zdjecia%20podwojne\/3.png\" \/><\/strong><\/span><\/p>\n<p style=\"text-align: justify;\"><span style=\"color: #282828;\"><strong>Bilbarnstolen har avtagbar sufflett och fotskydd och kan anv\u00e4ndas som en vagga.<\/strong><\/span><\/p>\n<p style=\"text-align: justify;\"><span style=\"color: #282828;\"><strong><img decoding=\"async\" src=\"https:\/\/bayobay.co.uk\/ebay\/zdjecia-aukcyjne\/rafpol\/largo\/zdjecia%20podwojne\/4.png\" \/><\/strong><\/span><\/p>\n<p style=\"text-align: justify;\"><span style=\"color: #282828;\"><strong>Hopf\u00e4llbar och ventilerad sufflett p\u00e5 liggdelen.<br \/>\nEn rymlig v\u00e4ska med dragkedja \u2013 du kan f\u00e4sta den p\u00e5 barnvagnens ram eller ta den med dig.<\/strong><\/span><\/p>\n<p style=\"text-align: justify;\"><span style=\"color: #282828;\"><strong><img decoding=\"async\" src=\"https:\/\/bayobay.co.uk\/ebay\/zdjecia-aukcyjne\/rafpol\/largo\/zdjecia%20podwojne\/5.png\" \/><\/strong><\/span><\/p>\n<p style=\"text-align: justify;\"><span style=\"color: #282828;\"><strong>Slitstarkt och l\u00e4ttrengjort fotst\u00f6d.<br \/>\nJusterbart ryggst\u00f6d.<br \/>\nAvtagbar kaross p\u00e5 sportstolen.<\/strong><\/span><\/p>\n<p style=\"text-align: justify;\"><span style=\"color: #282828;\"><strong><img decoding=\"async\" src=\"https:\/\/bayobay.co.uk\/ebay\/zdjecia-aukcyjne\/rafpol\/largo\/zdjecia%20podwojne\/6.png\" \/><\/strong><\/span><\/p>\n<p style=\"text-align: justify;\"><span style=\"color: #282828;\"><strong>Sportstolen kan f\u00e4stas bak\u00e5t- och fram\u00e5tv\u00e4nd. Ditt barn kan sitta v\u00e4nt mot dig (s\u00e5 att du kan prata med barnet och h\u00e5lla ett \u00f6ga p\u00e5 det) eller sitta bak\u00e5tv\u00e4nt mot dig och titta p\u00e5 omgivningen framifr\u00e5n (n\u00e4r barnet blir \u00e4ldre och mer intresserad av v\u00e4rlden runt omkring sig).<br \/>\nStaketet har ett ventilationsf\u00f6nster.<br \/>\nGenom att ventilera vagnen ordentligt skyddar du ditt barn fr\u00e5n att bli \u00f6verhettat i varmt v\u00e4der och ger gott om ventilation och frisk luft.<\/strong><\/span><\/p>\n<p style=\"text-align: justify;\"><span style=\"color: #282828;\"><strong><img decoding=\"async\" src=\"https:\/\/bayobay.co.uk\/ebay\/zdjecia-aukcyjne\/rafpol\/largo\/zdjecia%20podwojne\/7.png\" \/><\/strong><\/span><\/p>\n<p style=\"text-align: justify;\"><span style=\"color: #282828;\"><strong>Ett extra f\u00f6rkl\u00e4de h\u00e5ller din bebis varm under kallare dagar.<br \/>\nVagnen har mjuka, punkteringss\u00e4kra gelhjul s\u00e5 att du kan anv\u00e4nda den i alla terr\u00e4nger.<br \/>\nDe l\u00e5sbara sv\u00e4nghjulen fram g\u00f6r det mycket enkelt att ta kurvor.<\/strong><\/span><\/p>\n<p style=\"text-align: justify;\"><span style=\"color: #282828;\"><strong><img decoding=\"async\" src=\"https:\/\/bayobay.co.uk\/ebay\/zdjecia-aukcyjne\/rafpol\/largo\/zdjecia%20podwojne\/8.png\" \/><\/strong><\/span><\/p>\n<p style=\"text-align: justify;\"><span style=\"color: #282828;\"><strong>Regnskydd och insektsskydd.<\/strong><\/span><\/p>\n<p style=\"text-align: justify;\"><span style=\"color: #282828;\"><strong><img decoding=\"async\" src=\"https:\/\/bayobay.co.uk\/ebay\/zdjecia-aukcyjne\/rafpol\/largo\/zdjecia%20podwojne\/9.png\" \/><\/strong><\/span><\/p>\n<p style=\"text-align: justify;\"><span style=\"color: #282828;\"><strong>Liggdelen har en mjuk och mysig tv\u00e4ttbar madrass och ryggst\u00f6dsjustering i fyra steg.<\/strong><\/span><\/p>\n<p style=\"text-align: justify;\"><span style=\"color: #282828;\"><strong><img decoding=\"async\" src=\"https:\/\/bayobay.co.uk\/ebay\/zdjecia-aukcyjne\/rafpol\/largo\/zdjecia%20podwojne\/10.png\" \/><\/strong><\/span><\/p>\n<p style=\"text-align: justify;\"><span style=\"color: #282828;\"><strong>Bl\u00f6jv\u00e4ska, sk\u00f6tb\u00e4dd, bilbarnstolsadaptrar, muggh\u00e5llare. regn- och insektsskydd.<\/strong><\/span><\/p>\n<p style=\"text-align: justify;\"><span style=\"color: #282828;\"><strong><img decoding=\"async\" src=\"https:\/\/bayobay.co.uk\/ebay\/zdjecia-aukcyjne\/rafpol\/largo\/zdjecia%20podwojne\/11.jpg\" \/><\/strong><\/span><\/p>\n<p style=\"text-align: justify;\"><span style=\"color: #282828;\"><strong><img decoding=\"async\" src=\"https:\/\/bayobay.co.uk\/ebay\/zdjecia-aukcyjne\/rafpol\/largo\/zdjecia%20podwojne\/12.png\" \/><\/strong><\/span><\/p>\n<p style=\"text-align: justify;\"><span style=\"color: #282828;\"><strong><img decoding=\"async\" src=\"https:\/\/bayobay.co.uk\/ebay\/zdjecia-aukcyjne\/rafpol\/largo\/zdjecia%20podwojne\/dimensions.png\" \/><\/strong><\/span><\/p>\n<p><span style=\"color: #282828;\"><a style=\"color: #282828;\" href=\"http:\/\/forbabyboss.com\/wp-content\/uploads\/2022\/09\/Easy-Fold.png\"><img loading=\"lazy\" decoding=\"async\" class=\"alignnone size-full wp-image-4925\" src=\"http:\/\/forbabyboss.com\/wp-content\/uploads\/2022\/09\/Easy-Fold.png\" alt=\"\" width=\"1141\" height=\"409\" srcset=\"https:\/\/forbabyboss.com\/wp-content\/uploads\/2022\/09\/Easy-Fold.png 1141w, https:\/\/forbabyboss.com\/wp-content\/uploads\/2022\/09\/Easy-Fold-800x287.png 800w, https:\/\/forbabyboss.com\/wp-content\/uploads\/2022\/09\/Easy-Fold-768x275.png 768w, https:\/\/forbabyboss.com\/wp-content\/uploads\/2022\/09\/Easy-Fold-600x215.png 600w\" sizes=\"auto, (max-width: 1141px) 100vw, 1141px\" \/><\/a><\/span><\/p>\n<p>&nbsp;<\/p>\n<p>&nbsp;<\/p>\n<p><a href=\"http:\/\/forbabyboss.com\/wp-content\/uploads\/2022\/09\/checkout.png\"><img loading=\"lazy\" decoding=\"async\" class=\"alignnone wp-image-5965\" src=\"http:\/\/forbabyboss.com\/wp-content\/uploads\/2022\/09\/checkout.png\" alt=\"\" width=\"989\" height=\"364\" srcset=\"https:\/\/forbabyboss.com\/wp-content\/uploads\/2022\/09\/checkout.png 750w, https:\/\/forbabyboss.com\/wp-content\/uploads\/2022\/09\/checkout-600x221.png 600w\" sizes=\"auto, (max-width: 989px) 100vw, 989px\" \/><\/a><\/p>\n<p style=\"text-align: justify;\">","protected":false},"excerpt":{"rendered":"<p><a href=\"http:\/\/forbabyboss.com\/wp-content\/uploads\/2022\/09\/Star-Rating-5.png\"><img loading=\"lazy\" decoding=\"async\" class=\"alignnone size-full wp-image-5973 aligncenter\" src=\"http:\/\/forbabyboss.com\/wp-content\/uploads\/2022\/09\/Star-Rating-5.png\" alt=\"\" width=\"275\" height=\"45\" \/><\/a><\/p>\n<p style=\"text-align: center;\"><span style=\"color: #ed1c24; font-size: 120%;\"><b>PRISGARANTI<\/b><\/span><\/p>\n<p style=\"text-align: center;\"><span style=\"font-size: 115%;\"><span style=\"font-weight: 400; color: #4f4fa7;\">Fri leverans<\/span><span style=\"font-weight: 400;\"> \u2013 2\u20137 dagar<\/span><\/span><\/p>\n<p style=\"text-align: center;\"><strong><span style=\"color: #29606b;\">Gratis g\u00e5va vid k\u00f6p \u00f6ver 100 pund<\/span><\/strong><\/p>","protected":false},"featured_media":5123,"template":"","meta":[],"product_brand":[370],"product_cat":[336,339,156,305,210,130,211],"product_tag":[202,199],"class_list":{"0":"post-5121","1":"product","2":"type-product","3":"status-publish","4":"has-post-thumbnail","6":"product_brand-babylux","7":"product_cat-400-to-500","8":"product_cat-700-to-800","9":"product_cat-3-in-1","10":"product_cat-colour","11":"product_cat-grey","12":"product_cat-prams","13":"product_cat-stroller","14":"product_tag-3-in-1-pram","15":"product_tag-prams","17":"first","18":"instock","19":"sale","20":"shipping-taxable","21":"purchasable","22":"product-type-simple"},"yoast_head":"<!-- This site is optimized with the Yoast SEO plugin v27.5 - https:\/\/yoast.com\/product\/yoast-seo-wordpress\/ -->\n<title>Black Grey Baby Pram Travel System 3 in 1 Pushchair Car Seat Toddler - For Baby Boss<\/title>\n<meta name=\"description\" content=\"Black Grey Baby Pram Travel System 3 in 1 Pushchair Car Seat Toddler\" \/>\n<meta name=\"robots\" content=\"index, follow, max-snippet:-1, max-image-preview:large, max-video-preview:-1\" \/>\n<link rel=\"canonical\" href=\"https:\/\/forbabyboss.com\/sv\/produkt\/black-grey-baby-pram-travel-system-3-in-1-pushchair-car-seat-toddler\/\" \/>\n<meta property=\"og:locale\" content=\"sv_SE\" \/>\n<meta property=\"og:type\" content=\"article\" \/>\n<meta property=\"og:title\" content=\"Black Grey Baby Pram Travel System 3 in 1 Pushchair Car Seat Toddler - For Baby Boss\" \/>\n<meta property=\"og:description\" content=\"Black Grey Baby Pram Travel System 3 in 1 Pushchair Car Seat Toddler\" \/>\n<meta property=\"og:url\" content=\"https:\/\/forbabyboss.com\/sv\/produkt\/black-grey-baby-pram-travel-system-3-in-1-pushchair-car-seat-toddler\/\" \/>\n<meta property=\"og:site_name\" content=\"For Baby Boss\" \/>\n<meta property=\"article:modified_time\" content=\"2026-02-21T12:49:55+00:00\" \/>\n<meta property=\"og:image\" content=\"https:\/\/forbabyboss.com\/wp-content\/uploads\/2022\/09\/Baby-Pram-Travel-System-3-in-1-Buggy-Pushchair-Car-Seat-Toddler-Bassinet-FREEBIE-Black-Grey_main.png\" \/>\n\t<meta property=\"og:image:width\" content=\"1600\" \/>\n\t<meta property=\"og:image:height\" content=\"1600\" \/>\n\t<meta property=\"og:image:type\" content=\"image\/png\" \/>\n<meta name=\"twitter:card\" content=\"summary_large_image\" \/>\n<meta name=\"twitter:label1\" content=\"Ber\u00e4knad l\u00e4stid\" \/>\n\t<meta name=\"twitter:data1\" content=\"8 minuter\" \/>\n<script type=\"application\/ld+json\" class=\"yoast-schema-graph\">{\"@context\":\"https:\\\/\\\/schema.org\",\"@graph\":[{\"@type\":\"WebPage\",\"@id\":\"https:\\\/\\\/forbabyboss.com\\\/product\\\/black-grey-baby-pram-travel-system-3-in-1-pushchair-car-seat-toddler\\\/\",\"url\":\"https:\\\/\\\/forbabyboss.com\\\/product\\\/black-grey-baby-pram-travel-system-3-in-1-pushchair-car-seat-toddler\\\/\",\"name\":\"Black Grey Baby Pram Travel System 3 in 1 Pushchair Car Seat Toddler - For Baby Boss\",\"isPartOf\":{\"@id\":\"https:\\\/\\\/powderblue-seahorse-496884.hostingersite.com\\\/#website\"},\"primaryImageOfPage\":{\"@id\":\"https:\\\/\\\/forbabyboss.com\\\/product\\\/black-grey-baby-pram-travel-system-3-in-1-pushchair-car-seat-toddler\\\/#primaryimage\"},\"image\":{\"@id\":\"https:\\\/\\\/forbabyboss.com\\\/product\\\/black-grey-baby-pram-travel-system-3-in-1-pushchair-car-seat-toddler\\\/#primaryimage\"},\"thumbnailUrl\":\"https:\\\/\\\/forbabyboss.com\\\/wp-content\\\/uploads\\\/2022\\\/09\\\/Baby-Pram-Travel-System-3-in-1-Buggy-Pushchair-Car-Seat-Toddler-Bassinet-FREEBIE-Black-Grey_main.png\",\"datePublished\":\"2022-09-11T11:48:10+00:00\",\"dateModified\":\"2026-02-21T12:49:55+00:00\",\"description\":\"Black Grey Baby Pram Travel System 3 in 1 Pushchair Car Seat Toddler\",\"breadcrumb\":{\"@id\":\"https:\\\/\\\/forbabyboss.com\\\/product\\\/black-grey-baby-pram-travel-system-3-in-1-pushchair-car-seat-toddler\\\/#breadcrumb\"},\"inLanguage\":\"sv-SE\",\"potentialAction\":[{\"@type\":\"ReadAction\",\"target\":[\"https:\\\/\\\/forbabyboss.com\\\/product\\\/black-grey-baby-pram-travel-system-3-in-1-pushchair-car-seat-toddler\\\/\"]}]},{\"@type\":\"ImageObject\",\"inLanguage\":\"sv-SE\",\"@id\":\"https:\\\/\\\/forbabyboss.com\\\/product\\\/black-grey-baby-pram-travel-system-3-in-1-pushchair-car-seat-toddler\\\/#primaryimage\",\"url\":\"https:\\\/\\\/forbabyboss.com\\\/wp-content\\\/uploads\\\/2022\\\/09\\\/Baby-Pram-Travel-System-3-in-1-Buggy-Pushchair-Car-Seat-Toddler-Bassinet-FREEBIE-Black-Grey_main.png\",\"contentUrl\":\"https:\\\/\\\/forbabyboss.com\\\/wp-content\\\/uploads\\\/2022\\\/09\\\/Baby-Pram-Travel-System-3-in-1-Buggy-Pushchair-Car-Seat-Toddler-Bassinet-FREEBIE-Black-Grey_main.png\",\"width\":1600,\"height\":1600},{\"@type\":\"BreadcrumbList\",\"@id\":\"https:\\\/\\\/forbabyboss.com\\\/product\\\/black-grey-baby-pram-travel-system-3-in-1-pushchair-car-seat-toddler\\\/#breadcrumb\",\"itemListElement\":[{\"@type\":\"ListItem\",\"position\":1,\"name\":\"Home\",\"item\":\"https:\\\/\\\/forbabyboss.com\\\/\"},{\"@type\":\"ListItem\",\"position\":2,\"name\":\"Shop\",\"item\":\"https:\\\/\\\/forbabyboss.com\\\/shop\\\/\"},{\"@type\":\"ListItem\",\"position\":3,\"name\":\"Black Grey Baby Pram Travel System 3 in 1 Pushchair Car Seat Toddler\"}]},{\"@type\":\"WebSite\",\"@id\":\"https:\\\/\\\/powderblue-seahorse-496884.hostingersite.com\\\/#website\",\"url\":\"https:\\\/\\\/powderblue-seahorse-496884.hostingersite.com\\\/\",\"name\":\"For Baby Boss\",\"description\":\"Beautiful gifts and accessories for your baby boss\",\"potentialAction\":[{\"@type\":\"SearchAction\",\"target\":{\"@type\":\"EntryPoint\",\"urlTemplate\":\"https:\\\/\\\/powderblue-seahorse-496884.hostingersite.com\\\/?s={search_term_string}\"},\"query-input\":{\"@type\":\"PropertyValueSpecification\",\"valueRequired\":true,\"valueName\":\"search_term_string\"}}],\"inLanguage\":\"sv-SE\"}]}<\/script>\n<!-- \/ Yoast SEO plugin. -->","yoast_head_json":{"title":"Black Grey Baby Pram Travel System 3 in 1 Pushchair Car Seat Toddler - For Baby Boss","description":"Black Grey Baby Pram Travel System 3 in 1 Pushchair Car Seat Toddler","robots":{"index":"index","follow":"follow","max-snippet":"max-snippet:-1","max-image-preview":"max-image-preview:large","max-video-preview":"max-video-preview:-1"},"canonical":"https:\/\/forbabyboss.com\/sv\/produkt\/black-grey-baby-pram-travel-system-3-in-1-pushchair-car-seat-toddler\/","og_locale":"sv_SE","og_type":"article","og_title":"Black Grey Baby Pram Travel System 3 in 1 Pushchair Car Seat Toddler - For Baby Boss","og_description":"Black Grey Baby Pram Travel System 3 in 1 Pushchair Car Seat Toddler","og_url":"https:\/\/forbabyboss.com\/sv\/produkt\/black-grey-baby-pram-travel-system-3-in-1-pushchair-car-seat-toddler\/","og_site_name":"For Baby Boss","article_modified_time":"2026-02-21T12:49:55+00:00","og_image":[{"width":1600,"height":1600,"url":"https:\/\/forbabyboss.com\/wp-content\/uploads\/2022\/09\/Baby-Pram-Travel-System-3-in-1-Buggy-Pushchair-Car-Seat-Toddler-Bassinet-FREEBIE-Black-Grey_main.png","type":"image\/png"}],"twitter_card":"summary_large_image","twitter_misc":{"Ber\u00e4knad l\u00e4stid":"8 minuter"},"schema":{"@context":"https:\/\/schema.org","@graph":[{"@type":"WebPage","@id":"https:\/\/forbabyboss.com\/product\/black-grey-baby-pram-travel-system-3-in-1-pushchair-car-seat-toddler\/","url":"https:\/\/forbabyboss.com\/product\/black-grey-baby-pram-travel-system-3-in-1-pushchair-car-seat-toddler\/","name":"Black Grey Baby Pram Travel System 3 in 1 Pushchair Car Seat Toddler - For Baby Boss","isPartOf":{"@id":"https:\/\/powderblue-seahorse-496884.hostingersite.com\/#website"},"primaryImageOfPage":{"@id":"https:\/\/forbabyboss.com\/product\/black-grey-baby-pram-travel-system-3-in-1-pushchair-car-seat-toddler\/#primaryimage"},"image":{"@id":"https:\/\/forbabyboss.com\/product\/black-grey-baby-pram-travel-system-3-in-1-pushchair-car-seat-toddler\/#primaryimage"},"thumbnailUrl":"https:\/\/forbabyboss.com\/wp-content\/uploads\/2022\/09\/Baby-Pram-Travel-System-3-in-1-Buggy-Pushchair-Car-Seat-Toddler-Bassinet-FREEBIE-Black-Grey_main.png","datePublished":"2022-09-11T11:48:10+00:00","dateModified":"2026-02-21T12:49:55+00:00","description":"Black Grey Baby Pram Travel System 3 in 1 Pushchair Car Seat Toddler","breadcrumb":{"@id":"https:\/\/forbabyboss.com\/product\/black-grey-baby-pram-travel-system-3-in-1-pushchair-car-seat-toddler\/#breadcrumb"},"inLanguage":"sv-SE","potentialAction":[{"@type":"ReadAction","target":["https:\/\/forbabyboss.com\/product\/black-grey-baby-pram-travel-system-3-in-1-pushchair-car-seat-toddler\/"]}]},{"@type":"ImageObject","inLanguage":"sv-SE","@id":"https:\/\/forbabyboss.com\/product\/black-grey-baby-pram-travel-system-3-in-1-pushchair-car-seat-toddler\/#primaryimage","url":"https:\/\/forbabyboss.com\/wp-content\/uploads\/2022\/09\/Baby-Pram-Travel-System-3-in-1-Buggy-Pushchair-Car-Seat-Toddler-Bassinet-FREEBIE-Black-Grey_main.png","contentUrl":"https:\/\/forbabyboss.com\/wp-content\/uploads\/2022\/09\/Baby-Pram-Travel-System-3-in-1-Buggy-Pushchair-Car-Seat-Toddler-Bassinet-FREEBIE-Black-Grey_main.png","width":1600,"height":1600},{"@type":"BreadcrumbList","@id":"https:\/\/forbabyboss.com\/product\/black-grey-baby-pram-travel-system-3-in-1-pushchair-car-seat-toddler\/#breadcrumb","itemListElement":[{"@type":"ListItem","position":1,"name":"Home","item":"https:\/\/forbabyboss.com\/"},{"@type":"ListItem","position":2,"name":"Shop","item":"https:\/\/forbabyboss.com\/shop\/"},{"@type":"ListItem","position":3,"name":"Black Grey Baby Pram Travel System 3 in 1 Pushchair Car Seat Toddler"}]},{"@type":"WebSite","@id":"https:\/\/powderblue-seahorse-496884.hostingersite.com\/#website","url":"https:\/\/powderblue-seahorse-496884.hostingersite.com\/","name":"F\u00f6r Baby Boss","description":"Vackra presenter och tillbeh\u00f6r till din babychef","potentialAction":[{"@type":"SearchAction","target":{"@type":"EntryPoint","urlTemplate":"https:\/\/powderblue-seahorse-496884.hostingersite.com\/?s={search_term_string}"},"query-input":{"@type":"PropertyValueSpecification","valueRequired":true,"valueName":"search_term_string"}}],"inLanguage":"sv-SE"}]}},"_links":{"self":[{"href":"https:\/\/forbabyboss.com\/sv\/wp-json\/wp\/v2\/product\/5121","targetHints":{"allow":["GET"]}}],"collection":[{"href":"https:\/\/forbabyboss.com\/sv\/wp-json\/wp\/v2\/product"}],"about":[{"href":"https:\/\/forbabyboss.com\/sv\/wp-json\/wp\/v2\/types\/product"}],"wp:featuredmedia":[{"embeddable":true,"href":"https:\/\/forbabyboss.com\/sv\/wp-json\/wp\/v2\/media\/5123"}],"wp:attachment":[{"href":"https:\/\/forbabyboss.com\/sv\/wp-json\/wp\/v2\/media?parent=5121"}],"wp:term":[{"taxonomy":"product_brand","embeddable":true,"href":"https:\/\/forbabyboss.com\/sv\/wp-json\/wp\/v2\/product_brand?post=5121"},{"taxonomy":"product_cat","embeddable":true,"href":"https:\/\/forbabyboss.com\/sv\/wp-json\/wp\/v2\/product_cat?post=5121"},{"taxonomy":"product_tag","embeddable":true,"href":"https:\/\/forbabyboss.com\/sv\/wp-json\/wp\/v2\/product_tag?post=5121"}],"curies":[{"name":"wp","href":"https:\/\/api.w.org\/{rel}","templated":true}]}}