{"id":5200,"date":"2022-09-11T13:59:00","date_gmt":"2022-09-11T13:59:00","guid":{"rendered":"http:\/\/forbabyboss.com\/?post_type=product&#038;p=5200"},"modified":"2026-02-21T12:44:09","modified_gmt":"2026-02-21T12:44:09","slug":"lyxig-mysig-hopfallbar-3-i-1-barnvagn-for-nyfodda-smabarn-i-brunt","status":"publish","type":"product","link":"https:\/\/forbabyboss.com\/sv\/product\/3-in-1-luxury-cosy-folding-pushchair-for-newborns-toddlers-in-brown\/","title":{"rendered":"3-i-1 Lyxig Mysig Hopf\u00e4llbar Barnvagn F\u00f6r Nyf\u00f6dda &amp; Sm\u00e5barn i Brunt"},"content":{"rendered":"<h1><strong><span style=\"font-size: 190%; color: #e14d43;\">Snygg barnvagn \u2013 kompatibelt resesystem<\/span><\/strong><\/h1>\n<p style=\"text-align: justify;\"><span style=\"color: #282828;\"><strong>En barnvagn inkluderar chassi, liggdel, sufflett, armst\u00f6d, sittskydd, rymlig v\u00e4ska, varukorg, underl\u00e4gg, regnskydd, myggn\u00e4t, s\u00e4kerhetsbygel, sk\u00f6tb\u00e4dd, muggh\u00e5llare samt en andningsbar och allergiv\u00e4nlig madrass. Fr\u00e5n 6 m\u00e5nader kan du anv\u00e4nda den som barnvagn. Barnvagnen har en v\u00e4ndbar sits som kan anv\u00e4ndas \u00e5t b\u00e5da h\u00e5llen. Den utdragbara suffletten har ett system som avvisar v\u00e4tskor. Dessutom har den ett solskydd med UVA 30+ skydd. Vi designade vagnen f\u00f6r att st\u00f6dja f\u00f6r\u00e4ldrar och barn fr\u00e5n f\u00f6dseln till 3 \u00e5r. Den \u00e4r v\u00e4l anpassad till ditt v\u00e4xande barns behov \u2013 du b\u00f6rjar med en liggdel med barnvagnsramen. N\u00e4r du best\u00e4mmer dig f\u00f6r att barnet \u00e4r tillr\u00e4ckligt stort och redo att sitta under promenader, monterar du en bekv\u00e4m sits bak\u00e5t- eller fram\u00e5tv\u00e4nd. Kan du \u00f6nska dig n\u00e5got mer?<\/strong><\/span><\/p>\n<p style=\"text-align: justify;\"><span style=\"color: #282828;\"><strong>V\u00e5ra barnvagnar inneh\u00e5ller all innovativ teknik.<\/strong><\/span><br \/>\n<span style=\"color: #282828;\"><strong>Liggdel, sportstol och bilbarnstol kan f\u00e4stas bak\u00e5t- och fram\u00e5tv\u00e4nda. Fj\u00e4dringen \u00e4r det element som ansvarar f\u00f6r den st\u00f6tfria resan. Den kommer att ge ditt barn lugn s\u00f6mn.<\/strong><\/span><br \/>\n<span style=\"color: #282828;\"><strong>Shock Stop-systemet som anv\u00e4nds i v\u00e5ra barnvagnar minskar obehagliga vibrationer. Det best\u00e5r av tv\u00e5 delar: bakhjulsfj\u00e4dring och extra sidofj\u00e4dring. Vagnen \u00e4r redo att anv\u00e4ndas praktiskt taget s\u00e5 snart den packas upp (f\u00e4ll bara ut ramen, montera hjulen och f\u00e4st liggdelen) \u2013 du beh\u00f6ver inte skruva \u00e5t en enda skruv.<\/strong><\/span><\/p>\n<p style=\"text-align: justify;\"><span style=\"color: #282828;\"><strong>Vagnen \u00e4r utrustad med en stor shoppingkorg, justerbart handtag i ekol\u00e4der och solskydd.<\/strong><\/span><br \/>\n<span style=\"color: #282828;\"><strong>Centralbromsen \u00e4r enkel att anv\u00e4nda \u2013 den kan aktiveras eller kopplas ur med bara ett grepp.<\/strong><\/span><\/p>\n<p style=\"text-align: justify;\"><span style=\"color: #282828;\"><strong>Hopf\u00e4llbar och ventilerad sufflett till liggdelen. En rymlig v\u00e4ska med dragkedja \u2013 du kan f\u00e4sta den p\u00e5 barnvagnens ram eller ta den med dig.<\/strong><\/span><\/p>\n<p style=\"text-align: justify;\"><span style=\"color: #282828;\"><strong>Fram\u00e5t- och bak\u00e5tv\u00e4nt l\u00e4ge.<\/strong><\/span><br \/>\n<span style=\"color: #282828;\"><strong>Slitstarkt och l\u00e4ttrengjort fotst\u00f6d.<\/strong><\/span><\/p>\n<p style=\"text-align: justify;\"><span style=\"color: #282828;\"><strong>Liggdelen \u00e4r utrustad med en mjuk och mysig tv\u00e4ttbar madrass och justerbart ryggst\u00f6d.<\/strong><\/span><\/p>\n<p style=\"text-align: justify;\"><span style=\"color: #282828;\"><strong>H\u00f6gkvalitativ eko-l\u00e4derbehandling.<\/strong><\/span><\/p>\n<p style=\"text-align: justify;\"><span style=\"color: #282828;\"><strong>Fj\u00e4dringen p\u00e5 bakhjulen har en trestegs h\u00e5rdhetsjustering och balanserar barnvagnens vikt, s\u00e5 den l\u00f6per smidigt \u00f6ver guppiga v\u00e4gar.<\/strong><\/span><\/p>\n<h1><strong><span style=\"font-size: 160%; color: #e14d43;\">V\u00e5r barnvagn 3 i 1 \u00e4r ett v\u00e4ldesignat resesystem<\/span><\/strong><\/h1>\n<h3 style=\"text-align: justify;\"><strong><span style=\"color: #e14d43;\">Drag:<\/span><\/strong><\/h3>\n<p style=\"text-align: justify;\"><span style=\"color: #282828;\"><strong>- fram\u00e5tv\u00e4nt och bak\u00e5tv\u00e4nt l\u00e4ge<\/strong><\/span><br \/>\n<span style=\"color: #282828;\"><strong>-bils\u00e4te som kan f\u00e4stas p\u00e5 chassit<\/strong><\/span><br \/>\n<span style=\"color: #282828;\"><strong>-ventilationsf\u00f6nster p\u00e5 baksidan av huven<\/strong><\/span><br \/>\n<span style=\"color: #282828;\"><strong>-gondolen har ett mjukt foder som kan tas bort f\u00f6r tv\u00e4tt<\/strong><\/span><br \/>\n<span style=\"color: #282828;\"><strong>- Gondol\u00f6verdraget kan lyftas upp f\u00f6r att skapa en vindf\u00e5ngare<\/strong><\/span><br \/>\n<span style=\"color: #282828;\"><strong>-f\u00f6rl\u00e4ngd, avtagbar huva<\/strong><\/span><br \/>\n<span style=\"color: #282828;\"><strong>-fempunkts s\u00e4kerhetssele<\/strong><\/span><br \/>\n<span style=\"color: #282828;\"><strong>-laminerat fotst\u00f6d<\/strong><\/span><br \/>\n<span style=\"color: #282828;\"><strong>- justerbart handtag i flera niv\u00e5er<\/strong><\/span><br \/>\n<span style=\"color: #282828;\"><strong>-justerbar fj\u00e4dring<\/strong><\/span><br \/>\n<span style=\"color: #282828;\"><strong>- robust ram<\/strong><\/span><br \/>\n<span style=\"color: #282828;\"><strong>-justerbart benst\u00f6d och ryggst\u00f6d<\/strong><\/span><br \/>\n<span style=\"color: #282828;\"><strong>-centralbroms EASY STOP<\/strong><\/span><br \/>\n<span style=\"color: #282828;\"><strong>-stor shoppingkorg<\/strong><\/span><br \/>\n<span style=\"color: #282828;\"><strong>L\u00e4mplig f\u00f6r barnvagnar 0-3 \u00e5r<\/strong><\/span><br \/>\n<span style=\"color: #282828;\"><strong>Bilbarnstol upp till 10 kg<\/strong><\/span><\/p>\n<h3 style=\"text-align: justify;\"><strong><span style=\"color: #e14d43;\">Bilbarnstolens funktioner:<\/span><\/strong><\/h3>\n<p style=\"text-align: justify;\"><span style=\"color: #282828;\"><strong>- extra insats f\u00f6r sp\u00e4dbarn<\/strong><\/span><br \/>\n<span style=\"color: #282828;\"><strong>-justerbart handtag<\/strong><\/span><br \/>\n<span style=\"color: #282828;\"><strong>-avtagbart fotskydd<\/strong><\/span><br \/>\n<span style=\"color: #282828;\"><strong>-avtagbar huva<\/strong><\/span><br \/>\n<span style=\"color: #282828;\"><strong>- trepunkts s\u00e4kerhetsb\u00e4lten<\/strong><\/span><br \/>\n<span style=\"color: #282828;\"><strong>-vaggaalternativ<\/strong><\/span><\/p>\n<h3 style=\"text-align: justify;\"><strong><span style=\"color: #e14d43;\">Setet inneh\u00e5ller:<\/span><\/strong><\/h3>\n<p style=\"text-align: justify;\"><span style=\"color: #282828;\"><strong>-ram med handtag i ekol\u00e4der<\/strong><\/span><br \/>\n<span style=\"color: #282828;\"><strong>-gondol med justerbart ryggst\u00f6d<\/strong><\/span><br \/>\n<span style=\"color: #282828;\"><strong>-s\u00e4tesenhet<\/strong><\/span><br \/>\n<span style=\"color: #282828;\"><strong>-tv\u00e5 fotskydd (f\u00f6r barnvagn och gondol)<\/strong><\/span><br \/>\n<span style=\"color: #282828;\"><strong>-multifunktionell bilbarnstol med adaptrar<\/strong><\/span><br \/>\n<span style=\"color: #282828;\"><strong>-regnskydd<\/strong><\/span><br \/>\n<span style=\"color: #282828;\"><strong>-myggn\u00e4t<\/strong><\/span><br \/>\n<span style=\"color: #282828;\"><strong>-v\u00e4ska och sk\u00f6tb\u00e4dd<\/strong><\/span><br \/>\n<span style=\"color: #282828;\"><strong>-mjuka, gel-fuktt\u00e5liga hjul (all terr\u00e4ng)<\/strong><\/span><br \/>\n<span style=\"color: #282828;\"><strong>-flaskhandtag<\/strong><\/span><br \/>\n<span style=\"color: #282828;\"><strong>-stor ficka p\u00e5 baksidan av v\u00e4skan och tv\u00e5 sm\u00e5 p\u00e5 sidorna<\/strong><\/span><\/p>\n<p style=\"text-align: justify;\"><span style=\"color: #282828;\"><strong>Hopf\u00e4lld ram med hjul (l\u00e4ngd x bredd x h\u00f6jd): 85x60x40cm<\/strong><\/span><br \/>\n<span style=\"color: #282828;\"><strong>Monterad barnvagn (h\u00f6jd x bredd x l\u00e4ngd): 115x60x95cm<\/strong><\/span><br \/>\n<span style=\"color: #282828;\"><strong>Gondol inuti (bredd x l\u00e4ngd x h\u00f6jd): 36x80x20cm<\/strong><\/span><br \/>\n<span style=\"color: #282828;\"><strong>Barnvagnens insida (bredd x ryggst\u00f6dets l\u00e4ngd x sitsl\u00e4ngd x fotst\u00f6dets l\u00e4ngd): 34x48x26x23 cm<\/strong><\/span><br \/>\n<span style=\"color: #282828;\"><strong>Ram med hjul: 10 kg<\/strong><\/span><br \/>\n<span style=\"color: #282828;\"><strong>Barnvagn: 15 kg<\/strong><\/span><br \/>\n<span style=\"color: #282828;\"><strong>Djup barnvagn: 16 kg<\/strong><\/span><br \/>\n<span style=\"color: #282828;\"><strong>R\u00e4ckvidd f\u00f6r reglerat handtag: 70 cm till 115 cm<\/strong><\/span><br \/>\n<span style=\"color: #282828;\"><strong>Barnvagn: EN 1888:2018 S\u00e4kerhetsgodk\u00e4nd<\/strong><\/span><br \/>\n<span style=\"color: #282828;\"><strong>Bilbarnstol ECE 44-04 S\u00e4kerhetsgodk\u00e4nd<\/strong><\/span><br \/>\n<span style=\"color: #282828;\"><strong>12 m\u00e5naders garanti<\/strong><\/span><\/p>\n<p><strong><a href=\"http:\/\/forbabyboss.com\/wp-content\/uploads\/2022\/09\/checkout.png\"><img loading=\"lazy\" decoding=\"async\" class=\"alignnone wp-image-5965\" src=\"http:\/\/forbabyboss.com\/wp-content\/uploads\/2022\/09\/checkout.png\" alt=\"\" width=\"973\" height=\"358\" srcset=\"https:\/\/forbabyboss.com\/wp-content\/uploads\/2022\/09\/checkout.png 750w, https:\/\/forbabyboss.com\/wp-content\/uploads\/2022\/09\/checkout-600x221.png 600w\" sizes=\"auto, (max-width: 973px) 100vw, 973px\" \/><\/a><\/strong><\/p>","protected":false},"excerpt":{"rendered":"<p><a href=\"http:\/\/forbabyboss.com\/wp-content\/uploads\/2022\/09\/Star-Rating-5.png\"><img loading=\"lazy\" decoding=\"async\" class=\"alignnone size-full wp-image-5973 aligncenter\" src=\"http:\/\/forbabyboss.com\/wp-content\/uploads\/2022\/09\/Star-Rating-5.png\" alt=\"\" width=\"275\" height=\"45\" \/><\/a><\/p>\n<p style=\"text-align: center;\"><span style=\"color: #ed1c24; font-size: 120%;\"><b>PRISGARANTI<\/b><\/span><\/p>\n<p style=\"text-align: center;\"><span style=\"font-size: 115%;\"><span style=\"font-weight: 400; color: #4f4fa7;\">Fri leverans<\/span><span style=\"font-weight: 400;\"> \u2013 2\u20137 dagar<\/span><\/span><\/p>\n<p style=\"text-align: center;\"><strong><span style=\"color: #29606b;\">Gratis g\u00e5va vid k\u00f6p \u00f6ver 100 pund<\/span><\/strong><\/p>","protected":false},"featured_media":5202,"template":"","meta":[],"product_brand":[370],"product_cat":[337,339,156,277,305,208,130,211],"product_tag":[202,199],"class_list":{"0":"post-5200","1":"product","2":"type-product","3":"status-publish","4":"has-post-thumbnail","6":"product_brand-babylux","7":"product_cat-500-to-600","8":"product_cat-700-to-800","9":"product_cat-3-in-1","10":"product_cat-brown","11":"product_cat-colour","12":"product_cat-gold","13":"product_cat-prams","14":"product_cat-stroller","15":"product_tag-3-in-1-pram","16":"product_tag-prams","18":"first","19":"instock","20":"sale","21":"shipping-taxable","22":"purchasable","23":"product-type-simple"},"yoast_head":"<!-- This site is optimized with the Yoast SEO plugin v27.5 - https:\/\/yoast.com\/product\/yoast-seo-wordpress\/ -->\n<title>3 in 1 Luxury Cosy Folding Pushchair For Newborns &amp; Toddlers in Brown - For Baby Boss<\/title>\n<meta name=\"description\" content=\"3 in 1 Luxury Cosy Folding Pushchair For Newborns &amp; Toddlers in Brown\" \/>\n<meta name=\"robots\" content=\"index, follow, max-snippet:-1, max-image-preview:large, max-video-preview:-1\" \/>\n<link rel=\"canonical\" href=\"https:\/\/forbabyboss.com\/sv\/produkt\/lyxig-mysig-hopfallbar-3-i-1-barnvagn-for-nyfodda-smabarn-i-brunt\/\" \/>\n<meta property=\"og:locale\" content=\"sv_SE\" \/>\n<meta property=\"og:type\" content=\"article\" \/>\n<meta property=\"og:title\" content=\"3 in 1 Luxury Cosy Folding Pushchair For Newborns &amp; Toddlers in Brown - For Baby Boss\" \/>\n<meta property=\"og:description\" content=\"3 in 1 Luxury Cosy Folding Pushchair For Newborns &amp; Toddlers in Brown\" \/>\n<meta property=\"og:url\" content=\"https:\/\/forbabyboss.com\/sv\/produkt\/lyxig-mysig-hopfallbar-3-i-1-barnvagn-for-nyfodda-smabarn-i-brunt\/\" \/>\n<meta property=\"og:site_name\" content=\"For Baby Boss\" \/>\n<meta property=\"article:modified_time\" content=\"2026-02-21T12:44:09+00:00\" \/>\n<meta property=\"og:image\" content=\"https:\/\/forbabyboss.com\/wp-content\/uploads\/2022\/09\/Pram-Buggy-Luxury-Cosy-Folding-Pushchair-For-Newborns-Toddlers-Travel-Set-Brown_main.png\" \/>\n\t<meta property=\"og:image:width\" content=\"1600\" \/>\n\t<meta property=\"og:image:height\" content=\"1600\" \/>\n\t<meta property=\"og:image:type\" content=\"image\/png\" \/>\n<meta name=\"twitter:card\" content=\"summary_large_image\" \/>\n<meta name=\"twitter:label1\" content=\"Ber\u00e4knad l\u00e4stid\" \/>\n\t<meta name=\"twitter:data1\" content=\"3 minuter\" \/>\n<script type=\"application\/ld+json\" class=\"yoast-schema-graph\">{\"@context\":\"https:\\\/\\\/schema.org\",\"@graph\":[{\"@type\":\"WebPage\",\"@id\":\"https:\\\/\\\/forbabyboss.com\\\/product\\\/3-in-1-luxury-cosy-folding-pushchair-for-newborns-toddlers-in-brown\\\/\",\"url\":\"https:\\\/\\\/forbabyboss.com\\\/product\\\/3-in-1-luxury-cosy-folding-pushchair-for-newborns-toddlers-in-brown\\\/\",\"name\":\"3 in 1 Luxury Cosy Folding Pushchair For Newborns & Toddlers in Brown - For Baby Boss\",\"isPartOf\":{\"@id\":\"https:\\\/\\\/powderblue-seahorse-496884.hostingersite.com\\\/#website\"},\"primaryImageOfPage\":{\"@id\":\"https:\\\/\\\/forbabyboss.com\\\/product\\\/3-in-1-luxury-cosy-folding-pushchair-for-newborns-toddlers-in-brown\\\/#primaryimage\"},\"image\":{\"@id\":\"https:\\\/\\\/forbabyboss.com\\\/product\\\/3-in-1-luxury-cosy-folding-pushchair-for-newborns-toddlers-in-brown\\\/#primaryimage\"},\"thumbnailUrl\":\"https:\\\/\\\/forbabyboss.com\\\/wp-content\\\/uploads\\\/2022\\\/09\\\/Pram-Buggy-Luxury-Cosy-Folding-Pushchair-For-Newborns-Toddlers-Travel-Set-Brown_main.png\",\"datePublished\":\"2022-09-11T13:59:00+00:00\",\"dateModified\":\"2026-02-21T12:44:09+00:00\",\"description\":\"3 in 1 Luxury Cosy Folding Pushchair For Newborns & Toddlers in Brown\",\"breadcrumb\":{\"@id\":\"https:\\\/\\\/forbabyboss.com\\\/product\\\/3-in-1-luxury-cosy-folding-pushchair-for-newborns-toddlers-in-brown\\\/#breadcrumb\"},\"inLanguage\":\"sv-SE\",\"potentialAction\":[{\"@type\":\"ReadAction\",\"target\":[\"https:\\\/\\\/forbabyboss.com\\\/product\\\/3-in-1-luxury-cosy-folding-pushchair-for-newborns-toddlers-in-brown\\\/\"]}]},{\"@type\":\"ImageObject\",\"inLanguage\":\"sv-SE\",\"@id\":\"https:\\\/\\\/forbabyboss.com\\\/product\\\/3-in-1-luxury-cosy-folding-pushchair-for-newborns-toddlers-in-brown\\\/#primaryimage\",\"url\":\"https:\\\/\\\/forbabyboss.com\\\/wp-content\\\/uploads\\\/2022\\\/09\\\/Pram-Buggy-Luxury-Cosy-Folding-Pushchair-For-Newborns-Toddlers-Travel-Set-Brown_main.png\",\"contentUrl\":\"https:\\\/\\\/forbabyboss.com\\\/wp-content\\\/uploads\\\/2022\\\/09\\\/Pram-Buggy-Luxury-Cosy-Folding-Pushchair-For-Newborns-Toddlers-Travel-Set-Brown_main.png\",\"width\":1600,\"height\":1600},{\"@type\":\"BreadcrumbList\",\"@id\":\"https:\\\/\\\/forbabyboss.com\\\/product\\\/3-in-1-luxury-cosy-folding-pushchair-for-newborns-toddlers-in-brown\\\/#breadcrumb\",\"itemListElement\":[{\"@type\":\"ListItem\",\"position\":1,\"name\":\"Home\",\"item\":\"https:\\\/\\\/forbabyboss.com\\\/\"},{\"@type\":\"ListItem\",\"position\":2,\"name\":\"Shop\",\"item\":\"https:\\\/\\\/forbabyboss.com\\\/shop\\\/\"},{\"@type\":\"ListItem\",\"position\":3,\"name\":\"3 in 1 Luxury Cosy Folding Pushchair For Newborns &#038; Toddlers in Brown\"}]},{\"@type\":\"WebSite\",\"@id\":\"https:\\\/\\\/powderblue-seahorse-496884.hostingersite.com\\\/#website\",\"url\":\"https:\\\/\\\/powderblue-seahorse-496884.hostingersite.com\\\/\",\"name\":\"For Baby Boss\",\"description\":\"Beautiful gifts and accessories for your baby boss\",\"potentialAction\":[{\"@type\":\"SearchAction\",\"target\":{\"@type\":\"EntryPoint\",\"urlTemplate\":\"https:\\\/\\\/powderblue-seahorse-496884.hostingersite.com\\\/?s={search_term_string}\"},\"query-input\":{\"@type\":\"PropertyValueSpecification\",\"valueRequired\":true,\"valueName\":\"search_term_string\"}}],\"inLanguage\":\"sv-SE\"}]}<\/script>\n<!-- \/ Yoast SEO plugin. -->","yoast_head_json":{"title":"3-i-1 Lyxig Mysig Hopf\u00e4llbar Barnvagn F\u00f6r Nyf\u00f6dda &amp; Sm\u00e5barn i Brunt - For Baby Boss","description":"3-i-1 Lyxig Mysig Hopf\u00e4llbar Barnvagn F\u00f6r Nyf\u00f6dda &amp; Sm\u00e5barn i Brunt","robots":{"index":"index","follow":"follow","max-snippet":"max-snippet:-1","max-image-preview":"max-image-preview:large","max-video-preview":"max-video-preview:-1"},"canonical":"https:\/\/forbabyboss.com\/sv\/produkt\/lyxig-mysig-hopfallbar-3-i-1-barnvagn-for-nyfodda-smabarn-i-brunt\/","og_locale":"sv_SE","og_type":"article","og_title":"3 in 1 Luxury Cosy Folding Pushchair For Newborns & Toddlers in Brown - For Baby Boss","og_description":"3 in 1 Luxury Cosy Folding Pushchair For Newborns & Toddlers in Brown","og_url":"https:\/\/forbabyboss.com\/sv\/produkt\/lyxig-mysig-hopfallbar-3-i-1-barnvagn-for-nyfodda-smabarn-i-brunt\/","og_site_name":"For Baby Boss","article_modified_time":"2026-02-21T12:44:09+00:00","og_image":[{"width":1600,"height":1600,"url":"https:\/\/forbabyboss.com\/wp-content\/uploads\/2022\/09\/Pram-Buggy-Luxury-Cosy-Folding-Pushchair-For-Newborns-Toddlers-Travel-Set-Brown_main.png","type":"image\/png"}],"twitter_card":"summary_large_image","twitter_misc":{"Ber\u00e4knad l\u00e4stid":"3 minuter"},"schema":{"@context":"https:\/\/schema.org","@graph":[{"@type":"WebPage","@id":"https:\/\/forbabyboss.com\/product\/3-in-1-luxury-cosy-folding-pushchair-for-newborns-toddlers-in-brown\/","url":"https:\/\/forbabyboss.com\/product\/3-in-1-luxury-cosy-folding-pushchair-for-newborns-toddlers-in-brown\/","name":"3-i-1 Lyxig Mysig Hopf\u00e4llbar Barnvagn F\u00f6r Nyf\u00f6dda &amp; Sm\u00e5barn i Brunt - For Baby Boss","isPartOf":{"@id":"https:\/\/powderblue-seahorse-496884.hostingersite.com\/#website"},"primaryImageOfPage":{"@id":"https:\/\/forbabyboss.com\/product\/3-in-1-luxury-cosy-folding-pushchair-for-newborns-toddlers-in-brown\/#primaryimage"},"image":{"@id":"https:\/\/forbabyboss.com\/product\/3-in-1-luxury-cosy-folding-pushchair-for-newborns-toddlers-in-brown\/#primaryimage"},"thumbnailUrl":"https:\/\/forbabyboss.com\/wp-content\/uploads\/2022\/09\/Pram-Buggy-Luxury-Cosy-Folding-Pushchair-For-Newborns-Toddlers-Travel-Set-Brown_main.png","datePublished":"2022-09-11T13:59:00+00:00","dateModified":"2026-02-21T12:44:09+00:00","description":"3-i-1 Lyxig Mysig Hopf\u00e4llbar Barnvagn F\u00f6r Nyf\u00f6dda &amp; Sm\u00e5barn i Brunt","breadcrumb":{"@id":"https:\/\/forbabyboss.com\/product\/3-in-1-luxury-cosy-folding-pushchair-for-newborns-toddlers-in-brown\/#breadcrumb"},"inLanguage":"sv-SE","potentialAction":[{"@type":"ReadAction","target":["https:\/\/forbabyboss.com\/product\/3-in-1-luxury-cosy-folding-pushchair-for-newborns-toddlers-in-brown\/"]}]},{"@type":"ImageObject","inLanguage":"sv-SE","@id":"https:\/\/forbabyboss.com\/product\/3-in-1-luxury-cosy-folding-pushchair-for-newborns-toddlers-in-brown\/#primaryimage","url":"https:\/\/forbabyboss.com\/wp-content\/uploads\/2022\/09\/Pram-Buggy-Luxury-Cosy-Folding-Pushchair-For-Newborns-Toddlers-Travel-Set-Brown_main.png","contentUrl":"https:\/\/forbabyboss.com\/wp-content\/uploads\/2022\/09\/Pram-Buggy-Luxury-Cosy-Folding-Pushchair-For-Newborns-Toddlers-Travel-Set-Brown_main.png","width":1600,"height":1600},{"@type":"BreadcrumbList","@id":"https:\/\/forbabyboss.com\/product\/3-in-1-luxury-cosy-folding-pushchair-for-newborns-toddlers-in-brown\/#breadcrumb","itemListElement":[{"@type":"ListItem","position":1,"name":"Home","item":"https:\/\/forbabyboss.com\/"},{"@type":"ListItem","position":2,"name":"Shop","item":"https:\/\/forbabyboss.com\/shop\/"},{"@type":"ListItem","position":3,"name":"3 in 1 Luxury Cosy Folding Pushchair For Newborns &#038; Toddlers in Brown"}]},{"@type":"WebSite","@id":"https:\/\/powderblue-seahorse-496884.hostingersite.com\/#website","url":"https:\/\/powderblue-seahorse-496884.hostingersite.com\/","name":"F\u00f6r Baby Boss","description":"Vackra presenter och tillbeh\u00f6r till din babychef","potentialAction":[{"@type":"SearchAction","target":{"@type":"EntryPoint","urlTemplate":"https:\/\/powderblue-seahorse-496884.hostingersite.com\/?s={search_term_string}"},"query-input":{"@type":"PropertyValueSpecification","valueRequired":true,"valueName":"search_term_string"}}],"inLanguage":"sv-SE"}]}},"_links":{"self":[{"href":"https:\/\/forbabyboss.com\/sv\/wp-json\/wp\/v2\/product\/5200","targetHints":{"allow":["GET"]}}],"collection":[{"href":"https:\/\/forbabyboss.com\/sv\/wp-json\/wp\/v2\/product"}],"about":[{"href":"https:\/\/forbabyboss.com\/sv\/wp-json\/wp\/v2\/types\/product"}],"wp:featuredmedia":[{"embeddable":true,"href":"https:\/\/forbabyboss.com\/sv\/wp-json\/wp\/v2\/media\/5202"}],"wp:attachment":[{"href":"https:\/\/forbabyboss.com\/sv\/wp-json\/wp\/v2\/media?parent=5200"}],"wp:term":[{"taxonomy":"product_brand","embeddable":true,"href":"https:\/\/forbabyboss.com\/sv\/wp-json\/wp\/v2\/product_brand?post=5200"},{"taxonomy":"product_cat","embeddable":true,"href":"https:\/\/forbabyboss.com\/sv\/wp-json\/wp\/v2\/product_cat?post=5200"},{"taxonomy":"product_tag","embeddable":true,"href":"https:\/\/forbabyboss.com\/sv\/wp-json\/wp\/v2\/product_tag?post=5200"}],"curies":[{"name":"wp","href":"https:\/\/api.w.org\/{rel}","templated":true}]}}