{"id":5249,"date":"2022-09-11T15:17:16","date_gmt":"2022-09-11T15:17:16","guid":{"rendered":"http:\/\/forbabyboss.com\/?post_type=product&#038;p=5249"},"modified":"2026-02-21T12:39:00","modified_gmt":"2026-02-21T12:39:00","slug":"barnvagn-3-i-1-lattviktig-resesystem-med-isofix-bas-i-svart-silverram","status":"publish","type":"product","link":"https:\/\/forbabyboss.com\/sv\/product\/baby-pram-3in1-lightweight-travel-system-pushchair-isofix-base-in-black-silver-frame\/","title":{"rendered":"Barnvagn 3-i-1 l\u00e4ttviktig resesystem med Isofix-bas i svart silverram"},"content":{"rendered":"<div style=\"width: 1020px;\" class=\"wp-video\"><video class=\"wp-video-shortcode\" id=\"video-5249-1\" width=\"1020\" height=\"574\" preload=\"metadata\" controls=\"controls\"><source type=\"video\/mp4\" src=\"http:\/\/forbabyboss.com\/wp-content\/uploads\/2022\/09\/Baby-Buggy-Pram-Lightweight-Folding-3-in-1-Travel-System-Pushchair-Isofix-Base.mp4?_=1\" \/><a href=\"http:\/\/forbabyboss.com\/wp-content\/uploads\/2022\/09\/Baby-Buggy-Pram-Lightweight-Folding-3-in-1-Travel-System-Pushchair-Isofix-Base.mp4\">http:\/\/forbabyboss.com\/wp-content\/uploads\/2022\/09\/Baby-Buggy-Pram-Lightweight-Folding-3-in-1-Travel-System-Pushchair-Isofix-Base.mp4<\/a><\/video><\/div>\n<p>&nbsp;<\/p>\n<h1><\/h1>\n<p style=\"text-align: justify;\"><strong><span style=\"color: #282828;\"><span style=\"color: #e14d43;\">Lavado Premium<\/span> \u2013 en modern och funktionell barnvagn som ger mer n\u00f6je vid promenader, och den innovativa designen ger en k\u00e4nsla av unikhet. Barnvagnen \u00e4r l\u00e4mplig f\u00f6r barn fr\u00e5n 6 till 36 m\u00e5nader. Den l\u00e4tta ramen och den praktiska designl\u00f6sningen g\u00f6r det \u00e4nnu bekv\u00e4mare att ha en barnvagn.<\/span><\/strong><\/p>\n<p style=\"text-align: justify;\"><strong><span style=\"color: #282828;\">\u2022 Enkelvagn f\u00f6r barn som v\u00e4ger 1 till 15 kg<\/span><\/strong><br \/>\n<strong><span style=\"color: #282828;\">\u2022Den har T\u00dcV NORD-certifiering som garanterar h\u00f6gsta kvalitet och s\u00e4kerhet f\u00f6r ditt barn.<\/span><\/strong><br \/>\n<strong><span style=\"color: #282828;\">\u2022Vagnen uppfyller den senaste str\u00e4nga s\u00e4kerhetsstandarden EN 1888-1:2018<\/span><\/strong><\/p>\n<h4 style=\"text-align: justify;\"><span style=\"color: #e14d43;\"><strong>Upps\u00e4ttningen inneh\u00e5ller:<br \/>\n<\/strong><\/span><strong><span style=\"color: #282828;\">\u2022prame ram<\/span><\/strong><br \/>\n<strong><span style=\"color: #282828;\">\u2022b\u00e4rsele<\/span><\/strong><br \/>\n<strong><span style=\"color: #282828;\">\u2022sports\u00e4te<\/span><\/strong><br \/>\n<strong><span style=\"color: #282828;\">\u2022axelv\u00e4ska<\/span><\/strong><br \/>\n<strong><span style=\"color: #282828;\">\u2022 paraply<\/span><\/strong><br \/>\n<strong><span style=\"color: #282828;\">\u2022 sk\u00f6tb\u00e4dd<\/span><\/strong><br \/>\n<strong><span style=\"color: #282828;\">\u2022 muggh\u00e5llare<\/span><\/strong><br \/>\n<strong><span style=\"color: #282828;\">\u2022 kokosmadrass<\/span><\/strong><br \/>\n<strong><span style=\"color: #282828;\">\u2022 regnskydd<\/span><\/strong><br \/>\n<strong><span style=\"color: #282828;\">\u2022 insektsskydd<\/span><\/strong><br \/>\n<strong><span style=\"color: #282828;\">\u2022 kundvagn<\/span><\/strong><br \/>\n<strong><span style=\"color: #282828;\">\u2022bilbarnstol (endast i 3-i-1-set)<\/span><\/strong><\/h4>\n<p style=\"text-align: justify;\"><span style=\"color: #e14d43;\"><strong>Prame-ram:<br \/>\n<\/strong><\/span><strong><span style=\"color: #282828;\">\u2022 aluminiumram \u2013 l\u00e4tt och h\u00e5llbar<\/span><\/strong><br \/>\n<strong><span style=\"color: #282828;\">\u2022sv\u00e4ngbara, problemfria gelhjul \u2013 de \u00e4r punkteringsfria<\/span><\/strong><br \/>\n<strong><span style=\"color: #282828;\">\u2022lagren i hjulen g\u00f6r det l\u00e4ttare att skjuta barnvagnen<\/span><\/strong><br \/>\n<strong><span style=\"color: #282828;\">\u2022justerbar h\u00f6jd p\u00e5 handtaget t\u00e4ckt med ekol\u00e4der<\/span><\/strong><br \/>\n<strong><span style=\"color: #282828;\">\u2022 d\u00e4mpad bakfj\u00e4dring \u2013 ger komfort under varje promenad<\/span><\/strong><br \/>\n<strong><span style=\"color: #282828;\">\u2022 kompakt storlek n\u00e4r den \u00e4r hopf\u00e4lld<\/span><\/strong><br \/>\n<strong><span style=\"color: #282828;\">\u2022 enkelt system f\u00f6r att f\u00e4sta och ta bort liggdel, sportstol och bilbarnstol<\/span><\/strong><br \/>\n<strong><span style=\"color: #282828;\">\u2022utrustad med centralbroms f\u00f6r stabilitet\u2022den extra sidoupph\u00e4ngningen av barnvagnsramen m\u00f6jligg\u00f6r l\u00e5sning, vilket m\u00f6jligg\u00f6r \u00e4nnu b\u00e4ttre d\u00e4mpning av st\u00f6tar som uppst\u00e5r vid skjutning samt en behaglig gungning f\u00f6r ditt barn<\/span><\/strong><\/p>\n<h3 style=\"text-align: justify;\"><span style=\"color: #e14d43;\"><strong>Liggdel:<br \/>\n<\/strong><\/span><strong style=\"color: #555555; font-size: 14.4px;\"><span style=\"color: #282828;\">\u2022 stor liggdel som kan anv\u00e4ndas som vagga<br \/>\n<\/span><\/strong><strong style=\"color: #555555; font-size: 14.4px;\"><span style=\"color: #282828;\">\u2022utrustad med ett monterat, avtagbart fotskydd \u2013 skyddar ditt barn mot d\u00e5ligt v\u00e4der<br \/>\n<\/span><\/strong><strong style=\"color: #555555; font-size: 14.4px;\"><span style=\"color: #282828;\">\u2022ergonomiskt handtag t\u00e4ckt med eko-l\u00e4der \u2013 g\u00f6r det enkelt att b\u00e4ra liggdelen<br \/>\n<\/span><\/strong><strong style=\"color: #555555; font-size: 14.4px;\"><span style=\"color: #282828;\">\u2022elastisk madrass och mjuk vaddering i liggdelen<br \/>\n<\/span><\/strong><strong style=\"color: #555555; font-size: 14.4px;\"><span style=\"color: #282828;\">\u2022justerbart nackst\u00f6d<br \/>\n<\/span><\/strong><strong style=\"color: #555555; font-size: 14.4px;\"><span style=\"color: #282828;\">\u2022 Ventilation i liggdelens fack ger frisk luft f\u00f6r att f\u00f6rhindra att barnet \u00f6verhettas<\/span><\/strong><\/h3>\n<h3 style=\"text-align: justify;\"><span style=\"color: #e14d43;\"><strong>Sportstol:<br \/>\n<\/strong><\/span><strong style=\"color: #555555; font-size: 14.4px;\"><span style=\"color: #282828;\">\u2022 fram\u00e5t- eller bak\u00e5tv\u00e4nd installation \u00e4r m\u00f6jlig<br \/>\n<\/span><\/strong><strong style=\"color: #555555; font-size: 14.4px;\"><span style=\"color: #282828;\">\u2022fempunkts justerbara s\u00e4kerhetsb\u00e4lten<br \/>\n<\/span><\/strong><strong style=\"color: #555555; font-size: 14.4px;\"><span style=\"color: #282828;\">\u2022avtagbar barri\u00e4r t\u00e4ckt med eko-l\u00e4der<br \/>\n<\/span><\/strong><strong style=\"color: #555555; font-size: 14.4px;\"><span style=\"color: #282828;\">\u2022bekv\u00e4mt justerbart fotst\u00f6d<br \/>\n<\/span><\/strong><strong style=\"color: #555555; font-size: 14.4px;\"><span style=\"color: #282828;\">\u2022 ventilationsf\u00f6nster p\u00e5 baksidan av taket<br \/>\n<\/span><\/strong><strong style=\"color: #555555; font-size: 14.4px;\"><span style=\"color: #282828;\">\u2022 kompakt storlek n\u00e4r den \u00e4r hopf\u00e4lld<br \/>\n<\/span><\/strong><strong style=\"color: #555555; font-size: 14.4px;\"><span style=\"color: #282828;\">\u2022 justering av ryggst\u00f6det \u2013 upp till ett platt l\u00e4ge, den h\u00e4lsosammaste positionen f\u00f6r ditt barn medan det sover<br \/>\n<\/span><\/strong><strong style=\"color: #555555; font-size: 14.4px;\"><span style=\"color: #282828;\">\u2022 justerbart tak som kan tas av<br \/>\n<\/span><\/strong><strong style=\"color: #555555; font-size: 14.4px;\"><span style=\"color: #282828;\">\u2022 avtagbart fotskydd \u2013 skyddar ditt barn mot nyckfullt v\u00e4der<\/span><\/strong><\/h3>\n<h3 style=\"text-align: justify;\"><span style=\"color: #e14d43;\"><strong>Bilbarnstol:<\/strong><\/span><\/h3>\n<p style=\"text-align: justify;\"><strong><span style=\"color: #282828;\">\u2022inkluderar l\u00e4ttanv\u00e4nda adaptrar f\u00f6r snabb montering och demontering p\u00e5 barnvagnens ram<\/span><\/strong><br \/>\n<strong><span style=\"color: #282828;\">\u2022 trepunktsb\u00e4lten<\/span><\/strong><br \/>\n<strong><span style=\"color: #282828;\">\u2022avtagbar sufflett med fotskydd \u2022inl\u00e4gg f\u00f6r sp\u00e4dbarn som g\u00f6r att du kan anv\u00e4nda ditt barns bilbarnstol fr\u00e5n de allra f\u00f6rsta \u00f6gonblicken i ditt barns liv<\/span><\/strong><br \/>\n<strong><span style=\"color: #282828;\">\u2022 l\u00e5sbar vaggfunktion<\/span><\/strong><br \/>\n<strong><span style=\"color: #282828;\">\u2022Det justerbara handtaget g\u00f6r det enkelt att b\u00e4ra bilbarnstolen, som bara v\u00e4ger 3 kg<\/span><\/strong><br \/>\n<strong><span style=\"color: #282828;\">\u2022anpassad f\u00f6r transport av barn i bil, ECE R44\/04-godk\u00e4nnande<\/span><\/strong><\/p>\n<h3 style=\"text-align: justify;\"><span style=\"color: #e14d43;\"><strong>Dessutom:<\/strong><\/span><\/h3>\n<p style=\"text-align: justify;\"><strong><span style=\"color: #282828;\">\u2022 stor axelv\u00e4ska med dragkedja som kan f\u00e4stas p\u00e5 barnvagnens ram<\/span><\/strong><br \/>\n<strong><span style=\"color: #282828;\">\u2022 allergiv\u00e4nlig kokosmadrass<\/span><\/strong><\/p>\n<p style=\"text-align: justify;\"><strong><span style=\"color: #282828;\">Allergiv\u00e4nlig kokosmadrass<\/span><\/strong><br \/>\n<strong><span style=\"color: #282828;\">Madrassen \u00e4r tillverkad av kokosfiber som ger ett stabilt st\u00f6d. Den f\u00f6rblir flexibel och motst\u00e5ndskraftig tack vare en speciell tillverkningsprocess.<\/span><\/strong><\/p>\n<p style=\"text-align: justify;\"><span style=\"color: #e14d43;\"><strong>Dessutom:<\/strong><\/span><\/p>\n<p style=\"text-align: justify;\"><strong><span style=\"color: #282828;\">\u2022S\u00e4kerst\u00e4ller korrekt luftcirkulation<\/span><\/strong><br \/>\n<strong><span style=\"color: #282828;\">\u2022Har en positiv inverkan p\u00e5 utvecklingen av ett l\u00e4mpligt mikroklimat f\u00f6r att skydda ditt barns hud<\/span><\/strong><br \/>\n<strong><span style=\"color: #282828;\">\u2022 Du kan ta bort det mjuka bomulls\u00f6verdraget och tv\u00e4tta det i 30\u201340 grader.<\/span><\/strong><br \/>\n<strong><span style=\"color: #282828;\">\u2022 Den cirka 2,5 cm tjockleken ger ditt barn stabilt st\u00f6d och komfort vid anv\u00e4ndning i alla typer av terr\u00e4ng<\/span><\/strong><br \/>\n<strong><span style=\"color: #282828;\">\u2022M\u00e5tt: 73 x 35 x 2,5 cm<\/span><\/strong><\/p>\n<p style=\"text-align: justify;\"><strong><span style=\"color: #282828;\"><a style=\"color: #282828;\" href=\"http:\/\/forbabyboss.com\/wp-content\/uploads\/2022\/09\/Baby-Buggy-Pram-Lightweight-Folding-3-in-1-Travel-System-Pushchair-Isofix-Base-Black-Gold-frame_1.png\"><img loading=\"lazy\" decoding=\"async\" class=\"alignnone size-full wp-image-5240\" src=\"http:\/\/forbabyboss.com\/wp-content\/uploads\/2022\/09\/Baby-Buggy-Pram-Lightweight-Folding-3-in-1-Travel-System-Pushchair-Isofix-Base-Black-Gold-frame_1.png\" alt=\"\" width=\"1600\" height=\"1233\" srcset=\"https:\/\/forbabyboss.com\/wp-content\/uploads\/2022\/09\/Baby-Buggy-Pram-Lightweight-Folding-3-in-1-Travel-System-Pushchair-Isofix-Base-Black-Gold-frame_1.png 1600w, https:\/\/forbabyboss.com\/wp-content\/uploads\/2022\/09\/Baby-Buggy-Pram-Lightweight-Folding-3-in-1-Travel-System-Pushchair-Isofix-Base-Black-Gold-frame_1-519x400.png 519w, https:\/\/forbabyboss.com\/wp-content\/uploads\/2022\/09\/Baby-Buggy-Pram-Lightweight-Folding-3-in-1-Travel-System-Pushchair-Isofix-Base-Black-Gold-frame_1-1038x800.png 1038w, https:\/\/forbabyboss.com\/wp-content\/uploads\/2022\/09\/Baby-Buggy-Pram-Lightweight-Folding-3-in-1-Travel-System-Pushchair-Isofix-Base-Black-Gold-frame_1-768x592.png 768w, https:\/\/forbabyboss.com\/wp-content\/uploads\/2022\/09\/Baby-Buggy-Pram-Lightweight-Folding-3-in-1-Travel-System-Pushchair-Isofix-Base-Black-Gold-frame_1-1536x1184.png 1536w, https:\/\/forbabyboss.com\/wp-content\/uploads\/2022\/09\/Baby-Buggy-Pram-Lightweight-Folding-3-in-1-Travel-System-Pushchair-Isofix-Base-Black-Gold-frame_1-600x462.png 600w\" sizes=\"auto, (max-width: 1600px) 100vw, 1600px\" \/><\/a><\/span><\/strong><\/p>\n<p>&nbsp;<\/p>\n<p><strong><a href=\"http:\/\/forbabyboss.com\/wp-content\/uploads\/2022\/09\/checkout.png\"><img loading=\"lazy\" decoding=\"async\" class=\"alignnone wp-image-5965\" src=\"http:\/\/forbabyboss.com\/wp-content\/uploads\/2022\/09\/checkout.png\" alt=\"\" width=\"1038\" height=\"382\" srcset=\"https:\/\/forbabyboss.com\/wp-content\/uploads\/2022\/09\/checkout.png 750w, https:\/\/forbabyboss.com\/wp-content\/uploads\/2022\/09\/checkout-600x221.png 600w\" sizes=\"auto, (max-width: 1038px) 100vw, 1038px\" \/><\/a><\/strong><\/p>\n<p style=\"text-align: justify;\">","protected":false},"excerpt":{"rendered":"<p><a href=\"http:\/\/forbabyboss.com\/wp-content\/uploads\/2022\/09\/Star-Rating-5.png\"><img loading=\"lazy\" decoding=\"async\" class=\"alignnone size-full wp-image-5973 aligncenter\" src=\"http:\/\/forbabyboss.com\/wp-content\/uploads\/2022\/09\/Star-Rating-5.png\" alt=\"\" width=\"275\" height=\"45\" \/><\/a><\/p>\n<p style=\"text-align: center;\"><span style=\"color: #ed1c24; font-size: 120%;\"><b>PRISGARANTI<\/b><\/span><\/p>\n<p style=\"text-align: center;\"><span style=\"font-size: 115%;\"><span style=\"font-weight: 400; color: #4f4fa7;\">Fri leverans<\/span><span style=\"font-weight: 400;\"> \u2013 2\u20137 dagar<\/span><\/span><\/p>\n<p style=\"text-align: center;\"><strong><span style=\"color: #29606b;\">Gratis g\u00e5va vid k\u00f6p \u00f6ver 100 pund<\/span><\/strong><\/p>","protected":false},"featured_media":5250,"template":"","meta":[],"product_brand":[577],"product_cat":[339,156,207,305,303,130,221,211],"product_tag":[163,199],"class_list":{"0":"post-5249","1":"product","2":"type-product","3":"status-publish","4":"has-post-thumbnail","6":"product_brand-kunert","7":"product_cat-700-to-800","8":"product_cat-3-in-1","9":"product_cat-black","10":"product_cat-colour","11":"product_cat-pattern","12":"product_cat-prams","13":"product_cat-silver-colour","14":"product_cat-stroller","15":"product_tag-3-in-1-prams","16":"product_tag-prams","18":"first","19":"instock","20":"sale","21":"shipping-taxable","22":"purchasable","23":"product-type-simple"},"yoast_head":"<!-- This site is optimized with the Yoast SEO plugin v27.6 - https:\/\/yoast.com\/product\/yoast-seo-wordpress\/ -->\n<title>Baby Pram 3in1 Lightweight Travel System Pushchair Isofix base in black silver frame - For Baby Boss<\/title>\n<meta name=\"description\" content=\"Baby Pram 3in1 Lightweight Travel System Pushchair Isofix base in black silver frame\" \/>\n<meta name=\"robots\" content=\"index, follow, max-snippet:-1, max-image-preview:large, max-video-preview:-1\" \/>\n<link rel=\"canonical\" href=\"https:\/\/forbabyboss.com\/sv\/produkt\/barnvagn-3-i-1-lattviktig-resesystem-med-isofix-bas-i-svart-silverram\/\" \/>\n<meta property=\"og:locale\" content=\"sv_SE\" \/>\n<meta property=\"og:type\" content=\"article\" \/>\n<meta property=\"og:title\" content=\"Baby Pram 3in1 Lightweight Travel System Pushchair Isofix base in black silver frame - For Baby Boss\" \/>\n<meta property=\"og:description\" content=\"Baby Pram 3in1 Lightweight Travel System Pushchair Isofix base in black silver frame\" \/>\n<meta property=\"og:url\" content=\"https:\/\/forbabyboss.com\/sv\/produkt\/barnvagn-3-i-1-lattviktig-resesystem-med-isofix-bas-i-svart-silverram\/\" \/>\n<meta property=\"og:site_name\" content=\"For Baby Boss\" \/>\n<meta property=\"article:modified_time\" content=\"2026-02-21T12:39:00+00:00\" \/>\n<meta property=\"og:image\" content=\"https:\/\/forbabyboss.com\/wp-content\/uploads\/2022\/09\/Baby-Buggy-Pram-Lightweight-Folding-3-in-1-Travel-System-Pushchair-Isofix-Base-Black-Silver-Frame.png\" \/>\n\t<meta property=\"og:image:width\" content=\"1309\" \/>\n\t<meta property=\"og:image:height\" content=\"900\" \/>\n\t<meta property=\"og:image:type\" content=\"image\/png\" \/>\n<meta name=\"twitter:card\" content=\"summary_large_image\" \/>\n<meta name=\"twitter:label1\" content=\"Ber\u00e4knad l\u00e4stid\" \/>\n\t<meta name=\"twitter:data1\" content=\"3 minuter\" \/>\n<script type=\"application\/ld+json\" class=\"yoast-schema-graph\">{\"@context\":\"https:\\\/\\\/schema.org\",\"@graph\":[{\"@type\":\"WebPage\",\"@id\":\"https:\\\/\\\/forbabyboss.com\\\/product\\\/baby-pram-3in1-lightweight-travel-system-pushchair-isofix-base-in-black-silver-frame\\\/\",\"url\":\"https:\\\/\\\/forbabyboss.com\\\/product\\\/baby-pram-3in1-lightweight-travel-system-pushchair-isofix-base-in-black-silver-frame\\\/\",\"name\":\"Baby Pram 3in1 Lightweight Travel System Pushchair Isofix base in black silver frame - For Baby Boss\",\"isPartOf\":{\"@id\":\"https:\\\/\\\/powderblue-seahorse-496884.hostingersite.com\\\/#website\"},\"primaryImageOfPage\":{\"@id\":\"https:\\\/\\\/forbabyboss.com\\\/product\\\/baby-pram-3in1-lightweight-travel-system-pushchair-isofix-base-in-black-silver-frame\\\/#primaryimage\"},\"image\":{\"@id\":\"https:\\\/\\\/forbabyboss.com\\\/product\\\/baby-pram-3in1-lightweight-travel-system-pushchair-isofix-base-in-black-silver-frame\\\/#primaryimage\"},\"thumbnailUrl\":\"https:\\\/\\\/forbabyboss.com\\\/wp-content\\\/uploads\\\/2022\\\/09\\\/Baby-Buggy-Pram-Lightweight-Folding-3-in-1-Travel-System-Pushchair-Isofix-Base-Black-Silver-Frame.png\",\"datePublished\":\"2022-09-11T15:17:16+00:00\",\"dateModified\":\"2026-02-21T12:39:00+00:00\",\"description\":\"Baby Pram 3in1 Lightweight Travel System Pushchair Isofix base in black silver frame\",\"breadcrumb\":{\"@id\":\"https:\\\/\\\/forbabyboss.com\\\/product\\\/baby-pram-3in1-lightweight-travel-system-pushchair-isofix-base-in-black-silver-frame\\\/#breadcrumb\"},\"inLanguage\":\"sv-SE\",\"potentialAction\":[{\"@type\":\"ReadAction\",\"target\":[\"https:\\\/\\\/forbabyboss.com\\\/product\\\/baby-pram-3in1-lightweight-travel-system-pushchair-isofix-base-in-black-silver-frame\\\/\"]}]},{\"@type\":\"ImageObject\",\"inLanguage\":\"sv-SE\",\"@id\":\"https:\\\/\\\/forbabyboss.com\\\/product\\\/baby-pram-3in1-lightweight-travel-system-pushchair-isofix-base-in-black-silver-frame\\\/#primaryimage\",\"url\":\"https:\\\/\\\/forbabyboss.com\\\/wp-content\\\/uploads\\\/2022\\\/09\\\/Baby-Buggy-Pram-Lightweight-Folding-3-in-1-Travel-System-Pushchair-Isofix-Base-Black-Silver-Frame.png\",\"contentUrl\":\"https:\\\/\\\/forbabyboss.com\\\/wp-content\\\/uploads\\\/2022\\\/09\\\/Baby-Buggy-Pram-Lightweight-Folding-3-in-1-Travel-System-Pushchair-Isofix-Base-Black-Silver-Frame.png\",\"width\":1309,\"height\":900},{\"@type\":\"BreadcrumbList\",\"@id\":\"https:\\\/\\\/forbabyboss.com\\\/product\\\/baby-pram-3in1-lightweight-travel-system-pushchair-isofix-base-in-black-silver-frame\\\/#breadcrumb\",\"itemListElement\":[{\"@type\":\"ListItem\",\"position\":1,\"name\":\"Home\",\"item\":\"https:\\\/\\\/forbabyboss.com\\\/\"},{\"@type\":\"ListItem\",\"position\":2,\"name\":\"Shop\",\"item\":\"https:\\\/\\\/forbabyboss.com\\\/shop\\\/\"},{\"@type\":\"ListItem\",\"position\":3,\"name\":\"Baby Pram 3in1 Lightweight Travel System Pushchair Isofix base in black silver frame\"}]},{\"@type\":\"WebSite\",\"@id\":\"https:\\\/\\\/powderblue-seahorse-496884.hostingersite.com\\\/#website\",\"url\":\"https:\\\/\\\/powderblue-seahorse-496884.hostingersite.com\\\/\",\"name\":\"For Baby Boss\",\"description\":\"Beautiful gifts and accessories for your baby boss\",\"potentialAction\":[{\"@type\":\"SearchAction\",\"target\":{\"@type\":\"EntryPoint\",\"urlTemplate\":\"https:\\\/\\\/powderblue-seahorse-496884.hostingersite.com\\\/?s={search_term_string}\"},\"query-input\":{\"@type\":\"PropertyValueSpecification\",\"valueRequired\":true,\"valueName\":\"search_term_string\"}}],\"inLanguage\":\"sv-SE\"}]}<\/script>\n<!-- \/ Yoast SEO plugin. -->","yoast_head_json":{"title":"Babyvagn 3-i-1 L\u00e4ttviktsvagn med Isofix-bas i svart silverram - F\u00f6r Baby Boss","description":"Barnvagn 3-i-1 l\u00e4ttviktig resesystem med Isofix-bas i svart silverram","robots":{"index":"index","follow":"follow","max-snippet":"max-snippet:-1","max-image-preview":"max-image-preview:large","max-video-preview":"max-video-preview:-1"},"canonical":"https:\/\/forbabyboss.com\/sv\/produkt\/barnvagn-3-i-1-lattviktig-resesystem-med-isofix-bas-i-svart-silverram\/","og_locale":"sv_SE","og_type":"article","og_title":"Baby Pram 3in1 Lightweight Travel System Pushchair Isofix base in black silver frame - For Baby Boss","og_description":"Baby Pram 3in1 Lightweight Travel System Pushchair Isofix base in black silver frame","og_url":"https:\/\/forbabyboss.com\/sv\/produkt\/barnvagn-3-i-1-lattviktig-resesystem-med-isofix-bas-i-svart-silverram\/","og_site_name":"For Baby Boss","article_modified_time":"2026-02-21T12:39:00+00:00","og_image":[{"width":1309,"height":900,"url":"https:\/\/forbabyboss.com\/wp-content\/uploads\/2022\/09\/Baby-Buggy-Pram-Lightweight-Folding-3-in-1-Travel-System-Pushchair-Isofix-Base-Black-Silver-Frame.png","type":"image\/png"}],"twitter_card":"summary_large_image","twitter_misc":{"Ber\u00e4knad l\u00e4stid":"3 minuter"},"schema":{"@context":"https:\/\/schema.org","@graph":[{"@type":"WebPage","@id":"https:\/\/forbabyboss.com\/product\/baby-pram-3in1-lightweight-travel-system-pushchair-isofix-base-in-black-silver-frame\/","url":"https:\/\/forbabyboss.com\/product\/baby-pram-3in1-lightweight-travel-system-pushchair-isofix-base-in-black-silver-frame\/","name":"Babyvagn 3-i-1 L\u00e4ttviktsvagn med Isofix-bas i svart silverram - F\u00f6r Baby Boss","isPartOf":{"@id":"https:\/\/powderblue-seahorse-496884.hostingersite.com\/#website"},"primaryImageOfPage":{"@id":"https:\/\/forbabyboss.com\/product\/baby-pram-3in1-lightweight-travel-system-pushchair-isofix-base-in-black-silver-frame\/#primaryimage"},"image":{"@id":"https:\/\/forbabyboss.com\/product\/baby-pram-3in1-lightweight-travel-system-pushchair-isofix-base-in-black-silver-frame\/#primaryimage"},"thumbnailUrl":"https:\/\/forbabyboss.com\/wp-content\/uploads\/2022\/09\/Baby-Buggy-Pram-Lightweight-Folding-3-in-1-Travel-System-Pushchair-Isofix-Base-Black-Silver-Frame.png","datePublished":"2022-09-11T15:17:16+00:00","dateModified":"2026-02-21T12:39:00+00:00","description":"Barnvagn 3-i-1 l\u00e4ttviktig resesystem med Isofix-bas i svart silverram","breadcrumb":{"@id":"https:\/\/forbabyboss.com\/product\/baby-pram-3in1-lightweight-travel-system-pushchair-isofix-base-in-black-silver-frame\/#breadcrumb"},"inLanguage":"sv-SE","potentialAction":[{"@type":"ReadAction","target":["https:\/\/forbabyboss.com\/product\/baby-pram-3in1-lightweight-travel-system-pushchair-isofix-base-in-black-silver-frame\/"]}]},{"@type":"ImageObject","inLanguage":"sv-SE","@id":"https:\/\/forbabyboss.com\/product\/baby-pram-3in1-lightweight-travel-system-pushchair-isofix-base-in-black-silver-frame\/#primaryimage","url":"https:\/\/forbabyboss.com\/wp-content\/uploads\/2022\/09\/Baby-Buggy-Pram-Lightweight-Folding-3-in-1-Travel-System-Pushchair-Isofix-Base-Black-Silver-Frame.png","contentUrl":"https:\/\/forbabyboss.com\/wp-content\/uploads\/2022\/09\/Baby-Buggy-Pram-Lightweight-Folding-3-in-1-Travel-System-Pushchair-Isofix-Base-Black-Silver-Frame.png","width":1309,"height":900},{"@type":"BreadcrumbList","@id":"https:\/\/forbabyboss.com\/product\/baby-pram-3in1-lightweight-travel-system-pushchair-isofix-base-in-black-silver-frame\/#breadcrumb","itemListElement":[{"@type":"ListItem","position":1,"name":"Home","item":"https:\/\/forbabyboss.com\/"},{"@type":"ListItem","position":2,"name":"Shop","item":"https:\/\/forbabyboss.com\/shop\/"},{"@type":"ListItem","position":3,"name":"Baby Pram 3in1 Lightweight Travel System Pushchair Isofix base in black silver frame"}]},{"@type":"WebSite","@id":"https:\/\/powderblue-seahorse-496884.hostingersite.com\/#website","url":"https:\/\/powderblue-seahorse-496884.hostingersite.com\/","name":"F\u00f6r Baby Boss","description":"Vackra presenter och tillbeh\u00f6r till din babychef","potentialAction":[{"@type":"SearchAction","target":{"@type":"EntryPoint","urlTemplate":"https:\/\/powderblue-seahorse-496884.hostingersite.com\/?s={search_term_string}"},"query-input":{"@type":"PropertyValueSpecification","valueRequired":true,"valueName":"search_term_string"}}],"inLanguage":"sv-SE"}]}},"_links":{"self":[{"href":"https:\/\/forbabyboss.com\/sv\/wp-json\/wp\/v2\/product\/5249","targetHints":{"allow":["GET"]}}],"collection":[{"href":"https:\/\/forbabyboss.com\/sv\/wp-json\/wp\/v2\/product"}],"about":[{"href":"https:\/\/forbabyboss.com\/sv\/wp-json\/wp\/v2\/types\/product"}],"wp:featuredmedia":[{"embeddable":true,"href":"https:\/\/forbabyboss.com\/sv\/wp-json\/wp\/v2\/media\/5250"}],"wp:attachment":[{"href":"https:\/\/forbabyboss.com\/sv\/wp-json\/wp\/v2\/media?parent=5249"}],"wp:term":[{"taxonomy":"product_brand","embeddable":true,"href":"https:\/\/forbabyboss.com\/sv\/wp-json\/wp\/v2\/product_brand?post=5249"},{"taxonomy":"product_cat","embeddable":true,"href":"https:\/\/forbabyboss.com\/sv\/wp-json\/wp\/v2\/product_cat?post=5249"},{"taxonomy":"product_tag","embeddable":true,"href":"https:\/\/forbabyboss.com\/sv\/wp-json\/wp\/v2\/product_tag?post=5249"}],"curies":[{"name":"wp","href":"https:\/\/api.w.org\/{rel}","templated":true}]}}