{"id":5302,"date":"2022-09-11T16:37:41","date_gmt":"2022-09-11T16:37:41","guid":{"rendered":"http:\/\/forbabyboss.com\/?post_type=product&#038;p=5302"},"modified":"2026-02-21T12:32:24","modified_gmt":"2026-02-21T12:32:24","slug":"hopfallbar-3-i-1-vagn-med-vandbart-resesystem-i-flerfargad","status":"publish","type":"product","link":"https:\/\/forbabyboss.com\/sv\/product\/baby-pram-folding-3in1-reversible-travel-system-pushchair-in-multicoloured\/","title":{"rendered":"Hopf\u00e4llbar 3-i-1-vagn med v\u00e4ndbart resesystem i flerf\u00e4rgad"},"content":{"rendered":"<h1 style=\"text-align: justify;\"><strong><span style=\"color: #e14d43;\">Djup barnvagn<\/span><\/strong><\/h1>\n<p style=\"text-align: justify;\"><strong><span style=\"color: #282828;\">Det \u00e4r en l\u00e4tt aluminiumram med gondol, fr\u00e4mst avsedd f\u00f6r s\u00e4ker transport av nyf\u00f6dda och sp\u00e4dbarn som v\u00e4ger upp till 9 kg.<\/span><\/strong><br \/>\n<strong><span style=\"color: #282828;\">Axel-gondolen har en utf\u00e4llbar kalott och ett mjukt bomullsfoder som enkelt kan tas av f\u00f6r tv\u00e4tt.<\/span><\/strong><br \/>\n<strong><span style=\"color: #282828;\">B\u00e5set \u00e4r utrustat med ett \u00f6ppningsbart ventilationsf\u00f6nster.<\/span><\/strong><br \/>\n<strong><span style=\"color: #282828;\">Dessutom fungerar gondol\u00f6verdraget som vindf\u00e5ngare.<\/span><\/strong><br \/>\n<strong><span style=\"color: #282828;\">Gondolen har \u00e4ven ett ryggst\u00f6d med smidig h\u00f6jdjustering.<\/span><\/strong><\/p>\n<h2 style=\"text-align: justify;\"><strong><span style=\"color: #e14d43;\">Liggdelns funktioner:<\/span><\/strong><\/h2>\n<p style=\"text-align: justify;\"><strong><span style=\"color: #282828;\">\u2705 hopf\u00e4llbar sufflett \u2013 skyddar barnet mot sol och regn<\/span><\/strong><br \/>\n<strong><span style=\"color: #282828;\">\u2705 bomullsfoder \u2013 ger maximal resekomfort (kan enkelt tas bort f\u00f6r tv\u00e4tt)<\/span><\/strong><br \/>\n<strong><span style=\"color: #282828;\">\u2705 ventilationsf\u00f6nster \u2013 ger frisk luft inuti vagnen<\/span><\/strong><br \/>\n<strong><span style=\"color: #282828;\">\u2705 \u00f6verdrag \u2013 skyddar barnet mot vind och kyla<\/span><\/strong><br \/>\n<strong><span style=\"color: #282828;\">\u2705 liggdel med vaggfunktion \u2013 l\u00e5ter dig gunga barnet (kan l\u00e5sas genom att f\u00e4lla ut sidobenen)<\/span><\/strong><br \/>\n<strong><span style=\"color: #282828;\">\u2705 Liggdel med handtag kl\u00e4tt med ekol\u00e4der \u2013 m\u00f6jligg\u00f6r bekv\u00e4m b\u00e4rning.<\/span><\/strong><\/p>\n<h2 style=\"text-align: justify;\"><strong><span style=\"color: #e14d43;\">Bilbarnstol<\/span><\/strong><\/h2>\n<p style=\"text-align: justify;\"><strong><span style=\"color: #282828;\">Den \u00e4r utformad f\u00f6r barn som v\u00e4ger upp till 10 kg. Den \u00e4r ECE R44\/04-godk\u00e4nd, vilket bekr\u00e4ftar att produkten uppfyller strikta s\u00e4kerhetsstandarder och kan anv\u00e4ndas f\u00f6r s\u00e4ker transport av barn i bil. Dessutom kan bilbarnstolen monteras p\u00e5 barnvagnens ram fram\u00e5t- eller bak\u00e5tv\u00e4nd med hj\u00e4lp av de adaptrar som ing\u00e5r i setet.<\/span><\/strong><\/p>\n<p style=\"text-align: justify;\"><strong><span style=\"color: #282828;\">\u2705 extra insats f\u00f6r sp\u00e4dbarn \u2013 m\u00f6jligg\u00f6r s\u00e4ker transport av nyf\u00f6dda<\/span><\/strong><br \/>\n<strong><span style=\"color: #282828;\">\u2705 justerbart handtag \u2013 k\u00e4nnetecknas av h\u00f6gsta ergonomi (kan st\u00e4llas in i st\u00f6dposition)<\/span><\/strong><br \/>\n<strong><span style=\"color: #282828;\">\u2705 vaggfunktion \u2013 tack vare en specialprofilerad botten<\/span><\/strong><br \/>\n<strong><span style=\"color: #282828;\">\u2705 \u00f6verdrag f\u00f6r benen med reflexer \u2013 skyddar mot kyla (kan demonteras)<\/span><\/strong><br \/>\n<strong><span style=\"color: #282828;\">\u2705 avtagbart regn- och solskydd \u2013 skyddar barnet mot ogynnsamma v\u00e4derf\u00f6rh\u00e5llanden<\/span><\/strong><br \/>\n<strong><span style=\"color: #282828;\">\u2705 Trepunktsb\u00e4lten med central l\u00e4ngdjustering \u2013 garanterar s\u00e4kerheten under resan<\/span><\/strong><br \/>\n<strong><span style=\"color: #282828;\">\u2705 extra axelremsskydd \u2013 f\u00f6r \u00f6kad komfort under resan<\/span><\/strong><br \/>\n<strong><span style=\"color: #282828;\">\u2705 adaptrar \u2013 g\u00f6r att sitsen kan monteras p\u00e5 barnvagnens ram<\/span><\/strong><\/p>\n<h2 style=\"text-align: justify;\"><strong><span style=\"color: #e14d43;\">Barnvagn<\/span><\/strong><\/h2>\n<p style=\"text-align: justify;\"><strong><span style=\"color: #282828;\">Vagnen \u00e4r perfekt f\u00f6r ett lite \u00e4ldre barn som v\u00e4ger upp till 15 kg. Axel erbjuder tv\u00e5 monteringsalternativ: fram\u00e5tv\u00e4nd eller bak\u00e5tv\u00e4nd \u2013 beroende p\u00e5 dina \u00f6nskem\u00e5l.<\/span><\/strong><br \/>\n<strong><span style=\"color: #282828;\">Ett utf\u00e4llbart solskydd och ett \u00f6verdrag med vindf\u00e5ngarfunktion skyddar ditt barn mot ogynnsamma v\u00e4derf\u00f6rh\u00e5llanden.<\/span><\/strong><\/p>\n<p style=\"text-align: justify;\"><strong><span style=\"color: #282828;\">\u2705 fempunktsb\u00e4lten med mjuka kuddar \u2013 skyddar och s\u00e4kerst\u00e4ller komfort under resan<\/span><\/strong><br \/>\n<strong><span style=\"color: #282828;\">\u2705 fodst\u00f6d och fodst\u00f6d i ekol\u00e4der \u2013 slitstarkt och l\u00e4tt att reng\u00f6ra<\/span><\/strong><br \/>\n<strong><span style=\"color: #282828;\">\u2705 justerbart fotst\u00f6d \u2013 f\u00f6r optimal positionering<\/span><\/strong><br \/>\n<strong><span style=\"color: #282828;\">\u2705 justerbart ryggst\u00f6d i fyra l\u00e4gen \u2013 ger optimal position och \u00f6kar barnets komfort<\/span><\/strong><br \/>\n<strong><span style=\"color: #282828;\">\u2705 ram med mjuk fj\u00e4dring \u2013 skyddar barnet mot obehagliga st\u00f6tar vid k\u00f6rning p\u00e5 oj\u00e4mna underlag<\/span><\/strong><\/p>\n<h2 style=\"text-align: justify;\"><strong><span style=\"color: #e14d43;\">Ram<\/span><\/strong><\/h2>\n<p style=\"text-align: justify;\"><strong><span style=\"color: #282828;\">\u2705 solid och l\u00e4tt aluminiumstruktur<\/span><\/strong><br \/>\n<strong><span style=\"color: #282828;\">\u2705 justerbar guide kl\u00e4dd i ekol\u00e4der \u2013 g\u00f6r det enkelt att justera barnvagnen till din l\u00e4ngd<\/span><\/strong><br \/>\n<strong><span style=\"color: #282828;\">\u2705 mjuk fj\u00e4dring \u2013 ett innovativt st\u00f6td\u00e4mpningssystem som garanterar maximal resekomfort<\/span><\/strong><br \/>\n<strong><span style=\"color: #282828;\">\u2705 centralbroms (Easy Stop) \u2013 l\u00e5ter dig snabbt blockera vagnens hjul<\/span><\/strong><br \/>\n<strong><span style=\"color: #282828;\">\u2705 m\u00f6jligheten att installera Buggy Board \u2013 den h\u00e4r funktionen kommer att vara anv\u00e4ndbar n\u00e4r barnet har en \u00e4ldre bror eller syster<\/span><\/strong><br \/>\n<strong><span style=\"color: #282828;\">\u2705 hopf\u00e4llbar ram \u2013 n\u00e4r den \u00e4r hopf\u00e4lld tar den liten plats och f\u00e5r plats i bagageutrymmet<\/span><\/strong><\/p>\n<p><strong><span style=\"color: #282828;\"><a style=\"color: #282828;\" href=\"http:\/\/forbabyboss.com\/wp-content\/uploads\/2022\/09\/1-6.png\"><img loading=\"lazy\" decoding=\"async\" class=\"alignnone size-full wp-image-5282\" src=\"http:\/\/forbabyboss.com\/wp-content\/uploads\/2022\/09\/1-6.png\" alt=\"\" width=\"1337\" height=\"431\" srcset=\"https:\/\/forbabyboss.com\/wp-content\/uploads\/2022\/09\/1-6.png 1337w, https:\/\/forbabyboss.com\/wp-content\/uploads\/2022\/09\/1-6-800x258.png 800w, https:\/\/forbabyboss.com\/wp-content\/uploads\/2022\/09\/1-6-768x248.png 768w, https:\/\/forbabyboss.com\/wp-content\/uploads\/2022\/09\/1-6-600x193.png 600w\" sizes=\"auto, (max-width: 1337px) 100vw, 1337px\" \/><\/a><\/span><\/strong><\/p>\n<p><strong><span style=\"color: #282828;\"><a style=\"color: #282828;\" href=\"http:\/\/forbabyboss.com\/wp-content\/uploads\/2022\/09\/2-4.png\"><img loading=\"lazy\" decoding=\"async\" class=\"alignnone size-full wp-image-5283\" src=\"http:\/\/forbabyboss.com\/wp-content\/uploads\/2022\/09\/2-4.png\" alt=\"\" width=\"1309\" height=\"504\" srcset=\"https:\/\/forbabyboss.com\/wp-content\/uploads\/2022\/09\/2-4.png 1309w, https:\/\/forbabyboss.com\/wp-content\/uploads\/2022\/09\/2-4-800x308.png 800w, https:\/\/forbabyboss.com\/wp-content\/uploads\/2022\/09\/2-4-768x296.png 768w, https:\/\/forbabyboss.com\/wp-content\/uploads\/2022\/09\/2-4-600x231.png 600w\" sizes=\"auto, (max-width: 1309px) 100vw, 1309px\" \/><\/a><\/span><\/strong><\/p>\n<p><strong><span style=\"color: #282828;\"><a style=\"color: #282828;\" href=\"http:\/\/forbabyboss.com\/wp-content\/uploads\/2022\/09\/3-2.png\"><img loading=\"lazy\" decoding=\"async\" class=\"alignnone size-full wp-image-5284\" src=\"http:\/\/forbabyboss.com\/wp-content\/uploads\/2022\/09\/3-2.png\" alt=\"\" width=\"1291\" height=\"418\" srcset=\"https:\/\/forbabyboss.com\/wp-content\/uploads\/2022\/09\/3-2.png 1291w, https:\/\/forbabyboss.com\/wp-content\/uploads\/2022\/09\/3-2-800x259.png 800w, https:\/\/forbabyboss.com\/wp-content\/uploads\/2022\/09\/3-2-768x249.png 768w, https:\/\/forbabyboss.com\/wp-content\/uploads\/2022\/09\/3-2-600x194.png 600w\" sizes=\"auto, (max-width: 1291px) 100vw, 1291px\" \/><\/a><\/span><\/strong><\/p>\n<p><strong><span style=\"color: #282828;\"><a style=\"color: #282828;\" href=\"http:\/\/forbabyboss.com\/wp-content\/uploads\/2022\/09\/4-2.png\"><img loading=\"lazy\" decoding=\"async\" class=\"alignnone size-full wp-image-5285\" src=\"http:\/\/forbabyboss.com\/wp-content\/uploads\/2022\/09\/4-2.png\" alt=\"\" width=\"1309\" height=\"431\" srcset=\"https:\/\/forbabyboss.com\/wp-content\/uploads\/2022\/09\/4-2.png 1309w, https:\/\/forbabyboss.com\/wp-content\/uploads\/2022\/09\/4-2-800x263.png 800w, https:\/\/forbabyboss.com\/wp-content\/uploads\/2022\/09\/4-2-768x253.png 768w, https:\/\/forbabyboss.com\/wp-content\/uploads\/2022\/09\/4-2-600x198.png 600w\" sizes=\"auto, (max-width: 1309px) 100vw, 1309px\" \/><\/a><\/span><\/strong><\/p>\n<p><strong><span style=\"color: #282828;\"><a style=\"color: #282828;\" href=\"http:\/\/forbabyboss.com\/wp-content\/uploads\/2022\/09\/5-2.png\"><img loading=\"lazy\" decoding=\"async\" class=\"alignnone size-full wp-image-5286\" src=\"http:\/\/forbabyboss.com\/wp-content\/uploads\/2022\/09\/5-2.png\" alt=\"\" width=\"1341\" height=\"438\" srcset=\"https:\/\/forbabyboss.com\/wp-content\/uploads\/2022\/09\/5-2.png 1341w, https:\/\/forbabyboss.com\/wp-content\/uploads\/2022\/09\/5-2-800x261.png 800w, https:\/\/forbabyboss.com\/wp-content\/uploads\/2022\/09\/5-2-768x251.png 768w, https:\/\/forbabyboss.com\/wp-content\/uploads\/2022\/09\/5-2-600x196.png 600w\" sizes=\"auto, (max-width: 1341px) 100vw, 1341px\" \/><\/a><\/span><\/strong><\/p>\n<p><strong><span style=\"color: #282828;\"><a style=\"color: #282828;\" href=\"http:\/\/forbabyboss.com\/wp-content\/uploads\/2022\/09\/Easy-Fold-1.png\"><img loading=\"lazy\" decoding=\"async\" class=\"alignnone size-full wp-image-5039\" src=\"http:\/\/forbabyboss.com\/wp-content\/uploads\/2022\/09\/Easy-Fold-1.png\" alt=\"\" width=\"1141\" height=\"409\" srcset=\"https:\/\/forbabyboss.com\/wp-content\/uploads\/2022\/09\/Easy-Fold-1.png 1141w, https:\/\/forbabyboss.com\/wp-content\/uploads\/2022\/09\/Easy-Fold-1-800x287.png 800w, https:\/\/forbabyboss.com\/wp-content\/uploads\/2022\/09\/Easy-Fold-1-768x275.png 768w, https:\/\/forbabyboss.com\/wp-content\/uploads\/2022\/09\/Easy-Fold-1-600x215.png 600w\" sizes=\"auto, (max-width: 1141px) 100vw, 1141px\" \/><\/a><\/span><\/strong><\/p>\n<p>&nbsp;<\/p>\n<p>&nbsp;<\/p>\n<p><strong><a href=\"http:\/\/forbabyboss.com\/wp-content\/uploads\/2022\/09\/checkout.png\"><img loading=\"lazy\" decoding=\"async\" class=\"alignnone wp-image-5965\" src=\"http:\/\/forbabyboss.com\/wp-content\/uploads\/2022\/09\/checkout.png\" alt=\"\" width=\"1022\" height=\"376\" srcset=\"https:\/\/forbabyboss.com\/wp-content\/uploads\/2022\/09\/checkout.png 750w, https:\/\/forbabyboss.com\/wp-content\/uploads\/2022\/09\/checkout-600x221.png 600w\" sizes=\"auto, (max-width: 1022px) 100vw, 1022px\" \/><\/a><\/strong><\/p>\n<p>&nbsp;<\/p>","protected":false},"excerpt":{"rendered":"<p><a href=\"http:\/\/forbabyboss.com\/wp-content\/uploads\/2022\/09\/Star-Rating-5.png\"><img loading=\"lazy\" decoding=\"async\" class=\"alignnone size-full wp-image-5973 aligncenter\" src=\"http:\/\/forbabyboss.com\/wp-content\/uploads\/2022\/09\/Star-Rating-5.png\" alt=\"\" width=\"275\" height=\"45\" \/><\/a><\/p>\n<p style=\"text-align: center;\"><span style=\"color: #ed1c24; font-size: 120%;\"><b>PRISGARANTI<\/b><\/span><\/p>\n<p style=\"text-align: center;\"><span style=\"font-size: 115%;\"><span style=\"font-weight: 400; color: #4f4fa7;\">Fri leverans<\/span><span style=\"font-weight: 400;\"> \u2013 2\u20137 dagar<\/span><\/span><\/p>\n<p style=\"text-align: center;\"><strong><span style=\"color: #29606b;\">Gratis g\u00e5va vid k\u00f6p \u00f6ver 100 pund<\/span><\/strong><\/p>","protected":false},"featured_media":5303,"template":"","meta":[],"product_brand":[370],"product_cat":[337,339,156,305,270,303,130,211],"product_tag":[202,199],"class_list":{"0":"post-5302","1":"product","2":"type-product","3":"status-publish","4":"has-post-thumbnail","6":"product_brand-babylux","7":"product_cat-500-to-600","8":"product_cat-700-to-800","9":"product_cat-3-in-1","10":"product_cat-colour","11":"product_cat-multicolor","12":"product_cat-pattern","13":"product_cat-prams","14":"product_cat-stroller","15":"product_tag-3-in-1-pram","16":"product_tag-prams","18":"first","19":"instock","20":"sale","21":"shipping-taxable","22":"purchasable","23":"product-type-simple"},"yoast_head":"<!-- This site is optimized with the Yoast SEO plugin v27.6 - https:\/\/yoast.com\/product\/yoast-seo-wordpress\/ -->\n<title>Baby Pram Folding 3in1 Reversible Travel System Pushchair in Multicoloured - For Baby Boss<\/title>\n<meta name=\"description\" content=\"Baby Pram Folding 3in1 Reversible Travel System Pushchair in Multicoloured\" \/>\n<meta name=\"robots\" content=\"index, follow, max-snippet:-1, max-image-preview:large, max-video-preview:-1\" \/>\n<link rel=\"canonical\" href=\"https:\/\/forbabyboss.com\/sv\/produkt\/hopfallbar-3-i-1-vagn-med-vandbart-resesystem-i-flerfargad\/\" \/>\n<meta property=\"og:locale\" content=\"sv_SE\" \/>\n<meta property=\"og:type\" content=\"article\" \/>\n<meta property=\"og:title\" content=\"Baby Pram Folding 3in1 Reversible Travel System Pushchair in Multicoloured - For Baby Boss\" \/>\n<meta property=\"og:description\" content=\"Baby Pram Folding 3in1 Reversible Travel System Pushchair in Multicoloured\" \/>\n<meta property=\"og:url\" content=\"https:\/\/forbabyboss.com\/sv\/produkt\/hopfallbar-3-i-1-vagn-med-vandbart-resesystem-i-flerfargad\/\" \/>\n<meta property=\"og:site_name\" content=\"For Baby Boss\" \/>\n<meta property=\"article:modified_time\" content=\"2026-02-21T12:32:24+00:00\" \/>\n<meta property=\"og:image\" content=\"https:\/\/forbabyboss.com\/wp-content\/uploads\/2022\/09\/Pram-Buggy-Pushcair-3-in-1-Travel-System-Car-Seat-Bassinet-Folding-Reversible-Multicoloured.png\" \/>\n\t<meta property=\"og:image:width\" content=\"1395\" \/>\n\t<meta property=\"og:image:height\" content=\"900\" \/>\n\t<meta property=\"og:image:type\" content=\"image\/png\" \/>\n<meta name=\"twitter:card\" content=\"summary_large_image\" \/>\n<meta name=\"twitter:label1\" content=\"Ber\u00e4knad l\u00e4stid\" \/>\n\t<meta name=\"twitter:data1\" content=\"4 minuter\" \/>\n<script type=\"application\/ld+json\" class=\"yoast-schema-graph\">{\"@context\":\"https:\\\/\\\/schema.org\",\"@graph\":[{\"@type\":\"WebPage\",\"@id\":\"https:\\\/\\\/forbabyboss.com\\\/product\\\/baby-pram-folding-3in1-reversible-travel-system-pushchair-in-multicoloured\\\/\",\"url\":\"https:\\\/\\\/forbabyboss.com\\\/product\\\/baby-pram-folding-3in1-reversible-travel-system-pushchair-in-multicoloured\\\/\",\"name\":\"Baby Pram Folding 3in1 Reversible Travel System Pushchair in Multicoloured - For Baby Boss\",\"isPartOf\":{\"@id\":\"https:\\\/\\\/powderblue-seahorse-496884.hostingersite.com\\\/#website\"},\"primaryImageOfPage\":{\"@id\":\"https:\\\/\\\/forbabyboss.com\\\/product\\\/baby-pram-folding-3in1-reversible-travel-system-pushchair-in-multicoloured\\\/#primaryimage\"},\"image\":{\"@id\":\"https:\\\/\\\/forbabyboss.com\\\/product\\\/baby-pram-folding-3in1-reversible-travel-system-pushchair-in-multicoloured\\\/#primaryimage\"},\"thumbnailUrl\":\"https:\\\/\\\/forbabyboss.com\\\/wp-content\\\/uploads\\\/2022\\\/09\\\/Pram-Buggy-Pushcair-3-in-1-Travel-System-Car-Seat-Bassinet-Folding-Reversible-Multicoloured.png\",\"datePublished\":\"2022-09-11T16:37:41+00:00\",\"dateModified\":\"2026-02-21T12:32:24+00:00\",\"description\":\"Baby Pram Folding 3in1 Reversible Travel System Pushchair in Multicoloured\",\"breadcrumb\":{\"@id\":\"https:\\\/\\\/forbabyboss.com\\\/product\\\/baby-pram-folding-3in1-reversible-travel-system-pushchair-in-multicoloured\\\/#breadcrumb\"},\"inLanguage\":\"sv-SE\",\"potentialAction\":[{\"@type\":\"ReadAction\",\"target\":[\"https:\\\/\\\/forbabyboss.com\\\/product\\\/baby-pram-folding-3in1-reversible-travel-system-pushchair-in-multicoloured\\\/\"]}]},{\"@type\":\"ImageObject\",\"inLanguage\":\"sv-SE\",\"@id\":\"https:\\\/\\\/forbabyboss.com\\\/product\\\/baby-pram-folding-3in1-reversible-travel-system-pushchair-in-multicoloured\\\/#primaryimage\",\"url\":\"https:\\\/\\\/forbabyboss.com\\\/wp-content\\\/uploads\\\/2022\\\/09\\\/Pram-Buggy-Pushcair-3-in-1-Travel-System-Car-Seat-Bassinet-Folding-Reversible-Multicoloured.png\",\"contentUrl\":\"https:\\\/\\\/forbabyboss.com\\\/wp-content\\\/uploads\\\/2022\\\/09\\\/Pram-Buggy-Pushcair-3-in-1-Travel-System-Car-Seat-Bassinet-Folding-Reversible-Multicoloured.png\",\"width\":1395,\"height\":900},{\"@type\":\"BreadcrumbList\",\"@id\":\"https:\\\/\\\/forbabyboss.com\\\/product\\\/baby-pram-folding-3in1-reversible-travel-system-pushchair-in-multicoloured\\\/#breadcrumb\",\"itemListElement\":[{\"@type\":\"ListItem\",\"position\":1,\"name\":\"Home\",\"item\":\"https:\\\/\\\/forbabyboss.com\\\/\"},{\"@type\":\"ListItem\",\"position\":2,\"name\":\"Shop\",\"item\":\"https:\\\/\\\/forbabyboss.com\\\/shop\\\/\"},{\"@type\":\"ListItem\",\"position\":3,\"name\":\"Baby Pram Folding 3in1 Reversible Travel System Pushchair in Multicoloured\"}]},{\"@type\":\"WebSite\",\"@id\":\"https:\\\/\\\/powderblue-seahorse-496884.hostingersite.com\\\/#website\",\"url\":\"https:\\\/\\\/powderblue-seahorse-496884.hostingersite.com\\\/\",\"name\":\"For Baby Boss\",\"description\":\"Beautiful gifts and accessories for your baby boss\",\"potentialAction\":[{\"@type\":\"SearchAction\",\"target\":{\"@type\":\"EntryPoint\",\"urlTemplate\":\"https:\\\/\\\/powderblue-seahorse-496884.hostingersite.com\\\/?s={search_term_string}\"},\"query-input\":{\"@type\":\"PropertyValueSpecification\",\"valueRequired\":true,\"valueName\":\"search_term_string\"}}],\"inLanguage\":\"sv-SE\"}]}<\/script>\n<!-- \/ Yoast SEO plugin. -->","yoast_head_json":{"title":"Hopf\u00e4llbar 3-i-1 v\u00e4ndbar sittvagn med resesystem i flerf\u00e4rgad - F\u00f6r Baby Boss","description":"Hopf\u00e4llbar 3-i-1-vagn med v\u00e4ndbart resesystem i flerf\u00e4rgad","robots":{"index":"index","follow":"follow","max-snippet":"max-snippet:-1","max-image-preview":"max-image-preview:large","max-video-preview":"max-video-preview:-1"},"canonical":"https:\/\/forbabyboss.com\/sv\/produkt\/hopfallbar-3-i-1-vagn-med-vandbart-resesystem-i-flerfargad\/","og_locale":"sv_SE","og_type":"article","og_title":"Baby Pram Folding 3in1 Reversible Travel System Pushchair in Multicoloured - For Baby Boss","og_description":"Baby Pram Folding 3in1 Reversible Travel System Pushchair in Multicoloured","og_url":"https:\/\/forbabyboss.com\/sv\/produkt\/hopfallbar-3-i-1-vagn-med-vandbart-resesystem-i-flerfargad\/","og_site_name":"For Baby Boss","article_modified_time":"2026-02-21T12:32:24+00:00","og_image":[{"width":1395,"height":900,"url":"https:\/\/forbabyboss.com\/wp-content\/uploads\/2022\/09\/Pram-Buggy-Pushcair-3-in-1-Travel-System-Car-Seat-Bassinet-Folding-Reversible-Multicoloured.png","type":"image\/png"}],"twitter_card":"summary_large_image","twitter_misc":{"Ber\u00e4knad l\u00e4stid":"4 minuter"},"schema":{"@context":"https:\/\/schema.org","@graph":[{"@type":"WebPage","@id":"https:\/\/forbabyboss.com\/product\/baby-pram-folding-3in1-reversible-travel-system-pushchair-in-multicoloured\/","url":"https:\/\/forbabyboss.com\/product\/baby-pram-folding-3in1-reversible-travel-system-pushchair-in-multicoloured\/","name":"Hopf\u00e4llbar 3-i-1 v\u00e4ndbar sittvagn med resesystem i flerf\u00e4rgad - F\u00f6r Baby Boss","isPartOf":{"@id":"https:\/\/powderblue-seahorse-496884.hostingersite.com\/#website"},"primaryImageOfPage":{"@id":"https:\/\/forbabyboss.com\/product\/baby-pram-folding-3in1-reversible-travel-system-pushchair-in-multicoloured\/#primaryimage"},"image":{"@id":"https:\/\/forbabyboss.com\/product\/baby-pram-folding-3in1-reversible-travel-system-pushchair-in-multicoloured\/#primaryimage"},"thumbnailUrl":"https:\/\/forbabyboss.com\/wp-content\/uploads\/2022\/09\/Pram-Buggy-Pushcair-3-in-1-Travel-System-Car-Seat-Bassinet-Folding-Reversible-Multicoloured.png","datePublished":"2022-09-11T16:37:41+00:00","dateModified":"2026-02-21T12:32:24+00:00","description":"Hopf\u00e4llbar 3-i-1-vagn med v\u00e4ndbart resesystem i flerf\u00e4rgad","breadcrumb":{"@id":"https:\/\/forbabyboss.com\/product\/baby-pram-folding-3in1-reversible-travel-system-pushchair-in-multicoloured\/#breadcrumb"},"inLanguage":"sv-SE","potentialAction":[{"@type":"ReadAction","target":["https:\/\/forbabyboss.com\/product\/baby-pram-folding-3in1-reversible-travel-system-pushchair-in-multicoloured\/"]}]},{"@type":"ImageObject","inLanguage":"sv-SE","@id":"https:\/\/forbabyboss.com\/product\/baby-pram-folding-3in1-reversible-travel-system-pushchair-in-multicoloured\/#primaryimage","url":"https:\/\/forbabyboss.com\/wp-content\/uploads\/2022\/09\/Pram-Buggy-Pushcair-3-in-1-Travel-System-Car-Seat-Bassinet-Folding-Reversible-Multicoloured.png","contentUrl":"https:\/\/forbabyboss.com\/wp-content\/uploads\/2022\/09\/Pram-Buggy-Pushcair-3-in-1-Travel-System-Car-Seat-Bassinet-Folding-Reversible-Multicoloured.png","width":1395,"height":900},{"@type":"BreadcrumbList","@id":"https:\/\/forbabyboss.com\/product\/baby-pram-folding-3in1-reversible-travel-system-pushchair-in-multicoloured\/#breadcrumb","itemListElement":[{"@type":"ListItem","position":1,"name":"Home","item":"https:\/\/forbabyboss.com\/"},{"@type":"ListItem","position":2,"name":"Shop","item":"https:\/\/forbabyboss.com\/shop\/"},{"@type":"ListItem","position":3,"name":"Baby Pram Folding 3in1 Reversible Travel System Pushchair in Multicoloured"}]},{"@type":"WebSite","@id":"https:\/\/powderblue-seahorse-496884.hostingersite.com\/#website","url":"https:\/\/powderblue-seahorse-496884.hostingersite.com\/","name":"F\u00f6r Baby Boss","description":"Vackra presenter och tillbeh\u00f6r till din babychef","potentialAction":[{"@type":"SearchAction","target":{"@type":"EntryPoint","urlTemplate":"https:\/\/powderblue-seahorse-496884.hostingersite.com\/?s={search_term_string}"},"query-input":{"@type":"PropertyValueSpecification","valueRequired":true,"valueName":"search_term_string"}}],"inLanguage":"sv-SE"}]}},"_links":{"self":[{"href":"https:\/\/forbabyboss.com\/sv\/wp-json\/wp\/v2\/product\/5302","targetHints":{"allow":["GET"]}}],"collection":[{"href":"https:\/\/forbabyboss.com\/sv\/wp-json\/wp\/v2\/product"}],"about":[{"href":"https:\/\/forbabyboss.com\/sv\/wp-json\/wp\/v2\/types\/product"}],"wp:featuredmedia":[{"embeddable":true,"href":"https:\/\/forbabyboss.com\/sv\/wp-json\/wp\/v2\/media\/5303"}],"wp:attachment":[{"href":"https:\/\/forbabyboss.com\/sv\/wp-json\/wp\/v2\/media?parent=5302"}],"wp:term":[{"taxonomy":"product_brand","embeddable":true,"href":"https:\/\/forbabyboss.com\/sv\/wp-json\/wp\/v2\/product_brand?post=5302"},{"taxonomy":"product_cat","embeddable":true,"href":"https:\/\/forbabyboss.com\/sv\/wp-json\/wp\/v2\/product_cat?post=5302"},{"taxonomy":"product_tag","embeddable":true,"href":"https:\/\/forbabyboss.com\/sv\/wp-json\/wp\/v2\/product_tag?post=5302"}],"curies":[{"name":"wp","href":"https:\/\/api.w.org\/{rel}","templated":true}]}}