{"id":5474,"date":"2022-09-13T12:05:07","date_gmt":"2022-09-13T12:05:07","guid":{"rendered":"http:\/\/forbabyboss.com\/?post_type=product&#038;p=5474"},"modified":"2026-02-21T11:56:40","modified_gmt":"2026-02-21T11:56:40","slug":"silverfargad-barnvagnsset-barnvagn-bilbarnstol-liggdel-3-i-1-resesystem-fran-fodseln","status":"publish","type":"product","link":"https:\/\/forbabyboss.com\/sv\/product\/silver-baby-pram-set-pushchair-car-seat-carrycot-3-in-1-travel-system-from-birth\/","title":{"rendered":"Silver Babyvagnsset Barnvagn Bilbarnstol Liggdel 3 i 1 Resesystem Fr\u00e5n F\u00f6dseln"},"content":{"rendered":"<h1><span style=\"color: #e14d43;\"><strong><span style=\"font-size: 115%;\">Uppt\u00e4ck det perfekta resesystemet som passar din familjs behov.<\/span><\/strong><\/span><\/h1>\n<p style=\"text-align: justify;\"><span style=\"color: #282828;\"><strong>Ett babytransportsystem \u00e4r en barnvagn eller sittvagn som \u00e4ven inkluderar en l\u00e4mplig bilbarnstol fr\u00e5n f\u00f6dseln. Bilbarnstolen f\u00e4sts p\u00e5 ramen p\u00e5 barnvagnen och sittvagnen, vilket inneb\u00e4r att om du har en sovande bebis beh\u00f6ver du inte st\u00f6ra barnet genom att ta ut hen \u2013 babyskyddet f\u00e4sts helt enkelt p\u00e5 barnvagnen. Experter rekommenderar att sp\u00e4dbarn ska sitta i bilbarnstolen i h\u00f6gst 90 minuter \u00e5t g\u00e5ngen, men f\u00f6r korta resor \u00e4r detta den perfekta l\u00f6sningen.<\/strong><\/span><\/p>\n<h3 style=\"text-align: justify;\"><span style=\"color: #e14d43;\"><strong><span style=\"font-size: 95%;\">Drag:<\/span><\/strong><\/span><\/h3>\n<p style=\"text-align: justify;\"><span style=\"color: #282828;\"><strong>- fram\u00e5t- och bak\u00e5tv\u00e4nt l\u00e4ge<\/strong><\/span><\/p>\n<p style=\"text-align: justify;\"><span style=\"color: #282828;\"><strong>-bils\u00e4te som kan f\u00e4stas p\u00e5 chassit<\/strong><\/span><\/p>\n<p style=\"text-align: justify;\"><span style=\"color: #282828;\"><strong>-ventilationsf\u00f6nster p\u00e5 baksidan av huven<\/strong><\/span><\/p>\n<p style=\"text-align: justify;\"><span style=\"color: #282828;\"><strong>-gondolen har mjukt foder som kan tas ur f\u00f6r tv\u00e4tt<\/strong><\/span><\/p>\n<p style=\"text-align: justify;\"><span style=\"color: #282828;\"><strong>- Gondol\u00f6verdraget kan lyftas upp f\u00f6r att skapa en vindf\u00e5ngare<\/strong><\/span><\/p>\n<p style=\"text-align: justify;\"><span style=\"color: #282828;\"><strong>-f\u00f6rl\u00e4ngd, avtagbar huva<\/strong><\/span><\/p>\n<p style=\"text-align: justify;\"><span style=\"color: #282828;\"><strong>-5-punkts s\u00e4kerhetssele<\/strong><\/span><\/p>\n<p style=\"text-align: justify;\"><span style=\"color: #282828;\"><strong>-laminerat fotst\u00f6d<\/strong><\/span><\/p>\n<p style=\"text-align: justify;\"><span style=\"color: #282828;\"><strong>- justerbart handtag i flera niv\u00e5er<\/strong><\/span><\/p>\n<p style=\"text-align: justify;\"><span style=\"color: #282828;\"><strong>-justerbar fj\u00e4dring<\/strong><\/span><\/p>\n<p style=\"text-align: justify;\"><span style=\"color: #282828;\"><strong>- robust ram<\/strong><\/span><\/p>\n<p style=\"text-align: justify;\"><span style=\"color: #282828;\"><strong>-justerbart benst\u00f6d och ryggst\u00f6d<\/strong><\/span><\/p>\n<p style=\"text-align: justify;\"><span style=\"color: #282828;\"><strong>-centralbroms EASY STOP<\/strong><\/span><\/p>\n<p style=\"text-align: justify;\"><span style=\"color: #282828;\"><strong>-stor shoppingkorg<\/strong><\/span><\/p>\n<p style=\"text-align: justify;\"><span style=\"color: #282828;\"><strong>- L\u00e4mplig f\u00f6r barnvagnar 0-3 \u00e5r<\/strong><\/span><\/p>\n<p style=\"text-align: justify;\"><span style=\"color: #282828;\"><strong>- Bilbarnstol upp till 10 kg<\/strong><\/span><\/p>\n<h3 style=\"text-align: justify;\"><span style=\"color: #e14d43;\"><strong><span style=\"font-size: 95%;\">Bilbarnstolens funktioner:<\/span><\/strong><\/span><\/h3>\n<div><span style=\"color: #282828;\"><strong>- extra insats f\u00f6r sp\u00e4dbarn<\/strong><\/span><\/div>\n<div><\/div>\n<div><span style=\"color: #282828;\"><strong>-justerbart handtag<\/strong><\/span><\/div>\n<div><\/div>\n<div><span style=\"color: #282828;\"><strong>- fotskydd<\/strong><\/span><\/div>\n<div><\/div>\n<div><span style=\"color: #282828;\"><strong>-avtagbar huva<\/strong><\/span><\/div>\n<div><\/div>\n<div><span style=\"color: #282828;\"><strong>-3-punkts s\u00e4kerhetsb\u00e4lten<\/strong><\/span><\/div>\n<div><\/div>\n<h3><span style=\"color: #e14d43;\"><strong><span style=\"font-size: 95%;\">Setet inneh\u00e5ller:<\/span><\/strong><\/span><\/h3>\n<div><\/div>\n<div><span style=\"color: #282828;\"><strong>-ram med handtag i ekologiskt l\u00e4der<\/strong><\/span><\/div>\n<div><\/div>\n<div>\n<div><span style=\"color: #282828;\"><strong>-gondol med justerbart ryggst\u00f6d<\/strong><\/span><\/div>\n<div><\/div>\n<div><span style=\"color: #282828;\"><strong>-s\u00e4tesenhet<\/strong><\/span><\/div>\n<div><\/div>\n<div><span style=\"color: #282828;\"><strong>-tv\u00e5 fotskydd (f\u00f6r barnvagn och gondol)<\/strong><\/span><\/div>\n<div><\/div>\n<div><span style=\"color: #282828;\"><strong>-multifunktionell bilbarnstol med adaptrar<\/strong><\/span><\/div>\n<div><\/div>\n<div><span style=\"color: #282828;\"><strong>-regnskydd<\/strong><\/span><\/div>\n<div><\/div>\n<div><span style=\"color: #282828;\"><strong>-myggn\u00e4t<\/strong><\/span><\/div>\n<div><\/div>\n<div><span style=\"color: #282828;\"><strong>-v\u00e4ska och sk\u00f6tb\u00e4dd<\/strong><\/span><\/div>\n<div><\/div>\n<div><span style=\"color: #282828;\"><strong>-luft- eller skumfyllda sv\u00e4nghjul<\/strong><\/span><\/div>\n<div><\/div>\n<div><span style=\"color: #282828;\"><strong>-flaskhandtag<\/strong><\/span><\/div>\n<div><\/div>\n<\/div>\n<div><span style=\"color: #282828;\"><strong>-stor ficka p\u00e5 baksidan av v\u00e4skan och tv\u00e5 sm\u00e5 p\u00e5 sidorna<\/strong><\/span><\/div>\n<div><\/div>\n<div><span style=\"color: #282828;\"><strong>Hopf\u00e4lld ram med hjul (l\u00e4ngd x bredd x h\u00f6jd): 85x60x40cm<\/strong><\/span><\/div>\n<div><\/div>\n<div><span style=\"color: #282828;\"><strong>Monterad barnvagn (h\u00f6jd x bredd x l\u00e4ngd): 115x60x95cm<\/strong><\/span><\/div>\n<div><\/div>\n<div><span style=\"color: #282828;\"><strong>Gondol inuti (bredd x l\u00e4ngd x h\u00f6jd): 36x80x20cm<\/strong><\/span><\/div>\n<div><\/div>\n<div><span style=\"color: #282828;\"><strong>Barnvagnens insida (bredd x ryggst\u00f6dets l\u00e4ngd x sitsens l\u00e4ngd x fotst\u00f6d)<\/strong><\/span><\/div>\n<div><\/div>\n<div><span style=\"color: #282828;\"><strong>l\u00e4ngd): 34x48x26x23 cm<\/strong><\/span><\/div>\n<div><\/div>\n<div><span style=\"color: #282828;\"><strong>Ram med hjul: 10 kg<\/strong><\/span><\/div>\n<div><\/div>\n<div><span style=\"color: #282828;\"><strong>Barnvagn: 15 kg<\/strong><\/span><\/div>\n<div><\/div>\n<div><span style=\"color: #282828;\"><strong>Djup barnvagn: 16 kg<\/strong><\/span><\/div>\n<div><\/div>\n<div><span style=\"color: #282828;\"><strong>R\u00e4ckvidd f\u00f6r reglerat handtag: 70 cm till 115 cm<\/strong><\/span><\/div>\n<div><\/div>\n<div>\n<div><span style=\"color: #282828;\"><strong>-barnvagn: EN 1888:2012 S\u00e4kerhetsgodk\u00e4nd<\/strong><\/span><\/div>\n<div><\/div>\n<div><span style=\"color: #282828;\"><strong>-bilbarnstol ECE 44-04 s\u00e4kerhetsgodk\u00e4nd\u00a0<\/strong><\/span><\/div>\n<div><\/div>\n<div><span style=\"color: #282828;\"><strong>-12 m\u00e5naders garanti<\/strong><\/span><\/div>\n<\/div>\n<div><\/div>\n<div><span style=\"color: #e14d43;\"><a href=\"http:\/\/forbabyboss.com\/wp-content\/uploads\/2022\/09\/checkout.png\"><img loading=\"lazy\" decoding=\"async\" class=\"alignnone wp-image-5965\" src=\"http:\/\/forbabyboss.com\/wp-content\/uploads\/2022\/09\/checkout.png\" alt=\"\" width=\"981\" height=\"361\" srcset=\"https:\/\/forbabyboss.com\/wp-content\/uploads\/2022\/09\/checkout.png 750w, https:\/\/forbabyboss.com\/wp-content\/uploads\/2022\/09\/checkout-600x221.png 600w\" sizes=\"auto, (max-width: 981px) 100vw, 981px\" \/><\/a><\/span><\/div>\n<p style=\"text-align: justify;\">","protected":false},"excerpt":{"rendered":"<p><a href=\"http:\/\/forbabyboss.com\/wp-content\/uploads\/2022\/09\/Star-Rating-5.png\"><img loading=\"lazy\" decoding=\"async\" class=\"alignnone size-full wp-image-5973 aligncenter\" src=\"http:\/\/forbabyboss.com\/wp-content\/uploads\/2022\/09\/Star-Rating-5.png\" alt=\"\" width=\"275\" height=\"45\" \/><\/a><\/p>\n<p style=\"text-align: center;\"><span style=\"color: #ed1c24; font-size: 120%;\"><b>PRISGARANTI<\/b><\/span><\/p>\n<p style=\"text-align: center;\"><span style=\"font-size: 115%;\"><span style=\"font-weight: 400; color: #4f4fa7;\">Fri leverans<\/span><span style=\"font-weight: 400;\"> \u2013 2\u20137 dagar<\/span><\/span><\/p>\n<p style=\"text-align: center;\"><strong><span style=\"color: #29606b;\">Gratis g\u00e5va vid k\u00f6p \u00f6ver 100 pund<\/span><\/strong><\/p>","protected":false},"featured_media":5476,"template":"","meta":[],"product_brand":[370],"product_cat":[336,339,156,305,130,209,221,211],"product_tag":[163,199],"class_list":{"0":"post-5474","1":"product","2":"type-product","3":"status-publish","4":"has-post-thumbnail","6":"product_brand-babylux","7":"product_cat-400-to-500","8":"product_cat-700-to-800","9":"product_cat-3-in-1","10":"product_cat-colour","11":"product_cat-prams","12":"product_cat-push-chairs","13":"product_cat-silver-colour","14":"product_cat-stroller","15":"product_tag-3-in-1-prams","16":"product_tag-prams","18":"first","19":"instock","20":"sale","21":"shipping-taxable","22":"purchasable","23":"product-type-simple"},"yoast_head":"<!-- This site is optimized with the Yoast SEO plugin v27.5 - https:\/\/yoast.com\/product\/yoast-seo-wordpress\/ -->\n<title>Silver Baby Pram Set Pushchair Car Seat Carrycot 3 in 1 Travel System From Birth - For Baby Boss<\/title>\n<meta name=\"description\" content=\"Silver Baby Pram Set Pushchair Car Seat Carrycot 3 in 1 Travel System From Birth\" \/>\n<meta name=\"robots\" content=\"index, follow, max-snippet:-1, max-image-preview:large, max-video-preview:-1\" \/>\n<link rel=\"canonical\" href=\"https:\/\/forbabyboss.com\/sv\/produkt\/silverfargad-barnvagnsset-barnvagn-bilbarnstol-liggdel-3-i-1-resesystem-fran-fodseln\/\" \/>\n<meta property=\"og:locale\" content=\"sv_SE\" \/>\n<meta property=\"og:type\" content=\"article\" \/>\n<meta property=\"og:title\" content=\"Silver Baby Pram Set Pushchair Car Seat Carrycot 3 in 1 Travel System From Birth - For Baby Boss\" \/>\n<meta property=\"og:description\" content=\"Silver Baby Pram Set Pushchair Car Seat Carrycot 3 in 1 Travel System From Birth\" \/>\n<meta property=\"og:url\" content=\"https:\/\/forbabyboss.com\/sv\/produkt\/silverfargad-barnvagnsset-barnvagn-bilbarnstol-liggdel-3-i-1-resesystem-fran-fodseln\/\" \/>\n<meta property=\"og:site_name\" content=\"For Baby Boss\" \/>\n<meta property=\"article:modified_time\" content=\"2026-02-21T11:56:40+00:00\" \/>\n<meta property=\"og:image\" content=\"https:\/\/forbabyboss.com\/wp-content\/uploads\/2022\/09\/Baby-Buggy-Pram-Set-Pushchair-Car-Seat-Carrycot-3-in-1-Travel-System-From-Birth-Silver-main.png\" \/>\n\t<meta property=\"og:image:width\" content=\"1600\" \/>\n\t<meta property=\"og:image:height\" content=\"1600\" \/>\n\t<meta property=\"og:image:type\" content=\"image\/png\" \/>\n<meta name=\"twitter:card\" content=\"summary_large_image\" \/>\n<meta name=\"twitter:label1\" content=\"Ber\u00e4knad l\u00e4stid\" \/>\n\t<meta name=\"twitter:data1\" content=\"2 minuter\" \/>\n<script type=\"application\/ld+json\" class=\"yoast-schema-graph\">{\"@context\":\"https:\\\/\\\/schema.org\",\"@graph\":[{\"@type\":\"WebPage\",\"@id\":\"https:\\\/\\\/forbabyboss.com\\\/product\\\/silver-baby-pram-set-pushchair-car-seat-carrycot-3-in-1-travel-system-from-birth\\\/\",\"url\":\"https:\\\/\\\/forbabyboss.com\\\/product\\\/silver-baby-pram-set-pushchair-car-seat-carrycot-3-in-1-travel-system-from-birth\\\/\",\"name\":\"Silver Baby Pram Set Pushchair Car Seat Carrycot 3 in 1 Travel System From Birth - For Baby Boss\",\"isPartOf\":{\"@id\":\"https:\\\/\\\/powderblue-seahorse-496884.hostingersite.com\\\/#website\"},\"primaryImageOfPage\":{\"@id\":\"https:\\\/\\\/forbabyboss.com\\\/product\\\/silver-baby-pram-set-pushchair-car-seat-carrycot-3-in-1-travel-system-from-birth\\\/#primaryimage\"},\"image\":{\"@id\":\"https:\\\/\\\/forbabyboss.com\\\/product\\\/silver-baby-pram-set-pushchair-car-seat-carrycot-3-in-1-travel-system-from-birth\\\/#primaryimage\"},\"thumbnailUrl\":\"https:\\\/\\\/forbabyboss.com\\\/wp-content\\\/uploads\\\/2022\\\/09\\\/Baby-Buggy-Pram-Set-Pushchair-Car-Seat-Carrycot-3-in-1-Travel-System-From-Birth-Silver-main.png\",\"datePublished\":\"2022-09-13T12:05:07+00:00\",\"dateModified\":\"2026-02-21T11:56:40+00:00\",\"description\":\"Silver Baby Pram Set Pushchair Car Seat Carrycot 3 in 1 Travel System From Birth\",\"breadcrumb\":{\"@id\":\"https:\\\/\\\/forbabyboss.com\\\/product\\\/silver-baby-pram-set-pushchair-car-seat-carrycot-3-in-1-travel-system-from-birth\\\/#breadcrumb\"},\"inLanguage\":\"sv-SE\",\"potentialAction\":[{\"@type\":\"ReadAction\",\"target\":[\"https:\\\/\\\/forbabyboss.com\\\/product\\\/silver-baby-pram-set-pushchair-car-seat-carrycot-3-in-1-travel-system-from-birth\\\/\"]}]},{\"@type\":\"ImageObject\",\"inLanguage\":\"sv-SE\",\"@id\":\"https:\\\/\\\/forbabyboss.com\\\/product\\\/silver-baby-pram-set-pushchair-car-seat-carrycot-3-in-1-travel-system-from-birth\\\/#primaryimage\",\"url\":\"https:\\\/\\\/forbabyboss.com\\\/wp-content\\\/uploads\\\/2022\\\/09\\\/Baby-Buggy-Pram-Set-Pushchair-Car-Seat-Carrycot-3-in-1-Travel-System-From-Birth-Silver-main.png\",\"contentUrl\":\"https:\\\/\\\/forbabyboss.com\\\/wp-content\\\/uploads\\\/2022\\\/09\\\/Baby-Buggy-Pram-Set-Pushchair-Car-Seat-Carrycot-3-in-1-Travel-System-From-Birth-Silver-main.png\",\"width\":1600,\"height\":1600},{\"@type\":\"BreadcrumbList\",\"@id\":\"https:\\\/\\\/forbabyboss.com\\\/product\\\/silver-baby-pram-set-pushchair-car-seat-carrycot-3-in-1-travel-system-from-birth\\\/#breadcrumb\",\"itemListElement\":[{\"@type\":\"ListItem\",\"position\":1,\"name\":\"Home\",\"item\":\"https:\\\/\\\/forbabyboss.com\\\/\"},{\"@type\":\"ListItem\",\"position\":2,\"name\":\"Shop\",\"item\":\"https:\\\/\\\/forbabyboss.com\\\/shop\\\/\"},{\"@type\":\"ListItem\",\"position\":3,\"name\":\"Silver Baby Pram Set Pushchair Car Seat Carrycot 3 in 1 Travel System From Birth\"}]},{\"@type\":\"WebSite\",\"@id\":\"https:\\\/\\\/powderblue-seahorse-496884.hostingersite.com\\\/#website\",\"url\":\"https:\\\/\\\/powderblue-seahorse-496884.hostingersite.com\\\/\",\"name\":\"For Baby Boss\",\"description\":\"Beautiful gifts and accessories for your baby boss\",\"potentialAction\":[{\"@type\":\"SearchAction\",\"target\":{\"@type\":\"EntryPoint\",\"urlTemplate\":\"https:\\\/\\\/powderblue-seahorse-496884.hostingersite.com\\\/?s={search_term_string}\"},\"query-input\":{\"@type\":\"PropertyValueSpecification\",\"valueRequired\":true,\"valueName\":\"search_term_string\"}}],\"inLanguage\":\"sv-SE\"}]}<\/script>\n<!-- \/ Yoast SEO plugin. -->","yoast_head_json":{"title":"Silver Babyvagnsset Barnvagn Bilbarnstol Liggdel 3 i 1 Resesystem Fr\u00e5n F\u00f6dseln - F\u00f6r Baby Boss","description":"Silver Babyvagnsset Barnvagn Bilbarnstol Liggdel 3 i 1 Resesystem Fr\u00e5n F\u00f6dseln","robots":{"index":"index","follow":"follow","max-snippet":"max-snippet:-1","max-image-preview":"max-image-preview:large","max-video-preview":"max-video-preview:-1"},"canonical":"https:\/\/forbabyboss.com\/sv\/produkt\/silverfargad-barnvagnsset-barnvagn-bilbarnstol-liggdel-3-i-1-resesystem-fran-fodseln\/","og_locale":"sv_SE","og_type":"article","og_title":"Silver Baby Pram Set Pushchair Car Seat Carrycot 3 in 1 Travel System From Birth - For Baby Boss","og_description":"Silver Baby Pram Set Pushchair Car Seat Carrycot 3 in 1 Travel System From Birth","og_url":"https:\/\/forbabyboss.com\/sv\/produkt\/silverfargad-barnvagnsset-barnvagn-bilbarnstol-liggdel-3-i-1-resesystem-fran-fodseln\/","og_site_name":"For Baby Boss","article_modified_time":"2026-02-21T11:56:40+00:00","og_image":[{"width":1600,"height":1600,"url":"https:\/\/forbabyboss.com\/wp-content\/uploads\/2022\/09\/Baby-Buggy-Pram-Set-Pushchair-Car-Seat-Carrycot-3-in-1-Travel-System-From-Birth-Silver-main.png","type":"image\/png"}],"twitter_card":"summary_large_image","twitter_misc":{"Ber\u00e4knad l\u00e4stid":"2 minuter"},"schema":{"@context":"https:\/\/schema.org","@graph":[{"@type":"WebPage","@id":"https:\/\/forbabyboss.com\/product\/silver-baby-pram-set-pushchair-car-seat-carrycot-3-in-1-travel-system-from-birth\/","url":"https:\/\/forbabyboss.com\/product\/silver-baby-pram-set-pushchair-car-seat-carrycot-3-in-1-travel-system-from-birth\/","name":"Silver Babyvagnsset Barnvagn Bilbarnstol Liggdel 3 i 1 Resesystem Fr\u00e5n F\u00f6dseln - F\u00f6r Baby Boss","isPartOf":{"@id":"https:\/\/powderblue-seahorse-496884.hostingersite.com\/#website"},"primaryImageOfPage":{"@id":"https:\/\/forbabyboss.com\/product\/silver-baby-pram-set-pushchair-car-seat-carrycot-3-in-1-travel-system-from-birth\/#primaryimage"},"image":{"@id":"https:\/\/forbabyboss.com\/product\/silver-baby-pram-set-pushchair-car-seat-carrycot-3-in-1-travel-system-from-birth\/#primaryimage"},"thumbnailUrl":"https:\/\/forbabyboss.com\/wp-content\/uploads\/2022\/09\/Baby-Buggy-Pram-Set-Pushchair-Car-Seat-Carrycot-3-in-1-Travel-System-From-Birth-Silver-main.png","datePublished":"2022-09-13T12:05:07+00:00","dateModified":"2026-02-21T11:56:40+00:00","description":"Silver Babyvagnsset Barnvagn Bilbarnstol Liggdel 3 i 1 Resesystem Fr\u00e5n F\u00f6dseln","breadcrumb":{"@id":"https:\/\/forbabyboss.com\/product\/silver-baby-pram-set-pushchair-car-seat-carrycot-3-in-1-travel-system-from-birth\/#breadcrumb"},"inLanguage":"sv-SE","potentialAction":[{"@type":"ReadAction","target":["https:\/\/forbabyboss.com\/product\/silver-baby-pram-set-pushchair-car-seat-carrycot-3-in-1-travel-system-from-birth\/"]}]},{"@type":"ImageObject","inLanguage":"sv-SE","@id":"https:\/\/forbabyboss.com\/product\/silver-baby-pram-set-pushchair-car-seat-carrycot-3-in-1-travel-system-from-birth\/#primaryimage","url":"https:\/\/forbabyboss.com\/wp-content\/uploads\/2022\/09\/Baby-Buggy-Pram-Set-Pushchair-Car-Seat-Carrycot-3-in-1-Travel-System-From-Birth-Silver-main.png","contentUrl":"https:\/\/forbabyboss.com\/wp-content\/uploads\/2022\/09\/Baby-Buggy-Pram-Set-Pushchair-Car-Seat-Carrycot-3-in-1-Travel-System-From-Birth-Silver-main.png","width":1600,"height":1600},{"@type":"BreadcrumbList","@id":"https:\/\/forbabyboss.com\/product\/silver-baby-pram-set-pushchair-car-seat-carrycot-3-in-1-travel-system-from-birth\/#breadcrumb","itemListElement":[{"@type":"ListItem","position":1,"name":"Home","item":"https:\/\/forbabyboss.com\/"},{"@type":"ListItem","position":2,"name":"Shop","item":"https:\/\/forbabyboss.com\/shop\/"},{"@type":"ListItem","position":3,"name":"Silver Baby Pram Set Pushchair Car Seat Carrycot 3 in 1 Travel System From Birth"}]},{"@type":"WebSite","@id":"https:\/\/powderblue-seahorse-496884.hostingersite.com\/#website","url":"https:\/\/powderblue-seahorse-496884.hostingersite.com\/","name":"F\u00f6r Baby Boss","description":"Vackra presenter och tillbeh\u00f6r till din babychef","potentialAction":[{"@type":"SearchAction","target":{"@type":"EntryPoint","urlTemplate":"https:\/\/powderblue-seahorse-496884.hostingersite.com\/?s={search_term_string}"},"query-input":{"@type":"PropertyValueSpecification","valueRequired":true,"valueName":"search_term_string"}}],"inLanguage":"sv-SE"}]}},"_links":{"self":[{"href":"https:\/\/forbabyboss.com\/sv\/wp-json\/wp\/v2\/product\/5474","targetHints":{"allow":["GET"]}}],"collection":[{"href":"https:\/\/forbabyboss.com\/sv\/wp-json\/wp\/v2\/product"}],"about":[{"href":"https:\/\/forbabyboss.com\/sv\/wp-json\/wp\/v2\/types\/product"}],"wp:featuredmedia":[{"embeddable":true,"href":"https:\/\/forbabyboss.com\/sv\/wp-json\/wp\/v2\/media\/5476"}],"wp:attachment":[{"href":"https:\/\/forbabyboss.com\/sv\/wp-json\/wp\/v2\/media?parent=5474"}],"wp:term":[{"taxonomy":"product_brand","embeddable":true,"href":"https:\/\/forbabyboss.com\/sv\/wp-json\/wp\/v2\/product_brand?post=5474"},{"taxonomy":"product_cat","embeddable":true,"href":"https:\/\/forbabyboss.com\/sv\/wp-json\/wp\/v2\/product_cat?post=5474"},{"taxonomy":"product_tag","embeddable":true,"href":"https:\/\/forbabyboss.com\/sv\/wp-json\/wp\/v2\/product_tag?post=5474"}],"curies":[{"name":"wp","href":"https:\/\/api.w.org\/{rel}","templated":true}]}}