{"id":5482,"date":"2022-09-24T17:13:42","date_gmt":"2022-09-24T17:13:42","guid":{"rendered":"http:\/\/forbabyboss.com\/?post_type=product&#038;p=5482"},"modified":"2026-02-21T09:06:11","modified_gmt":"2026-02-21T09:06:11","slug":"barnvagn-3-i-1-resesystemset-bilbarnstol-barnvagn-rosa","status":"publish","type":"product","link":"https:\/\/forbabyboss.com\/sv\/product\/stroller-3in1-travel-system-set-car-seat-stroller-pink\/","title":{"rendered":"Barnvagn 3-i-1 Resesystem Set Bilbarnstol Barnvagn \u2013 Rosa"},"content":{"rendered":"<h2><span style=\"color: #e14d43;\"><strong>Drag:<\/strong><\/span><\/h2>\n<ul>\n<li style=\"font-weight: 400;\"><span style=\"color: #282828;\"><strong>Fram\u00e5t- och bak\u00e5tv\u00e4nt l\u00e4ge<\/strong><\/span><\/li>\n<li style=\"font-weight: 400;\"><span style=\"color: #282828;\"><strong>n\u00e4tf\u00f6nster p\u00e5 baksidan av huven<\/strong><\/span><\/li>\n<li style=\"font-weight: 400;\"><span style=\"color: #282828;\"><strong>Gondolen har mjukt foder som kan tas bort f\u00f6r tv\u00e4tt<\/strong><\/span><\/li>\n<li style=\"font-weight: 400;\"><span style=\"color: #282828;\"><strong>Gondol\u00f6verdraget kan lyftas upp f\u00f6r att skapa vindf\u00e5ngare<\/strong><\/span><\/li>\n<li style=\"font-weight: 400;\"><span style=\"color: #282828;\"><strong>f\u00f6rl\u00e4ngd huva<\/strong><\/span><\/li>\n<li style=\"font-weight: 400;\"><span style=\"color: #282828;\"><strong>barnvagnen \u00e4r utrustad med 5-punkts s\u00e4kerhetsb\u00e4lten<\/strong><\/span><\/li>\n<li style=\"font-weight: 400;\"><span style=\"color: #282828;\"><strong>fotst\u00f6d och s\u00e4kerhetsst\u00e5ng kl\u00e4dda i eko-l\u00e4der<\/strong><\/span><\/li>\n<li style=\"font-weight: 400;\"><span style=\"color: #282828;\"><strong>Flerniv\u00e5justerbart handtag<\/strong><\/span><\/li>\n<li style=\"font-weight: 400;\"><span style=\"color: #282828;\"><strong>Justerbar fj\u00e4dring<\/strong><\/span><\/li>\n<li style=\"font-weight: 400;\"><span style=\"color: #282828;\"><strong>Justerbart ben- och ryggst\u00f6d<\/strong><\/span><\/li>\n<li style=\"font-weight: 400;\"><span style=\"color: #282828;\"><strong>Robust ram<\/strong><\/span><\/li>\n<li style=\"font-weight: 400;\"><span style=\"color: #282828;\"><strong>Centralbroms EASY STOP<\/strong><\/span><\/li>\n<li style=\"font-weight: 400;\"><span style=\"color: #282828;\"><strong>Stor varukorg<\/strong><\/span><\/li>\n<\/ul>\n<h2><span style=\"color: #e14d43;\"><strong>Bilbarnstolens funktioner:<\/strong><\/span><\/h2>\n<ul>\n<li style=\"font-weight: 400;\"><span style=\"color: #282828;\"><strong>extra insats f\u00f6r sp\u00e4dbarn<\/strong><\/span><\/li>\n<li style=\"font-weight: 400;\"><span style=\"color: #282828;\"><strong>justerbart handtag<\/strong><\/span><\/li>\n<li style=\"font-weight: 400;\"><span style=\"color: #282828;\"><strong>t\u00e4cka<\/strong><\/span><\/li>\n<li style=\"font-weight: 400;\"><span style=\"color: #282828;\"><strong>avtagbar huva<\/strong><\/span><\/li>\n<li style=\"font-weight: 400;\"><span style=\"color: #282828;\"><strong>3-punkts s\u00e4kerhetsb\u00e4lten<\/strong><\/span><\/li>\n<\/ul>\n<h2><span style=\"color: #e14d43;\"><strong>Utrustning:<\/strong><\/span><\/h2>\n<ul>\n<li style=\"font-weight: 400;\"><span style=\"color: #282828;\"><strong>ram med handtag i ekol\u00e4der<\/strong><\/span><\/li>\n<li style=\"font-weight: 400;\"><span style=\"color: #282828;\"><strong>gondol med justerbart ryggst\u00f6d<\/strong><\/span><\/li>\n<li style=\"font-weight: 400;\"><span style=\"color: #282828;\"><strong>Barnvagn<\/strong><\/span><\/li>\n<li style=\"font-weight: 400;\"><span style=\"color: #282828;\"><strong>tv\u00e5 \u00f6verdrag (f\u00f6r barnvagn och gondol)<\/strong><\/span><\/li>\n<li style=\"font-weight: 400;\"><span style=\"color: #282828;\"><strong>multifunktionell bilbarnstol med adaptrar<\/strong><\/span><\/li>\n<li style=\"font-weight: 400;\"><span style=\"color: #282828;\"><strong>regnskydd<\/strong><\/span><\/li>\n<li style=\"font-weight: 400;\"><span style=\"color: #282828;\"><strong>myggn\u00e4t<\/strong><\/span><\/li>\n<li style=\"font-weight: 400;\"><span style=\"color: #282828;\"><strong>luftfyllda sv\u00e4nghjul<\/strong><\/span><\/li>\n<li style=\"font-weight: 400;\"><span style=\"color: #282828;\"><strong>stor ficka p\u00e5 baksidan av v\u00e4skan och tv\u00e5 sm\u00e5 p\u00e5 sidorna<\/strong><\/span><\/li>\n<li style=\"font-weight: 400;\"><span style=\"color: #282828;\"><strong>Hopf\u00e4lld ram med hjul (l\u00e4ngd x bredd x h\u00f6jd): 85x60x40cm<\/strong><\/span><\/li>\n<li style=\"font-weight: 400;\"><span style=\"color: #282828;\"><strong>Monterad barnvagn (h\u00f6jd x bredd x l\u00e4ngd): 115x60x95cm<\/strong><\/span><\/li>\n<li style=\"font-weight: 400;\"><span style=\"color: #282828;\"><strong>Gondol inuti (bredd x l\u00e4ngd x h\u00f6jd): 36x80x20cm<\/strong><\/span><\/li>\n<li style=\"font-weight: 400;\"><span style=\"color: #282828;\"><strong>Barnvagnens insida (bredd x ryggst\u00f6dets l\u00e4ngd x sitsl\u00e4ngd x fotst\u00f6dets l\u00e4ngd): 34x48x26x23 cm<\/strong><\/span><\/li>\n<li style=\"font-weight: 400;\"><span style=\"color: #282828;\"><strong>Ram med hjul: 10 kg<\/strong><\/span><\/li>\n<li style=\"font-weight: 400;\"><span style=\"color: #282828;\"><strong>Barnvagn: 15 kg<\/strong><\/span><\/li>\n<li style=\"font-weight: 400;\"><span style=\"color: #282828;\"><strong>Djup barnvagn: 16 kg<\/strong><\/span><\/li>\n<li style=\"font-weight: 400;\"><span style=\"color: #282828;\"><strong>R\u00e4ckvidd f\u00f6r reglerat handtag: 70 cm till 115 cm<\/strong><\/span><\/li>\n<li style=\"font-weight: 400;\"><span style=\"color: #282828;\"><strong>12 m\u00e5naders garanti<\/strong><\/span><\/li>\n<\/ul>\n<p><span style=\"color: #282828;\"><strong><a style=\"color: #282828;\" href=\"http:\/\/forbabyboss.com\/wp-content\/uploads\/2022\/09\/checkout.png\"><img loading=\"lazy\" decoding=\"async\" class=\"alignnone wp-image-5965\" src=\"http:\/\/forbabyboss.com\/wp-content\/uploads\/2022\/09\/checkout.png\" alt=\"\" width=\"1030\" height=\"379\" srcset=\"https:\/\/forbabyboss.com\/wp-content\/uploads\/2022\/09\/checkout.png 750w, https:\/\/forbabyboss.com\/wp-content\/uploads\/2022\/09\/checkout-600x221.png 600w\" sizes=\"auto, (max-width: 1030px) 100vw, 1030px\" \/><\/a><\/strong><\/span><\/p>","protected":false},"excerpt":{"rendered":"<p><a href=\"http:\/\/forbabyboss.com\/wp-content\/uploads\/2022\/09\/Star-Rating-5.png\"><img loading=\"lazy\" decoding=\"async\" class=\"alignnone size-full wp-image-5973 aligncenter\" src=\"http:\/\/forbabyboss.com\/wp-content\/uploads\/2022\/09\/Star-Rating-5.png\" alt=\"\" width=\"275\" height=\"45\" \/><\/a><\/p>\n<p style=\"text-align: center;\"><span style=\"color: #ed1c24; font-size: 120%;\"><b>PRISGARANTI<\/b><\/span><\/p>\n<p style=\"text-align: center;\"><span style=\"font-size: 115%;\"><span style=\"font-weight: 400; color: #4f4fa7;\">Fri leverans<\/span><span style=\"font-weight: 400;\"> \u2013 2\u20137 dagar<\/span><\/span><\/p>\n<p style=\"text-align: center;\"><strong><span style=\"color: #29606b;\">Gratis g\u00e5va vid k\u00f6p \u00f6ver 100 pund<\/span><\/strong><\/p>","protected":false},"featured_media":5487,"template":"","meta":[],"product_brand":[370],"product_cat":[337,339,156,305,303,215,130,209,211],"product_tag":[163,199],"class_list":{"0":"post-5482","1":"product","2":"type-product","3":"status-publish","4":"has-post-thumbnail","6":"product_brand-babylux","7":"product_cat-500-to-600","8":"product_cat-700-to-800","9":"product_cat-3-in-1","10":"product_cat-colour","11":"product_cat-pattern","12":"product_cat-pink","13":"product_cat-prams","14":"product_cat-push-chairs","15":"product_cat-stroller","16":"product_tag-3-in-1-prams","17":"product_tag-prams","19":"first","20":"instock","21":"sale","22":"shipping-taxable","23":"purchasable","24":"product-type-simple"},"yoast_head":"<!-- This site is optimized with the Yoast SEO plugin v27.5 - https:\/\/yoast.com\/product\/yoast-seo-wordpress\/ -->\n<title>Stroller 3in1 Travel System Set Car Seat Stroller - Pink - For Baby Boss<\/title>\n<meta name=\"description\" content=\"Stroller 3in1 Travel System Set Car Seat Stroller - Pink\" \/>\n<meta name=\"robots\" content=\"index, follow, max-snippet:-1, max-image-preview:large, max-video-preview:-1\" \/>\n<link rel=\"canonical\" href=\"https:\/\/forbabyboss.com\/sv\/produkt\/barnvagn-3-i-1-resesystemset-bilbarnstol-barnvagn-rosa\/\" \/>\n<meta property=\"og:locale\" content=\"sv_SE\" \/>\n<meta property=\"og:type\" content=\"article\" \/>\n<meta property=\"og:title\" content=\"Stroller 3in1 Travel System Set Car Seat Stroller - Pink - For Baby Boss\" \/>\n<meta property=\"og:description\" content=\"Stroller 3in1 Travel System Set Car Seat Stroller - Pink\" \/>\n<meta property=\"og:url\" content=\"https:\/\/forbabyboss.com\/sv\/produkt\/barnvagn-3-i-1-resesystemset-bilbarnstol-barnvagn-rosa\/\" \/>\n<meta property=\"og:site_name\" content=\"For Baby Boss\" \/>\n<meta property=\"article:modified_time\" content=\"2026-02-21T09:06:11+00:00\" \/>\n<meta property=\"og:image\" content=\"https:\/\/forbabyboss.com\/wp-content\/uploads\/2022\/09\/Baby-Pushchair-Buggy-Pram-Set-3-in-1-Travel-System-Car-Seat-Stroller-From-Birth-Pink-main.jpg\" \/>\n\t<meta property=\"og:image:width\" content=\"1600\" \/>\n\t<meta property=\"og:image:height\" content=\"1600\" \/>\n\t<meta property=\"og:image:type\" content=\"image\/jpeg\" \/>\n<meta name=\"twitter:card\" content=\"summary_large_image\" \/>\n<meta name=\"twitter:label1\" content=\"Ber\u00e4knad l\u00e4stid\" \/>\n\t<meta name=\"twitter:data1\" content=\"2 minuter\" \/>\n<script type=\"application\/ld+json\" class=\"yoast-schema-graph\">{\"@context\":\"https:\\\/\\\/schema.org\",\"@graph\":[{\"@type\":\"WebPage\",\"@id\":\"https:\\\/\\\/forbabyboss.com\\\/product\\\/stroller-3in1-travel-system-set-car-seat-stroller-pink\\\/\",\"url\":\"https:\\\/\\\/forbabyboss.com\\\/product\\\/stroller-3in1-travel-system-set-car-seat-stroller-pink\\\/\",\"name\":\"Stroller 3in1 Travel System Set Car Seat Stroller - Pink - For Baby Boss\",\"isPartOf\":{\"@id\":\"https:\\\/\\\/powderblue-seahorse-496884.hostingersite.com\\\/#website\"},\"primaryImageOfPage\":{\"@id\":\"https:\\\/\\\/forbabyboss.com\\\/product\\\/stroller-3in1-travel-system-set-car-seat-stroller-pink\\\/#primaryimage\"},\"image\":{\"@id\":\"https:\\\/\\\/forbabyboss.com\\\/product\\\/stroller-3in1-travel-system-set-car-seat-stroller-pink\\\/#primaryimage\"},\"thumbnailUrl\":\"https:\\\/\\\/forbabyboss.com\\\/wp-content\\\/uploads\\\/2022\\\/09\\\/Baby-Pushchair-Buggy-Pram-Set-3-in-1-Travel-System-Car-Seat-Stroller-From-Birth-Pink-main.jpg\",\"datePublished\":\"2022-09-24T17:13:42+00:00\",\"dateModified\":\"2026-02-21T09:06:11+00:00\",\"description\":\"Stroller 3in1 Travel System Set Car Seat Stroller - Pink\",\"breadcrumb\":{\"@id\":\"https:\\\/\\\/forbabyboss.com\\\/product\\\/stroller-3in1-travel-system-set-car-seat-stroller-pink\\\/#breadcrumb\"},\"inLanguage\":\"sv-SE\",\"potentialAction\":[{\"@type\":\"ReadAction\",\"target\":[\"https:\\\/\\\/forbabyboss.com\\\/product\\\/stroller-3in1-travel-system-set-car-seat-stroller-pink\\\/\"]}]},{\"@type\":\"ImageObject\",\"inLanguage\":\"sv-SE\",\"@id\":\"https:\\\/\\\/forbabyboss.com\\\/product\\\/stroller-3in1-travel-system-set-car-seat-stroller-pink\\\/#primaryimage\",\"url\":\"https:\\\/\\\/forbabyboss.com\\\/wp-content\\\/uploads\\\/2022\\\/09\\\/Baby-Pushchair-Buggy-Pram-Set-3-in-1-Travel-System-Car-Seat-Stroller-From-Birth-Pink-main.jpg\",\"contentUrl\":\"https:\\\/\\\/forbabyboss.com\\\/wp-content\\\/uploads\\\/2022\\\/09\\\/Baby-Pushchair-Buggy-Pram-Set-3-in-1-Travel-System-Car-Seat-Stroller-From-Birth-Pink-main.jpg\",\"width\":1600,\"height\":1600},{\"@type\":\"BreadcrumbList\",\"@id\":\"https:\\\/\\\/forbabyboss.com\\\/product\\\/stroller-3in1-travel-system-set-car-seat-stroller-pink\\\/#breadcrumb\",\"itemListElement\":[{\"@type\":\"ListItem\",\"position\":1,\"name\":\"Home\",\"item\":\"https:\\\/\\\/forbabyboss.com\\\/\"},{\"@type\":\"ListItem\",\"position\":2,\"name\":\"Shop\",\"item\":\"https:\\\/\\\/forbabyboss.com\\\/shop\\\/\"},{\"@type\":\"ListItem\",\"position\":3,\"name\":\"Stroller 3in1 Travel System Set Car Seat Stroller &#8211; Pink\"}]},{\"@type\":\"WebSite\",\"@id\":\"https:\\\/\\\/powderblue-seahorse-496884.hostingersite.com\\\/#website\",\"url\":\"https:\\\/\\\/powderblue-seahorse-496884.hostingersite.com\\\/\",\"name\":\"For Baby Boss\",\"description\":\"Beautiful gifts and accessories for your baby boss\",\"potentialAction\":[{\"@type\":\"SearchAction\",\"target\":{\"@type\":\"EntryPoint\",\"urlTemplate\":\"https:\\\/\\\/powderblue-seahorse-496884.hostingersite.com\\\/?s={search_term_string}\"},\"query-input\":{\"@type\":\"PropertyValueSpecification\",\"valueRequired\":true,\"valueName\":\"search_term_string\"}}],\"inLanguage\":\"sv-SE\"}]}<\/script>\n<!-- \/ Yoast SEO plugin. -->","yoast_head_json":{"title":"Barnvagn 3-i-1 Resesystem Set Bilbarnstol Barnvagn - Rosa - F\u00f6r Baby Boss","description":"Barnvagn 3-i-1 Resesystem Set Bilbarnstol Barnvagn - Rosa","robots":{"index":"index","follow":"follow","max-snippet":"max-snippet:-1","max-image-preview":"max-image-preview:large","max-video-preview":"max-video-preview:-1"},"canonical":"https:\/\/forbabyboss.com\/sv\/produkt\/barnvagn-3-i-1-resesystemset-bilbarnstol-barnvagn-rosa\/","og_locale":"sv_SE","og_type":"article","og_title":"Stroller 3in1 Travel System Set Car Seat Stroller - Pink - For Baby Boss","og_description":"Stroller 3in1 Travel System Set Car Seat Stroller - Pink","og_url":"https:\/\/forbabyboss.com\/sv\/produkt\/barnvagn-3-i-1-resesystemset-bilbarnstol-barnvagn-rosa\/","og_site_name":"For Baby Boss","article_modified_time":"2026-02-21T09:06:11+00:00","og_image":[{"width":1600,"height":1600,"url":"https:\/\/forbabyboss.com\/wp-content\/uploads\/2022\/09\/Baby-Pushchair-Buggy-Pram-Set-3-in-1-Travel-System-Car-Seat-Stroller-From-Birth-Pink-main.jpg","type":"image\/jpeg"}],"twitter_card":"summary_large_image","twitter_misc":{"Ber\u00e4knad l\u00e4stid":"2 minuter"},"schema":{"@context":"https:\/\/schema.org","@graph":[{"@type":"WebPage","@id":"https:\/\/forbabyboss.com\/product\/stroller-3in1-travel-system-set-car-seat-stroller-pink\/","url":"https:\/\/forbabyboss.com\/product\/stroller-3in1-travel-system-set-car-seat-stroller-pink\/","name":"Barnvagn 3-i-1 Resesystem Set Bilbarnstol Barnvagn - Rosa - F\u00f6r Baby Boss","isPartOf":{"@id":"https:\/\/powderblue-seahorse-496884.hostingersite.com\/#website"},"primaryImageOfPage":{"@id":"https:\/\/forbabyboss.com\/product\/stroller-3in1-travel-system-set-car-seat-stroller-pink\/#primaryimage"},"image":{"@id":"https:\/\/forbabyboss.com\/product\/stroller-3in1-travel-system-set-car-seat-stroller-pink\/#primaryimage"},"thumbnailUrl":"https:\/\/forbabyboss.com\/wp-content\/uploads\/2022\/09\/Baby-Pushchair-Buggy-Pram-Set-3-in-1-Travel-System-Car-Seat-Stroller-From-Birth-Pink-main.jpg","datePublished":"2022-09-24T17:13:42+00:00","dateModified":"2026-02-21T09:06:11+00:00","description":"Barnvagn 3-i-1 Resesystem Set Bilbarnstol Barnvagn - Rosa","breadcrumb":{"@id":"https:\/\/forbabyboss.com\/product\/stroller-3in1-travel-system-set-car-seat-stroller-pink\/#breadcrumb"},"inLanguage":"sv-SE","potentialAction":[{"@type":"ReadAction","target":["https:\/\/forbabyboss.com\/product\/stroller-3in1-travel-system-set-car-seat-stroller-pink\/"]}]},{"@type":"ImageObject","inLanguage":"sv-SE","@id":"https:\/\/forbabyboss.com\/product\/stroller-3in1-travel-system-set-car-seat-stroller-pink\/#primaryimage","url":"https:\/\/forbabyboss.com\/wp-content\/uploads\/2022\/09\/Baby-Pushchair-Buggy-Pram-Set-3-in-1-Travel-System-Car-Seat-Stroller-From-Birth-Pink-main.jpg","contentUrl":"https:\/\/forbabyboss.com\/wp-content\/uploads\/2022\/09\/Baby-Pushchair-Buggy-Pram-Set-3-in-1-Travel-System-Car-Seat-Stroller-From-Birth-Pink-main.jpg","width":1600,"height":1600},{"@type":"BreadcrumbList","@id":"https:\/\/forbabyboss.com\/product\/stroller-3in1-travel-system-set-car-seat-stroller-pink\/#breadcrumb","itemListElement":[{"@type":"ListItem","position":1,"name":"Home","item":"https:\/\/forbabyboss.com\/"},{"@type":"ListItem","position":2,"name":"Shop","item":"https:\/\/forbabyboss.com\/shop\/"},{"@type":"ListItem","position":3,"name":"Stroller 3in1 Travel System Set Car Seat Stroller &#8211; Pink"}]},{"@type":"WebSite","@id":"https:\/\/powderblue-seahorse-496884.hostingersite.com\/#website","url":"https:\/\/powderblue-seahorse-496884.hostingersite.com\/","name":"F\u00f6r Baby Boss","description":"Vackra presenter och tillbeh\u00f6r till din babychef","potentialAction":[{"@type":"SearchAction","target":{"@type":"EntryPoint","urlTemplate":"https:\/\/powderblue-seahorse-496884.hostingersite.com\/?s={search_term_string}"},"query-input":{"@type":"PropertyValueSpecification","valueRequired":true,"valueName":"search_term_string"}}],"inLanguage":"sv-SE"}]}},"_links":{"self":[{"href":"https:\/\/forbabyboss.com\/sv\/wp-json\/wp\/v2\/product\/5482","targetHints":{"allow":["GET"]}}],"collection":[{"href":"https:\/\/forbabyboss.com\/sv\/wp-json\/wp\/v2\/product"}],"about":[{"href":"https:\/\/forbabyboss.com\/sv\/wp-json\/wp\/v2\/types\/product"}],"wp:featuredmedia":[{"embeddable":true,"href":"https:\/\/forbabyboss.com\/sv\/wp-json\/wp\/v2\/media\/5487"}],"wp:attachment":[{"href":"https:\/\/forbabyboss.com\/sv\/wp-json\/wp\/v2\/media?parent=5482"}],"wp:term":[{"taxonomy":"product_brand","embeddable":true,"href":"https:\/\/forbabyboss.com\/sv\/wp-json\/wp\/v2\/product_brand?post=5482"},{"taxonomy":"product_cat","embeddable":true,"href":"https:\/\/forbabyboss.com\/sv\/wp-json\/wp\/v2\/product_cat?post=5482"},{"taxonomy":"product_tag","embeddable":true,"href":"https:\/\/forbabyboss.com\/sv\/wp-json\/wp\/v2\/product_tag?post=5482"}],"curies":[{"name":"wp","href":"https:\/\/api.w.org\/{rel}","templated":true}]}}