{"id":5587,"date":"2022-09-13T15:35:29","date_gmt":"2022-09-13T15:35:29","guid":{"rendered":"http:\/\/forbabyboss.com\/?post_type=product&#038;p=5587"},"modified":"2026-02-21T11:15:57","modified_gmt":"2026-02-21T11:15:57","slug":"baby-travel-system-barnvagn-3-i-1-bilbarnstol-hopfallbar-barnvagn-fran-fodseln-gra-blommonster-svart-ram","status":"publish","type":"product","link":"https:\/\/forbabyboss.com\/sv\/product\/baby-travel-system-pushchair-3-in-1-car-seat-foldable-pram-buggy-from-birth-grey-flower-pattern-black-frame\/","title":{"rendered":"Baby Travel System Barnvagn 3 i 1 Bilbarnstol Hopf\u00e4llbar Barnvagn Fr\u00e5n F\u00f6dseln - Gr\u00e5 &amp; Blomm\u00f6nster (svart ram)"},"content":{"rendered":"<div style=\"width: 1020px;\" class=\"wp-video\"><video class=\"wp-video-shortcode\" id=\"video-5587-1\" width=\"1020\" height=\"574\" preload=\"metadata\" controls=\"controls\"><source type=\"video\/mp4\" src=\"http:\/\/forbabyboss.com\/wp-content\/uploads\/2022\/09\/Baby-Travel-System-Pushchair-3-in-1-Car-seat-Foldable-Pram-Buggy-From-Birth.mp4?_=1\" \/><a href=\"http:\/\/forbabyboss.com\/wp-content\/uploads\/2022\/09\/Baby-Travel-System-Pushchair-3-in-1-Car-seat-Foldable-Pram-Buggy-From-Birth.mp4\">http:\/\/forbabyboss.com\/wp-content\/uploads\/2022\/09\/Baby-Travel-System-Pushchair-3-in-1-Car-seat-Foldable-Pram-Buggy-From-Birth.mp4<\/a><\/video><\/div>\n<h1><span style=\"font-size: 250%; color: #808080;\"><strong>Barnvagn Mila<\/strong><\/span><\/h1>\n<p style=\"text-align: justify;\"><span style=\"color: #808080;\">MILA \u2013 en modern och funktionell barnvagn som ger mer njutning under promenader, och den innovativa designen ger en k\u00e4nsla av unikhet.<\/span><br \/>\n<span style=\"color: #808080;\">Barnvagnen \u00e4r l\u00e4mplig f\u00f6r barn fr\u00e5n 6 till 36 m\u00e5nader. Den l\u00e4tta ramen och den praktiska designl\u00f6sningen g\u00f6r det \u00e4nnu bekv\u00e4mare att ha en barnvagn.<\/span><\/p>\n<p style=\"text-align: justify;\"><span style=\"color: #808080;\">Enkelvagn f\u00f6r barn som v\u00e4ger 1 till 15 kg<\/span><br \/>\n<span style=\"color: #808080;\">Den har T\u00dcV NORD-certifiering som garanterar h\u00f6gsta kvalitet och s\u00e4kerhet f\u00f6r ditt barn.<\/span><br \/>\n<span style=\"color: #808080;\">Barnvagnen uppfyller den senaste str\u00e4nga s\u00e4kerhetsstandarden EN 1888-1:2018<\/span><\/p>\n<h3 style=\"text-align: justify;\"><span style=\"color: #808080;\"><strong>Upps\u00e4ttningen inneh\u00e5ller:<\/strong><\/span><\/h3>\n<p style=\"text-align: justify;\"><span style=\"color: #808080;\">\u2022prame ram<\/span><\/p>\n<p style=\"text-align: justify;\"><span style=\"color: #808080;\">\u2022b\u00e4rsele<\/span><\/p>\n<p style=\"text-align: justify;\"><span style=\"color: #808080;\">\u2022sports\u00e4te<\/span><\/p>\n<p style=\"text-align: justify;\"><span style=\"color: #808080;\">\u2022axelv\u00e4ska<\/span><\/p>\n<p style=\"text-align: justify;\"><span style=\"color: #808080;\">\u2022bilbarnstol (endast i 3-i-1-set)<\/span><\/p>\n<p style=\"text-align: justify;\"><span style=\"color: #808080;\">\u2022 dessutom: regnskydd, myggn\u00e4t, kundkorg<strong><br \/>\n<\/strong><\/span><\/p>\n<h3 style=\"text-align: justify;\"><span style=\"color: #808080;\"><strong>Prame-ram:<\/strong><\/span><\/h3>\n<p style=\"text-align: justify;\"><span style=\"color: #808080;\">\u2022 aluminiumram \u2013 l\u00e4tt och h\u00e5llbar<\/span><\/p>\n<p style=\"text-align: justify;\"><span style=\"color: #808080;\">\u2022sv\u00e4ngbara, problemfria gelhjul \u2013 de \u00e4r punkteringsfria<\/span><\/p>\n<p style=\"text-align: justify;\"><span style=\"color: #808080;\">\u2022lagren i hjulen g\u00f6r det l\u00e4ttare att skjuta barnvagnen<\/span><\/p>\n<p style=\"text-align: justify;\"><span style=\"color: #808080;\">\u2022justerbar h\u00f6jd p\u00e5 handtaget t\u00e4ckt med ekol\u00e4der<\/span><\/p>\n<p style=\"text-align: justify;\"><span style=\"color: #808080;\">\u2022 d\u00e4mpad bakfj\u00e4dring \u2013 ger komfort under varje promenad<\/span><\/p>\n<p style=\"text-align: justify;\"><span style=\"color: #808080;\">\u2022 kompakt storlek n\u00e4r den \u00e4r hopf\u00e4lld<\/span><\/p>\n<p style=\"text-align: justify;\"><span style=\"color: #808080;\">\u2022 enkelt system f\u00f6r att f\u00e4sta och ta bort liggdel, sportstol och bilbarnstol<\/span><br \/>\n<span style=\"color: #808080;\">\u2022utrustad med centralbroms f\u00f6r stabilitet<\/span><\/p>\n<p style=\"text-align: justify;\"><span style=\"color: #808080;\">\u2022 Den extra sidoupph\u00e4ngningen av barnvagnsramen m\u00f6jligg\u00f6r l\u00e5sning, vilket ger \u00e4nnu b\u00e4ttre d\u00e4mpning av st\u00f6tar som uppst\u00e5r vid skjutning samt en behaglig gungning f\u00f6r ditt barn<\/span><\/p>\n<h3 style=\"text-align: justify;\"><span style=\"color: #808080;\"><strong>Liggdel:<\/strong><\/span><\/h3>\n<p style=\"text-align: justify;\"><span style=\"color: #808080;\">\u2022 stor liggdel som kan anv\u00e4ndas som vagga<\/span><\/p>\n<p style=\"text-align: justify;\"><span style=\"color: #808080;\">\u2022utrustad med ett monterat, avtagbart fotskydd \u2013 skyddar ditt barn mot d\u00e5ligt v\u00e4der<\/span><\/p>\n<p style=\"text-align: justify;\"><span style=\"color: #808080;\">\u2022ergonomiskt handtag t\u00e4ckt med eko-l\u00e4der \u2013 g\u00f6r det enkelt att b\u00e4ra liggdelen<\/span><\/p>\n<p style=\"text-align: justify;\"><span style=\"color: #808080;\">\u2022elastisk madrass och mjuk vaddering i liggdelen<\/span><\/p>\n<p style=\"text-align: justify;\"><span style=\"color: #808080;\">\u2022justerbart nackst\u00f6d<\/span><\/p>\n<p style=\"text-align: justify;\"><span style=\"color: #808080;\">\u2022 Ventilation i liggdelens fack ger frisk luft f\u00f6r att f\u00f6rhindra att barnet \u00f6verhettas<\/span><\/p>\n<h3 style=\"text-align: justify;\"><span style=\"color: #808080;\"><strong>Sportstol:<\/strong><\/span><\/h3>\n<p style=\"text-align: justify;\"><span style=\"color: #808080;\">\u2022 fram\u00e5t- eller bak\u00e5tv\u00e4nd installation \u00e4r m\u00f6jlig<\/span><\/p>\n<p style=\"text-align: justify;\"><span style=\"color: #808080;\">\u2022fempunkts justerbara s\u00e4kerhetsb\u00e4lten<\/span><\/p>\n<p style=\"text-align: justify;\"><span style=\"color: #808080;\">\u2022avtagbar barri\u00e4r t\u00e4ckt med eko-l\u00e4der<\/span><\/p>\n<p style=\"text-align: justify;\"><span style=\"color: #808080;\">\u2022bekv\u00e4mt justerbart fotst\u00f6d<\/span><\/p>\n<p style=\"text-align: justify;\"><span style=\"color: #808080;\">\u2022 ventilationsf\u00f6nster p\u00e5 baksidan av taket<\/span><\/p>\n<p style=\"text-align: justify;\"><span style=\"color: #808080;\">\u2022 kompakt storlek n\u00e4r den \u00e4r hopf\u00e4lld<\/span><\/p>\n<p style=\"text-align: justify;\"><span style=\"color: #808080;\">\u2022 justering av ryggst\u00f6det \u2013 upp till ett platt l\u00e4ge, den h\u00e4lsosammaste positionen f\u00f6r ditt barn medan det sover<\/span><\/p>\n<p style=\"text-align: justify;\"><span style=\"color: #808080;\">\u2022 justerbart tak som kan tas av<\/span><\/p>\n<p style=\"text-align: justify;\"><span style=\"color: #808080;\">\u2022 avtagbart fotskydd \u2013 skyddar ditt barn mot nyckfullt v\u00e4der<\/span><\/p>\n<p style=\"text-align: justify;\"><a href=\"http:\/\/forbabyboss.com\/wp-content\/uploads\/2022\/09\/checkout.png\"><img loading=\"lazy\" decoding=\"async\" class=\"alignnone size-full wp-image-5965\" src=\"http:\/\/forbabyboss.com\/wp-content\/uploads\/2022\/09\/checkout.png\" alt=\"\" width=\"750\" height=\"276\" srcset=\"https:\/\/forbabyboss.com\/wp-content\/uploads\/2022\/09\/checkout.png 750w, https:\/\/forbabyboss.com\/wp-content\/uploads\/2022\/09\/checkout-600x221.png 600w\" sizes=\"auto, (max-width: 750px) 100vw, 750px\" \/><\/a><\/p>","protected":false},"excerpt":{"rendered":"<p><a href=\"http:\/\/forbabyboss.com\/wp-content\/uploads\/2022\/09\/Star-Rating-5.png\"><img loading=\"lazy\" decoding=\"async\" class=\"alignnone size-full wp-image-5973 aligncenter\" src=\"http:\/\/forbabyboss.com\/wp-content\/uploads\/2022\/09\/Star-Rating-5.png\" alt=\"\" width=\"275\" height=\"45\" \/><\/a><\/p>\n<p style=\"text-align: center;\"><span style=\"color: #ed1c24; font-size: 120%;\"><b>PRISGARANTI<\/b><\/span><\/p>\n<p style=\"text-align: center;\"><span style=\"font-size: 115%;\"><span style=\"font-weight: 400; color: #4f4fa7;\">Fri leverans<\/span><span style=\"font-weight: 400;\"> \u2013 2\u20137 dagar<\/span><\/span><\/p>\n<p style=\"text-align: center;\"><strong><span style=\"color: #29606b;\">Gratis g\u00e5va vid k\u00f6p \u00f6ver 100 pund<\/span><\/strong><\/p>","protected":false},"featured_media":5588,"template":"","meta":[],"product_brand":[577],"product_cat":[339,156,207,305,210,303,130,209,211],"product_tag":[163,199],"class_list":{"0":"post-5587","1":"product","2":"type-product","3":"status-publish","4":"has-post-thumbnail","6":"product_brand-kunert","7":"product_cat-700-to-800","8":"product_cat-3-in-1","9":"product_cat-black","10":"product_cat-colour","11":"product_cat-grey","12":"product_cat-pattern","13":"product_cat-prams","14":"product_cat-push-chairs","15":"product_cat-stroller","16":"product_tag-3-in-1-prams","17":"product_tag-prams","19":"first","20":"instock","21":"sale","22":"shipping-taxable","23":"purchasable","24":"product-type-simple"},"yoast_head":"<!-- This site is optimized with the Yoast SEO plugin v27.5 - https:\/\/yoast.com\/product\/yoast-seo-wordpress\/ -->\n<title>Baby Travel System Pushchair 3 in 1 Car seat Foldable Pram Buggy From Birth -Grey &amp; Flower Pattern (black frame) - For Baby Boss<\/title>\n<meta name=\"description\" content=\"Baby Travel System Pushchair 3 in 1 Car seat Foldable Pram Buggy From Birth -Grey &amp; Flower Pattern (black frame)\" \/>\n<meta name=\"robots\" content=\"index, follow, max-snippet:-1, max-image-preview:large, max-video-preview:-1\" \/>\n<link rel=\"canonical\" href=\"https:\/\/forbabyboss.com\/sv\/produkt\/baby-travel-system-barnvagn-3-i-1-bilbarnstol-hopfallbar-barnvagn-fran-fodseln-gra-blommonster-svart-ram\/\" \/>\n<meta property=\"og:locale\" content=\"sv_SE\" \/>\n<meta property=\"og:type\" content=\"article\" \/>\n<meta property=\"og:title\" content=\"Baby Travel System Pushchair 3 in 1 Car seat Foldable Pram Buggy From Birth -Grey &amp; Flower Pattern (black frame) - For Baby Boss\" \/>\n<meta property=\"og:description\" content=\"Baby Travel System Pushchair 3 in 1 Car seat Foldable Pram Buggy From Birth -Grey &amp; Flower Pattern (black frame)\" \/>\n<meta property=\"og:url\" content=\"https:\/\/forbabyboss.com\/sv\/produkt\/baby-travel-system-barnvagn-3-i-1-bilbarnstol-hopfallbar-barnvagn-fran-fodseln-gra-blommonster-svart-ram\/\" \/>\n<meta property=\"og:site_name\" content=\"For Baby Boss\" \/>\n<meta property=\"article:modified_time\" content=\"2026-02-21T11:15:57+00:00\" \/>\n<meta property=\"og:image\" content=\"https:\/\/forbabyboss.com\/wp-content\/uploads\/2022\/09\/Baby-Travel-System-Pushchair-3-in-1-Car-seat-Foldable-Pram-Buggy-From-Birth-Grey-Flower-Pattern-black-frame-main.png\" \/>\n\t<meta property=\"og:image:width\" content=\"1309\" \/>\n\t<meta property=\"og:image:height\" content=\"900\" \/>\n\t<meta property=\"og:image:type\" content=\"image\/png\" \/>\n<meta name=\"twitter:card\" content=\"summary_large_image\" \/>\n<meta name=\"twitter:label1\" content=\"Ber\u00e4knad l\u00e4stid\" \/>\n\t<meta name=\"twitter:data1\" content=\"2 minuter\" \/>\n<script type=\"application\/ld+json\" class=\"yoast-schema-graph\">{\"@context\":\"https:\\\/\\\/schema.org\",\"@graph\":[{\"@type\":\"WebPage\",\"@id\":\"https:\\\/\\\/forbabyboss.com\\\/product\\\/baby-travel-system-pushchair-3-in-1-car-seat-foldable-pram-buggy-from-birth-grey-flower-pattern-black-frame\\\/\",\"url\":\"https:\\\/\\\/forbabyboss.com\\\/product\\\/baby-travel-system-pushchair-3-in-1-car-seat-foldable-pram-buggy-from-birth-grey-flower-pattern-black-frame\\\/\",\"name\":\"Baby Travel System Pushchair 3 in 1 Car seat Foldable Pram Buggy From Birth -Grey & Flower Pattern (black frame) - For Baby Boss\",\"isPartOf\":{\"@id\":\"https:\\\/\\\/powderblue-seahorse-496884.hostingersite.com\\\/#website\"},\"primaryImageOfPage\":{\"@id\":\"https:\\\/\\\/forbabyboss.com\\\/product\\\/baby-travel-system-pushchair-3-in-1-car-seat-foldable-pram-buggy-from-birth-grey-flower-pattern-black-frame\\\/#primaryimage\"},\"image\":{\"@id\":\"https:\\\/\\\/forbabyboss.com\\\/product\\\/baby-travel-system-pushchair-3-in-1-car-seat-foldable-pram-buggy-from-birth-grey-flower-pattern-black-frame\\\/#primaryimage\"},\"thumbnailUrl\":\"https:\\\/\\\/forbabyboss.com\\\/wp-content\\\/uploads\\\/2022\\\/09\\\/Baby-Travel-System-Pushchair-3-in-1-Car-seat-Foldable-Pram-Buggy-From-Birth-Grey-Flower-Pattern-black-frame-main.png\",\"datePublished\":\"2022-09-13T15:35:29+00:00\",\"dateModified\":\"2026-02-21T11:15:57+00:00\",\"description\":\"Baby Travel System Pushchair 3 in 1 Car seat Foldable Pram Buggy From Birth -Grey & Flower Pattern (black frame)\",\"breadcrumb\":{\"@id\":\"https:\\\/\\\/forbabyboss.com\\\/product\\\/baby-travel-system-pushchair-3-in-1-car-seat-foldable-pram-buggy-from-birth-grey-flower-pattern-black-frame\\\/#breadcrumb\"},\"inLanguage\":\"sv-SE\",\"potentialAction\":[{\"@type\":\"ReadAction\",\"target\":[\"https:\\\/\\\/forbabyboss.com\\\/product\\\/baby-travel-system-pushchair-3-in-1-car-seat-foldable-pram-buggy-from-birth-grey-flower-pattern-black-frame\\\/\"]}]},{\"@type\":\"ImageObject\",\"inLanguage\":\"sv-SE\",\"@id\":\"https:\\\/\\\/forbabyboss.com\\\/product\\\/baby-travel-system-pushchair-3-in-1-car-seat-foldable-pram-buggy-from-birth-grey-flower-pattern-black-frame\\\/#primaryimage\",\"url\":\"https:\\\/\\\/forbabyboss.com\\\/wp-content\\\/uploads\\\/2022\\\/09\\\/Baby-Travel-System-Pushchair-3-in-1-Car-seat-Foldable-Pram-Buggy-From-Birth-Grey-Flower-Pattern-black-frame-main.png\",\"contentUrl\":\"https:\\\/\\\/forbabyboss.com\\\/wp-content\\\/uploads\\\/2022\\\/09\\\/Baby-Travel-System-Pushchair-3-in-1-Car-seat-Foldable-Pram-Buggy-From-Birth-Grey-Flower-Pattern-black-frame-main.png\",\"width\":1309,\"height\":900},{\"@type\":\"BreadcrumbList\",\"@id\":\"https:\\\/\\\/forbabyboss.com\\\/product\\\/baby-travel-system-pushchair-3-in-1-car-seat-foldable-pram-buggy-from-birth-grey-flower-pattern-black-frame\\\/#breadcrumb\",\"itemListElement\":[{\"@type\":\"ListItem\",\"position\":1,\"name\":\"Home\",\"item\":\"https:\\\/\\\/forbabyboss.com\\\/\"},{\"@type\":\"ListItem\",\"position\":2,\"name\":\"Shop\",\"item\":\"https:\\\/\\\/forbabyboss.com\\\/shop\\\/\"},{\"@type\":\"ListItem\",\"position\":3,\"name\":\"Baby Travel System Pushchair 3 in 1 Car seat Foldable Pram Buggy From Birth -Grey &#038; Flower Pattern (black frame)\"}]},{\"@type\":\"WebSite\",\"@id\":\"https:\\\/\\\/powderblue-seahorse-496884.hostingersite.com\\\/#website\",\"url\":\"https:\\\/\\\/powderblue-seahorse-496884.hostingersite.com\\\/\",\"name\":\"For Baby Boss\",\"description\":\"Beautiful gifts and accessories for your baby boss\",\"potentialAction\":[{\"@type\":\"SearchAction\",\"target\":{\"@type\":\"EntryPoint\",\"urlTemplate\":\"https:\\\/\\\/powderblue-seahorse-496884.hostingersite.com\\\/?s={search_term_string}\"},\"query-input\":{\"@type\":\"PropertyValueSpecification\",\"valueRequired\":true,\"valueName\":\"search_term_string\"}}],\"inLanguage\":\"sv-SE\"}]}<\/script>\n<!-- \/ Yoast SEO plugin. -->","yoast_head_json":{"title":"Baby Travel System Barnvagn 3 i 1 Bilbarnstol Hopf\u00e4llbar Barnvagn Fr\u00e5n F\u00f6dseln - Gr\u00e5 &amp; Blomm\u00f6nster (svart ram) - F\u00f6r Baby Boss","description":"Baby Travel System Barnvagn 3 i 1 Bilbarnstol Hopf\u00e4llbar Barnvagn Fr\u00e5n F\u00f6dseln - Gr\u00e5 &amp; Blomm\u00f6nster (svart ram)","robots":{"index":"index","follow":"follow","max-snippet":"max-snippet:-1","max-image-preview":"max-image-preview:large","max-video-preview":"max-video-preview:-1"},"canonical":"https:\/\/forbabyboss.com\/sv\/produkt\/baby-travel-system-barnvagn-3-i-1-bilbarnstol-hopfallbar-barnvagn-fran-fodseln-gra-blommonster-svart-ram\/","og_locale":"sv_SE","og_type":"article","og_title":"Baby Travel System Pushchair 3 in 1 Car seat Foldable Pram Buggy From Birth -Grey & Flower Pattern (black frame) - For Baby Boss","og_description":"Baby Travel System Pushchair 3 in 1 Car seat Foldable Pram Buggy From Birth -Grey & Flower Pattern (black frame)","og_url":"https:\/\/forbabyboss.com\/sv\/produkt\/baby-travel-system-barnvagn-3-i-1-bilbarnstol-hopfallbar-barnvagn-fran-fodseln-gra-blommonster-svart-ram\/","og_site_name":"For Baby Boss","article_modified_time":"2026-02-21T11:15:57+00:00","og_image":[{"width":1309,"height":900,"url":"https:\/\/forbabyboss.com\/wp-content\/uploads\/2022\/09\/Baby-Travel-System-Pushchair-3-in-1-Car-seat-Foldable-Pram-Buggy-From-Birth-Grey-Flower-Pattern-black-frame-main.png","type":"image\/png"}],"twitter_card":"summary_large_image","twitter_misc":{"Ber\u00e4knad l\u00e4stid":"2 minuter"},"schema":{"@context":"https:\/\/schema.org","@graph":[{"@type":"WebPage","@id":"https:\/\/forbabyboss.com\/product\/baby-travel-system-pushchair-3-in-1-car-seat-foldable-pram-buggy-from-birth-grey-flower-pattern-black-frame\/","url":"https:\/\/forbabyboss.com\/product\/baby-travel-system-pushchair-3-in-1-car-seat-foldable-pram-buggy-from-birth-grey-flower-pattern-black-frame\/","name":"Baby Travel System Barnvagn 3 i 1 Bilbarnstol Hopf\u00e4llbar Barnvagn Fr\u00e5n F\u00f6dseln - Gr\u00e5 &amp; Blomm\u00f6nster (svart ram) - F\u00f6r Baby Boss","isPartOf":{"@id":"https:\/\/powderblue-seahorse-496884.hostingersite.com\/#website"},"primaryImageOfPage":{"@id":"https:\/\/forbabyboss.com\/product\/baby-travel-system-pushchair-3-in-1-car-seat-foldable-pram-buggy-from-birth-grey-flower-pattern-black-frame\/#primaryimage"},"image":{"@id":"https:\/\/forbabyboss.com\/product\/baby-travel-system-pushchair-3-in-1-car-seat-foldable-pram-buggy-from-birth-grey-flower-pattern-black-frame\/#primaryimage"},"thumbnailUrl":"https:\/\/forbabyboss.com\/wp-content\/uploads\/2022\/09\/Baby-Travel-System-Pushchair-3-in-1-Car-seat-Foldable-Pram-Buggy-From-Birth-Grey-Flower-Pattern-black-frame-main.png","datePublished":"2022-09-13T15:35:29+00:00","dateModified":"2026-02-21T11:15:57+00:00","description":"Baby Travel System Barnvagn 3 i 1 Bilbarnstol Hopf\u00e4llbar Barnvagn Fr\u00e5n F\u00f6dseln - Gr\u00e5 &amp; Blomm\u00f6nster (svart ram)","breadcrumb":{"@id":"https:\/\/forbabyboss.com\/product\/baby-travel-system-pushchair-3-in-1-car-seat-foldable-pram-buggy-from-birth-grey-flower-pattern-black-frame\/#breadcrumb"},"inLanguage":"sv-SE","potentialAction":[{"@type":"ReadAction","target":["https:\/\/forbabyboss.com\/product\/baby-travel-system-pushchair-3-in-1-car-seat-foldable-pram-buggy-from-birth-grey-flower-pattern-black-frame\/"]}]},{"@type":"ImageObject","inLanguage":"sv-SE","@id":"https:\/\/forbabyboss.com\/product\/baby-travel-system-pushchair-3-in-1-car-seat-foldable-pram-buggy-from-birth-grey-flower-pattern-black-frame\/#primaryimage","url":"https:\/\/forbabyboss.com\/wp-content\/uploads\/2022\/09\/Baby-Travel-System-Pushchair-3-in-1-Car-seat-Foldable-Pram-Buggy-From-Birth-Grey-Flower-Pattern-black-frame-main.png","contentUrl":"https:\/\/forbabyboss.com\/wp-content\/uploads\/2022\/09\/Baby-Travel-System-Pushchair-3-in-1-Car-seat-Foldable-Pram-Buggy-From-Birth-Grey-Flower-Pattern-black-frame-main.png","width":1309,"height":900},{"@type":"BreadcrumbList","@id":"https:\/\/forbabyboss.com\/product\/baby-travel-system-pushchair-3-in-1-car-seat-foldable-pram-buggy-from-birth-grey-flower-pattern-black-frame\/#breadcrumb","itemListElement":[{"@type":"ListItem","position":1,"name":"Home","item":"https:\/\/forbabyboss.com\/"},{"@type":"ListItem","position":2,"name":"Shop","item":"https:\/\/forbabyboss.com\/shop\/"},{"@type":"ListItem","position":3,"name":"Baby Travel System Pushchair 3 in 1 Car seat Foldable Pram Buggy From Birth -Grey &#038; Flower Pattern (black frame)"}]},{"@type":"WebSite","@id":"https:\/\/powderblue-seahorse-496884.hostingersite.com\/#website","url":"https:\/\/powderblue-seahorse-496884.hostingersite.com\/","name":"F\u00f6r Baby Boss","description":"Vackra presenter och tillbeh\u00f6r till din babychef","potentialAction":[{"@type":"SearchAction","target":{"@type":"EntryPoint","urlTemplate":"https:\/\/powderblue-seahorse-496884.hostingersite.com\/?s={search_term_string}"},"query-input":{"@type":"PropertyValueSpecification","valueRequired":true,"valueName":"search_term_string"}}],"inLanguage":"sv-SE"}]}},"_links":{"self":[{"href":"https:\/\/forbabyboss.com\/sv\/wp-json\/wp\/v2\/product\/5587","targetHints":{"allow":["GET"]}}],"collection":[{"href":"https:\/\/forbabyboss.com\/sv\/wp-json\/wp\/v2\/product"}],"about":[{"href":"https:\/\/forbabyboss.com\/sv\/wp-json\/wp\/v2\/types\/product"}],"wp:featuredmedia":[{"embeddable":true,"href":"https:\/\/forbabyboss.com\/sv\/wp-json\/wp\/v2\/media\/5588"}],"wp:attachment":[{"href":"https:\/\/forbabyboss.com\/sv\/wp-json\/wp\/v2\/media?parent=5587"}],"wp:term":[{"taxonomy":"product_brand","embeddable":true,"href":"https:\/\/forbabyboss.com\/sv\/wp-json\/wp\/v2\/product_brand?post=5587"},{"taxonomy":"product_cat","embeddable":true,"href":"https:\/\/forbabyboss.com\/sv\/wp-json\/wp\/v2\/product_cat?post=5587"},{"taxonomy":"product_tag","embeddable":true,"href":"https:\/\/forbabyboss.com\/sv\/wp-json\/wp\/v2\/product_tag?post=5587"}],"curies":[{"name":"wp","href":"https:\/\/api.w.org\/{rel}","templated":true}]}}