{"id":5719,"date":"2022-09-15T08:02:27","date_gmt":"2022-09-15T08:02:27","guid":{"rendered":"http:\/\/forbabyboss.com\/?post_type=product&#038;p=5719"},"modified":"2026-02-21T11:09:07","modified_gmt":"2026-02-21T11:09:07","slug":"3-i-1-lyxig-barnvagn-nyfodd-bilbarnstol-rosa","status":"publish","type":"product","link":"https:\/\/forbabyboss.com\/sv\/product\/3in1-luxury-baby-pram-newborn-car-seat-pink\/","title":{"rendered":"3-i-1 Lyxig Babyvagnsskydd f\u00f6r Nyf\u00f6dd \u2013 Rosa"},"content":{"rendered":"<h2 style=\"text-align: justify;\"><span style=\"color: #e14d43;\"><strong>Djup barnvagn<\/strong><\/span><\/h2>\n<p style=\"text-align: justify;\"><span style=\"color: #282828;\"><strong>Det \u00e4r en l\u00e4tt aluminiumram med gondol, fr\u00e4mst avsedd f\u00f6r s\u00e4ker transport av nyf\u00f6dda och sp\u00e4dbarn som v\u00e4ger upp till 9 kg.<\/strong><\/span><br \/>\n<span style=\"color: #282828;\"><strong>Axel-gondolen har en utf\u00e4llbar kalott och ett mjukt bomullsfoder som enkelt kan tas av f\u00f6r tv\u00e4tt.<\/strong><\/span><br \/>\n<span style=\"color: #282828;\"><strong>B\u00e5set \u00e4r utrustat med ett \u00f6ppningsbart ventilationsf\u00f6nster.<\/strong><\/span><br \/>\n<span style=\"color: #282828;\"><strong>Dessutom fungerar gondol\u00f6verdraget som vindf\u00e5ngare.<\/strong><\/span><br \/>\n<span style=\"color: #282828;\"><strong>Gondolen har \u00e4ven ett ryggst\u00f6d med smidig h\u00f6jdjustering.<\/strong><\/span><\/p>\n<h2 style=\"text-align: justify;\"><span style=\"color: #e14d43;\"><strong>Liggdelns funktioner:<\/strong><\/span><\/h2>\n<p style=\"text-align: justify;\"><span style=\"color: #282828;\"><strong>\u2713 hopf\u00e4llbar sufflett \u2013 skyddar barnet mot sol och regn<\/strong><\/span><br \/>\n<span style=\"color: #282828;\"><strong>\u2713bomullsfoder \u2013 ger maximal resekomfort (kan enkelt tas bort f\u00f6r tv\u00e4tt)<\/strong><\/span><br \/>\n<span style=\"color: #282828;\"><strong>\u2713 ventilationsf\u00f6nster \u2013 ger frisk luft inuti vagnen<\/strong><\/span><br \/>\n<span style=\"color: #282828;\"><strong>\u2713 \u00f6verdrag \u2013 skyddar barnet mot vind och kyla<\/strong><\/span><br \/>\n<span style=\"color: #282828;\"><strong>\u2713Liggdel med vaggfunktion \u2013 l\u00e5ter dig gunga barnet (kan l\u00e5sas genom att f\u00e4lla ut sidobenen)<\/strong><\/span><br \/>\n<span style=\"color: #282828;\"><strong>\u2713B\u00e4rseldel med handtag kl\u00e4tt med ekol\u00e4der \u2013 m\u00f6jligg\u00f6r bekv\u00e4m b\u00e4rning.<\/strong><\/span><\/p>\n<h2 style=\"text-align: justify;\"><span style=\"color: #e14d43;\"><strong>Bilbarnstol<\/strong><\/span><\/h2>\n<p style=\"text-align: justify;\"><span style=\"color: #282828;\"><strong>Den \u00e4r utformad f\u00f6r barn som v\u00e4ger upp till 10 kg. Den \u00e4r ECE R44\/04-godk\u00e4nd, vilket bekr\u00e4ftar att produkten uppfyller strikta s\u00e4kerhetsstandarder och kan anv\u00e4ndas f\u00f6r s\u00e4ker transport av barn i bil. Dessutom kan bilbarnstolen monteras p\u00e5 barnvagnens ram fram\u00e5t- eller bak\u00e5tv\u00e4nd med hj\u00e4lp av de adaptrar som ing\u00e5r i setet.<\/strong><\/span><\/p>\n<p style=\"text-align: justify;\"><span style=\"color: #282828;\"><strong>\u2713extra insats f\u00f6r sp\u00e4dbarn \u2013 m\u00f6jligg\u00f6r s\u00e4ker transport av nyf\u00f6dda<\/strong><\/span><br \/>\n<span style=\"color: #282828;\"><strong>\u2713justerbart handtag \u2013 k\u00e4nnetecknas av h\u00f6gsta ergonomi (kan st\u00e4llas in i st\u00f6dposition)<\/strong><\/span><br \/>\n<span style=\"color: #282828;\"><strong>\u2713vaggafunktion \u2013 tack vare en specialprofilerad botten<\/strong><\/span><br \/>\n<span style=\"color: #282828;\"><strong>\u2713 \u00f6verdrag f\u00f6r benen med reflexer \u2013 skyddar mot kyla (kan demonteras)<\/strong><\/span><br \/>\n<span style=\"color: #282828;\"><strong>\u2713 Avtagbart regn- och solskydd \u2013 skyddar barnet mot ogynnsamma v\u00e4derf\u00f6rh\u00e5llanden<\/strong><\/span><br \/>\n<span style=\"color: #282828;\"><strong>\u2713 Trepunktsb\u00e4lten med central l\u00e4ngdjustering \u2013 garanterar s\u00e4kerheten under resan<\/strong><\/span><br \/>\n<span style=\"color: #282828;\"><strong>\u2713 extra axelremsskydd \u2013 f\u00f6r \u00f6kad komfort under resan<\/strong><\/span><br \/>\n<span style=\"color: #282828;\"><strong>\u2713 adaptrar \u2013 g\u00f6r att sitsen kan monteras p\u00e5 barnvagnens ram<\/strong><\/span><\/p>\n<h2 style=\"text-align: justify;\"><span style=\"color: #e14d43;\"><strong>Barnvagn<\/strong><\/span><\/h2>\n<p style=\"text-align: justify;\"><span style=\"color: #282828;\"><strong>Vagnen \u00e4r perfekt f\u00f6r ett lite \u00e4ldre barn som v\u00e4ger upp till 15 kg. Axel erbjuder tv\u00e5 monteringsalternativ: fram\u00e5tv\u00e4nd eller bak\u00e5tv\u00e4nd \u2013 beroende p\u00e5 dina \u00f6nskem\u00e5l.<\/strong><\/span><br \/>\n<span style=\"color: #282828;\"><strong>Ett utf\u00e4llbart solskydd och ett \u00f6verdrag med vindf\u00e5ngarfunktion skyddar ditt barn mot ogynnsamma v\u00e4derf\u00f6rh\u00e5llanden.<\/strong><\/span><\/p>\n<p style=\"text-align: justify;\"><span style=\"color: #282828;\"><strong>\u2713fempunktsb\u00e4lten med mjuka kuddar \u2013 skyddar och s\u00e4kerst\u00e4ller komfort under resan<\/strong><\/span><br \/>\n<span style=\"color: #282828;\"><strong>\u2713 ekol\u00e4derbarri\u00e4r och fotst\u00f6d \u2013 slitstarka och l\u00e4tta att reng\u00f6ra<\/strong><\/span><br \/>\n<span style=\"color: #282828;\"><strong>\u2713justerbart fotst\u00f6d \u2013 f\u00f6r optimal positionering<\/strong><\/span><br \/>\n<span style=\"color: #282828;\"><strong>\u2713 justerbart ryggst\u00f6d i fyra l\u00e4gen \u2013 ger optimal position och \u00f6kar barnets komfort<\/strong><\/span><br \/>\n<span style=\"color: #282828;\"><strong>\u2713 ram med mjuk fj\u00e4dring \u2013 skyddar barnet mot obehagliga st\u00f6tar vid k\u00f6rning p\u00e5 oj\u00e4mna underlag<\/strong><\/span><\/p>\n<h2 style=\"text-align: justify;\"><span style=\"color: #e14d43;\"><strong>Barnvagnsram<\/strong><\/span><\/h2>\n<p style=\"text-align: justify;\"><span style=\"color: #282828;\"><strong>Vagnen \u00e4r tillverkad av l\u00e4tt aluminium, medan de innovativa sv\u00e4ngbara kullagerhjulen med polyuretand\u00e4ck s\u00e4kerst\u00e4ller vagnens smidiga r\u00f6relse. Hjul av denna typ har alla egenskaper hos pumphjul och punkteras dessutom inte. Som ett resultat \u00e4r de problemfria, underh\u00e5llsfria och mycket h\u00e5llbara. Dessutom har de en blockering f\u00f6r k\u00f6rning rakt fram.<\/strong><\/span><\/p>\n<h2 style=\"text-align: justify;\"><span style=\"color: #e14d43;\"><strong>Ramens funktioner:<\/strong><\/span><\/h2>\n<p style=\"text-align: justify;\"><span style=\"color: #282828;\"><strong>\u2713solid och l\u00e4tt aluminiumstruktur<\/strong><\/span><br \/>\n<span style=\"color: #282828;\"><strong>\u2713justerbart handtag kl\u00e4tt med ekol\u00e4der \u2013 g\u00f6r det enkelt att justera barnvagnen till din l\u00e4ngd.<\/strong><\/span><br \/>\n<span style=\"color: #282828;\"><strong>\u2713mjuk fj\u00e4dring \u2013 ett innovativt st\u00f6td\u00e4mpningssystem garanterar maximal resekomfort<\/strong><\/span><br \/>\n<span style=\"color: #282828;\"><strong>\u2713centralbroms (Easy Stop) \u2013 l\u00e5ter dig snabbt blockera vagnens hjul<\/strong><\/span><br \/>\n<span style=\"color: #282828;\"><strong>\u2713m\u00f6jligheten att installera Buggy Board \u2013 den h\u00e4r funktionen kommer att vara anv\u00e4ndbar n\u00e4r barnet har en \u00e4ldre bror eller syster \u2713hopf\u00e4llbar ram \u2013 n\u00e4r den \u00e4r hopf\u00e4lld tar den liten plats och f\u00e5r plats i bagageutrymmet<\/strong><\/span><\/p>\n<p>&nbsp;<\/p>\n<p><a href=\"http:\/\/forbabyboss.com\/wp-content\/uploads\/2022\/09\/checkout.png\"><img loading=\"lazy\" decoding=\"async\" class=\"alignnone wp-image-5965\" src=\"http:\/\/forbabyboss.com\/wp-content\/uploads\/2022\/09\/checkout.png\" alt=\"\" width=\"1005\" height=\"370\" srcset=\"https:\/\/forbabyboss.com\/wp-content\/uploads\/2022\/09\/checkout.png 750w, https:\/\/forbabyboss.com\/wp-content\/uploads\/2022\/09\/checkout-600x221.png 600w\" sizes=\"auto, (max-width: 1005px) 100vw, 1005px\" \/><\/a><\/p>\n<p style=\"text-align: justify;\">","protected":false},"excerpt":{"rendered":"<p><a href=\"http:\/\/forbabyboss.com\/wp-content\/uploads\/2022\/09\/Star-Rating-5.png\"><img loading=\"lazy\" decoding=\"async\" class=\"alignnone size-full wp-image-5973 aligncenter\" src=\"http:\/\/forbabyboss.com\/wp-content\/uploads\/2022\/09\/Star-Rating-5.png\" alt=\"\" width=\"275\" height=\"45\" \/><\/a><\/p>\n<p style=\"text-align: center;\"><span style=\"color: #ed1c24; font-size: 120%;\"><b>PRISGARANTI<\/b><\/span><\/p>\n<p style=\"text-align: center;\"><span style=\"font-size: 115%;\"><span style=\"font-weight: 400; color: #4f4fa7;\">Fri leverans<\/span><span style=\"font-weight: 400;\"> \u2013 2\u20137 dagar<\/span><\/span><\/p>\n<p style=\"text-align: center;\"><strong><span style=\"color: #29606b;\">Gratis g\u00e5va vid k\u00f6p \u00f6ver 100 pund<\/span><\/strong><\/p>","protected":false},"featured_media":5721,"template":"","meta":[],"product_brand":[370],"product_cat":[337,339,156,305,303,215,130,209,211],"product_tag":[202,199],"class_list":{"0":"post-5719","1":"product","2":"type-product","3":"status-publish","4":"has-post-thumbnail","6":"product_brand-babylux","7":"product_cat-500-to-600","8":"product_cat-700-to-800","9":"product_cat-3-in-1","10":"product_cat-colour","11":"product_cat-pattern","12":"product_cat-pink","13":"product_cat-prams","14":"product_cat-push-chairs","15":"product_cat-stroller","16":"product_tag-3-in-1-pram","17":"product_tag-prams","19":"first","20":"instock","21":"sale","22":"shipping-taxable","23":"purchasable","24":"product-type-simple"},"yoast_head":"<!-- This site is optimized with the Yoast SEO plugin v27.5 - https:\/\/yoast.com\/product\/yoast-seo-wordpress\/ -->\n<title>3in1 Luxury Baby Pram Newborn Car Seat - Pink - For Baby Boss<\/title>\n<meta name=\"description\" content=\"3in1 Luxury Baby Pram Newborn Car Seat - Pink\" \/>\n<meta name=\"robots\" content=\"index, follow, max-snippet:-1, max-image-preview:large, max-video-preview:-1\" \/>\n<link rel=\"canonical\" href=\"https:\/\/forbabyboss.com\/sv\/produkt\/3-i-1-lyxig-barnvagn-nyfodd-bilbarnstol-rosa\/\" \/>\n<meta property=\"og:locale\" content=\"sv_SE\" \/>\n<meta property=\"og:type\" content=\"article\" \/>\n<meta property=\"og:title\" content=\"3in1 Luxury Baby Pram Newborn Car Seat - Pink - For Baby Boss\" \/>\n<meta property=\"og:description\" content=\"3in1 Luxury Baby Pram Newborn Car Seat - Pink\" \/>\n<meta property=\"og:url\" content=\"https:\/\/forbabyboss.com\/sv\/produkt\/3-i-1-lyxig-barnvagn-nyfodd-bilbarnstol-rosa\/\" \/>\n<meta property=\"og:site_name\" content=\"For Baby Boss\" \/>\n<meta property=\"article:modified_time\" content=\"2026-02-21T11:09:07+00:00\" \/>\n<meta property=\"og:image\" content=\"https:\/\/forbabyboss.com\/wp-content\/uploads\/2022\/09\/Luxury-Baby-Pram-Newborn-Buggy-3-in1-Car-Seat-Pushchair-3-in-1-Travel-System-Pink-main.png\" \/>\n\t<meta property=\"og:image:width\" content=\"1600\" \/>\n\t<meta property=\"og:image:height\" content=\"1600\" \/>\n\t<meta property=\"og:image:type\" content=\"image\/png\" \/>\n<meta name=\"twitter:card\" content=\"summary_large_image\" \/>\n<meta name=\"twitter:label1\" content=\"Ber\u00e4knad l\u00e4stid\" \/>\n\t<meta name=\"twitter:data1\" content=\"3 minuter\" \/>\n<script type=\"application\/ld+json\" class=\"yoast-schema-graph\">{\"@context\":\"https:\\\/\\\/schema.org\",\"@graph\":[{\"@type\":\"WebPage\",\"@id\":\"https:\\\/\\\/forbabyboss.com\\\/product\\\/3in1-luxury-baby-pram-newborn-car-seat-pink\\\/\",\"url\":\"https:\\\/\\\/forbabyboss.com\\\/product\\\/3in1-luxury-baby-pram-newborn-car-seat-pink\\\/\",\"name\":\"3in1 Luxury Baby Pram Newborn Car Seat - Pink - For Baby Boss\",\"isPartOf\":{\"@id\":\"https:\\\/\\\/powderblue-seahorse-496884.hostingersite.com\\\/#website\"},\"primaryImageOfPage\":{\"@id\":\"https:\\\/\\\/forbabyboss.com\\\/product\\\/3in1-luxury-baby-pram-newborn-car-seat-pink\\\/#primaryimage\"},\"image\":{\"@id\":\"https:\\\/\\\/forbabyboss.com\\\/product\\\/3in1-luxury-baby-pram-newborn-car-seat-pink\\\/#primaryimage\"},\"thumbnailUrl\":\"https:\\\/\\\/forbabyboss.com\\\/wp-content\\\/uploads\\\/2022\\\/09\\\/Luxury-Baby-Pram-Newborn-Buggy-3-in1-Car-Seat-Pushchair-3-in-1-Travel-System-Pink-main.png\",\"datePublished\":\"2022-09-15T08:02:27+00:00\",\"dateModified\":\"2026-02-21T11:09:07+00:00\",\"description\":\"3in1 Luxury Baby Pram Newborn Car Seat - Pink\",\"breadcrumb\":{\"@id\":\"https:\\\/\\\/forbabyboss.com\\\/product\\\/3in1-luxury-baby-pram-newborn-car-seat-pink\\\/#breadcrumb\"},\"inLanguage\":\"sv-SE\",\"potentialAction\":[{\"@type\":\"ReadAction\",\"target\":[\"https:\\\/\\\/forbabyboss.com\\\/product\\\/3in1-luxury-baby-pram-newborn-car-seat-pink\\\/\"]}]},{\"@type\":\"ImageObject\",\"inLanguage\":\"sv-SE\",\"@id\":\"https:\\\/\\\/forbabyboss.com\\\/product\\\/3in1-luxury-baby-pram-newborn-car-seat-pink\\\/#primaryimage\",\"url\":\"https:\\\/\\\/forbabyboss.com\\\/wp-content\\\/uploads\\\/2022\\\/09\\\/Luxury-Baby-Pram-Newborn-Buggy-3-in1-Car-Seat-Pushchair-3-in-1-Travel-System-Pink-main.png\",\"contentUrl\":\"https:\\\/\\\/forbabyboss.com\\\/wp-content\\\/uploads\\\/2022\\\/09\\\/Luxury-Baby-Pram-Newborn-Buggy-3-in1-Car-Seat-Pushchair-3-in-1-Travel-System-Pink-main.png\",\"width\":1600,\"height\":1600},{\"@type\":\"BreadcrumbList\",\"@id\":\"https:\\\/\\\/forbabyboss.com\\\/product\\\/3in1-luxury-baby-pram-newborn-car-seat-pink\\\/#breadcrumb\",\"itemListElement\":[{\"@type\":\"ListItem\",\"position\":1,\"name\":\"Home\",\"item\":\"https:\\\/\\\/forbabyboss.com\\\/\"},{\"@type\":\"ListItem\",\"position\":2,\"name\":\"Shop\",\"item\":\"https:\\\/\\\/forbabyboss.com\\\/shop\\\/\"},{\"@type\":\"ListItem\",\"position\":3,\"name\":\"3in1 Luxury Baby Pram Newborn Car Seat &#8211; Pink\"}]},{\"@type\":\"WebSite\",\"@id\":\"https:\\\/\\\/powderblue-seahorse-496884.hostingersite.com\\\/#website\",\"url\":\"https:\\\/\\\/powderblue-seahorse-496884.hostingersite.com\\\/\",\"name\":\"For Baby Boss\",\"description\":\"Beautiful gifts and accessories for your baby boss\",\"potentialAction\":[{\"@type\":\"SearchAction\",\"target\":{\"@type\":\"EntryPoint\",\"urlTemplate\":\"https:\\\/\\\/powderblue-seahorse-496884.hostingersite.com\\\/?s={search_term_string}\"},\"query-input\":{\"@type\":\"PropertyValueSpecification\",\"valueRequired\":true,\"valueName\":\"search_term_string\"}}],\"inLanguage\":\"sv-SE\"}]}<\/script>\n<!-- \/ Yoast SEO plugin. -->","yoast_head_json":{"title":"3-i-1 Lyxig Babyvagnsbilsstol f\u00f6r Nyf\u00f6dda - Rosa - F\u00f6r Baby Boss","description":"3-i-1 Lyxig Babyvagnsbilsstol f\u00f6r Nyf\u00f6dda - Rosa","robots":{"index":"index","follow":"follow","max-snippet":"max-snippet:-1","max-image-preview":"max-image-preview:large","max-video-preview":"max-video-preview:-1"},"canonical":"https:\/\/forbabyboss.com\/sv\/produkt\/3-i-1-lyxig-barnvagn-nyfodd-bilbarnstol-rosa\/","og_locale":"sv_SE","og_type":"article","og_title":"3in1 Luxury Baby Pram Newborn Car Seat - Pink - For Baby Boss","og_description":"3in1 Luxury Baby Pram Newborn Car Seat - Pink","og_url":"https:\/\/forbabyboss.com\/sv\/produkt\/3-i-1-lyxig-barnvagn-nyfodd-bilbarnstol-rosa\/","og_site_name":"For Baby Boss","article_modified_time":"2026-02-21T11:09:07+00:00","og_image":[{"width":1600,"height":1600,"url":"https:\/\/forbabyboss.com\/wp-content\/uploads\/2022\/09\/Luxury-Baby-Pram-Newborn-Buggy-3-in1-Car-Seat-Pushchair-3-in-1-Travel-System-Pink-main.png","type":"image\/png"}],"twitter_card":"summary_large_image","twitter_misc":{"Ber\u00e4knad l\u00e4stid":"3 minuter"},"schema":{"@context":"https:\/\/schema.org","@graph":[{"@type":"WebPage","@id":"https:\/\/forbabyboss.com\/product\/3in1-luxury-baby-pram-newborn-car-seat-pink\/","url":"https:\/\/forbabyboss.com\/product\/3in1-luxury-baby-pram-newborn-car-seat-pink\/","name":"3-i-1 Lyxig Babyvagnsbilsstol f\u00f6r Nyf\u00f6dda - Rosa - F\u00f6r Baby Boss","isPartOf":{"@id":"https:\/\/powderblue-seahorse-496884.hostingersite.com\/#website"},"primaryImageOfPage":{"@id":"https:\/\/forbabyboss.com\/product\/3in1-luxury-baby-pram-newborn-car-seat-pink\/#primaryimage"},"image":{"@id":"https:\/\/forbabyboss.com\/product\/3in1-luxury-baby-pram-newborn-car-seat-pink\/#primaryimage"},"thumbnailUrl":"https:\/\/forbabyboss.com\/wp-content\/uploads\/2022\/09\/Luxury-Baby-Pram-Newborn-Buggy-3-in1-Car-Seat-Pushchair-3-in-1-Travel-System-Pink-main.png","datePublished":"2022-09-15T08:02:27+00:00","dateModified":"2026-02-21T11:09:07+00:00","description":"3-i-1 Lyxig Babyvagnsbilsstol f\u00f6r Nyf\u00f6dda - Rosa","breadcrumb":{"@id":"https:\/\/forbabyboss.com\/product\/3in1-luxury-baby-pram-newborn-car-seat-pink\/#breadcrumb"},"inLanguage":"sv-SE","potentialAction":[{"@type":"ReadAction","target":["https:\/\/forbabyboss.com\/product\/3in1-luxury-baby-pram-newborn-car-seat-pink\/"]}]},{"@type":"ImageObject","inLanguage":"sv-SE","@id":"https:\/\/forbabyboss.com\/product\/3in1-luxury-baby-pram-newborn-car-seat-pink\/#primaryimage","url":"https:\/\/forbabyboss.com\/wp-content\/uploads\/2022\/09\/Luxury-Baby-Pram-Newborn-Buggy-3-in1-Car-Seat-Pushchair-3-in-1-Travel-System-Pink-main.png","contentUrl":"https:\/\/forbabyboss.com\/wp-content\/uploads\/2022\/09\/Luxury-Baby-Pram-Newborn-Buggy-3-in1-Car-Seat-Pushchair-3-in-1-Travel-System-Pink-main.png","width":1600,"height":1600},{"@type":"BreadcrumbList","@id":"https:\/\/forbabyboss.com\/product\/3in1-luxury-baby-pram-newborn-car-seat-pink\/#breadcrumb","itemListElement":[{"@type":"ListItem","position":1,"name":"Home","item":"https:\/\/forbabyboss.com\/"},{"@type":"ListItem","position":2,"name":"Shop","item":"https:\/\/forbabyboss.com\/shop\/"},{"@type":"ListItem","position":3,"name":"3in1 Luxury Baby Pram Newborn Car Seat &#8211; Pink"}]},{"@type":"WebSite","@id":"https:\/\/powderblue-seahorse-496884.hostingersite.com\/#website","url":"https:\/\/powderblue-seahorse-496884.hostingersite.com\/","name":"F\u00f6r Baby Boss","description":"Vackra presenter och tillbeh\u00f6r till din babychef","potentialAction":[{"@type":"SearchAction","target":{"@type":"EntryPoint","urlTemplate":"https:\/\/powderblue-seahorse-496884.hostingersite.com\/?s={search_term_string}"},"query-input":{"@type":"PropertyValueSpecification","valueRequired":true,"valueName":"search_term_string"}}],"inLanguage":"sv-SE"}]}},"_links":{"self":[{"href":"https:\/\/forbabyboss.com\/sv\/wp-json\/wp\/v2\/product\/5719","targetHints":{"allow":["GET"]}}],"collection":[{"href":"https:\/\/forbabyboss.com\/sv\/wp-json\/wp\/v2\/product"}],"about":[{"href":"https:\/\/forbabyboss.com\/sv\/wp-json\/wp\/v2\/types\/product"}],"wp:featuredmedia":[{"embeddable":true,"href":"https:\/\/forbabyboss.com\/sv\/wp-json\/wp\/v2\/media\/5721"}],"wp:attachment":[{"href":"https:\/\/forbabyboss.com\/sv\/wp-json\/wp\/v2\/media?parent=5719"}],"wp:term":[{"taxonomy":"product_brand","embeddable":true,"href":"https:\/\/forbabyboss.com\/sv\/wp-json\/wp\/v2\/product_brand?post=5719"},{"taxonomy":"product_cat","embeddable":true,"href":"https:\/\/forbabyboss.com\/sv\/wp-json\/wp\/v2\/product_cat?post=5719"},{"taxonomy":"product_tag","embeddable":true,"href":"https:\/\/forbabyboss.com\/sv\/wp-json\/wp\/v2\/product_tag?post=5719"}],"curies":[{"name":"wp","href":"https:\/\/api.w.org\/{rel}","templated":true}]}}