{"id":5942,"date":"2022-09-15T14:37:01","date_gmt":"2022-09-15T14:37:01","guid":{"rendered":"http:\/\/forbabyboss.com\/?post_type=product&#038;p=5942"},"modified":"2026-02-21T10:42:37","modified_gmt":"2026-02-21T10:42:37","slug":"pastel-flamingo-barnvagn-3-i-1-resesystem-isofix-bas-for-nyfodd","status":"publish","type":"product","link":"https:\/\/forbabyboss.com\/sv\/product\/pastel-flamingo-pram-3in1-travel-system-isofix-base-for-newborn\/","title":{"rendered":"Pastel Flamingo Barnvagn 3-i-1 Resesystem Isofix-bas f\u00f6r nyf\u00f6dd"},"content":{"rendered":"<h3 style=\"font-weight: 400; text-align: justify;\"><span style=\"color: #e14d43;\"><strong>Drag:<\/strong><\/span><\/h3>\n<ul style=\"text-align: justify;\">\n<li style=\"font-weight: 400;\"><strong><span style=\"color: #282828;\">Fram\u00e5t- och bak\u00e5tv\u00e4nt l\u00e4ge<\/span><\/strong><\/li>\n<li style=\"font-weight: 400;\"><strong><span style=\"color: #282828;\">n\u00e4tf\u00f6nster p\u00e5 baksidan av huven<\/span><\/strong><\/li>\n<li style=\"font-weight: 400;\"><strong><span style=\"color: #282828;\">Gondolen har mjukt foder som kan tas bort f\u00f6r tv\u00e4tt<\/span><\/strong><\/li>\n<li style=\"font-weight: 400;\"><strong><span style=\"color: #282828;\">Gondol\u00f6verdraget kan lyftas upp f\u00f6r att skapa vindf\u00e5ngare<\/span><\/strong><\/li>\n<li style=\"font-weight: 400;\"><strong><span style=\"color: #282828;\">f\u00f6rl\u00e4ngd huva<\/span><\/strong><\/li>\n<li style=\"font-weight: 400;\"><strong><span style=\"color: #282828;\">barnvagnen \u00e4r utrustad med 5-punkts s\u00e4kerhetsb\u00e4lten<\/span><\/strong><\/li>\n<li style=\"font-weight: 400;\"><strong><span style=\"color: #282828;\">fotst\u00f6d och s\u00e4kerhetsst\u00e5ng kl\u00e4dda i eko-l\u00e4der<\/span><\/strong><\/li>\n<li style=\"font-weight: 400;\"><strong><span style=\"color: #282828;\">Flerniv\u00e5justerbart handtag<\/span><\/strong><\/li>\n<li style=\"font-weight: 400;\"><strong><span style=\"color: #282828;\">Justerbar fj\u00e4dring<\/span><\/strong><\/li>\n<li style=\"font-weight: 400;\"><strong><span style=\"color: #282828;\">Justerbart ben- och ryggst\u00f6d<\/span><\/strong><\/li>\n<li style=\"font-weight: 400;\"><strong><span style=\"color: #282828;\">Robust ram<\/span><\/strong><\/li>\n<li style=\"font-weight: 400;\"><strong><span style=\"color: #282828;\">Centralbroms EASY STOP<\/span><\/strong><\/li>\n<li style=\"font-weight: 400;\"><strong><span style=\"color: #282828;\">Stor varukorg<\/span><\/strong><\/li>\n<\/ul>\n<h3 style=\"font-weight: 400; text-align: justify;\"><strong><span style=\"color: #e14d43;\">Bilbarnstolens funktioner:<\/span><\/strong><\/h3>\n<ul style=\"text-align: justify;\">\n<li style=\"font-weight: 400;\"><strong><span style=\"color: #282828;\">extra insats f\u00f6r sp\u00e4dbarn<\/span><\/strong><\/li>\n<li style=\"font-weight: 400;\"><strong><span style=\"color: #282828;\">justerbart handtag<\/span><\/strong><\/li>\n<li style=\"font-weight: 400;\"><strong><span style=\"color: #282828;\">t\u00e4cka<\/span><\/strong><\/li>\n<li style=\"font-weight: 400;\"><strong><span style=\"color: #282828;\">avtagbar huva<\/span><\/strong><\/li>\n<li style=\"font-weight: 400;\"><strong><span style=\"color: #282828;\">3-punkts s\u00e4kerhetsb\u00e4lten<\/span><\/strong><\/li>\n<\/ul>\n<h3 style=\"text-align: justify;\"><strong><span style=\"color: #e14d43;\">Utrustning:<\/span><\/strong><\/h3>\n<ul style=\"text-align: justify;\">\n<li style=\"font-weight: 400;\"><strong><span style=\"color: #282828;\">ram med handtag i ekol\u00e4der<\/span><\/strong><\/li>\n<li style=\"font-weight: 400;\"><strong><span style=\"color: #282828;\">gondol med justerbart ryggst\u00f6d<\/span><\/strong><\/li>\n<li style=\"font-weight: 400;\"><strong><span style=\"color: #282828;\">Barnvagn<\/span><\/strong><\/li>\n<li style=\"font-weight: 400;\"><strong><span style=\"color: #282828;\">tv\u00e5 \u00f6verdrag (f\u00f6r barnvagn och gondol)<\/span><\/strong><\/li>\n<li style=\"font-weight: 400;\"><strong><span style=\"color: #282828;\">multifunktionell bilbarnstol med adaptrar<\/span><\/strong><\/li>\n<li style=\"font-weight: 400;\"><strong><span style=\"color: #282828;\">regnskydd<\/span><\/strong><\/li>\n<li style=\"font-weight: 400;\"><strong><span style=\"color: #282828;\">myggn\u00e4t<\/span><\/strong><\/li>\n<li style=\"font-weight: 400;\"><strong><span style=\"color: #282828;\">luftfyllda sv\u00e4nghjul<\/span><\/strong><\/li>\n<li style=\"font-weight: 400;\"><strong><span style=\"color: #282828;\">stor ficka p\u00e5 baksidan av v\u00e4skan och tv\u00e5 sm\u00e5 p\u00e5 sidorna<\/span><\/strong><\/li>\n<\/ul>\n<p style=\"font-weight: 400; text-align: justify;\"><strong><span style=\"color: #282828;\">Hopf\u00e4lld ram med hjul (l\u00e4ngd x bredd x h\u00f6jd): 85x60x40cm<\/span><\/strong><\/p>\n<p style=\"font-weight: 400; text-align: justify;\"><strong><span style=\"color: #282828;\">Monterad barnvagn (h\u00f6jd x bredd x l\u00e4ngd): 115x60x95cm<\/span><\/strong><\/p>\n<p style=\"font-weight: 400; text-align: justify;\"><strong><span style=\"color: #282828;\">Gondol inuti (bredd x l\u00e4ngd x h\u00f6jd): 36x80x20cm<\/span><\/strong><\/p>\n<p style=\"font-weight: 400; text-align: justify;\"><strong><span style=\"color: #282828;\">Barnvagnens insida (bredd x ryggst\u00f6dets l\u00e4ngd x sitsl\u00e4ngd x fotst\u00f6dets l\u00e4ngd): 34x48x26x23 cm<\/span><\/strong><\/p>\n<p style=\"font-weight: 400; text-align: justify;\"><strong><span style=\"color: #282828;\">Ram med hjul: 10 kg<\/span><\/strong><\/p>\n<p style=\"font-weight: 400; text-align: justify;\"><strong><span style=\"color: #282828;\">Barnvagn: 15 kg<\/span><\/strong><\/p>\n<p style=\"font-weight: 400; text-align: justify;\"><strong><span style=\"color: #282828;\">Djup barnvagn: 16 kg<\/span><\/strong><\/p>\n<p style=\"font-weight: 400; text-align: justify;\"><strong><span style=\"color: #282828;\">R\u00e4ckvidd f\u00f6r reglerat handtag: 70 cm till 115 cm<\/span><\/strong><\/p>\n<p style=\"font-weight: 400; text-align: justify;\"><strong><span style=\"color: #282828;\">12 m\u00e5naders garanti<\/span><\/strong><\/p>\n<p>&nbsp;<\/p>\n<p><strong><a href=\"http:\/\/forbabyboss.com\/wp-content\/uploads\/2022\/09\/checkout.png\"><img loading=\"lazy\" decoding=\"async\" class=\"alignnone wp-image-5965\" src=\"http:\/\/forbabyboss.com\/wp-content\/uploads\/2022\/09\/checkout.png\" alt=\"\" width=\"1000\" height=\"368\" srcset=\"https:\/\/forbabyboss.com\/wp-content\/uploads\/2022\/09\/checkout.png 750w, https:\/\/forbabyboss.com\/wp-content\/uploads\/2022\/09\/checkout-600x221.png 600w\" sizes=\"auto, (max-width: 1000px) 100vw, 1000px\" \/><\/a><\/strong><\/p>","protected":false},"excerpt":{"rendered":"<p><a href=\"http:\/\/forbabyboss.com\/wp-content\/uploads\/2022\/09\/Star-Rating-5.png\"><img loading=\"lazy\" decoding=\"async\" class=\"alignnone size-full wp-image-5973 aligncenter\" src=\"http:\/\/forbabyboss.com\/wp-content\/uploads\/2022\/09\/Star-Rating-5.png\" alt=\"\" width=\"275\" height=\"45\" \/><\/a><\/p>\n<p style=\"text-align: center;\"><span style=\"color: #ed1c24; font-size: 120%;\"><b>PRISGARANTI<\/b><\/span><\/p>\n<p style=\"text-align: center;\"><span style=\"font-size: 115%;\"><span style=\"font-weight: 400; color: #4f4fa7;\">Fri leverans<\/span><span style=\"font-weight: 400;\"> \u2013 2\u20137 dagar<\/span><\/span><\/p>\n<p style=\"text-align: center;\"><strong><span style=\"color: #29606b;\">Gratis g\u00e5va vid k\u00f6p \u00f6ver 100 pund<\/span><\/strong><\/p>","protected":false},"featured_media":5943,"template":"","meta":[],"product_brand":[370],"product_cat":[338,339,156,305,270,303,130,209,211],"product_tag":[163,199],"class_list":{"0":"post-5942","1":"product","2":"type-product","3":"status-publish","4":"has-post-thumbnail","6":"product_brand-babylux","7":"product_cat-600-to-700","8":"product_cat-700-to-800","9":"product_cat-3-in-1","10":"product_cat-colour","11":"product_cat-multicolor","12":"product_cat-pattern","13":"product_cat-prams","14":"product_cat-push-chairs","15":"product_cat-stroller","16":"product_tag-3-in-1-prams","17":"product_tag-prams","19":"first","20":"instock","21":"sale","22":"shipping-taxable","23":"purchasable","24":"product-type-simple"},"yoast_head":"<!-- This site is optimized with the Yoast SEO plugin v27.5 - https:\/\/yoast.com\/product\/yoast-seo-wordpress\/ -->\n<title>Pastel Flamingo Pram 3in1 Travel System Isofix Base for Newborn - For Baby Boss<\/title>\n<meta name=\"description\" content=\"Pastel Flamingo Pram 3in1 Travel System Isofix Base for Newborn\" \/>\n<meta name=\"robots\" content=\"index, follow, max-snippet:-1, max-image-preview:large, max-video-preview:-1\" \/>\n<link rel=\"canonical\" href=\"https:\/\/forbabyboss.com\/sv\/produkt\/pastel-flamingo-barnvagn-3-i-1-resesystem-isofix-bas-for-nyfodd\/\" \/>\n<meta property=\"og:locale\" content=\"sv_SE\" \/>\n<meta property=\"og:type\" content=\"article\" \/>\n<meta property=\"og:title\" content=\"Pastel Flamingo Pram 3in1 Travel System Isofix Base for Newborn - For Baby Boss\" \/>\n<meta property=\"og:description\" content=\"Pastel Flamingo Pram 3in1 Travel System Isofix Base for Newborn\" \/>\n<meta property=\"og:url\" content=\"https:\/\/forbabyboss.com\/sv\/produkt\/pastel-flamingo-barnvagn-3-i-1-resesystem-isofix-bas-for-nyfodd\/\" \/>\n<meta property=\"og:site_name\" content=\"For Baby Boss\" \/>\n<meta property=\"article:modified_time\" content=\"2026-02-21T10:42:37+00:00\" \/>\n<meta property=\"og:image\" content=\"https:\/\/forbabyboss.com\/wp-content\/uploads\/2022\/09\/Baby-Pram-3-in-1-Pushchair-Travel-System-ISOFIX-Base-Car-Seat-Buggy-Newborn-Pastel-Flamingo.png\" \/>\n\t<meta property=\"og:image:width\" content=\"1204\" \/>\n\t<meta property=\"og:image:height\" content=\"852\" \/>\n\t<meta property=\"og:image:type\" content=\"image\/png\" \/>\n<meta name=\"twitter:card\" content=\"summary_large_image\" \/>\n<meta name=\"twitter:label1\" content=\"Ber\u00e4knad l\u00e4stid\" \/>\n\t<meta name=\"twitter:data1\" content=\"2 minuter\" \/>\n<script type=\"application\/ld+json\" class=\"yoast-schema-graph\">{\"@context\":\"https:\\\/\\\/schema.org\",\"@graph\":[{\"@type\":\"WebPage\",\"@id\":\"https:\\\/\\\/forbabyboss.com\\\/product\\\/pastel-flamingo-pram-3in1-travel-system-isofix-base-for-newborn\\\/\",\"url\":\"https:\\\/\\\/forbabyboss.com\\\/product\\\/pastel-flamingo-pram-3in1-travel-system-isofix-base-for-newborn\\\/\",\"name\":\"Pastel Flamingo Pram 3in1 Travel System Isofix Base for Newborn - For Baby Boss\",\"isPartOf\":{\"@id\":\"https:\\\/\\\/powderblue-seahorse-496884.hostingersite.com\\\/#website\"},\"primaryImageOfPage\":{\"@id\":\"https:\\\/\\\/forbabyboss.com\\\/product\\\/pastel-flamingo-pram-3in1-travel-system-isofix-base-for-newborn\\\/#primaryimage\"},\"image\":{\"@id\":\"https:\\\/\\\/forbabyboss.com\\\/product\\\/pastel-flamingo-pram-3in1-travel-system-isofix-base-for-newborn\\\/#primaryimage\"},\"thumbnailUrl\":\"https:\\\/\\\/forbabyboss.com\\\/wp-content\\\/uploads\\\/2022\\\/09\\\/Baby-Pram-3-in-1-Pushchair-Travel-System-ISOFIX-Base-Car-Seat-Buggy-Newborn-Pastel-Flamingo.png\",\"datePublished\":\"2022-09-15T14:37:01+00:00\",\"dateModified\":\"2026-02-21T10:42:37+00:00\",\"description\":\"Pastel Flamingo Pram 3in1 Travel System Isofix Base for Newborn\",\"breadcrumb\":{\"@id\":\"https:\\\/\\\/forbabyboss.com\\\/product\\\/pastel-flamingo-pram-3in1-travel-system-isofix-base-for-newborn\\\/#breadcrumb\"},\"inLanguage\":\"sv-SE\",\"potentialAction\":[{\"@type\":\"ReadAction\",\"target\":[\"https:\\\/\\\/forbabyboss.com\\\/product\\\/pastel-flamingo-pram-3in1-travel-system-isofix-base-for-newborn\\\/\"]}]},{\"@type\":\"ImageObject\",\"inLanguage\":\"sv-SE\",\"@id\":\"https:\\\/\\\/forbabyboss.com\\\/product\\\/pastel-flamingo-pram-3in1-travel-system-isofix-base-for-newborn\\\/#primaryimage\",\"url\":\"https:\\\/\\\/forbabyboss.com\\\/wp-content\\\/uploads\\\/2022\\\/09\\\/Baby-Pram-3-in-1-Pushchair-Travel-System-ISOFIX-Base-Car-Seat-Buggy-Newborn-Pastel-Flamingo.png\",\"contentUrl\":\"https:\\\/\\\/forbabyboss.com\\\/wp-content\\\/uploads\\\/2022\\\/09\\\/Baby-Pram-3-in-1-Pushchair-Travel-System-ISOFIX-Base-Car-Seat-Buggy-Newborn-Pastel-Flamingo.png\",\"width\":1204,\"height\":852},{\"@type\":\"BreadcrumbList\",\"@id\":\"https:\\\/\\\/forbabyboss.com\\\/product\\\/pastel-flamingo-pram-3in1-travel-system-isofix-base-for-newborn\\\/#breadcrumb\",\"itemListElement\":[{\"@type\":\"ListItem\",\"position\":1,\"name\":\"Home\",\"item\":\"https:\\\/\\\/forbabyboss.com\\\/\"},{\"@type\":\"ListItem\",\"position\":2,\"name\":\"Shop\",\"item\":\"https:\\\/\\\/forbabyboss.com\\\/shop\\\/\"},{\"@type\":\"ListItem\",\"position\":3,\"name\":\"Pastel Flamingo Pram 3in1 Travel System Isofix Base for Newborn\"}]},{\"@type\":\"WebSite\",\"@id\":\"https:\\\/\\\/powderblue-seahorse-496884.hostingersite.com\\\/#website\",\"url\":\"https:\\\/\\\/powderblue-seahorse-496884.hostingersite.com\\\/\",\"name\":\"For Baby Boss\",\"description\":\"Beautiful gifts and accessories for your baby boss\",\"potentialAction\":[{\"@type\":\"SearchAction\",\"target\":{\"@type\":\"EntryPoint\",\"urlTemplate\":\"https:\\\/\\\/powderblue-seahorse-496884.hostingersite.com\\\/?s={search_term_string}\"},\"query-input\":{\"@type\":\"PropertyValueSpecification\",\"valueRequired\":true,\"valueName\":\"search_term_string\"}}],\"inLanguage\":\"sv-SE\"}]}<\/script>\n<!-- \/ Yoast SEO plugin. -->","yoast_head_json":{"title":"Pastel Flamingo Barnvagn 3-i-1 Resesystem Isofix-bas f\u00f6r nyf\u00f6dd - F\u00f6r Baby Boss","description":"Pastel Flamingo Barnvagn 3-i-1 Resesystem Isofix-bas f\u00f6r nyf\u00f6dd","robots":{"index":"index","follow":"follow","max-snippet":"max-snippet:-1","max-image-preview":"max-image-preview:large","max-video-preview":"max-video-preview:-1"},"canonical":"https:\/\/forbabyboss.com\/sv\/produkt\/pastel-flamingo-barnvagn-3-i-1-resesystem-isofix-bas-for-nyfodd\/","og_locale":"sv_SE","og_type":"article","og_title":"Pastel Flamingo Pram 3in1 Travel System Isofix Base for Newborn - For Baby Boss","og_description":"Pastel Flamingo Pram 3in1 Travel System Isofix Base for Newborn","og_url":"https:\/\/forbabyboss.com\/sv\/produkt\/pastel-flamingo-barnvagn-3-i-1-resesystem-isofix-bas-for-nyfodd\/","og_site_name":"For Baby Boss","article_modified_time":"2026-02-21T10:42:37+00:00","og_image":[{"width":1204,"height":852,"url":"https:\/\/forbabyboss.com\/wp-content\/uploads\/2022\/09\/Baby-Pram-3-in-1-Pushchair-Travel-System-ISOFIX-Base-Car-Seat-Buggy-Newborn-Pastel-Flamingo.png","type":"image\/png"}],"twitter_card":"summary_large_image","twitter_misc":{"Ber\u00e4knad l\u00e4stid":"2 minuter"},"schema":{"@context":"https:\/\/schema.org","@graph":[{"@type":"WebPage","@id":"https:\/\/forbabyboss.com\/product\/pastel-flamingo-pram-3in1-travel-system-isofix-base-for-newborn\/","url":"https:\/\/forbabyboss.com\/product\/pastel-flamingo-pram-3in1-travel-system-isofix-base-for-newborn\/","name":"Pastel Flamingo Barnvagn 3-i-1 Resesystem Isofix-bas f\u00f6r nyf\u00f6dd - F\u00f6r Baby Boss","isPartOf":{"@id":"https:\/\/powderblue-seahorse-496884.hostingersite.com\/#website"},"primaryImageOfPage":{"@id":"https:\/\/forbabyboss.com\/product\/pastel-flamingo-pram-3in1-travel-system-isofix-base-for-newborn\/#primaryimage"},"image":{"@id":"https:\/\/forbabyboss.com\/product\/pastel-flamingo-pram-3in1-travel-system-isofix-base-for-newborn\/#primaryimage"},"thumbnailUrl":"https:\/\/forbabyboss.com\/wp-content\/uploads\/2022\/09\/Baby-Pram-3-in-1-Pushchair-Travel-System-ISOFIX-Base-Car-Seat-Buggy-Newborn-Pastel-Flamingo.png","datePublished":"2022-09-15T14:37:01+00:00","dateModified":"2026-02-21T10:42:37+00:00","description":"Pastel Flamingo Barnvagn 3-i-1 Resesystem Isofix-bas f\u00f6r nyf\u00f6dd","breadcrumb":{"@id":"https:\/\/forbabyboss.com\/product\/pastel-flamingo-pram-3in1-travel-system-isofix-base-for-newborn\/#breadcrumb"},"inLanguage":"sv-SE","potentialAction":[{"@type":"ReadAction","target":["https:\/\/forbabyboss.com\/product\/pastel-flamingo-pram-3in1-travel-system-isofix-base-for-newborn\/"]}]},{"@type":"ImageObject","inLanguage":"sv-SE","@id":"https:\/\/forbabyboss.com\/product\/pastel-flamingo-pram-3in1-travel-system-isofix-base-for-newborn\/#primaryimage","url":"https:\/\/forbabyboss.com\/wp-content\/uploads\/2022\/09\/Baby-Pram-3-in-1-Pushchair-Travel-System-ISOFIX-Base-Car-Seat-Buggy-Newborn-Pastel-Flamingo.png","contentUrl":"https:\/\/forbabyboss.com\/wp-content\/uploads\/2022\/09\/Baby-Pram-3-in-1-Pushchair-Travel-System-ISOFIX-Base-Car-Seat-Buggy-Newborn-Pastel-Flamingo.png","width":1204,"height":852},{"@type":"BreadcrumbList","@id":"https:\/\/forbabyboss.com\/product\/pastel-flamingo-pram-3in1-travel-system-isofix-base-for-newborn\/#breadcrumb","itemListElement":[{"@type":"ListItem","position":1,"name":"Home","item":"https:\/\/forbabyboss.com\/"},{"@type":"ListItem","position":2,"name":"Shop","item":"https:\/\/forbabyboss.com\/shop\/"},{"@type":"ListItem","position":3,"name":"Pastel Flamingo Pram 3in1 Travel System Isofix Base for Newborn"}]},{"@type":"WebSite","@id":"https:\/\/powderblue-seahorse-496884.hostingersite.com\/#website","url":"https:\/\/powderblue-seahorse-496884.hostingersite.com\/","name":"F\u00f6r Baby Boss","description":"Vackra presenter och tillbeh\u00f6r till din babychef","potentialAction":[{"@type":"SearchAction","target":{"@type":"EntryPoint","urlTemplate":"https:\/\/powderblue-seahorse-496884.hostingersite.com\/?s={search_term_string}"},"query-input":{"@type":"PropertyValueSpecification","valueRequired":true,"valueName":"search_term_string"}}],"inLanguage":"sv-SE"}]}},"_links":{"self":[{"href":"https:\/\/forbabyboss.com\/sv\/wp-json\/wp\/v2\/product\/5942","targetHints":{"allow":["GET"]}}],"collection":[{"href":"https:\/\/forbabyboss.com\/sv\/wp-json\/wp\/v2\/product"}],"about":[{"href":"https:\/\/forbabyboss.com\/sv\/wp-json\/wp\/v2\/types\/product"}],"wp:featuredmedia":[{"embeddable":true,"href":"https:\/\/forbabyboss.com\/sv\/wp-json\/wp\/v2\/media\/5943"}],"wp:attachment":[{"href":"https:\/\/forbabyboss.com\/sv\/wp-json\/wp\/v2\/media?parent=5942"}],"wp:term":[{"taxonomy":"product_brand","embeddable":true,"href":"https:\/\/forbabyboss.com\/sv\/wp-json\/wp\/v2\/product_brand?post=5942"},{"taxonomy":"product_cat","embeddable":true,"href":"https:\/\/forbabyboss.com\/sv\/wp-json\/wp\/v2\/product_cat?post=5942"},{"taxonomy":"product_tag","embeddable":true,"href":"https:\/\/forbabyboss.com\/sv\/wp-json\/wp\/v2\/product_tag?post=5942"}],"curies":[{"name":"wp","href":"https:\/\/api.w.org\/{rel}","templated":true}]}}