{"id":6092,"date":"2022-09-25T14:51:52","date_gmt":"2022-09-25T14:51:52","guid":{"rendered":"http:\/\/forbabyboss.com\/?post_type=product&#038;p=6092"},"modified":"2026-02-18T17:48:14","modified_gmt":"2026-02-18T17:48:14","slug":"ny-babyvagn-retro-set-klassisk-sittvagn-3-i-1-resesystem-svart-gra-ram","status":"publish","type":"product","link":"https:\/\/forbabyboss.com\/sv\/product\/new-baby-pram-retro-set-classic-pushchair-3in1-travel-system-black-greyframe\/","title":{"rendered":"Ny Babyvagn Retro Set Klassisk Sittvagn 3-i-1 Resesystem Svart Gr\u00e5 Ram"},"content":{"rendered":"<h1><\/h1>\n<div style=\"width: 1020px;\" class=\"wp-video\"><video class=\"wp-video-shortcode\" id=\"video-6092-1\" width=\"1020\" height=\"574\" preload=\"metadata\" controls=\"controls\"><source type=\"video\/mp4\" src=\"http:\/\/forbabyboss.com\/wp-content\/uploads\/2022\/09\/romantic-vid-1.mp4?_=1\" \/><a href=\"http:\/\/forbabyboss.com\/wp-content\/uploads\/2022\/09\/romantic-vid-1.mp4\">http:\/\/forbabyboss.com\/wp-content\/uploads\/2022\/09\/romantic-vid-1.mp4<\/a><\/video><\/div>\n<p style=\"text-align: justify;\"><strong><span style=\"color: #808080;\">V\u00e5ra barnvagnar tillverkas av material och tyger av h\u00f6gsta kvalitet, med n\u00f6dv\u00e4ndiga godk\u00e4nnanden och certifikat som garanterar \u00f6verensst\u00e4mmelse med europeiska h\u00e4lso- och s\u00e4kerhetsstandarder. ROMANTIC-vagnen f\u00f6renar perfekt komfort med modernitet. Fr\u00e5n barnets f\u00f6rsta liv, tills det b\u00f6rjar sitta ner sj\u00e4lvst\u00e4ndigt, anv\u00e4nds en bekv\u00e4m och l\u00e4tt liggdel med benskydd. Barnvagnen tj\u00e4nar barnet senare n\u00e4r det kan sitta sj\u00e4lv. Praktiskt \u00e4r sedan justerbart fotst\u00f6d, vilket g\u00f6r att du kan \u00e4ndra positionen efter barnets \u00e5lder och behov. S\u00e4kerhetsgrind, fempunktsb\u00e4lten och grenb\u00e4lte f\u00f6rb\u00e4ttrar ocks\u00e5 komfort och s\u00e4kerhet.<\/span><\/strong><\/p>\n<h4 style=\"text-align: justify;\"><span style=\"color: #e14d43;\"><strong>SETET INNEH\u00c5LLER:<\/strong><\/span><\/h4>\n<p style=\"text-align: justify;\"><strong><span style=\"color: #808080;\">1. RAM MED UPPL\u00c5SBARA HJUL<\/span><\/strong><br \/>\n<strong><span style=\"color: #808080;\">2. BARNKOLA (SUVA OCH \u00d6VERDRAG)<\/span><\/strong><br \/>\n<strong><span style=\"color: #808080;\">3. BARNVAGN (SUFKA OCH \u00d6VERDRAG), VAGNVAGN MED SUFKA OCH \u00d6VERDRAG, DEN HAR JUSTERBART RYGGST\u00d6D OCH FOTST\u00d6D\u00a0<\/span><\/strong><br \/>\n<strong><span style=\"color: #808080;\">4. BILSTOL (SUV OCH \u00d6VERDRAG)<\/span><\/strong><br \/>\n<strong><span style=\"color: #808080;\">5. FEMPUNKTS S\u00c4KERHETSB\u00c4LTE.<\/span><\/strong><br \/>\n<strong><span style=\"color: #808080;\">5. STOR V\u00c4SKA<\/span><\/strong><br \/>\n<strong><span style=\"color: #808080;\">6. VARUKORG<\/span><\/strong><br \/>\n<strong><span style=\"color: #808080;\">7. REGNSKYDD<\/span><\/strong><br \/>\n<strong><span style=\"color: #808080;\">8. VATTENT\u00c4T FOLIE<\/span><\/strong><br \/>\n<strong><span style=\"color: #808080;\">9. MYGGN\u00c4T<\/span><\/strong><br \/>\n<strong><span style=\"color: #808080;\">10. BABYSTOAL MED SUVA OCH BEN\u00d6VERDRAG, BABYSTOALEN \u00c4R L\u00c4MPLIG F\u00d6R BARN UPP TILL 13 KG, DEN HAR JUSTERBART HANDTAG, INS\u00c4TT F\u00d6R BABY- OCH VAGGFUNKTION<\/span><\/strong><\/p>\n<p style=\"text-align: justify;\"><strong><span style=\"color: #808080;\">Barnvagnarna vi erbjuder \u00e4r tillverkade i enlighet med europeiska standarder PN-EN 1888:2018 och har certifikat fr\u00e5n v\u00e4lrenommerade institutioner som garanterar h\u00f6gsta produktkvalitet och s\u00e4kerhet.<\/span><\/strong><\/p>\n<p style=\"text-align: justify;\"><strong><span style=\"color: #808080;\">Romantiska barnvagnar levereras med s\u00e4kerhets- och kvalitetscertifikat<\/span><\/strong><\/p>\n<p style=\"text-align: justify;\"><span style=\"color: #e14d43;\"><strong>Barnvagnsstruktur:<\/strong><\/span><\/p>\n<p style=\"text-align: justify;\"><strong><span style=\"color: #808080;\">\u2022 placera liggdel, barnvagn och bilbarnstol i fram\u00e5t- och bak\u00e5tv\u00e4nda l\u00e4gen<\/span><\/strong><br \/>\n<strong><span style=\"color: #808080;\">\u2022 varje hjul har ett lager, vilket f\u00f6rb\u00e4ttrar komforten<\/span><\/strong><br \/>\n<strong><span style=\"color: #808080;\">\u2022 stor korg som h\u00e4nger under barnvagnen<\/span><\/strong><br \/>\n<strong><span style=\"color: #808080;\">\u2022 justerbar handtagsh\u00f6jd<\/span><\/strong><br \/>\n<strong><span style=\"color: #808080;\">\u2022 enkel ramf\u00e4llning och liten storlek n\u00e4r den \u00e4r hopf\u00e4lld<\/span><\/strong><br \/>\n<strong><span style=\"color: #808080;\">\u2022 M\u00e5tt f\u00f6r hopf\u00e4llda ramar med hjul:<\/span><\/strong><br \/>\n<strong><span style=\"color: #808080;\">\u2022 l\u00e4ngd 85 cm<\/span><\/strong><br \/>\n<strong><span style=\"color: #808080;\">\u2022 bredd 60 cm<\/span><\/strong><br \/>\n<strong><span style=\"color: #808080;\">\u2022 H\u00f6jd 41 cm<\/span><\/strong><br \/>\n<strong><span style=\"color: #808080;\">\u2022 Ramvikt 11 kg<\/span><\/strong><br \/>\n<strong><span style=\"color: #808080;\">\u2022 Vikt barnvagn med liggdel eller sittvagn 15 kg\u00a0<\/span><\/strong><\/p>\n<p style=\"text-align: justify;\"><span style=\"color: #e14d43;\"><strong>M\u00e5tt barnvagn med liggdel:<\/strong><\/span><\/p>\n<p style=\"text-align: justify;\"><strong><span style=\"color: #808080;\">\u2022 Bredd 60 cm<\/span><\/strong><br \/>\n<strong><span style=\"color: #808080;\">\u2022 H\u00f6jd till huva 128 cm<\/span><\/strong><br \/>\n<strong><span style=\"color: #808080;\">\u2022 Handtagsh\u00f6jd 103 cm<\/span><\/strong><\/p>\n<p style=\"text-align: justify;\"><span style=\"color: #e14d43;\"><strong>Liggdel:<\/strong><\/span><\/p>\n<p style=\"text-align: justify;\"><strong><span style=\"color: #808080;\">\u2022 liggdel med vaggfunktion och dess blockering<\/span><\/strong><br \/>\n<strong><span style=\"color: #808080;\">\u2022 justerbar ryggst\u00f6dsh\u00f6jd p\u00e5 liggdelen<\/span><\/strong><br \/>\n<strong><span style=\"color: #808080;\">\u2022 justerat skydd f\u00f6r att skydda mot ogynnsamma v\u00e4derf\u00f6rh\u00e5llanden<\/span><\/strong><br \/>\n<strong><span style=\"color: #808080;\">\u2022 handtaget i suffletten g\u00f6r det m\u00f6jligt att b\u00e4ra liggdelen med barnet<\/span><\/strong><br \/>\n<strong><span style=\"color: #808080;\">\u2022 regnskydd<\/span><\/strong><br \/>\n<strong><span style=\"color: #808080;\">\u2022 madrass och fint foder i liggdelen<\/span><\/strong><br \/>\n<strong><span style=\"color: #808080;\">\u2022 m\u00e5tt inifr\u00e5n: 86Lx44Bx21H<\/span><\/strong><br \/>\n<strong><span style=\"color: #808080;\">\u2022 vikt 4 kg<\/span><\/strong><\/p>\n<p style=\"text-align: justify;\"><span style=\"color: #e14d43;\"><strong>Sportstol:<\/strong><\/span><\/p>\n<p style=\"text-align: justify;\"><strong><span style=\"color: #808080;\">\u2022 benskydd<\/span><\/strong><br \/>\n<strong><span style=\"color: #808080;\">\u2022 avtagbar justerbar huva<\/span><\/strong><br \/>\n<strong><span style=\"color: #808080;\">\u2022 avtagbar s\u00e4kerhetsst\u00e5ng<\/span><\/strong><br \/>\n<strong><span style=\"color: #808080;\">\u2022 Ryggst\u00f6dsjustering i 4 l\u00e4gen<\/span><\/strong><br \/>\n<strong><span style=\"color: #808080;\">\u2022 justerbart fotst\u00f6d<\/span><\/strong><br \/>\n<strong><span style=\"color: #808080;\">\u2022 platt liggande position f\u00f6r barnet<\/span><\/strong><br \/>\n<strong><span style=\"color: #808080;\">\u2022 justerbar fempunktssele<\/span><\/strong><br \/>\n<strong><span style=\"color: #808080;\">\u2022 ficka baktill p\u00e5 huvan<\/span><\/strong><br \/>\n<strong><span style=\"color: #808080;\">\u2022 m\u00e5tt inifr\u00e5n:<\/span><\/strong><br \/>\n<strong><span style=\"color: #808080;\">\u2022 l\u00e4ngd 90 cm (ryggst\u00f6d 47, sits 23, fotst\u00f6d 21)<\/span><\/strong><br \/>\n<strong><span style=\"color: #808080;\">\u2022 bredd 42 cm<\/span><\/strong><br \/>\n<strong><span style=\"color: #808080;\">\u2022 vikt 3,7 kg<\/span><\/strong><\/p>\n<p style=\"text-align: justify;\"><span style=\"color: #e14d43;\"><strong>Bilbarnstol med adapter:<\/strong><\/span><\/p>\n<p style=\"text-align: justify;\"><strong><span style=\"color: #808080;\">\u2022 trepunkts justerbar s\u00e4kerhetssele med skydd<\/span><\/strong><br \/>\n<strong><span style=\"color: #808080;\">\u2022 avtagbar huva och \u00f6verdrag<\/span><\/strong><br \/>\n<strong><span style=\"color: #808080;\">\u2022 inl\u00e4gg f\u00f6r sp\u00e4dbarn<\/span><\/strong><br \/>\n<strong><span style=\"color: #808080;\">\u2022 justerbart handtag<\/span><\/strong><br \/>\n<strong><span style=\"color: #808080;\">\u2022 vaggfunktion med l\u00e5s<\/span><\/strong><br \/>\n<strong><span style=\"color: #808080;\">\u2022 bilbarnstolen \u00e4r l\u00e4mplig f\u00f6r transport av barn med bil<\/span><\/strong><br \/>\n<strong><span style=\"color: #808080;\">\u2022 homologering ECE R44\/04<\/span><\/strong><\/p>\n<p>&nbsp;<\/p>\n<p><a href=\"http:\/\/forbabyboss.com\/wp-content\/uploads\/2022\/09\/checkout.png\"><img loading=\"lazy\" decoding=\"async\" class=\"alignnone wp-image-5965\" src=\"http:\/\/forbabyboss.com\/wp-content\/uploads\/2022\/09\/checkout.png\" alt=\"\" width=\"992\" height=\"365\" srcset=\"https:\/\/forbabyboss.com\/wp-content\/uploads\/2022\/09\/checkout.png 750w, https:\/\/forbabyboss.com\/wp-content\/uploads\/2022\/09\/checkout-600x221.png 600w\" sizes=\"auto, (max-width: 992px) 100vw, 992px\" \/><\/a><\/p>","protected":false},"excerpt":{"rendered":"<p><a href=\"http:\/\/forbabyboss.com\/wp-content\/uploads\/2022\/09\/Star-Rating-5.png\"><img loading=\"lazy\" decoding=\"async\" class=\"alignnone size-full wp-image-5973 aligncenter\" src=\"http:\/\/forbabyboss.com\/wp-content\/uploads\/2022\/09\/Star-Rating-5.png\" alt=\"\" width=\"275\" height=\"45\" \/><\/a><\/p>\n<p style=\"text-align: center;\"><span style=\"color: #ed1c24; font-size: 120%;\"><b>PRISGARANTI<\/b><\/span><\/p>\n<p style=\"text-align: center;\"><span style=\"font-size: 115%;\"><span style=\"font-weight: 400; color: #4f4fa7;\">Fri leverans<\/span><span style=\"font-weight: 400;\"> \u2013 2\u20137 dagar<\/span><\/span><\/p>\n<p style=\"text-align: center;\"><strong><span style=\"color: #29606b;\">Gratis g\u00e5va vid k\u00f6p \u00f6ver 100 pund<\/span><\/strong><\/p>","protected":false},"featured_media":6094,"template":"","meta":[],"product_brand":[577],"product_cat":[339,156,207,305,210,158,303,130,209,211],"product_tag":[163,199],"class_list":{"0":"post-6092","1":"product","2":"type-product","3":"status-publish","4":"has-post-thumbnail","6":"product_brand-kunert","7":"product_cat-700-to-800","8":"product_cat-3-in-1","9":"product_cat-black","10":"product_cat-colour","11":"product_cat-grey","12":"product_cat-new-collection","13":"product_cat-pattern","14":"product_cat-prams","15":"product_cat-push-chairs","16":"product_cat-stroller","17":"product_tag-3-in-1-prams","18":"product_tag-prams","20":"first","21":"instock","22":"sale","23":"shipping-taxable","24":"purchasable","25":"product-type-simple"},"yoast_head":"<!-- This site is optimized with the Yoast SEO plugin v27.5 - https:\/\/yoast.com\/product\/yoast-seo-wordpress\/ -->\n<title>New Baby Pram Retro Set Classic Pushchair 3in1 Travel System Black Grey Frame - For Baby Boss<\/title>\n<meta name=\"description\" content=\"New Baby Pram Retro Set Classic Pushchair 3in1 Travel System Black Grey Frame\" \/>\n<meta name=\"robots\" content=\"index, follow, max-snippet:-1, max-image-preview:large, max-video-preview:-1\" \/>\n<link rel=\"canonical\" href=\"https:\/\/forbabyboss.com\/sv\/produkt\/ny-babyvagn-retro-set-klassisk-sittvagn-3-i-1-resesystem-svart-gra-ram\/\" \/>\n<meta property=\"og:locale\" content=\"sv_SE\" \/>\n<meta property=\"og:type\" content=\"article\" \/>\n<meta property=\"og:title\" content=\"New Baby Pram Retro Set Classic Pushchair 3in1 Travel System Black Grey Frame - For Baby Boss\" \/>\n<meta property=\"og:description\" content=\"New Baby Pram Retro Set Classic Pushchair 3in1 Travel System Black Grey Frame\" \/>\n<meta property=\"og:url\" content=\"https:\/\/forbabyboss.com\/sv\/produkt\/ny-babyvagn-retro-set-klassisk-sittvagn-3-i-1-resesystem-svart-gra-ram\/\" \/>\n<meta property=\"og:site_name\" content=\"For Baby Boss\" \/>\n<meta property=\"article:modified_time\" content=\"2026-02-18T17:48:14+00:00\" \/>\n<meta property=\"og:image\" content=\"https:\/\/forbabyboss.com\/wp-content\/uploads\/2022\/09\/Baby-Pram-Retro-Buggy-Set-Classic-Pushchair-3in1Travel-System-NEW-2022-FREEBIES-Black-black-frame-main-1.png\" \/>\n\t<meta property=\"og:image:width\" content=\"1600\" \/>\n\t<meta property=\"og:image:height\" content=\"1600\" \/>\n\t<meta property=\"og:image:type\" content=\"image\/png\" \/>\n<meta name=\"twitter:card\" content=\"summary_large_image\" \/>\n<meta name=\"twitter:label1\" content=\"Ber\u00e4knad l\u00e4stid\" \/>\n\t<meta name=\"twitter:data1\" content=\"3 minuter\" \/>\n<script type=\"application\/ld+json\" class=\"yoast-schema-graph\">{\"@context\":\"https:\\\/\\\/schema.org\",\"@graph\":[{\"@type\":\"WebPage\",\"@id\":\"https:\\\/\\\/forbabyboss.com\\\/product\\\/new-baby-pram-retro-set-classic-pushchair-3in1-travel-system-black-greyframe\\\/\",\"url\":\"https:\\\/\\\/forbabyboss.com\\\/product\\\/new-baby-pram-retro-set-classic-pushchair-3in1-travel-system-black-greyframe\\\/\",\"name\":\"New Baby Pram Retro Set Classic Pushchair 3in1 Travel System Black Grey Frame - For Baby Boss\",\"isPartOf\":{\"@id\":\"https:\\\/\\\/powderblue-seahorse-496884.hostingersite.com\\\/#website\"},\"primaryImageOfPage\":{\"@id\":\"https:\\\/\\\/forbabyboss.com\\\/product\\\/new-baby-pram-retro-set-classic-pushchair-3in1-travel-system-black-greyframe\\\/#primaryimage\"},\"image\":{\"@id\":\"https:\\\/\\\/forbabyboss.com\\\/product\\\/new-baby-pram-retro-set-classic-pushchair-3in1-travel-system-black-greyframe\\\/#primaryimage\"},\"thumbnailUrl\":\"https:\\\/\\\/forbabyboss.com\\\/wp-content\\\/uploads\\\/2022\\\/09\\\/Baby-Pram-Retro-Buggy-Set-Classic-Pushchair-3in1Travel-System-NEW-2022-FREEBIES-Black-black-frame-main-1.png\",\"datePublished\":\"2022-09-25T14:51:52+00:00\",\"dateModified\":\"2026-02-18T17:48:14+00:00\",\"description\":\"New Baby Pram Retro Set Classic Pushchair 3in1 Travel System Black Grey Frame\",\"breadcrumb\":{\"@id\":\"https:\\\/\\\/forbabyboss.com\\\/product\\\/new-baby-pram-retro-set-classic-pushchair-3in1-travel-system-black-greyframe\\\/#breadcrumb\"},\"inLanguage\":\"sv-SE\",\"potentialAction\":[{\"@type\":\"ReadAction\",\"target\":[\"https:\\\/\\\/forbabyboss.com\\\/product\\\/new-baby-pram-retro-set-classic-pushchair-3in1-travel-system-black-greyframe\\\/\"]}]},{\"@type\":\"ImageObject\",\"inLanguage\":\"sv-SE\",\"@id\":\"https:\\\/\\\/forbabyboss.com\\\/product\\\/new-baby-pram-retro-set-classic-pushchair-3in1-travel-system-black-greyframe\\\/#primaryimage\",\"url\":\"https:\\\/\\\/forbabyboss.com\\\/wp-content\\\/uploads\\\/2022\\\/09\\\/Baby-Pram-Retro-Buggy-Set-Classic-Pushchair-3in1Travel-System-NEW-2022-FREEBIES-Black-black-frame-main-1.png\",\"contentUrl\":\"https:\\\/\\\/forbabyboss.com\\\/wp-content\\\/uploads\\\/2022\\\/09\\\/Baby-Pram-Retro-Buggy-Set-Classic-Pushchair-3in1Travel-System-NEW-2022-FREEBIES-Black-black-frame-main-1.png\",\"width\":1600,\"height\":1600},{\"@type\":\"BreadcrumbList\",\"@id\":\"https:\\\/\\\/forbabyboss.com\\\/product\\\/new-baby-pram-retro-set-classic-pushchair-3in1-travel-system-black-greyframe\\\/#breadcrumb\",\"itemListElement\":[{\"@type\":\"ListItem\",\"position\":1,\"name\":\"Home\",\"item\":\"https:\\\/\\\/forbabyboss.com\\\/\"},{\"@type\":\"ListItem\",\"position\":2,\"name\":\"Shop\",\"item\":\"https:\\\/\\\/forbabyboss.com\\\/shop\\\/\"},{\"@type\":\"ListItem\",\"position\":3,\"name\":\"New Baby Pram Retro Set Classic Pushchair 3in1 Travel System Black Grey Frame\"}]},{\"@type\":\"WebSite\",\"@id\":\"https:\\\/\\\/powderblue-seahorse-496884.hostingersite.com\\\/#website\",\"url\":\"https:\\\/\\\/powderblue-seahorse-496884.hostingersite.com\\\/\",\"name\":\"For Baby Boss\",\"description\":\"Beautiful gifts and accessories for your baby boss\",\"potentialAction\":[{\"@type\":\"SearchAction\",\"target\":{\"@type\":\"EntryPoint\",\"urlTemplate\":\"https:\\\/\\\/powderblue-seahorse-496884.hostingersite.com\\\/?s={search_term_string}\"},\"query-input\":{\"@type\":\"PropertyValueSpecification\",\"valueRequired\":true,\"valueName\":\"search_term_string\"}}],\"inLanguage\":\"sv-SE\"}]}<\/script>\n<!-- \/ Yoast SEO plugin. -->","yoast_head_json":{"title":"Ny Babyvagn Retro Set Klassisk Sittvagn 3-i-1 Resesystem Svart Gr\u00e5 Ram - F\u00f6r Baby Boss","description":"Ny Babyvagn Retro Set Klassisk Sittvagn 3-i-1 Resesystem Svart Gr\u00e5 Ram","robots":{"index":"index","follow":"follow","max-snippet":"max-snippet:-1","max-image-preview":"max-image-preview:large","max-video-preview":"max-video-preview:-1"},"canonical":"https:\/\/forbabyboss.com\/sv\/produkt\/ny-babyvagn-retro-set-klassisk-sittvagn-3-i-1-resesystem-svart-gra-ram\/","og_locale":"sv_SE","og_type":"article","og_title":"New Baby Pram Retro Set Classic Pushchair 3in1 Travel System Black Grey Frame - For Baby Boss","og_description":"New Baby Pram Retro Set Classic Pushchair 3in1 Travel System Black Grey Frame","og_url":"https:\/\/forbabyboss.com\/sv\/produkt\/ny-babyvagn-retro-set-klassisk-sittvagn-3-i-1-resesystem-svart-gra-ram\/","og_site_name":"For Baby Boss","article_modified_time":"2026-02-18T17:48:14+00:00","og_image":[{"width":1600,"height":1600,"url":"https:\/\/forbabyboss.com\/wp-content\/uploads\/2022\/09\/Baby-Pram-Retro-Buggy-Set-Classic-Pushchair-3in1Travel-System-NEW-2022-FREEBIES-Black-black-frame-main-1.png","type":"image\/png"}],"twitter_card":"summary_large_image","twitter_misc":{"Ber\u00e4knad l\u00e4stid":"3 minuter"},"schema":{"@context":"https:\/\/schema.org","@graph":[{"@type":"WebPage","@id":"https:\/\/forbabyboss.com\/product\/new-baby-pram-retro-set-classic-pushchair-3in1-travel-system-black-greyframe\/","url":"https:\/\/forbabyboss.com\/product\/new-baby-pram-retro-set-classic-pushchair-3in1-travel-system-black-greyframe\/","name":"Ny Babyvagn Retro Set Klassisk Sittvagn 3-i-1 Resesystem Svart Gr\u00e5 Ram - F\u00f6r Baby Boss","isPartOf":{"@id":"https:\/\/powderblue-seahorse-496884.hostingersite.com\/#website"},"primaryImageOfPage":{"@id":"https:\/\/forbabyboss.com\/product\/new-baby-pram-retro-set-classic-pushchair-3in1-travel-system-black-greyframe\/#primaryimage"},"image":{"@id":"https:\/\/forbabyboss.com\/product\/new-baby-pram-retro-set-classic-pushchair-3in1-travel-system-black-greyframe\/#primaryimage"},"thumbnailUrl":"https:\/\/forbabyboss.com\/wp-content\/uploads\/2022\/09\/Baby-Pram-Retro-Buggy-Set-Classic-Pushchair-3in1Travel-System-NEW-2022-FREEBIES-Black-black-frame-main-1.png","datePublished":"2022-09-25T14:51:52+00:00","dateModified":"2026-02-18T17:48:14+00:00","description":"Ny Babyvagn Retro Set Klassisk Sittvagn 3-i-1 Resesystem Svart Gr\u00e5 Ram","breadcrumb":{"@id":"https:\/\/forbabyboss.com\/product\/new-baby-pram-retro-set-classic-pushchair-3in1-travel-system-black-greyframe\/#breadcrumb"},"inLanguage":"sv-SE","potentialAction":[{"@type":"ReadAction","target":["https:\/\/forbabyboss.com\/product\/new-baby-pram-retro-set-classic-pushchair-3in1-travel-system-black-greyframe\/"]}]},{"@type":"ImageObject","inLanguage":"sv-SE","@id":"https:\/\/forbabyboss.com\/product\/new-baby-pram-retro-set-classic-pushchair-3in1-travel-system-black-greyframe\/#primaryimage","url":"https:\/\/forbabyboss.com\/wp-content\/uploads\/2022\/09\/Baby-Pram-Retro-Buggy-Set-Classic-Pushchair-3in1Travel-System-NEW-2022-FREEBIES-Black-black-frame-main-1.png","contentUrl":"https:\/\/forbabyboss.com\/wp-content\/uploads\/2022\/09\/Baby-Pram-Retro-Buggy-Set-Classic-Pushchair-3in1Travel-System-NEW-2022-FREEBIES-Black-black-frame-main-1.png","width":1600,"height":1600},{"@type":"BreadcrumbList","@id":"https:\/\/forbabyboss.com\/product\/new-baby-pram-retro-set-classic-pushchair-3in1-travel-system-black-greyframe\/#breadcrumb","itemListElement":[{"@type":"ListItem","position":1,"name":"Home","item":"https:\/\/forbabyboss.com\/"},{"@type":"ListItem","position":2,"name":"Shop","item":"https:\/\/forbabyboss.com\/shop\/"},{"@type":"ListItem","position":3,"name":"New Baby Pram Retro Set Classic Pushchair 3in1 Travel System Black Grey Frame"}]},{"@type":"WebSite","@id":"https:\/\/powderblue-seahorse-496884.hostingersite.com\/#website","url":"https:\/\/powderblue-seahorse-496884.hostingersite.com\/","name":"F\u00f6r Baby Boss","description":"Vackra presenter och tillbeh\u00f6r till din babychef","potentialAction":[{"@type":"SearchAction","target":{"@type":"EntryPoint","urlTemplate":"https:\/\/powderblue-seahorse-496884.hostingersite.com\/?s={search_term_string}"},"query-input":{"@type":"PropertyValueSpecification","valueRequired":true,"valueName":"search_term_string"}}],"inLanguage":"sv-SE"}]}},"_links":{"self":[{"href":"https:\/\/forbabyboss.com\/sv\/wp-json\/wp\/v2\/product\/6092","targetHints":{"allow":["GET"]}}],"collection":[{"href":"https:\/\/forbabyboss.com\/sv\/wp-json\/wp\/v2\/product"}],"about":[{"href":"https:\/\/forbabyboss.com\/sv\/wp-json\/wp\/v2\/types\/product"}],"wp:featuredmedia":[{"embeddable":true,"href":"https:\/\/forbabyboss.com\/sv\/wp-json\/wp\/v2\/media\/6094"}],"wp:attachment":[{"href":"https:\/\/forbabyboss.com\/sv\/wp-json\/wp\/v2\/media?parent=6092"}],"wp:term":[{"taxonomy":"product_brand","embeddable":true,"href":"https:\/\/forbabyboss.com\/sv\/wp-json\/wp\/v2\/product_brand?post=6092"},{"taxonomy":"product_cat","embeddable":true,"href":"https:\/\/forbabyboss.com\/sv\/wp-json\/wp\/v2\/product_cat?post=6092"},{"taxonomy":"product_tag","embeddable":true,"href":"https:\/\/forbabyboss.com\/sv\/wp-json\/wp\/v2\/product_tag?post=6092"}],"curies":[{"name":"wp","href":"https:\/\/api.w.org\/{rel}","templated":true}]}}